{"id":1974,"date":"2022-07-03T13:35:45","date_gmt":"2022-07-03T13:35:45","guid":{"rendered":"https:\/\/gooddealersmeds.com\/fr\/?post_type=product&#038;p=1974"},"modified":"2023-01-04T19:36:28","modified_gmt":"2023-01-04T19:36:28","slug":"gamma-hydroxybutyrate-ghb-poudre","status":"publish","type":"product","link":"https:\/\/gooddealersmeds.com\/fr\/product\/gamma-hydroxybutyrate-ghb-poudre\/","title":{"rendered":"Acheter Poudre de Gamma Hydroxybutyrate (GHB)"},"content":{"rendered":"<h2><strong>Acheter de la poudre de gamma hydroxybutyrate (GHB) en ligne<\/strong><\/h2>\n<p>La poudre de gamma hydroxybutyrate (GHB) est un m\u00e9dicament qui agit comme un d\u00e9presseur sur le syst\u00e8me nerveux central, qui affecte le cerveau, c\u0153ur et d&#8217;autres organes. Il est utilis\u00e9 pour r\u00e9duire l&#8217;anxi\u00e9t\u00e9, induire le sommeil et am\u00e9liorer l&#8217;humeur. La poudre de GHB peut \u00eatre utilis\u00e9e en petites quantit\u00e9s pour traiter les cas d&#8217;insomnie l\u00e9g\u00e8re ou pr\u00e9venir la gueule de bois apr\u00e8s une forte consommation d&#8217;alcool.<\/p>\n<p>La poudre ou le liquide de GHB sont les deux formes du m\u00eame m\u00e9dicament, qui contient du gamma hydroxybutyrate (GHB). C&#8217;est une substance addictive qui provoque des effets similaires \u00e0 ceux de l&#8217;alcool sur votre corps et votre esprit lorsqu&#8217;elle est consomm\u00e9e \u00e0 fortes doses au fil du temps.<\/p>\n<p>&nbsp;<\/p>\n<p><strong>Pourquoi<\/strong> <strong>Acheter de la poudre de gamma hydroxybutyrate (GHB) en ligne\u00a0?<\/strong><\/p>\n<p>Acheter des m\u00e9dicaments comme la poudre de GHB en ligne nous a beaucoup facilit\u00e9 la vie. Il n&#8217;\u00e9tait pas facile d&#8217;acheter des m\u00e9dicaments comme celui-ci en ligne auparavant. Acheter de la poudre de GHB en ligne n&#8217;est plus qu&#8217;\u00e0 un bouton. Il vous suffit de cliquer sur un bouton et votre commande est pass\u00e9e.<\/p>\n<p>&nbsp;<\/p>\n<p><strong>Achetez la poudre de gamma hydroxybutyrate (GHB) maintenant.<\/strong><\/p>\n<p><a href=\"https:\/\/gooddealersmeds.com\/fr\/product\/gamma-hydroxybutyrate-ghb-powder\/\">La poudre de GHB<\/a> est disponible en ligne via plusieurs sources, y compris les pharmacies sp\u00e9cialis\u00e9es et les pharmacies en ligne . Le meilleur endroit pour acheter du GHB en ligne est Good Dealers Meds, qui offre de nombreuses options pour acheter cette drogue ill\u00e9gale populaire \u00e0 un prix abordable.<\/p>\n<p>&nbsp;<\/p>\n<p>En plus de la large gamme de Good Dealers Meds produits et des prix comp\u00e9titifs, les utilisateurs b\u00e9n\u00e9ficient \u00e9galement de l&#8217;\u00e9quipe de service client exceptionnelle de Good Dealers Meds, qui fournit une assistance exceptionnelle en cas de besoin.<\/p>\n","protected":false},"excerpt":{"rendered":"<p>Vous cherchez o\u00f9 acheter de la poudre de GHB\u00a0? alors nous pouvons vous fournir un produit de qualit\u00e9 exactement de haute puret\u00e9 \u00e0 un prix abordable.<\/p>\n","protected":false},"featured_media":1975,"comment_status":"open","ping_status":"closed","template":"","meta":{"inline_featured_image":false},"product_brand":[],"product_cat":[345],"product_tag":[521,517,518,519,520,522],"class_list":{"0":"post-1974","1":"product","2":"type-product","3":"status-publish","4":"has-post-thumbnail","6":"product_cat-drogues-psychdliques","7":"product_tag-acheter-ghb-poudre-en-ligne","8":"product_tag-acheter-ghb-poudre-en-ligne-usa","9":"product_tag-acheter-ghb-supplments","10":"product_tag-ghb-powder-buy-online","11":"product_tag-ghb-powder-for-sale-online","12":"product_tag-o-puis-je-obtenir-de-la-poudre-de-ghb","14":"first","15":"instock","16":"shipping-taxable","17":"purchasable","18":"product-type-variable","19":"has-default-attributes"},"yoast_head":"<!-- This site is optimized with the Yoast SEO Premium plugin v20.6 (Yoast SEO v27.3) - https:\/\/yoast.com\/product\/yoast-seo-premium-wordpress\/ -->\n<title>Acheter Poudre Gamma Hydroxybutyrate (GHB) | Good Dealers Meds<\/title>\n<meta name=\"description\" content=\"Vous cherchez o\u00f9 acheter de la poudre d&#039;hydroxybutyrate gamma ? Nous pouvons vous fournir un produit de qualit\u00e9 de haute puret\u00e9 \u00e0 un prix abordable.\" \/>\n<meta name=\"robots\" content=\"index, follow, max-snippet:-1, max-image-preview:large, max-video-preview:-1\" \/>\n<link rel=\"canonical\" href=\"https:\/\/gooddealersmeds.com\/fr\/product\/gamma-hydroxybutyrate-ghb-poudre\/\" \/>\n<meta property=\"og:locale\" content=\"en_US\" \/>\n<meta property=\"og:type\" content=\"article\" \/>\n<meta property=\"og:title\" content=\"Acheter Poudre de Gamma Hydroxybutyrate (GHB)\" \/>\n<meta property=\"og:description\" content=\"Vous cherchez o\u00f9 acheter de la poudre d&#039;hydroxybutyrate gamma ? Nous pouvons vous fournir un produit de qualit\u00e9 de haute puret\u00e9 \u00e0 un prix abordable.\" \/>\n<meta property=\"og:url\" content=\"https:\/\/gooddealersmeds.com\/fr\/product\/gamma-hydroxybutyrate-ghb-poudre\/\" \/>\n<meta property=\"og:site_name\" content=\"Good Dealers Meds\" \/>\n<meta property=\"article:modified_time\" content=\"2023-01-04T19:36:28+00:00\" \/>\n<meta property=\"og:image\" content=\"https:\/\/gooddealersmeds.com\/fr\/wp-content\/uploads\/sites\/5\/2022\/07\/Gamma-Hydroxybutyrate-Ghb-Powder.jpg\" \/>\n\t<meta property=\"og:image:width\" content=\"600\" \/>\n\t<meta property=\"og:image:height\" content=\"600\" \/>\n\t<meta property=\"og:image:type\" content=\"image\/jpeg\" \/>\n<meta name=\"twitter:card\" content=\"summary_large_image\" \/>\n<meta name=\"twitter:label1\" content=\"Est. reading time\" \/>\n\t<meta name=\"twitter:data1\" content=\"2 minutes\" \/>\n<script type=\"application\/ld+json\" class=\"yoast-schema-graph\">{\"@context\":\"https:\\\/\\\/schema.org\",\"@graph\":[{\"@type\":\"WebPage\",\"@id\":\"https:\\\/\\\/gooddealersmeds.com\\\/fr\\\/product\\\/gamma-hydroxybutyrate-ghb-poudre\\\/\",\"url\":\"https:\\\/\\\/gooddealersmeds.com\\\/fr\\\/product\\\/gamma-hydroxybutyrate-ghb-poudre\\\/\",\"name\":\"Acheter Poudre Gamma Hydroxybutyrate (GHB) | Good Dealers Meds\",\"isPartOf\":{\"@id\":\"https:\\\/\\\/gooddealersmeds.com\\\/fr\\\/#website\"},\"primaryImageOfPage\":{\"@id\":\"https:\\\/\\\/gooddealersmeds.com\\\/fr\\\/product\\\/gamma-hydroxybutyrate-ghb-poudre\\\/#primaryimage\"},\"image\":{\"@id\":\"https:\\\/\\\/gooddealersmeds.com\\\/fr\\\/product\\\/gamma-hydroxybutyrate-ghb-poudre\\\/#primaryimage\"},\"thumbnailUrl\":\"https:\\\/\\\/gooddealersmeds.com\\\/fr\\\/wp-content\\\/uploads\\\/sites\\\/5\\\/2022\\\/07\\\/Gamma-Hydroxybutyrate-Ghb-Powder.jpg\",\"datePublished\":\"2022-07-03T13:35:45+00:00\",\"dateModified\":\"2023-01-04T19:36:28+00:00\",\"description\":\"Vous cherchez o\u00f9 acheter de la poudre d'hydroxybutyrate gamma ? Nous pouvons vous fournir un produit de qualit\u00e9 de haute puret\u00e9 \u00e0 un prix abordable.\",\"breadcrumb\":{\"@id\":\"https:\\\/\\\/gooddealersmeds.com\\\/fr\\\/product\\\/gamma-hydroxybutyrate-ghb-poudre\\\/#breadcrumb\"},\"inLanguage\":\"en-US\",\"potentialAction\":[{\"@type\":\"ReadAction\",\"target\":[\"https:\\\/\\\/gooddealersmeds.com\\\/fr\\\/product\\\/gamma-hydroxybutyrate-ghb-poudre\\\/\"]}]},{\"@type\":\"ImageObject\",\"inLanguage\":\"en-US\",\"@id\":\"https:\\\/\\\/gooddealersmeds.com\\\/fr\\\/product\\\/gamma-hydroxybutyrate-ghb-poudre\\\/#primaryimage\",\"url\":\"https:\\\/\\\/gooddealersmeds.com\\\/fr\\\/wp-content\\\/uploads\\\/sites\\\/5\\\/2022\\\/07\\\/Gamma-Hydroxybutyrate-Ghb-Powder.jpg\",\"contentUrl\":\"https:\\\/\\\/gooddealersmeds.com\\\/fr\\\/wp-content\\\/uploads\\\/sites\\\/5\\\/2022\\\/07\\\/Gamma-Hydroxybutyrate-Ghb-Powder.jpg\",\"width\":600,\"height\":600,\"caption\":\"Buy Gamma Hydroxybutyrate Powder\"},{\"@type\":\"BreadcrumbList\",\"@id\":\"https:\\\/\\\/gooddealersmeds.com\\\/fr\\\/product\\\/gamma-hydroxybutyrate-ghb-poudre\\\/#breadcrumb\",\"itemListElement\":[{\"@type\":\"ListItem\",\"position\":1,\"name\":\"Home\",\"item\":\"https:\\\/\\\/gooddealersmeds.com\\\/fr\\\/\"},{\"@type\":\"ListItem\",\"position\":2,\"name\":\"Des produits\",\"item\":\"https:\\\/\\\/gooddealersmeds.com\\\/fr\\\/des-produits\\\/\"},{\"@type\":\"ListItem\",\"position\":3,\"name\":\"Acheter Poudre de Gamma Hydroxybutyrate (GHB)\"}]},{\"@type\":\"WebSite\",\"@id\":\"https:\\\/\\\/gooddealersmeds.com\\\/fr\\\/#website\",\"url\":\"https:\\\/\\\/gooddealersmeds.com\\\/fr\\\/\",\"name\":\"Good Dealers Meds\",\"description\":\"All our best\",\"publisher\":{\"@id\":\"https:\\\/\\\/gooddealersmeds.com\\\/fr\\\/#organization\"},\"potentialAction\":[{\"@type\":\"SearchAction\",\"target\":{\"@type\":\"EntryPoint\",\"urlTemplate\":\"https:\\\/\\\/gooddealersmeds.com\\\/fr\\\/?s={search_term_string}\"},\"query-input\":{\"@type\":\"PropertyValueSpecification\",\"valueRequired\":true,\"valueName\":\"search_term_string\"}}],\"inLanguage\":\"en-US\"},{\"@type\":\"Organization\",\"@id\":\"https:\\\/\\\/gooddealersmeds.com\\\/fr\\\/#organization\",\"name\":\"Good Dealers Meds\",\"url\":\"https:\\\/\\\/gooddealersmeds.com\\\/fr\\\/\",\"logo\":{\"@type\":\"ImageObject\",\"inLanguage\":\"en-US\",\"@id\":\"https:\\\/\\\/gooddealersmeds.com\\\/fr\\\/#\\\/schema\\\/logo\\\/image\\\/\",\"url\":\"https:\\\/\\\/gooddealersmeds.com\\\/fr\\\/wp-content\\\/uploads\\\/sites\\\/5\\\/2022\\\/03\\\/gooddealersmeds__logo__20220317T222800Z.00.png\",\"contentUrl\":\"https:\\\/\\\/gooddealersmeds.com\\\/fr\\\/wp-content\\\/uploads\\\/sites\\\/5\\\/2022\\\/03\\\/gooddealersmeds__logo__20220317T222800Z.00.png\",\"width\":500,\"height\":325,\"caption\":\"Good Dealers Meds\"},\"image\":{\"@id\":\"https:\\\/\\\/gooddealersmeds.com\\\/fr\\\/#\\\/schema\\\/logo\\\/image\\\/\"}}]}<\/script>\n<!-- \/ Yoast SEO Premium plugin. -->","yoast_head_json":{"title":"Acheter Poudre Gamma Hydroxybutyrate (GHB) | Good Dealers Meds","description":"Vous cherchez o\u00f9 acheter de la poudre d'hydroxybutyrate gamma ? Nous pouvons vous fournir un produit de qualit\u00e9 de haute puret\u00e9 \u00e0 un prix abordable.","robots":{"index":"index","follow":"follow","max-snippet":"max-snippet:-1","max-image-preview":"max-image-preview:large","max-video-preview":"max-video-preview:-1"},"canonical":"https:\/\/gooddealersmeds.com\/fr\/product\/gamma-hydroxybutyrate-ghb-poudre\/","og_locale":"en_US","og_type":"article","og_title":"Acheter Poudre de Gamma Hydroxybutyrate (GHB)","og_description":"Vous cherchez o\u00f9 acheter de la poudre d'hydroxybutyrate gamma ? Nous pouvons vous fournir un produit de qualit\u00e9 de haute puret\u00e9 \u00e0 un prix abordable.","og_url":"https:\/\/gooddealersmeds.com\/fr\/product\/gamma-hydroxybutyrate-ghb-poudre\/","og_site_name":"Good Dealers Meds","article_modified_time":"2023-01-04T19:36:28+00:00","og_image":[{"width":600,"height":600,"url":"https:\/\/gooddealersmeds.com\/fr\/wp-content\/uploads\/sites\/5\/2022\/07\/Gamma-Hydroxybutyrate-Ghb-Powder.jpg","type":"image\/jpeg"}],"twitter_card":"summary_large_image","twitter_misc":{"Est. reading time":"2 minutes"},"schema":{"@context":"https:\/\/schema.org","@graph":[{"@type":"WebPage","@id":"https:\/\/gooddealersmeds.com\/fr\/product\/gamma-hydroxybutyrate-ghb-poudre\/","url":"https:\/\/gooddealersmeds.com\/fr\/product\/gamma-hydroxybutyrate-ghb-poudre\/","name":"Acheter Poudre Gamma Hydroxybutyrate (GHB) | Good Dealers Meds","isPartOf":{"@id":"https:\/\/gooddealersmeds.com\/fr\/#website"},"primaryImageOfPage":{"@id":"https:\/\/gooddealersmeds.com\/fr\/product\/gamma-hydroxybutyrate-ghb-poudre\/#primaryimage"},"image":{"@id":"https:\/\/gooddealersmeds.com\/fr\/product\/gamma-hydroxybutyrate-ghb-poudre\/#primaryimage"},"thumbnailUrl":"https:\/\/gooddealersmeds.com\/fr\/wp-content\/uploads\/sites\/5\/2022\/07\/Gamma-Hydroxybutyrate-Ghb-Powder.jpg","datePublished":"2022-07-03T13:35:45+00:00","dateModified":"2023-01-04T19:36:28+00:00","description":"Vous cherchez o\u00f9 acheter de la poudre d'hydroxybutyrate gamma ? Nous pouvons vous fournir un produit de qualit\u00e9 de haute puret\u00e9 \u00e0 un prix abordable.","breadcrumb":{"@id":"https:\/\/gooddealersmeds.com\/fr\/product\/gamma-hydroxybutyrate-ghb-poudre\/#breadcrumb"},"inLanguage":"en-US","potentialAction":[{"@type":"ReadAction","target":["https:\/\/gooddealersmeds.com\/fr\/product\/gamma-hydroxybutyrate-ghb-poudre\/"]}]},{"@type":"ImageObject","inLanguage":"en-US","@id":"https:\/\/gooddealersmeds.com\/fr\/product\/gamma-hydroxybutyrate-ghb-poudre\/#primaryimage","url":"https:\/\/gooddealersmeds.com\/fr\/wp-content\/uploads\/sites\/5\/2022\/07\/Gamma-Hydroxybutyrate-Ghb-Powder.jpg","contentUrl":"https:\/\/gooddealersmeds.com\/fr\/wp-content\/uploads\/sites\/5\/2022\/07\/Gamma-Hydroxybutyrate-Ghb-Powder.jpg","width":600,"height":600,"caption":"Buy Gamma Hydroxybutyrate Powder"},{"@type":"BreadcrumbList","@id":"https:\/\/gooddealersmeds.com\/fr\/product\/gamma-hydroxybutyrate-ghb-poudre\/#breadcrumb","itemListElement":[{"@type":"ListItem","position":1,"name":"Home","item":"https:\/\/gooddealersmeds.com\/fr\/"},{"@type":"ListItem","position":2,"name":"Des produits","item":"https:\/\/gooddealersmeds.com\/fr\/des-produits\/"},{"@type":"ListItem","position":3,"name":"Acheter Poudre de Gamma Hydroxybutyrate (GHB)"}]},{"@type":"WebSite","@id":"https:\/\/gooddealersmeds.com\/fr\/#website","url":"https:\/\/gooddealersmeds.com\/fr\/","name":"Good Dealers Meds","description":"All our best","publisher":{"@id":"https:\/\/gooddealersmeds.com\/fr\/#organization"},"potentialAction":[{"@type":"SearchAction","target":{"@type":"EntryPoint","urlTemplate":"https:\/\/gooddealersmeds.com\/fr\/?s={search_term_string}"},"query-input":{"@type":"PropertyValueSpecification","valueRequired":true,"valueName":"search_term_string"}}],"inLanguage":"en-US"},{"@type":"Organization","@id":"https:\/\/gooddealersmeds.com\/fr\/#organization","name":"Good Dealers Meds","url":"https:\/\/gooddealersmeds.com\/fr\/","logo":{"@type":"ImageObject","inLanguage":"en-US","@id":"https:\/\/gooddealersmeds.com\/fr\/#\/schema\/logo\/image\/","url":"https:\/\/gooddealersmeds.com\/fr\/wp-content\/uploads\/sites\/5\/2022\/03\/gooddealersmeds__logo__20220317T222800Z.00.png","contentUrl":"https:\/\/gooddealersmeds.com\/fr\/wp-content\/uploads\/sites\/5\/2022\/03\/gooddealersmeds__logo__20220317T222800Z.00.png","width":500,"height":325,"caption":"Good Dealers Meds"},"image":{"@id":"https:\/\/gooddealersmeds.com\/fr\/#\/schema\/logo\/image\/"}}]}},"_links":{"self":[{"href":"https:\/\/gooddealersmeds.com\/fr\/wp-json\/wp\/v2\/product\/1974","targetHints":{"allow":["GET"]}}],"collection":[{"href":"https:\/\/gooddealersmeds.com\/fr\/wp-json\/wp\/v2\/product"}],"about":[{"href":"https:\/\/gooddealersmeds.com\/fr\/wp-json\/wp\/v2\/types\/product"}],"replies":[{"embeddable":true,"href":"https:\/\/gooddealersmeds.com\/fr\/wp-json\/wp\/v2\/comments?post=1974"}],"wp:featuredmedia":[{"embeddable":true,"href":"https:\/\/gooddealersmeds.com\/fr\/wp-json\/wp\/v2\/media\/1975"}],"wp:attachment":[{"href":"https:\/\/gooddealersmeds.com\/fr\/wp-json\/wp\/v2\/media?parent=1974"}],"wp:term":[{"taxonomy":"product_brand","embeddable":true,"href":"https:\/\/gooddealersmeds.com\/fr\/wp-json\/wp\/v2\/product_brand?post=1974"},{"taxonomy":"product_cat","embeddable":true,"href":"https:\/\/gooddealersmeds.com\/fr\/wp-json\/wp\/v2\/product_cat?post=1974"},{"taxonomy":"product_tag","embeddable":true,"href":"https:\/\/gooddealersmeds.com\/fr\/wp-json\/wp\/v2\/product_tag?post=1974"}],"curies":[{"name":"wp","href":"https:\/\/api.w.org\/{rel}","templated":true}]}}