{"id":1967,"date":"2022-07-03T13:18:30","date_gmt":"2022-07-03T13:18:30","guid":{"rendered":"https:\/\/gooddealersmeds.com\/fr\/?post_type=product&#038;p=1967"},"modified":"2023-01-04T19:44:26","modified_gmt":"2023-01-04T19:44:26","slug":"acheter-nembutal-poudre","status":"publish","type":"product","link":"https:\/\/gooddealersmeds.com\/fr\/product\/acheter-nembutal-poudre\/","title":{"rendered":"Acheter de la poudre de Nembutal Purity"},"content":{"rendered":"<h2>Commandez de la poudre de Nembutal chez nous aux meilleurs prix<\/h2>\n<p>Poudre de Nembutal \u00e0 vendre dans notre boutique en ligne. Si vous \u00eates pr\u00eat \u00e0 acheter de la poudre de Nembutal en ligne aupr\u00e8s des meilleurs fournisseurs de poudre de Nembutal, alors notre pharmacie est le bon endroit pour l&#8217;accomplir. Connectez-vous avec nous aujourd&#8217;hui et r\u00e9pondez \u00e0 vos besoins sous peu. Votre m\u00e9dicament vous parviendra \u00e0 l&#8217;endroit de votre choix. Commandez d\u00e8s maintenant pour acheter de la poudre de <a href=\"https:\/\/gooddealersmeds.com\/fr\/product\/acheter-nembutal-poudre\/\">Nembutal en ligne<\/a> au meilleur prix !<\/p>\n<p>Vous avez du mal \u00e0 dormir la nuit ? Vous sentez-vous fatigu\u00e9 apr\u00e8s vous \u00eatre r\u00e9veill\u00e9 le matin ? La privation de sommeil peut perturber votre routine quotidienne. Cela vous rend non seulement moins productif, mais cela peut \u00e9galement entra\u00eener de graves cons\u00e9quences telles que l&#8217;ob\u00e9sit\u00e9, un syst\u00e8me immunitaire affaibli et des probl\u00e8mes cardiaques. L&#8217;un des d\u00e9fis les plus difficiles auxquels nous sommes confront\u00e9s est de changer notre mode de vie. Vous voudrez peut-\u00eatre le faire, mais en raison de longues heures de travail et d&#8217;autres obligations, vous revenez sans cesse \u00e0 la case d\u00e9part. Poudre de Nembutal \u00e0 vendre<\/p>\n<p><strong>Quel est le bon endroit pour acheter de la poudre de Nembutal ?<\/strong><\/p>\n<p>La poudre de Nembutal est bien connue pour induire le sommeil chez les patients souffrant de probl\u00e8mes de sommeil tels que l&#8217;insomnie ou la difficult\u00e9. en train de dormir. Dans de nombreux cas, il est \u00e9galement utilis\u00e9 comme s\u00e9datif anti-nervosit\u00e9. Si vous avez les m\u00eames objectifs en t\u00eate, c&#8217;est une sage d\u00e9cision d&#8217;acheter de la poudre de Nembutal en ligne dans notre pharmacie en ligne.<\/p>\n<p>La qualit\u00e9 des m\u00e9dicaments joue un r\u00f4le essentiel dans la d\u00e9termination du type d&#8217;effet qu&#8217;ils auront sur votre corps. il faut s&#8217;abstenir d&#8217;acheter des m\u00e9dicaments qui n&#8217;ont pas \u00e9t\u00e9 approuv\u00e9s pour la consommation humaine.<\/p>\n<p><strong>Contactez-nous maintenant pour passer votre commande de Nembutal<\/strong><\/p>\n<p>Lorsque vous commandez de la poudre de nembutal sur notre boutique en ligne, vous pouvez \u00eatre assur\u00e9 de sa qualit\u00e9. Nous op\u00e9rons de mani\u00e8re durable pour garantir des r\u00e9sultats optimaux de nos produits. Nous proposons du Nembutal de haute qualit\u00e9 \u00e0 99,8% de puret\u00e9 aux meilleurs prix comp\u00e9titifs. Nous avons b\u00e2ti notre superbe<br \/>\nr\u00e9putation en offrant \u00e0 nos clients un Nembutal d&#8217;excellente qualit\u00e9\/haute puret\u00e9 avec une livraison discr\u00e8te et un service client amical. Nous fournissons une excellente puret\u00e9, un paiement s\u00e9curis\u00e9, une livraison tr\u00e8s discr\u00e8te, rapide et efficace.<\/p>\n","protected":false},"excerpt":{"rendered":"<p>Nous fournissons tous les produits d\u00e9crits ci-dessus \u00e0 des tarifs tr\u00e8s abordables et nous livrons partout dans le monde. Nous sommes donc fiers que nos services d&#8217;exp\u00e9dition soient garantis et s\u00fbrs \u00e0 100 %. Nos Produits sont bien s\u00e9curis\u00e9s pour \u00e9viter toute interception. Nos principaux produits sont\u00a0: &#8211;\u00a0la poudre de Nembutal, le kit de test de barbiturique, les pilules de Nembutal, le liquide oral et tous pr\u00e9sent\u00e9s dans notre boutique en ligne.<\/p>\n","protected":false},"featured_media":1968,"comment_status":"open","ping_status":"closed","template":"","meta":{"inline_featured_image":false},"product_brand":[],"product_cat":[343],"product_tag":[],"class_list":{"0":"post-1967","1":"product","2":"type-product","3":"status-publish","4":"has-post-thumbnail","6":"product_cat-les-autres","8":"first","9":"instock","10":"shipping-taxable","11":"purchasable","12":"product-type-variable","13":"has-default-attributes"},"yoast_head":"<!-- This site is optimized with the Yoast SEO Premium plugin v20.6 (Yoast SEO v27.3) - https:\/\/yoast.com\/product\/yoast-seo-premium-wordpress\/ -->\n<title>Poudre de Nembutal \u00e0 vendre | Acheter dose de nembutal<\/title>\n<meta name=\"description\" content=\"Poudre de Nembutal \u00e0 vendre (Pentobarbital) et faites-la livrer \u00e0 votre domicile. Nous le livrons dans n&#039;importe quel endroit\/pays du monde.\" \/>\n<meta name=\"robots\" content=\"index, follow, max-snippet:-1, max-image-preview:large, max-video-preview:-1\" \/>\n<link rel=\"canonical\" href=\"https:\/\/gooddealersmeds.com\/fr\/product\/acheter-nembutal-poudre\/\" \/>\n<meta property=\"og:locale\" content=\"en_US\" \/>\n<meta property=\"og:type\" content=\"article\" \/>\n<meta property=\"og:title\" content=\"Acheter de la poudre de Nembutal Purity\" \/>\n<meta property=\"og:description\" content=\"Poudre de Nembutal \u00e0 vendre (Pentobarbital) et faites-la livrer \u00e0 votre domicile. Nous le livrons dans n&#039;importe quel endroit\/pays du monde.\" \/>\n<meta property=\"og:url\" content=\"https:\/\/gooddealersmeds.com\/fr\/product\/acheter-nembutal-poudre\/\" \/>\n<meta property=\"og:site_name\" content=\"Good Dealers Meds\" \/>\n<meta property=\"article:modified_time\" content=\"2023-01-04T19:44:26+00:00\" \/>\n<meta property=\"og:image\" content=\"https:\/\/gooddealersmeds.com\/fr\/wp-content\/uploads\/sites\/5\/2022\/07\/nembutal-powder.jpg\" \/>\n\t<meta property=\"og:image:width\" content=\"600\" \/>\n\t<meta property=\"og:image:height\" content=\"450\" \/>\n\t<meta property=\"og:image:type\" content=\"image\/jpeg\" \/>\n<meta name=\"twitter:card\" content=\"summary_large_image\" \/>\n<meta name=\"twitter:label1\" content=\"Est. reading time\" \/>\n\t<meta name=\"twitter:data1\" content=\"2 minutes\" \/>\n<script type=\"application\/ld+json\" class=\"yoast-schema-graph\">{\"@context\":\"https:\\\/\\\/schema.org\",\"@graph\":[{\"@type\":\"WebPage\",\"@id\":\"https:\\\/\\\/gooddealersmeds.com\\\/fr\\\/product\\\/acheter-nembutal-poudre\\\/\",\"url\":\"https:\\\/\\\/gooddealersmeds.com\\\/fr\\\/product\\\/acheter-nembutal-poudre\\\/\",\"name\":\"Poudre de Nembutal \u00e0 vendre | Acheter dose de nembutal\",\"isPartOf\":{\"@id\":\"https:\\\/\\\/gooddealersmeds.com\\\/fr\\\/#website\"},\"primaryImageOfPage\":{\"@id\":\"https:\\\/\\\/gooddealersmeds.com\\\/fr\\\/product\\\/acheter-nembutal-poudre\\\/#primaryimage\"},\"image\":{\"@id\":\"https:\\\/\\\/gooddealersmeds.com\\\/fr\\\/product\\\/acheter-nembutal-poudre\\\/#primaryimage\"},\"thumbnailUrl\":\"https:\\\/\\\/gooddealersmeds.com\\\/fr\\\/wp-content\\\/uploads\\\/sites\\\/5\\\/2022\\\/07\\\/nembutal-powder.jpg\",\"datePublished\":\"2022-07-03T13:18:30+00:00\",\"dateModified\":\"2023-01-04T19:44:26+00:00\",\"description\":\"Poudre de Nembutal \u00e0 vendre (Pentobarbital) et faites-la livrer \u00e0 votre domicile. Nous le livrons dans n'importe quel endroit\\\/pays du monde.\",\"breadcrumb\":{\"@id\":\"https:\\\/\\\/gooddealersmeds.com\\\/fr\\\/product\\\/acheter-nembutal-poudre\\\/#breadcrumb\"},\"inLanguage\":\"en-US\",\"potentialAction\":[{\"@type\":\"ReadAction\",\"target\":[\"https:\\\/\\\/gooddealersmeds.com\\\/fr\\\/product\\\/acheter-nembutal-poudre\\\/\"]}]},{\"@type\":\"ImageObject\",\"inLanguage\":\"en-US\",\"@id\":\"https:\\\/\\\/gooddealersmeds.com\\\/fr\\\/product\\\/acheter-nembutal-poudre\\\/#primaryimage\",\"url\":\"https:\\\/\\\/gooddealersmeds.com\\\/fr\\\/wp-content\\\/uploads\\\/sites\\\/5\\\/2022\\\/07\\\/nembutal-powder.jpg\",\"contentUrl\":\"https:\\\/\\\/gooddealersmeds.com\\\/fr\\\/wp-content\\\/uploads\\\/sites\\\/5\\\/2022\\\/07\\\/nembutal-powder.jpg\",\"width\":600,\"height\":450,\"caption\":\"Nembutal Powder Online\"},{\"@type\":\"BreadcrumbList\",\"@id\":\"https:\\\/\\\/gooddealersmeds.com\\\/fr\\\/product\\\/acheter-nembutal-poudre\\\/#breadcrumb\",\"itemListElement\":[{\"@type\":\"ListItem\",\"position\":1,\"name\":\"Home\",\"item\":\"https:\\\/\\\/gooddealersmeds.com\\\/fr\\\/\"},{\"@type\":\"ListItem\",\"position\":2,\"name\":\"Des produits\",\"item\":\"https:\\\/\\\/gooddealersmeds.com\\\/fr\\\/des-produits\\\/\"},{\"@type\":\"ListItem\",\"position\":3,\"name\":\"Acheter de la poudre de Nembutal Purity\"}]},{\"@type\":\"WebSite\",\"@id\":\"https:\\\/\\\/gooddealersmeds.com\\\/fr\\\/#website\",\"url\":\"https:\\\/\\\/gooddealersmeds.com\\\/fr\\\/\",\"name\":\"Good Dealers Meds\",\"description\":\"All our best\",\"publisher\":{\"@id\":\"https:\\\/\\\/gooddealersmeds.com\\\/fr\\\/#organization\"},\"potentialAction\":[{\"@type\":\"SearchAction\",\"target\":{\"@type\":\"EntryPoint\",\"urlTemplate\":\"https:\\\/\\\/gooddealersmeds.com\\\/fr\\\/?s={search_term_string}\"},\"query-input\":{\"@type\":\"PropertyValueSpecification\",\"valueRequired\":true,\"valueName\":\"search_term_string\"}}],\"inLanguage\":\"en-US\"},{\"@type\":\"Organization\",\"@id\":\"https:\\\/\\\/gooddealersmeds.com\\\/fr\\\/#organization\",\"name\":\"Good Dealers Meds\",\"url\":\"https:\\\/\\\/gooddealersmeds.com\\\/fr\\\/\",\"logo\":{\"@type\":\"ImageObject\",\"inLanguage\":\"en-US\",\"@id\":\"https:\\\/\\\/gooddealersmeds.com\\\/fr\\\/#\\\/schema\\\/logo\\\/image\\\/\",\"url\":\"https:\\\/\\\/gooddealersmeds.com\\\/fr\\\/wp-content\\\/uploads\\\/sites\\\/5\\\/2022\\\/03\\\/gooddealersmeds__logo__20220317T222800Z.00.png\",\"contentUrl\":\"https:\\\/\\\/gooddealersmeds.com\\\/fr\\\/wp-content\\\/uploads\\\/sites\\\/5\\\/2022\\\/03\\\/gooddealersmeds__logo__20220317T222800Z.00.png\",\"width\":500,\"height\":325,\"caption\":\"Good Dealers Meds\"},\"image\":{\"@id\":\"https:\\\/\\\/gooddealersmeds.com\\\/fr\\\/#\\\/schema\\\/logo\\\/image\\\/\"}}]}<\/script>\n<!-- \/ Yoast SEO Premium plugin. -->","yoast_head_json":{"title":"Poudre de Nembutal \u00e0 vendre | Acheter dose de nembutal","description":"Poudre de Nembutal \u00e0 vendre (Pentobarbital) et faites-la livrer \u00e0 votre domicile. Nous le livrons dans n'importe quel endroit\/pays du monde.","robots":{"index":"index","follow":"follow","max-snippet":"max-snippet:-1","max-image-preview":"max-image-preview:large","max-video-preview":"max-video-preview:-1"},"canonical":"https:\/\/gooddealersmeds.com\/fr\/product\/acheter-nembutal-poudre\/","og_locale":"en_US","og_type":"article","og_title":"Acheter de la poudre de Nembutal Purity","og_description":"Poudre de Nembutal \u00e0 vendre (Pentobarbital) et faites-la livrer \u00e0 votre domicile. Nous le livrons dans n'importe quel endroit\/pays du monde.","og_url":"https:\/\/gooddealersmeds.com\/fr\/product\/acheter-nembutal-poudre\/","og_site_name":"Good Dealers Meds","article_modified_time":"2023-01-04T19:44:26+00:00","og_image":[{"width":600,"height":450,"url":"https:\/\/gooddealersmeds.com\/fr\/wp-content\/uploads\/sites\/5\/2022\/07\/nembutal-powder.jpg","type":"image\/jpeg"}],"twitter_card":"summary_large_image","twitter_misc":{"Est. reading time":"2 minutes"},"schema":{"@context":"https:\/\/schema.org","@graph":[{"@type":"WebPage","@id":"https:\/\/gooddealersmeds.com\/fr\/product\/acheter-nembutal-poudre\/","url":"https:\/\/gooddealersmeds.com\/fr\/product\/acheter-nembutal-poudre\/","name":"Poudre de Nembutal \u00e0 vendre | Acheter dose de nembutal","isPartOf":{"@id":"https:\/\/gooddealersmeds.com\/fr\/#website"},"primaryImageOfPage":{"@id":"https:\/\/gooddealersmeds.com\/fr\/product\/acheter-nembutal-poudre\/#primaryimage"},"image":{"@id":"https:\/\/gooddealersmeds.com\/fr\/product\/acheter-nembutal-poudre\/#primaryimage"},"thumbnailUrl":"https:\/\/gooddealersmeds.com\/fr\/wp-content\/uploads\/sites\/5\/2022\/07\/nembutal-powder.jpg","datePublished":"2022-07-03T13:18:30+00:00","dateModified":"2023-01-04T19:44:26+00:00","description":"Poudre de Nembutal \u00e0 vendre (Pentobarbital) et faites-la livrer \u00e0 votre domicile. Nous le livrons dans n'importe quel endroit\/pays du monde.","breadcrumb":{"@id":"https:\/\/gooddealersmeds.com\/fr\/product\/acheter-nembutal-poudre\/#breadcrumb"},"inLanguage":"en-US","potentialAction":[{"@type":"ReadAction","target":["https:\/\/gooddealersmeds.com\/fr\/product\/acheter-nembutal-poudre\/"]}]},{"@type":"ImageObject","inLanguage":"en-US","@id":"https:\/\/gooddealersmeds.com\/fr\/product\/acheter-nembutal-poudre\/#primaryimage","url":"https:\/\/gooddealersmeds.com\/fr\/wp-content\/uploads\/sites\/5\/2022\/07\/nembutal-powder.jpg","contentUrl":"https:\/\/gooddealersmeds.com\/fr\/wp-content\/uploads\/sites\/5\/2022\/07\/nembutal-powder.jpg","width":600,"height":450,"caption":"Nembutal Powder Online"},{"@type":"BreadcrumbList","@id":"https:\/\/gooddealersmeds.com\/fr\/product\/acheter-nembutal-poudre\/#breadcrumb","itemListElement":[{"@type":"ListItem","position":1,"name":"Home","item":"https:\/\/gooddealersmeds.com\/fr\/"},{"@type":"ListItem","position":2,"name":"Des produits","item":"https:\/\/gooddealersmeds.com\/fr\/des-produits\/"},{"@type":"ListItem","position":3,"name":"Acheter de la poudre de Nembutal Purity"}]},{"@type":"WebSite","@id":"https:\/\/gooddealersmeds.com\/fr\/#website","url":"https:\/\/gooddealersmeds.com\/fr\/","name":"Good Dealers Meds","description":"All our best","publisher":{"@id":"https:\/\/gooddealersmeds.com\/fr\/#organization"},"potentialAction":[{"@type":"SearchAction","target":{"@type":"EntryPoint","urlTemplate":"https:\/\/gooddealersmeds.com\/fr\/?s={search_term_string}"},"query-input":{"@type":"PropertyValueSpecification","valueRequired":true,"valueName":"search_term_string"}}],"inLanguage":"en-US"},{"@type":"Organization","@id":"https:\/\/gooddealersmeds.com\/fr\/#organization","name":"Good Dealers Meds","url":"https:\/\/gooddealersmeds.com\/fr\/","logo":{"@type":"ImageObject","inLanguage":"en-US","@id":"https:\/\/gooddealersmeds.com\/fr\/#\/schema\/logo\/image\/","url":"https:\/\/gooddealersmeds.com\/fr\/wp-content\/uploads\/sites\/5\/2022\/03\/gooddealersmeds__logo__20220317T222800Z.00.png","contentUrl":"https:\/\/gooddealersmeds.com\/fr\/wp-content\/uploads\/sites\/5\/2022\/03\/gooddealersmeds__logo__20220317T222800Z.00.png","width":500,"height":325,"caption":"Good Dealers Meds"},"image":{"@id":"https:\/\/gooddealersmeds.com\/fr\/#\/schema\/logo\/image\/"}}]}},"_links":{"self":[{"href":"https:\/\/gooddealersmeds.com\/fr\/wp-json\/wp\/v2\/product\/1967","targetHints":{"allow":["GET"]}}],"collection":[{"href":"https:\/\/gooddealersmeds.com\/fr\/wp-json\/wp\/v2\/product"}],"about":[{"href":"https:\/\/gooddealersmeds.com\/fr\/wp-json\/wp\/v2\/types\/product"}],"replies":[{"embeddable":true,"href":"https:\/\/gooddealersmeds.com\/fr\/wp-json\/wp\/v2\/comments?post=1967"}],"wp:featuredmedia":[{"embeddable":true,"href":"https:\/\/gooddealersmeds.com\/fr\/wp-json\/wp\/v2\/media\/1968"}],"wp:attachment":[{"href":"https:\/\/gooddealersmeds.com\/fr\/wp-json\/wp\/v2\/media?parent=1967"}],"wp:term":[{"taxonomy":"product_brand","embeddable":true,"href":"https:\/\/gooddealersmeds.com\/fr\/wp-json\/wp\/v2\/product_brand?post=1967"},{"taxonomy":"product_cat","embeddable":true,"href":"https:\/\/gooddealersmeds.com\/fr\/wp-json\/wp\/v2\/product_cat?post=1967"},{"taxonomy":"product_tag","embeddable":true,"href":"https:\/\/gooddealersmeds.com\/fr\/wp-json\/wp\/v2\/product_tag?post=1967"}],"curies":[{"name":"wp","href":"https:\/\/api.w.org\/{rel}","templated":true}]}}