{"id":1965,"date":"2022-07-03T13:10:22","date_gmt":"2022-07-03T13:10:22","guid":{"rendered":"https:\/\/gooddealersmeds.com\/fr\/?post_type=product&#038;p=1965"},"modified":"2023-01-04T19:52:37","modified_gmt":"2023-01-04T19:52:37","slug":"acheter-concerta-en-ligne","status":"publish","type":"product","link":"https:\/\/gooddealersmeds.com\/fr\/product\/acheter-concerta-en-ligne\/","title":{"rendered":"Acheter Concerta en ligne"},"content":{"rendered":"<h2>Concerta en vente en ligne<\/h2>\n<p>Acheter Concerta en ligne, Concerta est un m\u00e9dicament qui aide \u00e0 traiter le trouble d\u00e9ficitaire de l&#8217;attention (TDA) chez les adultes. Il contient du m\u00e9thylph\u00e9nidate, con\u00e7u pour aider les gens \u00e0 se concentrer et \u00e0 se concentrer davantage. Concerta traite ADD chez les adultes qui ne r\u00e9pondent pas bien aux autres traitements. Il peut \u00e9galement \u00eatre utilis\u00e9 comme traitement de la narcolepsie chez les adultes souffrant de somnolence diurne excessive.<\/p>\n<p>Le m\u00e9dicament se pr\u00e9sente sous forme de comprim\u00e9s et se prend une fois par jour, avec ou sans nourriture. Ne le m\u00e9langez pas avec de l&#8217;alcool ou d&#8217;autres drogues. C&#8217;est un m\u00e9dicament \u00e0 action prolong\u00e9e qui dure 12 heures apr\u00e8s l&#8217;avoir pris, il peut donc vous aider \u00e0 rester concentr\u00e9 et alerte tout au long de la journ\u00e9e.<\/p>\n<p>Il a \u00e9galement un faible potentiel d&#8217;abus, ce qui signifie qu&#8217;il est peu probable qu&#8217;il produire des effets secondaires comme l&#8217;hypertension art\u00e9rielle ou des probl\u00e8mes cardiaques. Concerta agit en augmentant les niveaux de dopamine dans votre cerveau, ce qui aide \u00e0 am\u00e9liorer la concentration, l&#8217;attention et le contr\u00f4le des impulsions.<\/p>\n<p>En un mot, Concerta a \u00e9t\u00e9 prescrit aux personnes qui ont du mal \u00e0 se concentrer et \u00e0 pr\u00eater attention. Il aide \u00e9galement \u00e0 contr\u00f4ler l&#8217;hyperactivit\u00e9, comme s&#8217;agiter ou bouger trop lorsque vous n&#8217;\u00eates pas cens\u00e9 le faire.<\/p>\n<p>N&#8217;utilisez pas ce m\u00e9dicament si vous \u00eates enceinte ou si vous allaitez en raison du risque de handicap cong\u00e9nital ou de sympt\u00f4mes de sevrage si vous arr\u00eatez de prendre le m\u00e9dicament soudainement apr\u00e8s une utilisation \u00e0 long terme (plus de deux semaines).<\/p>\n<p><strong>\u00a0<\/strong><\/p>\n<p><strong>Pourquoi commander Concerta en ligne\u00a0?<\/strong><\/p>\n<p>L&#8217;achat de Concerta en ligne pr\u00e9sente de nombreux avantages. Supposons que vous n&#8217;aurez pas besoin de montrer d&#8217;ordonnance \u00e0 votre vendeur pour <a href=\"https:\/\/gooddealersmeds.com\/fr\/product\/buy-concerta-online\/\">acheter Concerta<\/a> en ligne. Si seulement vous avez 21 ans et plus, vous \u00eates pr\u00eat \u00e0 partir. En outre, vous pouvez commander le produit souhait\u00e9 sans aucune autre limitation. Cela aussi, sans bouger le cul ni faire de travail acharn\u00e9.<\/p>\n<p><strong>\u00a0<\/strong><\/p>\n<p><strong>Quel est le meilleur endroit pour acheter Concerta en ligne\u00a0?<\/strong><\/p>\n<p>La poudre de concerta peut \u00eatre achet\u00e9e en ligne. Le meilleur endroit pour acheter du m\u00e9thylph\u00e9nidate en ligne est aupr\u00e8s d&#8217;une entreprise fiable telle que GoodDealersMeds, car nous sommes en affaires depuis plus de 10 ans et avons fait nos preuves. Nous avons de nombreux produits, dont le m\u00e9thylph\u00e9nidate, mais notre objectif principal est de fournir un service de haute qualit\u00e9 et la satisfaction de nos clients.<\/p>\n","protected":false},"excerpt":{"rendered":"<p>Acheter Concerta en ligne est utilis\u00e9 pour traiter le trouble d&#8217;hyperactivit\u00e9 avec d\u00e9ficit de l&#8217;attention &#8211; TDAH. Il agit en modifiant les quantit\u00e9s de certaines substances naturelles dans le cerveau. Le m\u00e9thylph\u00e9nidate appartient \u00e0 une classe de m\u00e9dicaments appel\u00e9s stimulants. Cela peut aider \u00e0 augmenter votre capacit\u00e9 \u00e0 \u00eatre attentif, \u00e0 rester concentr\u00e9 sur une activit\u00e9 et \u00e0 contr\u00f4ler les probl\u00e8mes de comportement. Cela peut \u00e9galement vous aider \u00e0 organiser vos t\u00e2ches et \u00e0 am\u00e9liorer vos capacit\u00e9s d&#8217;\u00e9coute.<\/p>\n","protected":false},"featured_media":1966,"comment_status":"open","ping_status":"closed","template":"","meta":{"inline_featured_image":false},"product_brand":[],"product_cat":[346],"product_tag":[],"class_list":{"0":"post-1965","1":"product","2":"type-product","3":"status-publish","4":"has-post-thumbnail","6":"product_cat-stimulants","8":"first","9":"instock","10":"shipping-taxable","11":"purchasable","12":"product-type-simple"},"yoast_head":"<!-- This site is optimized with the Yoast SEO Premium plugin v20.6 (Yoast SEO v27.4) - https:\/\/yoast.com\/product\/yoast-seo-premium-wordpress\/ -->\n<title>Acheter Concerta en ligne | Concerta \u00e0 vendre | commander Concerta<\/title>\n<meta name=\"description\" content=\"Acheter Concerta en ligne\u00a0; utilis\u00e9 pour traiter le trouble d\u00e9ficitaire de l&#039;attention avec hyperactivit\u00e9. Il agit en modifiant les substances naturelles dans le cerveau.\" \/>\n<meta name=\"robots\" content=\"index, follow, max-snippet:-1, max-image-preview:large, max-video-preview:-1\" \/>\n<link rel=\"canonical\" href=\"https:\/\/gooddealersmeds.com\/fr\/product\/acheter-concerta-en-ligne\/\" \/>\n<meta property=\"og:locale\" content=\"en_US\" \/>\n<meta property=\"og:type\" content=\"article\" \/>\n<meta property=\"og:title\" content=\"Acheter Concerta en ligne\" \/>\n<meta property=\"og:description\" content=\"Acheter Concerta en ligne\u00a0; utilis\u00e9 pour traiter le trouble d\u00e9ficitaire de l&#039;attention avec hyperactivit\u00e9. Il agit en modifiant les substances naturelles dans le cerveau.\" \/>\n<meta property=\"og:url\" content=\"https:\/\/gooddealersmeds.com\/fr\/product\/acheter-concerta-en-ligne\/\" \/>\n<meta property=\"og:site_name\" content=\"Good Dealers Meds\" \/>\n<meta property=\"article:modified_time\" content=\"2023-01-04T19:52:37+00:00\" \/>\n<meta property=\"og:image\" content=\"https:\/\/gooddealersmeds.com\/fr\/wp-content\/uploads\/sites\/5\/2022\/07\/concerta-36mg-500x500-1.png\" \/>\n\t<meta property=\"og:image:width\" content=\"500\" \/>\n\t<meta property=\"og:image:height\" content=\"500\" \/>\n\t<meta property=\"og:image:type\" content=\"image\/png\" \/>\n<meta name=\"twitter:card\" content=\"summary_large_image\" \/>\n<meta name=\"twitter:label1\" content=\"Est. reading time\" \/>\n\t<meta name=\"twitter:data1\" content=\"2 minutes\" \/>\n<script type=\"application\/ld+json\" class=\"yoast-schema-graph\">{\"@context\":\"https:\\\/\\\/schema.org\",\"@graph\":[{\"@type\":\"WebPage\",\"@id\":\"https:\\\/\\\/gooddealersmeds.com\\\/fr\\\/product\\\/acheter-concerta-en-ligne\\\/\",\"url\":\"https:\\\/\\\/gooddealersmeds.com\\\/fr\\\/product\\\/acheter-concerta-en-ligne\\\/\",\"name\":\"Acheter Concerta en ligne | Concerta \u00e0 vendre | commander Concerta\",\"isPartOf\":{\"@id\":\"https:\\\/\\\/gooddealersmeds.com\\\/fr\\\/#website\"},\"primaryImageOfPage\":{\"@id\":\"https:\\\/\\\/gooddealersmeds.com\\\/fr\\\/product\\\/acheter-concerta-en-ligne\\\/#primaryimage\"},\"image\":{\"@id\":\"https:\\\/\\\/gooddealersmeds.com\\\/fr\\\/product\\\/acheter-concerta-en-ligne\\\/#primaryimage\"},\"thumbnailUrl\":\"https:\\\/\\\/gooddealersmeds.com\\\/fr\\\/wp-content\\\/uploads\\\/sites\\\/5\\\/2022\\\/07\\\/concerta-36mg-500x500-1.png\",\"datePublished\":\"2022-07-03T13:10:22+00:00\",\"dateModified\":\"2023-01-04T19:52:37+00:00\",\"description\":\"Acheter Concerta en ligne\u00a0; utilis\u00e9 pour traiter le trouble d\u00e9ficitaire de l'attention avec hyperactivit\u00e9. Il agit en modifiant les substances naturelles dans le cerveau.\",\"breadcrumb\":{\"@id\":\"https:\\\/\\\/gooddealersmeds.com\\\/fr\\\/product\\\/acheter-concerta-en-ligne\\\/#breadcrumb\"},\"inLanguage\":\"en-US\",\"potentialAction\":[{\"@type\":\"ReadAction\",\"target\":[\"https:\\\/\\\/gooddealersmeds.com\\\/fr\\\/product\\\/acheter-concerta-en-ligne\\\/\"]}]},{\"@type\":\"ImageObject\",\"inLanguage\":\"en-US\",\"@id\":\"https:\\\/\\\/gooddealersmeds.com\\\/fr\\\/product\\\/acheter-concerta-en-ligne\\\/#primaryimage\",\"url\":\"https:\\\/\\\/gooddealersmeds.com\\\/fr\\\/wp-content\\\/uploads\\\/sites\\\/5\\\/2022\\\/07\\\/concerta-36mg-500x500-1.png\",\"contentUrl\":\"https:\\\/\\\/gooddealersmeds.com\\\/fr\\\/wp-content\\\/uploads\\\/sites\\\/5\\\/2022\\\/07\\\/concerta-36mg-500x500-1.png\",\"width\":500,\"height\":500,\"caption\":\"Buy Concerta Online\"},{\"@type\":\"BreadcrumbList\",\"@id\":\"https:\\\/\\\/gooddealersmeds.com\\\/fr\\\/product\\\/acheter-concerta-en-ligne\\\/#breadcrumb\",\"itemListElement\":[{\"@type\":\"ListItem\",\"position\":1,\"name\":\"Home\",\"item\":\"https:\\\/\\\/gooddealersmeds.com\\\/fr\\\/\"},{\"@type\":\"ListItem\",\"position\":2,\"name\":\"Des produits\",\"item\":\"https:\\\/\\\/gooddealersmeds.com\\\/fr\\\/des-produits\\\/\"},{\"@type\":\"ListItem\",\"position\":3,\"name\":\"Acheter Concerta en ligne\"}]},{\"@type\":\"WebSite\",\"@id\":\"https:\\\/\\\/gooddealersmeds.com\\\/fr\\\/#website\",\"url\":\"https:\\\/\\\/gooddealersmeds.com\\\/fr\\\/\",\"name\":\"Good Dealers Meds\",\"description\":\"All our best\",\"publisher\":{\"@id\":\"https:\\\/\\\/gooddealersmeds.com\\\/fr\\\/#organization\"},\"potentialAction\":[{\"@type\":\"SearchAction\",\"target\":{\"@type\":\"EntryPoint\",\"urlTemplate\":\"https:\\\/\\\/gooddealersmeds.com\\\/fr\\\/?s={search_term_string}\"},\"query-input\":{\"@type\":\"PropertyValueSpecification\",\"valueRequired\":true,\"valueName\":\"search_term_string\"}}],\"inLanguage\":\"en-US\"},{\"@type\":\"Organization\",\"@id\":\"https:\\\/\\\/gooddealersmeds.com\\\/fr\\\/#organization\",\"name\":\"Good Dealers Meds\",\"url\":\"https:\\\/\\\/gooddealersmeds.com\\\/fr\\\/\",\"logo\":{\"@type\":\"ImageObject\",\"inLanguage\":\"en-US\",\"@id\":\"https:\\\/\\\/gooddealersmeds.com\\\/fr\\\/#\\\/schema\\\/logo\\\/image\\\/\",\"url\":\"https:\\\/\\\/gooddealersmeds.com\\\/fr\\\/wp-content\\\/uploads\\\/sites\\\/5\\\/2022\\\/03\\\/gooddealersmeds__logo__20220317T222800Z.00.png\",\"contentUrl\":\"https:\\\/\\\/gooddealersmeds.com\\\/fr\\\/wp-content\\\/uploads\\\/sites\\\/5\\\/2022\\\/03\\\/gooddealersmeds__logo__20220317T222800Z.00.png\",\"width\":500,\"height\":325,\"caption\":\"Good Dealers Meds\"},\"image\":{\"@id\":\"https:\\\/\\\/gooddealersmeds.com\\\/fr\\\/#\\\/schema\\\/logo\\\/image\\\/\"}}]}<\/script>\n<!-- \/ Yoast SEO Premium plugin. -->","yoast_head_json":{"title":"Acheter Concerta en ligne | Concerta \u00e0 vendre | commander Concerta","description":"Acheter Concerta en ligne\u00a0; utilis\u00e9 pour traiter le trouble d\u00e9ficitaire de l'attention avec hyperactivit\u00e9. Il agit en modifiant les substances naturelles dans le cerveau.","robots":{"index":"index","follow":"follow","max-snippet":"max-snippet:-1","max-image-preview":"max-image-preview:large","max-video-preview":"max-video-preview:-1"},"canonical":"https:\/\/gooddealersmeds.com\/fr\/product\/acheter-concerta-en-ligne\/","og_locale":"en_US","og_type":"article","og_title":"Acheter Concerta en ligne","og_description":"Acheter Concerta en ligne\u00a0; utilis\u00e9 pour traiter le trouble d\u00e9ficitaire de l'attention avec hyperactivit\u00e9. Il agit en modifiant les substances naturelles dans le cerveau.","og_url":"https:\/\/gooddealersmeds.com\/fr\/product\/acheter-concerta-en-ligne\/","og_site_name":"Good Dealers Meds","article_modified_time":"2023-01-04T19:52:37+00:00","og_image":[{"width":500,"height":500,"url":"https:\/\/gooddealersmeds.com\/fr\/wp-content\/uploads\/sites\/5\/2022\/07\/concerta-36mg-500x500-1.png","type":"image\/png"}],"twitter_card":"summary_large_image","twitter_misc":{"Est. reading time":"2 minutes"},"schema":{"@context":"https:\/\/schema.org","@graph":[{"@type":"WebPage","@id":"https:\/\/gooddealersmeds.com\/fr\/product\/acheter-concerta-en-ligne\/","url":"https:\/\/gooddealersmeds.com\/fr\/product\/acheter-concerta-en-ligne\/","name":"Acheter Concerta en ligne | Concerta \u00e0 vendre | commander Concerta","isPartOf":{"@id":"https:\/\/gooddealersmeds.com\/fr\/#website"},"primaryImageOfPage":{"@id":"https:\/\/gooddealersmeds.com\/fr\/product\/acheter-concerta-en-ligne\/#primaryimage"},"image":{"@id":"https:\/\/gooddealersmeds.com\/fr\/product\/acheter-concerta-en-ligne\/#primaryimage"},"thumbnailUrl":"https:\/\/gooddealersmeds.com\/fr\/wp-content\/uploads\/sites\/5\/2022\/07\/concerta-36mg-500x500-1.png","datePublished":"2022-07-03T13:10:22+00:00","dateModified":"2023-01-04T19:52:37+00:00","description":"Acheter Concerta en ligne\u00a0; utilis\u00e9 pour traiter le trouble d\u00e9ficitaire de l'attention avec hyperactivit\u00e9. Il agit en modifiant les substances naturelles dans le cerveau.","breadcrumb":{"@id":"https:\/\/gooddealersmeds.com\/fr\/product\/acheter-concerta-en-ligne\/#breadcrumb"},"inLanguage":"en-US","potentialAction":[{"@type":"ReadAction","target":["https:\/\/gooddealersmeds.com\/fr\/product\/acheter-concerta-en-ligne\/"]}]},{"@type":"ImageObject","inLanguage":"en-US","@id":"https:\/\/gooddealersmeds.com\/fr\/product\/acheter-concerta-en-ligne\/#primaryimage","url":"https:\/\/gooddealersmeds.com\/fr\/wp-content\/uploads\/sites\/5\/2022\/07\/concerta-36mg-500x500-1.png","contentUrl":"https:\/\/gooddealersmeds.com\/fr\/wp-content\/uploads\/sites\/5\/2022\/07\/concerta-36mg-500x500-1.png","width":500,"height":500,"caption":"Buy Concerta Online"},{"@type":"BreadcrumbList","@id":"https:\/\/gooddealersmeds.com\/fr\/product\/acheter-concerta-en-ligne\/#breadcrumb","itemListElement":[{"@type":"ListItem","position":1,"name":"Home","item":"https:\/\/gooddealersmeds.com\/fr\/"},{"@type":"ListItem","position":2,"name":"Des produits","item":"https:\/\/gooddealersmeds.com\/fr\/des-produits\/"},{"@type":"ListItem","position":3,"name":"Acheter Concerta en ligne"}]},{"@type":"WebSite","@id":"https:\/\/gooddealersmeds.com\/fr\/#website","url":"https:\/\/gooddealersmeds.com\/fr\/","name":"Good Dealers Meds","description":"All our best","publisher":{"@id":"https:\/\/gooddealersmeds.com\/fr\/#organization"},"potentialAction":[{"@type":"SearchAction","target":{"@type":"EntryPoint","urlTemplate":"https:\/\/gooddealersmeds.com\/fr\/?s={search_term_string}"},"query-input":{"@type":"PropertyValueSpecification","valueRequired":true,"valueName":"search_term_string"}}],"inLanguage":"en-US"},{"@type":"Organization","@id":"https:\/\/gooddealersmeds.com\/fr\/#organization","name":"Good Dealers Meds","url":"https:\/\/gooddealersmeds.com\/fr\/","logo":{"@type":"ImageObject","inLanguage":"en-US","@id":"https:\/\/gooddealersmeds.com\/fr\/#\/schema\/logo\/image\/","url":"https:\/\/gooddealersmeds.com\/fr\/wp-content\/uploads\/sites\/5\/2022\/03\/gooddealersmeds__logo__20220317T222800Z.00.png","contentUrl":"https:\/\/gooddealersmeds.com\/fr\/wp-content\/uploads\/sites\/5\/2022\/03\/gooddealersmeds__logo__20220317T222800Z.00.png","width":500,"height":325,"caption":"Good Dealers Meds"},"image":{"@id":"https:\/\/gooddealersmeds.com\/fr\/#\/schema\/logo\/image\/"}}]}},"_links":{"self":[{"href":"https:\/\/gooddealersmeds.com\/fr\/wp-json\/wp\/v2\/product\/1965","targetHints":{"allow":["GET"]}}],"collection":[{"href":"https:\/\/gooddealersmeds.com\/fr\/wp-json\/wp\/v2\/product"}],"about":[{"href":"https:\/\/gooddealersmeds.com\/fr\/wp-json\/wp\/v2\/types\/product"}],"replies":[{"embeddable":true,"href":"https:\/\/gooddealersmeds.com\/fr\/wp-json\/wp\/v2\/comments?post=1965"}],"wp:featuredmedia":[{"embeddable":true,"href":"https:\/\/gooddealersmeds.com\/fr\/wp-json\/wp\/v2\/media\/1966"}],"wp:attachment":[{"href":"https:\/\/gooddealersmeds.com\/fr\/wp-json\/wp\/v2\/media?parent=1965"}],"wp:term":[{"taxonomy":"product_brand","embeddable":true,"href":"https:\/\/gooddealersmeds.com\/fr\/wp-json\/wp\/v2\/product_brand?post=1965"},{"taxonomy":"product_cat","embeddable":true,"href":"https:\/\/gooddealersmeds.com\/fr\/wp-json\/wp\/v2\/product_cat?post=1965"},{"taxonomy":"product_tag","embeddable":true,"href":"https:\/\/gooddealersmeds.com\/fr\/wp-json\/wp\/v2\/product_tag?post=1965"}],"curies":[{"name":"wp","href":"https:\/\/api.w.org\/{rel}","templated":true}]}}