{"id":1951,"date":"2022-07-03T13:05:03","date_gmt":"2022-07-03T13:05:03","guid":{"rendered":"https:\/\/gooddealersmeds.com\/fr\/?post_type=product&#038;p=1951"},"modified":"2023-01-04T19:55:58","modified_gmt":"2023-01-04T19:55:58","slug":"acheter-des-pilules-de-ritalin","status":"publish","type":"product","link":"https:\/\/gooddealersmeds.com\/fr\/product\/acheter-des-pilules-de-ritalin\/","title":{"rendered":"Acheter des pilules de Ritalin"},"content":{"rendered":"<h2>Pilules de Ritalin en vente sur notre boutique en ligne sans ordonnance.<\/h2>\n<p>Acheter des pilules de Ritalin sur notre boutique en ligne sans ordonnance. Ritalin Tablet est un stimulant du syst\u00e8me nerveux central qui traite le trouble d\u00e9ficitaire de l&#8217;attention avec hyperactivit\u00e9 (TDAH). Ce trouble comprend des actions incontr\u00f4lables, plus de difficult\u00e9 \u00e0 se concentrer et \u00e0 rester silencieux par rapport aux autres personnes du m\u00eame groupe d&#8217;\u00e2ge. Cette pilule traite \u00e9galement la narcolepsie, un trouble du sommeil qui provoque des crises soudaines de sommeil et une somnolence diurne. Cette pilule peut \u00e9galement vous aider \u00e0 organiser vos t\u00e2ches et \u00e0 am\u00e9liorer vos capacit\u00e9s d&#8217;\u00e9coute. De plus, cette tablette r\u00e9duit les sympt\u00f4mes des probl\u00e8mes de comportement et augmente votre capacit\u00e9 \u00e0 rester concentr\u00e9 et attentif. Le Ritalin est \u00e9galement utilis\u00e9 dans le cadre de conseils ou d&#8217;autres th\u00e9rapies.<\/p>\n<p>Le Ritalin est un puissant stimulant qui peut vous aider \u00e0 r\u00e9duire les sympt\u00f4mes du trouble d\u00e9ficitaire de l&#8217;attention. Les m\u00e9decins et les pharmaciens consid\u00e8rent le Ritalin comme l&#8217;un des traitements les plus efficaces contre la somnolence diurne ou les crises de sommeil inattendues. Le Ritalin est efficace dans les vingt \u00e0 trente minutes suivant l&#8217;administration et a une demi-vie d&#8217;environ huit heures. De plus, cette pilule vous aide \u00e0 vous concentrer et \u00e0 faire attention \u00e0 vos t\u00e2ches.<\/p>\n<p><strong>Qu&#8217;est-ce que le Ritalin et comment \u00e7a marche ?<\/strong><\/p>\n<p>Le Ritalin est l&#8217;une des meilleures options pour pr\u00e9venir et traiter le trouble d&#8217;hyperactivit\u00e9 avec d\u00e9ficit de l&#8217;attention ou les probl\u00e8mes de sommeil. Cette tablette vous permet de modifier la quantit\u00e9 de substances naturelles dans votre cerveau. En outre, le Ritalin est consid\u00e9r\u00e9 comme s\u00fbr pour les enfants de plus de six ans, les adultes et les personnes \u00e2g\u00e9es souffrant de troubles de l&#8217;attention avec hyperactivit\u00e9 ou de troubles du sommeil.<\/p>\n<p>Le chlorhydrate de m\u00e9thylph\u00e9nidate, l&#8217;ingr\u00e9dient actif du Ritalin, appartient \u00e0 une classe de m\u00e9dicaments appel\u00e9s stimulants du syst\u00e8me nerveux central. Ces stimulants augmentent les niveaux de cat\u00e9cholamine (un produit chimique) dans votre cerveau, ce qui stimule l&#8217;\u00e9nergie, la vigilance et l&#8217;attention.<\/p>\n<p>Le Ritalin agit en modifiant la concentration de substances naturelles dans le cerveau (cat\u00e9cholamine). Ce m\u00e9dicament vous aide \u00e9galement \u00e0 rester concentr\u00e9, am\u00e9liore votre capacit\u00e9 d&#8217;attention et g\u00e8re les probl\u00e8mes de comportement.<\/p>\n<p>Habituellement, il est recommand\u00e9 d&#8217;utiliser le Ritalin sur les conseils de votre m\u00e9decin. Mais, pour traiter le trouble d&#8217;hyperactivit\u00e9 avec d\u00e9ficit de l&#8217;attention ou les crises de sommeil soudaines, vous utiliserez le Ritalin comme traitement \u00e0 long terme. Vous pouvez acheter des pilules de ritalin sur notre <a href=\"https:\/\/gooddealersmeds.com\/fr\/products\/\">boutique en ligne<\/a> avec une livraison s\u00e9curis\u00e9e.<\/p>\n<p>&nbsp;<\/p>\n","protected":false},"excerpt":{"rendered":"<p>Achetez Ritalin LA 10mg Capsules 30 en ligne, disponible d\u00e8s maintenant. Parcourez notre boutique en ligne. Obtenez en ligne la garantie de satisfaction \u00e0 100 % du Ritalin. Comment puis-je obtenir du Ritalin sans ordonnance.<\/p>\n","protected":false},"featured_media":1963,"comment_status":"open","ping_status":"closed","template":"","meta":{"inline_featured_image":false},"product_brand":[],"product_cat":[346],"product_tag":[502,510,511,505,506,507,509,508,503,504,514,515,516,512,513],"class_list":{"0":"post-1951","1":"product","2":"type-product","3":"status-publish","4":"has-post-thumbnail","6":"product_cat-stimulants","7":"product_tag-acheter-20mg-ritalin-en-ligne","8":"product_tag-acheter-des-pilules-de-ritalin","9":"product_tag-acheter-des-pilules-de-ritalin-en-afrique-du-sud","10":"product_tag-acheter-ritalin-10mg-en-ligne","11":"product_tag-acheter-ritalin-10mg-en-ligne-aux-etats-unis","12":"product_tag-acheter-ritalin-en-ligne","13":"product_tag-acheter-ritalin-en-ligne-sans-rx","14":"product_tag-acheter-ritalin-forum-en-ligne","15":"product_tag-acheter-gnrique-ritalin-en-ligne","16":"product_tag-acheter-en-ligne-sur-ordonnance-ritalin-sans-ordonnance","17":"product_tag-o-acheter-ritalin-en-ligne","18":"product_tag-o-acheter-ritalin-en-ligne-sans-prescription-requise","19":"product_tag-o-acheter-ritalin-en-ligne-pas-rx-requis","20":"product_tag-reddit-acheter-ritalin-en-ligne-sans-prescription","21":"product_tag-ritalin-acheter-en-ligne","23":"first","24":"instock","25":"shipping-taxable","26":"purchasable","27":"product-type-variable","28":"has-default-attributes"},"yoast_head":"<!-- This site is optimized with the Yoast SEO Premium plugin v20.6 (Yoast SEO v27.4) - https:\/\/yoast.com\/product\/yoast-seo-premium-wordpress\/ -->\n<title>Acheter des pilules de Ritalin | Ritalin \u00e0 vendre | Commander du Ritalin<\/title>\n<meta name=\"description\" content=\"Acheter des pilules de Ritalin 10mg Pilules 30 en ligne. Parcourez notre boutique en ligne sans ordonnance. Obtenez du Ritalin en ligne avec 100% de satisfaction.\" \/>\n<meta name=\"robots\" content=\"index, follow, max-snippet:-1, max-image-preview:large, max-video-preview:-1\" \/>\n<link rel=\"canonical\" href=\"https:\/\/gooddealersmeds.com\/fr\/product\/acheter-des-pilules-de-ritalin\/\" \/>\n<meta property=\"og:locale\" content=\"en_US\" \/>\n<meta property=\"og:type\" content=\"article\" \/>\n<meta property=\"og:title\" content=\"Acheter des pilules de Ritalin\" \/>\n<meta property=\"og:description\" content=\"Acheter des pilules de Ritalin 10mg Pilules 30 en ligne. Parcourez notre boutique en ligne sans ordonnance. Obtenez du Ritalin en ligne avec 100% de satisfaction.\" \/>\n<meta property=\"og:url\" content=\"https:\/\/gooddealersmeds.com\/fr\/product\/acheter-des-pilules-de-ritalin\/\" \/>\n<meta property=\"og:site_name\" content=\"Good Dealers Meds\" \/>\n<meta property=\"article:modified_time\" content=\"2023-01-04T19:55:58+00:00\" \/>\n<meta property=\"og:image\" content=\"https:\/\/gooddealersmeds.com\/fr\/wp-content\/uploads\/sites\/5\/2022\/07\/buy-ritalin-online.jpg\" \/>\n\t<meta property=\"og:image:width\" content=\"1464\" \/>\n\t<meta property=\"og:image:height\" content=\"975\" \/>\n\t<meta property=\"og:image:type\" content=\"image\/jpeg\" \/>\n<meta name=\"twitter:card\" content=\"summary_large_image\" \/>\n<meta name=\"twitter:label1\" content=\"Est. reading time\" \/>\n\t<meta name=\"twitter:data1\" content=\"2 minutes\" \/>\n<script type=\"application\/ld+json\" class=\"yoast-schema-graph\">{\"@context\":\"https:\\\/\\\/schema.org\",\"@graph\":[{\"@type\":\"WebPage\",\"@id\":\"https:\\\/\\\/gooddealersmeds.com\\\/fr\\\/product\\\/acheter-des-pilules-de-ritalin\\\/\",\"url\":\"https:\\\/\\\/gooddealersmeds.com\\\/fr\\\/product\\\/acheter-des-pilules-de-ritalin\\\/\",\"name\":\"Acheter des pilules de Ritalin | Ritalin \u00e0 vendre | Commander du Ritalin\",\"isPartOf\":{\"@id\":\"https:\\\/\\\/gooddealersmeds.com\\\/fr\\\/#website\"},\"primaryImageOfPage\":{\"@id\":\"https:\\\/\\\/gooddealersmeds.com\\\/fr\\\/product\\\/acheter-des-pilules-de-ritalin\\\/#primaryimage\"},\"image\":{\"@id\":\"https:\\\/\\\/gooddealersmeds.com\\\/fr\\\/product\\\/acheter-des-pilules-de-ritalin\\\/#primaryimage\"},\"thumbnailUrl\":\"https:\\\/\\\/gooddealersmeds.com\\\/fr\\\/wp-content\\\/uploads\\\/sites\\\/5\\\/2022\\\/07\\\/buy-ritalin-online.jpg\",\"datePublished\":\"2022-07-03T13:05:03+00:00\",\"dateModified\":\"2023-01-04T19:55:58+00:00\",\"description\":\"Acheter des pilules de Ritalin 10mg Pilules 30 en ligne. Parcourez notre boutique en ligne sans ordonnance. Obtenez du Ritalin en ligne avec 100% de satisfaction.\",\"breadcrumb\":{\"@id\":\"https:\\\/\\\/gooddealersmeds.com\\\/fr\\\/product\\\/acheter-des-pilules-de-ritalin\\\/#breadcrumb\"},\"inLanguage\":\"en-US\",\"potentialAction\":[{\"@type\":\"ReadAction\",\"target\":[\"https:\\\/\\\/gooddealersmeds.com\\\/fr\\\/product\\\/acheter-des-pilules-de-ritalin\\\/\"]}]},{\"@type\":\"ImageObject\",\"inLanguage\":\"en-US\",\"@id\":\"https:\\\/\\\/gooddealersmeds.com\\\/fr\\\/product\\\/acheter-des-pilules-de-ritalin\\\/#primaryimage\",\"url\":\"https:\\\/\\\/gooddealersmeds.com\\\/fr\\\/wp-content\\\/uploads\\\/sites\\\/5\\\/2022\\\/07\\\/buy-ritalin-online.jpg\",\"contentUrl\":\"https:\\\/\\\/gooddealersmeds.com\\\/fr\\\/wp-content\\\/uploads\\\/sites\\\/5\\\/2022\\\/07\\\/buy-ritalin-online.jpg\",\"width\":1464,\"height\":975,\"caption\":\"Buy Ritalin Pills\"},{\"@type\":\"BreadcrumbList\",\"@id\":\"https:\\\/\\\/gooddealersmeds.com\\\/fr\\\/product\\\/acheter-des-pilules-de-ritalin\\\/#breadcrumb\",\"itemListElement\":[{\"@type\":\"ListItem\",\"position\":1,\"name\":\"Home\",\"item\":\"https:\\\/\\\/gooddealersmeds.com\\\/fr\\\/\"},{\"@type\":\"ListItem\",\"position\":2,\"name\":\"Des produits\",\"item\":\"https:\\\/\\\/gooddealersmeds.com\\\/fr\\\/des-produits\\\/\"},{\"@type\":\"ListItem\",\"position\":3,\"name\":\"Acheter des pilules de Ritalin\"}]},{\"@type\":\"WebSite\",\"@id\":\"https:\\\/\\\/gooddealersmeds.com\\\/fr\\\/#website\",\"url\":\"https:\\\/\\\/gooddealersmeds.com\\\/fr\\\/\",\"name\":\"Good Dealers Meds\",\"description\":\"All our best\",\"publisher\":{\"@id\":\"https:\\\/\\\/gooddealersmeds.com\\\/fr\\\/#organization\"},\"potentialAction\":[{\"@type\":\"SearchAction\",\"target\":{\"@type\":\"EntryPoint\",\"urlTemplate\":\"https:\\\/\\\/gooddealersmeds.com\\\/fr\\\/?s={search_term_string}\"},\"query-input\":{\"@type\":\"PropertyValueSpecification\",\"valueRequired\":true,\"valueName\":\"search_term_string\"}}],\"inLanguage\":\"en-US\"},{\"@type\":\"Organization\",\"@id\":\"https:\\\/\\\/gooddealersmeds.com\\\/fr\\\/#organization\",\"name\":\"Good Dealers Meds\",\"url\":\"https:\\\/\\\/gooddealersmeds.com\\\/fr\\\/\",\"logo\":{\"@type\":\"ImageObject\",\"inLanguage\":\"en-US\",\"@id\":\"https:\\\/\\\/gooddealersmeds.com\\\/fr\\\/#\\\/schema\\\/logo\\\/image\\\/\",\"url\":\"https:\\\/\\\/gooddealersmeds.com\\\/fr\\\/wp-content\\\/uploads\\\/sites\\\/5\\\/2022\\\/03\\\/gooddealersmeds__logo__20220317T222800Z.00.png\",\"contentUrl\":\"https:\\\/\\\/gooddealersmeds.com\\\/fr\\\/wp-content\\\/uploads\\\/sites\\\/5\\\/2022\\\/03\\\/gooddealersmeds__logo__20220317T222800Z.00.png\",\"width\":500,\"height\":325,\"caption\":\"Good Dealers Meds\"},\"image\":{\"@id\":\"https:\\\/\\\/gooddealersmeds.com\\\/fr\\\/#\\\/schema\\\/logo\\\/image\\\/\"}}]}<\/script>\n<!-- \/ Yoast SEO Premium plugin. -->","yoast_head_json":{"title":"Acheter des pilules de Ritalin | Ritalin \u00e0 vendre | Commander du Ritalin","description":"Acheter des pilules de Ritalin 10mg Pilules 30 en ligne. Parcourez notre boutique en ligne sans ordonnance. Obtenez du Ritalin en ligne avec 100% de satisfaction.","robots":{"index":"index","follow":"follow","max-snippet":"max-snippet:-1","max-image-preview":"max-image-preview:large","max-video-preview":"max-video-preview:-1"},"canonical":"https:\/\/gooddealersmeds.com\/fr\/product\/acheter-des-pilules-de-ritalin\/","og_locale":"en_US","og_type":"article","og_title":"Acheter des pilules de Ritalin","og_description":"Acheter des pilules de Ritalin 10mg Pilules 30 en ligne. Parcourez notre boutique en ligne sans ordonnance. Obtenez du Ritalin en ligne avec 100% de satisfaction.","og_url":"https:\/\/gooddealersmeds.com\/fr\/product\/acheter-des-pilules-de-ritalin\/","og_site_name":"Good Dealers Meds","article_modified_time":"2023-01-04T19:55:58+00:00","og_image":[{"width":1464,"height":975,"url":"https:\/\/gooddealersmeds.com\/fr\/wp-content\/uploads\/sites\/5\/2022\/07\/buy-ritalin-online.jpg","type":"image\/jpeg"}],"twitter_card":"summary_large_image","twitter_misc":{"Est. reading time":"2 minutes"},"schema":{"@context":"https:\/\/schema.org","@graph":[{"@type":"WebPage","@id":"https:\/\/gooddealersmeds.com\/fr\/product\/acheter-des-pilules-de-ritalin\/","url":"https:\/\/gooddealersmeds.com\/fr\/product\/acheter-des-pilules-de-ritalin\/","name":"Acheter des pilules de Ritalin | Ritalin \u00e0 vendre | Commander du Ritalin","isPartOf":{"@id":"https:\/\/gooddealersmeds.com\/fr\/#website"},"primaryImageOfPage":{"@id":"https:\/\/gooddealersmeds.com\/fr\/product\/acheter-des-pilules-de-ritalin\/#primaryimage"},"image":{"@id":"https:\/\/gooddealersmeds.com\/fr\/product\/acheter-des-pilules-de-ritalin\/#primaryimage"},"thumbnailUrl":"https:\/\/gooddealersmeds.com\/fr\/wp-content\/uploads\/sites\/5\/2022\/07\/buy-ritalin-online.jpg","datePublished":"2022-07-03T13:05:03+00:00","dateModified":"2023-01-04T19:55:58+00:00","description":"Acheter des pilules de Ritalin 10mg Pilules 30 en ligne. Parcourez notre boutique en ligne sans ordonnance. Obtenez du Ritalin en ligne avec 100% de satisfaction.","breadcrumb":{"@id":"https:\/\/gooddealersmeds.com\/fr\/product\/acheter-des-pilules-de-ritalin\/#breadcrumb"},"inLanguage":"en-US","potentialAction":[{"@type":"ReadAction","target":["https:\/\/gooddealersmeds.com\/fr\/product\/acheter-des-pilules-de-ritalin\/"]}]},{"@type":"ImageObject","inLanguage":"en-US","@id":"https:\/\/gooddealersmeds.com\/fr\/product\/acheter-des-pilules-de-ritalin\/#primaryimage","url":"https:\/\/gooddealersmeds.com\/fr\/wp-content\/uploads\/sites\/5\/2022\/07\/buy-ritalin-online.jpg","contentUrl":"https:\/\/gooddealersmeds.com\/fr\/wp-content\/uploads\/sites\/5\/2022\/07\/buy-ritalin-online.jpg","width":1464,"height":975,"caption":"Buy Ritalin Pills"},{"@type":"BreadcrumbList","@id":"https:\/\/gooddealersmeds.com\/fr\/product\/acheter-des-pilules-de-ritalin\/#breadcrumb","itemListElement":[{"@type":"ListItem","position":1,"name":"Home","item":"https:\/\/gooddealersmeds.com\/fr\/"},{"@type":"ListItem","position":2,"name":"Des produits","item":"https:\/\/gooddealersmeds.com\/fr\/des-produits\/"},{"@type":"ListItem","position":3,"name":"Acheter des pilules de Ritalin"}]},{"@type":"WebSite","@id":"https:\/\/gooddealersmeds.com\/fr\/#website","url":"https:\/\/gooddealersmeds.com\/fr\/","name":"Good Dealers Meds","description":"All our best","publisher":{"@id":"https:\/\/gooddealersmeds.com\/fr\/#organization"},"potentialAction":[{"@type":"SearchAction","target":{"@type":"EntryPoint","urlTemplate":"https:\/\/gooddealersmeds.com\/fr\/?s={search_term_string}"},"query-input":{"@type":"PropertyValueSpecification","valueRequired":true,"valueName":"search_term_string"}}],"inLanguage":"en-US"},{"@type":"Organization","@id":"https:\/\/gooddealersmeds.com\/fr\/#organization","name":"Good Dealers Meds","url":"https:\/\/gooddealersmeds.com\/fr\/","logo":{"@type":"ImageObject","inLanguage":"en-US","@id":"https:\/\/gooddealersmeds.com\/fr\/#\/schema\/logo\/image\/","url":"https:\/\/gooddealersmeds.com\/fr\/wp-content\/uploads\/sites\/5\/2022\/03\/gooddealersmeds__logo__20220317T222800Z.00.png","contentUrl":"https:\/\/gooddealersmeds.com\/fr\/wp-content\/uploads\/sites\/5\/2022\/03\/gooddealersmeds__logo__20220317T222800Z.00.png","width":500,"height":325,"caption":"Good Dealers Meds"},"image":{"@id":"https:\/\/gooddealersmeds.com\/fr\/#\/schema\/logo\/image\/"}}]}},"_links":{"self":[{"href":"https:\/\/gooddealersmeds.com\/fr\/wp-json\/wp\/v2\/product\/1951","targetHints":{"allow":["GET"]}}],"collection":[{"href":"https:\/\/gooddealersmeds.com\/fr\/wp-json\/wp\/v2\/product"}],"about":[{"href":"https:\/\/gooddealersmeds.com\/fr\/wp-json\/wp\/v2\/types\/product"}],"replies":[{"embeddable":true,"href":"https:\/\/gooddealersmeds.com\/fr\/wp-json\/wp\/v2\/comments?post=1951"}],"wp:featuredmedia":[{"embeddable":true,"href":"https:\/\/gooddealersmeds.com\/fr\/wp-json\/wp\/v2\/media\/1963"}],"wp:attachment":[{"href":"https:\/\/gooddealersmeds.com\/fr\/wp-json\/wp\/v2\/media?parent=1951"}],"wp:term":[{"taxonomy":"product_brand","embeddable":true,"href":"https:\/\/gooddealersmeds.com\/fr\/wp-json\/wp\/v2\/product_brand?post=1951"},{"taxonomy":"product_cat","embeddable":true,"href":"https:\/\/gooddealersmeds.com\/fr\/wp-json\/wp\/v2\/product_cat?post=1951"},{"taxonomy":"product_tag","embeddable":true,"href":"https:\/\/gooddealersmeds.com\/fr\/wp-json\/wp\/v2\/product_tag?post=1951"}],"curies":[{"name":"wp","href":"https:\/\/api.w.org\/{rel}","templated":true}]}}