{"id":1944,"date":"2022-07-03T12:27:49","date_gmt":"2022-07-03T12:27:49","guid":{"rendered":"https:\/\/gooddealersmeds.com\/fr\/?post_type=product&#038;p=1944"},"modified":"2023-01-04T20:03:28","modified_gmt":"2023-01-04T20:03:28","slug":"acheter-dexedrine-er-pilules-en-ligne","status":"publish","type":"product","link":"https:\/\/gooddealersmeds.com\/fr\/product\/acheter-dexedrine-er-pilules-en-ligne\/","title":{"rendered":"Acheter Dexedrine Er Pilules en ligne"},"content":{"rendered":"<h2>Pilules Dexedrine Er en vente dans notre magasin \u00e0 un prix abordable<\/h2>\n<p>O\u00f9 obtenir des pilules Dexedrine Er, livraison le lendemain disponible dans tous les \u00c9tats europ\u00e9ens. Dexedrine appartient \u00e0 la famille des m\u00e9dicaments appel\u00e9s stimulants. Dexedrine (<a href=\"https:\/\/en.wikipedia.org\/wiki\/Dextroamphetamine\">dexamph\u00e9tamine<\/a>) est un m\u00e9dicament utilis\u00e9 pour traiter le trouble d\u00e9ficitaire de l&#8217;attention avec hyperactivit\u00e9 (TDAH) et la narcolepsie (s&#8217;endormir \u00e0 des moments inappropri\u00e9s sans aucun contr\u00f4le). Il agit pour traiter la narcolepsie en agissant comme un stimulant c\u00e9r\u00e9bral. Vous pouvez acheter Dexedrine Er Pills en ligne aupr\u00e8s de Good Dealers Meds.<\/p>\n<p><strong>Utilisations des pilules Dexedrine Er<\/strong><\/p>\n<p>Ce m\u00e9dicament est utilis\u00e9 pour traiter le TDAH, \u00e9galement connu sous le nom de trouble d\u00e9ficitaire de l&#8217;attention avec hyperactivit\u00e9. Il agit en modifiant les concentrations de certains produits chimiques naturels dans le cerveau. La dextroamph\u00e9tamine est un type de m\u00e9dicament connu sous le nom de stimulateur cardiaque. Cela peut vous aider \u00e0 am\u00e9liorer votre capacit\u00e9 \u00e0 vous concentrer sur une activit\u00e9 et \u00e0 contr\u00f4ler les probl\u00e8mes de comportement. Il peut \u00e9galement vous aider \u00e0 organiser et \u00e0 am\u00e9liorer vos t\u00e2ches. Ce m\u00e9dicament est \u00e9galement utilis\u00e9 pour traiter un trouble du sommeil (narcolepsie), ce qui permet de rester \u00e9veill\u00e9 toute la journ\u00e9e. Il ne doit pas \u00eatre utilis\u00e9 pour soigner l&#8217;\u00e9puisement ou pour emp\u00eacher de dormir les personnes qui n&#8217;ont pas de trouble du sommeil. O\u00f9 obtenir des pilules Dexedrine Er<\/p>\n<p><strong>Outre son action recherch\u00e9e, ce m\u00e9dicament peut provoquer certains effets, notamment :<\/strong><\/p>\n<ul>\n<li>Cela peut diminuer votre app\u00e9tit<\/li>\n<li>Cela peut causer de la diarrh\u00e9e ou de la constipation, selon la personne<\/li>\n<li>Cela peut causer des maux de t\u00eate<\/li>\n<li>Cela peut causer troubles du sommeil ou insomnie<\/li>\n<\/ul>\n<p><a href=\"https:\/\/gooddealersmeds.com\/fr\/product\/buy-dexedrine-er-pills-online\/\">Dexedrine<\/a> Er Les pilules, comme la plupart des produits pharmaceutiques, doivent \u00eatre conserv\u00e9es \u00e0 temp\u00e9rature ambiante. Il doit \u00eatre conserv\u00e9 dans un endroit s\u00fbr, \u00e0 l&#8217;abri de la chaleur excessive, de l&#8217;humidit\u00e9 et de la lumi\u00e8re directe du soleil. Assurez-vous que tous les restes sont correctement \u00e9limin\u00e9s.<\/p>\n<p>Prenez ce m\u00e9dicament avec ou sans nourriture, g\u00e9n\u00e9ralement 1 \u00e0 3 fois par jour, selon les conseils de votre m\u00e9decin. La premi\u00e8re dose est normalement administr\u00e9e en tout d\u00e9but de matin\u00e9e. Si votre m\u00e9decin vous prescrit plus de doses, prenez-les comme indiqu\u00e9, g\u00e9n\u00e9ralement \u00e0 4-6 heures d&#8217;intervalle. Prendre ce m\u00e9dicament tard dans la journ\u00e9e peut rendre le sommeil difficile.<\/p>\n<p>Vous pouvez acheter des pilules Dexedrine Er (comprim\u00e9s de 15 mg) en ligne sans ordonnance (sans RX) aupr\u00e8s de Good Dealers Meds Online.<\/p>\n","protected":false},"excerpt":{"rendered":"<p>Achetez Dexedrine Er Pills en ligne sans ordonnance. Commandez dexedrine tr\u00e8s rapidement et facilement. Notre service de livraison vous livrera votre commande de Dextroamph\u00e9tamine dans les plus brefs d\u00e9lais !<\/p>\n","protected":false},"featured_media":1949,"comment_status":"open","ping_status":"closed","template":"","meta":{"inline_featured_image":false},"product_brand":[],"product_cat":[346],"product_tag":[494,493,495,496,501,491,492,500,497,498,499],"class_list":{"0":"post-1944","1":"product","2":"type-product","3":"status-publish","4":"has-post-thumbnail","6":"product_cat-stimulants","7":"product_tag-acheter-dexedrine-comprims-5mg-en-ligne","8":"product_tag-acheter-dexedrine-5mg-en-ligne","9":"product_tag-acheter-dexedrine-5mg-usa","10":"product_tag-acheter-dexedrine-australie","11":"product_tag-acheter-dexedrine-en-ligne","12":"product_tag-acheter-dexedrine-pas-cher","13":"product_tag-buy-dexedrine-5mg-canada","14":"product_tag-commander-dexedrine-en-ligne","15":"product_tag-dexedrine-5mg-usa","16":"product_tag-dextroamphtamine-5mg-usa","17":"product_tag-vendeur-de-dextroamphtamine-5mg","19":"first","20":"instock","21":"shipping-taxable","22":"purchasable","23":"product-type-variable","24":"has-default-attributes"},"yoast_head":"<!-- This site is optimized with the Yoast SEO Premium plugin v20.6 (Yoast SEO v27.4) - https:\/\/yoast.com\/product\/yoast-seo-premium-wordpress\/ -->\n<title>O\u00f9 obtenir des pilules Dexedrine Er en ligne sans ordonnance<\/title>\n<meta name=\"description\" content=\"O\u00f9 obtenir des pilules Dexedrine Er en ligne sans ordonnance. Commandez dexedrine en ligne sur notre boutique en ligne et b\u00e9n\u00e9ficiez d&#039;une livraison tr\u00e8s rapide dans le monde entier.\" \/>\n<meta name=\"robots\" content=\"index, follow, max-snippet:-1, max-image-preview:large, max-video-preview:-1\" \/>\n<link rel=\"canonical\" href=\"https:\/\/gooddealersmeds.com\/fr\/product\/acheter-dexedrine-er-pilules-en-ligne\/\" \/>\n<meta property=\"og:locale\" content=\"en_US\" \/>\n<meta property=\"og:type\" content=\"article\" \/>\n<meta property=\"og:title\" content=\"Acheter Dexedrine Er Pilules en ligne\" \/>\n<meta property=\"og:description\" content=\"O\u00f9 obtenir des pilules Dexedrine Er en ligne sans ordonnance. Commandez dexedrine en ligne sur notre boutique en ligne et b\u00e9n\u00e9ficiez d&#039;une livraison tr\u00e8s rapide dans le monde entier.\" \/>\n<meta property=\"og:url\" content=\"https:\/\/gooddealersmeds.com\/fr\/product\/acheter-dexedrine-er-pilules-en-ligne\/\" \/>\n<meta property=\"og:site_name\" content=\"Good Dealers Meds\" \/>\n<meta property=\"article:modified_time\" content=\"2023-01-04T20:03:28+00:00\" \/>\n<meta property=\"og:image\" content=\"https:\/\/gooddealersmeds.com\/fr\/wp-content\/uploads\/sites\/5\/2022\/07\/Buy-Dexedrine-Er-Pills-Online.png\" \/>\n\t<meta property=\"og:image:width\" content=\"600\" \/>\n\t<meta property=\"og:image:height\" content=\"600\" \/>\n\t<meta property=\"og:image:type\" content=\"image\/png\" \/>\n<meta name=\"twitter:card\" content=\"summary_large_image\" \/>\n<meta name=\"twitter:label1\" content=\"Est. reading time\" \/>\n\t<meta name=\"twitter:data1\" content=\"2 minutes\" \/>\n<script type=\"application\/ld+json\" class=\"yoast-schema-graph\">{\"@context\":\"https:\\\/\\\/schema.org\",\"@graph\":[{\"@type\":\"WebPage\",\"@id\":\"https:\\\/\\\/gooddealersmeds.com\\\/fr\\\/product\\\/acheter-dexedrine-er-pilules-en-ligne\\\/\",\"url\":\"https:\\\/\\\/gooddealersmeds.com\\\/fr\\\/product\\\/acheter-dexedrine-er-pilules-en-ligne\\\/\",\"name\":\"O\u00f9 obtenir des pilules Dexedrine Er en ligne sans ordonnance\",\"isPartOf\":{\"@id\":\"https:\\\/\\\/gooddealersmeds.com\\\/fr\\\/#website\"},\"primaryImageOfPage\":{\"@id\":\"https:\\\/\\\/gooddealersmeds.com\\\/fr\\\/product\\\/acheter-dexedrine-er-pilules-en-ligne\\\/#primaryimage\"},\"image\":{\"@id\":\"https:\\\/\\\/gooddealersmeds.com\\\/fr\\\/product\\\/acheter-dexedrine-er-pilules-en-ligne\\\/#primaryimage\"},\"thumbnailUrl\":\"https:\\\/\\\/gooddealersmeds.com\\\/fr\\\/wp-content\\\/uploads\\\/sites\\\/5\\\/2022\\\/07\\\/Buy-Dexedrine-Er-Pills-Online.png\",\"datePublished\":\"2022-07-03T12:27:49+00:00\",\"dateModified\":\"2023-01-04T20:03:28+00:00\",\"description\":\"O\u00f9 obtenir des pilules Dexedrine Er en ligne sans ordonnance. Commandez dexedrine en ligne sur notre boutique en ligne et b\u00e9n\u00e9ficiez d'une livraison tr\u00e8s rapide dans le monde entier.\",\"breadcrumb\":{\"@id\":\"https:\\\/\\\/gooddealersmeds.com\\\/fr\\\/product\\\/acheter-dexedrine-er-pilules-en-ligne\\\/#breadcrumb\"},\"inLanguage\":\"en-US\",\"potentialAction\":[{\"@type\":\"ReadAction\",\"target\":[\"https:\\\/\\\/gooddealersmeds.com\\\/fr\\\/product\\\/acheter-dexedrine-er-pilules-en-ligne\\\/\"]}]},{\"@type\":\"ImageObject\",\"inLanguage\":\"en-US\",\"@id\":\"https:\\\/\\\/gooddealersmeds.com\\\/fr\\\/product\\\/acheter-dexedrine-er-pilules-en-ligne\\\/#primaryimage\",\"url\":\"https:\\\/\\\/gooddealersmeds.com\\\/fr\\\/wp-content\\\/uploads\\\/sites\\\/5\\\/2022\\\/07\\\/Buy-Dexedrine-Er-Pills-Online.png\",\"contentUrl\":\"https:\\\/\\\/gooddealersmeds.com\\\/fr\\\/wp-content\\\/uploads\\\/sites\\\/5\\\/2022\\\/07\\\/Buy-Dexedrine-Er-Pills-Online.png\",\"width\":600,\"height\":600,\"caption\":\"Buy Dexedrine Er Pills Online\"},{\"@type\":\"BreadcrumbList\",\"@id\":\"https:\\\/\\\/gooddealersmeds.com\\\/fr\\\/product\\\/acheter-dexedrine-er-pilules-en-ligne\\\/#breadcrumb\",\"itemListElement\":[{\"@type\":\"ListItem\",\"position\":1,\"name\":\"Home\",\"item\":\"https:\\\/\\\/gooddealersmeds.com\\\/fr\\\/\"},{\"@type\":\"ListItem\",\"position\":2,\"name\":\"Des produits\",\"item\":\"https:\\\/\\\/gooddealersmeds.com\\\/fr\\\/des-produits\\\/\"},{\"@type\":\"ListItem\",\"position\":3,\"name\":\"Acheter Dexedrine Er Pilules en ligne\"}]},{\"@type\":\"WebSite\",\"@id\":\"https:\\\/\\\/gooddealersmeds.com\\\/fr\\\/#website\",\"url\":\"https:\\\/\\\/gooddealersmeds.com\\\/fr\\\/\",\"name\":\"Good Dealers Meds\",\"description\":\"All our best\",\"publisher\":{\"@id\":\"https:\\\/\\\/gooddealersmeds.com\\\/fr\\\/#organization\"},\"potentialAction\":[{\"@type\":\"SearchAction\",\"target\":{\"@type\":\"EntryPoint\",\"urlTemplate\":\"https:\\\/\\\/gooddealersmeds.com\\\/fr\\\/?s={search_term_string}\"},\"query-input\":{\"@type\":\"PropertyValueSpecification\",\"valueRequired\":true,\"valueName\":\"search_term_string\"}}],\"inLanguage\":\"en-US\"},{\"@type\":\"Organization\",\"@id\":\"https:\\\/\\\/gooddealersmeds.com\\\/fr\\\/#organization\",\"name\":\"Good Dealers Meds\",\"url\":\"https:\\\/\\\/gooddealersmeds.com\\\/fr\\\/\",\"logo\":{\"@type\":\"ImageObject\",\"inLanguage\":\"en-US\",\"@id\":\"https:\\\/\\\/gooddealersmeds.com\\\/fr\\\/#\\\/schema\\\/logo\\\/image\\\/\",\"url\":\"https:\\\/\\\/gooddealersmeds.com\\\/fr\\\/wp-content\\\/uploads\\\/sites\\\/5\\\/2022\\\/03\\\/gooddealersmeds__logo__20220317T222800Z.00.png\",\"contentUrl\":\"https:\\\/\\\/gooddealersmeds.com\\\/fr\\\/wp-content\\\/uploads\\\/sites\\\/5\\\/2022\\\/03\\\/gooddealersmeds__logo__20220317T222800Z.00.png\",\"width\":500,\"height\":325,\"caption\":\"Good Dealers Meds\"},\"image\":{\"@id\":\"https:\\\/\\\/gooddealersmeds.com\\\/fr\\\/#\\\/schema\\\/logo\\\/image\\\/\"}}]}<\/script>\n<!-- \/ Yoast SEO Premium plugin. -->","yoast_head_json":{"title":"O\u00f9 obtenir des pilules Dexedrine Er en ligne sans ordonnance","description":"O\u00f9 obtenir des pilules Dexedrine Er en ligne sans ordonnance. Commandez dexedrine en ligne sur notre boutique en ligne et b\u00e9n\u00e9ficiez d'une livraison tr\u00e8s rapide dans le monde entier.","robots":{"index":"index","follow":"follow","max-snippet":"max-snippet:-1","max-image-preview":"max-image-preview:large","max-video-preview":"max-video-preview:-1"},"canonical":"https:\/\/gooddealersmeds.com\/fr\/product\/acheter-dexedrine-er-pilules-en-ligne\/","og_locale":"en_US","og_type":"article","og_title":"Acheter Dexedrine Er Pilules en ligne","og_description":"O\u00f9 obtenir des pilules Dexedrine Er en ligne sans ordonnance. Commandez dexedrine en ligne sur notre boutique en ligne et b\u00e9n\u00e9ficiez d'une livraison tr\u00e8s rapide dans le monde entier.","og_url":"https:\/\/gooddealersmeds.com\/fr\/product\/acheter-dexedrine-er-pilules-en-ligne\/","og_site_name":"Good Dealers Meds","article_modified_time":"2023-01-04T20:03:28+00:00","og_image":[{"width":600,"height":600,"url":"https:\/\/gooddealersmeds.com\/fr\/wp-content\/uploads\/sites\/5\/2022\/07\/Buy-Dexedrine-Er-Pills-Online.png","type":"image\/png"}],"twitter_card":"summary_large_image","twitter_misc":{"Est. reading time":"2 minutes"},"schema":{"@context":"https:\/\/schema.org","@graph":[{"@type":"WebPage","@id":"https:\/\/gooddealersmeds.com\/fr\/product\/acheter-dexedrine-er-pilules-en-ligne\/","url":"https:\/\/gooddealersmeds.com\/fr\/product\/acheter-dexedrine-er-pilules-en-ligne\/","name":"O\u00f9 obtenir des pilules Dexedrine Er en ligne sans ordonnance","isPartOf":{"@id":"https:\/\/gooddealersmeds.com\/fr\/#website"},"primaryImageOfPage":{"@id":"https:\/\/gooddealersmeds.com\/fr\/product\/acheter-dexedrine-er-pilules-en-ligne\/#primaryimage"},"image":{"@id":"https:\/\/gooddealersmeds.com\/fr\/product\/acheter-dexedrine-er-pilules-en-ligne\/#primaryimage"},"thumbnailUrl":"https:\/\/gooddealersmeds.com\/fr\/wp-content\/uploads\/sites\/5\/2022\/07\/Buy-Dexedrine-Er-Pills-Online.png","datePublished":"2022-07-03T12:27:49+00:00","dateModified":"2023-01-04T20:03:28+00:00","description":"O\u00f9 obtenir des pilules Dexedrine Er en ligne sans ordonnance. Commandez dexedrine en ligne sur notre boutique en ligne et b\u00e9n\u00e9ficiez d'une livraison tr\u00e8s rapide dans le monde entier.","breadcrumb":{"@id":"https:\/\/gooddealersmeds.com\/fr\/product\/acheter-dexedrine-er-pilules-en-ligne\/#breadcrumb"},"inLanguage":"en-US","potentialAction":[{"@type":"ReadAction","target":["https:\/\/gooddealersmeds.com\/fr\/product\/acheter-dexedrine-er-pilules-en-ligne\/"]}]},{"@type":"ImageObject","inLanguage":"en-US","@id":"https:\/\/gooddealersmeds.com\/fr\/product\/acheter-dexedrine-er-pilules-en-ligne\/#primaryimage","url":"https:\/\/gooddealersmeds.com\/fr\/wp-content\/uploads\/sites\/5\/2022\/07\/Buy-Dexedrine-Er-Pills-Online.png","contentUrl":"https:\/\/gooddealersmeds.com\/fr\/wp-content\/uploads\/sites\/5\/2022\/07\/Buy-Dexedrine-Er-Pills-Online.png","width":600,"height":600,"caption":"Buy Dexedrine Er Pills Online"},{"@type":"BreadcrumbList","@id":"https:\/\/gooddealersmeds.com\/fr\/product\/acheter-dexedrine-er-pilules-en-ligne\/#breadcrumb","itemListElement":[{"@type":"ListItem","position":1,"name":"Home","item":"https:\/\/gooddealersmeds.com\/fr\/"},{"@type":"ListItem","position":2,"name":"Des produits","item":"https:\/\/gooddealersmeds.com\/fr\/des-produits\/"},{"@type":"ListItem","position":3,"name":"Acheter Dexedrine Er Pilules en ligne"}]},{"@type":"WebSite","@id":"https:\/\/gooddealersmeds.com\/fr\/#website","url":"https:\/\/gooddealersmeds.com\/fr\/","name":"Good Dealers Meds","description":"All our best","publisher":{"@id":"https:\/\/gooddealersmeds.com\/fr\/#organization"},"potentialAction":[{"@type":"SearchAction","target":{"@type":"EntryPoint","urlTemplate":"https:\/\/gooddealersmeds.com\/fr\/?s={search_term_string}"},"query-input":{"@type":"PropertyValueSpecification","valueRequired":true,"valueName":"search_term_string"}}],"inLanguage":"en-US"},{"@type":"Organization","@id":"https:\/\/gooddealersmeds.com\/fr\/#organization","name":"Good Dealers Meds","url":"https:\/\/gooddealersmeds.com\/fr\/","logo":{"@type":"ImageObject","inLanguage":"en-US","@id":"https:\/\/gooddealersmeds.com\/fr\/#\/schema\/logo\/image\/","url":"https:\/\/gooddealersmeds.com\/fr\/wp-content\/uploads\/sites\/5\/2022\/03\/gooddealersmeds__logo__20220317T222800Z.00.png","contentUrl":"https:\/\/gooddealersmeds.com\/fr\/wp-content\/uploads\/sites\/5\/2022\/03\/gooddealersmeds__logo__20220317T222800Z.00.png","width":500,"height":325,"caption":"Good Dealers Meds"},"image":{"@id":"https:\/\/gooddealersmeds.com\/fr\/#\/schema\/logo\/image\/"}}]}},"_links":{"self":[{"href":"https:\/\/gooddealersmeds.com\/fr\/wp-json\/wp\/v2\/product\/1944","targetHints":{"allow":["GET"]}}],"collection":[{"href":"https:\/\/gooddealersmeds.com\/fr\/wp-json\/wp\/v2\/product"}],"about":[{"href":"https:\/\/gooddealersmeds.com\/fr\/wp-json\/wp\/v2\/types\/product"}],"replies":[{"embeddable":true,"href":"https:\/\/gooddealersmeds.com\/fr\/wp-json\/wp\/v2\/comments?post=1944"}],"wp:featuredmedia":[{"embeddable":true,"href":"https:\/\/gooddealersmeds.com\/fr\/wp-json\/wp\/v2\/media\/1949"}],"wp:attachment":[{"href":"https:\/\/gooddealersmeds.com\/fr\/wp-json\/wp\/v2\/media?parent=1944"}],"wp:term":[{"taxonomy":"product_brand","embeddable":true,"href":"https:\/\/gooddealersmeds.com\/fr\/wp-json\/wp\/v2\/product_brand?post=1944"},{"taxonomy":"product_cat","embeddable":true,"href":"https:\/\/gooddealersmeds.com\/fr\/wp-json\/wp\/v2\/product_cat?post=1944"},{"taxonomy":"product_tag","embeddable":true,"href":"https:\/\/gooddealersmeds.com\/fr\/wp-json\/wp\/v2\/product_tag?post=1944"}],"curies":[{"name":"wp","href":"https:\/\/api.w.org\/{rel}","templated":true}]}}