{"id":1938,"date":"2022-07-03T12:27:31","date_gmt":"2022-07-03T12:27:31","guid":{"rendered":"https:\/\/gooddealersmeds.com\/fr\/?post_type=product&#038;p=1938"},"modified":"2023-01-05T21:34:11","modified_gmt":"2023-01-05T21:34:11","slug":"acheter-dexedrine-5mg-pilules-en-ligne","status":"publish","type":"product","link":"https:\/\/gooddealersmeds.com\/fr\/product\/acheter-dexedrine-5mg-pilules-en-ligne\/","title":{"rendered":"Acheter des pilules Dexedrine 5mg en ligne"},"content":{"rendered":"<h2><strong>Acheter des pilules Dexedrine 5mg en ligne &#8211; Dex\u00e9drine \u00e0 vendre<\/strong><\/h2>\n<p>Dexedrine est un m\u00e9dicament utilis\u00e9 pour traiter le trouble d\u00e9ficitaire de l&#8217;attention avec hyperactivit\u00e9 (TDAH) . C&#8217;est une amph\u00e9tamine, ce qui signifie qu&#8217;elle agit en stimulant le syst\u00e8me nerveux central.<\/p>\n<p><a href=\"https:\/\/www.webmd.com\/drugs\/2\/drug-11574\/dexedrine-oral\/details\">La dexedrine<\/a> contient des sels de d-amph\u00e9tamine et est administr\u00e9e par voie orale ou par injection. Il peut \u00eatre pris avec ou sans nourriture. La posologie recommand\u00e9e pour les adultes est de 10 mg une fois par jour, mais certaines personnes peuvent en avoir besoin de plus ou moins selon leurs besoins individuels. Cependant, il convient de noter qu&#8217;il peut \u00eatre dangereux s&#8217;il est pris \u00e0 des doses plus \u00e9lev\u00e9es que celles prescrites par votre m\u00e9decin.<\/p>\n<p>Concerta se pr\u00e9sente sous forme de pilule et peut \u00eatre pris une fois par jour. Il vient dans des dosages allant de 5 mg \u00e0 60 mg par jour. La dose recommand\u00e9e d\u00e9pend de l&#8217;\u00e2ge et du poids, mais la plupart des adultes prennent 15 mg par jour ou moins.<\/p>\n<p>&nbsp;<\/p>\n<p><strong>Pourquoi acheter Dexedrine 5mg Pills Online\u00a0?<\/strong><\/p>\n<p>Vous pourriez envisager d&#8217;acheter vos m\u00e9dicaments sur ordonnance en ligne si vous voulez \u00e9conomiser de l&#8217;argent sur eux. Vous pouvez obtenir des r\u00e9ductions lors de vos achats en ligne, et c&#8217;est tr\u00e8s facile \u00e0 faire. Voici pourquoi\u00a0:<\/p>\n<ul>\n<li>L&#8217;achat de m\u00e9dicaments en ligne peut faire chuter le prix de fa\u00e7on spectaculaire.<\/li>\n<li>Vous avez plus d&#8217;options que jamais, les pharmacies offrant tout, des m\u00e9dicaments g\u00e9n\u00e9riques aux options de marque.<\/li>\n<li>La pharmacie ne vous oblige pas \u00e0 faire la queue pendant de longues p\u00e9riodes.<\/li>\n<li>Vous n&#8217;avez pas \u00e0 vous soucier de vous faire arnaquer ou de voir quelqu&#8217;un que vous connaissez essayer de vous vendre quelque chose.<\/li>\n<\/ul>\n<p>&nbsp;<\/p>\n<p><strong>O\u00f9 commander des pilules Dexedrine 5mg en ligne\u00a0?<\/strong><\/p>\n<p>De nombreuses pharmacies vendent des pilules Dexedrine 5 mg en ligne, mais seulement si elles ont acc\u00e8s \u00e0 de bons fournisseurs de haute qualit\u00e9 ! Cependant, la bonne nouvelle est que vous pouvez \u00e9galement acheter <a href=\"https:\/\/gooddealersmeds.com\/fr\/product\/buy-dexedrine-5mg-pills-online\/\">Dexedrine 5mg Pills<\/a> en ligne aupr\u00e8s de bons revendeurs M\u00e9dicaments.<\/p>\n<p>Vous recevrez tous les d\u00e9tails de votre commande avant de proc\u00e9der \u00e0 l&#8217;achat, vous n&#8217;avez donc pas \u00e0 vous soucier de quoi que ce soit ! Dex\u00e9drine \u00e0 vendre<\/p>\n","protected":false},"excerpt":{"rendered":"<p>Acheter des pilules Dexedrine 5mg en ligne sans ordonnance. Commandez dexedrine tr\u00e8s rapidement et facilement. Notre service de livraison vous livrera votre commande de Dextroamph\u00e9tamine dans les plus brefs d\u00e9lais !<\/p>\n","protected":false},"featured_media":1943,"comment_status":"open","ping_status":"closed","template":"","meta":{"inline_featured_image":false},"product_brand":[],"product_cat":[346],"product_tag":[494,493,495,496,501,491,492,500,497,498,499],"class_list":{"0":"post-1938","1":"product","2":"type-product","3":"status-publish","4":"has-post-thumbnail","6":"product_cat-stimulants","7":"product_tag-acheter-dexedrine-comprims-5mg-en-ligne","8":"product_tag-acheter-dexedrine-5mg-en-ligne","9":"product_tag-acheter-dexedrine-5mg-usa","10":"product_tag-acheter-dexedrine-australie","11":"product_tag-acheter-dexedrine-en-ligne","12":"product_tag-acheter-dexedrine-pas-cher","13":"product_tag-buy-dexedrine-5mg-canada","14":"product_tag-commander-dexedrine-en-ligne","15":"product_tag-dexedrine-5mg-usa","16":"product_tag-dextroamphtamine-5mg-usa","17":"product_tag-vendeur-de-dextroamphtamine-5mg","19":"first","20":"instock","21":"shipping-taxable","22":"purchasable","23":"product-type-variable","24":"has-default-attributes"},"yoast_head":"<!-- This site is optimized with the Yoast SEO Premium plugin v20.6 (Yoast SEO v27.4) - https:\/\/yoast.com\/product\/yoast-seo-premium-wordpress\/ -->\n<title>Dex\u00e9drine \u00e0 vendre | Acheter des pilules Dexedrine Good Dealers Meds<\/title>\n<meta name=\"description\" content=\"Dex\u00e9drine \u00e0 vendre 5mg en ligne sans ordonnance. Commandez dexedrine et b\u00e9n\u00e9ficiez d&#039;un service de livraison \u00e0 votre porte dans les plus brefs d\u00e9lais !\" \/>\n<meta name=\"robots\" content=\"index, follow, max-snippet:-1, max-image-preview:large, max-video-preview:-1\" \/>\n<link rel=\"canonical\" href=\"https:\/\/gooddealersmeds.com\/fr\/product\/acheter-dexedrine-5mg-pilules-en-ligne\/\" \/>\n<meta property=\"og:locale\" content=\"en_US\" \/>\n<meta property=\"og:type\" content=\"article\" \/>\n<meta property=\"og:title\" content=\"Acheter des pilules Dexedrine 5mg en ligne\" \/>\n<meta property=\"og:description\" content=\"Dex\u00e9drine \u00e0 vendre 5mg en ligne sans ordonnance. Commandez dexedrine et b\u00e9n\u00e9ficiez d&#039;un service de livraison \u00e0 votre porte dans les plus brefs d\u00e9lais !\" \/>\n<meta property=\"og:url\" content=\"https:\/\/gooddealersmeds.com\/fr\/product\/acheter-dexedrine-5mg-pilules-en-ligne\/\" \/>\n<meta property=\"og:site_name\" content=\"Good Dealers Meds\" \/>\n<meta property=\"article:modified_time\" content=\"2023-01-05T21:34:11+00:00\" \/>\n<meta property=\"og:image\" content=\"https:\/\/gooddealersmeds.com\/fr\/wp-content\/uploads\/sites\/5\/2022\/07\/Buy-Dexedrine-5mg-Pills-Online.jpg\" \/>\n\t<meta property=\"og:image:width\" content=\"600\" \/>\n\t<meta property=\"og:image:height\" content=\"600\" \/>\n\t<meta property=\"og:image:type\" content=\"image\/jpeg\" \/>\n<meta name=\"twitter:card\" content=\"summary_large_image\" \/>\n<meta name=\"twitter:label1\" content=\"Est. reading time\" \/>\n\t<meta name=\"twitter:data1\" content=\"2 minutes\" \/>\n<script type=\"application\/ld+json\" class=\"yoast-schema-graph\">{\"@context\":\"https:\\\/\\\/schema.org\",\"@graph\":[{\"@type\":\"WebPage\",\"@id\":\"https:\\\/\\\/gooddealersmeds.com\\\/fr\\\/product\\\/acheter-dexedrine-5mg-pilules-en-ligne\\\/\",\"url\":\"https:\\\/\\\/gooddealersmeds.com\\\/fr\\\/product\\\/acheter-dexedrine-5mg-pilules-en-ligne\\\/\",\"name\":\"Dex\u00e9drine \u00e0 vendre | Acheter des pilules Dexedrine Good Dealers Meds\",\"isPartOf\":{\"@id\":\"https:\\\/\\\/gooddealersmeds.com\\\/fr\\\/#website\"},\"primaryImageOfPage\":{\"@id\":\"https:\\\/\\\/gooddealersmeds.com\\\/fr\\\/product\\\/acheter-dexedrine-5mg-pilules-en-ligne\\\/#primaryimage\"},\"image\":{\"@id\":\"https:\\\/\\\/gooddealersmeds.com\\\/fr\\\/product\\\/acheter-dexedrine-5mg-pilules-en-ligne\\\/#primaryimage\"},\"thumbnailUrl\":\"https:\\\/\\\/gooddealersmeds.com\\\/fr\\\/wp-content\\\/uploads\\\/sites\\\/5\\\/2022\\\/07\\\/Buy-Dexedrine-5mg-Pills-Online.jpg\",\"datePublished\":\"2022-07-03T12:27:31+00:00\",\"dateModified\":\"2023-01-05T21:34:11+00:00\",\"description\":\"Dex\u00e9drine \u00e0 vendre 5mg en ligne sans ordonnance. Commandez dexedrine et b\u00e9n\u00e9ficiez d'un service de livraison \u00e0 votre porte dans les plus brefs d\u00e9lais !\",\"breadcrumb\":{\"@id\":\"https:\\\/\\\/gooddealersmeds.com\\\/fr\\\/product\\\/acheter-dexedrine-5mg-pilules-en-ligne\\\/#breadcrumb\"},\"inLanguage\":\"en-US\",\"potentialAction\":[{\"@type\":\"ReadAction\",\"target\":[\"https:\\\/\\\/gooddealersmeds.com\\\/fr\\\/product\\\/acheter-dexedrine-5mg-pilules-en-ligne\\\/\"]}]},{\"@type\":\"ImageObject\",\"inLanguage\":\"en-US\",\"@id\":\"https:\\\/\\\/gooddealersmeds.com\\\/fr\\\/product\\\/acheter-dexedrine-5mg-pilules-en-ligne\\\/#primaryimage\",\"url\":\"https:\\\/\\\/gooddealersmeds.com\\\/fr\\\/wp-content\\\/uploads\\\/sites\\\/5\\\/2022\\\/07\\\/Buy-Dexedrine-5mg-Pills-Online.jpg\",\"contentUrl\":\"https:\\\/\\\/gooddealersmeds.com\\\/fr\\\/wp-content\\\/uploads\\\/sites\\\/5\\\/2022\\\/07\\\/Buy-Dexedrine-5mg-Pills-Online.jpg\",\"width\":600,\"height\":600,\"caption\":\"Buy Dexedrine 5mg Pills\"},{\"@type\":\"BreadcrumbList\",\"@id\":\"https:\\\/\\\/gooddealersmeds.com\\\/fr\\\/product\\\/acheter-dexedrine-5mg-pilules-en-ligne\\\/#breadcrumb\",\"itemListElement\":[{\"@type\":\"ListItem\",\"position\":1,\"name\":\"Home\",\"item\":\"https:\\\/\\\/gooddealersmeds.com\\\/fr\\\/\"},{\"@type\":\"ListItem\",\"position\":2,\"name\":\"Des produits\",\"item\":\"https:\\\/\\\/gooddealersmeds.com\\\/fr\\\/des-produits\\\/\"},{\"@type\":\"ListItem\",\"position\":3,\"name\":\"Acheter des pilules Dexedrine 5mg en ligne\"}]},{\"@type\":\"WebSite\",\"@id\":\"https:\\\/\\\/gooddealersmeds.com\\\/fr\\\/#website\",\"url\":\"https:\\\/\\\/gooddealersmeds.com\\\/fr\\\/\",\"name\":\"Good Dealers Meds\",\"description\":\"All our best\",\"publisher\":{\"@id\":\"https:\\\/\\\/gooddealersmeds.com\\\/fr\\\/#organization\"},\"potentialAction\":[{\"@type\":\"SearchAction\",\"target\":{\"@type\":\"EntryPoint\",\"urlTemplate\":\"https:\\\/\\\/gooddealersmeds.com\\\/fr\\\/?s={search_term_string}\"},\"query-input\":{\"@type\":\"PropertyValueSpecification\",\"valueRequired\":true,\"valueName\":\"search_term_string\"}}],\"inLanguage\":\"en-US\"},{\"@type\":\"Organization\",\"@id\":\"https:\\\/\\\/gooddealersmeds.com\\\/fr\\\/#organization\",\"name\":\"Good Dealers Meds\",\"url\":\"https:\\\/\\\/gooddealersmeds.com\\\/fr\\\/\",\"logo\":{\"@type\":\"ImageObject\",\"inLanguage\":\"en-US\",\"@id\":\"https:\\\/\\\/gooddealersmeds.com\\\/fr\\\/#\\\/schema\\\/logo\\\/image\\\/\",\"url\":\"https:\\\/\\\/gooddealersmeds.com\\\/fr\\\/wp-content\\\/uploads\\\/sites\\\/5\\\/2022\\\/03\\\/gooddealersmeds__logo__20220317T222800Z.00.png\",\"contentUrl\":\"https:\\\/\\\/gooddealersmeds.com\\\/fr\\\/wp-content\\\/uploads\\\/sites\\\/5\\\/2022\\\/03\\\/gooddealersmeds__logo__20220317T222800Z.00.png\",\"width\":500,\"height\":325,\"caption\":\"Good Dealers Meds\"},\"image\":{\"@id\":\"https:\\\/\\\/gooddealersmeds.com\\\/fr\\\/#\\\/schema\\\/logo\\\/image\\\/\"}}]}<\/script>\n<!-- \/ Yoast SEO Premium plugin. -->","yoast_head_json":{"title":"Dex\u00e9drine \u00e0 vendre | Acheter des pilules Dexedrine Good Dealers Meds","description":"Dex\u00e9drine \u00e0 vendre 5mg en ligne sans ordonnance. Commandez dexedrine et b\u00e9n\u00e9ficiez d'un service de livraison \u00e0 votre porte dans les plus brefs d\u00e9lais !","robots":{"index":"index","follow":"follow","max-snippet":"max-snippet:-1","max-image-preview":"max-image-preview:large","max-video-preview":"max-video-preview:-1"},"canonical":"https:\/\/gooddealersmeds.com\/fr\/product\/acheter-dexedrine-5mg-pilules-en-ligne\/","og_locale":"en_US","og_type":"article","og_title":"Acheter des pilules Dexedrine 5mg en ligne","og_description":"Dex\u00e9drine \u00e0 vendre 5mg en ligne sans ordonnance. Commandez dexedrine et b\u00e9n\u00e9ficiez d'un service de livraison \u00e0 votre porte dans les plus brefs d\u00e9lais !","og_url":"https:\/\/gooddealersmeds.com\/fr\/product\/acheter-dexedrine-5mg-pilules-en-ligne\/","og_site_name":"Good Dealers Meds","article_modified_time":"2023-01-05T21:34:11+00:00","og_image":[{"width":600,"height":600,"url":"https:\/\/gooddealersmeds.com\/fr\/wp-content\/uploads\/sites\/5\/2022\/07\/Buy-Dexedrine-5mg-Pills-Online.jpg","type":"image\/jpeg"}],"twitter_card":"summary_large_image","twitter_misc":{"Est. reading time":"2 minutes"},"schema":{"@context":"https:\/\/schema.org","@graph":[{"@type":"WebPage","@id":"https:\/\/gooddealersmeds.com\/fr\/product\/acheter-dexedrine-5mg-pilules-en-ligne\/","url":"https:\/\/gooddealersmeds.com\/fr\/product\/acheter-dexedrine-5mg-pilules-en-ligne\/","name":"Dex\u00e9drine \u00e0 vendre | Acheter des pilules Dexedrine Good Dealers Meds","isPartOf":{"@id":"https:\/\/gooddealersmeds.com\/fr\/#website"},"primaryImageOfPage":{"@id":"https:\/\/gooddealersmeds.com\/fr\/product\/acheter-dexedrine-5mg-pilules-en-ligne\/#primaryimage"},"image":{"@id":"https:\/\/gooddealersmeds.com\/fr\/product\/acheter-dexedrine-5mg-pilules-en-ligne\/#primaryimage"},"thumbnailUrl":"https:\/\/gooddealersmeds.com\/fr\/wp-content\/uploads\/sites\/5\/2022\/07\/Buy-Dexedrine-5mg-Pills-Online.jpg","datePublished":"2022-07-03T12:27:31+00:00","dateModified":"2023-01-05T21:34:11+00:00","description":"Dex\u00e9drine \u00e0 vendre 5mg en ligne sans ordonnance. Commandez dexedrine et b\u00e9n\u00e9ficiez d'un service de livraison \u00e0 votre porte dans les plus brefs d\u00e9lais !","breadcrumb":{"@id":"https:\/\/gooddealersmeds.com\/fr\/product\/acheter-dexedrine-5mg-pilules-en-ligne\/#breadcrumb"},"inLanguage":"en-US","potentialAction":[{"@type":"ReadAction","target":["https:\/\/gooddealersmeds.com\/fr\/product\/acheter-dexedrine-5mg-pilules-en-ligne\/"]}]},{"@type":"ImageObject","inLanguage":"en-US","@id":"https:\/\/gooddealersmeds.com\/fr\/product\/acheter-dexedrine-5mg-pilules-en-ligne\/#primaryimage","url":"https:\/\/gooddealersmeds.com\/fr\/wp-content\/uploads\/sites\/5\/2022\/07\/Buy-Dexedrine-5mg-Pills-Online.jpg","contentUrl":"https:\/\/gooddealersmeds.com\/fr\/wp-content\/uploads\/sites\/5\/2022\/07\/Buy-Dexedrine-5mg-Pills-Online.jpg","width":600,"height":600,"caption":"Buy Dexedrine 5mg Pills"},{"@type":"BreadcrumbList","@id":"https:\/\/gooddealersmeds.com\/fr\/product\/acheter-dexedrine-5mg-pilules-en-ligne\/#breadcrumb","itemListElement":[{"@type":"ListItem","position":1,"name":"Home","item":"https:\/\/gooddealersmeds.com\/fr\/"},{"@type":"ListItem","position":2,"name":"Des produits","item":"https:\/\/gooddealersmeds.com\/fr\/des-produits\/"},{"@type":"ListItem","position":3,"name":"Acheter des pilules Dexedrine 5mg en ligne"}]},{"@type":"WebSite","@id":"https:\/\/gooddealersmeds.com\/fr\/#website","url":"https:\/\/gooddealersmeds.com\/fr\/","name":"Good Dealers Meds","description":"All our best","publisher":{"@id":"https:\/\/gooddealersmeds.com\/fr\/#organization"},"potentialAction":[{"@type":"SearchAction","target":{"@type":"EntryPoint","urlTemplate":"https:\/\/gooddealersmeds.com\/fr\/?s={search_term_string}"},"query-input":{"@type":"PropertyValueSpecification","valueRequired":true,"valueName":"search_term_string"}}],"inLanguage":"en-US"},{"@type":"Organization","@id":"https:\/\/gooddealersmeds.com\/fr\/#organization","name":"Good Dealers Meds","url":"https:\/\/gooddealersmeds.com\/fr\/","logo":{"@type":"ImageObject","inLanguage":"en-US","@id":"https:\/\/gooddealersmeds.com\/fr\/#\/schema\/logo\/image\/","url":"https:\/\/gooddealersmeds.com\/fr\/wp-content\/uploads\/sites\/5\/2022\/03\/gooddealersmeds__logo__20220317T222800Z.00.png","contentUrl":"https:\/\/gooddealersmeds.com\/fr\/wp-content\/uploads\/sites\/5\/2022\/03\/gooddealersmeds__logo__20220317T222800Z.00.png","width":500,"height":325,"caption":"Good Dealers Meds"},"image":{"@id":"https:\/\/gooddealersmeds.com\/fr\/#\/schema\/logo\/image\/"}}]}},"_links":{"self":[{"href":"https:\/\/gooddealersmeds.com\/fr\/wp-json\/wp\/v2\/product\/1938","targetHints":{"allow":["GET"]}}],"collection":[{"href":"https:\/\/gooddealersmeds.com\/fr\/wp-json\/wp\/v2\/product"}],"about":[{"href":"https:\/\/gooddealersmeds.com\/fr\/wp-json\/wp\/v2\/types\/product"}],"replies":[{"embeddable":true,"href":"https:\/\/gooddealersmeds.com\/fr\/wp-json\/wp\/v2\/comments?post=1938"}],"wp:featuredmedia":[{"embeddable":true,"href":"https:\/\/gooddealersmeds.com\/fr\/wp-json\/wp\/v2\/media\/1943"}],"wp:attachment":[{"href":"https:\/\/gooddealersmeds.com\/fr\/wp-json\/wp\/v2\/media?parent=1938"}],"wp:term":[{"taxonomy":"product_brand","embeddable":true,"href":"https:\/\/gooddealersmeds.com\/fr\/wp-json\/wp\/v2\/product_brand?post=1938"},{"taxonomy":"product_cat","embeddable":true,"href":"https:\/\/gooddealersmeds.com\/fr\/wp-json\/wp\/v2\/product_cat?post=1938"},{"taxonomy":"product_tag","embeddable":true,"href":"https:\/\/gooddealersmeds.com\/fr\/wp-json\/wp\/v2\/product_tag?post=1938"}],"curies":[{"name":"wp","href":"https:\/\/api.w.org\/{rel}","templated":true}]}}