{"id":1932,"date":"2022-07-03T12:18:16","date_gmt":"2022-07-03T12:18:16","guid":{"rendered":"https:\/\/gooddealersmeds.com\/fr\/?post_type=product&#038;p=1932"},"modified":"2023-01-05T21:35:13","modified_gmt":"2023-01-05T21:35:13","slug":"4-fea-drogues","status":"publish","type":"product","link":"https:\/\/gooddealersmeds.com\/fr\/product\/4-fea-drogues\/","title":{"rendered":"Acheter des m\u00e9dicaments 4-FEA en ligne"},"content":{"rendered":"<h2><strong>Acheter 4-FEA en ligne<\/strong><\/h2>\n<p>Les corticost\u00e9ro\u00efdes sont un groupe de m\u00e9dicaments utilis\u00e9s depuis des ann\u00e9es pour traiter toutes sortes de conditions, y compris l&#8217;asthme et les r\u00e9actions allergiques. Ils sont \u00e9galement utilis\u00e9s pour traiter le trouble bipolaire et d&#8217;autres probl\u00e8mes de sant\u00e9 mentale.<\/p>\n<p>Mais maintenant, une nouvelle g\u00e9n\u00e9ration de corticost\u00e9ro\u00efdes est disponible, et elle est plus s\u00fbre que jamais\u00a0! Cette nouvelle g\u00e9n\u00e9ration se pr\u00e9sente sous la forme de <a href=\"https:\/\/gooddealersmeds.com\/fr\/product\/4-fea-drugs\/\">m\u00e9dicaments 4-FEA<\/a>. Ces m\u00e9dicaments sont con\u00e7us pour \u00eatre plus doux pour votre corps que les autres corticost\u00e9ro\u00efdes traditionnels, vous pouvez donc les utiliser sans vous soucier des effets secondaires.<\/p>\n<p>Vous vous demandez, &#8220;Comment fonctionnent les m\u00e9dicaments 4-FEA\u00a0?&#8221;<\/p>\n<p>Les m\u00e9dicaments 4-FEA agissent en r\u00e9duisant l&#8217;inflammation dans votre corps. Ils r\u00e9duisent \u00e9galement l&#8217;enflure et aident votre syst\u00e8me immunitaire \u00e0 combattre les infections. Parce qu&#8217;ils n&#8217;ont pas les m\u00eames effets secondaires que les autres options de traitement m\u00e9dicamenteux, ils sont parfaits pour les personnes qui veulent quelque chose qui agit rapidement sans causer de douleur ou d&#8217;inconfort.<\/p>\n<p>&nbsp;<\/p>\n<p><strong>Pourquoi commander des m\u00e9dicaments 4-FEA en ligne\u00a0?<\/strong><\/p>\n<p>Il n&#8217;y a aucun risque associ\u00e9 \u00e0 l&#8217;achat de m\u00e9dicaments 4-FEA en ligne qui pourrait \u00eatre pr\u00e9sent lorsque vous achetez-les en personne.<\/p>\n<p>Acheter des m\u00e9dicaments 4-FEA en ligne peut \u00eatre moins cher que de les acheter dans un bureau ou une pharmacie. Lorsque vous recherchez des prix sur les m\u00e9dicaments 4-FEA, assurez-vous de comparer diff\u00e9rents sites Web et de voir ce qu&#8217;ils ont \u00e0 offrir.<\/p>\n<p>Lorsque vous achetez des m\u00e9dicaments <a href=\"https:\/\/en.wikipedia.org\/wiki\/4-Fluoromethamphetamine\">4-FEA<\/a> en ligne, vous pouvez acc\u00e9der \u00e0 tous vos m\u00e9dicaments en m\u00eame temps. Surtout si vous avez du mal \u00e0 vous souvenir de la date d&#8217;\u00e9ch\u00e9ance de vos ordonnances, vous n&#8217;avez plus besoin de vous rendre dans plusieurs pharmacies pour obtenir vos m\u00e9dicaments.<\/p>\n<p>&nbsp;<\/p>\n<p><strong>O\u00f9 aller pour acheter 4 -FEA Drugs Online\u00a0?<\/strong><\/p>\n<p>Vous pouvez acheter des m\u00e9dicaments 4-FEA en ligne chez Good Dealers Meds \u00e0 des prix abordables. Nous vous offrons les meilleurs prix pour effectuer votre achat et prenons soin de tout ce que vous aimeriez voir dans votre achat de m\u00e9dicaments en ligne\u00a0: qualit\u00e9, confort et confidentialit\u00e9, par exemple.<\/p>\n","protected":false},"excerpt":{"rendered":"<p>Acheter des m\u00e9dicaments 4-FEA en ligne est un stimulant li\u00e9 \u00e0 la m\u00e9thamph\u00e9tamine et \u00e0 la 4-fluoroamph\u00e9tamine. Il a \u00e9t\u00e9 rapport\u00e9 qu&#8217;il est vendu comme drogue de synth\u00e8se, mais on sait peu de choses sur sa pharmacologie ou sa toxicologie.<\/p>\n","protected":false},"featured_media":1937,"comment_status":"open","ping_status":"closed","template":"","meta":{"inline_featured_image":false},"product_brand":[],"product_cat":[344],"product_tag":[],"class_list":{"0":"post-1932","1":"product","2":"type-product","3":"status-publish","4":"has-post-thumbnail","6":"product_cat-produits-chimiques-de-recherche","8":"first","9":"instock","10":"shipping-taxable","11":"purchasable","12":"product-type-variable","13":"has-default-attributes"},"yoast_head":"<!-- This site is optimized with the Yoast SEO Premium plugin v20.6 (Yoast SEO v27.3) - https:\/\/yoast.com\/product\/yoast-seo-premium-wordpress\/ -->\n<title>Acheter 4-FEA en ligne | MCommander un m\u00e9dicament 4-FEA de qualit\u00e9<\/title>\n<meta name=\"description\" content=\"Acheter 4-FEA en ligne est un m\u00e9dicament stimulant li\u00e9 \u00e0 la m\u00e9thamph\u00e9tamine et \u00e0 la 4-fluoroamph\u00e9tamine de Good Dealers Meds. 4-FEA m\u00e9dicaments \u00e0 vendre\" \/>\n<meta name=\"robots\" content=\"index, follow, max-snippet:-1, max-image-preview:large, max-video-preview:-1\" \/>\n<link rel=\"canonical\" href=\"https:\/\/gooddealersmeds.com\/fr\/product\/4-fea-drogues\/\" \/>\n<meta property=\"og:locale\" content=\"en_US\" \/>\n<meta property=\"og:type\" content=\"article\" \/>\n<meta property=\"og:title\" content=\"Acheter des m\u00e9dicaments 4-FEA en ligne\" \/>\n<meta property=\"og:description\" content=\"Acheter 4-FEA en ligne est un m\u00e9dicament stimulant li\u00e9 \u00e0 la m\u00e9thamph\u00e9tamine et \u00e0 la 4-fluoroamph\u00e9tamine de Good Dealers Meds. 4-FEA m\u00e9dicaments \u00e0 vendre\" \/>\n<meta property=\"og:url\" content=\"https:\/\/gooddealersmeds.com\/fr\/product\/4-fea-drogues\/\" \/>\n<meta property=\"og:site_name\" content=\"Good Dealers Meds\" \/>\n<meta property=\"article:modified_time\" content=\"2023-01-05T21:35:13+00:00\" \/>\n<meta property=\"og:image\" content=\"https:\/\/gooddealersmeds.com\/fr\/wp-content\/uploads\/sites\/5\/2022\/07\/4-FEA-Drugs.jpg\" \/>\n\t<meta property=\"og:image:width\" content=\"600\" \/>\n\t<meta property=\"og:image:height\" content=\"600\" \/>\n\t<meta property=\"og:image:type\" content=\"image\/jpeg\" \/>\n<meta name=\"twitter:card\" content=\"summary_large_image\" \/>\n<meta name=\"twitter:label1\" content=\"Est. reading time\" \/>\n\t<meta name=\"twitter:data1\" content=\"2 minutes\" \/>\n<script type=\"application\/ld+json\" class=\"yoast-schema-graph\">{\"@context\":\"https:\\\/\\\/schema.org\",\"@graph\":[{\"@type\":\"WebPage\",\"@id\":\"https:\\\/\\\/gooddealersmeds.com\\\/fr\\\/product\\\/4-fea-drogues\\\/\",\"url\":\"https:\\\/\\\/gooddealersmeds.com\\\/fr\\\/product\\\/4-fea-drogues\\\/\",\"name\":\"Acheter 4-FEA en ligne | MCommander un m\u00e9dicament 4-FEA de qualit\u00e9\",\"isPartOf\":{\"@id\":\"https:\\\/\\\/gooddealersmeds.com\\\/fr\\\/#website\"},\"primaryImageOfPage\":{\"@id\":\"https:\\\/\\\/gooddealersmeds.com\\\/fr\\\/product\\\/4-fea-drogues\\\/#primaryimage\"},\"image\":{\"@id\":\"https:\\\/\\\/gooddealersmeds.com\\\/fr\\\/product\\\/4-fea-drogues\\\/#primaryimage\"},\"thumbnailUrl\":\"https:\\\/\\\/gooddealersmeds.com\\\/fr\\\/wp-content\\\/uploads\\\/sites\\\/5\\\/2022\\\/07\\\/4-FEA-Drugs.jpg\",\"datePublished\":\"2022-07-03T12:18:16+00:00\",\"dateModified\":\"2023-01-05T21:35:13+00:00\",\"description\":\"Acheter 4-FEA en ligne est un m\u00e9dicament stimulant li\u00e9 \u00e0 la m\u00e9thamph\u00e9tamine et \u00e0 la 4-fluoroamph\u00e9tamine de Good Dealers Meds. 4-FEA m\u00e9dicaments \u00e0 vendre\",\"breadcrumb\":{\"@id\":\"https:\\\/\\\/gooddealersmeds.com\\\/fr\\\/product\\\/4-fea-drogues\\\/#breadcrumb\"},\"inLanguage\":\"en-US\",\"potentialAction\":[{\"@type\":\"ReadAction\",\"target\":[\"https:\\\/\\\/gooddealersmeds.com\\\/fr\\\/product\\\/4-fea-drogues\\\/\"]}]},{\"@type\":\"ImageObject\",\"inLanguage\":\"en-US\",\"@id\":\"https:\\\/\\\/gooddealersmeds.com\\\/fr\\\/product\\\/4-fea-drogues\\\/#primaryimage\",\"url\":\"https:\\\/\\\/gooddealersmeds.com\\\/fr\\\/wp-content\\\/uploads\\\/sites\\\/5\\\/2022\\\/07\\\/4-FEA-Drugs.jpg\",\"contentUrl\":\"https:\\\/\\\/gooddealersmeds.com\\\/fr\\\/wp-content\\\/uploads\\\/sites\\\/5\\\/2022\\\/07\\\/4-FEA-Drugs.jpg\",\"width\":600,\"height\":600,\"caption\":\"4-FEA Drugs\"},{\"@type\":\"BreadcrumbList\",\"@id\":\"https:\\\/\\\/gooddealersmeds.com\\\/fr\\\/product\\\/4-fea-drogues\\\/#breadcrumb\",\"itemListElement\":[{\"@type\":\"ListItem\",\"position\":1,\"name\":\"Home\",\"item\":\"https:\\\/\\\/gooddealersmeds.com\\\/fr\\\/\"},{\"@type\":\"ListItem\",\"position\":2,\"name\":\"Des produits\",\"item\":\"https:\\\/\\\/gooddealersmeds.com\\\/fr\\\/des-produits\\\/\"},{\"@type\":\"ListItem\",\"position\":3,\"name\":\"Acheter des m\u00e9dicaments 4-FEA en ligne\"}]},{\"@type\":\"WebSite\",\"@id\":\"https:\\\/\\\/gooddealersmeds.com\\\/fr\\\/#website\",\"url\":\"https:\\\/\\\/gooddealersmeds.com\\\/fr\\\/\",\"name\":\"Good Dealers Meds\",\"description\":\"All our best\",\"publisher\":{\"@id\":\"https:\\\/\\\/gooddealersmeds.com\\\/fr\\\/#organization\"},\"potentialAction\":[{\"@type\":\"SearchAction\",\"target\":{\"@type\":\"EntryPoint\",\"urlTemplate\":\"https:\\\/\\\/gooddealersmeds.com\\\/fr\\\/?s={search_term_string}\"},\"query-input\":{\"@type\":\"PropertyValueSpecification\",\"valueRequired\":true,\"valueName\":\"search_term_string\"}}],\"inLanguage\":\"en-US\"},{\"@type\":\"Organization\",\"@id\":\"https:\\\/\\\/gooddealersmeds.com\\\/fr\\\/#organization\",\"name\":\"Good Dealers Meds\",\"url\":\"https:\\\/\\\/gooddealersmeds.com\\\/fr\\\/\",\"logo\":{\"@type\":\"ImageObject\",\"inLanguage\":\"en-US\",\"@id\":\"https:\\\/\\\/gooddealersmeds.com\\\/fr\\\/#\\\/schema\\\/logo\\\/image\\\/\",\"url\":\"https:\\\/\\\/gooddealersmeds.com\\\/fr\\\/wp-content\\\/uploads\\\/sites\\\/5\\\/2022\\\/03\\\/gooddealersmeds__logo__20220317T222800Z.00.png\",\"contentUrl\":\"https:\\\/\\\/gooddealersmeds.com\\\/fr\\\/wp-content\\\/uploads\\\/sites\\\/5\\\/2022\\\/03\\\/gooddealersmeds__logo__20220317T222800Z.00.png\",\"width\":500,\"height\":325,\"caption\":\"Good Dealers Meds\"},\"image\":{\"@id\":\"https:\\\/\\\/gooddealersmeds.com\\\/fr\\\/#\\\/schema\\\/logo\\\/image\\\/\"}}]}<\/script>\n<!-- \/ Yoast SEO Premium plugin. -->","yoast_head_json":{"title":"Acheter 4-FEA en ligne | MCommander un m\u00e9dicament 4-FEA de qualit\u00e9","description":"Acheter 4-FEA en ligne est un m\u00e9dicament stimulant li\u00e9 \u00e0 la m\u00e9thamph\u00e9tamine et \u00e0 la 4-fluoroamph\u00e9tamine de Good Dealers Meds. 4-FEA m\u00e9dicaments \u00e0 vendre","robots":{"index":"index","follow":"follow","max-snippet":"max-snippet:-1","max-image-preview":"max-image-preview:large","max-video-preview":"max-video-preview:-1"},"canonical":"https:\/\/gooddealersmeds.com\/fr\/product\/4-fea-drogues\/","og_locale":"en_US","og_type":"article","og_title":"Acheter des m\u00e9dicaments 4-FEA en ligne","og_description":"Acheter 4-FEA en ligne est un m\u00e9dicament stimulant li\u00e9 \u00e0 la m\u00e9thamph\u00e9tamine et \u00e0 la 4-fluoroamph\u00e9tamine de Good Dealers Meds. 4-FEA m\u00e9dicaments \u00e0 vendre","og_url":"https:\/\/gooddealersmeds.com\/fr\/product\/4-fea-drogues\/","og_site_name":"Good Dealers Meds","article_modified_time":"2023-01-05T21:35:13+00:00","og_image":[{"width":600,"height":600,"url":"https:\/\/gooddealersmeds.com\/fr\/wp-content\/uploads\/sites\/5\/2022\/07\/4-FEA-Drugs.jpg","type":"image\/jpeg"}],"twitter_card":"summary_large_image","twitter_misc":{"Est. reading time":"2 minutes"},"schema":{"@context":"https:\/\/schema.org","@graph":[{"@type":"WebPage","@id":"https:\/\/gooddealersmeds.com\/fr\/product\/4-fea-drogues\/","url":"https:\/\/gooddealersmeds.com\/fr\/product\/4-fea-drogues\/","name":"Acheter 4-FEA en ligne | MCommander un m\u00e9dicament 4-FEA de qualit\u00e9","isPartOf":{"@id":"https:\/\/gooddealersmeds.com\/fr\/#website"},"primaryImageOfPage":{"@id":"https:\/\/gooddealersmeds.com\/fr\/product\/4-fea-drogues\/#primaryimage"},"image":{"@id":"https:\/\/gooddealersmeds.com\/fr\/product\/4-fea-drogues\/#primaryimage"},"thumbnailUrl":"https:\/\/gooddealersmeds.com\/fr\/wp-content\/uploads\/sites\/5\/2022\/07\/4-FEA-Drugs.jpg","datePublished":"2022-07-03T12:18:16+00:00","dateModified":"2023-01-05T21:35:13+00:00","description":"Acheter 4-FEA en ligne est un m\u00e9dicament stimulant li\u00e9 \u00e0 la m\u00e9thamph\u00e9tamine et \u00e0 la 4-fluoroamph\u00e9tamine de Good Dealers Meds. 4-FEA m\u00e9dicaments \u00e0 vendre","breadcrumb":{"@id":"https:\/\/gooddealersmeds.com\/fr\/product\/4-fea-drogues\/#breadcrumb"},"inLanguage":"en-US","potentialAction":[{"@type":"ReadAction","target":["https:\/\/gooddealersmeds.com\/fr\/product\/4-fea-drogues\/"]}]},{"@type":"ImageObject","inLanguage":"en-US","@id":"https:\/\/gooddealersmeds.com\/fr\/product\/4-fea-drogues\/#primaryimage","url":"https:\/\/gooddealersmeds.com\/fr\/wp-content\/uploads\/sites\/5\/2022\/07\/4-FEA-Drugs.jpg","contentUrl":"https:\/\/gooddealersmeds.com\/fr\/wp-content\/uploads\/sites\/5\/2022\/07\/4-FEA-Drugs.jpg","width":600,"height":600,"caption":"4-FEA Drugs"},{"@type":"BreadcrumbList","@id":"https:\/\/gooddealersmeds.com\/fr\/product\/4-fea-drogues\/#breadcrumb","itemListElement":[{"@type":"ListItem","position":1,"name":"Home","item":"https:\/\/gooddealersmeds.com\/fr\/"},{"@type":"ListItem","position":2,"name":"Des produits","item":"https:\/\/gooddealersmeds.com\/fr\/des-produits\/"},{"@type":"ListItem","position":3,"name":"Acheter des m\u00e9dicaments 4-FEA en ligne"}]},{"@type":"WebSite","@id":"https:\/\/gooddealersmeds.com\/fr\/#website","url":"https:\/\/gooddealersmeds.com\/fr\/","name":"Good Dealers Meds","description":"All our best","publisher":{"@id":"https:\/\/gooddealersmeds.com\/fr\/#organization"},"potentialAction":[{"@type":"SearchAction","target":{"@type":"EntryPoint","urlTemplate":"https:\/\/gooddealersmeds.com\/fr\/?s={search_term_string}"},"query-input":{"@type":"PropertyValueSpecification","valueRequired":true,"valueName":"search_term_string"}}],"inLanguage":"en-US"},{"@type":"Organization","@id":"https:\/\/gooddealersmeds.com\/fr\/#organization","name":"Good Dealers Meds","url":"https:\/\/gooddealersmeds.com\/fr\/","logo":{"@type":"ImageObject","inLanguage":"en-US","@id":"https:\/\/gooddealersmeds.com\/fr\/#\/schema\/logo\/image\/","url":"https:\/\/gooddealersmeds.com\/fr\/wp-content\/uploads\/sites\/5\/2022\/03\/gooddealersmeds__logo__20220317T222800Z.00.png","contentUrl":"https:\/\/gooddealersmeds.com\/fr\/wp-content\/uploads\/sites\/5\/2022\/03\/gooddealersmeds__logo__20220317T222800Z.00.png","width":500,"height":325,"caption":"Good Dealers Meds"},"image":{"@id":"https:\/\/gooddealersmeds.com\/fr\/#\/schema\/logo\/image\/"}}]}},"_links":{"self":[{"href":"https:\/\/gooddealersmeds.com\/fr\/wp-json\/wp\/v2\/product\/1932","targetHints":{"allow":["GET"]}}],"collection":[{"href":"https:\/\/gooddealersmeds.com\/fr\/wp-json\/wp\/v2\/product"}],"about":[{"href":"https:\/\/gooddealersmeds.com\/fr\/wp-json\/wp\/v2\/types\/product"}],"replies":[{"embeddable":true,"href":"https:\/\/gooddealersmeds.com\/fr\/wp-json\/wp\/v2\/comments?post=1932"}],"wp:featuredmedia":[{"embeddable":true,"href":"https:\/\/gooddealersmeds.com\/fr\/wp-json\/wp\/v2\/media\/1937"}],"wp:attachment":[{"href":"https:\/\/gooddealersmeds.com\/fr\/wp-json\/wp\/v2\/media?parent=1932"}],"wp:term":[{"taxonomy":"product_brand","embeddable":true,"href":"https:\/\/gooddealersmeds.com\/fr\/wp-json\/wp\/v2\/product_brand?post=1932"},{"taxonomy":"product_cat","embeddable":true,"href":"https:\/\/gooddealersmeds.com\/fr\/wp-json\/wp\/v2\/product_cat?post=1932"},{"taxonomy":"product_tag","embeddable":true,"href":"https:\/\/gooddealersmeds.com\/fr\/wp-json\/wp\/v2\/product_tag?post=1932"}],"curies":[{"name":"wp","href":"https:\/\/api.w.org\/{rel}","templated":true}]}}