{"id":1925,"date":"2022-07-03T12:14:01","date_gmt":"2022-07-03T12:14:01","guid":{"rendered":"https:\/\/gooddealersmeds.com\/fr\/?post_type=product&#038;p=1925"},"modified":"2023-01-05T21:38:27","modified_gmt":"2023-01-05T21:38:27","slug":"2-oxo-pce-medicaments","status":"publish","type":"product","link":"https:\/\/gooddealersmeds.com\/fr\/product\/2-oxo-pce-medicaments\/","title":{"rendered":"Commandez m\u00e9dicaments 2 Oxo Pce"},"content":{"rendered":"<h2>\u00a0m\u00e9dicaments 2\u00a0Oxo Pce \u00e0 vendre en ligne<\/h2>\n<p>Acheter 2 Oxo Pce en ligne &#8211; Les m\u00e9dicaments Oxo Pce sont un type de m\u00e9dicament qui peut \u00eatre utilis\u00e9 pour traiter l&#8217;hypoglyc\u00e9mie. Ils agissent en aidant le pancr\u00e9as \u00e0 fabriquer les hormones insuline et glucagon, qui aident \u00e0 maintenir votre taux de sucre dans le sang stable.<\/p>\n<p>Contrairement \u00e0 la plupart des autres anti-inflammatoires, Oxo-Pce agit sur plus d&#8217;un type d&#8217;inflammation. Il aidera \u00e0 lutter contre la polyarthrite rhumato\u00efde, l&#8217;arthrose et d&#8217;autres maladies inflammatoires telles que le psoriasis et la goutte.<\/p>\n<p>Le m\u00e9dicament s&#8217;est \u00e9galement av\u00e9r\u00e9 efficace pour r\u00e9duire la raideur matinale caus\u00e9e par l&#8217;arthrose et la polyarthrite rhumato\u00efde (PR). Cela aide les gens \u00e0 se lever et \u00e0 fonctionner normalement tout au long de la journ\u00e9e sans avoir \u00e0 se soucier des articulations raides qui rendent difficile de se d\u00e9placer ou d&#8217;effectuer des t\u00e2ches de base comme sortir du lit tous les matins.<\/p>\n<p>&nbsp;<\/p>\n<p><strong>Pourquoi acheter m\u00e9dicaments 2 Oxo Pce en ligne ?<\/strong><\/p>\n<p>Les principales raisons d&#8217;acheter m\u00e9dicaments 2 Oxo Pce en ligne peuvent \u00eatre trois :<\/p>\n<ul>\n<li>Commodit\u00e9<\/li>\n<li>Confidentialit\u00e9<\/li>\n<li>Qualit\u00e9<\/li>\n<\/ul>\n<p>Si vous souhaitez profiter du meilleur m\u00e9lange de ces trois composants lors de votre achat, vous devez opter pour l&#8217;achat en ligne .<\/p>\n<p>&nbsp;<\/p>\n<p><strong>Le meilleur endroit pour commander\u00a0 m\u00e9dicaments 2 Oxo Pce en ligne<\/strong><\/p>\n<p><strong>\u00a0<\/strong><\/p>\n<p><a href=\"https:\/\/gooddealersmeds.com\/fr\/product\/2-oxo-pce-drugs\/\">Good Dealers Meds<\/a> est le meilleur endroit pour vendre m\u00e9dicaments 2 Oxo Pce en ligne. Nous vendons une grande vari\u00e9t\u00e9 de diff\u00e9rents types de m\u00e9dicaments, y compris m\u00e9dicaments 2 Oxo Pce, vous \u00eates donc s\u00fbr de trouver ce dont vous avez besoin. Si vous cherchez un moyen simple de prendre soin de vos sympt\u00f4mes d&#8217;arthrite sans d\u00e9penser un bras et une jambe chaque mois en m\u00e9dicaments sur ordonnance,\u00a0 m\u00e9dicaments 2 Oxo Pce pourraient vous convenir !<\/p>\n","protected":false},"excerpt":{"rendered":"<p>Acheter des m\u00e9dicaments 2\u2032-OXO-PCE en ligne est des produits chimiques de recherche de haute qualit\u00e9. Vous pouvez acheter du 2\u2032-Oxo-PCE (Eticyclidone, O-PCE) en ligne au prix de gros aupr\u00e8s du fournisseur de confiance Virgin Health Pharmacy.<\/p>\n","protected":false},"featured_media":1931,"comment_status":"open","ping_status":"closed","template":"","meta":{"inline_featured_image":false},"product_brand":[],"product_cat":[344],"product_tag":[],"class_list":{"0":"post-1925","1":"product","2":"type-product","3":"status-publish","4":"has-post-thumbnail","6":"product_cat-produits-chimiques-de-recherche","8":"first","9":"instock","10":"shipping-taxable","11":"purchasable","12":"product-type-variable","13":"has-default-attributes"},"yoast_head":"<!-- This site is optimized with the Yoast SEO Premium plugin v20.6 (Yoast SEO v27.3) - https:\/\/yoast.com\/product\/yoast-seo-premium-wordpress\/ -->\n<title>Acheter 2 Oxo Pce en ligne | 2 Oxo Pce \u00e0 vendre | Good Dealers Meds<\/title>\n<meta name=\"description\" content=\"Acheter 2 Oxo Pce en ligne (\u00e9galement appel\u00e9s Eticyclidone) au prix de gros aupr\u00e8s de fournisseurs de confiance avec la plus grande puret\u00e9.\" \/>\n<meta name=\"robots\" content=\"index, follow, max-snippet:-1, max-image-preview:large, max-video-preview:-1\" \/>\n<link rel=\"canonical\" href=\"https:\/\/gooddealersmeds.com\/fr\/product\/2-oxo-pce-medicaments\/\" \/>\n<meta property=\"og:locale\" content=\"en_US\" \/>\n<meta property=\"og:type\" content=\"article\" \/>\n<meta property=\"og:title\" content=\"Commandez m\u00e9dicaments 2 Oxo Pce\" \/>\n<meta property=\"og:description\" content=\"Acheter 2 Oxo Pce en ligne (\u00e9galement appel\u00e9s Eticyclidone) au prix de gros aupr\u00e8s de fournisseurs de confiance avec la plus grande puret\u00e9.\" \/>\n<meta property=\"og:url\" content=\"https:\/\/gooddealersmeds.com\/fr\/product\/2-oxo-pce-medicaments\/\" \/>\n<meta property=\"og:site_name\" content=\"Good Dealers Meds\" \/>\n<meta property=\"article:modified_time\" content=\"2023-01-05T21:38:27+00:00\" \/>\n<meta property=\"og:image\" content=\"https:\/\/gooddealersmeds.com\/fr\/wp-content\/uploads\/sites\/5\/2022\/07\/2-Oxo-Pce-Drugs.jpg\" \/>\n\t<meta property=\"og:image:width\" content=\"600\" \/>\n\t<meta property=\"og:image:height\" content=\"600\" \/>\n\t<meta property=\"og:image:type\" content=\"image\/jpeg\" \/>\n<meta name=\"twitter:card\" content=\"summary_large_image\" \/>\n<meta name=\"twitter:label1\" content=\"Est. reading time\" \/>\n\t<meta name=\"twitter:data1\" content=\"1 minute\" \/>\n<script type=\"application\/ld+json\" class=\"yoast-schema-graph\">{\"@context\":\"https:\\\/\\\/schema.org\",\"@graph\":[{\"@type\":\"WebPage\",\"@id\":\"https:\\\/\\\/gooddealersmeds.com\\\/fr\\\/product\\\/2-oxo-pce-medicaments\\\/\",\"url\":\"https:\\\/\\\/gooddealersmeds.com\\\/fr\\\/product\\\/2-oxo-pce-medicaments\\\/\",\"name\":\"Acheter 2 Oxo Pce en ligne | 2 Oxo Pce \u00e0 vendre | Good Dealers Meds\",\"isPartOf\":{\"@id\":\"https:\\\/\\\/gooddealersmeds.com\\\/fr\\\/#website\"},\"primaryImageOfPage\":{\"@id\":\"https:\\\/\\\/gooddealersmeds.com\\\/fr\\\/product\\\/2-oxo-pce-medicaments\\\/#primaryimage\"},\"image\":{\"@id\":\"https:\\\/\\\/gooddealersmeds.com\\\/fr\\\/product\\\/2-oxo-pce-medicaments\\\/#primaryimage\"},\"thumbnailUrl\":\"https:\\\/\\\/gooddealersmeds.com\\\/fr\\\/wp-content\\\/uploads\\\/sites\\\/5\\\/2022\\\/07\\\/2-Oxo-Pce-Drugs.jpg\",\"datePublished\":\"2022-07-03T12:14:01+00:00\",\"dateModified\":\"2023-01-05T21:38:27+00:00\",\"description\":\"Acheter 2 Oxo Pce en ligne (\u00e9galement appel\u00e9s Eticyclidone) au prix de gros aupr\u00e8s de fournisseurs de confiance avec la plus grande puret\u00e9.\",\"breadcrumb\":{\"@id\":\"https:\\\/\\\/gooddealersmeds.com\\\/fr\\\/product\\\/2-oxo-pce-medicaments\\\/#breadcrumb\"},\"inLanguage\":\"en-US\",\"potentialAction\":[{\"@type\":\"ReadAction\",\"target\":[\"https:\\\/\\\/gooddealersmeds.com\\\/fr\\\/product\\\/2-oxo-pce-medicaments\\\/\"]}]},{\"@type\":\"ImageObject\",\"inLanguage\":\"en-US\",\"@id\":\"https:\\\/\\\/gooddealersmeds.com\\\/fr\\\/product\\\/2-oxo-pce-medicaments\\\/#primaryimage\",\"url\":\"https:\\\/\\\/gooddealersmeds.com\\\/fr\\\/wp-content\\\/uploads\\\/sites\\\/5\\\/2022\\\/07\\\/2-Oxo-Pce-Drugs.jpg\",\"contentUrl\":\"https:\\\/\\\/gooddealersmeds.com\\\/fr\\\/wp-content\\\/uploads\\\/sites\\\/5\\\/2022\\\/07\\\/2-Oxo-Pce-Drugs.jpg\",\"width\":600,\"height\":600,\"caption\":\"Buy 2 Oxo Pce Drugs Online\"},{\"@type\":\"BreadcrumbList\",\"@id\":\"https:\\\/\\\/gooddealersmeds.com\\\/fr\\\/product\\\/2-oxo-pce-medicaments\\\/#breadcrumb\",\"itemListElement\":[{\"@type\":\"ListItem\",\"position\":1,\"name\":\"Home\",\"item\":\"https:\\\/\\\/gooddealersmeds.com\\\/fr\\\/\"},{\"@type\":\"ListItem\",\"position\":2,\"name\":\"Des produits\",\"item\":\"https:\\\/\\\/gooddealersmeds.com\\\/fr\\\/des-produits\\\/\"},{\"@type\":\"ListItem\",\"position\":3,\"name\":\"Commandez m\u00e9dicaments 2 Oxo Pce\"}]},{\"@type\":\"WebSite\",\"@id\":\"https:\\\/\\\/gooddealersmeds.com\\\/fr\\\/#website\",\"url\":\"https:\\\/\\\/gooddealersmeds.com\\\/fr\\\/\",\"name\":\"Good Dealers Meds\",\"description\":\"All our best\",\"publisher\":{\"@id\":\"https:\\\/\\\/gooddealersmeds.com\\\/fr\\\/#organization\"},\"potentialAction\":[{\"@type\":\"SearchAction\",\"target\":{\"@type\":\"EntryPoint\",\"urlTemplate\":\"https:\\\/\\\/gooddealersmeds.com\\\/fr\\\/?s={search_term_string}\"},\"query-input\":{\"@type\":\"PropertyValueSpecification\",\"valueRequired\":true,\"valueName\":\"search_term_string\"}}],\"inLanguage\":\"en-US\"},{\"@type\":\"Organization\",\"@id\":\"https:\\\/\\\/gooddealersmeds.com\\\/fr\\\/#organization\",\"name\":\"Good Dealers Meds\",\"url\":\"https:\\\/\\\/gooddealersmeds.com\\\/fr\\\/\",\"logo\":{\"@type\":\"ImageObject\",\"inLanguage\":\"en-US\",\"@id\":\"https:\\\/\\\/gooddealersmeds.com\\\/fr\\\/#\\\/schema\\\/logo\\\/image\\\/\",\"url\":\"https:\\\/\\\/gooddealersmeds.com\\\/fr\\\/wp-content\\\/uploads\\\/sites\\\/5\\\/2022\\\/03\\\/gooddealersmeds__logo__20220317T222800Z.00.png\",\"contentUrl\":\"https:\\\/\\\/gooddealersmeds.com\\\/fr\\\/wp-content\\\/uploads\\\/sites\\\/5\\\/2022\\\/03\\\/gooddealersmeds__logo__20220317T222800Z.00.png\",\"width\":500,\"height\":325,\"caption\":\"Good Dealers Meds\"},\"image\":{\"@id\":\"https:\\\/\\\/gooddealersmeds.com\\\/fr\\\/#\\\/schema\\\/logo\\\/image\\\/\"}}]}<\/script>\n<!-- \/ Yoast SEO Premium plugin. -->","yoast_head_json":{"title":"Acheter 2 Oxo Pce en ligne | 2 Oxo Pce \u00e0 vendre | Good Dealers Meds","description":"Acheter 2 Oxo Pce en ligne (\u00e9galement appel\u00e9s Eticyclidone) au prix de gros aupr\u00e8s de fournisseurs de confiance avec la plus grande puret\u00e9.","robots":{"index":"index","follow":"follow","max-snippet":"max-snippet:-1","max-image-preview":"max-image-preview:large","max-video-preview":"max-video-preview:-1"},"canonical":"https:\/\/gooddealersmeds.com\/fr\/product\/2-oxo-pce-medicaments\/","og_locale":"en_US","og_type":"article","og_title":"Commandez m\u00e9dicaments 2 Oxo Pce","og_description":"Acheter 2 Oxo Pce en ligne (\u00e9galement appel\u00e9s Eticyclidone) au prix de gros aupr\u00e8s de fournisseurs de confiance avec la plus grande puret\u00e9.","og_url":"https:\/\/gooddealersmeds.com\/fr\/product\/2-oxo-pce-medicaments\/","og_site_name":"Good Dealers Meds","article_modified_time":"2023-01-05T21:38:27+00:00","og_image":[{"width":600,"height":600,"url":"https:\/\/gooddealersmeds.com\/fr\/wp-content\/uploads\/sites\/5\/2022\/07\/2-Oxo-Pce-Drugs.jpg","type":"image\/jpeg"}],"twitter_card":"summary_large_image","twitter_misc":{"Est. reading time":"1 minute"},"schema":{"@context":"https:\/\/schema.org","@graph":[{"@type":"WebPage","@id":"https:\/\/gooddealersmeds.com\/fr\/product\/2-oxo-pce-medicaments\/","url":"https:\/\/gooddealersmeds.com\/fr\/product\/2-oxo-pce-medicaments\/","name":"Acheter 2 Oxo Pce en ligne | 2 Oxo Pce \u00e0 vendre | Good Dealers Meds","isPartOf":{"@id":"https:\/\/gooddealersmeds.com\/fr\/#website"},"primaryImageOfPage":{"@id":"https:\/\/gooddealersmeds.com\/fr\/product\/2-oxo-pce-medicaments\/#primaryimage"},"image":{"@id":"https:\/\/gooddealersmeds.com\/fr\/product\/2-oxo-pce-medicaments\/#primaryimage"},"thumbnailUrl":"https:\/\/gooddealersmeds.com\/fr\/wp-content\/uploads\/sites\/5\/2022\/07\/2-Oxo-Pce-Drugs.jpg","datePublished":"2022-07-03T12:14:01+00:00","dateModified":"2023-01-05T21:38:27+00:00","description":"Acheter 2 Oxo Pce en ligne (\u00e9galement appel\u00e9s Eticyclidone) au prix de gros aupr\u00e8s de fournisseurs de confiance avec la plus grande puret\u00e9.","breadcrumb":{"@id":"https:\/\/gooddealersmeds.com\/fr\/product\/2-oxo-pce-medicaments\/#breadcrumb"},"inLanguage":"en-US","potentialAction":[{"@type":"ReadAction","target":["https:\/\/gooddealersmeds.com\/fr\/product\/2-oxo-pce-medicaments\/"]}]},{"@type":"ImageObject","inLanguage":"en-US","@id":"https:\/\/gooddealersmeds.com\/fr\/product\/2-oxo-pce-medicaments\/#primaryimage","url":"https:\/\/gooddealersmeds.com\/fr\/wp-content\/uploads\/sites\/5\/2022\/07\/2-Oxo-Pce-Drugs.jpg","contentUrl":"https:\/\/gooddealersmeds.com\/fr\/wp-content\/uploads\/sites\/5\/2022\/07\/2-Oxo-Pce-Drugs.jpg","width":600,"height":600,"caption":"Buy 2 Oxo Pce Drugs Online"},{"@type":"BreadcrumbList","@id":"https:\/\/gooddealersmeds.com\/fr\/product\/2-oxo-pce-medicaments\/#breadcrumb","itemListElement":[{"@type":"ListItem","position":1,"name":"Home","item":"https:\/\/gooddealersmeds.com\/fr\/"},{"@type":"ListItem","position":2,"name":"Des produits","item":"https:\/\/gooddealersmeds.com\/fr\/des-produits\/"},{"@type":"ListItem","position":3,"name":"Commandez m\u00e9dicaments 2 Oxo Pce"}]},{"@type":"WebSite","@id":"https:\/\/gooddealersmeds.com\/fr\/#website","url":"https:\/\/gooddealersmeds.com\/fr\/","name":"Good Dealers Meds","description":"All our best","publisher":{"@id":"https:\/\/gooddealersmeds.com\/fr\/#organization"},"potentialAction":[{"@type":"SearchAction","target":{"@type":"EntryPoint","urlTemplate":"https:\/\/gooddealersmeds.com\/fr\/?s={search_term_string}"},"query-input":{"@type":"PropertyValueSpecification","valueRequired":true,"valueName":"search_term_string"}}],"inLanguage":"en-US"},{"@type":"Organization","@id":"https:\/\/gooddealersmeds.com\/fr\/#organization","name":"Good Dealers Meds","url":"https:\/\/gooddealersmeds.com\/fr\/","logo":{"@type":"ImageObject","inLanguage":"en-US","@id":"https:\/\/gooddealersmeds.com\/fr\/#\/schema\/logo\/image\/","url":"https:\/\/gooddealersmeds.com\/fr\/wp-content\/uploads\/sites\/5\/2022\/03\/gooddealersmeds__logo__20220317T222800Z.00.png","contentUrl":"https:\/\/gooddealersmeds.com\/fr\/wp-content\/uploads\/sites\/5\/2022\/03\/gooddealersmeds__logo__20220317T222800Z.00.png","width":500,"height":325,"caption":"Good Dealers Meds"},"image":{"@id":"https:\/\/gooddealersmeds.com\/fr\/#\/schema\/logo\/image\/"}}]}},"_links":{"self":[{"href":"https:\/\/gooddealersmeds.com\/fr\/wp-json\/wp\/v2\/product\/1925","targetHints":{"allow":["GET"]}}],"collection":[{"href":"https:\/\/gooddealersmeds.com\/fr\/wp-json\/wp\/v2\/product"}],"about":[{"href":"https:\/\/gooddealersmeds.com\/fr\/wp-json\/wp\/v2\/types\/product"}],"replies":[{"embeddable":true,"href":"https:\/\/gooddealersmeds.com\/fr\/wp-json\/wp\/v2\/comments?post=1925"}],"wp:featuredmedia":[{"embeddable":true,"href":"https:\/\/gooddealersmeds.com\/fr\/wp-json\/wp\/v2\/media\/1931"}],"wp:attachment":[{"href":"https:\/\/gooddealersmeds.com\/fr\/wp-json\/wp\/v2\/media?parent=1925"}],"wp:term":[{"taxonomy":"product_brand","embeddable":true,"href":"https:\/\/gooddealersmeds.com\/fr\/wp-json\/wp\/v2\/product_brand?post=1925"},{"taxonomy":"product_cat","embeddable":true,"href":"https:\/\/gooddealersmeds.com\/fr\/wp-json\/wp\/v2\/product_cat?post=1925"},{"taxonomy":"product_tag","embeddable":true,"href":"https:\/\/gooddealersmeds.com\/fr\/wp-json\/wp\/v2\/product_tag?post=1925"}],"curies":[{"name":"wp","href":"https:\/\/api.w.org\/{rel}","templated":true}]}}