{"id":1918,"date":"2022-07-03T12:09:15","date_gmt":"2022-07-03T12:09:15","guid":{"rendered":"https:\/\/gooddealersmeds.com\/fr\/?post_type=product&#038;p=1918"},"modified":"2023-01-05T21:41:16","modified_gmt":"2023-01-05T21:41:16","slug":"2-a1mp-medicament","status":"publish","type":"product","link":"https:\/\/gooddealersmeds.com\/fr\/product\/2-a1mp-medicament\/","title":{"rendered":"M\u00e9dicament 2-A1MP \u00e0 vendre"},"content":{"rendered":"<h2><strong>commander 2-A1MP en ligne<\/strong><\/h2>\n<p>Vous avez peut-\u00eatre d\u00e9j\u00e0 entendu parler de 2-A1MP, mais qu&#8217;est-ce que c&#8217;est ? C&#8217;est un m\u00e9dicament approuv\u00e9 par la FDA qui est utilis\u00e9 pour traiter les personnes atteintes de diab\u00e8te de type 2. Il agit en abaissant le taux de sucre dans le sang et s&#8217;est av\u00e9r\u00e9 s\u00fbr et efficace lors d&#8217;essais cliniques. commander 2-A1MP en ligne<\/p>\n<p>2- A1MP Drug Online est un m\u00e9dicament qui peut \u00eatre utilis\u00e9 pour traiter le cancer du sein. Le m\u00e9dicament r\u00e9duit le risque de r\u00e9cidive du cancer du sein et am\u00e9liore sa progression. Il agit en inhibant les r\u00e9cepteurs des \u0153strog\u00e8nes et en bloquant l&#8217;effet des \u0153strog\u00e8nes sur les tissus du corps. Le m\u00e9dicament aide \u00e9galement \u00e0 r\u00e9duire l&#8217;inflammation et \u00e0 emp\u00eacher la propagation des cellules canc\u00e9reuses.<\/p>\n<p>&nbsp;<\/p>\n<p><strong>Pourquoi commander 2- A1MP Drugs Online\u00a0?<\/strong><\/p>\n<p>Si vous \u00eates \u00e0 la recherche d&#8217;un produit approuv\u00e9 par la FDA et efficace pour traiter votre maladie, vous devriez envisager d&#8217;acheter 2- A1MP Drug Online. Ce m\u00e9dicament peut vous aider \u00e0 mieux contr\u00f4ler votre glyc\u00e9mie et \u00e0 r\u00e9duire votre risque de d\u00e9velopper des complications du diab\u00e8te. Il a \u00e9galement des effets secondaires mineurs par rapport aux autres m\u00e9dicaments sur le march\u00e9 aujourd&#8217;hui.<\/p>\n<p><strong>\u00a0<\/strong><\/p>\n<p><strong>Quel est le meilleur endroit pour acheter 2- A1MP Drug Online ?<\/strong><\/p>\n<p>Vous pouvez acheter\u00a0 2- A1MP Drug Online dans de nombreux endroits diff\u00e9rents. Vous pouvez l&#8217;acheter aupr\u00e8s de votre m\u00e9decin ou dans une pharmacie comme CVS Health ou Walgreens. Si ce n&#8217;est pas une option pour vous, nous vous recommandons d&#8217;utiliser une pharmacie en ligne comme Good Dealers Meds.<\/p>\n<p>Le meilleur endroit pour acheter ce m\u00e9dicament est en ligne sur <a href=\"https:\/\/gooddealersmeds. com\/fr\/product\/2-a1mp-drug\/\">Les bons revendeurs de m\u00e9dicaments<\/a> car ils sont disponibles \u00e0 un prix inf\u00e9rieur avec des produits et services de meilleure qualit\u00e9.<\/p>\n<p>&nbsp;<\/p>\n","protected":false},"excerpt":{"rendered":"<p>Acheter le m\u00e9dicament 2-A1MP en ligne est un compos\u00e9 chimique de la classe des cathinones qui a \u00e9t\u00e9 vendu en ligne en tant que m\u00e9dicament de synth\u00e8se. C&#8217;est la version b\u00eata-c\u00e9tone de la 5-m\u00e9thoxy-MDMA.<\/p>\n","protected":false},"featured_media":1924,"comment_status":"open","ping_status":"closed","template":"","meta":{"inline_featured_image":false},"product_brand":[],"product_cat":[344],"product_tag":[],"class_list":{"0":"post-1918","1":"product","2":"type-product","3":"status-publish","4":"has-post-thumbnail","6":"product_cat-produits-chimiques-de-recherche","8":"first","9":"instock","10":"shipping-taxable","11":"purchasable","12":"product-type-variable","13":"has-default-attributes"},"yoast_head":"<!-- This site is optimized with the Yoast SEO Premium plugin v20.6 (Yoast SEO v27.4) - https:\/\/yoast.com\/product\/yoast-seo-premium-wordpress\/ -->\n<title>commander 2-A1MP en ligne | Commander 2-A1MP en ligne<\/title>\n<meta name=\"description\" content=\"commander 2-A1MP en ligne (commun\u00e9ment appel\u00e9 5-m\u00e9thoxym\u00e9thylone) au prix de gros aupr\u00e8s de fournisseurs de confiance avec la plus grande puret\u00e9.\" \/>\n<meta name=\"robots\" content=\"index, follow, max-snippet:-1, max-image-preview:large, max-video-preview:-1\" \/>\n<link rel=\"canonical\" href=\"https:\/\/gooddealersmeds.com\/fr\/product\/2-a1mp-medicament\/\" \/>\n<meta property=\"og:locale\" content=\"en_US\" \/>\n<meta property=\"og:type\" content=\"article\" \/>\n<meta property=\"og:title\" content=\"M\u00e9dicament 2-A1MP \u00e0 vendre\" \/>\n<meta property=\"og:description\" content=\"commander 2-A1MP en ligne (commun\u00e9ment appel\u00e9 5-m\u00e9thoxym\u00e9thylone) au prix de gros aupr\u00e8s de fournisseurs de confiance avec la plus grande puret\u00e9.\" \/>\n<meta property=\"og:url\" content=\"https:\/\/gooddealersmeds.com\/fr\/product\/2-a1mp-medicament\/\" \/>\n<meta property=\"og:site_name\" content=\"Good Dealers Meds\" \/>\n<meta property=\"article:modified_time\" content=\"2023-01-05T21:41:16+00:00\" \/>\n<meta property=\"og:image\" content=\"https:\/\/gooddealersmeds.com\/fr\/wp-content\/uploads\/sites\/5\/2022\/07\/Buy-2-A1MP-drug-online.jpg\" \/>\n\t<meta property=\"og:image:width\" content=\"600\" \/>\n\t<meta property=\"og:image:height\" content=\"600\" \/>\n\t<meta property=\"og:image:type\" content=\"image\/jpeg\" \/>\n<meta name=\"twitter:card\" content=\"summary_large_image\" \/>\n<meta name=\"twitter:label1\" content=\"Est. reading time\" \/>\n\t<meta name=\"twitter:data1\" content=\"2 minutes\" \/>\n<script type=\"application\/ld+json\" class=\"yoast-schema-graph\">{\"@context\":\"https:\\\/\\\/schema.org\",\"@graph\":[{\"@type\":\"WebPage\",\"@id\":\"https:\\\/\\\/gooddealersmeds.com\\\/fr\\\/product\\\/2-a1mp-medicament\\\/\",\"url\":\"https:\\\/\\\/gooddealersmeds.com\\\/fr\\\/product\\\/2-a1mp-medicament\\\/\",\"name\":\"commander 2-A1MP en ligne | Commander 2-A1MP en ligne\",\"isPartOf\":{\"@id\":\"https:\\\/\\\/gooddealersmeds.com\\\/fr\\\/#website\"},\"primaryImageOfPage\":{\"@id\":\"https:\\\/\\\/gooddealersmeds.com\\\/fr\\\/product\\\/2-a1mp-medicament\\\/#primaryimage\"},\"image\":{\"@id\":\"https:\\\/\\\/gooddealersmeds.com\\\/fr\\\/product\\\/2-a1mp-medicament\\\/#primaryimage\"},\"thumbnailUrl\":\"https:\\\/\\\/gooddealersmeds.com\\\/fr\\\/wp-content\\\/uploads\\\/sites\\\/5\\\/2022\\\/07\\\/Buy-2-A1MP-drug-online.jpg\",\"datePublished\":\"2022-07-03T12:09:15+00:00\",\"dateModified\":\"2023-01-05T21:41:16+00:00\",\"description\":\"commander 2-A1MP en ligne (commun\u00e9ment appel\u00e9 5-m\u00e9thoxym\u00e9thylone) au prix de gros aupr\u00e8s de fournisseurs de confiance avec la plus grande puret\u00e9.\",\"breadcrumb\":{\"@id\":\"https:\\\/\\\/gooddealersmeds.com\\\/fr\\\/product\\\/2-a1mp-medicament\\\/#breadcrumb\"},\"inLanguage\":\"en-US\",\"potentialAction\":[{\"@type\":\"ReadAction\",\"target\":[\"https:\\\/\\\/gooddealersmeds.com\\\/fr\\\/product\\\/2-a1mp-medicament\\\/\"]}]},{\"@type\":\"ImageObject\",\"inLanguage\":\"en-US\",\"@id\":\"https:\\\/\\\/gooddealersmeds.com\\\/fr\\\/product\\\/2-a1mp-medicament\\\/#primaryimage\",\"url\":\"https:\\\/\\\/gooddealersmeds.com\\\/fr\\\/wp-content\\\/uploads\\\/sites\\\/5\\\/2022\\\/07\\\/Buy-2-A1MP-drug-online.jpg\",\"contentUrl\":\"https:\\\/\\\/gooddealersmeds.com\\\/fr\\\/wp-content\\\/uploads\\\/sites\\\/5\\\/2022\\\/07\\\/Buy-2-A1MP-drug-online.jpg\",\"width\":600,\"height\":600,\"caption\":\"Buy 2-A1MP drug online\"},{\"@type\":\"BreadcrumbList\",\"@id\":\"https:\\\/\\\/gooddealersmeds.com\\\/fr\\\/product\\\/2-a1mp-medicament\\\/#breadcrumb\",\"itemListElement\":[{\"@type\":\"ListItem\",\"position\":1,\"name\":\"Home\",\"item\":\"https:\\\/\\\/gooddealersmeds.com\\\/fr\\\/\"},{\"@type\":\"ListItem\",\"position\":2,\"name\":\"Des produits\",\"item\":\"https:\\\/\\\/gooddealersmeds.com\\\/fr\\\/des-produits\\\/\"},{\"@type\":\"ListItem\",\"position\":3,\"name\":\"M\u00e9dicament 2-A1MP \u00e0 vendre\"}]},{\"@type\":\"WebSite\",\"@id\":\"https:\\\/\\\/gooddealersmeds.com\\\/fr\\\/#website\",\"url\":\"https:\\\/\\\/gooddealersmeds.com\\\/fr\\\/\",\"name\":\"Good Dealers Meds\",\"description\":\"All our best\",\"publisher\":{\"@id\":\"https:\\\/\\\/gooddealersmeds.com\\\/fr\\\/#organization\"},\"potentialAction\":[{\"@type\":\"SearchAction\",\"target\":{\"@type\":\"EntryPoint\",\"urlTemplate\":\"https:\\\/\\\/gooddealersmeds.com\\\/fr\\\/?s={search_term_string}\"},\"query-input\":{\"@type\":\"PropertyValueSpecification\",\"valueRequired\":true,\"valueName\":\"search_term_string\"}}],\"inLanguage\":\"en-US\"},{\"@type\":\"Organization\",\"@id\":\"https:\\\/\\\/gooddealersmeds.com\\\/fr\\\/#organization\",\"name\":\"Good Dealers Meds\",\"url\":\"https:\\\/\\\/gooddealersmeds.com\\\/fr\\\/\",\"logo\":{\"@type\":\"ImageObject\",\"inLanguage\":\"en-US\",\"@id\":\"https:\\\/\\\/gooddealersmeds.com\\\/fr\\\/#\\\/schema\\\/logo\\\/image\\\/\",\"url\":\"https:\\\/\\\/gooddealersmeds.com\\\/fr\\\/wp-content\\\/uploads\\\/sites\\\/5\\\/2022\\\/03\\\/gooddealersmeds__logo__20220317T222800Z.00.png\",\"contentUrl\":\"https:\\\/\\\/gooddealersmeds.com\\\/fr\\\/wp-content\\\/uploads\\\/sites\\\/5\\\/2022\\\/03\\\/gooddealersmeds__logo__20220317T222800Z.00.png\",\"width\":500,\"height\":325,\"caption\":\"Good Dealers Meds\"},\"image\":{\"@id\":\"https:\\\/\\\/gooddealersmeds.com\\\/fr\\\/#\\\/schema\\\/logo\\\/image\\\/\"}}]}<\/script>\n<!-- \/ Yoast SEO Premium plugin. -->","yoast_head_json":{"title":"commander 2-A1MP en ligne | Commander 2-A1MP en ligne","description":"commander 2-A1MP en ligne (commun\u00e9ment appel\u00e9 5-m\u00e9thoxym\u00e9thylone) au prix de gros aupr\u00e8s de fournisseurs de confiance avec la plus grande puret\u00e9.","robots":{"index":"index","follow":"follow","max-snippet":"max-snippet:-1","max-image-preview":"max-image-preview:large","max-video-preview":"max-video-preview:-1"},"canonical":"https:\/\/gooddealersmeds.com\/fr\/product\/2-a1mp-medicament\/","og_locale":"en_US","og_type":"article","og_title":"M\u00e9dicament 2-A1MP \u00e0 vendre","og_description":"commander 2-A1MP en ligne (commun\u00e9ment appel\u00e9 5-m\u00e9thoxym\u00e9thylone) au prix de gros aupr\u00e8s de fournisseurs de confiance avec la plus grande puret\u00e9.","og_url":"https:\/\/gooddealersmeds.com\/fr\/product\/2-a1mp-medicament\/","og_site_name":"Good Dealers Meds","article_modified_time":"2023-01-05T21:41:16+00:00","og_image":[{"width":600,"height":600,"url":"https:\/\/gooddealersmeds.com\/fr\/wp-content\/uploads\/sites\/5\/2022\/07\/Buy-2-A1MP-drug-online.jpg","type":"image\/jpeg"}],"twitter_card":"summary_large_image","twitter_misc":{"Est. reading time":"2 minutes"},"schema":{"@context":"https:\/\/schema.org","@graph":[{"@type":"WebPage","@id":"https:\/\/gooddealersmeds.com\/fr\/product\/2-a1mp-medicament\/","url":"https:\/\/gooddealersmeds.com\/fr\/product\/2-a1mp-medicament\/","name":"commander 2-A1MP en ligne | Commander 2-A1MP en ligne","isPartOf":{"@id":"https:\/\/gooddealersmeds.com\/fr\/#website"},"primaryImageOfPage":{"@id":"https:\/\/gooddealersmeds.com\/fr\/product\/2-a1mp-medicament\/#primaryimage"},"image":{"@id":"https:\/\/gooddealersmeds.com\/fr\/product\/2-a1mp-medicament\/#primaryimage"},"thumbnailUrl":"https:\/\/gooddealersmeds.com\/fr\/wp-content\/uploads\/sites\/5\/2022\/07\/Buy-2-A1MP-drug-online.jpg","datePublished":"2022-07-03T12:09:15+00:00","dateModified":"2023-01-05T21:41:16+00:00","description":"commander 2-A1MP en ligne (commun\u00e9ment appel\u00e9 5-m\u00e9thoxym\u00e9thylone) au prix de gros aupr\u00e8s de fournisseurs de confiance avec la plus grande puret\u00e9.","breadcrumb":{"@id":"https:\/\/gooddealersmeds.com\/fr\/product\/2-a1mp-medicament\/#breadcrumb"},"inLanguage":"en-US","potentialAction":[{"@type":"ReadAction","target":["https:\/\/gooddealersmeds.com\/fr\/product\/2-a1mp-medicament\/"]}]},{"@type":"ImageObject","inLanguage":"en-US","@id":"https:\/\/gooddealersmeds.com\/fr\/product\/2-a1mp-medicament\/#primaryimage","url":"https:\/\/gooddealersmeds.com\/fr\/wp-content\/uploads\/sites\/5\/2022\/07\/Buy-2-A1MP-drug-online.jpg","contentUrl":"https:\/\/gooddealersmeds.com\/fr\/wp-content\/uploads\/sites\/5\/2022\/07\/Buy-2-A1MP-drug-online.jpg","width":600,"height":600,"caption":"Buy 2-A1MP drug online"},{"@type":"BreadcrumbList","@id":"https:\/\/gooddealersmeds.com\/fr\/product\/2-a1mp-medicament\/#breadcrumb","itemListElement":[{"@type":"ListItem","position":1,"name":"Home","item":"https:\/\/gooddealersmeds.com\/fr\/"},{"@type":"ListItem","position":2,"name":"Des produits","item":"https:\/\/gooddealersmeds.com\/fr\/des-produits\/"},{"@type":"ListItem","position":3,"name":"M\u00e9dicament 2-A1MP \u00e0 vendre"}]},{"@type":"WebSite","@id":"https:\/\/gooddealersmeds.com\/fr\/#website","url":"https:\/\/gooddealersmeds.com\/fr\/","name":"Good Dealers Meds","description":"All our best","publisher":{"@id":"https:\/\/gooddealersmeds.com\/fr\/#organization"},"potentialAction":[{"@type":"SearchAction","target":{"@type":"EntryPoint","urlTemplate":"https:\/\/gooddealersmeds.com\/fr\/?s={search_term_string}"},"query-input":{"@type":"PropertyValueSpecification","valueRequired":true,"valueName":"search_term_string"}}],"inLanguage":"en-US"},{"@type":"Organization","@id":"https:\/\/gooddealersmeds.com\/fr\/#organization","name":"Good Dealers Meds","url":"https:\/\/gooddealersmeds.com\/fr\/","logo":{"@type":"ImageObject","inLanguage":"en-US","@id":"https:\/\/gooddealersmeds.com\/fr\/#\/schema\/logo\/image\/","url":"https:\/\/gooddealersmeds.com\/fr\/wp-content\/uploads\/sites\/5\/2022\/03\/gooddealersmeds__logo__20220317T222800Z.00.png","contentUrl":"https:\/\/gooddealersmeds.com\/fr\/wp-content\/uploads\/sites\/5\/2022\/03\/gooddealersmeds__logo__20220317T222800Z.00.png","width":500,"height":325,"caption":"Good Dealers Meds"},"image":{"@id":"https:\/\/gooddealersmeds.com\/fr\/#\/schema\/logo\/image\/"}}]}},"_links":{"self":[{"href":"https:\/\/gooddealersmeds.com\/fr\/wp-json\/wp\/v2\/product\/1918","targetHints":{"allow":["GET"]}}],"collection":[{"href":"https:\/\/gooddealersmeds.com\/fr\/wp-json\/wp\/v2\/product"}],"about":[{"href":"https:\/\/gooddealersmeds.com\/fr\/wp-json\/wp\/v2\/types\/product"}],"replies":[{"embeddable":true,"href":"https:\/\/gooddealersmeds.com\/fr\/wp-json\/wp\/v2\/comments?post=1918"}],"wp:featuredmedia":[{"embeddable":true,"href":"https:\/\/gooddealersmeds.com\/fr\/wp-json\/wp\/v2\/media\/1924"}],"wp:attachment":[{"href":"https:\/\/gooddealersmeds.com\/fr\/wp-json\/wp\/v2\/media?parent=1918"}],"wp:term":[{"taxonomy":"product_brand","embeddable":true,"href":"https:\/\/gooddealersmeds.com\/fr\/wp-json\/wp\/v2\/product_brand?post=1918"},{"taxonomy":"product_cat","embeddable":true,"href":"https:\/\/gooddealersmeds.com\/fr\/wp-json\/wp\/v2\/product_cat?post=1918"},{"taxonomy":"product_tag","embeddable":true,"href":"https:\/\/gooddealersmeds.com\/fr\/wp-json\/wp\/v2\/product_tag?post=1918"}],"curies":[{"name":"wp","href":"https:\/\/api.w.org\/{rel}","templated":true}]}}