{"id":1912,"date":"2022-07-03T12:03:51","date_gmt":"2022-07-03T12:03:51","guid":{"rendered":"https:\/\/gooddealersmeds.com\/fr\/?post_type=product&#038;p=1912"},"modified":"2023-01-05T21:47:17","modified_gmt":"2023-01-05T21:47:17","slug":"2-fdck-medicament","status":"publish","type":"product","link":"https:\/\/gooddealersmeds.com\/fr\/product\/2-fdck-medicament\/","title":{"rendered":"Acheter du m\u00e9dicament 2-Fdck en ligne"},"content":{"rendered":"<h2>Acheter un m\u00e9dicament 2-Fdck de qualit\u00e9 en ligne<\/h2>\n<p>Acheter 2-Fdck en ligne est un type de m\u00e9dicament qui peut \u00eatre utilis\u00e9 pour traiter l&#8217;\u00e9rection dysfonction ou \u00e9jaculation pr\u00e9coce. Il est commun\u00e9ment appel\u00e9 Viagra, Levitra, Cialis ou Stendra. Ce m\u00e9dicament agit en am\u00e9liorant le flux sanguin vers le p\u00e9nis et en \u00e9paississant le sang, lui permettant de rester en \u00e9rection pendant de plus longues p\u00e9riodes.<\/p>\n<p>Le m\u00e9dicament 2-Fdck en ligne est disponible sous forme de comprim\u00e9s et d&#8217;injections, dont chacun a ses propres avantages et inconv\u00e9nients. La version injectable peut \u00eatre prise imm\u00e9diatement apr\u00e8s un rapport sexuel, mais il faut plus de temps qu&#8217;une pilule pour faire effet. La forme de comprim\u00e9 peut \u00eatre prise jusqu&#8217;\u00e0 36 heures avant l&#8217;activit\u00e9 sexuelle; cependant, cela peut prendre jusqu&#8217;\u00e0 quatre heures avant que vous ne ressentiez des effets.<\/p>\n<p><strong>\u00a0<\/strong><\/p>\n<p><strong>Pourquoi acheter des m\u00e9dicaments 2-Fdck en ligne\u00a0?<\/strong><\/p>\n<p>La premi\u00e8re chose qui rend l&#8217;achat <a href=\"https:\/\/gooddealersmeds.com\/fr\/product\/2-fdck- drug\/\">2-Fdck Drug Online<\/a> si bien que c&#8217;est facile. Il n&#8217;y a pas d&#8217;ordonnances d\u00e9sordonn\u00e9es ou de longues files d&#8217;attente de paperasse, juste un site Web facile \u00e0 naviguer et des paquets de m\u00e9dicaments pr\u00eats \u00e0 l&#8217;emploi qui vous donneront tout ce dont vous avez besoin sans aucun tracas.<\/p>\n<p><strong>\u00a0<\/strong><\/p>\n<p><strong>L&#8217;endroit incontournable pour acheter du m\u00e9dicament 2-Fdck<\/strong><\/p>\n<p>Vous cherchez \u00e0 acheter du m\u00e9dicament 2-Fdck en ligne\u00a0? Vous n&#8217;\u00eates pas seul.<\/p>\n<p>De nombreuses personnes ont trouv\u00e9 que ce produit pouvait les aider \u00e0 am\u00e9liorer leur vie sexuelle, mais il est important d&#8217;\u00eatre prudent lors de l&#8217;achat de ce produit.<\/p>\n<p>Il existe de nombreuses endroits o\u00f9 vous pouvez commander 2-Fdck Drug Online, et si vous ne lisez pas attentivement les avis, vous risquez de vous retrouver avec un produit qui ne fonctionne pas aussi bien que les autres. Le meilleur endroit pour acheter 2-Fdck Drug Online est via notre site Web car nous vendons ce type de produit depuis des ann\u00e9es, et nous savons ce qui fonctionne et ce qui ne fonctionne pas, afin que nous puissions nous assurer que toute personne qui ach\u00e8te chez nous se retrouve avec la meilleure exp\u00e9rience possible.<\/p>\n","protected":false},"excerpt":{"rendered":"<p>Acheter le m\u00e9dicament 2-FDCK Purity en ligne, le 2-FDCK (\u00e9galement connu sous le nom de 2-Fl-2\u2032-Oxo-PCM, Fluoroketamine et 2-Fluorodeschloroketamine) est un anesth\u00e9sique dissociatif. C&#8217;est un analogue de la k\u00e9tamine o\u00f9 le groupe chlore a \u00e9t\u00e9 remplac\u00e9 par le fluor.<\/p>\n","protected":false},"featured_media":1917,"comment_status":"open","ping_status":"closed","template":"","meta":{"inline_featured_image":false},"product_brand":[],"product_cat":[344],"product_tag":[],"class_list":{"0":"post-1912","1":"product","2":"type-product","3":"status-publish","4":"has-post-thumbnail","6":"product_cat-produits-chimiques-de-recherche","8":"first","9":"instock","10":"shipping-taxable","11":"purchasable","12":"product-type-variable","13":"has-default-attributes"},"yoast_head":"<!-- This site is optimized with the Yoast SEO Premium plugin v20.6 (Yoast SEO v27.3) - https:\/\/yoast.com\/product\/yoast-seo-premium-wordpress\/ -->\n<title>Acheter 2-Fdck en ligne | 2-fdck \u00e0 vendre | o\u00f9 trouver 2-Fdck<\/title>\n<meta name=\"description\" content=\"Acheter 2-Fdck en ligne, le 2-FDCK (\u00e9galement connu sous le nom de 2-Fl-2\u2032-Oxo-PCM, Fluoroketamine et 2-Fluorodeschloroketamine) est un anesth\u00e9sique dissociatif.\" \/>\n<meta name=\"robots\" content=\"index, follow, max-snippet:-1, max-image-preview:large, max-video-preview:-1\" \/>\n<link rel=\"canonical\" href=\"https:\/\/gooddealersmeds.com\/fr\/product\/2-fdck-medicament\/\" \/>\n<meta property=\"og:locale\" content=\"en_US\" \/>\n<meta property=\"og:type\" content=\"article\" \/>\n<meta property=\"og:title\" content=\"Acheter du m\u00e9dicament 2-Fdck en ligne\" \/>\n<meta property=\"og:description\" content=\"Acheter 2-Fdck en ligne, le 2-FDCK (\u00e9galement connu sous le nom de 2-Fl-2\u2032-Oxo-PCM, Fluoroketamine et 2-Fluorodeschloroketamine) est un anesth\u00e9sique dissociatif.\" \/>\n<meta property=\"og:url\" content=\"https:\/\/gooddealersmeds.com\/fr\/product\/2-fdck-medicament\/\" \/>\n<meta property=\"og:site_name\" content=\"Good Dealers Meds\" \/>\n<meta property=\"article:modified_time\" content=\"2023-01-05T21:47:17+00:00\" \/>\n<meta property=\"og:image\" content=\"https:\/\/gooddealersmeds.com\/fr\/wp-content\/uploads\/sites\/5\/2022\/07\/2-Fdck-Drug.jpg\" \/>\n\t<meta property=\"og:image:width\" content=\"600\" \/>\n\t<meta property=\"og:image:height\" content=\"600\" \/>\n\t<meta property=\"og:image:type\" content=\"image\/jpeg\" \/>\n<meta name=\"twitter:card\" content=\"summary_large_image\" \/>\n<meta name=\"twitter:label1\" content=\"Est. reading time\" \/>\n\t<meta name=\"twitter:data1\" content=\"2 minutes\" \/>\n<script type=\"application\/ld+json\" class=\"yoast-schema-graph\">{\"@context\":\"https:\\\/\\\/schema.org\",\"@graph\":[{\"@type\":\"WebPage\",\"@id\":\"https:\\\/\\\/gooddealersmeds.com\\\/fr\\\/product\\\/2-fdck-medicament\\\/\",\"url\":\"https:\\\/\\\/gooddealersmeds.com\\\/fr\\\/product\\\/2-fdck-medicament\\\/\",\"name\":\"Acheter 2-Fdck en ligne | 2-fdck \u00e0 vendre | o\u00f9 trouver 2-Fdck\",\"isPartOf\":{\"@id\":\"https:\\\/\\\/gooddealersmeds.com\\\/fr\\\/#website\"},\"primaryImageOfPage\":{\"@id\":\"https:\\\/\\\/gooddealersmeds.com\\\/fr\\\/product\\\/2-fdck-medicament\\\/#primaryimage\"},\"image\":{\"@id\":\"https:\\\/\\\/gooddealersmeds.com\\\/fr\\\/product\\\/2-fdck-medicament\\\/#primaryimage\"},\"thumbnailUrl\":\"https:\\\/\\\/gooddealersmeds.com\\\/fr\\\/wp-content\\\/uploads\\\/sites\\\/5\\\/2022\\\/07\\\/2-Fdck-Drug.jpg\",\"datePublished\":\"2022-07-03T12:03:51+00:00\",\"dateModified\":\"2023-01-05T21:47:17+00:00\",\"description\":\"Acheter 2-Fdck en ligne, le 2-FDCK (\u00e9galement connu sous le nom de 2-Fl-2\u2032-Oxo-PCM, Fluoroketamine et 2-Fluorodeschloroketamine) est un anesth\u00e9sique dissociatif.\",\"breadcrumb\":{\"@id\":\"https:\\\/\\\/gooddealersmeds.com\\\/fr\\\/product\\\/2-fdck-medicament\\\/#breadcrumb\"},\"inLanguage\":\"en-US\",\"potentialAction\":[{\"@type\":\"ReadAction\",\"target\":[\"https:\\\/\\\/gooddealersmeds.com\\\/fr\\\/product\\\/2-fdck-medicament\\\/\"]}]},{\"@type\":\"ImageObject\",\"inLanguage\":\"en-US\",\"@id\":\"https:\\\/\\\/gooddealersmeds.com\\\/fr\\\/product\\\/2-fdck-medicament\\\/#primaryimage\",\"url\":\"https:\\\/\\\/gooddealersmeds.com\\\/fr\\\/wp-content\\\/uploads\\\/sites\\\/5\\\/2022\\\/07\\\/2-Fdck-Drug.jpg\",\"contentUrl\":\"https:\\\/\\\/gooddealersmeds.com\\\/fr\\\/wp-content\\\/uploads\\\/sites\\\/5\\\/2022\\\/07\\\/2-Fdck-Drug.jpg\",\"width\":600,\"height\":600,\"caption\":\"Buy 2-Fdck Drug Online\"},{\"@type\":\"BreadcrumbList\",\"@id\":\"https:\\\/\\\/gooddealersmeds.com\\\/fr\\\/product\\\/2-fdck-medicament\\\/#breadcrumb\",\"itemListElement\":[{\"@type\":\"ListItem\",\"position\":1,\"name\":\"Home\",\"item\":\"https:\\\/\\\/gooddealersmeds.com\\\/fr\\\/\"},{\"@type\":\"ListItem\",\"position\":2,\"name\":\"Des produits\",\"item\":\"https:\\\/\\\/gooddealersmeds.com\\\/fr\\\/des-produits\\\/\"},{\"@type\":\"ListItem\",\"position\":3,\"name\":\"Acheter du m\u00e9dicament 2-Fdck en ligne\"}]},{\"@type\":\"WebSite\",\"@id\":\"https:\\\/\\\/gooddealersmeds.com\\\/fr\\\/#website\",\"url\":\"https:\\\/\\\/gooddealersmeds.com\\\/fr\\\/\",\"name\":\"Good Dealers Meds\",\"description\":\"All our best\",\"publisher\":{\"@id\":\"https:\\\/\\\/gooddealersmeds.com\\\/fr\\\/#organization\"},\"potentialAction\":[{\"@type\":\"SearchAction\",\"target\":{\"@type\":\"EntryPoint\",\"urlTemplate\":\"https:\\\/\\\/gooddealersmeds.com\\\/fr\\\/?s={search_term_string}\"},\"query-input\":{\"@type\":\"PropertyValueSpecification\",\"valueRequired\":true,\"valueName\":\"search_term_string\"}}],\"inLanguage\":\"en-US\"},{\"@type\":\"Organization\",\"@id\":\"https:\\\/\\\/gooddealersmeds.com\\\/fr\\\/#organization\",\"name\":\"Good Dealers Meds\",\"url\":\"https:\\\/\\\/gooddealersmeds.com\\\/fr\\\/\",\"logo\":{\"@type\":\"ImageObject\",\"inLanguage\":\"en-US\",\"@id\":\"https:\\\/\\\/gooddealersmeds.com\\\/fr\\\/#\\\/schema\\\/logo\\\/image\\\/\",\"url\":\"https:\\\/\\\/gooddealersmeds.com\\\/fr\\\/wp-content\\\/uploads\\\/sites\\\/5\\\/2022\\\/03\\\/gooddealersmeds__logo__20220317T222800Z.00.png\",\"contentUrl\":\"https:\\\/\\\/gooddealersmeds.com\\\/fr\\\/wp-content\\\/uploads\\\/sites\\\/5\\\/2022\\\/03\\\/gooddealersmeds__logo__20220317T222800Z.00.png\",\"width\":500,\"height\":325,\"caption\":\"Good Dealers Meds\"},\"image\":{\"@id\":\"https:\\\/\\\/gooddealersmeds.com\\\/fr\\\/#\\\/schema\\\/logo\\\/image\\\/\"}}]}<\/script>\n<!-- \/ Yoast SEO Premium plugin. -->","yoast_head_json":{"title":"Acheter 2-Fdck en ligne | 2-fdck \u00e0 vendre | o\u00f9 trouver 2-Fdck","description":"Acheter 2-Fdck en ligne, le 2-FDCK (\u00e9galement connu sous le nom de 2-Fl-2\u2032-Oxo-PCM, Fluoroketamine et 2-Fluorodeschloroketamine) est un anesth\u00e9sique dissociatif.","robots":{"index":"index","follow":"follow","max-snippet":"max-snippet:-1","max-image-preview":"max-image-preview:large","max-video-preview":"max-video-preview:-1"},"canonical":"https:\/\/gooddealersmeds.com\/fr\/product\/2-fdck-medicament\/","og_locale":"en_US","og_type":"article","og_title":"Acheter du m\u00e9dicament 2-Fdck en ligne","og_description":"Acheter 2-Fdck en ligne, le 2-FDCK (\u00e9galement connu sous le nom de 2-Fl-2\u2032-Oxo-PCM, Fluoroketamine et 2-Fluorodeschloroketamine) est un anesth\u00e9sique dissociatif.","og_url":"https:\/\/gooddealersmeds.com\/fr\/product\/2-fdck-medicament\/","og_site_name":"Good Dealers Meds","article_modified_time":"2023-01-05T21:47:17+00:00","og_image":[{"width":600,"height":600,"url":"https:\/\/gooddealersmeds.com\/fr\/wp-content\/uploads\/sites\/5\/2022\/07\/2-Fdck-Drug.jpg","type":"image\/jpeg"}],"twitter_card":"summary_large_image","twitter_misc":{"Est. reading time":"2 minutes"},"schema":{"@context":"https:\/\/schema.org","@graph":[{"@type":"WebPage","@id":"https:\/\/gooddealersmeds.com\/fr\/product\/2-fdck-medicament\/","url":"https:\/\/gooddealersmeds.com\/fr\/product\/2-fdck-medicament\/","name":"Acheter 2-Fdck en ligne | 2-fdck \u00e0 vendre | o\u00f9 trouver 2-Fdck","isPartOf":{"@id":"https:\/\/gooddealersmeds.com\/fr\/#website"},"primaryImageOfPage":{"@id":"https:\/\/gooddealersmeds.com\/fr\/product\/2-fdck-medicament\/#primaryimage"},"image":{"@id":"https:\/\/gooddealersmeds.com\/fr\/product\/2-fdck-medicament\/#primaryimage"},"thumbnailUrl":"https:\/\/gooddealersmeds.com\/fr\/wp-content\/uploads\/sites\/5\/2022\/07\/2-Fdck-Drug.jpg","datePublished":"2022-07-03T12:03:51+00:00","dateModified":"2023-01-05T21:47:17+00:00","description":"Acheter 2-Fdck en ligne, le 2-FDCK (\u00e9galement connu sous le nom de 2-Fl-2\u2032-Oxo-PCM, Fluoroketamine et 2-Fluorodeschloroketamine) est un anesth\u00e9sique dissociatif.","breadcrumb":{"@id":"https:\/\/gooddealersmeds.com\/fr\/product\/2-fdck-medicament\/#breadcrumb"},"inLanguage":"en-US","potentialAction":[{"@type":"ReadAction","target":["https:\/\/gooddealersmeds.com\/fr\/product\/2-fdck-medicament\/"]}]},{"@type":"ImageObject","inLanguage":"en-US","@id":"https:\/\/gooddealersmeds.com\/fr\/product\/2-fdck-medicament\/#primaryimage","url":"https:\/\/gooddealersmeds.com\/fr\/wp-content\/uploads\/sites\/5\/2022\/07\/2-Fdck-Drug.jpg","contentUrl":"https:\/\/gooddealersmeds.com\/fr\/wp-content\/uploads\/sites\/5\/2022\/07\/2-Fdck-Drug.jpg","width":600,"height":600,"caption":"Buy 2-Fdck Drug Online"},{"@type":"BreadcrumbList","@id":"https:\/\/gooddealersmeds.com\/fr\/product\/2-fdck-medicament\/#breadcrumb","itemListElement":[{"@type":"ListItem","position":1,"name":"Home","item":"https:\/\/gooddealersmeds.com\/fr\/"},{"@type":"ListItem","position":2,"name":"Des produits","item":"https:\/\/gooddealersmeds.com\/fr\/des-produits\/"},{"@type":"ListItem","position":3,"name":"Acheter du m\u00e9dicament 2-Fdck en ligne"}]},{"@type":"WebSite","@id":"https:\/\/gooddealersmeds.com\/fr\/#website","url":"https:\/\/gooddealersmeds.com\/fr\/","name":"Good Dealers Meds","description":"All our best","publisher":{"@id":"https:\/\/gooddealersmeds.com\/fr\/#organization"},"potentialAction":[{"@type":"SearchAction","target":{"@type":"EntryPoint","urlTemplate":"https:\/\/gooddealersmeds.com\/fr\/?s={search_term_string}"},"query-input":{"@type":"PropertyValueSpecification","valueRequired":true,"valueName":"search_term_string"}}],"inLanguage":"en-US"},{"@type":"Organization","@id":"https:\/\/gooddealersmeds.com\/fr\/#organization","name":"Good Dealers Meds","url":"https:\/\/gooddealersmeds.com\/fr\/","logo":{"@type":"ImageObject","inLanguage":"en-US","@id":"https:\/\/gooddealersmeds.com\/fr\/#\/schema\/logo\/image\/","url":"https:\/\/gooddealersmeds.com\/fr\/wp-content\/uploads\/sites\/5\/2022\/03\/gooddealersmeds__logo__20220317T222800Z.00.png","contentUrl":"https:\/\/gooddealersmeds.com\/fr\/wp-content\/uploads\/sites\/5\/2022\/03\/gooddealersmeds__logo__20220317T222800Z.00.png","width":500,"height":325,"caption":"Good Dealers Meds"},"image":{"@id":"https:\/\/gooddealersmeds.com\/fr\/#\/schema\/logo\/image\/"}}]}},"_links":{"self":[{"href":"https:\/\/gooddealersmeds.com\/fr\/wp-json\/wp\/v2\/product\/1912","targetHints":{"allow":["GET"]}}],"collection":[{"href":"https:\/\/gooddealersmeds.com\/fr\/wp-json\/wp\/v2\/product"}],"about":[{"href":"https:\/\/gooddealersmeds.com\/fr\/wp-json\/wp\/v2\/types\/product"}],"replies":[{"embeddable":true,"href":"https:\/\/gooddealersmeds.com\/fr\/wp-json\/wp\/v2\/comments?post=1912"}],"wp:featuredmedia":[{"embeddable":true,"href":"https:\/\/gooddealersmeds.com\/fr\/wp-json\/wp\/v2\/media\/1917"}],"wp:attachment":[{"href":"https:\/\/gooddealersmeds.com\/fr\/wp-json\/wp\/v2\/media?parent=1912"}],"wp:term":[{"taxonomy":"product_brand","embeddable":true,"href":"https:\/\/gooddealersmeds.com\/fr\/wp-json\/wp\/v2\/product_brand?post=1912"},{"taxonomy":"product_cat","embeddable":true,"href":"https:\/\/gooddealersmeds.com\/fr\/wp-json\/wp\/v2\/product_cat?post=1912"},{"taxonomy":"product_tag","embeddable":true,"href":"https:\/\/gooddealersmeds.com\/fr\/wp-json\/wp\/v2\/product_tag?post=1912"}],"curies":[{"name":"wp","href":"https:\/\/api.w.org\/{rel}","templated":true}]}}