{"id":1905,"date":"2022-07-03T11:59:56","date_gmt":"2022-07-03T11:59:56","guid":{"rendered":"https:\/\/gooddealersmeds.com\/fr\/?post_type=product&#038;p=1905"},"modified":"2022-11-02T20:45:23","modified_gmt":"2022-11-02T20:45:23","slug":"25i-nboh-drogues","status":"publish","type":"product","link":"https:\/\/gooddealersmeds.com\/fr\/product\/25i-nboh-drogues\/","title":{"rendered":"Acheter des m\u00e9dicaments 25i NBOH en ligne"},"content":{"rendered":"<p>Le 25i NBOH, ou ph\u00e9n\u00e9thylamine de classe 2C-I-NBOH, est une nouvelle substance psych\u00e9d\u00e9lique synth\u00e9tique \u00e9troitement apparent\u00e9e au 25I-NBOMe. Le <a href=\"https:\/\/gooddealersmeds.com\/fr\/product\/25i-nboh-drogues\/\">25i NBOH<\/a> est un d\u00e9riv\u00e9 hallucinog\u00e8ne 2C-I d\u00e9riv\u00e9 de la ph\u00e9n\u00e9thylamine. Une \u00e9quipe de l&#8217;Universit\u00e9 Purdue l&#8217;a d\u00e9couvert en 2006. 25i NBOH \u00e0 vendre<\/p>\n<p>Il a \u00e9t\u00e9 \u00e9tudi\u00e9 comme m\u00e9dicament potentiel pour la cartographie par tomographie par \u00e9mission de positrons des r\u00e9cepteurs 5-HT2A dans le cerveau. M\u00eame si leurs caract\u00e9ristiques physiologiques et toxicologiques ne sont pas enti\u00e8rement caract\u00e9ris\u00e9es, les compos\u00e9s NBOH sont propos\u00e9s comme une alternative l\u00e9gale aux compos\u00e9s NBOMe.<\/p>\n<p>Les compos\u00e9s NBOH sont des d\u00e9riv\u00e9s N-benzylhydroxy de la famille des hallucinog\u00e8nes 2C qui contiennent fr\u00e9quemment un halog\u00e8ne groupe (c&#8217;est-\u00e0-dire chlore, brome ou iode) en position 4 du cycle A et un groupe hydroxyle en position 2 &#8216;du cycle B. M\u00eame si leurs caract\u00e9ristiques physiologiques et toxicologiques ne sont pas enti\u00e8rement caract\u00e9ris\u00e9es, les compos\u00e9s NBOH sont propos\u00e9s comme une alternative l\u00e9gale aux compos\u00e9s NBOMe.<\/p>\n<ul>\n<li>Les compos\u00e9s NBOH sont inactifs et ne doivent \u00eatre pris que par voie sublinguale et d&#8217;une mani\u00e8re qui permet une absorption rapide.<\/li>\n<li>Si les buvards ne fonctionnent pas aussi rapidement que pr\u00e9vu, ne pr\u00e9sumez pas qu&#8217;ils sont de mauvaise qualit\u00e9\u00a0; ils pourraient inclure un autre m\u00e9dicament qui prend plus de temps \u00e0 agir.<\/li>\n<li>Ce m\u00e9dicament doit \u00eatre utilis\u00e9 avec prudence. Vous devriez commencer avec une petite dose. \u00c9vitez de le combiner avec d&#8217;autres substances, telles que l&#8217;alcool ou des m\u00e9dicaments prescrits.<\/li>\n<\/ul>\n<p><strong>Chimie\u00a0:<\/strong><\/p>\n<p>La ph\u00e9n\u00e9thylamine 2C-I est un d\u00e9riv\u00e9 de la ph\u00e9n\u00e9thylamine de 25I-NBOH. Ce m\u00e9dicament est un d\u00e9riv\u00e9 N-benzylique s\u00e9rotoninergique. Les groupes m\u00e9thoxy CH3O et l&#8217;iode sont pr\u00e9sents dans la composition chimique du 25I-NBOH.<\/p>\n<p><strong>Apparence\u00a0:<\/strong><\/p>\n<p>Solide cristallin, poudre<\/p>\n<p><strong>Exp\u00e9dition et amp; Stockage\u00a0:<\/strong><\/p>\n<ul>\n<li>Stockage\u00a0: -20\u00a0C<\/li>\n<li>Dans la glace humide<\/li>\n<li>Stabilit\u00e9\u00a0: Aprrox. 2 ans<\/li>\n<\/ul>\n<p><strong>Pr\u00e9caution\u00a0:<\/strong><\/p>\n<p>Si vous ou quelqu&#8217;un avec qui vous \u00eates tombez malade, consultez imm\u00e9diatement un m\u00e9decin\u00a0! Appelez imm\u00e9diatement l&#8217;h\u00f4pital et restez avec eux. Si vous assistez \u00e0 un \u00e9v\u00e9nement ou \u00e0 un festival, du personnel m\u00e9dical et d&#8217;aide sociale sera \u00e0 votre disposition pour vous aider.<\/p>\n<p><strong>Disponibilit\u00e9\u00a0:<\/strong><\/p>\n<p>Vous pouvez acheter 25i NBOH M\u00e9dicaments en ligne de notre magasin avec livraison garantie. 25i NBOH \u00e0 vendre<\/p>\n","protected":false},"excerpt":{"rendered":"<p>Acheter des m\u00e9dicaments 25I-NBOH en ligne est un produit chimique de recherche de haute qualit\u00e9. Vous pouvez acheter 25I-NBOH en ligne au prix de gros aupr\u00e8s d&#8217;un fournisseur de confiance. Exp\u00e9dition en toute s\u00e9curit\u00e9 25I-NBOH aux \u00c9tats-Unis, au Br\u00e9sil, dans l&#8217;UE, au Royaume-Uni et dans d&#8217;autres pays.<\/p>\n","protected":false},"featured_media":1911,"comment_status":"open","ping_status":"closed","template":"","meta":{"inline_featured_image":false},"product_brand":[],"product_cat":[344],"product_tag":[],"class_list":{"0":"post-1905","1":"product","2":"type-product","3":"status-publish","4":"has-post-thumbnail","6":"product_cat-produits-chimiques-de-recherche","8":"first","9":"instock","10":"shipping-taxable","11":"purchasable","12":"product-type-variable","13":"has-default-attributes"},"yoast_head":"<!-- This site is optimized with the Yoast SEO Premium plugin v20.6 (Yoast SEO v27.4) - https:\/\/yoast.com\/product\/yoast-seo-premium-wordpress\/ -->\n<title>25i NBOH \u00e0 vendre | Acheter 25i NBOH \u00e0 la meilleure qualit\u00e9<\/title>\n<meta name=\"description\" content=\"25i NBOH \u00e0 vendre au prix de gros aupr\u00e8s d&#039;un fournisseur de confiance. Exp\u00e9dition en toute s\u00e9curit\u00e9 25I-NBOH aux \u00c9tats-Unis, au Br\u00e9sil, dans l&#039;UE, au Royaume-Uni et dans d&#039;autres pays.\" \/>\n<meta name=\"robots\" content=\"index, follow, max-snippet:-1, max-image-preview:large, max-video-preview:-1\" \/>\n<link rel=\"canonical\" href=\"https:\/\/gooddealersmeds.com\/fr\/product\/25i-nboh-drogues\/\" \/>\n<meta property=\"og:locale\" content=\"en_US\" \/>\n<meta property=\"og:type\" content=\"article\" \/>\n<meta property=\"og:title\" content=\"Acheter des m\u00e9dicaments 25i NBOH en ligne\" \/>\n<meta property=\"og:description\" content=\"25i NBOH \u00e0 vendre au prix de gros aupr\u00e8s d&#039;un fournisseur de confiance. Exp\u00e9dition en toute s\u00e9curit\u00e9 25I-NBOH aux \u00c9tats-Unis, au Br\u00e9sil, dans l&#039;UE, au Royaume-Uni et dans d&#039;autres pays.\" \/>\n<meta property=\"og:url\" content=\"https:\/\/gooddealersmeds.com\/fr\/product\/25i-nboh-drogues\/\" \/>\n<meta property=\"og:site_name\" content=\"Good Dealers Meds\" \/>\n<meta property=\"article:modified_time\" content=\"2022-11-02T20:45:23+00:00\" \/>\n<meta property=\"og:image\" content=\"https:\/\/gooddealersmeds.com\/fr\/wp-content\/uploads\/sites\/5\/2022\/07\/25i-NBOH-Drugs.png\" \/>\n\t<meta property=\"og:image:width\" content=\"600\" \/>\n\t<meta property=\"og:image:height\" content=\"600\" \/>\n\t<meta property=\"og:image:type\" content=\"image\/png\" \/>\n<meta name=\"twitter:card\" content=\"summary_large_image\" \/>\n<meta name=\"twitter:label1\" content=\"Est. reading time\" \/>\n\t<meta name=\"twitter:data1\" content=\"2 minutes\" \/>\n<script type=\"application\/ld+json\" class=\"yoast-schema-graph\">{\"@context\":\"https:\\\/\\\/schema.org\",\"@graph\":[{\"@type\":\"WebPage\",\"@id\":\"https:\\\/\\\/gooddealersmeds.com\\\/fr\\\/product\\\/25i-nboh-drogues\\\/\",\"url\":\"https:\\\/\\\/gooddealersmeds.com\\\/fr\\\/product\\\/25i-nboh-drogues\\\/\",\"name\":\"25i NBOH \u00e0 vendre | Acheter 25i NBOH \u00e0 la meilleure qualit\u00e9\",\"isPartOf\":{\"@id\":\"https:\\\/\\\/gooddealersmeds.com\\\/fr\\\/#website\"},\"primaryImageOfPage\":{\"@id\":\"https:\\\/\\\/gooddealersmeds.com\\\/fr\\\/product\\\/25i-nboh-drogues\\\/#primaryimage\"},\"image\":{\"@id\":\"https:\\\/\\\/gooddealersmeds.com\\\/fr\\\/product\\\/25i-nboh-drogues\\\/#primaryimage\"},\"thumbnailUrl\":\"https:\\\/\\\/gooddealersmeds.com\\\/fr\\\/wp-content\\\/uploads\\\/sites\\\/5\\\/2022\\\/07\\\/25i-NBOH-Drugs.png\",\"datePublished\":\"2022-07-03T11:59:56+00:00\",\"dateModified\":\"2022-11-02T20:45:23+00:00\",\"description\":\"25i NBOH \u00e0 vendre au prix de gros aupr\u00e8s d'un fournisseur de confiance. Exp\u00e9dition en toute s\u00e9curit\u00e9 25I-NBOH aux \u00c9tats-Unis, au Br\u00e9sil, dans l'UE, au Royaume-Uni et dans d'autres pays.\",\"breadcrumb\":{\"@id\":\"https:\\\/\\\/gooddealersmeds.com\\\/fr\\\/product\\\/25i-nboh-drogues\\\/#breadcrumb\"},\"inLanguage\":\"en-US\",\"potentialAction\":[{\"@type\":\"ReadAction\",\"target\":[\"https:\\\/\\\/gooddealersmeds.com\\\/fr\\\/product\\\/25i-nboh-drogues\\\/\"]}]},{\"@type\":\"ImageObject\",\"inLanguage\":\"en-US\",\"@id\":\"https:\\\/\\\/gooddealersmeds.com\\\/fr\\\/product\\\/25i-nboh-drogues\\\/#primaryimage\",\"url\":\"https:\\\/\\\/gooddealersmeds.com\\\/fr\\\/wp-content\\\/uploads\\\/sites\\\/5\\\/2022\\\/07\\\/25i-NBOH-Drugs.png\",\"contentUrl\":\"https:\\\/\\\/gooddealersmeds.com\\\/fr\\\/wp-content\\\/uploads\\\/sites\\\/5\\\/2022\\\/07\\\/25i-NBOH-Drugs.png\",\"width\":600,\"height\":600,\"caption\":\"25i NBOH Drugs\"},{\"@type\":\"BreadcrumbList\",\"@id\":\"https:\\\/\\\/gooddealersmeds.com\\\/fr\\\/product\\\/25i-nboh-drogues\\\/#breadcrumb\",\"itemListElement\":[{\"@type\":\"ListItem\",\"position\":1,\"name\":\"Home\",\"item\":\"https:\\\/\\\/gooddealersmeds.com\\\/fr\\\/\"},{\"@type\":\"ListItem\",\"position\":2,\"name\":\"Des produits\",\"item\":\"https:\\\/\\\/gooddealersmeds.com\\\/fr\\\/des-produits\\\/\"},{\"@type\":\"ListItem\",\"position\":3,\"name\":\"Acheter des m\u00e9dicaments 25i NBOH en ligne\"}]},{\"@type\":\"WebSite\",\"@id\":\"https:\\\/\\\/gooddealersmeds.com\\\/fr\\\/#website\",\"url\":\"https:\\\/\\\/gooddealersmeds.com\\\/fr\\\/\",\"name\":\"Good Dealers Meds\",\"description\":\"All our best\",\"publisher\":{\"@id\":\"https:\\\/\\\/gooddealersmeds.com\\\/fr\\\/#organization\"},\"potentialAction\":[{\"@type\":\"SearchAction\",\"target\":{\"@type\":\"EntryPoint\",\"urlTemplate\":\"https:\\\/\\\/gooddealersmeds.com\\\/fr\\\/?s={search_term_string}\"},\"query-input\":{\"@type\":\"PropertyValueSpecification\",\"valueRequired\":true,\"valueName\":\"search_term_string\"}}],\"inLanguage\":\"en-US\"},{\"@type\":\"Organization\",\"@id\":\"https:\\\/\\\/gooddealersmeds.com\\\/fr\\\/#organization\",\"name\":\"Good Dealers Meds\",\"url\":\"https:\\\/\\\/gooddealersmeds.com\\\/fr\\\/\",\"logo\":{\"@type\":\"ImageObject\",\"inLanguage\":\"en-US\",\"@id\":\"https:\\\/\\\/gooddealersmeds.com\\\/fr\\\/#\\\/schema\\\/logo\\\/image\\\/\",\"url\":\"https:\\\/\\\/gooddealersmeds.com\\\/fr\\\/wp-content\\\/uploads\\\/sites\\\/5\\\/2022\\\/03\\\/gooddealersmeds__logo__20220317T222800Z.00.png\",\"contentUrl\":\"https:\\\/\\\/gooddealersmeds.com\\\/fr\\\/wp-content\\\/uploads\\\/sites\\\/5\\\/2022\\\/03\\\/gooddealersmeds__logo__20220317T222800Z.00.png\",\"width\":500,\"height\":325,\"caption\":\"Good Dealers Meds\"},\"image\":{\"@id\":\"https:\\\/\\\/gooddealersmeds.com\\\/fr\\\/#\\\/schema\\\/logo\\\/image\\\/\"}}]}<\/script>\n<!-- \/ Yoast SEO Premium plugin. -->","yoast_head_json":{"title":"25i NBOH \u00e0 vendre | Acheter 25i NBOH \u00e0 la meilleure qualit\u00e9","description":"25i NBOH \u00e0 vendre au prix de gros aupr\u00e8s d'un fournisseur de confiance. Exp\u00e9dition en toute s\u00e9curit\u00e9 25I-NBOH aux \u00c9tats-Unis, au Br\u00e9sil, dans l'UE, au Royaume-Uni et dans d'autres pays.","robots":{"index":"index","follow":"follow","max-snippet":"max-snippet:-1","max-image-preview":"max-image-preview:large","max-video-preview":"max-video-preview:-1"},"canonical":"https:\/\/gooddealersmeds.com\/fr\/product\/25i-nboh-drogues\/","og_locale":"en_US","og_type":"article","og_title":"Acheter des m\u00e9dicaments 25i NBOH en ligne","og_description":"25i NBOH \u00e0 vendre au prix de gros aupr\u00e8s d'un fournisseur de confiance. Exp\u00e9dition en toute s\u00e9curit\u00e9 25I-NBOH aux \u00c9tats-Unis, au Br\u00e9sil, dans l'UE, au Royaume-Uni et dans d'autres pays.","og_url":"https:\/\/gooddealersmeds.com\/fr\/product\/25i-nboh-drogues\/","og_site_name":"Good Dealers Meds","article_modified_time":"2022-11-02T20:45:23+00:00","og_image":[{"width":600,"height":600,"url":"https:\/\/gooddealersmeds.com\/fr\/wp-content\/uploads\/sites\/5\/2022\/07\/25i-NBOH-Drugs.png","type":"image\/png"}],"twitter_card":"summary_large_image","twitter_misc":{"Est. reading time":"2 minutes"},"schema":{"@context":"https:\/\/schema.org","@graph":[{"@type":"WebPage","@id":"https:\/\/gooddealersmeds.com\/fr\/product\/25i-nboh-drogues\/","url":"https:\/\/gooddealersmeds.com\/fr\/product\/25i-nboh-drogues\/","name":"25i NBOH \u00e0 vendre | Acheter 25i NBOH \u00e0 la meilleure qualit\u00e9","isPartOf":{"@id":"https:\/\/gooddealersmeds.com\/fr\/#website"},"primaryImageOfPage":{"@id":"https:\/\/gooddealersmeds.com\/fr\/product\/25i-nboh-drogues\/#primaryimage"},"image":{"@id":"https:\/\/gooddealersmeds.com\/fr\/product\/25i-nboh-drogues\/#primaryimage"},"thumbnailUrl":"https:\/\/gooddealersmeds.com\/fr\/wp-content\/uploads\/sites\/5\/2022\/07\/25i-NBOH-Drugs.png","datePublished":"2022-07-03T11:59:56+00:00","dateModified":"2022-11-02T20:45:23+00:00","description":"25i NBOH \u00e0 vendre au prix de gros aupr\u00e8s d'un fournisseur de confiance. Exp\u00e9dition en toute s\u00e9curit\u00e9 25I-NBOH aux \u00c9tats-Unis, au Br\u00e9sil, dans l'UE, au Royaume-Uni et dans d'autres pays.","breadcrumb":{"@id":"https:\/\/gooddealersmeds.com\/fr\/product\/25i-nboh-drogues\/#breadcrumb"},"inLanguage":"en-US","potentialAction":[{"@type":"ReadAction","target":["https:\/\/gooddealersmeds.com\/fr\/product\/25i-nboh-drogues\/"]}]},{"@type":"ImageObject","inLanguage":"en-US","@id":"https:\/\/gooddealersmeds.com\/fr\/product\/25i-nboh-drogues\/#primaryimage","url":"https:\/\/gooddealersmeds.com\/fr\/wp-content\/uploads\/sites\/5\/2022\/07\/25i-NBOH-Drugs.png","contentUrl":"https:\/\/gooddealersmeds.com\/fr\/wp-content\/uploads\/sites\/5\/2022\/07\/25i-NBOH-Drugs.png","width":600,"height":600,"caption":"25i NBOH Drugs"},{"@type":"BreadcrumbList","@id":"https:\/\/gooddealersmeds.com\/fr\/product\/25i-nboh-drogues\/#breadcrumb","itemListElement":[{"@type":"ListItem","position":1,"name":"Home","item":"https:\/\/gooddealersmeds.com\/fr\/"},{"@type":"ListItem","position":2,"name":"Des produits","item":"https:\/\/gooddealersmeds.com\/fr\/des-produits\/"},{"@type":"ListItem","position":3,"name":"Acheter des m\u00e9dicaments 25i NBOH en ligne"}]},{"@type":"WebSite","@id":"https:\/\/gooddealersmeds.com\/fr\/#website","url":"https:\/\/gooddealersmeds.com\/fr\/","name":"Good Dealers Meds","description":"All our best","publisher":{"@id":"https:\/\/gooddealersmeds.com\/fr\/#organization"},"potentialAction":[{"@type":"SearchAction","target":{"@type":"EntryPoint","urlTemplate":"https:\/\/gooddealersmeds.com\/fr\/?s={search_term_string}"},"query-input":{"@type":"PropertyValueSpecification","valueRequired":true,"valueName":"search_term_string"}}],"inLanguage":"en-US"},{"@type":"Organization","@id":"https:\/\/gooddealersmeds.com\/fr\/#organization","name":"Good Dealers Meds","url":"https:\/\/gooddealersmeds.com\/fr\/","logo":{"@type":"ImageObject","inLanguage":"en-US","@id":"https:\/\/gooddealersmeds.com\/fr\/#\/schema\/logo\/image\/","url":"https:\/\/gooddealersmeds.com\/fr\/wp-content\/uploads\/sites\/5\/2022\/03\/gooddealersmeds__logo__20220317T222800Z.00.png","contentUrl":"https:\/\/gooddealersmeds.com\/fr\/wp-content\/uploads\/sites\/5\/2022\/03\/gooddealersmeds__logo__20220317T222800Z.00.png","width":500,"height":325,"caption":"Good Dealers Meds"},"image":{"@id":"https:\/\/gooddealersmeds.com\/fr\/#\/schema\/logo\/image\/"}}]}},"_links":{"self":[{"href":"https:\/\/gooddealersmeds.com\/fr\/wp-json\/wp\/v2\/product\/1905","targetHints":{"allow":["GET"]}}],"collection":[{"href":"https:\/\/gooddealersmeds.com\/fr\/wp-json\/wp\/v2\/product"}],"about":[{"href":"https:\/\/gooddealersmeds.com\/fr\/wp-json\/wp\/v2\/types\/product"}],"replies":[{"embeddable":true,"href":"https:\/\/gooddealersmeds.com\/fr\/wp-json\/wp\/v2\/comments?post=1905"}],"wp:featuredmedia":[{"embeddable":true,"href":"https:\/\/gooddealersmeds.com\/fr\/wp-json\/wp\/v2\/media\/1911"}],"wp:attachment":[{"href":"https:\/\/gooddealersmeds.com\/fr\/wp-json\/wp\/v2\/media?parent=1905"}],"wp:term":[{"taxonomy":"product_brand","embeddable":true,"href":"https:\/\/gooddealersmeds.com\/fr\/wp-json\/wp\/v2\/product_brand?post=1905"},{"taxonomy":"product_cat","embeddable":true,"href":"https:\/\/gooddealersmeds.com\/fr\/wp-json\/wp\/v2\/product_cat?post=1905"},{"taxonomy":"product_tag","embeddable":true,"href":"https:\/\/gooddealersmeds.com\/fr\/wp-json\/wp\/v2\/product_tag?post=1905"}],"curies":[{"name":"wp","href":"https:\/\/api.w.org\/{rel}","templated":true}]}}