{"id":1898,"date":"2022-07-03T11:54:52","date_gmt":"2022-07-03T11:54:52","guid":{"rendered":"https:\/\/gooddealersmeds.com\/fr\/?post_type=product&#038;p=1898"},"modified":"2023-01-05T21:54:30","modified_gmt":"2023-01-05T21:54:30","slug":"25i-nbome-drogue","status":"publish","type":"product","link":"https:\/\/gooddealersmeds.com\/fr\/product\/25i-nbome-drogue\/","title":{"rendered":"Commander 25i NBOME M\u00e9dicament"},"content":{"rendered":"<h2>Acheter un m\u00e9dicament 25i NBOME de qualit\u00e9 en ligne<\/h2>\n<p>Achetez 25I NBOMe ici &#8211; Le m\u00e9dicament 25i NBOME est un type de m\u00e9dicament utilis\u00e9 pour traiter un large \u00e9ventail de conditions m\u00e9dicales. Le m\u00e9dicament est connu sous le nom de 1-m\u00e9thyl-4-ph\u00e9nyl-1,2,3,6-t\u00e9trahydropyridine (MPTP) et a \u00e9t\u00e9 utilis\u00e9 dans le pass\u00e9 pour traiter la maladie de Parkinson. Cependant, il a maintenant \u00e9t\u00e9 interdit en raison de ses effets toxiques sur le cerveau, et il est devenu clair que l&#8217;utilisation de ce m\u00e9dicament peut causer des dommages permanents \u00e0 votre syst\u00e8me nerveux.<\/p>\n<p>Si vous envisagez d&#8217;acheter <a href=\"https:\/\/gooddealersmeds.com\/fr\/product\/25i-nbome-drogue\/\">25i NBOME Drug<\/a> Online, alors vous devez savoir que ce m\u00e9dicament a \u00e9t\u00e9 utilis\u00e9 dans des essais cliniques. Les r\u00e9sultats de ces \u00e9tudes ont montr\u00e9 qu&#8217;il avait un b\u00e9n\u00e9fice global sur les patients qui souffraient de divers types de cancers, y compris le cancer du poumon et le lymphome. De plus, il s&#8217;est av\u00e9r\u00e9 efficace contre plusieurs types de cancers \u00e0 la fois.<\/p>\n<p><strong>\u00a0<\/strong><\/p>\n<p><strong>Pourquoi acheter le m\u00e9dicament 25i NBOME en ligne\u00a0?<\/strong><\/p>\n<p>De nombreuses personnes qui utilisent ce m\u00e9dicament depuis des ann\u00e9es ont d\u00e9clar\u00e9 se sentir d\u00e9prim\u00e9es ou avoir des probl\u00e8mes de concentration apr\u00e8s l&#8217;avoir utilis\u00e9 pendant trop longtemps. Bien que cela puisse \u00eatre d\u00fb au fait qu&#8217;ils ont atteint leur limite de dose ou qu&#8217;ils ont compl\u00e8tement cess\u00e9 de le prendre, certaines personnes continueront \u00e0 souffrir de ces sympt\u00f4mes m\u00eame apr\u00e8s avoir arr\u00eat\u00e9 de prendre les m\u00e9dicaments 25i NBOME en ligne. Cela signifie que de nombreuses personnes ont souffert d&#8217;effets secondaires \u00e0 la suite de l&#8217;utilisation de ce m\u00e9dicament sans conna\u00eetre ses dangers au pr\u00e9alable\u00a0!<\/p>\n<p><strong>\u00a0<\/strong><\/p>\n<p><strong>O\u00f9 acheter 25i NBOME Drug Online\u00a0?<\/strong><\/p>\n<p>Si vous cherchez \u00e0 vous d\u00e9barrasser des effets toxiques sur votre cerveau, consultez 25i NBOME Drug Online. Good Dealers Meds propose une large gamme de produits pour tous vos besoins c\u00e9r\u00e9braux. Achetez 25I NBOMe ici<\/p>\n<p>Nous avons ce dont vous avez besoin, que vous recherchiez quelque chose pour vous aider \u00e0 vous d\u00e9tendre ou \u00e0 vous d\u00e9tendre. Nous vendons \u00e9galement d&#8217;autres m\u00e9dicaments qui peuvent \u00eatre utiles. Bien s\u00fbr, si vous souhaitez acheter l&#8217;un de ces m\u00e9dicaments sans avoir \u00e0 vous d\u00e9placer jusqu&#8217;\u00e0 une v\u00e9ritable pharmacie, nous sommes l&#8217;endroit qu&#8217;il vous faut\u00a0!<\/p>\n<p><strong>\u00a0<\/strong><\/p>\n","protected":false},"excerpt":{"rendered":"<p>Acheter 25I NBOMe Drug Online est un produit chimique de recherche de haute qualit\u00e9. Vous pouvez acheter 25I-NBOMe en ligne au prix de gros. Exp\u00e9dition en toute s\u00e9curit\u00e9 25I-NBOMe aux \u00c9tats-Unis, dans l&#8217;UE, au Royaume-Uni et dans d&#8217;autres pays.<\/p>\n","protected":false},"featured_media":1904,"comment_status":"open","ping_status":"closed","template":"","meta":{"inline_featured_image":false},"product_brand":[],"product_cat":[344],"product_tag":[],"class_list":{"0":"post-1898","1":"product","2":"type-product","3":"status-publish","4":"has-post-thumbnail","6":"product_cat-produits-chimiques-de-recherche","8":"first","9":"instock","10":"shipping-taxable","11":"purchasable","12":"product-type-variable","13":"has-default-attributes"},"yoast_head":"<!-- This site is optimized with the Yoast SEO Premium plugin v20.6 (Yoast SEO v27.4) - https:\/\/yoast.com\/product\/yoast-seo-premium-wordpress\/ -->\n<title>Achetez 25I NBOMe ici - 25I NBOMe \u00e0 vendre | Good Dealers Meds<\/title>\n<meta name=\"description\" content=\"Achetez 25I NBOMe ici, vous pouvez acheter 25I-NBOMe en ligne au prix de gros. Exp\u00e9dition en toute s\u00e9curit\u00e9 25I-NBOMe aux \u00c9tats-Unis, dans l&#039;UE, au Royaume-Uni et dans d&#039;autres pays.\" \/>\n<meta name=\"robots\" content=\"index, follow, max-snippet:-1, max-image-preview:large, max-video-preview:-1\" \/>\n<link rel=\"canonical\" href=\"https:\/\/gooddealersmeds.com\/fr\/product\/25i-nbome-drogue\/\" \/>\n<meta property=\"og:locale\" content=\"en_US\" \/>\n<meta property=\"og:type\" content=\"article\" \/>\n<meta property=\"og:title\" content=\"Commander 25i NBOME M\u00e9dicament\" \/>\n<meta property=\"og:description\" content=\"Achetez 25I NBOMe ici, vous pouvez acheter 25I-NBOMe en ligne au prix de gros. Exp\u00e9dition en toute s\u00e9curit\u00e9 25I-NBOMe aux \u00c9tats-Unis, dans l&#039;UE, au Royaume-Uni et dans d&#039;autres pays.\" \/>\n<meta property=\"og:url\" content=\"https:\/\/gooddealersmeds.com\/fr\/product\/25i-nbome-drogue\/\" \/>\n<meta property=\"og:site_name\" content=\"Good Dealers Meds\" \/>\n<meta property=\"article:modified_time\" content=\"2023-01-05T21:54:30+00:00\" \/>\n<meta property=\"og:image\" content=\"https:\/\/gooddealersmeds.com\/fr\/wp-content\/uploads\/sites\/5\/2022\/07\/25i-NBOME-Drug.jpg\" \/>\n\t<meta property=\"og:image:width\" content=\"600\" \/>\n\t<meta property=\"og:image:height\" content=\"600\" \/>\n\t<meta property=\"og:image:type\" content=\"image\/jpeg\" \/>\n<meta name=\"twitter:card\" content=\"summary_large_image\" \/>\n<meta name=\"twitter:label1\" content=\"Est. reading time\" \/>\n\t<meta name=\"twitter:data1\" content=\"2 minutes\" \/>\n<script type=\"application\/ld+json\" class=\"yoast-schema-graph\">{\"@context\":\"https:\\\/\\\/schema.org\",\"@graph\":[{\"@type\":\"WebPage\",\"@id\":\"https:\\\/\\\/gooddealersmeds.com\\\/fr\\\/product\\\/25i-nbome-drogue\\\/\",\"url\":\"https:\\\/\\\/gooddealersmeds.com\\\/fr\\\/product\\\/25i-nbome-drogue\\\/\",\"name\":\"Achetez 25I NBOMe ici - 25I NBOMe \u00e0 vendre | Good Dealers Meds\",\"isPartOf\":{\"@id\":\"https:\\\/\\\/gooddealersmeds.com\\\/fr\\\/#website\"},\"primaryImageOfPage\":{\"@id\":\"https:\\\/\\\/gooddealersmeds.com\\\/fr\\\/product\\\/25i-nbome-drogue\\\/#primaryimage\"},\"image\":{\"@id\":\"https:\\\/\\\/gooddealersmeds.com\\\/fr\\\/product\\\/25i-nbome-drogue\\\/#primaryimage\"},\"thumbnailUrl\":\"https:\\\/\\\/gooddealersmeds.com\\\/fr\\\/wp-content\\\/uploads\\\/sites\\\/5\\\/2022\\\/07\\\/25i-NBOME-Drug.jpg\",\"datePublished\":\"2022-07-03T11:54:52+00:00\",\"dateModified\":\"2023-01-05T21:54:30+00:00\",\"description\":\"Achetez 25I NBOMe ici, vous pouvez acheter 25I-NBOMe en ligne au prix de gros. Exp\u00e9dition en toute s\u00e9curit\u00e9 25I-NBOMe aux \u00c9tats-Unis, dans l'UE, au Royaume-Uni et dans d'autres pays.\",\"breadcrumb\":{\"@id\":\"https:\\\/\\\/gooddealersmeds.com\\\/fr\\\/product\\\/25i-nbome-drogue\\\/#breadcrumb\"},\"inLanguage\":\"en-US\",\"potentialAction\":[{\"@type\":\"ReadAction\",\"target\":[\"https:\\\/\\\/gooddealersmeds.com\\\/fr\\\/product\\\/25i-nbome-drogue\\\/\"]}]},{\"@type\":\"ImageObject\",\"inLanguage\":\"en-US\",\"@id\":\"https:\\\/\\\/gooddealersmeds.com\\\/fr\\\/product\\\/25i-nbome-drogue\\\/#primaryimage\",\"url\":\"https:\\\/\\\/gooddealersmeds.com\\\/fr\\\/wp-content\\\/uploads\\\/sites\\\/5\\\/2022\\\/07\\\/25i-NBOME-Drug.jpg\",\"contentUrl\":\"https:\\\/\\\/gooddealersmeds.com\\\/fr\\\/wp-content\\\/uploads\\\/sites\\\/5\\\/2022\\\/07\\\/25i-NBOME-Drug.jpg\",\"width\":600,\"height\":600,\"caption\":\"Buy 25I NBOMe Drug\"},{\"@type\":\"BreadcrumbList\",\"@id\":\"https:\\\/\\\/gooddealersmeds.com\\\/fr\\\/product\\\/25i-nbome-drogue\\\/#breadcrumb\",\"itemListElement\":[{\"@type\":\"ListItem\",\"position\":1,\"name\":\"Home\",\"item\":\"https:\\\/\\\/gooddealersmeds.com\\\/fr\\\/\"},{\"@type\":\"ListItem\",\"position\":2,\"name\":\"Des produits\",\"item\":\"https:\\\/\\\/gooddealersmeds.com\\\/fr\\\/des-produits\\\/\"},{\"@type\":\"ListItem\",\"position\":3,\"name\":\"Commander 25i NBOME M\u00e9dicament\"}]},{\"@type\":\"WebSite\",\"@id\":\"https:\\\/\\\/gooddealersmeds.com\\\/fr\\\/#website\",\"url\":\"https:\\\/\\\/gooddealersmeds.com\\\/fr\\\/\",\"name\":\"Good Dealers Meds\",\"description\":\"All our best\",\"publisher\":{\"@id\":\"https:\\\/\\\/gooddealersmeds.com\\\/fr\\\/#organization\"},\"potentialAction\":[{\"@type\":\"SearchAction\",\"target\":{\"@type\":\"EntryPoint\",\"urlTemplate\":\"https:\\\/\\\/gooddealersmeds.com\\\/fr\\\/?s={search_term_string}\"},\"query-input\":{\"@type\":\"PropertyValueSpecification\",\"valueRequired\":true,\"valueName\":\"search_term_string\"}}],\"inLanguage\":\"en-US\"},{\"@type\":\"Organization\",\"@id\":\"https:\\\/\\\/gooddealersmeds.com\\\/fr\\\/#organization\",\"name\":\"Good Dealers Meds\",\"url\":\"https:\\\/\\\/gooddealersmeds.com\\\/fr\\\/\",\"logo\":{\"@type\":\"ImageObject\",\"inLanguage\":\"en-US\",\"@id\":\"https:\\\/\\\/gooddealersmeds.com\\\/fr\\\/#\\\/schema\\\/logo\\\/image\\\/\",\"url\":\"https:\\\/\\\/gooddealersmeds.com\\\/fr\\\/wp-content\\\/uploads\\\/sites\\\/5\\\/2022\\\/03\\\/gooddealersmeds__logo__20220317T222800Z.00.png\",\"contentUrl\":\"https:\\\/\\\/gooddealersmeds.com\\\/fr\\\/wp-content\\\/uploads\\\/sites\\\/5\\\/2022\\\/03\\\/gooddealersmeds__logo__20220317T222800Z.00.png\",\"width\":500,\"height\":325,\"caption\":\"Good Dealers Meds\"},\"image\":{\"@id\":\"https:\\\/\\\/gooddealersmeds.com\\\/fr\\\/#\\\/schema\\\/logo\\\/image\\\/\"}}]}<\/script>\n<!-- \/ Yoast SEO Premium plugin. -->","yoast_head_json":{"title":"Achetez 25I NBOMe ici - 25I NBOMe \u00e0 vendre | Good Dealers Meds","description":"Achetez 25I NBOMe ici, vous pouvez acheter 25I-NBOMe en ligne au prix de gros. Exp\u00e9dition en toute s\u00e9curit\u00e9 25I-NBOMe aux \u00c9tats-Unis, dans l'UE, au Royaume-Uni et dans d'autres pays.","robots":{"index":"index","follow":"follow","max-snippet":"max-snippet:-1","max-image-preview":"max-image-preview:large","max-video-preview":"max-video-preview:-1"},"canonical":"https:\/\/gooddealersmeds.com\/fr\/product\/25i-nbome-drogue\/","og_locale":"en_US","og_type":"article","og_title":"Commander 25i NBOME M\u00e9dicament","og_description":"Achetez 25I NBOMe ici, vous pouvez acheter 25I-NBOMe en ligne au prix de gros. Exp\u00e9dition en toute s\u00e9curit\u00e9 25I-NBOMe aux \u00c9tats-Unis, dans l'UE, au Royaume-Uni et dans d'autres pays.","og_url":"https:\/\/gooddealersmeds.com\/fr\/product\/25i-nbome-drogue\/","og_site_name":"Good Dealers Meds","article_modified_time":"2023-01-05T21:54:30+00:00","og_image":[{"width":600,"height":600,"url":"https:\/\/gooddealersmeds.com\/fr\/wp-content\/uploads\/sites\/5\/2022\/07\/25i-NBOME-Drug.jpg","type":"image\/jpeg"}],"twitter_card":"summary_large_image","twitter_misc":{"Est. reading time":"2 minutes"},"schema":{"@context":"https:\/\/schema.org","@graph":[{"@type":"WebPage","@id":"https:\/\/gooddealersmeds.com\/fr\/product\/25i-nbome-drogue\/","url":"https:\/\/gooddealersmeds.com\/fr\/product\/25i-nbome-drogue\/","name":"Achetez 25I NBOMe ici - 25I NBOMe \u00e0 vendre | Good Dealers Meds","isPartOf":{"@id":"https:\/\/gooddealersmeds.com\/fr\/#website"},"primaryImageOfPage":{"@id":"https:\/\/gooddealersmeds.com\/fr\/product\/25i-nbome-drogue\/#primaryimage"},"image":{"@id":"https:\/\/gooddealersmeds.com\/fr\/product\/25i-nbome-drogue\/#primaryimage"},"thumbnailUrl":"https:\/\/gooddealersmeds.com\/fr\/wp-content\/uploads\/sites\/5\/2022\/07\/25i-NBOME-Drug.jpg","datePublished":"2022-07-03T11:54:52+00:00","dateModified":"2023-01-05T21:54:30+00:00","description":"Achetez 25I NBOMe ici, vous pouvez acheter 25I-NBOMe en ligne au prix de gros. Exp\u00e9dition en toute s\u00e9curit\u00e9 25I-NBOMe aux \u00c9tats-Unis, dans l'UE, au Royaume-Uni et dans d'autres pays.","breadcrumb":{"@id":"https:\/\/gooddealersmeds.com\/fr\/product\/25i-nbome-drogue\/#breadcrumb"},"inLanguage":"en-US","potentialAction":[{"@type":"ReadAction","target":["https:\/\/gooddealersmeds.com\/fr\/product\/25i-nbome-drogue\/"]}]},{"@type":"ImageObject","inLanguage":"en-US","@id":"https:\/\/gooddealersmeds.com\/fr\/product\/25i-nbome-drogue\/#primaryimage","url":"https:\/\/gooddealersmeds.com\/fr\/wp-content\/uploads\/sites\/5\/2022\/07\/25i-NBOME-Drug.jpg","contentUrl":"https:\/\/gooddealersmeds.com\/fr\/wp-content\/uploads\/sites\/5\/2022\/07\/25i-NBOME-Drug.jpg","width":600,"height":600,"caption":"Buy 25I NBOMe Drug"},{"@type":"BreadcrumbList","@id":"https:\/\/gooddealersmeds.com\/fr\/product\/25i-nbome-drogue\/#breadcrumb","itemListElement":[{"@type":"ListItem","position":1,"name":"Home","item":"https:\/\/gooddealersmeds.com\/fr\/"},{"@type":"ListItem","position":2,"name":"Des produits","item":"https:\/\/gooddealersmeds.com\/fr\/des-produits\/"},{"@type":"ListItem","position":3,"name":"Commander 25i NBOME M\u00e9dicament"}]},{"@type":"WebSite","@id":"https:\/\/gooddealersmeds.com\/fr\/#website","url":"https:\/\/gooddealersmeds.com\/fr\/","name":"Good Dealers Meds","description":"All our best","publisher":{"@id":"https:\/\/gooddealersmeds.com\/fr\/#organization"},"potentialAction":[{"@type":"SearchAction","target":{"@type":"EntryPoint","urlTemplate":"https:\/\/gooddealersmeds.com\/fr\/?s={search_term_string}"},"query-input":{"@type":"PropertyValueSpecification","valueRequired":true,"valueName":"search_term_string"}}],"inLanguage":"en-US"},{"@type":"Organization","@id":"https:\/\/gooddealersmeds.com\/fr\/#organization","name":"Good Dealers Meds","url":"https:\/\/gooddealersmeds.com\/fr\/","logo":{"@type":"ImageObject","inLanguage":"en-US","@id":"https:\/\/gooddealersmeds.com\/fr\/#\/schema\/logo\/image\/","url":"https:\/\/gooddealersmeds.com\/fr\/wp-content\/uploads\/sites\/5\/2022\/03\/gooddealersmeds__logo__20220317T222800Z.00.png","contentUrl":"https:\/\/gooddealersmeds.com\/fr\/wp-content\/uploads\/sites\/5\/2022\/03\/gooddealersmeds__logo__20220317T222800Z.00.png","width":500,"height":325,"caption":"Good Dealers Meds"},"image":{"@id":"https:\/\/gooddealersmeds.com\/fr\/#\/schema\/logo\/image\/"}}]}},"_links":{"self":[{"href":"https:\/\/gooddealersmeds.com\/fr\/wp-json\/wp\/v2\/product\/1898","targetHints":{"allow":["GET"]}}],"collection":[{"href":"https:\/\/gooddealersmeds.com\/fr\/wp-json\/wp\/v2\/product"}],"about":[{"href":"https:\/\/gooddealersmeds.com\/fr\/wp-json\/wp\/v2\/types\/product"}],"replies":[{"embeddable":true,"href":"https:\/\/gooddealersmeds.com\/fr\/wp-json\/wp\/v2\/comments?post=1898"}],"wp:featuredmedia":[{"embeddable":true,"href":"https:\/\/gooddealersmeds.com\/fr\/wp-json\/wp\/v2\/media\/1904"}],"wp:attachment":[{"href":"https:\/\/gooddealersmeds.com\/fr\/wp-json\/wp\/v2\/media?parent=1898"}],"wp:term":[{"taxonomy":"product_brand","embeddable":true,"href":"https:\/\/gooddealersmeds.com\/fr\/wp-json\/wp\/v2\/product_brand?post=1898"},{"taxonomy":"product_cat","embeddable":true,"href":"https:\/\/gooddealersmeds.com\/fr\/wp-json\/wp\/v2\/product_cat?post=1898"},{"taxonomy":"product_tag","embeddable":true,"href":"https:\/\/gooddealersmeds.com\/fr\/wp-json\/wp\/v2\/product_tag?post=1898"}],"curies":[{"name":"wp","href":"https:\/\/api.w.org\/{rel}","templated":true}]}}