{"id":1891,"date":"2022-07-03T11:48:53","date_gmt":"2022-07-03T11:48:53","guid":{"rendered":"https:\/\/gooddealersmeds.com\/fr\/?post_type=product&#038;p=1891"},"modified":"2023-01-05T22:03:40","modified_gmt":"2023-01-05T22:03:40","slug":"3-meo-pcp-medicament","status":"publish","type":"product","link":"https:\/\/gooddealersmeds.com\/fr\/product\/3-meo-pcp-medicament\/","title":{"rendered":"Acheter le m\u00e9dicament 3-MEO PCP"},"content":{"rendered":"<h2>Achetez en ligne un m\u00e9dicament 3-MEO PCP de qualit\u00e9<\/h2>\n<p>Le m\u00e9dicament de synth\u00e8se <a href=\"https:\/\/en.wikipedia.org\/wiki La \/3-MeO-PCP\">3-Methoxyphencyclidine<\/a> appartient \u00e0 la classe des arylcyclohexylamines des hallucinog\u00e8nes dissociatifs. Les r\u00e9cepteurs NMDA sont sa cible principale, mais il interagit \u00e9galement avec les r\u00e9cepteurs sigma 1-3 et le transporteur de la s\u00e9rotonine. Aucune activit\u00e9 opio\u00efde n&#8217;est pr\u00e9sente dans le m\u00e9dicament et n&#8217;agit pas non plus comme un inhibiteur de la recapture de la dopamine. Acheter 3-MeO-PCP en ligne<\/p>\n<p>&nbsp;<\/p>\n<p><strong>Qu&#8217;est-ce qui rend l&#8217;achat en ligne du m\u00e9dicament 3-MEO PCP le meilleur ?<\/strong><\/p>\n<p>Vous Vous voudrez peut-\u00eatre commander 3-MEO PCP Drug en ligne si vous recherchez une forme de traitement sans vous soucier des effets secondaires ou du co\u00fbt dans votre pharmacie locale. De plus, la plupart trouvent que l&#8217;achat de ces m\u00e9dicaments en ligne est beaucoup plus pratique et \u00e9conomique que de les acheter en personne.<\/p>\n<p>&nbsp;<\/p>\n<p><strong>Le meilleur endroit pour commander le m\u00e9dicament 3-MEO PCP\u00a0<\/strong><\/p>\n<p>Le meilleur endroit pour acheter 3-MEO PCP Drug Online est dans une pharmacie ou une boutique en ligne r\u00e9put\u00e9e. Vous devez toujours vous assurer que la soci\u00e9t\u00e9 qui vend ce produit est agr\u00e9\u00e9e par la FDA et certifi\u00e9e par une autre agence, telle que la National Association of Boards of Pharmacy (NABP). Cela garantira qu&#8217;ils suivent des directives strictes lors de la distribution de leurs produits \u00e0 l&#8217;\u00e9chelle nationale \u00e0 travers le pays. Acheter 3-MeO-PCP en ligne<\/p>\n<p>Et <a href=\"https:\/\/gooddealersmeds.com\/fr\/product\/3-meo-pcp-drug \/\">Good Dealers Meds<\/a> est un endroit qui coche toutes les cases de la liste des exigences.<\/p>\n","protected":false},"excerpt":{"rendered":"<p>Achetez du m\u00e9dicament 3-MeO-PCP en gros aupr\u00e8s du fabricant, de haute qualit\u00e9 \u00e0 bas prix avec livraison dans le monde entier.3-meo-pcp avec le nom officiel de 1-[1-(3-m\u00e9thoxyph\u00e9nyl)cyclohexyl]-pip\u00e9ridine est class\u00e9 comme compos\u00e9 dissociatif.<\/p>\n","protected":false},"featured_media":1897,"comment_status":"open","ping_status":"closed","template":"","meta":{"inline_featured_image":false},"product_brand":[],"product_cat":[344],"product_tag":[],"class_list":{"0":"post-1891","1":"product","2":"type-product","3":"status-publish","4":"has-post-thumbnail","6":"product_cat-produits-chimiques-de-recherche","8":"first","9":"instock","10":"shipping-taxable","11":"purchasable","12":"product-type-variable","13":"has-default-attributes"},"yoast_head":"<!-- This site is optimized with the Yoast SEO Premium plugin v20.6 (Yoast SEO v27.4) - https:\/\/yoast.com\/product\/yoast-seo-premium-wordpress\/ -->\n<title>Acheter 3-MeO-PCP en ligne | 3-MeO-PCP \u00e0 vendre | Good Dealers Meds<\/title>\n<meta name=\"description\" content=\"Acheter 3-MeO-PCP en ligne en gros aupr\u00e8s du fabricant chez Good Dealers Meds, de haute qualit\u00e9 \u00e0 bas prix avec une livraison dans le monde entier.\" \/>\n<meta name=\"robots\" content=\"index, follow, max-snippet:-1, max-image-preview:large, max-video-preview:-1\" \/>\n<link rel=\"canonical\" href=\"https:\/\/gooddealersmeds.com\/fr\/product\/3-meo-pcp-medicament\/\" \/>\n<meta property=\"og:locale\" content=\"en_US\" \/>\n<meta property=\"og:type\" content=\"article\" \/>\n<meta property=\"og:title\" content=\"Acheter le m\u00e9dicament 3-MEO PCP\" \/>\n<meta property=\"og:description\" content=\"Acheter 3-MeO-PCP en ligne en gros aupr\u00e8s du fabricant chez Good Dealers Meds, de haute qualit\u00e9 \u00e0 bas prix avec une livraison dans le monde entier.\" \/>\n<meta property=\"og:url\" content=\"https:\/\/gooddealersmeds.com\/fr\/product\/3-meo-pcp-medicament\/\" \/>\n<meta property=\"og:site_name\" content=\"Good Dealers Meds\" \/>\n<meta property=\"article:modified_time\" content=\"2023-01-05T22:03:40+00:00\" \/>\n<meta property=\"og:image\" content=\"https:\/\/gooddealersmeds.com\/fr\/wp-content\/uploads\/sites\/5\/2022\/07\/3-MEO-PCP-Drug.jpg\" \/>\n\t<meta property=\"og:image:width\" content=\"600\" \/>\n\t<meta property=\"og:image:height\" content=\"600\" \/>\n\t<meta property=\"og:image:type\" content=\"image\/jpeg\" \/>\n<meta name=\"twitter:card\" content=\"summary_large_image\" \/>\n<meta name=\"twitter:label1\" content=\"Est. reading time\" \/>\n\t<meta name=\"twitter:data1\" content=\"1 minute\" \/>\n<script type=\"application\/ld+json\" class=\"yoast-schema-graph\">{\"@context\":\"https:\\\/\\\/schema.org\",\"@graph\":[{\"@type\":\"WebPage\",\"@id\":\"https:\\\/\\\/gooddealersmeds.com\\\/fr\\\/product\\\/3-meo-pcp-medicament\\\/\",\"url\":\"https:\\\/\\\/gooddealersmeds.com\\\/fr\\\/product\\\/3-meo-pcp-medicament\\\/\",\"name\":\"Acheter 3-MeO-PCP en ligne | 3-MeO-PCP \u00e0 vendre | Good Dealers Meds\",\"isPartOf\":{\"@id\":\"https:\\\/\\\/gooddealersmeds.com\\\/fr\\\/#website\"},\"primaryImageOfPage\":{\"@id\":\"https:\\\/\\\/gooddealersmeds.com\\\/fr\\\/product\\\/3-meo-pcp-medicament\\\/#primaryimage\"},\"image\":{\"@id\":\"https:\\\/\\\/gooddealersmeds.com\\\/fr\\\/product\\\/3-meo-pcp-medicament\\\/#primaryimage\"},\"thumbnailUrl\":\"https:\\\/\\\/gooddealersmeds.com\\\/fr\\\/wp-content\\\/uploads\\\/sites\\\/5\\\/2022\\\/07\\\/3-MEO-PCP-Drug.jpg\",\"datePublished\":\"2022-07-03T11:48:53+00:00\",\"dateModified\":\"2023-01-05T22:03:40+00:00\",\"description\":\"Acheter 3-MeO-PCP en ligne en gros aupr\u00e8s du fabricant chez Good Dealers Meds, de haute qualit\u00e9 \u00e0 bas prix avec une livraison dans le monde entier.\",\"breadcrumb\":{\"@id\":\"https:\\\/\\\/gooddealersmeds.com\\\/fr\\\/product\\\/3-meo-pcp-medicament\\\/#breadcrumb\"},\"inLanguage\":\"en-US\",\"potentialAction\":[{\"@type\":\"ReadAction\",\"target\":[\"https:\\\/\\\/gooddealersmeds.com\\\/fr\\\/product\\\/3-meo-pcp-medicament\\\/\"]}]},{\"@type\":\"ImageObject\",\"inLanguage\":\"en-US\",\"@id\":\"https:\\\/\\\/gooddealersmeds.com\\\/fr\\\/product\\\/3-meo-pcp-medicament\\\/#primaryimage\",\"url\":\"https:\\\/\\\/gooddealersmeds.com\\\/fr\\\/wp-content\\\/uploads\\\/sites\\\/5\\\/2022\\\/07\\\/3-MEO-PCP-Drug.jpg\",\"contentUrl\":\"https:\\\/\\\/gooddealersmeds.com\\\/fr\\\/wp-content\\\/uploads\\\/sites\\\/5\\\/2022\\\/07\\\/3-MEO-PCP-Drug.jpg\",\"width\":600,\"height\":600,\"caption\":\"Buy 3-MeO-PCP Drug Online\"},{\"@type\":\"BreadcrumbList\",\"@id\":\"https:\\\/\\\/gooddealersmeds.com\\\/fr\\\/product\\\/3-meo-pcp-medicament\\\/#breadcrumb\",\"itemListElement\":[{\"@type\":\"ListItem\",\"position\":1,\"name\":\"Home\",\"item\":\"https:\\\/\\\/gooddealersmeds.com\\\/fr\\\/\"},{\"@type\":\"ListItem\",\"position\":2,\"name\":\"Des produits\",\"item\":\"https:\\\/\\\/gooddealersmeds.com\\\/fr\\\/des-produits\\\/\"},{\"@type\":\"ListItem\",\"position\":3,\"name\":\"Acheter le m\u00e9dicament 3-MEO PCP\"}]},{\"@type\":\"WebSite\",\"@id\":\"https:\\\/\\\/gooddealersmeds.com\\\/fr\\\/#website\",\"url\":\"https:\\\/\\\/gooddealersmeds.com\\\/fr\\\/\",\"name\":\"Good Dealers Meds\",\"description\":\"All our best\",\"publisher\":{\"@id\":\"https:\\\/\\\/gooddealersmeds.com\\\/fr\\\/#organization\"},\"potentialAction\":[{\"@type\":\"SearchAction\",\"target\":{\"@type\":\"EntryPoint\",\"urlTemplate\":\"https:\\\/\\\/gooddealersmeds.com\\\/fr\\\/?s={search_term_string}\"},\"query-input\":{\"@type\":\"PropertyValueSpecification\",\"valueRequired\":true,\"valueName\":\"search_term_string\"}}],\"inLanguage\":\"en-US\"},{\"@type\":\"Organization\",\"@id\":\"https:\\\/\\\/gooddealersmeds.com\\\/fr\\\/#organization\",\"name\":\"Good Dealers Meds\",\"url\":\"https:\\\/\\\/gooddealersmeds.com\\\/fr\\\/\",\"logo\":{\"@type\":\"ImageObject\",\"inLanguage\":\"en-US\",\"@id\":\"https:\\\/\\\/gooddealersmeds.com\\\/fr\\\/#\\\/schema\\\/logo\\\/image\\\/\",\"url\":\"https:\\\/\\\/gooddealersmeds.com\\\/fr\\\/wp-content\\\/uploads\\\/sites\\\/5\\\/2022\\\/03\\\/gooddealersmeds__logo__20220317T222800Z.00.png\",\"contentUrl\":\"https:\\\/\\\/gooddealersmeds.com\\\/fr\\\/wp-content\\\/uploads\\\/sites\\\/5\\\/2022\\\/03\\\/gooddealersmeds__logo__20220317T222800Z.00.png\",\"width\":500,\"height\":325,\"caption\":\"Good Dealers Meds\"},\"image\":{\"@id\":\"https:\\\/\\\/gooddealersmeds.com\\\/fr\\\/#\\\/schema\\\/logo\\\/image\\\/\"}}]}<\/script>\n<!-- \/ Yoast SEO Premium plugin. -->","yoast_head_json":{"title":"Acheter 3-MeO-PCP en ligne | 3-MeO-PCP \u00e0 vendre | Good Dealers Meds","description":"Acheter 3-MeO-PCP en ligne en gros aupr\u00e8s du fabricant chez Good Dealers Meds, de haute qualit\u00e9 \u00e0 bas prix avec une livraison dans le monde entier.","robots":{"index":"index","follow":"follow","max-snippet":"max-snippet:-1","max-image-preview":"max-image-preview:large","max-video-preview":"max-video-preview:-1"},"canonical":"https:\/\/gooddealersmeds.com\/fr\/product\/3-meo-pcp-medicament\/","og_locale":"en_US","og_type":"article","og_title":"Acheter le m\u00e9dicament 3-MEO PCP","og_description":"Acheter 3-MeO-PCP en ligne en gros aupr\u00e8s du fabricant chez Good Dealers Meds, de haute qualit\u00e9 \u00e0 bas prix avec une livraison dans le monde entier.","og_url":"https:\/\/gooddealersmeds.com\/fr\/product\/3-meo-pcp-medicament\/","og_site_name":"Good Dealers Meds","article_modified_time":"2023-01-05T22:03:40+00:00","og_image":[{"width":600,"height":600,"url":"https:\/\/gooddealersmeds.com\/fr\/wp-content\/uploads\/sites\/5\/2022\/07\/3-MEO-PCP-Drug.jpg","type":"image\/jpeg"}],"twitter_card":"summary_large_image","twitter_misc":{"Est. reading time":"1 minute"},"schema":{"@context":"https:\/\/schema.org","@graph":[{"@type":"WebPage","@id":"https:\/\/gooddealersmeds.com\/fr\/product\/3-meo-pcp-medicament\/","url":"https:\/\/gooddealersmeds.com\/fr\/product\/3-meo-pcp-medicament\/","name":"Acheter 3-MeO-PCP en ligne | 3-MeO-PCP \u00e0 vendre | Good Dealers Meds","isPartOf":{"@id":"https:\/\/gooddealersmeds.com\/fr\/#website"},"primaryImageOfPage":{"@id":"https:\/\/gooddealersmeds.com\/fr\/product\/3-meo-pcp-medicament\/#primaryimage"},"image":{"@id":"https:\/\/gooddealersmeds.com\/fr\/product\/3-meo-pcp-medicament\/#primaryimage"},"thumbnailUrl":"https:\/\/gooddealersmeds.com\/fr\/wp-content\/uploads\/sites\/5\/2022\/07\/3-MEO-PCP-Drug.jpg","datePublished":"2022-07-03T11:48:53+00:00","dateModified":"2023-01-05T22:03:40+00:00","description":"Acheter 3-MeO-PCP en ligne en gros aupr\u00e8s du fabricant chez Good Dealers Meds, de haute qualit\u00e9 \u00e0 bas prix avec une livraison dans le monde entier.","breadcrumb":{"@id":"https:\/\/gooddealersmeds.com\/fr\/product\/3-meo-pcp-medicament\/#breadcrumb"},"inLanguage":"en-US","potentialAction":[{"@type":"ReadAction","target":["https:\/\/gooddealersmeds.com\/fr\/product\/3-meo-pcp-medicament\/"]}]},{"@type":"ImageObject","inLanguage":"en-US","@id":"https:\/\/gooddealersmeds.com\/fr\/product\/3-meo-pcp-medicament\/#primaryimage","url":"https:\/\/gooddealersmeds.com\/fr\/wp-content\/uploads\/sites\/5\/2022\/07\/3-MEO-PCP-Drug.jpg","contentUrl":"https:\/\/gooddealersmeds.com\/fr\/wp-content\/uploads\/sites\/5\/2022\/07\/3-MEO-PCP-Drug.jpg","width":600,"height":600,"caption":"Buy 3-MeO-PCP Drug Online"},{"@type":"BreadcrumbList","@id":"https:\/\/gooddealersmeds.com\/fr\/product\/3-meo-pcp-medicament\/#breadcrumb","itemListElement":[{"@type":"ListItem","position":1,"name":"Home","item":"https:\/\/gooddealersmeds.com\/fr\/"},{"@type":"ListItem","position":2,"name":"Des produits","item":"https:\/\/gooddealersmeds.com\/fr\/des-produits\/"},{"@type":"ListItem","position":3,"name":"Acheter le m\u00e9dicament 3-MEO PCP"}]},{"@type":"WebSite","@id":"https:\/\/gooddealersmeds.com\/fr\/#website","url":"https:\/\/gooddealersmeds.com\/fr\/","name":"Good Dealers Meds","description":"All our best","publisher":{"@id":"https:\/\/gooddealersmeds.com\/fr\/#organization"},"potentialAction":[{"@type":"SearchAction","target":{"@type":"EntryPoint","urlTemplate":"https:\/\/gooddealersmeds.com\/fr\/?s={search_term_string}"},"query-input":{"@type":"PropertyValueSpecification","valueRequired":true,"valueName":"search_term_string"}}],"inLanguage":"en-US"},{"@type":"Organization","@id":"https:\/\/gooddealersmeds.com\/fr\/#organization","name":"Good Dealers Meds","url":"https:\/\/gooddealersmeds.com\/fr\/","logo":{"@type":"ImageObject","inLanguage":"en-US","@id":"https:\/\/gooddealersmeds.com\/fr\/#\/schema\/logo\/image\/","url":"https:\/\/gooddealersmeds.com\/fr\/wp-content\/uploads\/sites\/5\/2022\/03\/gooddealersmeds__logo__20220317T222800Z.00.png","contentUrl":"https:\/\/gooddealersmeds.com\/fr\/wp-content\/uploads\/sites\/5\/2022\/03\/gooddealersmeds__logo__20220317T222800Z.00.png","width":500,"height":325,"caption":"Good Dealers Meds"},"image":{"@id":"https:\/\/gooddealersmeds.com\/fr\/#\/schema\/logo\/image\/"}}]}},"_links":{"self":[{"href":"https:\/\/gooddealersmeds.com\/fr\/wp-json\/wp\/v2\/product\/1891","targetHints":{"allow":["GET"]}}],"collection":[{"href":"https:\/\/gooddealersmeds.com\/fr\/wp-json\/wp\/v2\/product"}],"about":[{"href":"https:\/\/gooddealersmeds.com\/fr\/wp-json\/wp\/v2\/types\/product"}],"replies":[{"embeddable":true,"href":"https:\/\/gooddealersmeds.com\/fr\/wp-json\/wp\/v2\/comments?post=1891"}],"wp:featuredmedia":[{"embeddable":true,"href":"https:\/\/gooddealersmeds.com\/fr\/wp-json\/wp\/v2\/media\/1897"}],"wp:attachment":[{"href":"https:\/\/gooddealersmeds.com\/fr\/wp-json\/wp\/v2\/media?parent=1891"}],"wp:term":[{"taxonomy":"product_brand","embeddable":true,"href":"https:\/\/gooddealersmeds.com\/fr\/wp-json\/wp\/v2\/product_brand?post=1891"},{"taxonomy":"product_cat","embeddable":true,"href":"https:\/\/gooddealersmeds.com\/fr\/wp-json\/wp\/v2\/product_cat?post=1891"},{"taxonomy":"product_tag","embeddable":true,"href":"https:\/\/gooddealersmeds.com\/fr\/wp-json\/wp\/v2\/product_tag?post=1891"}],"curies":[{"name":"wp","href":"https:\/\/api.w.org\/{rel}","templated":true}]}}