{"id":1885,"date":"2022-07-03T11:42:40","date_gmt":"2022-07-03T11:42:40","guid":{"rendered":"https:\/\/gooddealersmeds.com\/fr\/?post_type=product&#038;p=1885"},"modified":"2023-01-05T22:17:16","modified_gmt":"2023-01-05T22:17:16","slug":"4-aco-dmt-medicament","status":"publish","type":"product","link":"https:\/\/gooddealersmeds.com\/fr\/product\/4-aco-dmt-medicament\/","title":{"rendered":"Acheter le m\u00e9dicament 4-ACO DMT"},"content":{"rendered":"<h2>Acheter le m\u00e9dicament 4-ACO DMT en ligne<\/h2>\n<h2>sur Good Dealers Meds<\/h2>\n<p>4-ACO DMT Drug est une drogue psychoactive fabriqu\u00e9e \u00e0 partir du venin du corps d&#8217;un certain type de col\u00e9opt\u00e8re. Le nom signifie \u00ab quatre cents \u00bb en espagnol. Les indig\u00e8nes l&#8217;utilisaient \u00e0 l&#8217;origine au Mexique et en Am\u00e9rique centrale \u00e0 des fins spirituelles, mais il est maintenant l\u00e9gal pour un usage r\u00e9cr\u00e9atif dans certains pays. Acheter 4-ACO-DMT en ligne<\/p>\n<p>L&#8217;ingr\u00e9dient actif du m\u00e9dicament 4-ACO-DMT est le 5-m\u00e9thoxy-N (5-MeO-DIPT). Il est similaire \u00e0 d&#8217;autres tryptamines comme les champignons psilocybine et la salvia divinorum mais plus fort. Les effets de ce m\u00e9dicament durent plus longtemps et sont moins susceptibles d&#8217;\u00eatre ressentis par les personnes qui l&#8217;utilisent \u00e0 des fins r\u00e9cr\u00e9atives que celles qui utilisent des champignons \u00e0 psilocybine ou de la salvia divinorum \u00e0 des fins r\u00e9cr\u00e9atives, car il a une concentration beaucoup plus \u00e9lev\u00e9e de 5-MeO-DIPT que l&#8217;un ou l&#8217;autre de ces autres compos\u00e9s.<\/p>\n<p><strong>\u00a0<\/strong><\/p>\n<p><strong>Pourquoi acheter un m\u00e9dicament 4-ACO DMT en ligne\u00a0?<\/strong><\/p>\n<p>Acheter un m\u00e9dicament 4-ACO DMT En ligne est le meilleur moyen d&#8217;acheter le m\u00e9dicament, car de nombreux sites Web en ligne offrent une commodit\u00e9 et une s\u00e9curit\u00e9 \u00e0 toute \u00e9preuve. Avec l&#8217;arriv\u00e9e d&#8217;Internet, de plus en plus de personnes utilisent des sites Web en ligne et des pharmacies pour acheter des m\u00e9dicaments qu&#8217;ils ont du mal \u00e0 acheter physiquement. Acheter 4-ACO-DMT en ligne<\/p>\n<p><strong>\u00a0<\/strong><\/p>\n<p><strong>Le meilleur endroit pour commander le m\u00e9dicament 4-ACO-DMT<\/strong><\/p>\n<p>Le meilleur endroit pour acheter du m\u00e9dicament 4-ACO DMT en ligne est <a href=\"https:\/\/gooddealersmeds.com\/fr\/product\/4-aco-dmt-drug\/\">Good Dealers Meds<\/a>. Ils offrent une large gamme de diff\u00e9rents types de m\u00e9dicaments \u00e0 bas prix, afin que vous puissiez obtenir exactement ce que vous voulez sans vous soucier de casser votre budget\u00a0!<\/p>\n","protected":false},"excerpt":{"rendered":"<p>Achetez du 4-Aco-DMT en ligne, le 4-AcO-DMT\u00a0est un m\u00e9dicament psychoactif produit par synth\u00e8se et a \u00e9t\u00e9 sugg\u00e9r\u00e9 par David Nichols comme une alternative potentiellement utile \u00e0 la psilocybine pour les \u00e9tudes pharmacologiques.<\/p>\n","protected":false},"featured_media":1890,"comment_status":"open","ping_status":"closed","template":"","meta":{"inline_featured_image":false},"product_brand":[],"product_cat":[344],"product_tag":[],"class_list":{"0":"post-1885","1":"product","2":"type-product","3":"status-publish","4":"has-post-thumbnail","6":"product_cat-produits-chimiques-de-recherche","8":"first","9":"instock","10":"shipping-taxable","11":"purchasable","12":"product-type-variable","13":"has-default-attributes"},"yoast_head":"<!-- This site is optimized with the Yoast SEO Premium plugin v20.6 (Yoast SEO v27.4) - https:\/\/yoast.com\/product\/yoast-seo-premium-wordpress\/ -->\n<title>Acheter 4-ACO-DMT en ligne | 4-ACO-DMT \u00e0 vendre | Good Dealers Meds<\/title>\n<meta name=\"description\" content=\"Acheter 4-ACO-DMT en ligne, m\u00e9dicament psychoactif produit synth\u00e9tiquement, alternative potentiellement utile \u00e0 la psilocybine pour les \u00e9tudes pharmacologiques.\" \/>\n<meta name=\"robots\" content=\"index, follow, max-snippet:-1, max-image-preview:large, max-video-preview:-1\" \/>\n<link rel=\"canonical\" href=\"https:\/\/gooddealersmeds.com\/fr\/product\/4-aco-dmt-medicament\/\" \/>\n<meta property=\"og:locale\" content=\"en_US\" \/>\n<meta property=\"og:type\" content=\"article\" \/>\n<meta property=\"og:title\" content=\"Acheter le m\u00e9dicament 4-ACO DMT\" \/>\n<meta property=\"og:description\" content=\"Acheter 4-ACO-DMT en ligne, m\u00e9dicament psychoactif produit synth\u00e9tiquement, alternative potentiellement utile \u00e0 la psilocybine pour les \u00e9tudes pharmacologiques.\" \/>\n<meta property=\"og:url\" content=\"https:\/\/gooddealersmeds.com\/fr\/product\/4-aco-dmt-medicament\/\" \/>\n<meta property=\"og:site_name\" content=\"Good Dealers Meds\" \/>\n<meta property=\"article:modified_time\" content=\"2023-01-05T22:17:16+00:00\" \/>\n<meta property=\"og:image\" content=\"https:\/\/gooddealersmeds.com\/fr\/wp-content\/uploads\/sites\/5\/2022\/07\/Buy-4-Aco-DMT-Quality-Drug-Online.jpg\" \/>\n\t<meta property=\"og:image:width\" content=\"600\" \/>\n\t<meta property=\"og:image:height\" content=\"600\" \/>\n\t<meta property=\"og:image:type\" content=\"image\/jpeg\" \/>\n<meta name=\"twitter:card\" content=\"summary_large_image\" \/>\n<meta name=\"twitter:label1\" content=\"Est. reading time\" \/>\n\t<meta name=\"twitter:data1\" content=\"1 minute\" \/>\n<script type=\"application\/ld+json\" class=\"yoast-schema-graph\">{\"@context\":\"https:\\\/\\\/schema.org\",\"@graph\":[{\"@type\":\"WebPage\",\"@id\":\"https:\\\/\\\/gooddealersmeds.com\\\/fr\\\/product\\\/4-aco-dmt-medicament\\\/\",\"url\":\"https:\\\/\\\/gooddealersmeds.com\\\/fr\\\/product\\\/4-aco-dmt-medicament\\\/\",\"name\":\"Acheter 4-ACO-DMT en ligne | 4-ACO-DMT \u00e0 vendre | Good Dealers Meds\",\"isPartOf\":{\"@id\":\"https:\\\/\\\/gooddealersmeds.com\\\/fr\\\/#website\"},\"primaryImageOfPage\":{\"@id\":\"https:\\\/\\\/gooddealersmeds.com\\\/fr\\\/product\\\/4-aco-dmt-medicament\\\/#primaryimage\"},\"image\":{\"@id\":\"https:\\\/\\\/gooddealersmeds.com\\\/fr\\\/product\\\/4-aco-dmt-medicament\\\/#primaryimage\"},\"thumbnailUrl\":\"https:\\\/\\\/gooddealersmeds.com\\\/fr\\\/wp-content\\\/uploads\\\/sites\\\/5\\\/2022\\\/07\\\/Buy-4-Aco-DMT-Quality-Drug-Online.jpg\",\"datePublished\":\"2022-07-03T11:42:40+00:00\",\"dateModified\":\"2023-01-05T22:17:16+00:00\",\"description\":\"Acheter 4-ACO-DMT en ligne, m\u00e9dicament psychoactif produit synth\u00e9tiquement, alternative potentiellement utile \u00e0 la psilocybine pour les \u00e9tudes pharmacologiques.\",\"breadcrumb\":{\"@id\":\"https:\\\/\\\/gooddealersmeds.com\\\/fr\\\/product\\\/4-aco-dmt-medicament\\\/#breadcrumb\"},\"inLanguage\":\"en-US\",\"potentialAction\":[{\"@type\":\"ReadAction\",\"target\":[\"https:\\\/\\\/gooddealersmeds.com\\\/fr\\\/product\\\/4-aco-dmt-medicament\\\/\"]}]},{\"@type\":\"ImageObject\",\"inLanguage\":\"en-US\",\"@id\":\"https:\\\/\\\/gooddealersmeds.com\\\/fr\\\/product\\\/4-aco-dmt-medicament\\\/#primaryimage\",\"url\":\"https:\\\/\\\/gooddealersmeds.com\\\/fr\\\/wp-content\\\/uploads\\\/sites\\\/5\\\/2022\\\/07\\\/Buy-4-Aco-DMT-Quality-Drug-Online.jpg\",\"contentUrl\":\"https:\\\/\\\/gooddealersmeds.com\\\/fr\\\/wp-content\\\/uploads\\\/sites\\\/5\\\/2022\\\/07\\\/Buy-4-Aco-DMT-Quality-Drug-Online.jpg\",\"width\":600,\"height\":600,\"caption\":\"Buy 4-ACO-DMT Drug Online\"},{\"@type\":\"BreadcrumbList\",\"@id\":\"https:\\\/\\\/gooddealersmeds.com\\\/fr\\\/product\\\/4-aco-dmt-medicament\\\/#breadcrumb\",\"itemListElement\":[{\"@type\":\"ListItem\",\"position\":1,\"name\":\"Home\",\"item\":\"https:\\\/\\\/gooddealersmeds.com\\\/fr\\\/\"},{\"@type\":\"ListItem\",\"position\":2,\"name\":\"Des produits\",\"item\":\"https:\\\/\\\/gooddealersmeds.com\\\/fr\\\/des-produits\\\/\"},{\"@type\":\"ListItem\",\"position\":3,\"name\":\"Acheter le m\u00e9dicament 4-ACO DMT\"}]},{\"@type\":\"WebSite\",\"@id\":\"https:\\\/\\\/gooddealersmeds.com\\\/fr\\\/#website\",\"url\":\"https:\\\/\\\/gooddealersmeds.com\\\/fr\\\/\",\"name\":\"Good Dealers Meds\",\"description\":\"All our best\",\"publisher\":{\"@id\":\"https:\\\/\\\/gooddealersmeds.com\\\/fr\\\/#organization\"},\"potentialAction\":[{\"@type\":\"SearchAction\",\"target\":{\"@type\":\"EntryPoint\",\"urlTemplate\":\"https:\\\/\\\/gooddealersmeds.com\\\/fr\\\/?s={search_term_string}\"},\"query-input\":{\"@type\":\"PropertyValueSpecification\",\"valueRequired\":true,\"valueName\":\"search_term_string\"}}],\"inLanguage\":\"en-US\"},{\"@type\":\"Organization\",\"@id\":\"https:\\\/\\\/gooddealersmeds.com\\\/fr\\\/#organization\",\"name\":\"Good Dealers Meds\",\"url\":\"https:\\\/\\\/gooddealersmeds.com\\\/fr\\\/\",\"logo\":{\"@type\":\"ImageObject\",\"inLanguage\":\"en-US\",\"@id\":\"https:\\\/\\\/gooddealersmeds.com\\\/fr\\\/#\\\/schema\\\/logo\\\/image\\\/\",\"url\":\"https:\\\/\\\/gooddealersmeds.com\\\/fr\\\/wp-content\\\/uploads\\\/sites\\\/5\\\/2022\\\/03\\\/gooddealersmeds__logo__20220317T222800Z.00.png\",\"contentUrl\":\"https:\\\/\\\/gooddealersmeds.com\\\/fr\\\/wp-content\\\/uploads\\\/sites\\\/5\\\/2022\\\/03\\\/gooddealersmeds__logo__20220317T222800Z.00.png\",\"width\":500,\"height\":325,\"caption\":\"Good Dealers Meds\"},\"image\":{\"@id\":\"https:\\\/\\\/gooddealersmeds.com\\\/fr\\\/#\\\/schema\\\/logo\\\/image\\\/\"}}]}<\/script>\n<!-- \/ Yoast SEO Premium plugin. -->","yoast_head_json":{"title":"Acheter 4-ACO-DMT en ligne | 4-ACO-DMT \u00e0 vendre | Good Dealers Meds","description":"Acheter 4-ACO-DMT en ligne, m\u00e9dicament psychoactif produit synth\u00e9tiquement, alternative potentiellement utile \u00e0 la psilocybine pour les \u00e9tudes pharmacologiques.","robots":{"index":"index","follow":"follow","max-snippet":"max-snippet:-1","max-image-preview":"max-image-preview:large","max-video-preview":"max-video-preview:-1"},"canonical":"https:\/\/gooddealersmeds.com\/fr\/product\/4-aco-dmt-medicament\/","og_locale":"en_US","og_type":"article","og_title":"Acheter le m\u00e9dicament 4-ACO DMT","og_description":"Acheter 4-ACO-DMT en ligne, m\u00e9dicament psychoactif produit synth\u00e9tiquement, alternative potentiellement utile \u00e0 la psilocybine pour les \u00e9tudes pharmacologiques.","og_url":"https:\/\/gooddealersmeds.com\/fr\/product\/4-aco-dmt-medicament\/","og_site_name":"Good Dealers Meds","article_modified_time":"2023-01-05T22:17:16+00:00","og_image":[{"width":600,"height":600,"url":"https:\/\/gooddealersmeds.com\/fr\/wp-content\/uploads\/sites\/5\/2022\/07\/Buy-4-Aco-DMT-Quality-Drug-Online.jpg","type":"image\/jpeg"}],"twitter_card":"summary_large_image","twitter_misc":{"Est. reading time":"1 minute"},"schema":{"@context":"https:\/\/schema.org","@graph":[{"@type":"WebPage","@id":"https:\/\/gooddealersmeds.com\/fr\/product\/4-aco-dmt-medicament\/","url":"https:\/\/gooddealersmeds.com\/fr\/product\/4-aco-dmt-medicament\/","name":"Acheter 4-ACO-DMT en ligne | 4-ACO-DMT \u00e0 vendre | Good Dealers Meds","isPartOf":{"@id":"https:\/\/gooddealersmeds.com\/fr\/#website"},"primaryImageOfPage":{"@id":"https:\/\/gooddealersmeds.com\/fr\/product\/4-aco-dmt-medicament\/#primaryimage"},"image":{"@id":"https:\/\/gooddealersmeds.com\/fr\/product\/4-aco-dmt-medicament\/#primaryimage"},"thumbnailUrl":"https:\/\/gooddealersmeds.com\/fr\/wp-content\/uploads\/sites\/5\/2022\/07\/Buy-4-Aco-DMT-Quality-Drug-Online.jpg","datePublished":"2022-07-03T11:42:40+00:00","dateModified":"2023-01-05T22:17:16+00:00","description":"Acheter 4-ACO-DMT en ligne, m\u00e9dicament psychoactif produit synth\u00e9tiquement, alternative potentiellement utile \u00e0 la psilocybine pour les \u00e9tudes pharmacologiques.","breadcrumb":{"@id":"https:\/\/gooddealersmeds.com\/fr\/product\/4-aco-dmt-medicament\/#breadcrumb"},"inLanguage":"en-US","potentialAction":[{"@type":"ReadAction","target":["https:\/\/gooddealersmeds.com\/fr\/product\/4-aco-dmt-medicament\/"]}]},{"@type":"ImageObject","inLanguage":"en-US","@id":"https:\/\/gooddealersmeds.com\/fr\/product\/4-aco-dmt-medicament\/#primaryimage","url":"https:\/\/gooddealersmeds.com\/fr\/wp-content\/uploads\/sites\/5\/2022\/07\/Buy-4-Aco-DMT-Quality-Drug-Online.jpg","contentUrl":"https:\/\/gooddealersmeds.com\/fr\/wp-content\/uploads\/sites\/5\/2022\/07\/Buy-4-Aco-DMT-Quality-Drug-Online.jpg","width":600,"height":600,"caption":"Buy 4-ACO-DMT Drug Online"},{"@type":"BreadcrumbList","@id":"https:\/\/gooddealersmeds.com\/fr\/product\/4-aco-dmt-medicament\/#breadcrumb","itemListElement":[{"@type":"ListItem","position":1,"name":"Home","item":"https:\/\/gooddealersmeds.com\/fr\/"},{"@type":"ListItem","position":2,"name":"Des produits","item":"https:\/\/gooddealersmeds.com\/fr\/des-produits\/"},{"@type":"ListItem","position":3,"name":"Acheter le m\u00e9dicament 4-ACO DMT"}]},{"@type":"WebSite","@id":"https:\/\/gooddealersmeds.com\/fr\/#website","url":"https:\/\/gooddealersmeds.com\/fr\/","name":"Good Dealers Meds","description":"All our best","publisher":{"@id":"https:\/\/gooddealersmeds.com\/fr\/#organization"},"potentialAction":[{"@type":"SearchAction","target":{"@type":"EntryPoint","urlTemplate":"https:\/\/gooddealersmeds.com\/fr\/?s={search_term_string}"},"query-input":{"@type":"PropertyValueSpecification","valueRequired":true,"valueName":"search_term_string"}}],"inLanguage":"en-US"},{"@type":"Organization","@id":"https:\/\/gooddealersmeds.com\/fr\/#organization","name":"Good Dealers Meds","url":"https:\/\/gooddealersmeds.com\/fr\/","logo":{"@type":"ImageObject","inLanguage":"en-US","@id":"https:\/\/gooddealersmeds.com\/fr\/#\/schema\/logo\/image\/","url":"https:\/\/gooddealersmeds.com\/fr\/wp-content\/uploads\/sites\/5\/2022\/03\/gooddealersmeds__logo__20220317T222800Z.00.png","contentUrl":"https:\/\/gooddealersmeds.com\/fr\/wp-content\/uploads\/sites\/5\/2022\/03\/gooddealersmeds__logo__20220317T222800Z.00.png","width":500,"height":325,"caption":"Good Dealers Meds"},"image":{"@id":"https:\/\/gooddealersmeds.com\/fr\/#\/schema\/logo\/image\/"}}]}},"_links":{"self":[{"href":"https:\/\/gooddealersmeds.com\/fr\/wp-json\/wp\/v2\/product\/1885","targetHints":{"allow":["GET"]}}],"collection":[{"href":"https:\/\/gooddealersmeds.com\/fr\/wp-json\/wp\/v2\/product"}],"about":[{"href":"https:\/\/gooddealersmeds.com\/fr\/wp-json\/wp\/v2\/types\/product"}],"replies":[{"embeddable":true,"href":"https:\/\/gooddealersmeds.com\/fr\/wp-json\/wp\/v2\/comments?post=1885"}],"wp:featuredmedia":[{"embeddable":true,"href":"https:\/\/gooddealersmeds.com\/fr\/wp-json\/wp\/v2\/media\/1890"}],"wp:attachment":[{"href":"https:\/\/gooddealersmeds.com\/fr\/wp-json\/wp\/v2\/media?parent=1885"}],"wp:term":[{"taxonomy":"product_brand","embeddable":true,"href":"https:\/\/gooddealersmeds.com\/fr\/wp-json\/wp\/v2\/product_brand?post=1885"},{"taxonomy":"product_cat","embeddable":true,"href":"https:\/\/gooddealersmeds.com\/fr\/wp-json\/wp\/v2\/product_cat?post=1885"},{"taxonomy":"product_tag","embeddable":true,"href":"https:\/\/gooddealersmeds.com\/fr\/wp-json\/wp\/v2\/product_tag?post=1885"}],"curies":[{"name":"wp","href":"https:\/\/api.w.org\/{rel}","templated":true}]}}