{"id":1877,"date":"2022-07-03T11:36:36","date_gmt":"2022-07-03T11:36:36","guid":{"rendered":"https:\/\/gooddealersmeds.com\/fr\/?post_type=product&#038;p=1877"},"modified":"2023-01-05T22:21:15","modified_gmt":"2023-01-05T22:21:15","slug":"4-cec-drogue","status":"publish","type":"product","link":"https:\/\/gooddealersmeds.com\/fr\/product\/4-cec-drogue\/","title":{"rendered":"Acheter le m\u00e9dicament 4-CEC en ligne"},"content":{"rendered":"<h2><strong>Acheter le m\u00e9dicament 4-CEC en ligne<\/strong><\/h2>\n<p>Le m\u00e9dicament 4-CEC en ligne est un nouveau type de m\u00e9dicament qui a \u00e9t\u00e9 d\u00e9velopp\u00e9 pour aider les personnes souffrant de douleurs chroniques. Il peut \u00eatre utilis\u00e9 chez les patients qui souffrent depuis longtemps de douleurs chroniques, telles que les maux de dos ou la sciatique.<\/p>\n<p>Ce m\u00e9dicament est disponible sous forme de comprim\u00e9, mais il peut \u00e9galement \u00eatre pris par voie sublinguale simplement en pla\u00e7ant un morceau sous votre langue pendant 30 secondes ou deux morceaux \u00e0 la fois si vous pr\u00e9f\u00e9rez cette m\u00e9thode plut\u00f4t que de m\u00e2cher ou d&#8217;avaler des comprim\u00e9s entiers.<\/p>\n<p>&nbsp;<\/p>\n<p><strong>Raisons d&#8217;acheter le m\u00e9dicament 4-CEC En ligne.<\/strong><\/p>\n<p>Vous devriez envisager <a href=\"https:\/\/infoboerse-neue-drogen.de\/substanzen\/4-cec-4-chloroethcathinon\/\">4-CEC<\/a> M\u00e9dicament en ligne car il a \u00e9t\u00e9 prouv\u00e9 qu&#8217;il agit plus rapidement que les autres m\u00e9dicaments. Les utilisateurs remarqueront une am\u00e9lioration de leur \u00e9tat dans les jours suivant l&#8217;utilisation de ce m\u00e9dicament. Les avantages de l&#8217;utilisation de 4-CEC Drug en ligne incluent\u00a0:<\/p>\n<p>&nbsp;<\/p>\n<ol>\n<li>Il r\u00e9duit le risque de blessure suppl\u00e9mentaire et vous aide \u00e0 r\u00e9cup\u00e9rer plus rapidement de votre blessure actuelle\u00a0;<\/li>\n<li>Il aide \u00e0 r\u00e9duire l&#8217;inflammation et \u00e0 r\u00e9duire l&#8217;enflure afin d&#8217;am\u00e9liorer votre mobilit\u00e9\u00a0;<\/li>\n<li>Il soulage les spasmes musculaires et am\u00e9liore la mobilit\u00e9 en r\u00e9duisant la douleur et la raideur\u00a0;<\/li>\n<li>Il aide \u00e0 soulager l&#8217;anxi\u00e9t\u00e9 et d\u00e9pression tout en am\u00e9liorant votre humeur g\u00e9n\u00e9rale\u00a0;<\/li>\n<li>Il aide \u00e0 r\u00e9tablir l&#8217;\u00e9quilibre de votre corps apr\u00e8s un accident ou une intervention chirurgicale en r\u00e9duisant l&#8217;inflammation dans la zone l\u00e9s\u00e9e\u00a0;<\/li>\n<li>Il fonctionne mieux que la plupart des autres m\u00e9dicaments sur la march\u00e9 aujourd&#8217;hui parce qu&#8217;il n&#8217;a pas d&#8217;effets secondaires n\u00e9gatifs comme la bouche s\u00e8che ou la constipation.<\/li>\n<\/ol>\n<p>&nbsp;<\/p>\n<p><strong>O\u00f9 acheter des m\u00e9dicaments 4-CEC en ligne\u00a0? <\/strong><\/p>\n<p>Le meilleur endroit pour <a href=\"https:\/\/gooddealersmeds.com\/fr\/product\/4-cec-drug\/\">acheter des m\u00e9dicaments 4-CEC en ligne<\/a> est Great Dealers Meds. Ils offrent de nombreux types de m\u00e9dicaments \u00e0 bas prix, de sorte que vous pouvez obtenir exactement ce dont vous avez besoin sans vous soucier de d\u00e9penser plus d&#8217;argent que vous ne le pensiez. Achetez le m\u00e9dicament 4-CEC en ligne.<\/p>\n","protected":false},"excerpt":{"rendered":"<p>Achetez du m\u00e9dicament 4-CEC en ligne, le 4-chlorom\u00e9thcathinone est un m\u00e9dicament stimulant de la classe des cathinones qui a \u00e9t\u00e9 vendu en ligne en tant que m\u00e9dicament de synth\u00e8se. Il est similaire au 4-CMC (analogue 4-CMC).<\/p>\n","protected":false},"featured_media":1884,"comment_status":"open","ping_status":"closed","template":"","meta":{"inline_featured_image":false},"product_brand":[],"product_cat":[344],"product_tag":[],"class_list":{"0":"post-1877","1":"product","2":"type-product","3":"status-publish","4":"has-post-thumbnail","6":"product_cat-produits-chimiques-de-recherche","8":"first","9":"instock","10":"shipping-taxable","11":"purchasable","12":"product-type-variable","13":"has-default-attributes"},"yoast_head":"<!-- This site is optimized with the Yoast SEO Premium plugin v20.6 (Yoast SEO v27.3) - https:\/\/yoast.com\/product\/yoast-seo-premium-wordpress\/ -->\n<title>Acheter 4-CEC en ligne - (4-Chloroethcathinone) | Good Dealers Meds<\/title>\n<meta name=\"description\" content=\"Acheter 4-CEC en ligne, c&#039;est un m\u00e9dicament stimulant de la classe des cathinones qui a \u00e9t\u00e9 vendu en ligne en tant que m\u00e9dicament de synth\u00e8se. Il en est de m\u00eame avec le 4-CMC.\" \/>\n<meta name=\"robots\" content=\"index, follow, max-snippet:-1, max-image-preview:large, max-video-preview:-1\" \/>\n<link rel=\"canonical\" href=\"https:\/\/gooddealersmeds.com\/fr\/product\/4-cec-drogue\/\" \/>\n<meta property=\"og:locale\" content=\"en_US\" \/>\n<meta property=\"og:type\" content=\"article\" \/>\n<meta property=\"og:title\" content=\"Acheter le m\u00e9dicament 4-CEC en ligne\" \/>\n<meta property=\"og:description\" content=\"Acheter 4-CEC en ligne, c&#039;est un m\u00e9dicament stimulant de la classe des cathinones qui a \u00e9t\u00e9 vendu en ligne en tant que m\u00e9dicament de synth\u00e8se. Il en est de m\u00eame avec le 4-CMC.\" \/>\n<meta property=\"og:url\" content=\"https:\/\/gooddealersmeds.com\/fr\/product\/4-cec-drogue\/\" \/>\n<meta property=\"og:site_name\" content=\"Good Dealers Meds\" \/>\n<meta property=\"article:modified_time\" content=\"2023-01-05T22:21:15+00:00\" \/>\n<meta property=\"og:image\" content=\"https:\/\/gooddealersmeds.com\/fr\/wp-content\/uploads\/sites\/5\/2022\/07\/4-CEC.jpg\" \/>\n\t<meta property=\"og:image:width\" content=\"600\" \/>\n\t<meta property=\"og:image:height\" content=\"600\" \/>\n\t<meta property=\"og:image:type\" content=\"image\/jpeg\" \/>\n<meta name=\"twitter:card\" content=\"summary_large_image\" \/>\n<meta name=\"twitter:label1\" content=\"Est. reading time\" \/>\n\t<meta name=\"twitter:data1\" content=\"2 minutes\" \/>\n<script type=\"application\/ld+json\" class=\"yoast-schema-graph\">{\"@context\":\"https:\\\/\\\/schema.org\",\"@graph\":[{\"@type\":\"WebPage\",\"@id\":\"https:\\\/\\\/gooddealersmeds.com\\\/fr\\\/product\\\/4-cec-drogue\\\/\",\"url\":\"https:\\\/\\\/gooddealersmeds.com\\\/fr\\\/product\\\/4-cec-drogue\\\/\",\"name\":\"Acheter 4-CEC en ligne - (4-Chloroethcathinone) | Good Dealers Meds\",\"isPartOf\":{\"@id\":\"https:\\\/\\\/gooddealersmeds.com\\\/fr\\\/#website\"},\"primaryImageOfPage\":{\"@id\":\"https:\\\/\\\/gooddealersmeds.com\\\/fr\\\/product\\\/4-cec-drogue\\\/#primaryimage\"},\"image\":{\"@id\":\"https:\\\/\\\/gooddealersmeds.com\\\/fr\\\/product\\\/4-cec-drogue\\\/#primaryimage\"},\"thumbnailUrl\":\"https:\\\/\\\/gooddealersmeds.com\\\/fr\\\/wp-content\\\/uploads\\\/sites\\\/5\\\/2022\\\/07\\\/4-CEC.jpg\",\"datePublished\":\"2022-07-03T11:36:36+00:00\",\"dateModified\":\"2023-01-05T22:21:15+00:00\",\"description\":\"Acheter 4-CEC en ligne, c'est un m\u00e9dicament stimulant de la classe des cathinones qui a \u00e9t\u00e9 vendu en ligne en tant que m\u00e9dicament de synth\u00e8se. Il en est de m\u00eame avec le 4-CMC.\",\"breadcrumb\":{\"@id\":\"https:\\\/\\\/gooddealersmeds.com\\\/fr\\\/product\\\/4-cec-drogue\\\/#breadcrumb\"},\"inLanguage\":\"en-US\",\"potentialAction\":[{\"@type\":\"ReadAction\",\"target\":[\"https:\\\/\\\/gooddealersmeds.com\\\/fr\\\/product\\\/4-cec-drogue\\\/\"]}]},{\"@type\":\"ImageObject\",\"inLanguage\":\"en-US\",\"@id\":\"https:\\\/\\\/gooddealersmeds.com\\\/fr\\\/product\\\/4-cec-drogue\\\/#primaryimage\",\"url\":\"https:\\\/\\\/gooddealersmeds.com\\\/fr\\\/wp-content\\\/uploads\\\/sites\\\/5\\\/2022\\\/07\\\/4-CEC.jpg\",\"contentUrl\":\"https:\\\/\\\/gooddealersmeds.com\\\/fr\\\/wp-content\\\/uploads\\\/sites\\\/5\\\/2022\\\/07\\\/4-CEC.jpg\",\"width\":600,\"height\":600,\"caption\":\"Buy 4-CEC Drug Online\"},{\"@type\":\"BreadcrumbList\",\"@id\":\"https:\\\/\\\/gooddealersmeds.com\\\/fr\\\/product\\\/4-cec-drogue\\\/#breadcrumb\",\"itemListElement\":[{\"@type\":\"ListItem\",\"position\":1,\"name\":\"Home\",\"item\":\"https:\\\/\\\/gooddealersmeds.com\\\/fr\\\/\"},{\"@type\":\"ListItem\",\"position\":2,\"name\":\"Des produits\",\"item\":\"https:\\\/\\\/gooddealersmeds.com\\\/fr\\\/des-produits\\\/\"},{\"@type\":\"ListItem\",\"position\":3,\"name\":\"Acheter le m\u00e9dicament 4-CEC en ligne\"}]},{\"@type\":\"WebSite\",\"@id\":\"https:\\\/\\\/gooddealersmeds.com\\\/fr\\\/#website\",\"url\":\"https:\\\/\\\/gooddealersmeds.com\\\/fr\\\/\",\"name\":\"Good Dealers Meds\",\"description\":\"All our best\",\"publisher\":{\"@id\":\"https:\\\/\\\/gooddealersmeds.com\\\/fr\\\/#organization\"},\"potentialAction\":[{\"@type\":\"SearchAction\",\"target\":{\"@type\":\"EntryPoint\",\"urlTemplate\":\"https:\\\/\\\/gooddealersmeds.com\\\/fr\\\/?s={search_term_string}\"},\"query-input\":{\"@type\":\"PropertyValueSpecification\",\"valueRequired\":true,\"valueName\":\"search_term_string\"}}],\"inLanguage\":\"en-US\"},{\"@type\":\"Organization\",\"@id\":\"https:\\\/\\\/gooddealersmeds.com\\\/fr\\\/#organization\",\"name\":\"Good Dealers Meds\",\"url\":\"https:\\\/\\\/gooddealersmeds.com\\\/fr\\\/\",\"logo\":{\"@type\":\"ImageObject\",\"inLanguage\":\"en-US\",\"@id\":\"https:\\\/\\\/gooddealersmeds.com\\\/fr\\\/#\\\/schema\\\/logo\\\/image\\\/\",\"url\":\"https:\\\/\\\/gooddealersmeds.com\\\/fr\\\/wp-content\\\/uploads\\\/sites\\\/5\\\/2022\\\/03\\\/gooddealersmeds__logo__20220317T222800Z.00.png\",\"contentUrl\":\"https:\\\/\\\/gooddealersmeds.com\\\/fr\\\/wp-content\\\/uploads\\\/sites\\\/5\\\/2022\\\/03\\\/gooddealersmeds__logo__20220317T222800Z.00.png\",\"width\":500,\"height\":325,\"caption\":\"Good Dealers Meds\"},\"image\":{\"@id\":\"https:\\\/\\\/gooddealersmeds.com\\\/fr\\\/#\\\/schema\\\/logo\\\/image\\\/\"}}]}<\/script>\n<!-- \/ Yoast SEO Premium plugin. -->","yoast_head_json":{"title":"Acheter 4-CEC en ligne - (4-Chloroethcathinone) | Good Dealers Meds","description":"Acheter 4-CEC en ligne, c'est un m\u00e9dicament stimulant de la classe des cathinones qui a \u00e9t\u00e9 vendu en ligne en tant que m\u00e9dicament de synth\u00e8se. Il en est de m\u00eame avec le 4-CMC.","robots":{"index":"index","follow":"follow","max-snippet":"max-snippet:-1","max-image-preview":"max-image-preview:large","max-video-preview":"max-video-preview:-1"},"canonical":"https:\/\/gooddealersmeds.com\/fr\/product\/4-cec-drogue\/","og_locale":"en_US","og_type":"article","og_title":"Acheter le m\u00e9dicament 4-CEC en ligne","og_description":"Acheter 4-CEC en ligne, c'est un m\u00e9dicament stimulant de la classe des cathinones qui a \u00e9t\u00e9 vendu en ligne en tant que m\u00e9dicament de synth\u00e8se. Il en est de m\u00eame avec le 4-CMC.","og_url":"https:\/\/gooddealersmeds.com\/fr\/product\/4-cec-drogue\/","og_site_name":"Good Dealers Meds","article_modified_time":"2023-01-05T22:21:15+00:00","og_image":[{"width":600,"height":600,"url":"https:\/\/gooddealersmeds.com\/fr\/wp-content\/uploads\/sites\/5\/2022\/07\/4-CEC.jpg","type":"image\/jpeg"}],"twitter_card":"summary_large_image","twitter_misc":{"Est. reading time":"2 minutes"},"schema":{"@context":"https:\/\/schema.org","@graph":[{"@type":"WebPage","@id":"https:\/\/gooddealersmeds.com\/fr\/product\/4-cec-drogue\/","url":"https:\/\/gooddealersmeds.com\/fr\/product\/4-cec-drogue\/","name":"Acheter 4-CEC en ligne - (4-Chloroethcathinone) | Good Dealers Meds","isPartOf":{"@id":"https:\/\/gooddealersmeds.com\/fr\/#website"},"primaryImageOfPage":{"@id":"https:\/\/gooddealersmeds.com\/fr\/product\/4-cec-drogue\/#primaryimage"},"image":{"@id":"https:\/\/gooddealersmeds.com\/fr\/product\/4-cec-drogue\/#primaryimage"},"thumbnailUrl":"https:\/\/gooddealersmeds.com\/fr\/wp-content\/uploads\/sites\/5\/2022\/07\/4-CEC.jpg","datePublished":"2022-07-03T11:36:36+00:00","dateModified":"2023-01-05T22:21:15+00:00","description":"Acheter 4-CEC en ligne, c'est un m\u00e9dicament stimulant de la classe des cathinones qui a \u00e9t\u00e9 vendu en ligne en tant que m\u00e9dicament de synth\u00e8se. Il en est de m\u00eame avec le 4-CMC.","breadcrumb":{"@id":"https:\/\/gooddealersmeds.com\/fr\/product\/4-cec-drogue\/#breadcrumb"},"inLanguage":"en-US","potentialAction":[{"@type":"ReadAction","target":["https:\/\/gooddealersmeds.com\/fr\/product\/4-cec-drogue\/"]}]},{"@type":"ImageObject","inLanguage":"en-US","@id":"https:\/\/gooddealersmeds.com\/fr\/product\/4-cec-drogue\/#primaryimage","url":"https:\/\/gooddealersmeds.com\/fr\/wp-content\/uploads\/sites\/5\/2022\/07\/4-CEC.jpg","contentUrl":"https:\/\/gooddealersmeds.com\/fr\/wp-content\/uploads\/sites\/5\/2022\/07\/4-CEC.jpg","width":600,"height":600,"caption":"Buy 4-CEC Drug Online"},{"@type":"BreadcrumbList","@id":"https:\/\/gooddealersmeds.com\/fr\/product\/4-cec-drogue\/#breadcrumb","itemListElement":[{"@type":"ListItem","position":1,"name":"Home","item":"https:\/\/gooddealersmeds.com\/fr\/"},{"@type":"ListItem","position":2,"name":"Des produits","item":"https:\/\/gooddealersmeds.com\/fr\/des-produits\/"},{"@type":"ListItem","position":3,"name":"Acheter le m\u00e9dicament 4-CEC en ligne"}]},{"@type":"WebSite","@id":"https:\/\/gooddealersmeds.com\/fr\/#website","url":"https:\/\/gooddealersmeds.com\/fr\/","name":"Good Dealers Meds","description":"All our best","publisher":{"@id":"https:\/\/gooddealersmeds.com\/fr\/#organization"},"potentialAction":[{"@type":"SearchAction","target":{"@type":"EntryPoint","urlTemplate":"https:\/\/gooddealersmeds.com\/fr\/?s={search_term_string}"},"query-input":{"@type":"PropertyValueSpecification","valueRequired":true,"valueName":"search_term_string"}}],"inLanguage":"en-US"},{"@type":"Organization","@id":"https:\/\/gooddealersmeds.com\/fr\/#organization","name":"Good Dealers Meds","url":"https:\/\/gooddealersmeds.com\/fr\/","logo":{"@type":"ImageObject","inLanguage":"en-US","@id":"https:\/\/gooddealersmeds.com\/fr\/#\/schema\/logo\/image\/","url":"https:\/\/gooddealersmeds.com\/fr\/wp-content\/uploads\/sites\/5\/2022\/03\/gooddealersmeds__logo__20220317T222800Z.00.png","contentUrl":"https:\/\/gooddealersmeds.com\/fr\/wp-content\/uploads\/sites\/5\/2022\/03\/gooddealersmeds__logo__20220317T222800Z.00.png","width":500,"height":325,"caption":"Good Dealers Meds"},"image":{"@id":"https:\/\/gooddealersmeds.com\/fr\/#\/schema\/logo\/image\/"}}]}},"_links":{"self":[{"href":"https:\/\/gooddealersmeds.com\/fr\/wp-json\/wp\/v2\/product\/1877","targetHints":{"allow":["GET"]}}],"collection":[{"href":"https:\/\/gooddealersmeds.com\/fr\/wp-json\/wp\/v2\/product"}],"about":[{"href":"https:\/\/gooddealersmeds.com\/fr\/wp-json\/wp\/v2\/types\/product"}],"replies":[{"embeddable":true,"href":"https:\/\/gooddealersmeds.com\/fr\/wp-json\/wp\/v2\/comments?post=1877"}],"wp:featuredmedia":[{"embeddable":true,"href":"https:\/\/gooddealersmeds.com\/fr\/wp-json\/wp\/v2\/media\/1884"}],"wp:attachment":[{"href":"https:\/\/gooddealersmeds.com\/fr\/wp-json\/wp\/v2\/media?parent=1877"}],"wp:term":[{"taxonomy":"product_brand","embeddable":true,"href":"https:\/\/gooddealersmeds.com\/fr\/wp-json\/wp\/v2\/product_brand?post=1877"},{"taxonomy":"product_cat","embeddable":true,"href":"https:\/\/gooddealersmeds.com\/fr\/wp-json\/wp\/v2\/product_cat?post=1877"},{"taxonomy":"product_tag","embeddable":true,"href":"https:\/\/gooddealersmeds.com\/fr\/wp-json\/wp\/v2\/product_tag?post=1877"}],"curies":[{"name":"wp","href":"https:\/\/api.w.org\/{rel}","templated":true}]}}