{"id":1875,"date":"2022-06-30T00:12:13","date_gmt":"2022-06-30T00:12:13","guid":{"rendered":"https:\/\/gooddealersmeds.com\/fr\/?post_type=product&#038;p=1875"},"modified":"2023-01-05T22:32:37","modified_gmt":"2023-01-05T22:32:37","slug":"reine-violette","status":"publish","type":"product","link":"https:\/\/gooddealersmeds.com\/fr\/product\/reine-violette\/","title":{"rendered":"Acheter Purple Queen en ligne"},"content":{"rendered":"<h2>Purple Queen Weed \u00e0 vendre en ligne<\/h2>\n<p>Acheter Purple Queen en ligne est un <a href=\"https:\/\/www.leafly.com\/strains\/purple-queen\">m\u00e9dicament<\/a> utilis\u00e9 dans le traitement d&#8217;un large \u00e9ventail de conditions. Il a \u00e9t\u00e9 approuv\u00e9 par la FDA et de nombreux autres pays dans le monde. C&#8217;est un antid\u00e9presseur puissant qui agit en bloquant la transmission de la s\u00e9rotonine, de la nor\u00e9pin\u00e9phrine, de la dopamine et d&#8217;autres neurotransmetteurs dans votre cerveau. Lorsque cela se produit, vous vous sentirez plus heureux, plus d\u00e9tendu et de meilleure humeur.<\/p>\n<p>Purple Queen Online est un m\u00e9dicament utilis\u00e9 pour traiter la d\u00e9pression. Il agit en favorisant la production de certains produits chimiques dans le cerveau.<\/p>\n<p>Purple Queen Online n&#8217;est pas pour tout le monde &#8211; il ne doit \u00eatre utilis\u00e9 que si vous avez essay\u00e9 d&#8217;autres m\u00e9dicaments sans succ\u00e8s.<\/p>\n<p>Le la bonne nouvelle est que Purple Queen Online a \u00e9t\u00e9 approuv\u00e9 par la FDA et est g\u00e9n\u00e9ralement consid\u00e9r\u00e9 comme s\u00fbr \u00e0 utiliser. Cependant, il peut provoquer des effets secondaires chez certaines personnes, il est donc important que vous parliez \u00e0 votre m\u00e9decin avant de prendre ce m\u00e9dicament si vous avez des questions ou des pr\u00e9occupations concernant son utilisation.<\/p>\n<p>Purple Queen Online fonctionne mieux lorsqu&#8217;il est pris sur un horaire r\u00e9gulier, il n&#8217;est donc pas recommand\u00e9 de l&#8217;utiliser comme substitut \u00e0 une th\u00e9rapie ou \u00e0 des s\u00e9ances de conseil. Si vous d\u00e9cidez de l&#8217;essayer sans d&#8217;abord consulter votre m\u00e9decin, dites-lui quelles mesures vous pr\u00e9voyez de prendre avant de commencer le traitement avec <a href=\"https:\/\/gooddealersmeds.com\/fr\/product\/reine-violette\/\">Purple Queen Online<\/a>.<\/p>\n<p>Purple Queen est disponible sous forme de comprim\u00e9s, qui se pr\u00e9sente dans un flacon contenant 120 comprim\u00e9s (30 mg chacun). Ce m\u00e9dicament doit \u00eatre pris par voie orale 30 minutes avant les repas avec beaucoup d&#8217;eau.<\/p>\n<p><strong>\u00a0<\/strong><\/p>\n<p><strong>Pourquoi acheter Purple Queen en ligne\u00a0?<\/strong><\/p>\n<p>La meilleure fa\u00e7on d&#8217;obtenir Purple Queen Online est de l&#8217;acheter aupr\u00e8s d&#8217;un revendeur de confiance qui vend de la drogue depuis des ann\u00e9es. Vous pouvez leur faire confiance car ils savent comment s&#8217;assurer que vous obtenez le meilleur m\u00e9dicament pour vos besoins sans aucun probl\u00e8me ni effet secondaire. Ils ont une connaissance approfondie des diff\u00e9rents types de m\u00e9dicaments et de leur action sur votre corps, ils sont donc en mesure de trouver celui qui vous convient rapidement et facilement.<\/p>\n<p>Vous pouvez acheter Purple Queen en ligne aupr\u00e8s de Good Dealers Meds.<\/p>\n","protected":false},"excerpt":{"rendered":"<p>Purple Queen est une pure royaut\u00e9 indica. En combinant les ph\u00e9notypes violets les plus insaisissables et les plus pris\u00e9s des vari\u00e9t\u00e9s de montagne Kush, les ma\u00eetres s\u00e9lectionneurs de Royal Queen Seeds ont d\u00e9velopp\u00e9 un hybride Kush unique. Des couleurs violettes vibrantes, des ar\u00f4mes piquants de carburant de pin et un effet physique profond\u00e9ment p\u00e9n\u00e9trant sont \u00e0 pr\u00e9voir chez Purple Queen.<\/p>\n","protected":false},"featured_media":1876,"comment_status":"open","ping_status":"closed","template":"","meta":{"inline_featured_image":false},"product_brand":[],"product_cat":[348],"product_tag":[451,471,453,376,465,463,464,455,456,457,458,459,460,461,483,484,487,480,454,481,478,486,468,470,469,485,467,490,489,472,473,474,452,476,466,479,488,475,477],"class_list":{"0":"post-1875","1":"product","2":"type-product","3":"status-publish","4":"has-post-thumbnail","6":"product_cat-marijuana","7":"product_tag-100-huile-de-cannabis-a-vendre","8":"product_tag-cannabis-plante-nourriture-a-vendre","9":"product_tag-bourgeons-de-cannabis-a-vendre","10":"product_tag-ganja--vendre","11":"product_tag-cannabis-a-vendre-royaume-uni","12":"product_tag-cannabis--vendre-en-ligne","13":"product_tag-cannabis-a-vendre-en-ligne-royaume-uni","14":"product_tag-cannabis-cigarettes-for-sale","15":"product_tag-cannabis-clones-for-sale","16":"product_tag-cannabis-cuttings-for-sale","17":"product_tag-cannabis-cuttings-for-sale-uk","18":"product_tag-cannabis-e-cigarettes-for-sale","19":"product_tag-cannabis-e-liquid-for-sale","20":"product_tag-cannabis-edibles-for-sale","21":"product_tag-cannabis-legal-a-vendre","22":"product_tag-cannabis-legal-a-vendre-royaume-uni","23":"product_tag-cannabis-synthetique-a-vendre","24":"product_tag-cannabis-vaporizer-for-sale","25":"product_tag-capsules-de-cannabis-a-vendre","26":"product_tag-cheap-cannabis-seeds-for-sale","27":"product_tag-graines-de-cannabis-a-vendre-en-angleterre","28":"product_tag-graines-de-marijuana-a-vendre","29":"product_tag-huile-de-cannabis-a-vendre","30":"product_tag-huile-de-cannabis-a-vendre-royaume-uni","31":"product_tag-huile-de-cannabis-en-vente-en-ligne","32":"product_tag-huile-de-marijuana-a-vendre","33":"product_tag-lampes-cannabis-a-vendre","34":"product_tag-o-commander-du-cannabis","35":"product_tag-o-puis-je-obtenir-du-cannabis","36":"product_tag-cannabis-plante-a-vendre","37":"product_tag-plantes-de-cannabis-a-vendre","38":"product_tag-plantes-de-cannabis-a-vendre-royaume-uni","39":"product_tag-puis-je-acheter-du-cannabis","40":"product_tag-rsine-de-cannabis-a-vendre","41":"product_tag-tentes-de-culture-de-cannabis-a-vendre","42":"product_tag-cannabis-terpenes-a-vendre","43":"product_tag-thc-cannabis-oil-for-sale","44":"product_tag-cannabis-pollen-a-vendre","45":"product_tag-vente-de-cannabis-royaume-uni","47":"first","48":"instock","49":"shipping-taxable","50":"purchasable","51":"product-type-simple"},"yoast_head":"<!-- This site is optimized with the Yoast SEO Premium plugin v20.6 (Yoast SEO v27.4) - https:\/\/yoast.com\/product\/yoast-seo-premium-wordpress\/ -->\n<title>Acheter Purple Queen en ligne | Commandez de la marijuana<\/title>\n<meta name=\"description\" content=\"Vous cherchez \u00e0 acheter Purple Queen en ligne \u00e0 des prix abordables et faites-le livrer \u00e0 votre porte. Nous exp\u00e9dions dans le monde entier, satisfaction garantie.\" \/>\n<meta name=\"robots\" content=\"index, follow, max-snippet:-1, max-image-preview:large, max-video-preview:-1\" \/>\n<link rel=\"canonical\" href=\"https:\/\/gooddealersmeds.com\/fr\/product\/reine-violette\/\" \/>\n<meta property=\"og:locale\" content=\"en_US\" \/>\n<meta property=\"og:type\" content=\"article\" \/>\n<meta property=\"og:title\" content=\"Acheter Purple Queen en ligne\" \/>\n<meta property=\"og:description\" content=\"Vous cherchez \u00e0 acheter Purple Queen en ligne \u00e0 des prix abordables et faites-le livrer \u00e0 votre porte. Nous exp\u00e9dions dans le monde entier, satisfaction garantie.\" \/>\n<meta property=\"og:url\" content=\"https:\/\/gooddealersmeds.com\/fr\/product\/reine-violette\/\" \/>\n<meta property=\"og:site_name\" content=\"Good Dealers Meds\" \/>\n<meta property=\"article:modified_time\" content=\"2023-01-05T22:32:37+00:00\" \/>\n<meta property=\"og:image\" content=\"https:\/\/gooddealersmeds.com\/fr\/wp-content\/uploads\/sites\/5\/2022\/06\/PURPLE-QUEEN.jpg\" \/>\n\t<meta property=\"og:image:width\" content=\"600\" \/>\n\t<meta property=\"og:image:height\" content=\"600\" \/>\n\t<meta property=\"og:image:type\" content=\"image\/jpeg\" \/>\n<meta name=\"twitter:card\" content=\"summary_large_image\" \/>\n<meta name=\"twitter:label1\" content=\"Est. reading time\" \/>\n\t<meta name=\"twitter:data1\" content=\"2 minutes\" \/>\n<script type=\"application\/ld+json\" class=\"yoast-schema-graph\">{\"@context\":\"https:\\\/\\\/schema.org\",\"@graph\":[{\"@type\":\"WebPage\",\"@id\":\"https:\\\/\\\/gooddealersmeds.com\\\/fr\\\/product\\\/reine-violette\\\/\",\"url\":\"https:\\\/\\\/gooddealersmeds.com\\\/fr\\\/product\\\/reine-violette\\\/\",\"name\":\"Acheter Purple Queen en ligne | Commandez de la marijuana\",\"isPartOf\":{\"@id\":\"https:\\\/\\\/gooddealersmeds.com\\\/fr\\\/#website\"},\"primaryImageOfPage\":{\"@id\":\"https:\\\/\\\/gooddealersmeds.com\\\/fr\\\/product\\\/reine-violette\\\/#primaryimage\"},\"image\":{\"@id\":\"https:\\\/\\\/gooddealersmeds.com\\\/fr\\\/product\\\/reine-violette\\\/#primaryimage\"},\"thumbnailUrl\":\"https:\\\/\\\/gooddealersmeds.com\\\/fr\\\/wp-content\\\/uploads\\\/sites\\\/5\\\/2022\\\/06\\\/PURPLE-QUEEN.jpg\",\"datePublished\":\"2022-06-30T00:12:13+00:00\",\"dateModified\":\"2023-01-05T22:32:37+00:00\",\"description\":\"Vous cherchez \u00e0 acheter Purple Queen en ligne \u00e0 des prix abordables et faites-le livrer \u00e0 votre porte. Nous exp\u00e9dions dans le monde entier, satisfaction garantie.\",\"breadcrumb\":{\"@id\":\"https:\\\/\\\/gooddealersmeds.com\\\/fr\\\/product\\\/reine-violette\\\/#breadcrumb\"},\"inLanguage\":\"en-US\",\"potentialAction\":[{\"@type\":\"ReadAction\",\"target\":[\"https:\\\/\\\/gooddealersmeds.com\\\/fr\\\/product\\\/reine-violette\\\/\"]}]},{\"@type\":\"ImageObject\",\"inLanguage\":\"en-US\",\"@id\":\"https:\\\/\\\/gooddealersmeds.com\\\/fr\\\/product\\\/reine-violette\\\/#primaryimage\",\"url\":\"https:\\\/\\\/gooddealersmeds.com\\\/fr\\\/wp-content\\\/uploads\\\/sites\\\/5\\\/2022\\\/06\\\/PURPLE-QUEEN.jpg\",\"contentUrl\":\"https:\\\/\\\/gooddealersmeds.com\\\/fr\\\/wp-content\\\/uploads\\\/sites\\\/5\\\/2022\\\/06\\\/PURPLE-QUEEN.jpg\",\"width\":600,\"height\":600,\"caption\":\"Buy Purple Queen Online\"},{\"@type\":\"BreadcrumbList\",\"@id\":\"https:\\\/\\\/gooddealersmeds.com\\\/fr\\\/product\\\/reine-violette\\\/#breadcrumb\",\"itemListElement\":[{\"@type\":\"ListItem\",\"position\":1,\"name\":\"Home\",\"item\":\"https:\\\/\\\/gooddealersmeds.com\\\/fr\\\/\"},{\"@type\":\"ListItem\",\"position\":2,\"name\":\"Des produits\",\"item\":\"https:\\\/\\\/gooddealersmeds.com\\\/fr\\\/des-produits\\\/\"},{\"@type\":\"ListItem\",\"position\":3,\"name\":\"Acheter Purple Queen en ligne\"}]},{\"@type\":\"WebSite\",\"@id\":\"https:\\\/\\\/gooddealersmeds.com\\\/fr\\\/#website\",\"url\":\"https:\\\/\\\/gooddealersmeds.com\\\/fr\\\/\",\"name\":\"Good Dealers Meds\",\"description\":\"All our best\",\"publisher\":{\"@id\":\"https:\\\/\\\/gooddealersmeds.com\\\/fr\\\/#organization\"},\"potentialAction\":[{\"@type\":\"SearchAction\",\"target\":{\"@type\":\"EntryPoint\",\"urlTemplate\":\"https:\\\/\\\/gooddealersmeds.com\\\/fr\\\/?s={search_term_string}\"},\"query-input\":{\"@type\":\"PropertyValueSpecification\",\"valueRequired\":true,\"valueName\":\"search_term_string\"}}],\"inLanguage\":\"en-US\"},{\"@type\":\"Organization\",\"@id\":\"https:\\\/\\\/gooddealersmeds.com\\\/fr\\\/#organization\",\"name\":\"Good Dealers Meds\",\"url\":\"https:\\\/\\\/gooddealersmeds.com\\\/fr\\\/\",\"logo\":{\"@type\":\"ImageObject\",\"inLanguage\":\"en-US\",\"@id\":\"https:\\\/\\\/gooddealersmeds.com\\\/fr\\\/#\\\/schema\\\/logo\\\/image\\\/\",\"url\":\"https:\\\/\\\/gooddealersmeds.com\\\/fr\\\/wp-content\\\/uploads\\\/sites\\\/5\\\/2022\\\/03\\\/gooddealersmeds__logo__20220317T222800Z.00.png\",\"contentUrl\":\"https:\\\/\\\/gooddealersmeds.com\\\/fr\\\/wp-content\\\/uploads\\\/sites\\\/5\\\/2022\\\/03\\\/gooddealersmeds__logo__20220317T222800Z.00.png\",\"width\":500,\"height\":325,\"caption\":\"Good Dealers Meds\"},\"image\":{\"@id\":\"https:\\\/\\\/gooddealersmeds.com\\\/fr\\\/#\\\/schema\\\/logo\\\/image\\\/\"}}]}<\/script>\n<!-- \/ Yoast SEO Premium plugin. -->","yoast_head_json":{"title":"Acheter Purple Queen en ligne | Commandez de la marijuana","description":"Vous cherchez \u00e0 acheter Purple Queen en ligne \u00e0 des prix abordables et faites-le livrer \u00e0 votre porte. Nous exp\u00e9dions dans le monde entier, satisfaction garantie.","robots":{"index":"index","follow":"follow","max-snippet":"max-snippet:-1","max-image-preview":"max-image-preview:large","max-video-preview":"max-video-preview:-1"},"canonical":"https:\/\/gooddealersmeds.com\/fr\/product\/reine-violette\/","og_locale":"en_US","og_type":"article","og_title":"Acheter Purple Queen en ligne","og_description":"Vous cherchez \u00e0 acheter Purple Queen en ligne \u00e0 des prix abordables et faites-le livrer \u00e0 votre porte. Nous exp\u00e9dions dans le monde entier, satisfaction garantie.","og_url":"https:\/\/gooddealersmeds.com\/fr\/product\/reine-violette\/","og_site_name":"Good Dealers Meds","article_modified_time":"2023-01-05T22:32:37+00:00","og_image":[{"width":600,"height":600,"url":"https:\/\/gooddealersmeds.com\/fr\/wp-content\/uploads\/sites\/5\/2022\/06\/PURPLE-QUEEN.jpg","type":"image\/jpeg"}],"twitter_card":"summary_large_image","twitter_misc":{"Est. reading time":"2 minutes"},"schema":{"@context":"https:\/\/schema.org","@graph":[{"@type":"WebPage","@id":"https:\/\/gooddealersmeds.com\/fr\/product\/reine-violette\/","url":"https:\/\/gooddealersmeds.com\/fr\/product\/reine-violette\/","name":"Acheter Purple Queen en ligne | Commandez de la marijuana","isPartOf":{"@id":"https:\/\/gooddealersmeds.com\/fr\/#website"},"primaryImageOfPage":{"@id":"https:\/\/gooddealersmeds.com\/fr\/product\/reine-violette\/#primaryimage"},"image":{"@id":"https:\/\/gooddealersmeds.com\/fr\/product\/reine-violette\/#primaryimage"},"thumbnailUrl":"https:\/\/gooddealersmeds.com\/fr\/wp-content\/uploads\/sites\/5\/2022\/06\/PURPLE-QUEEN.jpg","datePublished":"2022-06-30T00:12:13+00:00","dateModified":"2023-01-05T22:32:37+00:00","description":"Vous cherchez \u00e0 acheter Purple Queen en ligne \u00e0 des prix abordables et faites-le livrer \u00e0 votre porte. Nous exp\u00e9dions dans le monde entier, satisfaction garantie.","breadcrumb":{"@id":"https:\/\/gooddealersmeds.com\/fr\/product\/reine-violette\/#breadcrumb"},"inLanguage":"en-US","potentialAction":[{"@type":"ReadAction","target":["https:\/\/gooddealersmeds.com\/fr\/product\/reine-violette\/"]}]},{"@type":"ImageObject","inLanguage":"en-US","@id":"https:\/\/gooddealersmeds.com\/fr\/product\/reine-violette\/#primaryimage","url":"https:\/\/gooddealersmeds.com\/fr\/wp-content\/uploads\/sites\/5\/2022\/06\/PURPLE-QUEEN.jpg","contentUrl":"https:\/\/gooddealersmeds.com\/fr\/wp-content\/uploads\/sites\/5\/2022\/06\/PURPLE-QUEEN.jpg","width":600,"height":600,"caption":"Buy Purple Queen Online"},{"@type":"BreadcrumbList","@id":"https:\/\/gooddealersmeds.com\/fr\/product\/reine-violette\/#breadcrumb","itemListElement":[{"@type":"ListItem","position":1,"name":"Home","item":"https:\/\/gooddealersmeds.com\/fr\/"},{"@type":"ListItem","position":2,"name":"Des produits","item":"https:\/\/gooddealersmeds.com\/fr\/des-produits\/"},{"@type":"ListItem","position":3,"name":"Acheter Purple Queen en ligne"}]},{"@type":"WebSite","@id":"https:\/\/gooddealersmeds.com\/fr\/#website","url":"https:\/\/gooddealersmeds.com\/fr\/","name":"Good Dealers Meds","description":"All our best","publisher":{"@id":"https:\/\/gooddealersmeds.com\/fr\/#organization"},"potentialAction":[{"@type":"SearchAction","target":{"@type":"EntryPoint","urlTemplate":"https:\/\/gooddealersmeds.com\/fr\/?s={search_term_string}"},"query-input":{"@type":"PropertyValueSpecification","valueRequired":true,"valueName":"search_term_string"}}],"inLanguage":"en-US"},{"@type":"Organization","@id":"https:\/\/gooddealersmeds.com\/fr\/#organization","name":"Good Dealers Meds","url":"https:\/\/gooddealersmeds.com\/fr\/","logo":{"@type":"ImageObject","inLanguage":"en-US","@id":"https:\/\/gooddealersmeds.com\/fr\/#\/schema\/logo\/image\/","url":"https:\/\/gooddealersmeds.com\/fr\/wp-content\/uploads\/sites\/5\/2022\/03\/gooddealersmeds__logo__20220317T222800Z.00.png","contentUrl":"https:\/\/gooddealersmeds.com\/fr\/wp-content\/uploads\/sites\/5\/2022\/03\/gooddealersmeds__logo__20220317T222800Z.00.png","width":500,"height":325,"caption":"Good Dealers Meds"},"image":{"@id":"https:\/\/gooddealersmeds.com\/fr\/#\/schema\/logo\/image\/"}}]}},"_links":{"self":[{"href":"https:\/\/gooddealersmeds.com\/fr\/wp-json\/wp\/v2\/product\/1875","targetHints":{"allow":["GET"]}}],"collection":[{"href":"https:\/\/gooddealersmeds.com\/fr\/wp-json\/wp\/v2\/product"}],"about":[{"href":"https:\/\/gooddealersmeds.com\/fr\/wp-json\/wp\/v2\/types\/product"}],"replies":[{"embeddable":true,"href":"https:\/\/gooddealersmeds.com\/fr\/wp-json\/wp\/v2\/comments?post=1875"}],"wp:featuredmedia":[{"embeddable":true,"href":"https:\/\/gooddealersmeds.com\/fr\/wp-json\/wp\/v2\/media\/1876"}],"wp:attachment":[{"href":"https:\/\/gooddealersmeds.com\/fr\/wp-json\/wp\/v2\/media?parent=1875"}],"wp:term":[{"taxonomy":"product_brand","embeddable":true,"href":"https:\/\/gooddealersmeds.com\/fr\/wp-json\/wp\/v2\/product_brand?post=1875"},{"taxonomy":"product_cat","embeddable":true,"href":"https:\/\/gooddealersmeds.com\/fr\/wp-json\/wp\/v2\/product_cat?post=1875"},{"taxonomy":"product_tag","embeddable":true,"href":"https:\/\/gooddealersmeds.com\/fr\/wp-json\/wp\/v2\/product_tag?post=1875"}],"curies":[{"name":"wp","href":"https:\/\/api.w.org\/{rel}","templated":true}]}}