{"id":1873,"date":"2022-06-30T00:09:17","date_gmt":"2022-06-30T00:09:17","guid":{"rendered":"https:\/\/gooddealersmeds.com\/fr\/?post_type=product&#038;p=1873"},"modified":"2022-11-02T21:25:02","modified_gmt":"2022-11-02T21:25:02","slug":"acheter-hulkberry-en-ligne","status":"publish","type":"product","link":"https:\/\/gooddealersmeds.com\/fr\/product\/acheter-hulkberry-en-ligne\/","title":{"rendered":"Acheter Hulkberry en ligne"},"content":{"rendered":"<p>Acheter Hulkberry en ligne dans notre boutique. Cette dame est la prog\u00e9niture de deux vari\u00e9t\u00e9s tr\u00e8s appr\u00e9ci\u00e9es. OG Kush et Strawberry Diesel ont fusionn\u00e9 dans les montagnes du Colorado pour cr\u00e9er cette excellente vari\u00e9t\u00e9 puissante. Le r\u00e9sultat final est une bonne dose de saveurs sirupeuses et fruit\u00e9es. Les sp\u00e9cimens de HulkBerry contiennent 28 % de THC. Alors qu&#8217;elles n&#8217;\u00e9taient vendues qu&#8217;au Colorado, elles \u00e9taient f\u00e9minis\u00e9es et sont maintenant vendues dans le monde entier.<\/p>\n<p>Les feuilles de la vari\u00e9t\u00e9 sont complexes, violet fonc\u00e9 et marron. Il contraste magnifiquement avec la luxuriance vive des p\u00e9pites. Les p\u00e9pites ne sont pas seulement luxuriantes; il y a aussi une toile de poils rouge fonc\u00e9 presque marron et orange qui traverse le bourgeon.<\/p>\n<p>HulkBerry est la vari\u00e9t\u00e9 la plus r\u00e9cente \u00e0 \u00e9merger de la chasse aux vari\u00e9t\u00e9s \u00e0 forte puissance. Elle d\u00e9livre soudainement et de mani\u00e8re inattendue un c\u00e9r\u00e9bral \u00e9crasant. Elle vous met dans un \u00e9tat psychoactif. Certains utilisateurs peuvent la trouver effrayante. Acheter Hulkberry en ligne<\/p>\n<p>Bien que cette vari\u00e9t\u00e9 procure un high intense, elle a \u00e9galement un certain nombre d&#8217;avantages m\u00e9dicinaux. Sa puissance combat le stress, la d\u00e9pression et la peur. Les utilisateurs peuvent prendre de petites doses de jusqu&#8217;\u00e0 ce qu&#8217;ils soient capables de g\u00e9rer leur d\u00e9pression. D&#8217;autres rapportent que la souche augmente leur app\u00e9tit. Ses grignotines sont id\u00e9ales pour les personnes souffrant de naus\u00e9es.<\/p>\n<p>Les graines f\u00e9minis\u00e9es HulkBerry sont l&#8217;une des vari\u00e9t\u00e9s de marijuana m\u00e9dicale les plus populaires sur le march\u00e9 aujourd&#8217;hui. Ces graines sont bien connues pour leurs puissantes propri\u00e9t\u00e9s m\u00e9dicinales, notamment le soulagement de la douleur, le soulagement de l&#8217;anxi\u00e9t\u00e9, la d\u00e9pression et la perte d&#8217;app\u00e9tit. Elles sont \u00e9galement bien connues pour leur teneur \u00e9lev\u00e9e en THC, ce qui en fait un choix populaire parmi les patients qui consomment de la marijuana m\u00e9dicale.<\/p>\n<p>Outre leurs propri\u00e9t\u00e9s m\u00e9dicinales, les graines sont \u00e9galement connues pour leur saveur et leur ar\u00f4me distincts. La saveur et l&#8217;ar\u00f4me sont souvent d\u00e9crits comme terreux et citronn\u00e9s. Les graines sont populaires parmi les patients de marijuana m\u00e9dicale et les utilisateurs de marijuana r\u00e9cr\u00e9ative.<\/p>\n<p>Nous fournissons du hulkberry de qualit\u00e9, achetez du hulkberry en ligne sur notre <a href=\"https:\/\/gooddealersmeds.com\/fr\/products\/\"> magasin<\/a>. Notre boutique en ligne offre \u00e9galement aux patients les ressources dont ils ont besoin pour g\u00e9rer leur TDAH et se sentir plus en contr\u00f4le de leur vie.<\/p>\n","protected":false},"excerpt":{"rendered":"<p>HulkBerry est l&#8217;alter-ego de L&#8217;Incroyable Hulk. Ce super-h\u00e9ros sinsemilla est l\u00e0 pour sauver la t\u00eate. Quelque part dans les montagnes Rocheuses du Colorado, les excellentes forces d&#8217;OG Kush et de Strawberry Diesel sont entr\u00e9es en collision. Aujourd&#8217;hui, l&#8217;onde de choc du THC d\u00e9ferle sur l&#8217;Europe.<\/p>\n","protected":false},"featured_media":1874,"comment_status":"open","ping_status":"closed","template":"","meta":{"inline_featured_image":false},"product_brand":[],"product_cat":[348],"product_tag":[437,398,436,374,435,441,376,442,445,439,444,443,440,446,415,434,420,448,450,449,447],"class_list":{"0":"post-1873","1":"product","2":"type-product","3":"status-publish","4":"has-post-thumbnail","6":"product_cat-marijuana","7":"product_tag-acheter-de-l-herbe-pres-de-moi","8":"product_tag-acheter-de-lherbe-en-ligne","9":"product_tag-acheter-de-lherbe-par-courrier","10":"product_tag-acheter-de-lherbe-pas-cher-en-ligne","11":"product_tag-acheter-ganja-en-ligne","12":"product_tag-boutique-en-ligne-kush","13":"product_tag-ganja--vendre","14":"product_tag-marijuana-en-ligne","15":"product_tag-qualit-cannbis-en-ligne","16":"product_tag-cannbis-for-you","17":"product_tag-commander-de-lherbe-en-ligne","18":"product_tag-commander-ganja-ici","19":"product_tag-comment-commander-de-l-herbe-en-ligne","20":"product_tag-weed-de-qualit-en-ligne","21":"product_tag-fournisseur-de-marijuana","22":"product_tag-amsterdam-mauvaise-herbe","23":"product_tag-mauvaises-herbes--vendre","24":"product_tag-o-acheter-de-la-marijuana","25":"product_tag-o-obtenir-de-l-herbe-au-royaume-uni","26":"product_tag-o-obtenir-de-la-marijuana-a-londres","27":"product_tag-thc","29":"first","30":"instock","31":"shipping-taxable","32":"purchasable","33":"product-type-simple"},"yoast_head":"<!-- This site is optimized with the Yoast SEO Premium plugin v20.6 (Yoast SEO v27.4) - https:\/\/yoast.com\/product\/yoast-seo-premium-wordpress\/ -->\n<title>Acheter Hulkberry en ligne | O\u00f9 se procurer du cannabis | Kush ici<\/title>\n<meta name=\"description\" content=\"Acheter Hulkberry en ligne, nous fournissons de l&#039;herbe de bonne qualit\u00e9 \u00e0 des prix abordables, achetez ici et obtenez des souches de grade A +. Nous exp\u00e9dions dans toute l&#039;Europe.\" \/>\n<meta name=\"robots\" content=\"index, follow, max-snippet:-1, max-image-preview:large, max-video-preview:-1\" \/>\n<link rel=\"canonical\" href=\"https:\/\/gooddealersmeds.com\/fr\/product\/acheter-hulkberry-en-ligne\/\" \/>\n<meta property=\"og:locale\" content=\"en_US\" \/>\n<meta property=\"og:type\" content=\"article\" \/>\n<meta property=\"og:title\" content=\"Acheter Hulkberry en ligne\" \/>\n<meta property=\"og:description\" content=\"Acheter Hulkberry en ligne, nous fournissons de l&#039;herbe de bonne qualit\u00e9 \u00e0 des prix abordables, achetez ici et obtenez des souches de grade A +. Nous exp\u00e9dions dans toute l&#039;Europe.\" \/>\n<meta property=\"og:url\" content=\"https:\/\/gooddealersmeds.com\/fr\/product\/acheter-hulkberry-en-ligne\/\" \/>\n<meta property=\"og:site_name\" content=\"Good Dealers Meds\" \/>\n<meta property=\"article:modified_time\" content=\"2022-11-02T21:25:02+00:00\" \/>\n<meta property=\"og:image\" content=\"https:\/\/gooddealersmeds.com\/fr\/wp-content\/uploads\/sites\/5\/2022\/06\/HULKBERRY.jpg\" \/>\n\t<meta property=\"og:image:width\" content=\"600\" \/>\n\t<meta property=\"og:image:height\" content=\"600\" \/>\n\t<meta property=\"og:image:type\" content=\"image\/jpeg\" \/>\n<meta name=\"twitter:card\" content=\"summary_large_image\" \/>\n<meta name=\"twitter:label1\" content=\"Est. reading time\" \/>\n\t<meta name=\"twitter:data1\" content=\"2 minutes\" \/>\n<script type=\"application\/ld+json\" class=\"yoast-schema-graph\">{\"@context\":\"https:\\\/\\\/schema.org\",\"@graph\":[{\"@type\":\"WebPage\",\"@id\":\"https:\\\/\\\/gooddealersmeds.com\\\/fr\\\/product\\\/acheter-hulkberry-en-ligne\\\/\",\"url\":\"https:\\\/\\\/gooddealersmeds.com\\\/fr\\\/product\\\/acheter-hulkberry-en-ligne\\\/\",\"name\":\"Acheter Hulkberry en ligne | O\u00f9 se procurer du cannabis | Kush ici\",\"isPartOf\":{\"@id\":\"https:\\\/\\\/gooddealersmeds.com\\\/fr\\\/#website\"},\"primaryImageOfPage\":{\"@id\":\"https:\\\/\\\/gooddealersmeds.com\\\/fr\\\/product\\\/acheter-hulkberry-en-ligne\\\/#primaryimage\"},\"image\":{\"@id\":\"https:\\\/\\\/gooddealersmeds.com\\\/fr\\\/product\\\/acheter-hulkberry-en-ligne\\\/#primaryimage\"},\"thumbnailUrl\":\"https:\\\/\\\/gooddealersmeds.com\\\/fr\\\/wp-content\\\/uploads\\\/sites\\\/5\\\/2022\\\/06\\\/HULKBERRY.jpg\",\"datePublished\":\"2022-06-30T00:09:17+00:00\",\"dateModified\":\"2022-11-02T21:25:02+00:00\",\"description\":\"Acheter Hulkberry en ligne, nous fournissons de l'herbe de bonne qualit\u00e9 \u00e0 des prix abordables, achetez ici et obtenez des souches de grade A +. Nous exp\u00e9dions dans toute l'Europe.\",\"breadcrumb\":{\"@id\":\"https:\\\/\\\/gooddealersmeds.com\\\/fr\\\/product\\\/acheter-hulkberry-en-ligne\\\/#breadcrumb\"},\"inLanguage\":\"en-US\",\"potentialAction\":[{\"@type\":\"ReadAction\",\"target\":[\"https:\\\/\\\/gooddealersmeds.com\\\/fr\\\/product\\\/acheter-hulkberry-en-ligne\\\/\"]}]},{\"@type\":\"ImageObject\",\"inLanguage\":\"en-US\",\"@id\":\"https:\\\/\\\/gooddealersmeds.com\\\/fr\\\/product\\\/acheter-hulkberry-en-ligne\\\/#primaryimage\",\"url\":\"https:\\\/\\\/gooddealersmeds.com\\\/fr\\\/wp-content\\\/uploads\\\/sites\\\/5\\\/2022\\\/06\\\/HULKBERRY.jpg\",\"contentUrl\":\"https:\\\/\\\/gooddealersmeds.com\\\/fr\\\/wp-content\\\/uploads\\\/sites\\\/5\\\/2022\\\/06\\\/HULKBERRY.jpg\",\"width\":600,\"height\":600,\"caption\":\"Buy Hulkberry Online\"},{\"@type\":\"BreadcrumbList\",\"@id\":\"https:\\\/\\\/gooddealersmeds.com\\\/fr\\\/product\\\/acheter-hulkberry-en-ligne\\\/#breadcrumb\",\"itemListElement\":[{\"@type\":\"ListItem\",\"position\":1,\"name\":\"Home\",\"item\":\"https:\\\/\\\/gooddealersmeds.com\\\/fr\\\/\"},{\"@type\":\"ListItem\",\"position\":2,\"name\":\"Des produits\",\"item\":\"https:\\\/\\\/gooddealersmeds.com\\\/fr\\\/des-produits\\\/\"},{\"@type\":\"ListItem\",\"position\":3,\"name\":\"Acheter Hulkberry en ligne\"}]},{\"@type\":\"WebSite\",\"@id\":\"https:\\\/\\\/gooddealersmeds.com\\\/fr\\\/#website\",\"url\":\"https:\\\/\\\/gooddealersmeds.com\\\/fr\\\/\",\"name\":\"Good Dealers Meds\",\"description\":\"All our best\",\"publisher\":{\"@id\":\"https:\\\/\\\/gooddealersmeds.com\\\/fr\\\/#organization\"},\"potentialAction\":[{\"@type\":\"SearchAction\",\"target\":{\"@type\":\"EntryPoint\",\"urlTemplate\":\"https:\\\/\\\/gooddealersmeds.com\\\/fr\\\/?s={search_term_string}\"},\"query-input\":{\"@type\":\"PropertyValueSpecification\",\"valueRequired\":true,\"valueName\":\"search_term_string\"}}],\"inLanguage\":\"en-US\"},{\"@type\":\"Organization\",\"@id\":\"https:\\\/\\\/gooddealersmeds.com\\\/fr\\\/#organization\",\"name\":\"Good Dealers Meds\",\"url\":\"https:\\\/\\\/gooddealersmeds.com\\\/fr\\\/\",\"logo\":{\"@type\":\"ImageObject\",\"inLanguage\":\"en-US\",\"@id\":\"https:\\\/\\\/gooddealersmeds.com\\\/fr\\\/#\\\/schema\\\/logo\\\/image\\\/\",\"url\":\"https:\\\/\\\/gooddealersmeds.com\\\/fr\\\/wp-content\\\/uploads\\\/sites\\\/5\\\/2022\\\/03\\\/gooddealersmeds__logo__20220317T222800Z.00.png\",\"contentUrl\":\"https:\\\/\\\/gooddealersmeds.com\\\/fr\\\/wp-content\\\/uploads\\\/sites\\\/5\\\/2022\\\/03\\\/gooddealersmeds__logo__20220317T222800Z.00.png\",\"width\":500,\"height\":325,\"caption\":\"Good Dealers Meds\"},\"image\":{\"@id\":\"https:\\\/\\\/gooddealersmeds.com\\\/fr\\\/#\\\/schema\\\/logo\\\/image\\\/\"}}]}<\/script>\n<!-- \/ Yoast SEO Premium plugin. -->","yoast_head_json":{"title":"Acheter Hulkberry en ligne | O\u00f9 se procurer du cannabis | Kush ici","description":"Acheter Hulkberry en ligne, nous fournissons de l'herbe de bonne qualit\u00e9 \u00e0 des prix abordables, achetez ici et obtenez des souches de grade A +. Nous exp\u00e9dions dans toute l'Europe.","robots":{"index":"index","follow":"follow","max-snippet":"max-snippet:-1","max-image-preview":"max-image-preview:large","max-video-preview":"max-video-preview:-1"},"canonical":"https:\/\/gooddealersmeds.com\/fr\/product\/acheter-hulkberry-en-ligne\/","og_locale":"en_US","og_type":"article","og_title":"Acheter Hulkberry en ligne","og_description":"Acheter Hulkberry en ligne, nous fournissons de l'herbe de bonne qualit\u00e9 \u00e0 des prix abordables, achetez ici et obtenez des souches de grade A +. Nous exp\u00e9dions dans toute l'Europe.","og_url":"https:\/\/gooddealersmeds.com\/fr\/product\/acheter-hulkberry-en-ligne\/","og_site_name":"Good Dealers Meds","article_modified_time":"2022-11-02T21:25:02+00:00","og_image":[{"width":600,"height":600,"url":"https:\/\/gooddealersmeds.com\/fr\/wp-content\/uploads\/sites\/5\/2022\/06\/HULKBERRY.jpg","type":"image\/jpeg"}],"twitter_card":"summary_large_image","twitter_misc":{"Est. reading time":"2 minutes"},"schema":{"@context":"https:\/\/schema.org","@graph":[{"@type":"WebPage","@id":"https:\/\/gooddealersmeds.com\/fr\/product\/acheter-hulkberry-en-ligne\/","url":"https:\/\/gooddealersmeds.com\/fr\/product\/acheter-hulkberry-en-ligne\/","name":"Acheter Hulkberry en ligne | O\u00f9 se procurer du cannabis | Kush ici","isPartOf":{"@id":"https:\/\/gooddealersmeds.com\/fr\/#website"},"primaryImageOfPage":{"@id":"https:\/\/gooddealersmeds.com\/fr\/product\/acheter-hulkberry-en-ligne\/#primaryimage"},"image":{"@id":"https:\/\/gooddealersmeds.com\/fr\/product\/acheter-hulkberry-en-ligne\/#primaryimage"},"thumbnailUrl":"https:\/\/gooddealersmeds.com\/fr\/wp-content\/uploads\/sites\/5\/2022\/06\/HULKBERRY.jpg","datePublished":"2022-06-30T00:09:17+00:00","dateModified":"2022-11-02T21:25:02+00:00","description":"Acheter Hulkberry en ligne, nous fournissons de l'herbe de bonne qualit\u00e9 \u00e0 des prix abordables, achetez ici et obtenez des souches de grade A +. Nous exp\u00e9dions dans toute l'Europe.","breadcrumb":{"@id":"https:\/\/gooddealersmeds.com\/fr\/product\/acheter-hulkberry-en-ligne\/#breadcrumb"},"inLanguage":"en-US","potentialAction":[{"@type":"ReadAction","target":["https:\/\/gooddealersmeds.com\/fr\/product\/acheter-hulkberry-en-ligne\/"]}]},{"@type":"ImageObject","inLanguage":"en-US","@id":"https:\/\/gooddealersmeds.com\/fr\/product\/acheter-hulkberry-en-ligne\/#primaryimage","url":"https:\/\/gooddealersmeds.com\/fr\/wp-content\/uploads\/sites\/5\/2022\/06\/HULKBERRY.jpg","contentUrl":"https:\/\/gooddealersmeds.com\/fr\/wp-content\/uploads\/sites\/5\/2022\/06\/HULKBERRY.jpg","width":600,"height":600,"caption":"Buy Hulkberry Online"},{"@type":"BreadcrumbList","@id":"https:\/\/gooddealersmeds.com\/fr\/product\/acheter-hulkberry-en-ligne\/#breadcrumb","itemListElement":[{"@type":"ListItem","position":1,"name":"Home","item":"https:\/\/gooddealersmeds.com\/fr\/"},{"@type":"ListItem","position":2,"name":"Des produits","item":"https:\/\/gooddealersmeds.com\/fr\/des-produits\/"},{"@type":"ListItem","position":3,"name":"Acheter Hulkberry en ligne"}]},{"@type":"WebSite","@id":"https:\/\/gooddealersmeds.com\/fr\/#website","url":"https:\/\/gooddealersmeds.com\/fr\/","name":"Good Dealers Meds","description":"All our best","publisher":{"@id":"https:\/\/gooddealersmeds.com\/fr\/#organization"},"potentialAction":[{"@type":"SearchAction","target":{"@type":"EntryPoint","urlTemplate":"https:\/\/gooddealersmeds.com\/fr\/?s={search_term_string}"},"query-input":{"@type":"PropertyValueSpecification","valueRequired":true,"valueName":"search_term_string"}}],"inLanguage":"en-US"},{"@type":"Organization","@id":"https:\/\/gooddealersmeds.com\/fr\/#organization","name":"Good Dealers Meds","url":"https:\/\/gooddealersmeds.com\/fr\/","logo":{"@type":"ImageObject","inLanguage":"en-US","@id":"https:\/\/gooddealersmeds.com\/fr\/#\/schema\/logo\/image\/","url":"https:\/\/gooddealersmeds.com\/fr\/wp-content\/uploads\/sites\/5\/2022\/03\/gooddealersmeds__logo__20220317T222800Z.00.png","contentUrl":"https:\/\/gooddealersmeds.com\/fr\/wp-content\/uploads\/sites\/5\/2022\/03\/gooddealersmeds__logo__20220317T222800Z.00.png","width":500,"height":325,"caption":"Good Dealers Meds"},"image":{"@id":"https:\/\/gooddealersmeds.com\/fr\/#\/schema\/logo\/image\/"}}]}},"_links":{"self":[{"href":"https:\/\/gooddealersmeds.com\/fr\/wp-json\/wp\/v2\/product\/1873","targetHints":{"allow":["GET"]}}],"collection":[{"href":"https:\/\/gooddealersmeds.com\/fr\/wp-json\/wp\/v2\/product"}],"about":[{"href":"https:\/\/gooddealersmeds.com\/fr\/wp-json\/wp\/v2\/types\/product"}],"replies":[{"embeddable":true,"href":"https:\/\/gooddealersmeds.com\/fr\/wp-json\/wp\/v2\/comments?post=1873"}],"wp:featuredmedia":[{"embeddable":true,"href":"https:\/\/gooddealersmeds.com\/fr\/wp-json\/wp\/v2\/media\/1874"}],"wp:attachment":[{"href":"https:\/\/gooddealersmeds.com\/fr\/wp-json\/wp\/v2\/media?parent=1873"}],"wp:term":[{"taxonomy":"product_brand","embeddable":true,"href":"https:\/\/gooddealersmeds.com\/fr\/wp-json\/wp\/v2\/product_brand?post=1873"},{"taxonomy":"product_cat","embeddable":true,"href":"https:\/\/gooddealersmeds.com\/fr\/wp-json\/wp\/v2\/product_cat?post=1873"},{"taxonomy":"product_tag","embeddable":true,"href":"https:\/\/gooddealersmeds.com\/fr\/wp-json\/wp\/v2\/product_tag?post=1873"}],"curies":[{"name":"wp","href":"https:\/\/api.w.org\/{rel}","templated":true}]}}