{"id":1871,"date":"2022-06-30T00:04:45","date_gmt":"2022-06-30T00:04:45","guid":{"rendered":"https:\/\/gooddealersmeds.com\/fr\/?post_type=product&#038;p=1871"},"modified":"2023-01-05T22:44:45","modified_gmt":"2023-01-05T22:44:45","slug":"graisse-banane","status":"publish","type":"product","link":"https:\/\/gooddealersmeds.com\/fr\/product\/graisse-banane\/","title":{"rendered":"Commander Fat Banana Weed en ligne"},"content":{"rendered":"<h2>Acheter une souche Fat Banana Weed en ligne de qualit\u00e9 sup\u00e9rieure<\/h2>\n<p>La souche de cannabis Fat Banana est une vari\u00e9t\u00e9 c\u00e9l\u00e8bre pour ses caract\u00e9ristiques \u00e0 dominance Indica. Fat Banana For Sale, Il est connu pour \u00eatre extr\u00eamement relaxant et \u00e9difiant, ce qui le rend parfait pour ceux qui veulent se d\u00e9tendre apr\u00e8s une longue journ\u00e9e de travail ou d&#8217;\u00e9cole. La souche a \u00e9galement une odeur sucr\u00e9e, ce qui la rend facile \u00e0 identifier lors de la recherche de la bonne marijuana dans un dispensaire. Fat Banana \u00e0 vendre<\/p>\n<p>La souche Fat Banana Weed, \u00e9galement connue sous le nom de Banana OG, est une puissante souche hybride de cannabis qui est connu pour son ar\u00f4me et son go\u00fbt fruit\u00e9s et sucr\u00e9s. D\u00e9crit comme ayant le go\u00fbt de la banane et du chewing-gum, il est parfait pour traiter l&#8217;anxi\u00e9t\u00e9 et la d\u00e9pression. D\u00e9crit comme ayant un go\u00fbt de banane et de chewing-gum, il est parfait pour traiter l&#8217;anxi\u00e9t\u00e9 et la d\u00e9pression.<\/p>\n<p>La Fat Banana Weed Strain a remport\u00e9 plusieurs prix pour son efficacit\u00e9 m\u00e9dicale et sa capacit\u00e9 \u00e0 aider les utilisateurs \u00e0 se d\u00e9tendre. Il peut \u00e9galement \u00eatre utilis\u00e9 pour r\u00e9duire le stress et augmenter la concentration afin d&#8217;am\u00e9liorer la productivit\u00e9 au travail ou \u00e0 l&#8217;\u00e9cole.<\/p>\n<p>&nbsp;<\/p>\n<p><strong>Pourquoi commander une souche de cannabis Fat Banana en ligne ?<\/strong><\/p>\n<p><a href=\"https:\/\/www.leafly.com\/strains\/fat-banana\">La Fat Banana Weed Strain<\/a> est l&#8217;une des meilleures souches \u00e0 acheter en ligne parce qu&#8217;elles sont faciles \u00e0 trouver et qu&#8217;il n&#8217;y a pas lieu de s&#8217;inqui\u00e9ter de se faire arnaquer par un revendeur qui vend de la fausse herbe. En fait, si vous achetez chez un revendeur r\u00e9put\u00e9, il vous enverra m\u00eame le produit directement \u00e0 votre domicile. M\u00eame si nous aimons acheter nous-m\u00eames dans les dispensaires, vous avez parfois besoin de quelque chose de rapide et pratique lorsque vous manquez de temps ou que vous n&#8217;avez tout simplement pas le temps de vous d\u00e9placer \u00e0 la recherche de quelque chose de sp\u00e9cifique. Si cela vous ressemble, alors Fat Banana Weed Strain pourrait \u00eatre exactement ce dont vous avez besoin\u00a0!<\/p>\n<p>&nbsp;<\/p>\n<p><strong>Les meilleurs endroits pour acheter la souche Fat Banana Weed en ligne<\/strong><\/p>\n<p>Parce que cette vari\u00e9t\u00e9 est si populaire, vous pouvez acheter la <a href=\"https:\/\/gooddealersmeds.com\/fr\/product\/fat-banana\/\">Fat Banana Weed Strain<\/a> en ligne de plusieurs fa\u00e7ons sans vous faire arnaquer par des revendeurs qui essaient de vous vendre des produits de qualit\u00e9 inf\u00e9rieure. Good Dealers Meds est le meilleur endroit pour acheter en ligne la souche Fat Banana Weed. Fat Banana \u00e0 vendre<\/p>\n","protected":false},"excerpt":{"rendered":"<p>Fat Banana est le produit d&#8217;un processus de d\u00e9veloppement de souches super s\u00e9lectif qui visait \u00e0 hybrider les plus gros et les plus gros sp\u00e9cimens de Banana OG. Maintenant, RQS peut vous offrir le meilleur du lot. Fat Banana est riche en saveurs et contient une quantit\u00e9 importante de cannabino\u00efdes.<\/p>\n","protected":false},"featured_media":1872,"comment_status":"open","ping_status":"closed","template":"","meta":{"inline_featured_image":false},"product_brand":[],"product_cat":[348],"product_tag":[396,398,418,397,416,401,376,400,403,405,404,406,402,415,429,409,407,408,410,414,428,412,420,422,421,417,432,433,431,425,424,399,426,423,430,427,419],"class_list":{"0":"post-1871","1":"product","2":"type-product","3":"status-publish","4":"has-post-thumbnail","6":"product_cat-marijuana","7":"product_tag-100-mauvaises-herbes-a-vendre","8":"product_tag-acheter-de-lherbe-en-ligne","9":"product_tag-acheter-de-la-marijuana-en-ligne","10":"product_tag-avantages-de-fumer-de-la-marijuana","11":"product_tag-avantages-medicaux-de-la-marijuana","12":"product_tag-avantages-de-la-sant-de-la-marijuana","13":"product_tag-ganja--vendre","14":"product_tag-cheap-weed-for-sale","15":"product_tag-combien-cote-la-marijuana","16":"product_tag-comment-acqurir-de-l-herbe","17":"product_tag-comment-acqurir-de-la-marijuana","18":"product_tag-comment-obtenir-de-l-herbe-en-ligne","19":"product_tag-comment-puis-je-commander-de-la-marijuana","20":"product_tag-fournisseur-de-marijuana","21":"product_tag-fournisseur-de-mauvaises-herbes","22":"product_tag-lgal-herbe--vendre","23":"product_tag-is-weed-legal","24":"product_tag-kush--vendre","25":"product_tag-legal-weedfor-sale","26":"product_tag-magasin-de-marijuana","27":"product_tag-magasin-de-mauvaises-herbes","28":"product_tag-marijuana--vendre-royaume-uni","29":"product_tag-mauvaises-herbes--vendre","30":"product_tag-mauvaises-herbes--vendre-royaume-uni","31":"product_tag-weed-a-vendre-en-angleterre","32":"product_tag-ordering-weed-online","33":"product_tag-ou-acheter-de-lherbe-pas-cher","34":"product_tag-o-commander-herbe","35":"product_tag-o-puis-je-obtenir-de-lherbe","36":"product_tag-plantes-de-mauvaises-herbes-a-vendre-royaume-uni","37":"product_tag-plants-de-mauvaise-herbe-a-vendre","38":"product_tag-puis-je-acheter-de-lherbe","39":"product_tag-rsine-de-mauvaises-herbes--vendre","40":"product_tag-tentes-de-culture-de-mauvaises-herbes-a-vendre","41":"product_tag-vaporisateur-de-mauvaises-herbes-a-vendre","42":"product_tag-weed-sales-uk","43":"product_tag-veux-acheter-de-la-marijuana","45":"first","46":"instock","47":"shipping-taxable","48":"purchasable","49":"product-type-simple"},"yoast_head":"<!-- This site is optimized with the Yoast SEO Premium plugin v20.6 (Yoast SEO v27.4) - https:\/\/yoast.com\/product\/yoast-seo-premium-wordpress\/ -->\n<title>Fat Banana \u00e0 vendre | Commandez du cannabis | Good Dealers Meds<\/title>\n<meta name=\"description\" content=\"Fat Banana \u00e0 vendre est une vari\u00e9t\u00e9 de marijuana hybride obtenue en croisant OG Kush avec Chiquita Banana. Achetez-le dans notre magasin de cannabis en ligne.\" \/>\n<meta name=\"robots\" content=\"index, follow, max-snippet:-1, max-image-preview:large, max-video-preview:-1\" \/>\n<link rel=\"canonical\" href=\"https:\/\/gooddealersmeds.com\/fr\/product\/graisse-banane\/\" \/>\n<meta property=\"og:locale\" content=\"en_US\" \/>\n<meta property=\"og:type\" content=\"article\" \/>\n<meta property=\"og:title\" content=\"Commander Fat Banana Weed en ligne\" \/>\n<meta property=\"og:description\" content=\"Fat Banana \u00e0 vendre est une vari\u00e9t\u00e9 de marijuana hybride obtenue en croisant OG Kush avec Chiquita Banana. Achetez-le dans notre magasin de cannabis en ligne.\" \/>\n<meta property=\"og:url\" content=\"https:\/\/gooddealersmeds.com\/fr\/product\/graisse-banane\/\" \/>\n<meta property=\"og:site_name\" content=\"Good Dealers Meds\" \/>\n<meta property=\"article:modified_time\" content=\"2023-01-05T22:44:45+00:00\" \/>\n<meta property=\"og:image\" content=\"https:\/\/gooddealersmeds.com\/fr\/wp-content\/uploads\/sites\/5\/2022\/06\/FAT-BANANA.jpg\" \/>\n\t<meta property=\"og:image:width\" content=\"600\" \/>\n\t<meta property=\"og:image:height\" content=\"600\" \/>\n\t<meta property=\"og:image:type\" content=\"image\/jpeg\" \/>\n<meta name=\"twitter:card\" content=\"summary_large_image\" \/>\n<meta name=\"twitter:label1\" content=\"Est. reading time\" \/>\n\t<meta name=\"twitter:data1\" content=\"2 minutes\" \/>\n<script type=\"application\/ld+json\" class=\"yoast-schema-graph\">{\"@context\":\"https:\\\/\\\/schema.org\",\"@graph\":[{\"@type\":\"WebPage\",\"@id\":\"https:\\\/\\\/gooddealersmeds.com\\\/fr\\\/product\\\/graisse-banane\\\/\",\"url\":\"https:\\\/\\\/gooddealersmeds.com\\\/fr\\\/product\\\/graisse-banane\\\/\",\"name\":\"Fat Banana \u00e0 vendre | Commandez du cannabis | Good Dealers Meds\",\"isPartOf\":{\"@id\":\"https:\\\/\\\/gooddealersmeds.com\\\/fr\\\/#website\"},\"primaryImageOfPage\":{\"@id\":\"https:\\\/\\\/gooddealersmeds.com\\\/fr\\\/product\\\/graisse-banane\\\/#primaryimage\"},\"image\":{\"@id\":\"https:\\\/\\\/gooddealersmeds.com\\\/fr\\\/product\\\/graisse-banane\\\/#primaryimage\"},\"thumbnailUrl\":\"https:\\\/\\\/gooddealersmeds.com\\\/fr\\\/wp-content\\\/uploads\\\/sites\\\/5\\\/2022\\\/06\\\/FAT-BANANA.jpg\",\"datePublished\":\"2022-06-30T00:04:45+00:00\",\"dateModified\":\"2023-01-05T22:44:45+00:00\",\"description\":\"Fat Banana \u00e0 vendre est une vari\u00e9t\u00e9 de marijuana hybride obtenue en croisant OG Kush avec Chiquita Banana. Achetez-le dans notre magasin de cannabis en ligne.\",\"breadcrumb\":{\"@id\":\"https:\\\/\\\/gooddealersmeds.com\\\/fr\\\/product\\\/graisse-banane\\\/#breadcrumb\"},\"inLanguage\":\"en-US\",\"potentialAction\":[{\"@type\":\"ReadAction\",\"target\":[\"https:\\\/\\\/gooddealersmeds.com\\\/fr\\\/product\\\/graisse-banane\\\/\"]}]},{\"@type\":\"ImageObject\",\"inLanguage\":\"en-US\",\"@id\":\"https:\\\/\\\/gooddealersmeds.com\\\/fr\\\/product\\\/graisse-banane\\\/#primaryimage\",\"url\":\"https:\\\/\\\/gooddealersmeds.com\\\/fr\\\/wp-content\\\/uploads\\\/sites\\\/5\\\/2022\\\/06\\\/FAT-BANANA.jpg\",\"contentUrl\":\"https:\\\/\\\/gooddealersmeds.com\\\/fr\\\/wp-content\\\/uploads\\\/sites\\\/5\\\/2022\\\/06\\\/FAT-BANANA.jpg\",\"width\":600,\"height\":600,\"caption\":\"Buy Fat Banana Online\"},{\"@type\":\"BreadcrumbList\",\"@id\":\"https:\\\/\\\/gooddealersmeds.com\\\/fr\\\/product\\\/graisse-banane\\\/#breadcrumb\",\"itemListElement\":[{\"@type\":\"ListItem\",\"position\":1,\"name\":\"Home\",\"item\":\"https:\\\/\\\/gooddealersmeds.com\\\/fr\\\/\"},{\"@type\":\"ListItem\",\"position\":2,\"name\":\"Des produits\",\"item\":\"https:\\\/\\\/gooddealersmeds.com\\\/fr\\\/des-produits\\\/\"},{\"@type\":\"ListItem\",\"position\":3,\"name\":\"Commander Fat Banana Weed en ligne\"}]},{\"@type\":\"WebSite\",\"@id\":\"https:\\\/\\\/gooddealersmeds.com\\\/fr\\\/#website\",\"url\":\"https:\\\/\\\/gooddealersmeds.com\\\/fr\\\/\",\"name\":\"Good Dealers Meds\",\"description\":\"All our best\",\"publisher\":{\"@id\":\"https:\\\/\\\/gooddealersmeds.com\\\/fr\\\/#organization\"},\"potentialAction\":[{\"@type\":\"SearchAction\",\"target\":{\"@type\":\"EntryPoint\",\"urlTemplate\":\"https:\\\/\\\/gooddealersmeds.com\\\/fr\\\/?s={search_term_string}\"},\"query-input\":{\"@type\":\"PropertyValueSpecification\",\"valueRequired\":true,\"valueName\":\"search_term_string\"}}],\"inLanguage\":\"en-US\"},{\"@type\":\"Organization\",\"@id\":\"https:\\\/\\\/gooddealersmeds.com\\\/fr\\\/#organization\",\"name\":\"Good Dealers Meds\",\"url\":\"https:\\\/\\\/gooddealersmeds.com\\\/fr\\\/\",\"logo\":{\"@type\":\"ImageObject\",\"inLanguage\":\"en-US\",\"@id\":\"https:\\\/\\\/gooddealersmeds.com\\\/fr\\\/#\\\/schema\\\/logo\\\/image\\\/\",\"url\":\"https:\\\/\\\/gooddealersmeds.com\\\/fr\\\/wp-content\\\/uploads\\\/sites\\\/5\\\/2022\\\/03\\\/gooddealersmeds__logo__20220317T222800Z.00.png\",\"contentUrl\":\"https:\\\/\\\/gooddealersmeds.com\\\/fr\\\/wp-content\\\/uploads\\\/sites\\\/5\\\/2022\\\/03\\\/gooddealersmeds__logo__20220317T222800Z.00.png\",\"width\":500,\"height\":325,\"caption\":\"Good Dealers Meds\"},\"image\":{\"@id\":\"https:\\\/\\\/gooddealersmeds.com\\\/fr\\\/#\\\/schema\\\/logo\\\/image\\\/\"}}]}<\/script>\n<!-- \/ Yoast SEO Premium plugin. -->","yoast_head_json":{"title":"Fat Banana \u00e0 vendre | Commandez du cannabis | Good Dealers Meds","description":"Fat Banana \u00e0 vendre est une vari\u00e9t\u00e9 de marijuana hybride obtenue en croisant OG Kush avec Chiquita Banana. Achetez-le dans notre magasin de cannabis en ligne.","robots":{"index":"index","follow":"follow","max-snippet":"max-snippet:-1","max-image-preview":"max-image-preview:large","max-video-preview":"max-video-preview:-1"},"canonical":"https:\/\/gooddealersmeds.com\/fr\/product\/graisse-banane\/","og_locale":"en_US","og_type":"article","og_title":"Commander Fat Banana Weed en ligne","og_description":"Fat Banana \u00e0 vendre est une vari\u00e9t\u00e9 de marijuana hybride obtenue en croisant OG Kush avec Chiquita Banana. Achetez-le dans notre magasin de cannabis en ligne.","og_url":"https:\/\/gooddealersmeds.com\/fr\/product\/graisse-banane\/","og_site_name":"Good Dealers Meds","article_modified_time":"2023-01-05T22:44:45+00:00","og_image":[{"width":600,"height":600,"url":"https:\/\/gooddealersmeds.com\/fr\/wp-content\/uploads\/sites\/5\/2022\/06\/FAT-BANANA.jpg","type":"image\/jpeg"}],"twitter_card":"summary_large_image","twitter_misc":{"Est. reading time":"2 minutes"},"schema":{"@context":"https:\/\/schema.org","@graph":[{"@type":"WebPage","@id":"https:\/\/gooddealersmeds.com\/fr\/product\/graisse-banane\/","url":"https:\/\/gooddealersmeds.com\/fr\/product\/graisse-banane\/","name":"Fat Banana \u00e0 vendre | Commandez du cannabis | Good Dealers Meds","isPartOf":{"@id":"https:\/\/gooddealersmeds.com\/fr\/#website"},"primaryImageOfPage":{"@id":"https:\/\/gooddealersmeds.com\/fr\/product\/graisse-banane\/#primaryimage"},"image":{"@id":"https:\/\/gooddealersmeds.com\/fr\/product\/graisse-banane\/#primaryimage"},"thumbnailUrl":"https:\/\/gooddealersmeds.com\/fr\/wp-content\/uploads\/sites\/5\/2022\/06\/FAT-BANANA.jpg","datePublished":"2022-06-30T00:04:45+00:00","dateModified":"2023-01-05T22:44:45+00:00","description":"Fat Banana \u00e0 vendre est une vari\u00e9t\u00e9 de marijuana hybride obtenue en croisant OG Kush avec Chiquita Banana. Achetez-le dans notre magasin de cannabis en ligne.","breadcrumb":{"@id":"https:\/\/gooddealersmeds.com\/fr\/product\/graisse-banane\/#breadcrumb"},"inLanguage":"en-US","potentialAction":[{"@type":"ReadAction","target":["https:\/\/gooddealersmeds.com\/fr\/product\/graisse-banane\/"]}]},{"@type":"ImageObject","inLanguage":"en-US","@id":"https:\/\/gooddealersmeds.com\/fr\/product\/graisse-banane\/#primaryimage","url":"https:\/\/gooddealersmeds.com\/fr\/wp-content\/uploads\/sites\/5\/2022\/06\/FAT-BANANA.jpg","contentUrl":"https:\/\/gooddealersmeds.com\/fr\/wp-content\/uploads\/sites\/5\/2022\/06\/FAT-BANANA.jpg","width":600,"height":600,"caption":"Buy Fat Banana Online"},{"@type":"BreadcrumbList","@id":"https:\/\/gooddealersmeds.com\/fr\/product\/graisse-banane\/#breadcrumb","itemListElement":[{"@type":"ListItem","position":1,"name":"Home","item":"https:\/\/gooddealersmeds.com\/fr\/"},{"@type":"ListItem","position":2,"name":"Des produits","item":"https:\/\/gooddealersmeds.com\/fr\/des-produits\/"},{"@type":"ListItem","position":3,"name":"Commander Fat Banana Weed en ligne"}]},{"@type":"WebSite","@id":"https:\/\/gooddealersmeds.com\/fr\/#website","url":"https:\/\/gooddealersmeds.com\/fr\/","name":"Good Dealers Meds","description":"All our best","publisher":{"@id":"https:\/\/gooddealersmeds.com\/fr\/#organization"},"potentialAction":[{"@type":"SearchAction","target":{"@type":"EntryPoint","urlTemplate":"https:\/\/gooddealersmeds.com\/fr\/?s={search_term_string}"},"query-input":{"@type":"PropertyValueSpecification","valueRequired":true,"valueName":"search_term_string"}}],"inLanguage":"en-US"},{"@type":"Organization","@id":"https:\/\/gooddealersmeds.com\/fr\/#organization","name":"Good Dealers Meds","url":"https:\/\/gooddealersmeds.com\/fr\/","logo":{"@type":"ImageObject","inLanguage":"en-US","@id":"https:\/\/gooddealersmeds.com\/fr\/#\/schema\/logo\/image\/","url":"https:\/\/gooddealersmeds.com\/fr\/wp-content\/uploads\/sites\/5\/2022\/03\/gooddealersmeds__logo__20220317T222800Z.00.png","contentUrl":"https:\/\/gooddealersmeds.com\/fr\/wp-content\/uploads\/sites\/5\/2022\/03\/gooddealersmeds__logo__20220317T222800Z.00.png","width":500,"height":325,"caption":"Good Dealers Meds"},"image":{"@id":"https:\/\/gooddealersmeds.com\/fr\/#\/schema\/logo\/image\/"}}]}},"_links":{"self":[{"href":"https:\/\/gooddealersmeds.com\/fr\/wp-json\/wp\/v2\/product\/1871","targetHints":{"allow":["GET"]}}],"collection":[{"href":"https:\/\/gooddealersmeds.com\/fr\/wp-json\/wp\/v2\/product"}],"about":[{"href":"https:\/\/gooddealersmeds.com\/fr\/wp-json\/wp\/v2\/types\/product"}],"replies":[{"embeddable":true,"href":"https:\/\/gooddealersmeds.com\/fr\/wp-json\/wp\/v2\/comments?post=1871"}],"wp:featuredmedia":[{"embeddable":true,"href":"https:\/\/gooddealersmeds.com\/fr\/wp-json\/wp\/v2\/media\/1872"}],"wp:attachment":[{"href":"https:\/\/gooddealersmeds.com\/fr\/wp-json\/wp\/v2\/media?parent=1871"}],"wp:term":[{"taxonomy":"product_brand","embeddable":true,"href":"https:\/\/gooddealersmeds.com\/fr\/wp-json\/wp\/v2\/product_brand?post=1871"},{"taxonomy":"product_cat","embeddable":true,"href":"https:\/\/gooddealersmeds.com\/fr\/wp-json\/wp\/v2\/product_cat?post=1871"},{"taxonomy":"product_tag","embeddable":true,"href":"https:\/\/gooddealersmeds.com\/fr\/wp-json\/wp\/v2\/product_tag?post=1871"}],"curies":[{"name":"wp","href":"https:\/\/api.w.org\/{rel}","templated":true}]}}