{"id":1869,"date":"2022-06-30T00:00:32","date_gmt":"2022-06-30T00:00:32","guid":{"rendered":"https:\/\/gooddealersmeds.com\/fr\/?post_type=product&#038;p=1869"},"modified":"2023-01-06T00:33:19","modified_gmt":"2023-01-06T00:33:19","slug":"cookies-gelato","status":"publish","type":"product","link":"https:\/\/gooddealersmeds.com\/fr\/product\/cookies-gelato\/","title":{"rendered":"Acheter des Cookies Gelato en ligne"},"content":{"rendered":"<h2>Cookies Gelato \u00e0 vendre de qualit\u00e9 sup\u00e9rieure<\/h2>\n<p>Cookies Gelato Online est un site <a href=\"https:\/\/gooddealersmeds.com\/fr\/product\/cookies-gelato\/\"> o\u00f9 vous pouvez acheter de la glace aux cookies en ligne<\/a>. Cookies Gelato \u00e0 vendre, La soci\u00e9t\u00e9 a \u00e9t\u00e9 fond\u00e9e en 2016 et est bas\u00e9e \u00e0 New York. Cookies Gelato Online vend une vari\u00e9t\u00e9 de diff\u00e9rents types de gelato, mais leur produit le plus populaire est le cookie gelato. Ils vendent \u00e9galement d&#8217;autres types de glaces, mais leur type de glace le plus populaire est la glace aux biscuits. L&#8217;entreprise existe depuis environ un an maintenant et continue de cro\u00eetre tr\u00e8s rapidement! Cookies Gelato Online devient de plus en plus populaire chaque jour car il est facile d&#8217;acheter de la glace en ligne chez eux; il vous suffit de remplir un formulaire en ligne avec toutes vos informations, puis ils vous enverront votre commande imm\u00e9diatement !<\/p>\n<p><strong>\u00a0<\/strong><\/p>\n<p><strong>Pourquoi Acheter des Cookies Gelato en ligne\u00a0?<\/strong><\/p>\n<p>&nbsp;<\/p>\n<p>Il existe une multitude de raisons pour lesquelles vous devriez acheter des Cookies Gelato en ligne sur Cookies Gelato Online\u00a0:<\/p>\n<p>1) Vous pouvez choisir la saveur que vous voulez.<\/p>\n<p>2) Vous n&#8217;avez pas besoin d&#8217;aller n&#8217;importe o\u00f9 ou de quitter la maison.<\/p>\n<p>3) Vous pouvez obtenir exactement ce que vous voulez sans toute agitation.<\/p>\n<p>&nbsp;<\/p>\n<p><strong>Le meilleur endroit pour acheter des cookies Gelato en ligne\u00a0?<\/strong><\/p>\n<p>&nbsp;<\/p>\n<p>Il y en a beaucoup ! Mais, si vous voulez aller droit au but et atterrir sur un seul endroit qui vous offre la meilleure offre de tous les temps, Good Dealers Meds est l&#8217;endroit \u00e0 venir. D\u00e9couvrez toute notre gamme de drogues r\u00e9cr\u00e9atives et m\u00e9dicinales pour trouver les offres que vous ne regretterez pas d&#8217;avoir d\u00e9pens\u00e9es. Cookies Gelato \u00e0 vendre<\/p>\n","protected":false},"excerpt":{"rendered":"<p>Cookies Gelato est l&#8217;enfant amoureux de deux vari\u00e9t\u00e9s de cannabis l\u00e9gendaires. Elle a h\u00e9rit\u00e9 d&#8217;une puissance folle, d&#8217;un go\u00fbt sucr\u00e9 et d&#8217;une productivit\u00e9 impressionnante.<\/p>\n","protected":false},"featured_media":1870,"comment_status":"open","ping_status":"closed","template":"","meta":{"inline_featured_image":false},"product_brand":[],"product_cat":[348],"product_tag":[374,375,369,385,371,372,389,376,380,392,388,386,377,378,379,381,387,390,382,383,373,384,394,370,391,393,395],"class_list":{"0":"post-1869","1":"product","2":"type-product","3":"status-publish","4":"has-post-thumbnail","6":"product_cat-marijuana","7":"product_tag-acheter-de-lherbe-pas-cher-en-ligne","8":"product_tag-acheter-de-la-marijuana-en-gros","9":"product_tag-afghan-kush","10":"product_tag-aurores-borales-5","11":"product_tag-best-weed-joints","12":"product_tag-big-bud","13":"product_tag-brume-violette","14":"product_tag-ganja--vendre","15":"product_tag-chanvre--vendre","16":"product_tag-diesel-aigre","17":"product_tag-pave","18":"product_tag-et-kush","19":"product_tag-girl-scout-cookies","20":"product_tag-grand-daddy-purple","21":"product_tag-green-crack","22":"product_tag-kandy-kush","23":"product_tag-ananas-kush","24":"product_tag-violet-kush","25":"product_tag-lemon-drop","26":"product_tag-mangue-kush","27":"product_tag-myrtille-miam-miam","28":"product_tag-plantes-de-marijuana","29":"product_tag-rhinocros-blanc","30":"product_tag-sac--balles","31":"product_tag-sensi-star-x-ak47","32":"product_tag-aigre-et-kush","33":"product_tag-veuve-blanche-x-aurores-borales","35":"first","36":"instock","37":"shipping-taxable","38":"purchasable","39":"product-type-simple"},"yoast_head":"<!-- This site is optimized with the Yoast SEO Premium plugin v20.6 (Yoast SEO v27.4) - https:\/\/yoast.com\/product\/yoast-seo-premium-wordpress\/ -->\n<title>Cookies Gelato \u00e0 vendre | Meilleur endroit pour acheter de l&#039;herbe<\/title>\n<meta name=\"description\" content=\"Achetez Gelato Cookies Weed en ligne sur. Gelato est une vari\u00e9t\u00e9 de cannabis hybride all\u00e9chante de Cookie Fam et Sherbinski. Cookies Gelato \u00e0 vendre\" \/>\n<meta name=\"robots\" content=\"index, follow, max-snippet:-1, max-image-preview:large, max-video-preview:-1\" \/>\n<link rel=\"canonical\" href=\"https:\/\/gooddealersmeds.com\/fr\/product\/cookies-gelato\/\" \/>\n<meta property=\"og:locale\" content=\"en_US\" \/>\n<meta property=\"og:type\" content=\"article\" \/>\n<meta property=\"og:title\" content=\"Acheter des Cookies Gelato en ligne\" \/>\n<meta property=\"og:description\" content=\"Achetez Gelato Cookies Weed en ligne sur. Gelato est une vari\u00e9t\u00e9 de cannabis hybride all\u00e9chante de Cookie Fam et Sherbinski. Cookies Gelato \u00e0 vendre\" \/>\n<meta property=\"og:url\" content=\"https:\/\/gooddealersmeds.com\/fr\/product\/cookies-gelato\/\" \/>\n<meta property=\"og:site_name\" content=\"Good Dealers Meds\" \/>\n<meta property=\"article:modified_time\" content=\"2023-01-06T00:33:19+00:00\" \/>\n<meta property=\"og:image\" content=\"https:\/\/gooddealersmeds.com\/fr\/wp-content\/uploads\/sites\/5\/2022\/06\/COOKIES-GELATO.jpg\" \/>\n\t<meta property=\"og:image:width\" content=\"600\" \/>\n\t<meta property=\"og:image:height\" content=\"600\" \/>\n\t<meta property=\"og:image:type\" content=\"image\/jpeg\" \/>\n<meta name=\"twitter:card\" content=\"summary_large_image\" \/>\n<meta name=\"twitter:label1\" content=\"Est. reading time\" \/>\n\t<meta name=\"twitter:data1\" content=\"1 minute\" \/>\n<script type=\"application\/ld+json\" class=\"yoast-schema-graph\">{\"@context\":\"https:\\\/\\\/schema.org\",\"@graph\":[{\"@type\":\"WebPage\",\"@id\":\"https:\\\/\\\/gooddealersmeds.com\\\/fr\\\/product\\\/cookies-gelato\\\/\",\"url\":\"https:\\\/\\\/gooddealersmeds.com\\\/fr\\\/product\\\/cookies-gelato\\\/\",\"name\":\"Cookies Gelato \u00e0 vendre | Meilleur endroit pour acheter de l'herbe\",\"isPartOf\":{\"@id\":\"https:\\\/\\\/gooddealersmeds.com\\\/fr\\\/#website\"},\"primaryImageOfPage\":{\"@id\":\"https:\\\/\\\/gooddealersmeds.com\\\/fr\\\/product\\\/cookies-gelato\\\/#primaryimage\"},\"image\":{\"@id\":\"https:\\\/\\\/gooddealersmeds.com\\\/fr\\\/product\\\/cookies-gelato\\\/#primaryimage\"},\"thumbnailUrl\":\"https:\\\/\\\/gooddealersmeds.com\\\/fr\\\/wp-content\\\/uploads\\\/sites\\\/5\\\/2022\\\/06\\\/COOKIES-GELATO.jpg\",\"datePublished\":\"2022-06-30T00:00:32+00:00\",\"dateModified\":\"2023-01-06T00:33:19+00:00\",\"description\":\"Achetez Gelato Cookies Weed en ligne sur. Gelato est une vari\u00e9t\u00e9 de cannabis hybride all\u00e9chante de Cookie Fam et Sherbinski. Cookies Gelato \u00e0 vendre\",\"breadcrumb\":{\"@id\":\"https:\\\/\\\/gooddealersmeds.com\\\/fr\\\/product\\\/cookies-gelato\\\/#breadcrumb\"},\"inLanguage\":\"en-US\",\"potentialAction\":[{\"@type\":\"ReadAction\",\"target\":[\"https:\\\/\\\/gooddealersmeds.com\\\/fr\\\/product\\\/cookies-gelato\\\/\"]}]},{\"@type\":\"ImageObject\",\"inLanguage\":\"en-US\",\"@id\":\"https:\\\/\\\/gooddealersmeds.com\\\/fr\\\/product\\\/cookies-gelato\\\/#primaryimage\",\"url\":\"https:\\\/\\\/gooddealersmeds.com\\\/fr\\\/wp-content\\\/uploads\\\/sites\\\/5\\\/2022\\\/06\\\/COOKIES-GELATO.jpg\",\"contentUrl\":\"https:\\\/\\\/gooddealersmeds.com\\\/fr\\\/wp-content\\\/uploads\\\/sites\\\/5\\\/2022\\\/06\\\/COOKIES-GELATO.jpg\",\"width\":600,\"height\":600,\"caption\":\"Cookies Gelato\"},{\"@type\":\"BreadcrumbList\",\"@id\":\"https:\\\/\\\/gooddealersmeds.com\\\/fr\\\/product\\\/cookies-gelato\\\/#breadcrumb\",\"itemListElement\":[{\"@type\":\"ListItem\",\"position\":1,\"name\":\"Home\",\"item\":\"https:\\\/\\\/gooddealersmeds.com\\\/fr\\\/\"},{\"@type\":\"ListItem\",\"position\":2,\"name\":\"Des produits\",\"item\":\"https:\\\/\\\/gooddealersmeds.com\\\/fr\\\/des-produits\\\/\"},{\"@type\":\"ListItem\",\"position\":3,\"name\":\"Acheter des Cookies Gelato en ligne\"}]},{\"@type\":\"WebSite\",\"@id\":\"https:\\\/\\\/gooddealersmeds.com\\\/fr\\\/#website\",\"url\":\"https:\\\/\\\/gooddealersmeds.com\\\/fr\\\/\",\"name\":\"Good Dealers Meds\",\"description\":\"All our best\",\"publisher\":{\"@id\":\"https:\\\/\\\/gooddealersmeds.com\\\/fr\\\/#organization\"},\"potentialAction\":[{\"@type\":\"SearchAction\",\"target\":{\"@type\":\"EntryPoint\",\"urlTemplate\":\"https:\\\/\\\/gooddealersmeds.com\\\/fr\\\/?s={search_term_string}\"},\"query-input\":{\"@type\":\"PropertyValueSpecification\",\"valueRequired\":true,\"valueName\":\"search_term_string\"}}],\"inLanguage\":\"en-US\"},{\"@type\":\"Organization\",\"@id\":\"https:\\\/\\\/gooddealersmeds.com\\\/fr\\\/#organization\",\"name\":\"Good Dealers Meds\",\"url\":\"https:\\\/\\\/gooddealersmeds.com\\\/fr\\\/\",\"logo\":{\"@type\":\"ImageObject\",\"inLanguage\":\"en-US\",\"@id\":\"https:\\\/\\\/gooddealersmeds.com\\\/fr\\\/#\\\/schema\\\/logo\\\/image\\\/\",\"url\":\"https:\\\/\\\/gooddealersmeds.com\\\/fr\\\/wp-content\\\/uploads\\\/sites\\\/5\\\/2022\\\/03\\\/gooddealersmeds__logo__20220317T222800Z.00.png\",\"contentUrl\":\"https:\\\/\\\/gooddealersmeds.com\\\/fr\\\/wp-content\\\/uploads\\\/sites\\\/5\\\/2022\\\/03\\\/gooddealersmeds__logo__20220317T222800Z.00.png\",\"width\":500,\"height\":325,\"caption\":\"Good Dealers Meds\"},\"image\":{\"@id\":\"https:\\\/\\\/gooddealersmeds.com\\\/fr\\\/#\\\/schema\\\/logo\\\/image\\\/\"}}]}<\/script>\n<!-- \/ Yoast SEO Premium plugin. -->","yoast_head_json":{"title":"Cookies Gelato \u00e0 vendre | Meilleur endroit pour acheter de l'herbe","description":"Achetez Gelato Cookies Weed en ligne sur. Gelato est une vari\u00e9t\u00e9 de cannabis hybride all\u00e9chante de Cookie Fam et Sherbinski. Cookies Gelato \u00e0 vendre","robots":{"index":"index","follow":"follow","max-snippet":"max-snippet:-1","max-image-preview":"max-image-preview:large","max-video-preview":"max-video-preview:-1"},"canonical":"https:\/\/gooddealersmeds.com\/fr\/product\/cookies-gelato\/","og_locale":"en_US","og_type":"article","og_title":"Acheter des Cookies Gelato en ligne","og_description":"Achetez Gelato Cookies Weed en ligne sur. Gelato est une vari\u00e9t\u00e9 de cannabis hybride all\u00e9chante de Cookie Fam et Sherbinski. Cookies Gelato \u00e0 vendre","og_url":"https:\/\/gooddealersmeds.com\/fr\/product\/cookies-gelato\/","og_site_name":"Good Dealers Meds","article_modified_time":"2023-01-06T00:33:19+00:00","og_image":[{"width":600,"height":600,"url":"https:\/\/gooddealersmeds.com\/fr\/wp-content\/uploads\/sites\/5\/2022\/06\/COOKIES-GELATO.jpg","type":"image\/jpeg"}],"twitter_card":"summary_large_image","twitter_misc":{"Est. reading time":"1 minute"},"schema":{"@context":"https:\/\/schema.org","@graph":[{"@type":"WebPage","@id":"https:\/\/gooddealersmeds.com\/fr\/product\/cookies-gelato\/","url":"https:\/\/gooddealersmeds.com\/fr\/product\/cookies-gelato\/","name":"Cookies Gelato \u00e0 vendre | Meilleur endroit pour acheter de l'herbe","isPartOf":{"@id":"https:\/\/gooddealersmeds.com\/fr\/#website"},"primaryImageOfPage":{"@id":"https:\/\/gooddealersmeds.com\/fr\/product\/cookies-gelato\/#primaryimage"},"image":{"@id":"https:\/\/gooddealersmeds.com\/fr\/product\/cookies-gelato\/#primaryimage"},"thumbnailUrl":"https:\/\/gooddealersmeds.com\/fr\/wp-content\/uploads\/sites\/5\/2022\/06\/COOKIES-GELATO.jpg","datePublished":"2022-06-30T00:00:32+00:00","dateModified":"2023-01-06T00:33:19+00:00","description":"Achetez Gelato Cookies Weed en ligne sur. Gelato est une vari\u00e9t\u00e9 de cannabis hybride all\u00e9chante de Cookie Fam et Sherbinski. Cookies Gelato \u00e0 vendre","breadcrumb":{"@id":"https:\/\/gooddealersmeds.com\/fr\/product\/cookies-gelato\/#breadcrumb"},"inLanguage":"en-US","potentialAction":[{"@type":"ReadAction","target":["https:\/\/gooddealersmeds.com\/fr\/product\/cookies-gelato\/"]}]},{"@type":"ImageObject","inLanguage":"en-US","@id":"https:\/\/gooddealersmeds.com\/fr\/product\/cookies-gelato\/#primaryimage","url":"https:\/\/gooddealersmeds.com\/fr\/wp-content\/uploads\/sites\/5\/2022\/06\/COOKIES-GELATO.jpg","contentUrl":"https:\/\/gooddealersmeds.com\/fr\/wp-content\/uploads\/sites\/5\/2022\/06\/COOKIES-GELATO.jpg","width":600,"height":600,"caption":"Cookies Gelato"},{"@type":"BreadcrumbList","@id":"https:\/\/gooddealersmeds.com\/fr\/product\/cookies-gelato\/#breadcrumb","itemListElement":[{"@type":"ListItem","position":1,"name":"Home","item":"https:\/\/gooddealersmeds.com\/fr\/"},{"@type":"ListItem","position":2,"name":"Des produits","item":"https:\/\/gooddealersmeds.com\/fr\/des-produits\/"},{"@type":"ListItem","position":3,"name":"Acheter des Cookies Gelato en ligne"}]},{"@type":"WebSite","@id":"https:\/\/gooddealersmeds.com\/fr\/#website","url":"https:\/\/gooddealersmeds.com\/fr\/","name":"Good Dealers Meds","description":"All our best","publisher":{"@id":"https:\/\/gooddealersmeds.com\/fr\/#organization"},"potentialAction":[{"@type":"SearchAction","target":{"@type":"EntryPoint","urlTemplate":"https:\/\/gooddealersmeds.com\/fr\/?s={search_term_string}"},"query-input":{"@type":"PropertyValueSpecification","valueRequired":true,"valueName":"search_term_string"}}],"inLanguage":"en-US"},{"@type":"Organization","@id":"https:\/\/gooddealersmeds.com\/fr\/#organization","name":"Good Dealers Meds","url":"https:\/\/gooddealersmeds.com\/fr\/","logo":{"@type":"ImageObject","inLanguage":"en-US","@id":"https:\/\/gooddealersmeds.com\/fr\/#\/schema\/logo\/image\/","url":"https:\/\/gooddealersmeds.com\/fr\/wp-content\/uploads\/sites\/5\/2022\/03\/gooddealersmeds__logo__20220317T222800Z.00.png","contentUrl":"https:\/\/gooddealersmeds.com\/fr\/wp-content\/uploads\/sites\/5\/2022\/03\/gooddealersmeds__logo__20220317T222800Z.00.png","width":500,"height":325,"caption":"Good Dealers Meds"},"image":{"@id":"https:\/\/gooddealersmeds.com\/fr\/#\/schema\/logo\/image\/"}}]}},"_links":{"self":[{"href":"https:\/\/gooddealersmeds.com\/fr\/wp-json\/wp\/v2\/product\/1869","targetHints":{"allow":["GET"]}}],"collection":[{"href":"https:\/\/gooddealersmeds.com\/fr\/wp-json\/wp\/v2\/product"}],"about":[{"href":"https:\/\/gooddealersmeds.com\/fr\/wp-json\/wp\/v2\/types\/product"}],"replies":[{"embeddable":true,"href":"https:\/\/gooddealersmeds.com\/fr\/wp-json\/wp\/v2\/comments?post=1869"}],"wp:featuredmedia":[{"embeddable":true,"href":"https:\/\/gooddealersmeds.com\/fr\/wp-json\/wp\/v2\/media\/1870"}],"wp:attachment":[{"href":"https:\/\/gooddealersmeds.com\/fr\/wp-json\/wp\/v2\/media?parent=1869"}],"wp:term":[{"taxonomy":"product_brand","embeddable":true,"href":"https:\/\/gooddealersmeds.com\/fr\/wp-json\/wp\/v2\/product_brand?post=1869"},{"taxonomy":"product_cat","embeddable":true,"href":"https:\/\/gooddealersmeds.com\/fr\/wp-json\/wp\/v2\/product_cat?post=1869"},{"taxonomy":"product_tag","embeddable":true,"href":"https:\/\/gooddealersmeds.com\/fr\/wp-json\/wp\/v2\/product_tag?post=1869"}],"curies":[{"name":"wp","href":"https:\/\/api.w.org\/{rel}","templated":true}]}}