{"id":1867,"date":"2022-06-29T23:56:03","date_gmt":"2022-06-29T23:56:03","guid":{"rendered":"https:\/\/gooddealersmeds.com\/fr\/?post_type=product&#038;p=1867"},"modified":"2023-01-06T11:31:46","modified_gmt":"2023-01-06T11:31:46","slug":"brume-damnesie","status":"publish","type":"product","link":"https:\/\/gooddealersmeds.com\/fr\/product\/brume-damnesie\/","title":{"rendered":"Acheter Amnesia Haze en ligne"},"content":{"rendered":"<h2>Amnesia Haze \u00e0 vendre en ligne de qualit\u00e9 sup\u00e9rieure<\/h2>\n<p><a href=\"https:\/\/gooddealersmeds.com\/fr\/ product\/amnesia-haze\/\">Amnesia Haze Online<\/a> sont les vari\u00e9t\u00e9s de cannabis de la meilleure qualit\u00e9 et les plus efficaces que vous puissiez trouver. Acheter Amnesia Haze en ligne, C&#8217;est une vari\u00e9t\u00e9 \u00e0 dominance Sativa avec un ar\u00f4me et un go\u00fbt excellents. Le high est tr\u00e8s fort et durera environ 2 heures. Elle a un ratio Sativa\/Indica de 60\/40 avec une teneur en <a href=\"https:\/\/www.leafly.com\/strains\/amnesia-haze\">THC<\/a> de 16 % et une teneur en CBD de 1 %.<\/p>\n<p>Amnesia Haze est une puissante vari\u00e9t\u00e9 Indica au corps entier qui pousse dans une forme touffue et dense . Les bourgeons sont couverts de pistils verts et de poils orange. Les bourgeons ont un fort ar\u00f4me de skunk avec des notes de fruits sucr\u00e9s. La plante est de taille moyenne, avec de longues feuilles vert fonc\u00e9. Les fleurs ont des pistils violets et des poils orange.<\/p>\n<p>Amnesia Haze est un high doux avec des effets qui durent jusqu&#8217;\u00e0 deux heures. Il est id\u00e9al pour se d\u00e9tendre, lire ou regarder des films.<\/p>\n<p>L&#8217;effet monte lentement et s&#8217;accumule avec le temps \u00e0 mesure que sa teneur en THC augmente tout au long de l&#8217;exp\u00e9rience. Les effets c\u00e9r\u00e9braux comprennent une forte euphorie qui peut s&#8217;accompagner de vertiges, de relaxation et de niveaux d&#8217;anxi\u00e9t\u00e9 r\u00e9duits. Les effets corporels incluent un engourdissement des extr\u00e9mit\u00e9s, une bouche s\u00e8che et une forte d\u00e9ficience visuelle, ce qui peut entra\u00eener une mauvaise s\u00e9curit\u00e9 de conduite lors de l&#8217;utilisation de ce produit.<\/p>\n<p><strong>\u00a0<\/strong><\/p>\n<p><strong>Pourquoi acheter Amnesia Haze en ligne <\/strong><\/p>\n<p><strong>\u00a0<\/strong><\/p>\n<p>Lorsque vous \u00eates sur le point d&#8217;acheter du cannabis, il existe de nombreuses raisons pour lesquelles vous devriez acheter amnesia haze en ligne .<\/p>\n<p>Premi\u00e8rement, vous pourrez acc\u00e9der \u00e0 diff\u00e9rentes souches pendant qu&#8217;elles sont encore en stock.<\/p>\n<p>Deuxi\u00e8mement, vous pouvez gagner du temps car il n&#8217;y a pas de p\u00e9riodes d&#8217;attente ou de limites en ce qui concerne acheter des produits en ligne.<\/p>\n<p>Troisi\u00e8mement, si vous voulez acheter des accessoires suppl\u00e9mentaires comme des bangs ou des vaporisateurs, c&#8217;est un autre avantage et enfin, pour beaucoup de gens qui ne vivent pas assez pr\u00e8s, c&#8217;est pas un si gros probl\u00e8me non plus parce que<\/p>\n<p><strong>\u00a0<\/strong><\/p>\n<p><strong>Le meilleur endroit pour acheter Amnesia Haze en ligne<\/strong><\/p>\n<p>Vous \u00eates-vous d\u00e9j\u00e0 demand\u00e9 quel est le meilleur endroit pour acheter Amnesia Haze Online ? Tu n&#8217;es pas seul. Vous pouvez commander Amnesia Haze en ligne aupr\u00e8s de Good Dealers Meds aux meilleurs prix. Passez simplement votre commande chez nous, asseyez-vous et d\u00e9tendez-vous. Vous recevrez votre commande dans les d\u00e9lais promis.<\/p>\n","protected":false},"excerpt":{"rendered":"<p>Apr\u00e8s l&#8217;arriv\u00e9e de la g\u00e9n\u00e9tique Haze en Hollande et la cr\u00e9ation de plusieurs hybrides, un expatri\u00e9 am\u00e9ricain combinera plus tard l&#8217;un de ces hybrides avec un m\u00e2le d\u00e9riv\u00e9 de graines de Haze \u00e0 l&#8217;ancienne, cr\u00e9ant l&#8217;Amnesia Haze.<\/p>\n","protected":false},"featured_media":1868,"comment_status":"open","ping_status":"closed","template":"","meta":{"inline_featured_image":false},"product_brand":[],"product_cat":[348],"product_tag":[350,349,355,356,359,357,358,361,367,363,362,364,365,366,368,351,352,354,353,360],"class_list":{"0":"post-1867","1":"product","2":"type-product","3":"status-publish","4":"has-post-thumbnail","6":"product_cat-marijuana","7":"product_tag-acheter-des-herbes-comestibles-en-ligne","8":"product_tag-best-weed-stock-to-buy","9":"product_tag-comment-acheter-de-lherbe","10":"product_tag-comment-acheter-de-l-herbe-en-allemagne","11":"product_tag-comment-acheter-de-l-herbe-en-ligne","12":"product_tag-comment-acheter-de-l-herbe-en-slovaquie","13":"product_tag-comment-acheter-de-l-herbe-en-slovenie","14":"product_tag-o-acheter-de-lherbe","15":"product_tag-o-acheter-de-l-herbe-au-royaume-uni","16":"product_tag-o-acheter-de-l-herbe-en-allemagne","17":"product_tag-o-acheter-de-l-herbe-en-autriche","18":"product_tag-o-acheter-de-l-herbe-en-pologne","19":"product_tag-o-acheter-de-l-herbe-en-slovaquie","20":"product_tag-o-acheter-de-l-herbe-en-suisse","21":"product_tag-o-acheter-de-l-herbe-prs-de-moi","22":"product_tag-pouvez-vous-acheter-de-lherbe","23":"product_tag-pouvez-vous-acheter-de-l-herbe-en-autriche","24":"product_tag-pouvez-vous-acheter-de-lherbe-en-ligne","25":"product_tag-peut-on-acheter-de-l-herbe-en-suisse","26":"product_tag-stocks-de-mauvaise-herbe-a-acheter","28":"first","29":"instock","30":"shipping-taxable","31":"purchasable","32":"product-type-simple"},"yoast_head":"<!-- This site is optimized with the Yoast SEO Premium plugin v20.6 (Yoast SEO v27.4) - https:\/\/yoast.com\/product\/yoast-seo-premium-wordpress\/ -->\n<title>Acheter Amnesia Haze en ligne | Graines de cannabis<\/title>\n<meta name=\"description\" content=\"Acheter Amnesia Haze en ligne Strain chez Good Dealers Meds et obtenez les meilleurs prix. Le meilleur du chanvre suisse sous un m\u00eame toit. Achetez en ligne maintenant!\" \/>\n<meta name=\"robots\" content=\"index, follow, max-snippet:-1, max-image-preview:large, max-video-preview:-1\" \/>\n<link rel=\"canonical\" href=\"https:\/\/gooddealersmeds.com\/fr\/product\/brume-damnesie\/\" \/>\n<meta property=\"og:locale\" content=\"en_US\" \/>\n<meta property=\"og:type\" content=\"article\" \/>\n<meta property=\"og:title\" content=\"Acheter Amnesia Haze en ligne\" \/>\n<meta property=\"og:description\" content=\"Acheter Amnesia Haze en ligne Strain chez Good Dealers Meds et obtenez les meilleurs prix. Le meilleur du chanvre suisse sous un m\u00eame toit. Achetez en ligne maintenant!\" \/>\n<meta property=\"og:url\" content=\"https:\/\/gooddealersmeds.com\/fr\/product\/brume-damnesie\/\" \/>\n<meta property=\"og:site_name\" content=\"Good Dealers Meds\" \/>\n<meta property=\"article:modified_time\" content=\"2023-01-06T11:31:46+00:00\" \/>\n<meta property=\"og:image\" content=\"https:\/\/gooddealersmeds.com\/fr\/wp-content\/uploads\/sites\/5\/2022\/06\/AMNESIA-HAZE.jpg\" \/>\n\t<meta property=\"og:image:width\" content=\"600\" \/>\n\t<meta property=\"og:image:height\" content=\"600\" \/>\n\t<meta property=\"og:image:type\" content=\"image\/jpeg\" \/>\n<meta name=\"twitter:card\" content=\"summary_large_image\" \/>\n<meta name=\"twitter:label1\" content=\"Est. reading time\" \/>\n\t<meta name=\"twitter:data1\" content=\"2 minutes\" \/>\n<script type=\"application\/ld+json\" class=\"yoast-schema-graph\">{\"@context\":\"https:\\\/\\\/schema.org\",\"@graph\":[{\"@type\":\"WebPage\",\"@id\":\"https:\\\/\\\/gooddealersmeds.com\\\/fr\\\/product\\\/brume-damnesie\\\/\",\"url\":\"https:\\\/\\\/gooddealersmeds.com\\\/fr\\\/product\\\/brume-damnesie\\\/\",\"name\":\"Acheter Amnesia Haze en ligne | Graines de cannabis\",\"isPartOf\":{\"@id\":\"https:\\\/\\\/gooddealersmeds.com\\\/fr\\\/#website\"},\"primaryImageOfPage\":{\"@id\":\"https:\\\/\\\/gooddealersmeds.com\\\/fr\\\/product\\\/brume-damnesie\\\/#primaryimage\"},\"image\":{\"@id\":\"https:\\\/\\\/gooddealersmeds.com\\\/fr\\\/product\\\/brume-damnesie\\\/#primaryimage\"},\"thumbnailUrl\":\"https:\\\/\\\/gooddealersmeds.com\\\/fr\\\/wp-content\\\/uploads\\\/sites\\\/5\\\/2022\\\/06\\\/AMNESIA-HAZE.jpg\",\"datePublished\":\"2022-06-29T23:56:03+00:00\",\"dateModified\":\"2023-01-06T11:31:46+00:00\",\"description\":\"Acheter Amnesia Haze en ligne Strain chez Good Dealers Meds et obtenez les meilleurs prix. Le meilleur du chanvre suisse sous un m\u00eame toit. Achetez en ligne maintenant!\",\"breadcrumb\":{\"@id\":\"https:\\\/\\\/gooddealersmeds.com\\\/fr\\\/product\\\/brume-damnesie\\\/#breadcrumb\"},\"inLanguage\":\"en-US\",\"potentialAction\":[{\"@type\":\"ReadAction\",\"target\":[\"https:\\\/\\\/gooddealersmeds.com\\\/fr\\\/product\\\/brume-damnesie\\\/\"]}]},{\"@type\":\"ImageObject\",\"inLanguage\":\"en-US\",\"@id\":\"https:\\\/\\\/gooddealersmeds.com\\\/fr\\\/product\\\/brume-damnesie\\\/#primaryimage\",\"url\":\"https:\\\/\\\/gooddealersmeds.com\\\/fr\\\/wp-content\\\/uploads\\\/sites\\\/5\\\/2022\\\/06\\\/AMNESIA-HAZE.jpg\",\"contentUrl\":\"https:\\\/\\\/gooddealersmeds.com\\\/fr\\\/wp-content\\\/uploads\\\/sites\\\/5\\\/2022\\\/06\\\/AMNESIA-HAZE.jpg\",\"width\":600,\"height\":600,\"caption\":\"Buy Amnesia Haze\"},{\"@type\":\"BreadcrumbList\",\"@id\":\"https:\\\/\\\/gooddealersmeds.com\\\/fr\\\/product\\\/brume-damnesie\\\/#breadcrumb\",\"itemListElement\":[{\"@type\":\"ListItem\",\"position\":1,\"name\":\"Home\",\"item\":\"https:\\\/\\\/gooddealersmeds.com\\\/fr\\\/\"},{\"@type\":\"ListItem\",\"position\":2,\"name\":\"Des produits\",\"item\":\"https:\\\/\\\/gooddealersmeds.com\\\/fr\\\/des-produits\\\/\"},{\"@type\":\"ListItem\",\"position\":3,\"name\":\"Acheter Amnesia Haze en ligne\"}]},{\"@type\":\"WebSite\",\"@id\":\"https:\\\/\\\/gooddealersmeds.com\\\/fr\\\/#website\",\"url\":\"https:\\\/\\\/gooddealersmeds.com\\\/fr\\\/\",\"name\":\"Good Dealers Meds\",\"description\":\"All our best\",\"publisher\":{\"@id\":\"https:\\\/\\\/gooddealersmeds.com\\\/fr\\\/#organization\"},\"potentialAction\":[{\"@type\":\"SearchAction\",\"target\":{\"@type\":\"EntryPoint\",\"urlTemplate\":\"https:\\\/\\\/gooddealersmeds.com\\\/fr\\\/?s={search_term_string}\"},\"query-input\":{\"@type\":\"PropertyValueSpecification\",\"valueRequired\":true,\"valueName\":\"search_term_string\"}}],\"inLanguage\":\"en-US\"},{\"@type\":\"Organization\",\"@id\":\"https:\\\/\\\/gooddealersmeds.com\\\/fr\\\/#organization\",\"name\":\"Good Dealers Meds\",\"url\":\"https:\\\/\\\/gooddealersmeds.com\\\/fr\\\/\",\"logo\":{\"@type\":\"ImageObject\",\"inLanguage\":\"en-US\",\"@id\":\"https:\\\/\\\/gooddealersmeds.com\\\/fr\\\/#\\\/schema\\\/logo\\\/image\\\/\",\"url\":\"https:\\\/\\\/gooddealersmeds.com\\\/fr\\\/wp-content\\\/uploads\\\/sites\\\/5\\\/2022\\\/03\\\/gooddealersmeds__logo__20220317T222800Z.00.png\",\"contentUrl\":\"https:\\\/\\\/gooddealersmeds.com\\\/fr\\\/wp-content\\\/uploads\\\/sites\\\/5\\\/2022\\\/03\\\/gooddealersmeds__logo__20220317T222800Z.00.png\",\"width\":500,\"height\":325,\"caption\":\"Good Dealers Meds\"},\"image\":{\"@id\":\"https:\\\/\\\/gooddealersmeds.com\\\/fr\\\/#\\\/schema\\\/logo\\\/image\\\/\"}}]}<\/script>\n<!-- \/ Yoast SEO Premium plugin. -->","yoast_head_json":{"title":"Acheter Amnesia Haze en ligne | Graines de cannabis","description":"Acheter Amnesia Haze en ligne Strain chez Good Dealers Meds et obtenez les meilleurs prix. Le meilleur du chanvre suisse sous un m\u00eame toit. Achetez en ligne maintenant!","robots":{"index":"index","follow":"follow","max-snippet":"max-snippet:-1","max-image-preview":"max-image-preview:large","max-video-preview":"max-video-preview:-1"},"canonical":"https:\/\/gooddealersmeds.com\/fr\/product\/brume-damnesie\/","og_locale":"en_US","og_type":"article","og_title":"Acheter Amnesia Haze en ligne","og_description":"Acheter Amnesia Haze en ligne Strain chez Good Dealers Meds et obtenez les meilleurs prix. Le meilleur du chanvre suisse sous un m\u00eame toit. Achetez en ligne maintenant!","og_url":"https:\/\/gooddealersmeds.com\/fr\/product\/brume-damnesie\/","og_site_name":"Good Dealers Meds","article_modified_time":"2023-01-06T11:31:46+00:00","og_image":[{"width":600,"height":600,"url":"https:\/\/gooddealersmeds.com\/fr\/wp-content\/uploads\/sites\/5\/2022\/06\/AMNESIA-HAZE.jpg","type":"image\/jpeg"}],"twitter_card":"summary_large_image","twitter_misc":{"Est. reading time":"2 minutes"},"schema":{"@context":"https:\/\/schema.org","@graph":[{"@type":"WebPage","@id":"https:\/\/gooddealersmeds.com\/fr\/product\/brume-damnesie\/","url":"https:\/\/gooddealersmeds.com\/fr\/product\/brume-damnesie\/","name":"Acheter Amnesia Haze en ligne | Graines de cannabis","isPartOf":{"@id":"https:\/\/gooddealersmeds.com\/fr\/#website"},"primaryImageOfPage":{"@id":"https:\/\/gooddealersmeds.com\/fr\/product\/brume-damnesie\/#primaryimage"},"image":{"@id":"https:\/\/gooddealersmeds.com\/fr\/product\/brume-damnesie\/#primaryimage"},"thumbnailUrl":"https:\/\/gooddealersmeds.com\/fr\/wp-content\/uploads\/sites\/5\/2022\/06\/AMNESIA-HAZE.jpg","datePublished":"2022-06-29T23:56:03+00:00","dateModified":"2023-01-06T11:31:46+00:00","description":"Acheter Amnesia Haze en ligne Strain chez Good Dealers Meds et obtenez les meilleurs prix. Le meilleur du chanvre suisse sous un m\u00eame toit. Achetez en ligne maintenant!","breadcrumb":{"@id":"https:\/\/gooddealersmeds.com\/fr\/product\/brume-damnesie\/#breadcrumb"},"inLanguage":"en-US","potentialAction":[{"@type":"ReadAction","target":["https:\/\/gooddealersmeds.com\/fr\/product\/brume-damnesie\/"]}]},{"@type":"ImageObject","inLanguage":"en-US","@id":"https:\/\/gooddealersmeds.com\/fr\/product\/brume-damnesie\/#primaryimage","url":"https:\/\/gooddealersmeds.com\/fr\/wp-content\/uploads\/sites\/5\/2022\/06\/AMNESIA-HAZE.jpg","contentUrl":"https:\/\/gooddealersmeds.com\/fr\/wp-content\/uploads\/sites\/5\/2022\/06\/AMNESIA-HAZE.jpg","width":600,"height":600,"caption":"Buy Amnesia Haze"},{"@type":"BreadcrumbList","@id":"https:\/\/gooddealersmeds.com\/fr\/product\/brume-damnesie\/#breadcrumb","itemListElement":[{"@type":"ListItem","position":1,"name":"Home","item":"https:\/\/gooddealersmeds.com\/fr\/"},{"@type":"ListItem","position":2,"name":"Des produits","item":"https:\/\/gooddealersmeds.com\/fr\/des-produits\/"},{"@type":"ListItem","position":3,"name":"Acheter Amnesia Haze en ligne"}]},{"@type":"WebSite","@id":"https:\/\/gooddealersmeds.com\/fr\/#website","url":"https:\/\/gooddealersmeds.com\/fr\/","name":"Good Dealers Meds","description":"All our best","publisher":{"@id":"https:\/\/gooddealersmeds.com\/fr\/#organization"},"potentialAction":[{"@type":"SearchAction","target":{"@type":"EntryPoint","urlTemplate":"https:\/\/gooddealersmeds.com\/fr\/?s={search_term_string}"},"query-input":{"@type":"PropertyValueSpecification","valueRequired":true,"valueName":"search_term_string"}}],"inLanguage":"en-US"},{"@type":"Organization","@id":"https:\/\/gooddealersmeds.com\/fr\/#organization","name":"Good Dealers Meds","url":"https:\/\/gooddealersmeds.com\/fr\/","logo":{"@type":"ImageObject","inLanguage":"en-US","@id":"https:\/\/gooddealersmeds.com\/fr\/#\/schema\/logo\/image\/","url":"https:\/\/gooddealersmeds.com\/fr\/wp-content\/uploads\/sites\/5\/2022\/03\/gooddealersmeds__logo__20220317T222800Z.00.png","contentUrl":"https:\/\/gooddealersmeds.com\/fr\/wp-content\/uploads\/sites\/5\/2022\/03\/gooddealersmeds__logo__20220317T222800Z.00.png","width":500,"height":325,"caption":"Good Dealers Meds"},"image":{"@id":"https:\/\/gooddealersmeds.com\/fr\/#\/schema\/logo\/image\/"}}]}},"_links":{"self":[{"href":"https:\/\/gooddealersmeds.com\/fr\/wp-json\/wp\/v2\/product\/1867","targetHints":{"allow":["GET"]}}],"collection":[{"href":"https:\/\/gooddealersmeds.com\/fr\/wp-json\/wp\/v2\/product"}],"about":[{"href":"https:\/\/gooddealersmeds.com\/fr\/wp-json\/wp\/v2\/types\/product"}],"replies":[{"embeddable":true,"href":"https:\/\/gooddealersmeds.com\/fr\/wp-json\/wp\/v2\/comments?post=1867"}],"wp:featuredmedia":[{"embeddable":true,"href":"https:\/\/gooddealersmeds.com\/fr\/wp-json\/wp\/v2\/media\/1868"}],"wp:attachment":[{"href":"https:\/\/gooddealersmeds.com\/fr\/wp-json\/wp\/v2\/media?parent=1867"}],"wp:term":[{"taxonomy":"product_brand","embeddable":true,"href":"https:\/\/gooddealersmeds.com\/fr\/wp-json\/wp\/v2\/product_brand?post=1867"},{"taxonomy":"product_cat","embeddable":true,"href":"https:\/\/gooddealersmeds.com\/fr\/wp-json\/wp\/v2\/product_cat?post=1867"},{"taxonomy":"product_tag","embeddable":true,"href":"https:\/\/gooddealersmeds.com\/fr\/wp-json\/wp\/v2\/product_tag?post=1867"}],"curies":[{"name":"wp","href":"https:\/\/api.w.org\/{rel}","templated":true}]}}