{"id":1833,"date":"2022-06-22T20:57:16","date_gmt":"2022-06-22T20:57:16","guid":{"rendered":"https:\/\/gooddealersmeds.com\/fr\/?post_type=product&#038;p=1833"},"modified":"2023-01-06T12:16:04","modified_gmt":"2023-01-06T12:16:04","slug":"rivotril","status":"publish","type":"product","link":"https:\/\/gooddealersmeds.com\/fr\/product\/rivotril\/","title":{"rendered":"Acheter Rivotril en ligne"},"content":{"rendered":"<h2>Acheter du Rivotril en ligne \u00e0 partir du meilleur<\/h2>\n<p><a href=\"https:\/\/gooddealersmeds.com\/fr\/product\/rivotril\/\">Rivotril<\/a> est un m\u00e9dicament utilis\u00e9 dans le traitement de l&#8217;hypertension art\u00e9rielle. Il est disponible sous forme de comprim\u00e9, de capsule et de comprim\u00e9 \u00e0 lib\u00e9ration prolong\u00e9e. Le m\u00e9dicament appartient au groupe des inhibiteurs calciques. Contrairement \u00e0 d&#8217;autres m\u00e9dicaments pour l&#8217;hypertension art\u00e9rielle, qui d\u00e9tendent les art\u00e8res et r\u00e9duisent la fr\u00e9quence cardiaque, ce m\u00e9dicament bloque les canaux calciques dans le c\u0153ur, entra\u00eenant une augmentation de la fr\u00e9quence cardiaque et de la pression art\u00e9rielle.<\/p>\n<p>&nbsp;<\/p>\n<p>Rivotril est un m\u00e9dicament qui peut \u00eatre utilis\u00e9 pour traiter la d\u00e9pression, l&#8217;anxi\u00e9t\u00e9 et les crises de panique. Il agit en bloquant certains produits chimiques dans le cerveau qui peuvent \u00eatre \u00e0 l&#8217;origine des sympt\u00f4mes. Il est disponible dans une pharmacie en ligne.<\/p>\n<p>Le m\u00e9dicament a \u00e9t\u00e9 approuv\u00e9 par la Food and Drug Administration des \u00c9tats-Unis en 1987 et est devenu disponible sur ordonnance pour traiter la d\u00e9pression et <a href=\"https:\/\/www.apotheken -umschau.de\/medikamente\/beipackzettel\/rivotril-2-mg-tabletten-1874385.html\">troubles anxieux<\/a>. Depuis lors, il a \u00e9galement \u00e9t\u00e9 prescrit pour d&#8217;autres affections telles que le trouble bipolaire et les crises de panique.<\/p>\n<p><strong>\u00a0<\/strong><\/p>\n<p><strong>Pourquoi acheter du Rivotril en ligne\u00a0?<\/strong><\/p>\n<p><strong>\u00a0<\/strong><\/p>\n<p>Les avantages de l&#8217;utilisation de ce m\u00e9dicament incluent\u00a0:<\/p>\n<p>1)\u00a0Il est efficace pour contr\u00f4ler la tension art\u00e9rielle et r\u00e9duire le risque d&#8217;accident vasculaire c\u00e9r\u00e9bral<\/p>\n<p>2)\u00a0Il aide \u00e0 pr\u00e9venir les calculs r\u00e9naux en r\u00e9gulant la miction<\/p>\n<p>3)\u00a0Avec ses effets durables, il peut vous aider \u00e0 mieux dormir et \u00e0 r\u00e9duire la fatigue apr\u00e8s le travail heures<\/p>\n<p>4)\u00a0Il aide \u00e0 pr\u00e9venir les l\u00e9sions r\u00e9nales dues \u00e0 une r\u00e9tention excessive de liquide caus\u00e9e par l&#8217;hypertension art\u00e9rielle<\/p>\n<p><strong>\u00a0<\/strong><\/p>\n<p><strong> Le meilleur endroit pour acheter du Rivotril en ligne<\/strong><\/p>\n<p>De nombreuses pharmacies proposent du Rivotril sur le Web, mais Great Dealers Meds est le meilleur endroit pour trouver ce m\u00e9dicament. Nous offrons des frais importants et un grand nombre de m\u00e9dicaments, dont le Rivotril. Vous pouvez \u00e9galement r\u00e9server Rivotril en ligne via Great Dealers Meds en visitant notre page de boutique en ligne.<\/p>\n","protected":false},"excerpt":{"rendered":"<p>Achetez Rivotril 2mg en ligne, c&#8217;est une benzodiaz\u00e9pine, ce qui signifie qu&#8217;il a un effet calmant sur le cerveau. Il r\u00e9duit les convulsions, l&#8217;anxi\u00e9t\u00e9 et est utilis\u00e9 pour traiter les troubles \u00e9pileptiques. Rivotril ralentit l&#8217;activit\u00e9 des nerfs dans le cerveau, d\u00e9tend les muscles tendus et peut aider en cas de difficult\u00e9 \u00e0 dormir (insomnie). Rivotril 2mg est g\u00e9n\u00e9ralement prescrit pour une courte p\u00e9riode de temps s&#8217;il est utilis\u00e9 pour traiter les troubles du sommeil. Si vous prenez du clonaz\u00e9pam depuis longtemps ou \u00e0 fortes doses, consultez votre m\u00e9decin avant d&#8217;arr\u00eater.<\/p>\n","protected":false},"featured_media":1840,"comment_status":"open","ping_status":"closed","template":"","meta":{"inline_featured_image":false},"product_brand":[],"product_cat":[347],"product_tag":[338,339,340,341],"class_list":{"0":"post-1833","1":"product","2":"type-product","3":"status-publish","4":"has-post-thumbnail","6":"product_cat-analgsique-opiode","7":"product_tag-barbituriques","8":"product_tag-nembutal","9":"product_tag-produits-chimiques-de-recherche","10":"product_tag-trousses-suicide","12":"first","13":"instock","14":"shipping-taxable","15":"purchasable","16":"product-type-variable","17":"has-default-attributes"},"yoast_head":"<!-- This site is optimized with the Yoast SEO Premium plugin v20.6 (Yoast SEO v27.4) - https:\/\/yoast.com\/product\/yoast-seo-premium-wordpress\/ -->\n<title>Acheter Rivotril en ligne (2mg) Clonaz\u00e9pam | Rivotril \u00e0 vendre<\/title>\n<meta name=\"description\" content=\"Acheter Rivotril 2mg en ligne chez Good Dealers Meds. Il est utilis\u00e9 pour traiter les convulsions, l&#039;anxi\u00e9t\u00e9 et est utilis\u00e9 pour traiter les troubles \u00e9pileptiques.\" \/>\n<meta name=\"robots\" content=\"index, follow, max-snippet:-1, max-image-preview:large, max-video-preview:-1\" \/>\n<link rel=\"canonical\" href=\"https:\/\/gooddealersmeds.com\/fr\/product\/rivotril\/\" \/>\n<meta property=\"og:locale\" content=\"en_US\" \/>\n<meta property=\"og:type\" content=\"article\" \/>\n<meta property=\"og:title\" content=\"Acheter Rivotril en ligne\" \/>\n<meta property=\"og:description\" content=\"Acheter Rivotril 2mg en ligne chez Good Dealers Meds. Il est utilis\u00e9 pour traiter les convulsions, l&#039;anxi\u00e9t\u00e9 et est utilis\u00e9 pour traiter les troubles \u00e9pileptiques.\" \/>\n<meta property=\"og:url\" content=\"https:\/\/gooddealersmeds.com\/fr\/product\/rivotril\/\" \/>\n<meta property=\"og:site_name\" content=\"Good Dealers Meds\" \/>\n<meta property=\"article:modified_time\" content=\"2023-01-06T12:16:04+00:00\" \/>\n<meta property=\"og:image\" content=\"https:\/\/gooddealersmeds.com\/fr\/wp-content\/uploads\/sites\/5\/2022\/06\/Rivotril-2mg.webp\" \/>\n\t<meta property=\"og:image:width\" content=\"600\" \/>\n\t<meta property=\"og:image:height\" content=\"600\" \/>\n\t<meta property=\"og:image:type\" content=\"image\/webp\" \/>\n<meta name=\"twitter:card\" content=\"summary_large_image\" \/>\n<meta name=\"twitter:label1\" content=\"Est. reading time\" \/>\n\t<meta name=\"twitter:data1\" content=\"2 minutes\" \/>\n<script type=\"application\/ld+json\" class=\"yoast-schema-graph\">{\"@context\":\"https:\\\/\\\/schema.org\",\"@graph\":[{\"@type\":\"WebPage\",\"@id\":\"https:\\\/\\\/gooddealersmeds.com\\\/fr\\\/product\\\/rivotril\\\/\",\"url\":\"https:\\\/\\\/gooddealersmeds.com\\\/fr\\\/product\\\/rivotril\\\/\",\"name\":\"Acheter Rivotril en ligne (2mg) Clonaz\u00e9pam | Rivotril \u00e0 vendre\",\"isPartOf\":{\"@id\":\"https:\\\/\\\/gooddealersmeds.com\\\/fr\\\/#website\"},\"primaryImageOfPage\":{\"@id\":\"https:\\\/\\\/gooddealersmeds.com\\\/fr\\\/product\\\/rivotril\\\/#primaryimage\"},\"image\":{\"@id\":\"https:\\\/\\\/gooddealersmeds.com\\\/fr\\\/product\\\/rivotril\\\/#primaryimage\"},\"thumbnailUrl\":\"https:\\\/\\\/gooddealersmeds.com\\\/fr\\\/wp-content\\\/uploads\\\/sites\\\/5\\\/2022\\\/06\\\/Rivotril-2mg.webp\",\"datePublished\":\"2022-06-22T20:57:16+00:00\",\"dateModified\":\"2023-01-06T12:16:04+00:00\",\"description\":\"Acheter Rivotril 2mg en ligne chez Good Dealers Meds. Il est utilis\u00e9 pour traiter les convulsions, l'anxi\u00e9t\u00e9 et est utilis\u00e9 pour traiter les troubles \u00e9pileptiques.\",\"breadcrumb\":{\"@id\":\"https:\\\/\\\/gooddealersmeds.com\\\/fr\\\/product\\\/rivotril\\\/#breadcrumb\"},\"inLanguage\":\"en-US\",\"potentialAction\":[{\"@type\":\"ReadAction\",\"target\":[\"https:\\\/\\\/gooddealersmeds.com\\\/fr\\\/product\\\/rivotril\\\/\"]}]},{\"@type\":\"ImageObject\",\"inLanguage\":\"en-US\",\"@id\":\"https:\\\/\\\/gooddealersmeds.com\\\/fr\\\/product\\\/rivotril\\\/#primaryimage\",\"url\":\"https:\\\/\\\/gooddealersmeds.com\\\/fr\\\/wp-content\\\/uploads\\\/sites\\\/5\\\/2022\\\/06\\\/Rivotril-2mg.webp\",\"contentUrl\":\"https:\\\/\\\/gooddealersmeds.com\\\/fr\\\/wp-content\\\/uploads\\\/sites\\\/5\\\/2022\\\/06\\\/Rivotril-2mg.webp\",\"width\":600,\"height\":600,\"caption\":\"Buy Rivotril Online\"},{\"@type\":\"BreadcrumbList\",\"@id\":\"https:\\\/\\\/gooddealersmeds.com\\\/fr\\\/product\\\/rivotril\\\/#breadcrumb\",\"itemListElement\":[{\"@type\":\"ListItem\",\"position\":1,\"name\":\"Home\",\"item\":\"https:\\\/\\\/gooddealersmeds.com\\\/fr\\\/\"},{\"@type\":\"ListItem\",\"position\":2,\"name\":\"Des produits\",\"item\":\"https:\\\/\\\/gooddealersmeds.com\\\/fr\\\/des-produits\\\/\"},{\"@type\":\"ListItem\",\"position\":3,\"name\":\"Acheter Rivotril en ligne\"}]},{\"@type\":\"WebSite\",\"@id\":\"https:\\\/\\\/gooddealersmeds.com\\\/fr\\\/#website\",\"url\":\"https:\\\/\\\/gooddealersmeds.com\\\/fr\\\/\",\"name\":\"Good Dealers Meds\",\"description\":\"All our best\",\"publisher\":{\"@id\":\"https:\\\/\\\/gooddealersmeds.com\\\/fr\\\/#organization\"},\"potentialAction\":[{\"@type\":\"SearchAction\",\"target\":{\"@type\":\"EntryPoint\",\"urlTemplate\":\"https:\\\/\\\/gooddealersmeds.com\\\/fr\\\/?s={search_term_string}\"},\"query-input\":{\"@type\":\"PropertyValueSpecification\",\"valueRequired\":true,\"valueName\":\"search_term_string\"}}],\"inLanguage\":\"en-US\"},{\"@type\":\"Organization\",\"@id\":\"https:\\\/\\\/gooddealersmeds.com\\\/fr\\\/#organization\",\"name\":\"Good Dealers Meds\",\"url\":\"https:\\\/\\\/gooddealersmeds.com\\\/fr\\\/\",\"logo\":{\"@type\":\"ImageObject\",\"inLanguage\":\"en-US\",\"@id\":\"https:\\\/\\\/gooddealersmeds.com\\\/fr\\\/#\\\/schema\\\/logo\\\/image\\\/\",\"url\":\"https:\\\/\\\/gooddealersmeds.com\\\/fr\\\/wp-content\\\/uploads\\\/sites\\\/5\\\/2022\\\/03\\\/gooddealersmeds__logo__20220317T222800Z.00.png\",\"contentUrl\":\"https:\\\/\\\/gooddealersmeds.com\\\/fr\\\/wp-content\\\/uploads\\\/sites\\\/5\\\/2022\\\/03\\\/gooddealersmeds__logo__20220317T222800Z.00.png\",\"width\":500,\"height\":325,\"caption\":\"Good Dealers Meds\"},\"image\":{\"@id\":\"https:\\\/\\\/gooddealersmeds.com\\\/fr\\\/#\\\/schema\\\/logo\\\/image\\\/\"}}]}<\/script>\n<!-- \/ Yoast SEO Premium plugin. -->","yoast_head_json":{"title":"Acheter Rivotril en ligne (2mg) Clonaz\u00e9pam | Rivotril \u00e0 vendre","description":"Acheter Rivotril 2mg en ligne chez Good Dealers Meds. Il est utilis\u00e9 pour traiter les convulsions, l'anxi\u00e9t\u00e9 et est utilis\u00e9 pour traiter les troubles \u00e9pileptiques.","robots":{"index":"index","follow":"follow","max-snippet":"max-snippet:-1","max-image-preview":"max-image-preview:large","max-video-preview":"max-video-preview:-1"},"canonical":"https:\/\/gooddealersmeds.com\/fr\/product\/rivotril\/","og_locale":"en_US","og_type":"article","og_title":"Acheter Rivotril en ligne","og_description":"Acheter Rivotril 2mg en ligne chez Good Dealers Meds. Il est utilis\u00e9 pour traiter les convulsions, l'anxi\u00e9t\u00e9 et est utilis\u00e9 pour traiter les troubles \u00e9pileptiques.","og_url":"https:\/\/gooddealersmeds.com\/fr\/product\/rivotril\/","og_site_name":"Good Dealers Meds","article_modified_time":"2023-01-06T12:16:04+00:00","og_image":[{"width":600,"height":600,"url":"https:\/\/gooddealersmeds.com\/fr\/wp-content\/uploads\/sites\/5\/2022\/06\/Rivotril-2mg.webp","type":"image\/webp"}],"twitter_card":"summary_large_image","twitter_misc":{"Est. reading time":"2 minutes"},"schema":{"@context":"https:\/\/schema.org","@graph":[{"@type":"WebPage","@id":"https:\/\/gooddealersmeds.com\/fr\/product\/rivotril\/","url":"https:\/\/gooddealersmeds.com\/fr\/product\/rivotril\/","name":"Acheter Rivotril en ligne (2mg) Clonaz\u00e9pam | Rivotril \u00e0 vendre","isPartOf":{"@id":"https:\/\/gooddealersmeds.com\/fr\/#website"},"primaryImageOfPage":{"@id":"https:\/\/gooddealersmeds.com\/fr\/product\/rivotril\/#primaryimage"},"image":{"@id":"https:\/\/gooddealersmeds.com\/fr\/product\/rivotril\/#primaryimage"},"thumbnailUrl":"https:\/\/gooddealersmeds.com\/fr\/wp-content\/uploads\/sites\/5\/2022\/06\/Rivotril-2mg.webp","datePublished":"2022-06-22T20:57:16+00:00","dateModified":"2023-01-06T12:16:04+00:00","description":"Acheter Rivotril 2mg en ligne chez Good Dealers Meds. Il est utilis\u00e9 pour traiter les convulsions, l'anxi\u00e9t\u00e9 et est utilis\u00e9 pour traiter les troubles \u00e9pileptiques.","breadcrumb":{"@id":"https:\/\/gooddealersmeds.com\/fr\/product\/rivotril\/#breadcrumb"},"inLanguage":"en-US","potentialAction":[{"@type":"ReadAction","target":["https:\/\/gooddealersmeds.com\/fr\/product\/rivotril\/"]}]},{"@type":"ImageObject","inLanguage":"en-US","@id":"https:\/\/gooddealersmeds.com\/fr\/product\/rivotril\/#primaryimage","url":"https:\/\/gooddealersmeds.com\/fr\/wp-content\/uploads\/sites\/5\/2022\/06\/Rivotril-2mg.webp","contentUrl":"https:\/\/gooddealersmeds.com\/fr\/wp-content\/uploads\/sites\/5\/2022\/06\/Rivotril-2mg.webp","width":600,"height":600,"caption":"Buy Rivotril Online"},{"@type":"BreadcrumbList","@id":"https:\/\/gooddealersmeds.com\/fr\/product\/rivotril\/#breadcrumb","itemListElement":[{"@type":"ListItem","position":1,"name":"Home","item":"https:\/\/gooddealersmeds.com\/fr\/"},{"@type":"ListItem","position":2,"name":"Des produits","item":"https:\/\/gooddealersmeds.com\/fr\/des-produits\/"},{"@type":"ListItem","position":3,"name":"Acheter Rivotril en ligne"}]},{"@type":"WebSite","@id":"https:\/\/gooddealersmeds.com\/fr\/#website","url":"https:\/\/gooddealersmeds.com\/fr\/","name":"Good Dealers Meds","description":"All our best","publisher":{"@id":"https:\/\/gooddealersmeds.com\/fr\/#organization"},"potentialAction":[{"@type":"SearchAction","target":{"@type":"EntryPoint","urlTemplate":"https:\/\/gooddealersmeds.com\/fr\/?s={search_term_string}"},"query-input":{"@type":"PropertyValueSpecification","valueRequired":true,"valueName":"search_term_string"}}],"inLanguage":"en-US"},{"@type":"Organization","@id":"https:\/\/gooddealersmeds.com\/fr\/#organization","name":"Good Dealers Meds","url":"https:\/\/gooddealersmeds.com\/fr\/","logo":{"@type":"ImageObject","inLanguage":"en-US","@id":"https:\/\/gooddealersmeds.com\/fr\/#\/schema\/logo\/image\/","url":"https:\/\/gooddealersmeds.com\/fr\/wp-content\/uploads\/sites\/5\/2022\/03\/gooddealersmeds__logo__20220317T222800Z.00.png","contentUrl":"https:\/\/gooddealersmeds.com\/fr\/wp-content\/uploads\/sites\/5\/2022\/03\/gooddealersmeds__logo__20220317T222800Z.00.png","width":500,"height":325,"caption":"Good Dealers Meds"},"image":{"@id":"https:\/\/gooddealersmeds.com\/fr\/#\/schema\/logo\/image\/"}}]}},"_links":{"self":[{"href":"https:\/\/gooddealersmeds.com\/fr\/wp-json\/wp\/v2\/product\/1833","targetHints":{"allow":["GET"]}}],"collection":[{"href":"https:\/\/gooddealersmeds.com\/fr\/wp-json\/wp\/v2\/product"}],"about":[{"href":"https:\/\/gooddealersmeds.com\/fr\/wp-json\/wp\/v2\/types\/product"}],"replies":[{"embeddable":true,"href":"https:\/\/gooddealersmeds.com\/fr\/wp-json\/wp\/v2\/comments?post=1833"}],"wp:featuredmedia":[{"embeddable":true,"href":"https:\/\/gooddealersmeds.com\/fr\/wp-json\/wp\/v2\/media\/1840"}],"wp:attachment":[{"href":"https:\/\/gooddealersmeds.com\/fr\/wp-json\/wp\/v2\/media?parent=1833"}],"wp:term":[{"taxonomy":"product_brand","embeddable":true,"href":"https:\/\/gooddealersmeds.com\/fr\/wp-json\/wp\/v2\/product_brand?post=1833"},{"taxonomy":"product_cat","embeddable":true,"href":"https:\/\/gooddealersmeds.com\/fr\/wp-json\/wp\/v2\/product_cat?post=1833"},{"taxonomy":"product_tag","embeddable":true,"href":"https:\/\/gooddealersmeds.com\/fr\/wp-json\/wp\/v2\/product_tag?post=1833"}],"curies":[{"name":"wp","href":"https:\/\/api.w.org\/{rel}","templated":true}]}}