{"id":1823,"date":"2022-06-22T20:56:09","date_gmt":"2022-06-22T20:56:09","guid":{"rendered":"https:\/\/gooddealersmeds.com\/fr\/?post_type=product&#038;p=1823"},"modified":"2023-01-06T12:36:56","modified_gmt":"2023-01-06T12:36:56","slug":"pilules-de-nembutal","status":"publish","type":"product","link":"https:\/\/gooddealersmeds.com\/fr\/product\/pilules-de-nembutal\/","title":{"rendered":"Acheter des pilules Nembutal en ligne"},"content":{"rendered":"<h2>Achetez des pilules de Nembutal en ligne en toute s\u00e9curit\u00e9 et en toute discr\u00e9tion<\/h2>\n<p>Les pilules de Nembutal sont un type de <a href=\"https:\/\/fr.wikipedia.org\/wiki\/Pentobarbital\">barbiturique<\/a> utilis\u00e9 pour traiter l&#8217;insomnie et l&#8217;anxi\u00e9t\u00e9 . Le m\u00e9dicament peut \u00e9galement \u00eatre utilis\u00e9 pour d&#8217;autres conditions d\u00e9termin\u00e9es par votre m\u00e9decin. Pilules de Nembutal en ligne<\/p>\n<p>&nbsp;<\/p>\n<p>Les pilules de Nembutal sont disponibles en diff\u00e9rentes concentrations (ou niveaux) selon le m\u00e9dicament que vous prenez. , ce qui les rend plus efficaces que la plupart des autres types de somnif\u00e8res. Ces m\u00e9dicaments agissent en ralentissant l&#8217;activit\u00e9 de votre cerveau, provoquant une somnolence ou un endormissement rapide. Certaines personnes trouvent qu&#8217;elles ne peuvent pas s&#8217;endormir tant qu&#8217;elles n&#8217;ont pas pris ces pilules, tandis que d&#8217;autres trouvent qu&#8217;elles peuvent s&#8217;endormir rapidement et rester endormies toute la nuit avec une seule pilule.<\/p>\n<p>&nbsp;<\/p>\n<p><strong>Pourquoi acheter des pilules de Nembutal en ligne<\/strong><\/p>\n<p>Le Nembutal peut \u00eatre achet\u00e9 en ligne \u00e0 la place d&#8217;une pharmacie locale pour diverses raisons. Tout d&#8217;abord, cela vous co\u00fbtera moins cher que si vous y alliez en personne ; deuxi\u00e8mement, il est pratique de commander en ligne lorsque vous en avez besoin\u00a0; troisi\u00e8mement, cela fait gagner du temps car vous n&#8217;avez pas \u00e0 attendre au comptoir d&#8217;une pharmacie; quatri\u00e8mement, vous pouvez \u00e9conomiser de l&#8217;argent en achetant vos m\u00e9dicaments en ligne au lieu de payer les prix de d\u00e9tail dans les pharmacies tous les mois.<\/p>\n<p>&nbsp;<\/p>\n<p><strong>Le meilleur endroit pour commander<\/strong><strong>Pilules de Nembutal en ligne<\/strong><\/p>\n<p>De nombreuses pharmacies proposent des pilules de Nembutal, mais Good Dealers Meds est le meilleur endroit pour trouver ce m\u00e9dicament. Nous proposons des prix comp\u00e9titifs et une large gamme de m\u00e9dicaments, y compris <a href=\"https:\/\/gooddealersmeds.com\/fr\/product\/nembutal-pills\/\">Nembutal Pills<\/a>. Vous pouvez \u00e9galement r\u00e9server des m\u00e9dicaments rares ici en cliquant sur le bouton &#8220;R\u00e9server maintenant&#8221; ci-dessous.<\/p>\n","protected":false},"excerpt":{"rendered":"<p>Acheter des pilules Nembutal en ligne est un m\u00e9dicament class\u00e9 dans un groupe de m\u00e9dicaments appel\u00e9s\u00a0barbituriques. Il \u00e9tait couramment et largement utilis\u00e9 dans les ann\u00e9es 1940 et 1950 comme somnif\u00e8re ou comme traitement anti-anxi\u00e9t\u00e9 (s\u00e9datif). Bien que les pilules de Nembutal soient utilis\u00e9es pour traiter l&#8217;insomnie, elles sont hautement mortelles en cas de surdosage.<\/p>\n","protected":false},"featured_media":1831,"comment_status":"open","ping_status":"closed","template":"","meta":{"inline_featured_image":false},"product_brand":[],"product_cat":[343],"product_tag":[],"class_list":{"0":"post-1823","1":"product","2":"type-product","3":"status-publish","4":"has-post-thumbnail","6":"product_cat-les-autres","8":"first","9":"instock","10":"shipping-taxable","11":"purchasable","12":"product-type-variable","13":"has-default-attributes"},"yoast_head":"<!-- This site is optimized with the Yoast SEO Premium plugin v20.6 (Yoast SEO v27.3) - https:\/\/yoast.com\/product\/yoast-seo-premium-wordpress\/ -->\n<title>Commandez des pilules de Nembutal en ligne | Dose de Nembutal<\/title>\n<meta name=\"description\" content=\"Commandez des pilules de Nembutal en ligne, nous fournissons du Nembutal (Pentobarbital) de haute qualit\u00e9 aux meilleurs prix. Achetez maintenant et faites-le livrer \u00e0 votre porte.\" \/>\n<meta name=\"robots\" content=\"index, follow, max-snippet:-1, max-image-preview:large, max-video-preview:-1\" \/>\n<link rel=\"canonical\" href=\"https:\/\/gooddealersmeds.com\/fr\/product\/pilules-de-nembutal\/\" \/>\n<meta property=\"og:locale\" content=\"en_US\" \/>\n<meta property=\"og:type\" content=\"article\" \/>\n<meta property=\"og:title\" content=\"Acheter des pilules Nembutal en ligne\" \/>\n<meta property=\"og:description\" content=\"Commandez des pilules de Nembutal en ligne, nous fournissons du Nembutal (Pentobarbital) de haute qualit\u00e9 aux meilleurs prix. Achetez maintenant et faites-le livrer \u00e0 votre porte.\" \/>\n<meta property=\"og:url\" content=\"https:\/\/gooddealersmeds.com\/fr\/product\/pilules-de-nembutal\/\" \/>\n<meta property=\"og:site_name\" content=\"Good Dealers Meds\" \/>\n<meta property=\"article:modified_time\" content=\"2023-01-06T12:36:56+00:00\" \/>\n<meta property=\"og:image\" content=\"https:\/\/gooddealersmeds.com\/fr\/wp-content\/uploads\/sites\/5\/2022\/06\/Nembutal-Pills.webp\" \/>\n\t<meta property=\"og:image:width\" content=\"1200\" \/>\n\t<meta property=\"og:image:height\" content=\"630\" \/>\n\t<meta property=\"og:image:type\" content=\"image\/webp\" \/>\n<meta name=\"twitter:card\" content=\"summary_large_image\" \/>\n<meta name=\"twitter:label1\" content=\"Est. reading time\" \/>\n\t<meta name=\"twitter:data1\" content=\"2 minutes\" \/>\n<script type=\"application\/ld+json\" class=\"yoast-schema-graph\">{\"@context\":\"https:\\\/\\\/schema.org\",\"@graph\":[{\"@type\":\"WebPage\",\"@id\":\"https:\\\/\\\/gooddealersmeds.com\\\/fr\\\/product\\\/pilules-de-nembutal\\\/\",\"url\":\"https:\\\/\\\/gooddealersmeds.com\\\/fr\\\/product\\\/pilules-de-nembutal\\\/\",\"name\":\"Commandez des pilules de Nembutal en ligne | Dose de Nembutal\",\"isPartOf\":{\"@id\":\"https:\\\/\\\/gooddealersmeds.com\\\/fr\\\/#website\"},\"primaryImageOfPage\":{\"@id\":\"https:\\\/\\\/gooddealersmeds.com\\\/fr\\\/product\\\/pilules-de-nembutal\\\/#primaryimage\"},\"image\":{\"@id\":\"https:\\\/\\\/gooddealersmeds.com\\\/fr\\\/product\\\/pilules-de-nembutal\\\/#primaryimage\"},\"thumbnailUrl\":\"https:\\\/\\\/gooddealersmeds.com\\\/fr\\\/wp-content\\\/uploads\\\/sites\\\/5\\\/2022\\\/06\\\/Nembutal-Pills.webp\",\"datePublished\":\"2022-06-22T20:56:09+00:00\",\"dateModified\":\"2023-01-06T12:36:56+00:00\",\"description\":\"Commandez des pilules de Nembutal en ligne, nous fournissons du Nembutal (Pentobarbital) de haute qualit\u00e9 aux meilleurs prix. Achetez maintenant et faites-le livrer \u00e0 votre porte.\",\"breadcrumb\":{\"@id\":\"https:\\\/\\\/gooddealersmeds.com\\\/fr\\\/product\\\/pilules-de-nembutal\\\/#breadcrumb\"},\"inLanguage\":\"en-US\",\"potentialAction\":[{\"@type\":\"ReadAction\",\"target\":[\"https:\\\/\\\/gooddealersmeds.com\\\/fr\\\/product\\\/pilules-de-nembutal\\\/\"]}]},{\"@type\":\"ImageObject\",\"inLanguage\":\"en-US\",\"@id\":\"https:\\\/\\\/gooddealersmeds.com\\\/fr\\\/product\\\/pilules-de-nembutal\\\/#primaryimage\",\"url\":\"https:\\\/\\\/gooddealersmeds.com\\\/fr\\\/wp-content\\\/uploads\\\/sites\\\/5\\\/2022\\\/06\\\/Nembutal-Pills.webp\",\"contentUrl\":\"https:\\\/\\\/gooddealersmeds.com\\\/fr\\\/wp-content\\\/uploads\\\/sites\\\/5\\\/2022\\\/06\\\/Nembutal-Pills.webp\",\"width\":1200,\"height\":630,\"caption\":\"Nembutal Pills Online\"},{\"@type\":\"BreadcrumbList\",\"@id\":\"https:\\\/\\\/gooddealersmeds.com\\\/fr\\\/product\\\/pilules-de-nembutal\\\/#breadcrumb\",\"itemListElement\":[{\"@type\":\"ListItem\",\"position\":1,\"name\":\"Home\",\"item\":\"https:\\\/\\\/gooddealersmeds.com\\\/fr\\\/\"},{\"@type\":\"ListItem\",\"position\":2,\"name\":\"Des produits\",\"item\":\"https:\\\/\\\/gooddealersmeds.com\\\/fr\\\/des-produits\\\/\"},{\"@type\":\"ListItem\",\"position\":3,\"name\":\"Acheter des pilules Nembutal en ligne\"}]},{\"@type\":\"WebSite\",\"@id\":\"https:\\\/\\\/gooddealersmeds.com\\\/fr\\\/#website\",\"url\":\"https:\\\/\\\/gooddealersmeds.com\\\/fr\\\/\",\"name\":\"Good Dealers Meds\",\"description\":\"All our best\",\"publisher\":{\"@id\":\"https:\\\/\\\/gooddealersmeds.com\\\/fr\\\/#organization\"},\"potentialAction\":[{\"@type\":\"SearchAction\",\"target\":{\"@type\":\"EntryPoint\",\"urlTemplate\":\"https:\\\/\\\/gooddealersmeds.com\\\/fr\\\/?s={search_term_string}\"},\"query-input\":{\"@type\":\"PropertyValueSpecification\",\"valueRequired\":true,\"valueName\":\"search_term_string\"}}],\"inLanguage\":\"en-US\"},{\"@type\":\"Organization\",\"@id\":\"https:\\\/\\\/gooddealersmeds.com\\\/fr\\\/#organization\",\"name\":\"Good Dealers Meds\",\"url\":\"https:\\\/\\\/gooddealersmeds.com\\\/fr\\\/\",\"logo\":{\"@type\":\"ImageObject\",\"inLanguage\":\"en-US\",\"@id\":\"https:\\\/\\\/gooddealersmeds.com\\\/fr\\\/#\\\/schema\\\/logo\\\/image\\\/\",\"url\":\"https:\\\/\\\/gooddealersmeds.com\\\/fr\\\/wp-content\\\/uploads\\\/sites\\\/5\\\/2022\\\/03\\\/gooddealersmeds__logo__20220317T222800Z.00.png\",\"contentUrl\":\"https:\\\/\\\/gooddealersmeds.com\\\/fr\\\/wp-content\\\/uploads\\\/sites\\\/5\\\/2022\\\/03\\\/gooddealersmeds__logo__20220317T222800Z.00.png\",\"width\":500,\"height\":325,\"caption\":\"Good Dealers Meds\"},\"image\":{\"@id\":\"https:\\\/\\\/gooddealersmeds.com\\\/fr\\\/#\\\/schema\\\/logo\\\/image\\\/\"}}]}<\/script>\n<!-- \/ Yoast SEO Premium plugin. -->","yoast_head_json":{"title":"Commandez des pilules de Nembutal en ligne | Dose de Nembutal","description":"Commandez des pilules de Nembutal en ligne, nous fournissons du Nembutal (Pentobarbital) de haute qualit\u00e9 aux meilleurs prix. Achetez maintenant et faites-le livrer \u00e0 votre porte.","robots":{"index":"index","follow":"follow","max-snippet":"max-snippet:-1","max-image-preview":"max-image-preview:large","max-video-preview":"max-video-preview:-1"},"canonical":"https:\/\/gooddealersmeds.com\/fr\/product\/pilules-de-nembutal\/","og_locale":"en_US","og_type":"article","og_title":"Acheter des pilules Nembutal en ligne","og_description":"Commandez des pilules de Nembutal en ligne, nous fournissons du Nembutal (Pentobarbital) de haute qualit\u00e9 aux meilleurs prix. Achetez maintenant et faites-le livrer \u00e0 votre porte.","og_url":"https:\/\/gooddealersmeds.com\/fr\/product\/pilules-de-nembutal\/","og_site_name":"Good Dealers Meds","article_modified_time":"2023-01-06T12:36:56+00:00","og_image":[{"width":1200,"height":630,"url":"https:\/\/gooddealersmeds.com\/fr\/wp-content\/uploads\/sites\/5\/2022\/06\/Nembutal-Pills.webp","type":"image\/webp"}],"twitter_card":"summary_large_image","twitter_misc":{"Est. reading time":"2 minutes"},"schema":{"@context":"https:\/\/schema.org","@graph":[{"@type":"WebPage","@id":"https:\/\/gooddealersmeds.com\/fr\/product\/pilules-de-nembutal\/","url":"https:\/\/gooddealersmeds.com\/fr\/product\/pilules-de-nembutal\/","name":"Commandez des pilules de Nembutal en ligne | Dose de Nembutal","isPartOf":{"@id":"https:\/\/gooddealersmeds.com\/fr\/#website"},"primaryImageOfPage":{"@id":"https:\/\/gooddealersmeds.com\/fr\/product\/pilules-de-nembutal\/#primaryimage"},"image":{"@id":"https:\/\/gooddealersmeds.com\/fr\/product\/pilules-de-nembutal\/#primaryimage"},"thumbnailUrl":"https:\/\/gooddealersmeds.com\/fr\/wp-content\/uploads\/sites\/5\/2022\/06\/Nembutal-Pills.webp","datePublished":"2022-06-22T20:56:09+00:00","dateModified":"2023-01-06T12:36:56+00:00","description":"Commandez des pilules de Nembutal en ligne, nous fournissons du Nembutal (Pentobarbital) de haute qualit\u00e9 aux meilleurs prix. Achetez maintenant et faites-le livrer \u00e0 votre porte.","breadcrumb":{"@id":"https:\/\/gooddealersmeds.com\/fr\/product\/pilules-de-nembutal\/#breadcrumb"},"inLanguage":"en-US","potentialAction":[{"@type":"ReadAction","target":["https:\/\/gooddealersmeds.com\/fr\/product\/pilules-de-nembutal\/"]}]},{"@type":"ImageObject","inLanguage":"en-US","@id":"https:\/\/gooddealersmeds.com\/fr\/product\/pilules-de-nembutal\/#primaryimage","url":"https:\/\/gooddealersmeds.com\/fr\/wp-content\/uploads\/sites\/5\/2022\/06\/Nembutal-Pills.webp","contentUrl":"https:\/\/gooddealersmeds.com\/fr\/wp-content\/uploads\/sites\/5\/2022\/06\/Nembutal-Pills.webp","width":1200,"height":630,"caption":"Nembutal Pills Online"},{"@type":"BreadcrumbList","@id":"https:\/\/gooddealersmeds.com\/fr\/product\/pilules-de-nembutal\/#breadcrumb","itemListElement":[{"@type":"ListItem","position":1,"name":"Home","item":"https:\/\/gooddealersmeds.com\/fr\/"},{"@type":"ListItem","position":2,"name":"Des produits","item":"https:\/\/gooddealersmeds.com\/fr\/des-produits\/"},{"@type":"ListItem","position":3,"name":"Acheter des pilules Nembutal en ligne"}]},{"@type":"WebSite","@id":"https:\/\/gooddealersmeds.com\/fr\/#website","url":"https:\/\/gooddealersmeds.com\/fr\/","name":"Good Dealers Meds","description":"All our best","publisher":{"@id":"https:\/\/gooddealersmeds.com\/fr\/#organization"},"potentialAction":[{"@type":"SearchAction","target":{"@type":"EntryPoint","urlTemplate":"https:\/\/gooddealersmeds.com\/fr\/?s={search_term_string}"},"query-input":{"@type":"PropertyValueSpecification","valueRequired":true,"valueName":"search_term_string"}}],"inLanguage":"en-US"},{"@type":"Organization","@id":"https:\/\/gooddealersmeds.com\/fr\/#organization","name":"Good Dealers Meds","url":"https:\/\/gooddealersmeds.com\/fr\/","logo":{"@type":"ImageObject","inLanguage":"en-US","@id":"https:\/\/gooddealersmeds.com\/fr\/#\/schema\/logo\/image\/","url":"https:\/\/gooddealersmeds.com\/fr\/wp-content\/uploads\/sites\/5\/2022\/03\/gooddealersmeds__logo__20220317T222800Z.00.png","contentUrl":"https:\/\/gooddealersmeds.com\/fr\/wp-content\/uploads\/sites\/5\/2022\/03\/gooddealersmeds__logo__20220317T222800Z.00.png","width":500,"height":325,"caption":"Good Dealers Meds"},"image":{"@id":"https:\/\/gooddealersmeds.com\/fr\/#\/schema\/logo\/image\/"}}]}},"_links":{"self":[{"href":"https:\/\/gooddealersmeds.com\/fr\/wp-json\/wp\/v2\/product\/1823","targetHints":{"allow":["GET"]}}],"collection":[{"href":"https:\/\/gooddealersmeds.com\/fr\/wp-json\/wp\/v2\/product"}],"about":[{"href":"https:\/\/gooddealersmeds.com\/fr\/wp-json\/wp\/v2\/types\/product"}],"replies":[{"embeddable":true,"href":"https:\/\/gooddealersmeds.com\/fr\/wp-json\/wp\/v2\/comments?post=1823"}],"wp:featuredmedia":[{"embeddable":true,"href":"https:\/\/gooddealersmeds.com\/fr\/wp-json\/wp\/v2\/media\/1831"}],"wp:attachment":[{"href":"https:\/\/gooddealersmeds.com\/fr\/wp-json\/wp\/v2\/media?parent=1823"}],"wp:term":[{"taxonomy":"product_brand","embeddable":true,"href":"https:\/\/gooddealersmeds.com\/fr\/wp-json\/wp\/v2\/product_brand?post=1823"},{"taxonomy":"product_cat","embeddable":true,"href":"https:\/\/gooddealersmeds.com\/fr\/wp-json\/wp\/v2\/product_cat?post=1823"},{"taxonomy":"product_tag","embeddable":true,"href":"https:\/\/gooddealersmeds.com\/fr\/wp-json\/wp\/v2\/product_tag?post=1823"}],"curies":[{"name":"wp","href":"https:\/\/api.w.org\/{rel}","templated":true}]}}