{"id":1818,"date":"2022-06-22T20:49:15","date_gmt":"2022-06-22T20:49:15","guid":{"rendered":"https:\/\/gooddealersmeds.com\/fr\/?post_type=product&#038;p=1818"},"modified":"2023-01-06T12:46:37","modified_gmt":"2023-01-06T12:46:37","slug":"nembutal-oral-liquide","status":"publish","type":"product","link":"https:\/\/gooddealersmeds.com\/fr\/product\/nembutal-oral-liquide\/","title":{"rendered":"Acheter Nembutal Liquide Oral"},"content":{"rendered":"<h2>O\u00f9 obtenir Nembutal Oral Liquid en ligne aupr\u00e8s de la pharmacie professionnelle<\/h2>\n<p>Acheter Nembutal Liquide Oral, le Nembutal liquide a \u00e9t\u00e9 l&#8217;un des principaux facteurs pour lesquels les gens optent pour le Nembutal Pentobarbital \u00e0 usage oral.<\/p>\n<p>Le Nembutal Liquid Phenobarbital (nom commercial\u00a0: Nembutal) est un m\u00e9dicament barbiturique. Il est couramment utilis\u00e9 comme m\u00e9dicament s\u00e9datif ou anti-anxi\u00e9t\u00e9. Contrairement aux somnif\u00e8res modernes, le Nembutal est extr\u00eamement mortel en cas de surdosage.<\/p>\n<p>Le pentobarbital (Nembutal) est un barbiturique. Les barbituriques sont des acides faibles qui sont rapidement absorb\u00e9s et distribu\u00e9s dans tout le corps, avec des concentrations \u00e9lev\u00e9es dans le cerveau, le foie et les reins. La solubilit\u00e9 des lipides des barbituriques est le facteur le plus important de leur distribution dans l&#8217;organisme. Plus le barbiturique est liposoluble, plus il p\u00e9n\u00e8tre rapidement dans tous les tissus de l&#8217;organisme. Il r\u00e9duit l&#8217;activit\u00e9 du cerveau et du syst\u00e8me nerveux. Il est utilis\u00e9 comme s\u00e9datif \u00e0 court terme pour traiter l&#8217;insomnie ou pour vous endormir avant une intervention chirurgicale. Le pentobarbital est \u00e9galement utilis\u00e9 comme traitement d&#8217;urgence contre les crises.<\/p>\n<p><strong>Qu&#8217;est-ce que le liquide oral Nembutal et comment est-il utilis\u00e9?<\/strong><\/p>\n<p>Apr\u00e8s avoir re\u00e7u du pentobarbital en milieu hospitalier, votre respiration, votre tension art\u00e9rielle, votre taux d&#8217;oxyg\u00e8ne, votre fonction r\u00e9nale et d&#8217;autres signes vitaux seront \u00e9troitement surveill\u00e9s. Si le pentobarbital a chang\u00e9 de couleur ou contient des particules, ne l&#8217;utilisez pas. Pour tout nouveau m\u00e9dicament, contactez votre pharmacien.<\/p>\n<p>Si vous utilisez ce m\u00e9dicament \u00e0 long terme, vous devrez peut-\u00eatre effectuer des tests m\u00e9dicaux fr\u00e9quents. N&#8217;arr\u00eatez pas d&#8217;utiliser ce m\u00e9dicament soudainement apr\u00e8s une utilisation \u00e0 long terme, ou vous pourriez avoir des sympt\u00f4mes de sevrage d\u00e9sagr\u00e9ables. Demandez \u00e0 votre m\u00e9decin comment arr\u00eater d&#8217;utiliser le pentobarbital en toute s\u00e9curit\u00e9.<\/p>\n<ul>\n<li>Conserver \u00e0 temp\u00e9rature ambiante, \u00e0 l&#8217;abri de l&#8217;humidit\u00e9 et de la chaleur.<\/li>\n<li>Ne pas congeler<\/li>\n<\/ul>\n<p><strong>Nembutal Oral Liquide pour l&#8217;euthanasie<\/strong><\/p>\n<p>Les barbituriques doivent \u00eatre utilis\u00e9s avec prudence chez les patients souffrant de douleur aigu\u00eb ou chronique, car une excitation paradoxale ou le masquage de sympt\u00f4mes importants peuvent survenir. Les barbituriques, en revanche, sont utilis\u00e9s depuis longtemps comme s\u00e9datifs dans la p\u00e9riode chirurgicale postop\u00e9ratoire et comme compl\u00e9ments \u00e0 la chimioth\u00e9rapie anticanc\u00e9reuse. Acheter Nembutal Liquide Oral<\/p>\n<p>Vous pouvez <a href=\"https:\/\/gooddealersmeds.com\/fr \/product\/nembutal-oral-liquid\/\">achetez du Nembutal liquide oral<\/a> sur notre boutique en ligne avec une livraison s\u00e9curis\u00e9e.<\/p>\n","protected":false},"excerpt":{"rendered":"<p>Achetez du pentobarbital en ligne, sous le nom de marque Nembutal, le pentobarbital sodique est disponible sous forme de solution buvable \u00e0 prendre par voie orale. Il peut \u00eatre administr\u00e9 par des professionnels form\u00e9s dans les h\u00f4pitaux et les cliniques, ou \u00e0 domicile. Il a pour effet secondaire de rendre somnolent, mais ne devrait pas entra\u00eener de perte de m\u00e9moire ou de perte de m\u00e9moire. Ce produit ne doit \u00eatre utilis\u00e9 que sous la supervision directe d&#8217;un professionnel de la sant\u00e9.<\/p>\n","protected":false},"featured_media":1822,"comment_status":"open","ping_status":"closed","template":"","meta":{"inline_featured_image":false},"product_brand":[],"product_cat":[343],"product_tag":[],"class_list":{"0":"post-1818","1":"product","2":"type-product","3":"status-publish","4":"has-post-thumbnail","6":"product_cat-les-autres","8":"first","9":"instock","10":"shipping-taxable","11":"purchasable","12":"product-type-variable","13":"has-default-attributes"},"yoast_head":"<!-- This site is optimized with the Yoast SEO Premium plugin v20.6 (Yoast SEO v27.4) - https:\/\/yoast.com\/product\/yoast-seo-premium-wordpress\/ -->\n<title>Acheter Nembutal Liquide Oral (Pentobarbital) | Good Dealers Meds<\/title>\n<meta name=\"description\" content=\"Acheter Nembutal Liquide Oral (Pentobarbital Sodium), un barbiturique qui agit comme un d\u00e9presseur ou un s\u00e9datif, utilis\u00e9 \u00e0 court terme pour traiter l&#039;insomnie.\" \/>\n<meta name=\"robots\" content=\"index, follow, max-snippet:-1, max-image-preview:large, max-video-preview:-1\" \/>\n<link rel=\"canonical\" href=\"https:\/\/gooddealersmeds.com\/fr\/product\/nembutal-oral-liquide\/\" \/>\n<meta property=\"og:locale\" content=\"en_US\" \/>\n<meta property=\"og:type\" content=\"article\" \/>\n<meta property=\"og:title\" content=\"Acheter Nembutal Liquide Oral\" \/>\n<meta property=\"og:description\" content=\"Acheter Nembutal Liquide Oral (Pentobarbital Sodium), un barbiturique qui agit comme un d\u00e9presseur ou un s\u00e9datif, utilis\u00e9 \u00e0 court terme pour traiter l&#039;insomnie.\" \/>\n<meta property=\"og:url\" content=\"https:\/\/gooddealersmeds.com\/fr\/product\/nembutal-oral-liquide\/\" \/>\n<meta property=\"og:site_name\" content=\"Good Dealers Meds\" \/>\n<meta property=\"article:modified_time\" content=\"2023-01-06T12:46:37+00:00\" \/>\n<meta property=\"og:image\" content=\"https:\/\/gooddealersmeds.com\/fr\/wp-content\/uploads\/sites\/5\/2022\/06\/Buy-Nembutal-oral-Liquid.webp\" \/>\n\t<meta property=\"og:image:width\" content=\"600\" \/>\n\t<meta property=\"og:image:height\" content=\"600\" \/>\n\t<meta property=\"og:image:type\" content=\"image\/webp\" \/>\n<meta name=\"twitter:card\" content=\"summary_large_image\" \/>\n<meta name=\"twitter:label1\" content=\"Est. reading time\" \/>\n\t<meta name=\"twitter:data1\" content=\"2 minutes\" \/>\n<script type=\"application\/ld+json\" class=\"yoast-schema-graph\">{\"@context\":\"https:\\\/\\\/schema.org\",\"@graph\":[{\"@type\":\"WebPage\",\"@id\":\"https:\\\/\\\/gooddealersmeds.com\\\/fr\\\/product\\\/nembutal-oral-liquide\\\/\",\"url\":\"https:\\\/\\\/gooddealersmeds.com\\\/fr\\\/product\\\/nembutal-oral-liquide\\\/\",\"name\":\"Acheter Nembutal Liquide Oral (Pentobarbital) | Good Dealers Meds\",\"isPartOf\":{\"@id\":\"https:\\\/\\\/gooddealersmeds.com\\\/fr\\\/#website\"},\"primaryImageOfPage\":{\"@id\":\"https:\\\/\\\/gooddealersmeds.com\\\/fr\\\/product\\\/nembutal-oral-liquide\\\/#primaryimage\"},\"image\":{\"@id\":\"https:\\\/\\\/gooddealersmeds.com\\\/fr\\\/product\\\/nembutal-oral-liquide\\\/#primaryimage\"},\"thumbnailUrl\":\"https:\\\/\\\/gooddealersmeds.com\\\/fr\\\/wp-content\\\/uploads\\\/sites\\\/5\\\/2022\\\/06\\\/Buy-Nembutal-oral-Liquid.webp\",\"datePublished\":\"2022-06-22T20:49:15+00:00\",\"dateModified\":\"2023-01-06T12:46:37+00:00\",\"description\":\"Acheter Nembutal Liquide Oral (Pentobarbital Sodium), un barbiturique qui agit comme un d\u00e9presseur ou un s\u00e9datif, utilis\u00e9 \u00e0 court terme pour traiter l'insomnie.\",\"breadcrumb\":{\"@id\":\"https:\\\/\\\/gooddealersmeds.com\\\/fr\\\/product\\\/nembutal-oral-liquide\\\/#breadcrumb\"},\"inLanguage\":\"en-US\",\"potentialAction\":[{\"@type\":\"ReadAction\",\"target\":[\"https:\\\/\\\/gooddealersmeds.com\\\/fr\\\/product\\\/nembutal-oral-liquide\\\/\"]}]},{\"@type\":\"ImageObject\",\"inLanguage\":\"en-US\",\"@id\":\"https:\\\/\\\/gooddealersmeds.com\\\/fr\\\/product\\\/nembutal-oral-liquide\\\/#primaryimage\",\"url\":\"https:\\\/\\\/gooddealersmeds.com\\\/fr\\\/wp-content\\\/uploads\\\/sites\\\/5\\\/2022\\\/06\\\/Buy-Nembutal-oral-Liquid.webp\",\"contentUrl\":\"https:\\\/\\\/gooddealersmeds.com\\\/fr\\\/wp-content\\\/uploads\\\/sites\\\/5\\\/2022\\\/06\\\/Buy-Nembutal-oral-Liquid.webp\",\"width\":600,\"height\":600,\"caption\":\"Buy Nembutal Oral Liquid\"},{\"@type\":\"BreadcrumbList\",\"@id\":\"https:\\\/\\\/gooddealersmeds.com\\\/fr\\\/product\\\/nembutal-oral-liquide\\\/#breadcrumb\",\"itemListElement\":[{\"@type\":\"ListItem\",\"position\":1,\"name\":\"Home\",\"item\":\"https:\\\/\\\/gooddealersmeds.com\\\/fr\\\/\"},{\"@type\":\"ListItem\",\"position\":2,\"name\":\"Des produits\",\"item\":\"https:\\\/\\\/gooddealersmeds.com\\\/fr\\\/des-produits\\\/\"},{\"@type\":\"ListItem\",\"position\":3,\"name\":\"Acheter Nembutal Liquide Oral\"}]},{\"@type\":\"WebSite\",\"@id\":\"https:\\\/\\\/gooddealersmeds.com\\\/fr\\\/#website\",\"url\":\"https:\\\/\\\/gooddealersmeds.com\\\/fr\\\/\",\"name\":\"Good Dealers Meds\",\"description\":\"All our best\",\"publisher\":{\"@id\":\"https:\\\/\\\/gooddealersmeds.com\\\/fr\\\/#organization\"},\"potentialAction\":[{\"@type\":\"SearchAction\",\"target\":{\"@type\":\"EntryPoint\",\"urlTemplate\":\"https:\\\/\\\/gooddealersmeds.com\\\/fr\\\/?s={search_term_string}\"},\"query-input\":{\"@type\":\"PropertyValueSpecification\",\"valueRequired\":true,\"valueName\":\"search_term_string\"}}],\"inLanguage\":\"en-US\"},{\"@type\":\"Organization\",\"@id\":\"https:\\\/\\\/gooddealersmeds.com\\\/fr\\\/#organization\",\"name\":\"Good Dealers Meds\",\"url\":\"https:\\\/\\\/gooddealersmeds.com\\\/fr\\\/\",\"logo\":{\"@type\":\"ImageObject\",\"inLanguage\":\"en-US\",\"@id\":\"https:\\\/\\\/gooddealersmeds.com\\\/fr\\\/#\\\/schema\\\/logo\\\/image\\\/\",\"url\":\"https:\\\/\\\/gooddealersmeds.com\\\/fr\\\/wp-content\\\/uploads\\\/sites\\\/5\\\/2022\\\/03\\\/gooddealersmeds__logo__20220317T222800Z.00.png\",\"contentUrl\":\"https:\\\/\\\/gooddealersmeds.com\\\/fr\\\/wp-content\\\/uploads\\\/sites\\\/5\\\/2022\\\/03\\\/gooddealersmeds__logo__20220317T222800Z.00.png\",\"width\":500,\"height\":325,\"caption\":\"Good Dealers Meds\"},\"image\":{\"@id\":\"https:\\\/\\\/gooddealersmeds.com\\\/fr\\\/#\\\/schema\\\/logo\\\/image\\\/\"}}]}<\/script>\n<!-- \/ Yoast SEO Premium plugin. -->","yoast_head_json":{"title":"Acheter Nembutal Liquide Oral (Pentobarbital) | Good Dealers Meds","description":"Acheter Nembutal Liquide Oral (Pentobarbital Sodium), un barbiturique qui agit comme un d\u00e9presseur ou un s\u00e9datif, utilis\u00e9 \u00e0 court terme pour traiter l'insomnie.","robots":{"index":"index","follow":"follow","max-snippet":"max-snippet:-1","max-image-preview":"max-image-preview:large","max-video-preview":"max-video-preview:-1"},"canonical":"https:\/\/gooddealersmeds.com\/fr\/product\/nembutal-oral-liquide\/","og_locale":"en_US","og_type":"article","og_title":"Acheter Nembutal Liquide Oral","og_description":"Acheter Nembutal Liquide Oral (Pentobarbital Sodium), un barbiturique qui agit comme un d\u00e9presseur ou un s\u00e9datif, utilis\u00e9 \u00e0 court terme pour traiter l'insomnie.","og_url":"https:\/\/gooddealersmeds.com\/fr\/product\/nembutal-oral-liquide\/","og_site_name":"Good Dealers Meds","article_modified_time":"2023-01-06T12:46:37+00:00","og_image":[{"width":600,"height":600,"url":"https:\/\/gooddealersmeds.com\/fr\/wp-content\/uploads\/sites\/5\/2022\/06\/Buy-Nembutal-oral-Liquid.webp","type":"image\/webp"}],"twitter_card":"summary_large_image","twitter_misc":{"Est. reading time":"2 minutes"},"schema":{"@context":"https:\/\/schema.org","@graph":[{"@type":"WebPage","@id":"https:\/\/gooddealersmeds.com\/fr\/product\/nembutal-oral-liquide\/","url":"https:\/\/gooddealersmeds.com\/fr\/product\/nembutal-oral-liquide\/","name":"Acheter Nembutal Liquide Oral (Pentobarbital) | Good Dealers Meds","isPartOf":{"@id":"https:\/\/gooddealersmeds.com\/fr\/#website"},"primaryImageOfPage":{"@id":"https:\/\/gooddealersmeds.com\/fr\/product\/nembutal-oral-liquide\/#primaryimage"},"image":{"@id":"https:\/\/gooddealersmeds.com\/fr\/product\/nembutal-oral-liquide\/#primaryimage"},"thumbnailUrl":"https:\/\/gooddealersmeds.com\/fr\/wp-content\/uploads\/sites\/5\/2022\/06\/Buy-Nembutal-oral-Liquid.webp","datePublished":"2022-06-22T20:49:15+00:00","dateModified":"2023-01-06T12:46:37+00:00","description":"Acheter Nembutal Liquide Oral (Pentobarbital Sodium), un barbiturique qui agit comme un d\u00e9presseur ou un s\u00e9datif, utilis\u00e9 \u00e0 court terme pour traiter l'insomnie.","breadcrumb":{"@id":"https:\/\/gooddealersmeds.com\/fr\/product\/nembutal-oral-liquide\/#breadcrumb"},"inLanguage":"en-US","potentialAction":[{"@type":"ReadAction","target":["https:\/\/gooddealersmeds.com\/fr\/product\/nembutal-oral-liquide\/"]}]},{"@type":"ImageObject","inLanguage":"en-US","@id":"https:\/\/gooddealersmeds.com\/fr\/product\/nembutal-oral-liquide\/#primaryimage","url":"https:\/\/gooddealersmeds.com\/fr\/wp-content\/uploads\/sites\/5\/2022\/06\/Buy-Nembutal-oral-Liquid.webp","contentUrl":"https:\/\/gooddealersmeds.com\/fr\/wp-content\/uploads\/sites\/5\/2022\/06\/Buy-Nembutal-oral-Liquid.webp","width":600,"height":600,"caption":"Buy Nembutal Oral Liquid"},{"@type":"BreadcrumbList","@id":"https:\/\/gooddealersmeds.com\/fr\/product\/nembutal-oral-liquide\/#breadcrumb","itemListElement":[{"@type":"ListItem","position":1,"name":"Home","item":"https:\/\/gooddealersmeds.com\/fr\/"},{"@type":"ListItem","position":2,"name":"Des produits","item":"https:\/\/gooddealersmeds.com\/fr\/des-produits\/"},{"@type":"ListItem","position":3,"name":"Acheter Nembutal Liquide Oral"}]},{"@type":"WebSite","@id":"https:\/\/gooddealersmeds.com\/fr\/#website","url":"https:\/\/gooddealersmeds.com\/fr\/","name":"Good Dealers Meds","description":"All our best","publisher":{"@id":"https:\/\/gooddealersmeds.com\/fr\/#organization"},"potentialAction":[{"@type":"SearchAction","target":{"@type":"EntryPoint","urlTemplate":"https:\/\/gooddealersmeds.com\/fr\/?s={search_term_string}"},"query-input":{"@type":"PropertyValueSpecification","valueRequired":true,"valueName":"search_term_string"}}],"inLanguage":"en-US"},{"@type":"Organization","@id":"https:\/\/gooddealersmeds.com\/fr\/#organization","name":"Good Dealers Meds","url":"https:\/\/gooddealersmeds.com\/fr\/","logo":{"@type":"ImageObject","inLanguage":"en-US","@id":"https:\/\/gooddealersmeds.com\/fr\/#\/schema\/logo\/image\/","url":"https:\/\/gooddealersmeds.com\/fr\/wp-content\/uploads\/sites\/5\/2022\/03\/gooddealersmeds__logo__20220317T222800Z.00.png","contentUrl":"https:\/\/gooddealersmeds.com\/fr\/wp-content\/uploads\/sites\/5\/2022\/03\/gooddealersmeds__logo__20220317T222800Z.00.png","width":500,"height":325,"caption":"Good Dealers Meds"},"image":{"@id":"https:\/\/gooddealersmeds.com\/fr\/#\/schema\/logo\/image\/"}}]}},"_links":{"self":[{"href":"https:\/\/gooddealersmeds.com\/fr\/wp-json\/wp\/v2\/product\/1818","targetHints":{"allow":["GET"]}}],"collection":[{"href":"https:\/\/gooddealersmeds.com\/fr\/wp-json\/wp\/v2\/product"}],"about":[{"href":"https:\/\/gooddealersmeds.com\/fr\/wp-json\/wp\/v2\/types\/product"}],"replies":[{"embeddable":true,"href":"https:\/\/gooddealersmeds.com\/fr\/wp-json\/wp\/v2\/comments?post=1818"}],"wp:featuredmedia":[{"embeddable":true,"href":"https:\/\/gooddealersmeds.com\/fr\/wp-json\/wp\/v2\/media\/1822"}],"wp:attachment":[{"href":"https:\/\/gooddealersmeds.com\/fr\/wp-json\/wp\/v2\/media?parent=1818"}],"wp:term":[{"taxonomy":"product_brand","embeddable":true,"href":"https:\/\/gooddealersmeds.com\/fr\/wp-json\/wp\/v2\/product_brand?post=1818"},{"taxonomy":"product_cat","embeddable":true,"href":"https:\/\/gooddealersmeds.com\/fr\/wp-json\/wp\/v2\/product_cat?post=1818"},{"taxonomy":"product_tag","embeddable":true,"href":"https:\/\/gooddealersmeds.com\/fr\/wp-json\/wp\/v2\/product_tag?post=1818"}],"curies":[{"name":"wp","href":"https:\/\/api.w.org\/{rel}","templated":true}]}}