{"id":1799,"date":"2022-06-22T20:40:51","date_gmt":"2022-06-22T20:40:51","guid":{"rendered":"https:\/\/gooddealersmeds.com\/fr\/?post_type=product&#038;p=1799"},"modified":"2023-01-06T13:00:15","modified_gmt":"2023-01-06T13:00:15","slug":"acheter-vyvanse-en-ligne","status":"publish","type":"product","link":"https:\/\/gooddealersmeds.com\/fr\/product\/acheter-vyvanse-en-ligne\/","title":{"rendered":"Acheter Vyvanse en ligne"},"content":{"rendered":"<h2>Acheter du Vyvanse authentique en ligne sans ordonnance<\/h2>\n<p>Acheter Vyvanse en ligne dans notre boutique. La lisdexamf\u00e9tamine est le nom g\u00e9n\u00e9rique de Vyvanse. La lisdexamf\u00e9tamine est utilis\u00e9e pour traiter le trouble d\u00e9ficitaire de l&#8217;attention avec hyperactivit\u00e9 (TDAH) dans le cadre d&#8217;un plan de traitement complet qui comprend des interventions psychologiques, sociales et autres. Cela peut aider \u00e0 am\u00e9liorer la capacit\u00e9 d&#8217;attention, \u00e0 rester concentr\u00e9 et \u00e0 r\u00e9duire l&#8217;agitation. Le trouble de l&#8217;hyperphagie boulimique peut \u00e9galement \u00eatre trait\u00e9 avec de la lisdexamf\u00e9tamine (BED). Cela peut aider \u00e0 r\u00e9duire le nombre de jours de fr\u00e9n\u00e9sie alimentaire.<\/p>\n<p>Il s&#8217;agit d&#8217;un m\u00e9dicament stimulant. On pense qu&#8217;il agit en r\u00e9tablissant l&#8217;\u00e9quilibre de certaines substances chimiques naturelles dans le cerveau (neurotransmetteurs). En raison du risque d&#8217;effets secondaires graves, ce m\u00e9dicament est d\u00e9conseill\u00e9 pour la perte de poids.<\/p>\n<p><strong>Pourquoi choisir de bons revendeurs Meds est la meilleure d\u00e9cision d&#8217;acheter Vyvanse ?<\/strong><\/p>\n<p><a href=\"https:\/\/gooddealersmeds.com\/fr\/product\/buy-vyvanse-online\/\"> Vyvanse<\/a> est disponible sous forme de comprim\u00e9 \u00e0 action rapide ou \u00e0 lib\u00e9ration lente, ainsi que sous forme de comprim\u00e9 \u00e0 croquer. Le m\u00e9dicament commence \u00e0 agir dans les 2 heures suivant l&#8217;administration et dure g\u00e9n\u00e9ralement 10 \u00e0 12 heures. Il est \u00e9galement g\u00e9n\u00e9ralement prescrit \u00e0 des doses de 10, 20 ou 30 mg de pilules ou de comprim\u00e9s \u00e0 croquer. Cela \u00e9vite de nombreux probl\u00e8mes associ\u00e9s \u00e0 Adderall, comme dire aux utilisateurs incapables de prendre des pilules de casser les g\u00e9lules.<\/p>\n<p>Vyvanse doit \u00eatre pris une fois par jour le matin. Il est pr\u00e9f\u00e9rable de le prendre le matin car il peut interf\u00e9rer avec le sommeil plus tard dans la journ\u00e9e. Si vous ou votre enfant prenez ou avez r\u00e9cemment pris un inhibiteur de la monoamine oxydase, ne prenez pas Vyvanse. Les effets secondaires de Vyvanse comprennent g\u00e9n\u00e9ralement une diminution de l&#8217;app\u00e9tit, des difficult\u00e9s \u00e0 dormir, une perte de poids et une s\u00e9cheresse de la bouche. Informez votre m\u00e9decin si vous souffrez d&#8217;hypertension art\u00e9rielle.<\/p>\n<p><strong>Savez-vous o\u00f9 commander les pilules Vyvanse avec une livraison rapide<\/strong><\/p>\n<p>La plupart des personnes \u00e0 la recherche de vyvanse g\u00e9n\u00e9rique souhaitent acheter et renouveler leur ordonnance aupr\u00e8s d&#8217;une source fiable. Notre mission est de fournir un endroit o\u00f9 les patients peuvent obtenir leurs m\u00e9dicaments, peu importe leur couverture d&#8217;assurance ou leur situation financi\u00e8re. Avec notre aide, vous pouvez facilement obtenir du vyvanse g\u00e9n\u00e9rique en ligne et g\u00e9rer vos ordonnances.<\/p>\n<p>Nous fournissons du vyvanse pur, achetez du vyvanse en ligne sur notre <a href=\"https:\/\/gooddealersmeds.com\/fr\/products\/\">magasin<\/a>. Notre boutique en ligne offre \u00e9galement aux patients les ressources dont ils ont besoin pour g\u00e9rer leur TDAH et se sentir plus en contr\u00f4le de leur vie.<\/p>\n","protected":false},"excerpt":{"rendered":"<p>Vyvanse peut \u00eatre prescrit pour le traitement du trouble d\u00e9ficitaire de l&#8217;attention avec hyperactivit\u00e9 (TDAH) chez les adultes et les enfants de six ans et plus, ainsi que pour les troubles mod\u00e9r\u00e9s \u00e0 s\u00e9v\u00e8res de l&#8217;hyperphagie boulimique chez les adultes. L&#8217;innocuit\u00e9 et l&#8217;efficacit\u00e9 du dim\u00e9sylate de lisdexamf\u00e9tamine chez les enfants atteints de TDAH \u00e2g\u00e9s de trois \u00e0 cinq ans n&#8217;ont pas \u00e9t\u00e9 \u00e9tablies.<\/p>\n","protected":false},"featured_media":1801,"comment_status":"open","ping_status":"closed","template":"","meta":{"inline_featured_image":false},"product_brand":[],"product_cat":[346],"product_tag":[],"class_list":{"0":"post-1799","1":"product","2":"type-product","3":"status-publish","4":"has-post-thumbnail","6":"product_cat-stimulants","7":"pa_pills-100-pills","8":"pa_pills-1000-pills","9":"pa_pills-30-pills","10":"pa_pills-300-pills","11":"pa_pills-50-pills","12":"pa_pills-500-pills","14":"first","15":"instock","16":"shipping-taxable","17":"purchasable","18":"product-type-variable","19":"has-default-attributes"},"yoast_head":"<!-- This site is optimized with the Yoast SEO Premium plugin v20.6 (Yoast SEO v27.4) - https:\/\/yoast.com\/product\/yoast-seo-premium-wordpress\/ -->\n<title>Acheter Vyvanse en ligne | Meilleure qualit\u00e9 Vyvanse | Vyvanse \u00e0 vendre<\/title>\n<meta name=\"description\" content=\"Acheter Vyvanse en ligne \u00e0 bas prix aupr\u00e8s de Good Dealers Meds pour le traitement du TDAH chez les enfants de 6 \u00e0 12 ans, les adolescents et les adultes.\" \/>\n<meta name=\"robots\" content=\"index, follow, max-snippet:-1, max-image-preview:large, max-video-preview:-1\" \/>\n<link rel=\"canonical\" href=\"https:\/\/gooddealersmeds.com\/fr\/product\/acheter-vyvanse-en-ligne\/\" \/>\n<meta property=\"og:locale\" content=\"en_US\" \/>\n<meta property=\"og:type\" content=\"article\" \/>\n<meta property=\"og:title\" content=\"Acheter Vyvanse en ligne\" \/>\n<meta property=\"og:description\" content=\"Acheter Vyvanse en ligne \u00e0 bas prix aupr\u00e8s de Good Dealers Meds pour le traitement du TDAH chez les enfants de 6 \u00e0 12 ans, les adolescents et les adultes.\" \/>\n<meta property=\"og:url\" content=\"https:\/\/gooddealersmeds.com\/fr\/product\/acheter-vyvanse-en-ligne\/\" \/>\n<meta property=\"og:site_name\" content=\"Good Dealers Meds\" \/>\n<meta property=\"article:modified_time\" content=\"2023-01-06T13:00:15+00:00\" \/>\n<meta property=\"og:image\" content=\"https:\/\/gooddealersmeds.com\/fr\/wp-content\/uploads\/sites\/5\/2022\/04\/Sept15Vyvanse-1.png\" \/>\n\t<meta property=\"og:image:width\" content=\"469\" \/>\n\t<meta property=\"og:image:height\" content=\"314\" \/>\n\t<meta property=\"og:image:type\" content=\"image\/png\" \/>\n<meta name=\"twitter:card\" content=\"summary_large_image\" \/>\n<meta name=\"twitter:label1\" content=\"Est. reading time\" \/>\n\t<meta name=\"twitter:data1\" content=\"2 minutes\" \/>\n<script type=\"application\/ld+json\" class=\"yoast-schema-graph\">{\"@context\":\"https:\\\/\\\/schema.org\",\"@graph\":[{\"@type\":\"WebPage\",\"@id\":\"https:\\\/\\\/gooddealersmeds.com\\\/fr\\\/product\\\/acheter-vyvanse-en-ligne\\\/\",\"url\":\"https:\\\/\\\/gooddealersmeds.com\\\/fr\\\/product\\\/acheter-vyvanse-en-ligne\\\/\",\"name\":\"Acheter Vyvanse en ligne | Meilleure qualit\u00e9 Vyvanse | Vyvanse \u00e0 vendre\",\"isPartOf\":{\"@id\":\"https:\\\/\\\/gooddealersmeds.com\\\/fr\\\/#website\"},\"primaryImageOfPage\":{\"@id\":\"https:\\\/\\\/gooddealersmeds.com\\\/fr\\\/product\\\/acheter-vyvanse-en-ligne\\\/#primaryimage\"},\"image\":{\"@id\":\"https:\\\/\\\/gooddealersmeds.com\\\/fr\\\/product\\\/acheter-vyvanse-en-ligne\\\/#primaryimage\"},\"thumbnailUrl\":\"https:\\\/\\\/gooddealersmeds.com\\\/fr\\\/wp-content\\\/uploads\\\/sites\\\/5\\\/2022\\\/04\\\/Sept15Vyvanse-1.png\",\"datePublished\":\"2022-06-22T20:40:51+00:00\",\"dateModified\":\"2023-01-06T13:00:15+00:00\",\"description\":\"Acheter Vyvanse en ligne \u00e0 bas prix aupr\u00e8s de Good Dealers Meds pour le traitement du TDAH chez les enfants de 6 \u00e0 12 ans, les adolescents et les adultes.\",\"breadcrumb\":{\"@id\":\"https:\\\/\\\/gooddealersmeds.com\\\/fr\\\/product\\\/acheter-vyvanse-en-ligne\\\/#breadcrumb\"},\"inLanguage\":\"en-US\",\"potentialAction\":[{\"@type\":\"ReadAction\",\"target\":[\"https:\\\/\\\/gooddealersmeds.com\\\/fr\\\/product\\\/acheter-vyvanse-en-ligne\\\/\"]}]},{\"@type\":\"ImageObject\",\"inLanguage\":\"en-US\",\"@id\":\"https:\\\/\\\/gooddealersmeds.com\\\/fr\\\/product\\\/acheter-vyvanse-en-ligne\\\/#primaryimage\",\"url\":\"https:\\\/\\\/gooddealersmeds.com\\\/fr\\\/wp-content\\\/uploads\\\/sites\\\/5\\\/2022\\\/04\\\/Sept15Vyvanse-1.png\",\"contentUrl\":\"https:\\\/\\\/gooddealersmeds.com\\\/fr\\\/wp-content\\\/uploads\\\/sites\\\/5\\\/2022\\\/04\\\/Sept15Vyvanse-1.png\",\"width\":469,\"height\":314,\"caption\":\"Buy Vyvanse Online\"},{\"@type\":\"BreadcrumbList\",\"@id\":\"https:\\\/\\\/gooddealersmeds.com\\\/fr\\\/product\\\/acheter-vyvanse-en-ligne\\\/#breadcrumb\",\"itemListElement\":[{\"@type\":\"ListItem\",\"position\":1,\"name\":\"Home\",\"item\":\"https:\\\/\\\/gooddealersmeds.com\\\/fr\\\/\"},{\"@type\":\"ListItem\",\"position\":2,\"name\":\"Des produits\",\"item\":\"https:\\\/\\\/gooddealersmeds.com\\\/fr\\\/des-produits\\\/\"},{\"@type\":\"ListItem\",\"position\":3,\"name\":\"Acheter Vyvanse en ligne\"}]},{\"@type\":\"WebSite\",\"@id\":\"https:\\\/\\\/gooddealersmeds.com\\\/fr\\\/#website\",\"url\":\"https:\\\/\\\/gooddealersmeds.com\\\/fr\\\/\",\"name\":\"Good Dealers Meds\",\"description\":\"All our best\",\"publisher\":{\"@id\":\"https:\\\/\\\/gooddealersmeds.com\\\/fr\\\/#organization\"},\"potentialAction\":[{\"@type\":\"SearchAction\",\"target\":{\"@type\":\"EntryPoint\",\"urlTemplate\":\"https:\\\/\\\/gooddealersmeds.com\\\/fr\\\/?s={search_term_string}\"},\"query-input\":{\"@type\":\"PropertyValueSpecification\",\"valueRequired\":true,\"valueName\":\"search_term_string\"}}],\"inLanguage\":\"en-US\"},{\"@type\":\"Organization\",\"@id\":\"https:\\\/\\\/gooddealersmeds.com\\\/fr\\\/#organization\",\"name\":\"Good Dealers Meds\",\"url\":\"https:\\\/\\\/gooddealersmeds.com\\\/fr\\\/\",\"logo\":{\"@type\":\"ImageObject\",\"inLanguage\":\"en-US\",\"@id\":\"https:\\\/\\\/gooddealersmeds.com\\\/fr\\\/#\\\/schema\\\/logo\\\/image\\\/\",\"url\":\"https:\\\/\\\/gooddealersmeds.com\\\/fr\\\/wp-content\\\/uploads\\\/sites\\\/5\\\/2022\\\/03\\\/gooddealersmeds__logo__20220317T222800Z.00.png\",\"contentUrl\":\"https:\\\/\\\/gooddealersmeds.com\\\/fr\\\/wp-content\\\/uploads\\\/sites\\\/5\\\/2022\\\/03\\\/gooddealersmeds__logo__20220317T222800Z.00.png\",\"width\":500,\"height\":325,\"caption\":\"Good Dealers Meds\"},\"image\":{\"@id\":\"https:\\\/\\\/gooddealersmeds.com\\\/fr\\\/#\\\/schema\\\/logo\\\/image\\\/\"}}]}<\/script>\n<!-- \/ Yoast SEO Premium plugin. -->","yoast_head_json":{"title":"Acheter Vyvanse en ligne | Meilleure qualit\u00e9 Vyvanse | Vyvanse \u00e0 vendre","description":"Acheter Vyvanse en ligne \u00e0 bas prix aupr\u00e8s de Good Dealers Meds pour le traitement du TDAH chez les enfants de 6 \u00e0 12 ans, les adolescents et les adultes.","robots":{"index":"index","follow":"follow","max-snippet":"max-snippet:-1","max-image-preview":"max-image-preview:large","max-video-preview":"max-video-preview:-1"},"canonical":"https:\/\/gooddealersmeds.com\/fr\/product\/acheter-vyvanse-en-ligne\/","og_locale":"en_US","og_type":"article","og_title":"Acheter Vyvanse en ligne","og_description":"Acheter Vyvanse en ligne \u00e0 bas prix aupr\u00e8s de Good Dealers Meds pour le traitement du TDAH chez les enfants de 6 \u00e0 12 ans, les adolescents et les adultes.","og_url":"https:\/\/gooddealersmeds.com\/fr\/product\/acheter-vyvanse-en-ligne\/","og_site_name":"Good Dealers Meds","article_modified_time":"2023-01-06T13:00:15+00:00","og_image":[{"width":469,"height":314,"url":"https:\/\/gooddealersmeds.com\/fr\/wp-content\/uploads\/sites\/5\/2022\/04\/Sept15Vyvanse-1.png","type":"image\/png"}],"twitter_card":"summary_large_image","twitter_misc":{"Est. reading time":"2 minutes"},"schema":{"@context":"https:\/\/schema.org","@graph":[{"@type":"WebPage","@id":"https:\/\/gooddealersmeds.com\/fr\/product\/acheter-vyvanse-en-ligne\/","url":"https:\/\/gooddealersmeds.com\/fr\/product\/acheter-vyvanse-en-ligne\/","name":"Acheter Vyvanse en ligne | Meilleure qualit\u00e9 Vyvanse | Vyvanse \u00e0 vendre","isPartOf":{"@id":"https:\/\/gooddealersmeds.com\/fr\/#website"},"primaryImageOfPage":{"@id":"https:\/\/gooddealersmeds.com\/fr\/product\/acheter-vyvanse-en-ligne\/#primaryimage"},"image":{"@id":"https:\/\/gooddealersmeds.com\/fr\/product\/acheter-vyvanse-en-ligne\/#primaryimage"},"thumbnailUrl":"https:\/\/gooddealersmeds.com\/fr\/wp-content\/uploads\/sites\/5\/2022\/04\/Sept15Vyvanse-1.png","datePublished":"2022-06-22T20:40:51+00:00","dateModified":"2023-01-06T13:00:15+00:00","description":"Acheter Vyvanse en ligne \u00e0 bas prix aupr\u00e8s de Good Dealers Meds pour le traitement du TDAH chez les enfants de 6 \u00e0 12 ans, les adolescents et les adultes.","breadcrumb":{"@id":"https:\/\/gooddealersmeds.com\/fr\/product\/acheter-vyvanse-en-ligne\/#breadcrumb"},"inLanguage":"en-US","potentialAction":[{"@type":"ReadAction","target":["https:\/\/gooddealersmeds.com\/fr\/product\/acheter-vyvanse-en-ligne\/"]}]},{"@type":"ImageObject","inLanguage":"en-US","@id":"https:\/\/gooddealersmeds.com\/fr\/product\/acheter-vyvanse-en-ligne\/#primaryimage","url":"https:\/\/gooddealersmeds.com\/fr\/wp-content\/uploads\/sites\/5\/2022\/04\/Sept15Vyvanse-1.png","contentUrl":"https:\/\/gooddealersmeds.com\/fr\/wp-content\/uploads\/sites\/5\/2022\/04\/Sept15Vyvanse-1.png","width":469,"height":314,"caption":"Buy Vyvanse Online"},{"@type":"BreadcrumbList","@id":"https:\/\/gooddealersmeds.com\/fr\/product\/acheter-vyvanse-en-ligne\/#breadcrumb","itemListElement":[{"@type":"ListItem","position":1,"name":"Home","item":"https:\/\/gooddealersmeds.com\/fr\/"},{"@type":"ListItem","position":2,"name":"Des produits","item":"https:\/\/gooddealersmeds.com\/fr\/des-produits\/"},{"@type":"ListItem","position":3,"name":"Acheter Vyvanse en ligne"}]},{"@type":"WebSite","@id":"https:\/\/gooddealersmeds.com\/fr\/#website","url":"https:\/\/gooddealersmeds.com\/fr\/","name":"Good Dealers Meds","description":"All our best","publisher":{"@id":"https:\/\/gooddealersmeds.com\/fr\/#organization"},"potentialAction":[{"@type":"SearchAction","target":{"@type":"EntryPoint","urlTemplate":"https:\/\/gooddealersmeds.com\/fr\/?s={search_term_string}"},"query-input":{"@type":"PropertyValueSpecification","valueRequired":true,"valueName":"search_term_string"}}],"inLanguage":"en-US"},{"@type":"Organization","@id":"https:\/\/gooddealersmeds.com\/fr\/#organization","name":"Good Dealers Meds","url":"https:\/\/gooddealersmeds.com\/fr\/","logo":{"@type":"ImageObject","inLanguage":"en-US","@id":"https:\/\/gooddealersmeds.com\/fr\/#\/schema\/logo\/image\/","url":"https:\/\/gooddealersmeds.com\/fr\/wp-content\/uploads\/sites\/5\/2022\/03\/gooddealersmeds__logo__20220317T222800Z.00.png","contentUrl":"https:\/\/gooddealersmeds.com\/fr\/wp-content\/uploads\/sites\/5\/2022\/03\/gooddealersmeds__logo__20220317T222800Z.00.png","width":500,"height":325,"caption":"Good Dealers Meds"},"image":{"@id":"https:\/\/gooddealersmeds.com\/fr\/#\/schema\/logo\/image\/"}}]}},"_links":{"self":[{"href":"https:\/\/gooddealersmeds.com\/fr\/wp-json\/wp\/v2\/product\/1799","targetHints":{"allow":["GET"]}}],"collection":[{"href":"https:\/\/gooddealersmeds.com\/fr\/wp-json\/wp\/v2\/product"}],"about":[{"href":"https:\/\/gooddealersmeds.com\/fr\/wp-json\/wp\/v2\/types\/product"}],"replies":[{"embeddable":true,"href":"https:\/\/gooddealersmeds.com\/fr\/wp-json\/wp\/v2\/comments?post=1799"}],"wp:featuredmedia":[{"embeddable":true,"href":"https:\/\/gooddealersmeds.com\/fr\/wp-json\/wp\/v2\/media\/1801"}],"wp:attachment":[{"href":"https:\/\/gooddealersmeds.com\/fr\/wp-json\/wp\/v2\/media?parent=1799"}],"wp:term":[{"taxonomy":"product_brand","embeddable":true,"href":"https:\/\/gooddealersmeds.com\/fr\/wp-json\/wp\/v2\/product_brand?post=1799"},{"taxonomy":"product_cat","embeddable":true,"href":"https:\/\/gooddealersmeds.com\/fr\/wp-json\/wp\/v2\/product_cat?post=1799"},{"taxonomy":"product_tag","embeddable":true,"href":"https:\/\/gooddealersmeds.com\/fr\/wp-json\/wp\/v2\/product_tag?post=1799"}],"curies":[{"name":"wp","href":"https:\/\/api.w.org\/{rel}","templated":true}]}}