{"id":1791,"date":"2022-04-21T03:36:59","date_gmt":"2022-04-21T03:36:59","guid":{"rendered":"https:\/\/gooddealersmeds.com\/fr\/?post_type=product&#038;p=1791"},"modified":"2023-01-06T13:36:14","modified_gmt":"2023-01-06T13:36:14","slug":"acheter-anesket-en-ligne","status":"publish","type":"product","link":"https:\/\/gooddealersmeds.com\/fr\/product\/acheter-anesket-en-ligne\/","title":{"rendered":"Acheter Anesket en ligne"},"content":{"rendered":"<h2>Pilules Anesket \u00e0 vendre avec livraison rapide, nous sommes le principal fournisseur.<\/h2>\n<p>Notre activit\u00e9 principale chez <a href=\"https:\/\/gooddealersmeds.com\/fr\/\">Good Dealer Meds<\/a> est de proposer un anesket \u00e0 la vente. Pour cette raison, nous proposons ou fournissons anesket avec ou sans ordonnance. Les clients du monde entier peuvent Acheter Anesket en ligne avec ou sans ordonnance. Cependant, ce m\u00e9dicament a le m\u00eame effet que la <a href=\"https:\/\/fr.wikipedia.org\/wiki\/K%C3%A9tamine\">k\u00e9tamine<\/a>. Il est utilis\u00e9 pour endormir les patients lors d&#8217;interventions chirurgicales majeures. En cons\u00e9quence, il appartient au m\u00eame groupe m\u00e9dical (anesth\u00e9sique).<\/p>\n<p>Le m\u00e9dicament se pr\u00e9sente dans un flacon incolore, est injectable et est extr\u00eamement puissant en raison de ses caract\u00e9ristiques hallucinog\u00e8nes et s\u00e9datives. La plupart des pays du monde utilisent l&#8217;anesket pour la vente comme relaxant musculaire. Outre son utilisation comme s\u00e9datif ou anesth\u00e9sique, le m\u00e9dicament peut \u00eatre tr\u00e8s b\u00e9n\u00e9fique dans le traitement de la douleur, de la d\u00e9pression, etc.<\/p>\n<p>Anasket est un m\u00e9dicament approuv\u00e9 par la plupart des pays et utilis\u00e9 dans le monde entier. Nos fournitures proviennent directement du fabricant. Il s&#8217;agit d&#8217;un contr\u00f4le de laboratoire que nous fournissons sous la marque Anesket.<\/p>\n<p><strong>Ordonnance m\u00e9dicale<\/strong><\/p>\n<p>Pure Anesket est un m\u00e9dicament d\u00e9livr\u00e9 sur ordonnance. Il est assez puissant et la plupart des gens l&#8217;utilisent sous la supervision d&#8217;un expert m\u00e9dical. N&#8217;augmentez pas la dose sans d&#8217;abord consulter votre m\u00e9decin. Les enfants n&#8217;ont pas \u00e9tabli son utilisation, alors consultez \u00e0 nouveau un expert. Gardez ce m\u00e9dicament hors de port\u00e9e des jeunes. En cas de surdosage de poison, consultez imm\u00e9diatement un m\u00e9decin.<\/p>\n<p><strong>Effet secondaire<\/strong><\/p>\n<p>Les effets secondaires les plus courants sont les \u00e9ruptions cutan\u00e9es, les naus\u00e9es ou les vomissements. Informez votre m\u00e9decin si vous \u00eates enceinte ou si vous souffrez d&#8217;une grave maladie cardiaque ou si vous avez r\u00e9cemment subi un accident vasculaire c\u00e9r\u00e9bral ou si vous avez subi une grave blessure \u00e0 la t\u00eate ou au cerveau. Il est s\u00fbr \u00e0 utiliser chez les m\u00e8res qui allaitent.<\/p>\n<p><strong>Livraison<\/strong><\/p>\n<p>Good Dealers Meds est un fournisseur tr\u00e8s renomm\u00e9 et fiable de Pure Anesket 1000 mg \/ 10 ml \u00e0 vendre . Notre livraison est s\u00fbre, s\u00e9curis\u00e9e, rapide, garantie et 100% discr\u00e8te. Aucune information personnelle du client n&#8217;est divulgu\u00e9e \u00e0 partir du colis.<\/p>\n<p>Vous pouvez acheter <a href=\"https:\/\/gooddealersmeds.com\/fr\/product\/buy-anesket-online\/\">Anesket<\/a> en ligne depuis notre boutique avec exp\u00e9dition s\u00e9curis\u00e9e dans toute l&#8217;Europe.<\/p>\n","protected":false},"excerpt":{"rendered":"<p>Achetez Anesket en ligne utilis\u00e9 pour vous endormir pendant la chirurgie et pour pr\u00e9venir la douleur et l&#8217;inconfort. Achetez Anesket en ligne chez nous en ligne \u00e0 bas prix.<\/p>\n","protected":false},"featured_media":1798,"comment_status":"open","ping_status":"closed","template":"","meta":{"inline_featured_image":false},"product_brand":[],"product_cat":[343],"product_tag":[],"class_list":{"0":"post-1791","1":"product","2":"type-product","3":"status-publish","4":"has-post-thumbnail","6":"product_cat-les-autres","7":"pa_pills-100-pills","8":"pa_pills-1000-pills","9":"pa_pills-30-pills","10":"pa_pills-300-pills","11":"pa_pills-50-pills","12":"pa_pills-500-pills","14":"first","15":"instock","16":"shipping-taxable","17":"purchasable","18":"product-type-variable","19":"has-default-attributes"},"yoast_head":"<!-- This site is optimized with the Yoast SEO Premium plugin v20.6 (Yoast SEO v27.4) - https:\/\/yoast.com\/product\/yoast-seo-premium-wordpress\/ -->\n<title>Acheter Anesket en ligne | Commander Anesket en ligne<\/title>\n<meta name=\"description\" content=\"Acheter Anesket en ligne offert par de bons revendeurs M\u00e9dicaments utilis\u00e9s pour vous endormir pendant les interventions chirurgicales majeures et pour pr\u00e9venir la douleur et l&#039;inconfort.\" \/>\n<meta name=\"robots\" content=\"index, follow, max-snippet:-1, max-image-preview:large, max-video-preview:-1\" \/>\n<link rel=\"canonical\" href=\"https:\/\/gooddealersmeds.com\/fr\/product\/acheter-anesket-en-ligne\/\" \/>\n<meta property=\"og:locale\" content=\"en_US\" \/>\n<meta property=\"og:type\" content=\"article\" \/>\n<meta property=\"og:title\" content=\"Acheter Anesket en ligne\" \/>\n<meta property=\"og:description\" content=\"Acheter Anesket en ligne offert par de bons revendeurs M\u00e9dicaments utilis\u00e9s pour vous endormir pendant les interventions chirurgicales majeures et pour pr\u00e9venir la douleur et l&#039;inconfort.\" \/>\n<meta property=\"og:url\" content=\"https:\/\/gooddealersmeds.com\/fr\/product\/acheter-anesket-en-ligne\/\" \/>\n<meta property=\"og:site_name\" content=\"Good Dealers Meds\" \/>\n<meta property=\"article:modified_time\" content=\"2023-01-06T13:36:14+00:00\" \/>\n<meta property=\"og:image\" content=\"https:\/\/gooddealersmeds.com\/fr\/wp-content\/uploads\/sites\/5\/2022\/04\/anesket-1000mg-10ml-for-sale.png\" \/>\n\t<meta property=\"og:image:width\" content=\"500\" \/>\n\t<meta property=\"og:image:height\" content=\"500\" \/>\n\t<meta property=\"og:image:type\" content=\"image\/png\" \/>\n<meta name=\"twitter:card\" content=\"summary_large_image\" \/>\n<meta name=\"twitter:label1\" content=\"Est. reading time\" \/>\n\t<meta name=\"twitter:data1\" content=\"2 minutes\" \/>\n<script type=\"application\/ld+json\" class=\"yoast-schema-graph\">{\"@context\":\"https:\\\/\\\/schema.org\",\"@graph\":[{\"@type\":\"WebPage\",\"@id\":\"https:\\\/\\\/gooddealersmeds.com\\\/fr\\\/product\\\/acheter-anesket-en-ligne\\\/\",\"url\":\"https:\\\/\\\/gooddealersmeds.com\\\/fr\\\/product\\\/acheter-anesket-en-ligne\\\/\",\"name\":\"Acheter Anesket en ligne | Commander Anesket en ligne\",\"isPartOf\":{\"@id\":\"https:\\\/\\\/gooddealersmeds.com\\\/fr\\\/#website\"},\"primaryImageOfPage\":{\"@id\":\"https:\\\/\\\/gooddealersmeds.com\\\/fr\\\/product\\\/acheter-anesket-en-ligne\\\/#primaryimage\"},\"image\":{\"@id\":\"https:\\\/\\\/gooddealersmeds.com\\\/fr\\\/product\\\/acheter-anesket-en-ligne\\\/#primaryimage\"},\"thumbnailUrl\":\"https:\\\/\\\/gooddealersmeds.com\\\/fr\\\/wp-content\\\/uploads\\\/sites\\\/5\\\/2022\\\/04\\\/anesket-1000mg-10ml-for-sale.png\",\"datePublished\":\"2022-04-21T03:36:59+00:00\",\"dateModified\":\"2023-01-06T13:36:14+00:00\",\"description\":\"Acheter Anesket en ligne offert par de bons revendeurs M\u00e9dicaments utilis\u00e9s pour vous endormir pendant les interventions chirurgicales majeures et pour pr\u00e9venir la douleur et l'inconfort.\",\"breadcrumb\":{\"@id\":\"https:\\\/\\\/gooddealersmeds.com\\\/fr\\\/product\\\/acheter-anesket-en-ligne\\\/#breadcrumb\"},\"inLanguage\":\"en-US\",\"potentialAction\":[{\"@type\":\"ReadAction\",\"target\":[\"https:\\\/\\\/gooddealersmeds.com\\\/fr\\\/product\\\/acheter-anesket-en-ligne\\\/\"]}]},{\"@type\":\"ImageObject\",\"inLanguage\":\"en-US\",\"@id\":\"https:\\\/\\\/gooddealersmeds.com\\\/fr\\\/product\\\/acheter-anesket-en-ligne\\\/#primaryimage\",\"url\":\"https:\\\/\\\/gooddealersmeds.com\\\/fr\\\/wp-content\\\/uploads\\\/sites\\\/5\\\/2022\\\/04\\\/anesket-1000mg-10ml-for-sale.png\",\"contentUrl\":\"https:\\\/\\\/gooddealersmeds.com\\\/fr\\\/wp-content\\\/uploads\\\/sites\\\/5\\\/2022\\\/04\\\/anesket-1000mg-10ml-for-sale.png\",\"width\":500,\"height\":500,\"caption\":\"Buy Anesket online\"},{\"@type\":\"BreadcrumbList\",\"@id\":\"https:\\\/\\\/gooddealersmeds.com\\\/fr\\\/product\\\/acheter-anesket-en-ligne\\\/#breadcrumb\",\"itemListElement\":[{\"@type\":\"ListItem\",\"position\":1,\"name\":\"Home\",\"item\":\"https:\\\/\\\/gooddealersmeds.com\\\/fr\\\/\"},{\"@type\":\"ListItem\",\"position\":2,\"name\":\"Des produits\",\"item\":\"https:\\\/\\\/gooddealersmeds.com\\\/fr\\\/des-produits\\\/\"},{\"@type\":\"ListItem\",\"position\":3,\"name\":\"Acheter Anesket en ligne\"}]},{\"@type\":\"WebSite\",\"@id\":\"https:\\\/\\\/gooddealersmeds.com\\\/fr\\\/#website\",\"url\":\"https:\\\/\\\/gooddealersmeds.com\\\/fr\\\/\",\"name\":\"Good Dealers Meds\",\"description\":\"All our best\",\"publisher\":{\"@id\":\"https:\\\/\\\/gooddealersmeds.com\\\/fr\\\/#organization\"},\"potentialAction\":[{\"@type\":\"SearchAction\",\"target\":{\"@type\":\"EntryPoint\",\"urlTemplate\":\"https:\\\/\\\/gooddealersmeds.com\\\/fr\\\/?s={search_term_string}\"},\"query-input\":{\"@type\":\"PropertyValueSpecification\",\"valueRequired\":true,\"valueName\":\"search_term_string\"}}],\"inLanguage\":\"en-US\"},{\"@type\":\"Organization\",\"@id\":\"https:\\\/\\\/gooddealersmeds.com\\\/fr\\\/#organization\",\"name\":\"Good Dealers Meds\",\"url\":\"https:\\\/\\\/gooddealersmeds.com\\\/fr\\\/\",\"logo\":{\"@type\":\"ImageObject\",\"inLanguage\":\"en-US\",\"@id\":\"https:\\\/\\\/gooddealersmeds.com\\\/fr\\\/#\\\/schema\\\/logo\\\/image\\\/\",\"url\":\"https:\\\/\\\/gooddealersmeds.com\\\/fr\\\/wp-content\\\/uploads\\\/sites\\\/5\\\/2022\\\/03\\\/gooddealersmeds__logo__20220317T222800Z.00.png\",\"contentUrl\":\"https:\\\/\\\/gooddealersmeds.com\\\/fr\\\/wp-content\\\/uploads\\\/sites\\\/5\\\/2022\\\/03\\\/gooddealersmeds__logo__20220317T222800Z.00.png\",\"width\":500,\"height\":325,\"caption\":\"Good Dealers Meds\"},\"image\":{\"@id\":\"https:\\\/\\\/gooddealersmeds.com\\\/fr\\\/#\\\/schema\\\/logo\\\/image\\\/\"}}]}<\/script>\n<!-- \/ Yoast SEO Premium plugin. -->","yoast_head_json":{"title":"Acheter Anesket en ligne | Commander Anesket en ligne","description":"Acheter Anesket en ligne offert par de bons revendeurs M\u00e9dicaments utilis\u00e9s pour vous endormir pendant les interventions chirurgicales majeures et pour pr\u00e9venir la douleur et l'inconfort.","robots":{"index":"index","follow":"follow","max-snippet":"max-snippet:-1","max-image-preview":"max-image-preview:large","max-video-preview":"max-video-preview:-1"},"canonical":"https:\/\/gooddealersmeds.com\/fr\/product\/acheter-anesket-en-ligne\/","og_locale":"en_US","og_type":"article","og_title":"Acheter Anesket en ligne","og_description":"Acheter Anesket en ligne offert par de bons revendeurs M\u00e9dicaments utilis\u00e9s pour vous endormir pendant les interventions chirurgicales majeures et pour pr\u00e9venir la douleur et l'inconfort.","og_url":"https:\/\/gooddealersmeds.com\/fr\/product\/acheter-anesket-en-ligne\/","og_site_name":"Good Dealers Meds","article_modified_time":"2023-01-06T13:36:14+00:00","og_image":[{"width":500,"height":500,"url":"https:\/\/gooddealersmeds.com\/fr\/wp-content\/uploads\/sites\/5\/2022\/04\/anesket-1000mg-10ml-for-sale.png","type":"image\/png"}],"twitter_card":"summary_large_image","twitter_misc":{"Est. reading time":"2 minutes"},"schema":{"@context":"https:\/\/schema.org","@graph":[{"@type":"WebPage","@id":"https:\/\/gooddealersmeds.com\/fr\/product\/acheter-anesket-en-ligne\/","url":"https:\/\/gooddealersmeds.com\/fr\/product\/acheter-anesket-en-ligne\/","name":"Acheter Anesket en ligne | Commander Anesket en ligne","isPartOf":{"@id":"https:\/\/gooddealersmeds.com\/fr\/#website"},"primaryImageOfPage":{"@id":"https:\/\/gooddealersmeds.com\/fr\/product\/acheter-anesket-en-ligne\/#primaryimage"},"image":{"@id":"https:\/\/gooddealersmeds.com\/fr\/product\/acheter-anesket-en-ligne\/#primaryimage"},"thumbnailUrl":"https:\/\/gooddealersmeds.com\/fr\/wp-content\/uploads\/sites\/5\/2022\/04\/anesket-1000mg-10ml-for-sale.png","datePublished":"2022-04-21T03:36:59+00:00","dateModified":"2023-01-06T13:36:14+00:00","description":"Acheter Anesket en ligne offert par de bons revendeurs M\u00e9dicaments utilis\u00e9s pour vous endormir pendant les interventions chirurgicales majeures et pour pr\u00e9venir la douleur et l'inconfort.","breadcrumb":{"@id":"https:\/\/gooddealersmeds.com\/fr\/product\/acheter-anesket-en-ligne\/#breadcrumb"},"inLanguage":"en-US","potentialAction":[{"@type":"ReadAction","target":["https:\/\/gooddealersmeds.com\/fr\/product\/acheter-anesket-en-ligne\/"]}]},{"@type":"ImageObject","inLanguage":"en-US","@id":"https:\/\/gooddealersmeds.com\/fr\/product\/acheter-anesket-en-ligne\/#primaryimage","url":"https:\/\/gooddealersmeds.com\/fr\/wp-content\/uploads\/sites\/5\/2022\/04\/anesket-1000mg-10ml-for-sale.png","contentUrl":"https:\/\/gooddealersmeds.com\/fr\/wp-content\/uploads\/sites\/5\/2022\/04\/anesket-1000mg-10ml-for-sale.png","width":500,"height":500,"caption":"Buy Anesket online"},{"@type":"BreadcrumbList","@id":"https:\/\/gooddealersmeds.com\/fr\/product\/acheter-anesket-en-ligne\/#breadcrumb","itemListElement":[{"@type":"ListItem","position":1,"name":"Home","item":"https:\/\/gooddealersmeds.com\/fr\/"},{"@type":"ListItem","position":2,"name":"Des produits","item":"https:\/\/gooddealersmeds.com\/fr\/des-produits\/"},{"@type":"ListItem","position":3,"name":"Acheter Anesket en ligne"}]},{"@type":"WebSite","@id":"https:\/\/gooddealersmeds.com\/fr\/#website","url":"https:\/\/gooddealersmeds.com\/fr\/","name":"Good Dealers Meds","description":"All our best","publisher":{"@id":"https:\/\/gooddealersmeds.com\/fr\/#organization"},"potentialAction":[{"@type":"SearchAction","target":{"@type":"EntryPoint","urlTemplate":"https:\/\/gooddealersmeds.com\/fr\/?s={search_term_string}"},"query-input":{"@type":"PropertyValueSpecification","valueRequired":true,"valueName":"search_term_string"}}],"inLanguage":"en-US"},{"@type":"Organization","@id":"https:\/\/gooddealersmeds.com\/fr\/#organization","name":"Good Dealers Meds","url":"https:\/\/gooddealersmeds.com\/fr\/","logo":{"@type":"ImageObject","inLanguage":"en-US","@id":"https:\/\/gooddealersmeds.com\/fr\/#\/schema\/logo\/image\/","url":"https:\/\/gooddealersmeds.com\/fr\/wp-content\/uploads\/sites\/5\/2022\/03\/gooddealersmeds__logo__20220317T222800Z.00.png","contentUrl":"https:\/\/gooddealersmeds.com\/fr\/wp-content\/uploads\/sites\/5\/2022\/03\/gooddealersmeds__logo__20220317T222800Z.00.png","width":500,"height":325,"caption":"Good Dealers Meds"},"image":{"@id":"https:\/\/gooddealersmeds.com\/fr\/#\/schema\/logo\/image\/"}}]}},"_links":{"self":[{"href":"https:\/\/gooddealersmeds.com\/fr\/wp-json\/wp\/v2\/product\/1791","targetHints":{"allow":["GET"]}}],"collection":[{"href":"https:\/\/gooddealersmeds.com\/fr\/wp-json\/wp\/v2\/product"}],"about":[{"href":"https:\/\/gooddealersmeds.com\/fr\/wp-json\/wp\/v2\/types\/product"}],"replies":[{"embeddable":true,"href":"https:\/\/gooddealersmeds.com\/fr\/wp-json\/wp\/v2\/comments?post=1791"}],"wp:featuredmedia":[{"embeddable":true,"href":"https:\/\/gooddealersmeds.com\/fr\/wp-json\/wp\/v2\/media\/1798"}],"wp:attachment":[{"href":"https:\/\/gooddealersmeds.com\/fr\/wp-json\/wp\/v2\/media?parent=1791"}],"wp:term":[{"taxonomy":"product_brand","embeddable":true,"href":"https:\/\/gooddealersmeds.com\/fr\/wp-json\/wp\/v2\/product_brand?post=1791"},{"taxonomy":"product_cat","embeddable":true,"href":"https:\/\/gooddealersmeds.com\/fr\/wp-json\/wp\/v2\/product_cat?post=1791"},{"taxonomy":"product_tag","embeddable":true,"href":"https:\/\/gooddealersmeds.com\/fr\/wp-json\/wp\/v2\/product_tag?post=1791"}],"curies":[{"name":"wp","href":"https:\/\/api.w.org\/{rel}","templated":true}]}}