{"id":1749,"date":"2022-03-19T02:56:20","date_gmt":"2022-03-19T02:56:20","guid":{"rendered":"https:\/\/gooddealersmeds.com\/fr\/?post_type=product&#038;p=1749"},"modified":"2023-01-06T13:50:22","modified_gmt":"2023-01-06T13:50:22","slug":"acheter-fentanyl-spray-nasal","status":"publish","type":"product","link":"https:\/\/gooddealersmeds.com\/fr\/product\/acheter-fentanyl-spray-nasal\/","title":{"rendered":"Acheter Spray Nasal Fentanyl"},"content":{"rendered":"<h2>Vaporisateur nasal de fentanyl \u00e0 vendre en ligne chez nous \u00e0 des tarifs abordables<\/h2>\n<p>Acheter le vaporisateur nasal de fentanyl, utilis\u00e9 pour traiter les acc\u00e8s douloureux paroxystiques (douleur qui survient malgr\u00e9 un traitement m\u00e9dicamenteux 24\u00a0heures sur 24) chez les patients canc\u00e9reux \u00e2g\u00e9s de 18\u00a0ans ou plus qui prennent r\u00e9guli\u00e8rement des doses programm\u00e9es d&#8217;un autre analg\u00e9sique narcotique (opiac\u00e9) et sont tol\u00e9rants (habitu\u00e9s aux effets des m\u00e9dicaments). Le fentanyl appartient \u00e0 la classe des m\u00e9dicaments connus sous le nom d&#8217;analg\u00e9siques narcotiques (<a href=\"https:\/\/gooddealersmeds.com\/fr\/product\/acheter-fentanyl-spray-nasal\/\">opiac\u00e9s<\/a>). Il agit en modifiant la fa\u00e7on dont le cerveau et le syst\u00e8me nerveux r\u00e9agissent \u00e0 la douleur.<\/p>\n<p>Ce m\u00e9dicament est destin\u00e9 \u00e0 \u00eatre utilis\u00e9 dans le nez. V\u00e9rifiez que vous utilisez correctement votre vaporisateur nasal. Si vous avez des questions, consultez votre m\u00e9decin ou un professionnel de la sant\u00e9. Ne le prenez pas plus souvent que prescrit.<\/p>\n<p>Votre m\u00e9decin vous prescrira une faible dose de vaporisateur nasal de fentanyl et augmentera progressivement votre dose jusqu&#8217;\u00e0 ce que vous trouviez la dose qui soulagera vos acc\u00e8s douloureux paroxystiques. Si vous avez encore de la douleur 30 minutes apr\u00e8s avoir utilis\u00e9 le vaporisateur nasal de fentanyl, votre m\u00e9decin peut vous dire d&#8217;utiliser un autre analg\u00e9sique pour soulager cette douleur et peut augmenter votre dose de vaporisateur nasal de fentanyl pour traiter votre prochain \u00e9pisode de douleur. N&#8217;augmentez pas votre dose de vaporisateur nasal de fentanyl \u00e0 moins que votre m\u00e9decin ne vous le dise.<\/p>\n<p><strong>Effets secondaires que vous devez signaler \u00e0 votre m\u00e9decin ou professionnel de la sant\u00e9 d\u00e8s que possible\u00a0:<\/strong><\/p>\n<ul>\n<li>R\u00e9actions allergiques telles qu&#8217;\u00e9ruptions cutan\u00e9es, d\u00e9mangeaisons ou urticaire, gonflement du visage, des l\u00e8vres ou de la langue<\/li>\n<li>Probl\u00e8mes respiratoires<\/li>\n<li>Confusion<\/li>\n<li>Signes et sympt\u00f4mes d&#8217;hypotension art\u00e9rielle comme des \u00e9tourdissements\u00a0; sensation d&#8217;\u00e9vanouissement ou d&#8217;\u00e9tourdissement, chutes\u00a0; inhabituellement faible ou fatigu\u00e9<\/li>\n<li>Difficult\u00e9 \u00e0 uriner ou modification de la quantit\u00e9 d&#8217;urine<\/li>\n<\/ul>\n<p>Conservez le vaporisateur nasal de fentanyl dans son contenant \u00e0 l&#8217;\u00e9preuve des enfants, bien ferm\u00e9 et hors de port\u00e9e des enfants. Rangez le r\u00e9cipient et la pochette \u00e0 l&#8217;\u00e9preuve des enfants dans la bo\u00eete en carton d&#8217;origine lorsqu&#8217;ils ne sont pas utilis\u00e9s.<\/p>\n<p>Les clients de toute l&#8217;Europe peuvent facilement acheter un vaporisateur nasal de fentanyl sur notre boutique en ligne. Acheter le vaporisateur nasal Fentanyl<\/p>\n","protected":false},"excerpt":{"rendered":"<p>FENTANYL (FEN ta nil) est un analg\u00e9sique. Il est utilis\u00e9 pour traiter les perc\u00e9es de douleur canc\u00e9reuse que votre analg\u00e9sique \u00e0 action prolong\u00e9e ne contr\u00f4le pas. N&#8217;utilisez pas ce m\u00e9dicament pour une douleur qui dispara\u00eetra en quelques jours, comme la douleur caus\u00e9e par une intervention chirurgicale, des visites chez le m\u00e9decin ou le dentiste. Le m\u00e9dicament est utilis\u00e9 uniquement par les personnes qui prennent un analg\u00e9sique opio\u00efde ou narcotique depuis au moins une semaine.<\/p>\n<p>&nbsp;<\/p>\n<p>Ce m\u00e9dicament peut \u00eatre utilis\u00e9 \u00e0 d&#8217;autres fins\u00a0; demandez \u00e0 votre fournisseur de soins de sant\u00e9 ou \u00e0 votre pharmacien si vous avez des questions.<\/p>\n","protected":false},"featured_media":1755,"comment_status":"open","ping_status":"closed","template":"","meta":{"inline_featured_image":false},"product_brand":[],"product_cat":[347],"product_tag":[],"class_list":{"0":"post-1749","1":"product","2":"type-product","3":"status-publish","4":"has-post-thumbnail","6":"product_cat-analgsique-opiode","8":"first","9":"instock","10":"shipping-taxable","11":"purchasable","12":"product-type-variable","13":"has-default-attributes"},"yoast_head":"<!-- This site is optimized with the Yoast SEO Premium plugin v20.6 (Yoast SEO v27.4) - https:\/\/yoast.com\/product\/yoast-seo-premium-wordpress\/ -->\n<title>Acheter le vaporisateur nasal Fentanyl | Good Dealers Meds<\/title>\n<meta name=\"description\" content=\"Acheter le vaporisateur nasal Fentanyl, nous fournissons un vaporisateur nasal de fentanyl de haute qualit\u00e9 \u00e0 un prix bon et abordable, contactez-nous pour plus d&#039;informations.\" \/>\n<meta name=\"robots\" content=\"index, follow, max-snippet:-1, max-image-preview:large, max-video-preview:-1\" \/>\n<link rel=\"canonical\" href=\"https:\/\/gooddealersmeds.com\/fr\/product\/acheter-fentanyl-spray-nasal\/\" \/>\n<meta property=\"og:locale\" content=\"en_US\" \/>\n<meta property=\"og:type\" content=\"article\" \/>\n<meta property=\"og:title\" content=\"Acheter Spray Nasal Fentanyl\" \/>\n<meta property=\"og:description\" content=\"Acheter le vaporisateur nasal Fentanyl, nous fournissons un vaporisateur nasal de fentanyl de haute qualit\u00e9 \u00e0 un prix bon et abordable, contactez-nous pour plus d&#039;informations.\" \/>\n<meta property=\"og:url\" content=\"https:\/\/gooddealersmeds.com\/fr\/product\/acheter-fentanyl-spray-nasal\/\" \/>\n<meta property=\"og:site_name\" content=\"Good Dealers Meds\" \/>\n<meta property=\"article:modified_time\" content=\"2023-01-06T13:50:22+00:00\" \/>\n<meta property=\"og:image\" content=\"https:\/\/gooddealersmeds.com\/fr\/wp-content\/uploads\/sites\/5\/2022\/03\/Fentanyl-Nasal-Spray-20201024234300-600x600-1.jpg\" \/>\n\t<meta property=\"og:image:width\" content=\"600\" \/>\n\t<meta property=\"og:image:height\" content=\"600\" \/>\n\t<meta property=\"og:image:type\" content=\"image\/jpeg\" \/>\n<meta name=\"twitter:card\" content=\"summary_large_image\" \/>\n<meta name=\"twitter:label1\" content=\"Est. reading time\" \/>\n\t<meta name=\"twitter:data1\" content=\"2 minutes\" \/>\n<script type=\"application\/ld+json\" class=\"yoast-schema-graph\">{\"@context\":\"https:\\\/\\\/schema.org\",\"@graph\":[{\"@type\":\"WebPage\",\"@id\":\"https:\\\/\\\/gooddealersmeds.com\\\/fr\\\/product\\\/acheter-fentanyl-spray-nasal\\\/\",\"url\":\"https:\\\/\\\/gooddealersmeds.com\\\/fr\\\/product\\\/acheter-fentanyl-spray-nasal\\\/\",\"name\":\"Acheter le vaporisateur nasal Fentanyl | Good Dealers Meds\",\"isPartOf\":{\"@id\":\"https:\\\/\\\/gooddealersmeds.com\\\/fr\\\/#website\"},\"primaryImageOfPage\":{\"@id\":\"https:\\\/\\\/gooddealersmeds.com\\\/fr\\\/product\\\/acheter-fentanyl-spray-nasal\\\/#primaryimage\"},\"image\":{\"@id\":\"https:\\\/\\\/gooddealersmeds.com\\\/fr\\\/product\\\/acheter-fentanyl-spray-nasal\\\/#primaryimage\"},\"thumbnailUrl\":\"https:\\\/\\\/gooddealersmeds.com\\\/fr\\\/wp-content\\\/uploads\\\/sites\\\/5\\\/2022\\\/03\\\/Fentanyl-Nasal-Spray-20201024234300-600x600-1.jpg\",\"datePublished\":\"2022-03-19T02:56:20+00:00\",\"dateModified\":\"2023-01-06T13:50:22+00:00\",\"description\":\"Acheter le vaporisateur nasal Fentanyl, nous fournissons un vaporisateur nasal de fentanyl de haute qualit\u00e9 \u00e0 un prix bon et abordable, contactez-nous pour plus d'informations.\",\"breadcrumb\":{\"@id\":\"https:\\\/\\\/gooddealersmeds.com\\\/fr\\\/product\\\/acheter-fentanyl-spray-nasal\\\/#breadcrumb\"},\"inLanguage\":\"en-US\",\"potentialAction\":[{\"@type\":\"ReadAction\",\"target\":[\"https:\\\/\\\/gooddealersmeds.com\\\/fr\\\/product\\\/acheter-fentanyl-spray-nasal\\\/\"]}]},{\"@type\":\"ImageObject\",\"inLanguage\":\"en-US\",\"@id\":\"https:\\\/\\\/gooddealersmeds.com\\\/fr\\\/product\\\/acheter-fentanyl-spray-nasal\\\/#primaryimage\",\"url\":\"https:\\\/\\\/gooddealersmeds.com\\\/fr\\\/wp-content\\\/uploads\\\/sites\\\/5\\\/2022\\\/03\\\/Fentanyl-Nasal-Spray-20201024234300-600x600-1.jpg\",\"contentUrl\":\"https:\\\/\\\/gooddealersmeds.com\\\/fr\\\/wp-content\\\/uploads\\\/sites\\\/5\\\/2022\\\/03\\\/Fentanyl-Nasal-Spray-20201024234300-600x600-1.jpg\",\"width\":600,\"height\":600},{\"@type\":\"BreadcrumbList\",\"@id\":\"https:\\\/\\\/gooddealersmeds.com\\\/fr\\\/product\\\/acheter-fentanyl-spray-nasal\\\/#breadcrumb\",\"itemListElement\":[{\"@type\":\"ListItem\",\"position\":1,\"name\":\"Home\",\"item\":\"https:\\\/\\\/gooddealersmeds.com\\\/fr\\\/\"},{\"@type\":\"ListItem\",\"position\":2,\"name\":\"Des produits\",\"item\":\"https:\\\/\\\/gooddealersmeds.com\\\/fr\\\/des-produits\\\/\"},{\"@type\":\"ListItem\",\"position\":3,\"name\":\"Acheter Spray Nasal Fentanyl\"}]},{\"@type\":\"WebSite\",\"@id\":\"https:\\\/\\\/gooddealersmeds.com\\\/fr\\\/#website\",\"url\":\"https:\\\/\\\/gooddealersmeds.com\\\/fr\\\/\",\"name\":\"Good Dealers Meds\",\"description\":\"All our best\",\"publisher\":{\"@id\":\"https:\\\/\\\/gooddealersmeds.com\\\/fr\\\/#organization\"},\"potentialAction\":[{\"@type\":\"SearchAction\",\"target\":{\"@type\":\"EntryPoint\",\"urlTemplate\":\"https:\\\/\\\/gooddealersmeds.com\\\/fr\\\/?s={search_term_string}\"},\"query-input\":{\"@type\":\"PropertyValueSpecification\",\"valueRequired\":true,\"valueName\":\"search_term_string\"}}],\"inLanguage\":\"en-US\"},{\"@type\":\"Organization\",\"@id\":\"https:\\\/\\\/gooddealersmeds.com\\\/fr\\\/#organization\",\"name\":\"Good Dealers Meds\",\"url\":\"https:\\\/\\\/gooddealersmeds.com\\\/fr\\\/\",\"logo\":{\"@type\":\"ImageObject\",\"inLanguage\":\"en-US\",\"@id\":\"https:\\\/\\\/gooddealersmeds.com\\\/fr\\\/#\\\/schema\\\/logo\\\/image\\\/\",\"url\":\"https:\\\/\\\/gooddealersmeds.com\\\/fr\\\/wp-content\\\/uploads\\\/sites\\\/5\\\/2022\\\/03\\\/gooddealersmeds__logo__20220317T222800Z.00.png\",\"contentUrl\":\"https:\\\/\\\/gooddealersmeds.com\\\/fr\\\/wp-content\\\/uploads\\\/sites\\\/5\\\/2022\\\/03\\\/gooddealersmeds__logo__20220317T222800Z.00.png\",\"width\":500,\"height\":325,\"caption\":\"Good Dealers Meds\"},\"image\":{\"@id\":\"https:\\\/\\\/gooddealersmeds.com\\\/fr\\\/#\\\/schema\\\/logo\\\/image\\\/\"}}]}<\/script>\n<!-- \/ Yoast SEO Premium plugin. -->","yoast_head_json":{"title":"Acheter le vaporisateur nasal Fentanyl | Good Dealers Meds","description":"Acheter le vaporisateur nasal Fentanyl, nous fournissons un vaporisateur nasal de fentanyl de haute qualit\u00e9 \u00e0 un prix bon et abordable, contactez-nous pour plus d'informations.","robots":{"index":"index","follow":"follow","max-snippet":"max-snippet:-1","max-image-preview":"max-image-preview:large","max-video-preview":"max-video-preview:-1"},"canonical":"https:\/\/gooddealersmeds.com\/fr\/product\/acheter-fentanyl-spray-nasal\/","og_locale":"en_US","og_type":"article","og_title":"Acheter Spray Nasal Fentanyl","og_description":"Acheter le vaporisateur nasal Fentanyl, nous fournissons un vaporisateur nasal de fentanyl de haute qualit\u00e9 \u00e0 un prix bon et abordable, contactez-nous pour plus d'informations.","og_url":"https:\/\/gooddealersmeds.com\/fr\/product\/acheter-fentanyl-spray-nasal\/","og_site_name":"Good Dealers Meds","article_modified_time":"2023-01-06T13:50:22+00:00","og_image":[{"width":600,"height":600,"url":"https:\/\/gooddealersmeds.com\/fr\/wp-content\/uploads\/sites\/5\/2022\/03\/Fentanyl-Nasal-Spray-20201024234300-600x600-1.jpg","type":"image\/jpeg"}],"twitter_card":"summary_large_image","twitter_misc":{"Est. reading time":"2 minutes"},"schema":{"@context":"https:\/\/schema.org","@graph":[{"@type":"WebPage","@id":"https:\/\/gooddealersmeds.com\/fr\/product\/acheter-fentanyl-spray-nasal\/","url":"https:\/\/gooddealersmeds.com\/fr\/product\/acheter-fentanyl-spray-nasal\/","name":"Acheter le vaporisateur nasal Fentanyl | Good Dealers Meds","isPartOf":{"@id":"https:\/\/gooddealersmeds.com\/fr\/#website"},"primaryImageOfPage":{"@id":"https:\/\/gooddealersmeds.com\/fr\/product\/acheter-fentanyl-spray-nasal\/#primaryimage"},"image":{"@id":"https:\/\/gooddealersmeds.com\/fr\/product\/acheter-fentanyl-spray-nasal\/#primaryimage"},"thumbnailUrl":"https:\/\/gooddealersmeds.com\/fr\/wp-content\/uploads\/sites\/5\/2022\/03\/Fentanyl-Nasal-Spray-20201024234300-600x600-1.jpg","datePublished":"2022-03-19T02:56:20+00:00","dateModified":"2023-01-06T13:50:22+00:00","description":"Acheter le vaporisateur nasal Fentanyl, nous fournissons un vaporisateur nasal de fentanyl de haute qualit\u00e9 \u00e0 un prix bon et abordable, contactez-nous pour plus d'informations.","breadcrumb":{"@id":"https:\/\/gooddealersmeds.com\/fr\/product\/acheter-fentanyl-spray-nasal\/#breadcrumb"},"inLanguage":"en-US","potentialAction":[{"@type":"ReadAction","target":["https:\/\/gooddealersmeds.com\/fr\/product\/acheter-fentanyl-spray-nasal\/"]}]},{"@type":"ImageObject","inLanguage":"en-US","@id":"https:\/\/gooddealersmeds.com\/fr\/product\/acheter-fentanyl-spray-nasal\/#primaryimage","url":"https:\/\/gooddealersmeds.com\/fr\/wp-content\/uploads\/sites\/5\/2022\/03\/Fentanyl-Nasal-Spray-20201024234300-600x600-1.jpg","contentUrl":"https:\/\/gooddealersmeds.com\/fr\/wp-content\/uploads\/sites\/5\/2022\/03\/Fentanyl-Nasal-Spray-20201024234300-600x600-1.jpg","width":600,"height":600},{"@type":"BreadcrumbList","@id":"https:\/\/gooddealersmeds.com\/fr\/product\/acheter-fentanyl-spray-nasal\/#breadcrumb","itemListElement":[{"@type":"ListItem","position":1,"name":"Home","item":"https:\/\/gooddealersmeds.com\/fr\/"},{"@type":"ListItem","position":2,"name":"Des produits","item":"https:\/\/gooddealersmeds.com\/fr\/des-produits\/"},{"@type":"ListItem","position":3,"name":"Acheter Spray Nasal Fentanyl"}]},{"@type":"WebSite","@id":"https:\/\/gooddealersmeds.com\/fr\/#website","url":"https:\/\/gooddealersmeds.com\/fr\/","name":"Good Dealers Meds","description":"All our best","publisher":{"@id":"https:\/\/gooddealersmeds.com\/fr\/#organization"},"potentialAction":[{"@type":"SearchAction","target":{"@type":"EntryPoint","urlTemplate":"https:\/\/gooddealersmeds.com\/fr\/?s={search_term_string}"},"query-input":{"@type":"PropertyValueSpecification","valueRequired":true,"valueName":"search_term_string"}}],"inLanguage":"en-US"},{"@type":"Organization","@id":"https:\/\/gooddealersmeds.com\/fr\/#organization","name":"Good Dealers Meds","url":"https:\/\/gooddealersmeds.com\/fr\/","logo":{"@type":"ImageObject","inLanguage":"en-US","@id":"https:\/\/gooddealersmeds.com\/fr\/#\/schema\/logo\/image\/","url":"https:\/\/gooddealersmeds.com\/fr\/wp-content\/uploads\/sites\/5\/2022\/03\/gooddealersmeds__logo__20220317T222800Z.00.png","contentUrl":"https:\/\/gooddealersmeds.com\/fr\/wp-content\/uploads\/sites\/5\/2022\/03\/gooddealersmeds__logo__20220317T222800Z.00.png","width":500,"height":325,"caption":"Good Dealers Meds"},"image":{"@id":"https:\/\/gooddealersmeds.com\/fr\/#\/schema\/logo\/image\/"}}]}},"_links":{"self":[{"href":"https:\/\/gooddealersmeds.com\/fr\/wp-json\/wp\/v2\/product\/1749","targetHints":{"allow":["GET"]}}],"collection":[{"href":"https:\/\/gooddealersmeds.com\/fr\/wp-json\/wp\/v2\/product"}],"about":[{"href":"https:\/\/gooddealersmeds.com\/fr\/wp-json\/wp\/v2\/types\/product"}],"replies":[{"embeddable":true,"href":"https:\/\/gooddealersmeds.com\/fr\/wp-json\/wp\/v2\/comments?post=1749"}],"wp:featuredmedia":[{"embeddable":true,"href":"https:\/\/gooddealersmeds.com\/fr\/wp-json\/wp\/v2\/media\/1755"}],"wp:attachment":[{"href":"https:\/\/gooddealersmeds.com\/fr\/wp-json\/wp\/v2\/media?parent=1749"}],"wp:term":[{"taxonomy":"product_brand","embeddable":true,"href":"https:\/\/gooddealersmeds.com\/fr\/wp-json\/wp\/v2\/product_brand?post=1749"},{"taxonomy":"product_cat","embeddable":true,"href":"https:\/\/gooddealersmeds.com\/fr\/wp-json\/wp\/v2\/product_cat?post=1749"},{"taxonomy":"product_tag","embeddable":true,"href":"https:\/\/gooddealersmeds.com\/fr\/wp-json\/wp\/v2\/product_tag?post=1749"}],"curies":[{"name":"wp","href":"https:\/\/api.w.org\/{rel}","templated":true}]}}