{"id":1744,"date":"2022-03-19T02:44:47","date_gmt":"2022-03-19T02:44:47","guid":{"rendered":"https:\/\/gooddealersmeds.com\/fr\/?post_type=product&#038;p=1744"},"modified":"2023-01-06T13:53:28","modified_gmt":"2023-01-06T13:53:28","slug":"acheter-tablettes-lsd-en-ligne","status":"publish","type":"product","link":"https:\/\/gooddealersmeds.com\/fr\/product\/acheter-tablettes-lsd-en-ligne\/","title":{"rendered":"Acheter des comprim\u00e9s de LSD en ligne"},"content":{"rendered":"<h2>Acheter des comprim\u00e9s de LSD de 50 mcg en ligne.<\/h2>\n<p>Acheter un comprim\u00e9 de LSD, Commandez des comprim\u00e9s de LSD dans nos comprim\u00e9s de LSD <a href=\"https:\/\/gooddealersmeds.com\/fr\/products\/\"><span style=\"color: #333333\">boutique<\/span>.<\/a>\u00a0Si vous souhaitez acheter des comprim\u00e9s de LSD de bonne qualit\u00e9, ne cherchez pas plus loin, vous \u00eates au bon endroit. Nos comprim\u00e9s de LSD sont actuellement les meilleurs sur le march\u00e9.<\/p>\n<p>L&#8217;acide lysergique di\u00e9thylamide (LSD), \u00e9galement connu sous le nom d&#8217;acide, est une drogue psych\u00e9d\u00e9lique connue pour sa <span style=\"color: #333333\"><a style=\"color: #333333\" href=\"https:\/\/adf.org.au\/drug-facts\/psychedelics\/\">effets psych\u00e9d\u00e9liques<\/a><\/span>. Le LSD est le plus puissant et le plus notoire des hallucinog\u00e8nes, et celui qui a fait conna\u00eetre cette classe de drogues au public dans les ann\u00e9es 1960. Le LSD a \u00e9t\u00e9 synth\u00e9tis\u00e9 \u00e0 l&#8217;origine \u00e0 partir d&#8217;alcalo\u00efdes de l&#8217;ergot extraits du champignon de l&#8217;ergot Claviceps purpurea. Cela peut inclure une alt\u00e9ration de la conscience de l&#8217;environnement, des perceptions et des sentiments ainsi que des sensations et des images qui semblent r\u00e9elles bien qu&#8217;elles ne le soient pas. Il est principalement utilis\u00e9 comme drogue r\u00e9cr\u00e9ative et pour des raisons spirituelles.<\/p>\n<p>Le LSD est une drogue psychotrope. En interagissant avec les r\u00e9cepteurs de la s\u00e9rotonine dans le cerveau, on pense que le LSD provoque ses effets hallucinog\u00e8nes caract\u00e9ristiques. La s\u00e9rotonine est un neurotransmetteur qui aide \u00e0 r\u00e9guler votre humeur et votre comportement, r\u00e9gule vos sens et mod\u00e8re vos\u00a0pens\u00e9es.<\/p>\n<p>Nom g\u00e9n\u00e9rique\u00a0: di\u00e9thylamide de l&#8217;acide lysergique<br \/>\nNoms communs ou de rue : le LSD est vendu sous plus de 80 les noms de rue, y compris acide, buvard, cid, doses, points et voyages, ainsi que les noms qui refl\u00e8tent les dessins sur les feuilles de papier buvard (par exemple, &#8220;dragon violet&#8221;) Acheter un comprim\u00e9 de LSD<\/p>\n<p>&nbsp;<\/p>\n<p>&nbsp;<\/p>\n<pre><strong>Acheter des comprim\u00e9s de LSD 50mcg en ligne - acheter des comprim\u00e9s LSD, acheter des comprim\u00e9s LSD 50mcg, acheter du LSD 50mcg en ligne, O\u00f9 acheter des comprim\u00e9s LSD 50mcg, des comprim\u00e9s LSD 50mcg \u00e0 vendre, LSD comprim\u00e9s \u00e0 vendre, acheter des comprim\u00e9s en ligne, o\u00f9 acheter des comprim\u00e9s de LSD 50mcg en ligne, des comprim\u00e9s de LSD 50mcg \u00e0 vendre aux \u00c9tats-Unis, aux \u00c9tats-Unis, au Canada, au Royaume-Uni, acheter, en ligne, des fournisseurs, une livraison en toute s\u00e9curit\u00e9, Vous pouvez toujours obtenir des comprim\u00e9s de LSD de 50mcg, 50mcg de LSD comprim\u00e9s l\u00e9gaux aux \u00c9tats-Unis, acheter des comprim\u00e9s de LSD de 50\u00a0mcg en ligne aux \u00c9tats-Unis, comment commander des comprim\u00e9s de LSD de 50\u00a0mcg, les comprim\u00e9s de LSD de 50\u00a0mcg sont-ils l\u00e9gaux au Canada<\/strong><\/pre>\n","protected":false},"excerpt":{"rendered":"<p>Achetez des comprim\u00e9s de LSD de 50\u00a0mcg en ligne aupr\u00e8s de Good Dealers Meds. Comprim\u00e9s de LSD \u00e0 vendre aux \u00c9tats-Unis et au Canada \u00e0 un prix tr\u00e8s bas et recevez votre livraison \u00e0 votre porte dans les d\u00e9lais.<\/p>\n","protected":false},"featured_media":1748,"comment_status":"open","ping_status":"closed","template":"","meta":{"inline_featured_image":false},"product_brand":[],"product_cat":[345],"product_tag":[107,301,309,300,299,101,105,310,304,306,108,104,109,311,308,110,305,302,106,303,307],"class_list":{"0":"post-1744","1":"product","2":"type-product","3":"status-publish","4":"has-post-thumbnail","6":"product_cat-drogues-psychdliques","7":"product_tag-acheter","8":"product_tag-acheter-50mcg-lsd-en-ligne","9":"product_tag-acheter-50mcg-lsd-comprims-en-ligne-usa","10":"product_tag-acheter-50mcg-comprims-lsd","11":"product_tag-acheter-50mcg-comprims-lsd-en-ligne-acheter-comprims-lsd","12":"product_tag-acheter-tablettes-en-ligne","13":"product_tag-canada","14":"product_tag-comment-commander-50mcg-comprims-lsd","15":"product_tag-tablettes-lsd-a-vendre","16":"product_tag-50mcg-lsd-comprims--vendre-aux-etats-unis","17":"product_tag-en-ligne","18":"product_tag-etats-unis","19":"product_tag-fournisseurs","20":"product_tag-is-50mcg-lsd-tablets-legal-in-canada","21":"product_tag-is-50mcg-lsd-tablets-legal-in-usa","22":"product_tag-livraison-en-toute-scurit","23":"product_tag-o-acheter-50mcg-lsd-comprims-en-ligne","24":"product_tag-o-acheter-50mcg-comprims-lsd","25":"product_tag-royaume-uni","26":"product_tag-50mcg-lsd-comprims--vendre","27":"product_tag-vous-pouvez-toujours-obtenir-des-comprims-50mcg-lsd","29":"first","30":"instock","31":"shipping-taxable","32":"purchasable","33":"product-type-variable","34":"has-default-attributes"},"yoast_head":"<!-- This site is optimized with the Yoast SEO Premium plugin v20.6 (Yoast SEO v27.4) - https:\/\/yoast.com\/product\/yoast-seo-premium-wordpress\/ -->\n<title>Acheter un comprim\u00e9 de LSD | Meilleur LSD de qualit\u00e9 \u00e0 vendre<\/title>\n<meta name=\"description\" content=\"Acheter un comprim\u00e9 de LSD de 50 mcg en ligne dans la boutique. Comprim\u00e9s de LSD \u00e0 vendre aux \u00c9tats-Unis et au Canada \u00e0 bas prix, faites-vous livrer \u00e0 la porte\u00a0!\" \/>\n<meta name=\"robots\" content=\"index, follow, max-snippet:-1, max-image-preview:large, max-video-preview:-1\" \/>\n<link rel=\"canonical\" href=\"https:\/\/gooddealersmeds.com\/fr\/product\/acheter-tablettes-lsd-en-ligne\/\" \/>\n<meta property=\"og:locale\" content=\"en_US\" \/>\n<meta property=\"og:type\" content=\"article\" \/>\n<meta property=\"og:title\" content=\"Acheter des comprim\u00e9s de LSD en ligne\" \/>\n<meta property=\"og:description\" content=\"Acheter un comprim\u00e9 de LSD de 50 mcg en ligne dans la boutique. Comprim\u00e9s de LSD \u00e0 vendre aux \u00c9tats-Unis et au Canada \u00e0 bas prix, faites-vous livrer \u00e0 la porte\u00a0!\" \/>\n<meta property=\"og:url\" content=\"https:\/\/gooddealersmeds.com\/fr\/product\/acheter-tablettes-lsd-en-ligne\/\" \/>\n<meta property=\"og:site_name\" content=\"Good Dealers Meds\" \/>\n<meta property=\"article:modified_time\" content=\"2023-01-06T13:53:28+00:00\" \/>\n<meta property=\"og:image\" content=\"https:\/\/gooddealersmeds.com\/fr\/wp-content\/uploads\/sites\/5\/2022\/03\/buy-50mcg-lsd-tablets-online.jpg\" \/>\n\t<meta property=\"og:image:width\" content=\"600\" \/>\n\t<meta property=\"og:image:height\" content=\"600\" \/>\n\t<meta property=\"og:image:type\" content=\"image\/jpeg\" \/>\n<meta name=\"twitter:card\" content=\"summary_large_image\" \/>\n<meta name=\"twitter:label1\" content=\"Est. reading time\" \/>\n\t<meta name=\"twitter:data1\" content=\"2 minutes\" \/>\n<script type=\"application\/ld+json\" class=\"yoast-schema-graph\">{\"@context\":\"https:\\\/\\\/schema.org\",\"@graph\":[{\"@type\":\"WebPage\",\"@id\":\"https:\\\/\\\/gooddealersmeds.com\\\/fr\\\/product\\\/acheter-tablettes-lsd-en-ligne\\\/\",\"url\":\"https:\\\/\\\/gooddealersmeds.com\\\/fr\\\/product\\\/acheter-tablettes-lsd-en-ligne\\\/\",\"name\":\"Acheter un comprim\u00e9 de LSD | Meilleur LSD de qualit\u00e9 \u00e0 vendre\",\"isPartOf\":{\"@id\":\"https:\\\/\\\/gooddealersmeds.com\\\/fr\\\/#website\"},\"primaryImageOfPage\":{\"@id\":\"https:\\\/\\\/gooddealersmeds.com\\\/fr\\\/product\\\/acheter-tablettes-lsd-en-ligne\\\/#primaryimage\"},\"image\":{\"@id\":\"https:\\\/\\\/gooddealersmeds.com\\\/fr\\\/product\\\/acheter-tablettes-lsd-en-ligne\\\/#primaryimage\"},\"thumbnailUrl\":\"https:\\\/\\\/gooddealersmeds.com\\\/fr\\\/wp-content\\\/uploads\\\/sites\\\/5\\\/2022\\\/03\\\/buy-50mcg-lsd-tablets-online.jpg\",\"datePublished\":\"2022-03-19T02:44:47+00:00\",\"dateModified\":\"2023-01-06T13:53:28+00:00\",\"description\":\"Acheter un comprim\u00e9 de LSD de 50 mcg en ligne dans la boutique. Comprim\u00e9s de LSD \u00e0 vendre aux \u00c9tats-Unis et au Canada \u00e0 bas prix, faites-vous livrer \u00e0 la porte\u00a0!\",\"breadcrumb\":{\"@id\":\"https:\\\/\\\/gooddealersmeds.com\\\/fr\\\/product\\\/acheter-tablettes-lsd-en-ligne\\\/#breadcrumb\"},\"inLanguage\":\"en-US\",\"potentialAction\":[{\"@type\":\"ReadAction\",\"target\":[\"https:\\\/\\\/gooddealersmeds.com\\\/fr\\\/product\\\/acheter-tablettes-lsd-en-ligne\\\/\"]}]},{\"@type\":\"ImageObject\",\"inLanguage\":\"en-US\",\"@id\":\"https:\\\/\\\/gooddealersmeds.com\\\/fr\\\/product\\\/acheter-tablettes-lsd-en-ligne\\\/#primaryimage\",\"url\":\"https:\\\/\\\/gooddealersmeds.com\\\/fr\\\/wp-content\\\/uploads\\\/sites\\\/5\\\/2022\\\/03\\\/buy-50mcg-lsd-tablets-online.jpg\",\"contentUrl\":\"https:\\\/\\\/gooddealersmeds.com\\\/fr\\\/wp-content\\\/uploads\\\/sites\\\/5\\\/2022\\\/03\\\/buy-50mcg-lsd-tablets-online.jpg\",\"width\":600,\"height\":600,\"caption\":\"Buy LSD Tablets Online\"},{\"@type\":\"BreadcrumbList\",\"@id\":\"https:\\\/\\\/gooddealersmeds.com\\\/fr\\\/product\\\/acheter-tablettes-lsd-en-ligne\\\/#breadcrumb\",\"itemListElement\":[{\"@type\":\"ListItem\",\"position\":1,\"name\":\"Home\",\"item\":\"https:\\\/\\\/gooddealersmeds.com\\\/fr\\\/\"},{\"@type\":\"ListItem\",\"position\":2,\"name\":\"Des produits\",\"item\":\"https:\\\/\\\/gooddealersmeds.com\\\/fr\\\/des-produits\\\/\"},{\"@type\":\"ListItem\",\"position\":3,\"name\":\"Acheter des comprim\u00e9s de LSD en ligne\"}]},{\"@type\":\"WebSite\",\"@id\":\"https:\\\/\\\/gooddealersmeds.com\\\/fr\\\/#website\",\"url\":\"https:\\\/\\\/gooddealersmeds.com\\\/fr\\\/\",\"name\":\"Good Dealers Meds\",\"description\":\"All our best\",\"publisher\":{\"@id\":\"https:\\\/\\\/gooddealersmeds.com\\\/fr\\\/#organization\"},\"potentialAction\":[{\"@type\":\"SearchAction\",\"target\":{\"@type\":\"EntryPoint\",\"urlTemplate\":\"https:\\\/\\\/gooddealersmeds.com\\\/fr\\\/?s={search_term_string}\"},\"query-input\":{\"@type\":\"PropertyValueSpecification\",\"valueRequired\":true,\"valueName\":\"search_term_string\"}}],\"inLanguage\":\"en-US\"},{\"@type\":\"Organization\",\"@id\":\"https:\\\/\\\/gooddealersmeds.com\\\/fr\\\/#organization\",\"name\":\"Good Dealers Meds\",\"url\":\"https:\\\/\\\/gooddealersmeds.com\\\/fr\\\/\",\"logo\":{\"@type\":\"ImageObject\",\"inLanguage\":\"en-US\",\"@id\":\"https:\\\/\\\/gooddealersmeds.com\\\/fr\\\/#\\\/schema\\\/logo\\\/image\\\/\",\"url\":\"https:\\\/\\\/gooddealersmeds.com\\\/fr\\\/wp-content\\\/uploads\\\/sites\\\/5\\\/2022\\\/03\\\/gooddealersmeds__logo__20220317T222800Z.00.png\",\"contentUrl\":\"https:\\\/\\\/gooddealersmeds.com\\\/fr\\\/wp-content\\\/uploads\\\/sites\\\/5\\\/2022\\\/03\\\/gooddealersmeds__logo__20220317T222800Z.00.png\",\"width\":500,\"height\":325,\"caption\":\"Good Dealers Meds\"},\"image\":{\"@id\":\"https:\\\/\\\/gooddealersmeds.com\\\/fr\\\/#\\\/schema\\\/logo\\\/image\\\/\"}}]}<\/script>\n<!-- \/ Yoast SEO Premium plugin. -->","yoast_head_json":{"title":"Acheter un comprim\u00e9 de LSD | Meilleur LSD de qualit\u00e9 \u00e0 vendre","description":"Acheter un comprim\u00e9 de LSD de 50 mcg en ligne dans la boutique. Comprim\u00e9s de LSD \u00e0 vendre aux \u00c9tats-Unis et au Canada \u00e0 bas prix, faites-vous livrer \u00e0 la porte\u00a0!","robots":{"index":"index","follow":"follow","max-snippet":"max-snippet:-1","max-image-preview":"max-image-preview:large","max-video-preview":"max-video-preview:-1"},"canonical":"https:\/\/gooddealersmeds.com\/fr\/product\/acheter-tablettes-lsd-en-ligne\/","og_locale":"en_US","og_type":"article","og_title":"Acheter des comprim\u00e9s de LSD en ligne","og_description":"Acheter un comprim\u00e9 de LSD de 50 mcg en ligne dans la boutique. Comprim\u00e9s de LSD \u00e0 vendre aux \u00c9tats-Unis et au Canada \u00e0 bas prix, faites-vous livrer \u00e0 la porte\u00a0!","og_url":"https:\/\/gooddealersmeds.com\/fr\/product\/acheter-tablettes-lsd-en-ligne\/","og_site_name":"Good Dealers Meds","article_modified_time":"2023-01-06T13:53:28+00:00","og_image":[{"width":600,"height":600,"url":"https:\/\/gooddealersmeds.com\/fr\/wp-content\/uploads\/sites\/5\/2022\/03\/buy-50mcg-lsd-tablets-online.jpg","type":"image\/jpeg"}],"twitter_card":"summary_large_image","twitter_misc":{"Est. reading time":"2 minutes"},"schema":{"@context":"https:\/\/schema.org","@graph":[{"@type":"WebPage","@id":"https:\/\/gooddealersmeds.com\/fr\/product\/acheter-tablettes-lsd-en-ligne\/","url":"https:\/\/gooddealersmeds.com\/fr\/product\/acheter-tablettes-lsd-en-ligne\/","name":"Acheter un comprim\u00e9 de LSD | Meilleur LSD de qualit\u00e9 \u00e0 vendre","isPartOf":{"@id":"https:\/\/gooddealersmeds.com\/fr\/#website"},"primaryImageOfPage":{"@id":"https:\/\/gooddealersmeds.com\/fr\/product\/acheter-tablettes-lsd-en-ligne\/#primaryimage"},"image":{"@id":"https:\/\/gooddealersmeds.com\/fr\/product\/acheter-tablettes-lsd-en-ligne\/#primaryimage"},"thumbnailUrl":"https:\/\/gooddealersmeds.com\/fr\/wp-content\/uploads\/sites\/5\/2022\/03\/buy-50mcg-lsd-tablets-online.jpg","datePublished":"2022-03-19T02:44:47+00:00","dateModified":"2023-01-06T13:53:28+00:00","description":"Acheter un comprim\u00e9 de LSD de 50 mcg en ligne dans la boutique. Comprim\u00e9s de LSD \u00e0 vendre aux \u00c9tats-Unis et au Canada \u00e0 bas prix, faites-vous livrer \u00e0 la porte\u00a0!","breadcrumb":{"@id":"https:\/\/gooddealersmeds.com\/fr\/product\/acheter-tablettes-lsd-en-ligne\/#breadcrumb"},"inLanguage":"en-US","potentialAction":[{"@type":"ReadAction","target":["https:\/\/gooddealersmeds.com\/fr\/product\/acheter-tablettes-lsd-en-ligne\/"]}]},{"@type":"ImageObject","inLanguage":"en-US","@id":"https:\/\/gooddealersmeds.com\/fr\/product\/acheter-tablettes-lsd-en-ligne\/#primaryimage","url":"https:\/\/gooddealersmeds.com\/fr\/wp-content\/uploads\/sites\/5\/2022\/03\/buy-50mcg-lsd-tablets-online.jpg","contentUrl":"https:\/\/gooddealersmeds.com\/fr\/wp-content\/uploads\/sites\/5\/2022\/03\/buy-50mcg-lsd-tablets-online.jpg","width":600,"height":600,"caption":"Buy LSD Tablets Online"},{"@type":"BreadcrumbList","@id":"https:\/\/gooddealersmeds.com\/fr\/product\/acheter-tablettes-lsd-en-ligne\/#breadcrumb","itemListElement":[{"@type":"ListItem","position":1,"name":"Home","item":"https:\/\/gooddealersmeds.com\/fr\/"},{"@type":"ListItem","position":2,"name":"Des produits","item":"https:\/\/gooddealersmeds.com\/fr\/des-produits\/"},{"@type":"ListItem","position":3,"name":"Acheter des comprim\u00e9s de LSD en ligne"}]},{"@type":"WebSite","@id":"https:\/\/gooddealersmeds.com\/fr\/#website","url":"https:\/\/gooddealersmeds.com\/fr\/","name":"Good Dealers Meds","description":"All our best","publisher":{"@id":"https:\/\/gooddealersmeds.com\/fr\/#organization"},"potentialAction":[{"@type":"SearchAction","target":{"@type":"EntryPoint","urlTemplate":"https:\/\/gooddealersmeds.com\/fr\/?s={search_term_string}"},"query-input":{"@type":"PropertyValueSpecification","valueRequired":true,"valueName":"search_term_string"}}],"inLanguage":"en-US"},{"@type":"Organization","@id":"https:\/\/gooddealersmeds.com\/fr\/#organization","name":"Good Dealers Meds","url":"https:\/\/gooddealersmeds.com\/fr\/","logo":{"@type":"ImageObject","inLanguage":"en-US","@id":"https:\/\/gooddealersmeds.com\/fr\/#\/schema\/logo\/image\/","url":"https:\/\/gooddealersmeds.com\/fr\/wp-content\/uploads\/sites\/5\/2022\/03\/gooddealersmeds__logo__20220317T222800Z.00.png","contentUrl":"https:\/\/gooddealersmeds.com\/fr\/wp-content\/uploads\/sites\/5\/2022\/03\/gooddealersmeds__logo__20220317T222800Z.00.png","width":500,"height":325,"caption":"Good Dealers Meds"},"image":{"@id":"https:\/\/gooddealersmeds.com\/fr\/#\/schema\/logo\/image\/"}}]}},"_links":{"self":[{"href":"https:\/\/gooddealersmeds.com\/fr\/wp-json\/wp\/v2\/product\/1744","targetHints":{"allow":["GET"]}}],"collection":[{"href":"https:\/\/gooddealersmeds.com\/fr\/wp-json\/wp\/v2\/product"}],"about":[{"href":"https:\/\/gooddealersmeds.com\/fr\/wp-json\/wp\/v2\/types\/product"}],"replies":[{"embeddable":true,"href":"https:\/\/gooddealersmeds.com\/fr\/wp-json\/wp\/v2\/comments?post=1744"}],"wp:featuredmedia":[{"embeddable":true,"href":"https:\/\/gooddealersmeds.com\/fr\/wp-json\/wp\/v2\/media\/1748"}],"wp:attachment":[{"href":"https:\/\/gooddealersmeds.com\/fr\/wp-json\/wp\/v2\/media?parent=1744"}],"wp:term":[{"taxonomy":"product_brand","embeddable":true,"href":"https:\/\/gooddealersmeds.com\/fr\/wp-json\/wp\/v2\/product_brand?post=1744"},{"taxonomy":"product_cat","embeddable":true,"href":"https:\/\/gooddealersmeds.com\/fr\/wp-json\/wp\/v2\/product_cat?post=1744"},{"taxonomy":"product_tag","embeddable":true,"href":"https:\/\/gooddealersmeds.com\/fr\/wp-json\/wp\/v2\/product_tag?post=1744"}],"curies":[{"name":"wp","href":"https:\/\/api.w.org\/{rel}","templated":true}]}}