{"id":1728,"date":"2022-03-19T02:16:28","date_gmt":"2022-03-19T02:16:28","guid":{"rendered":"https:\/\/gooddealersmeds.com\/fr\/?post_type=product&#038;p=1728"},"modified":"2023-01-06T14:30:14","modified_gmt":"2023-01-06T14:30:14","slug":"patchs-fentanyl","status":"publish","type":"product","link":"https:\/\/gooddealersmeds.com\/fr\/product\/patchs-fentanyl\/","title":{"rendered":"Achetez des patchs de fentanyl en ligne"},"content":{"rendered":"<h2>O\u00f9 acheter des patchs de fentanyl &#8211; commandez des patchs de fentanyl \u00e0 un prix abordable aupr\u00e8s d&#8217;un fournisseur de confiance<\/h2>\n<p>Patches Fentanyl \u00e0 vendre (\u00e9galement connu sous le nom de fentanil) est un analg\u00e9sique opio\u00efde <a href=\"https:\/\/www.nembutalgroup.com\/products\/\">synth\u00e9tique<\/a> puissant avec une courte dur\u00e9e d&#8217;action. C&#8217;est un puissant agoniste des r\u00e9cepteurs -opio\u00efdes. On estime que le fentanyl est 50 \u00e0 100 fois plus puissant que la morphine.<\/p>\n<p>Le fentanyl appartient \u00e0 un groupe de m\u00e9dicaments appel\u00e9s opio\u00efdes. <a href=\"https:\/\/gooddealersmeds.com\/fr\/product\/fentanyl-patches\/\">Fentanyl<\/a> est utilis\u00e9 pour traiter la douleur intense chronique persistante (\u00e0 long terme) chez les personnes qui ont besoin d&#8217;un soulagement constant de la douleur et qui sont prenez actuellement d&#8217;autres m\u00e9dicaments opio\u00efdes (narcotiques).<\/p>\n<p>L&#8217;analg\u00e9sique opio\u00efde contenu dans le patch de fentanyl p\u00e9n\u00e8tre progressivement dans votre corps. Cela peut prendre jusqu&#8217;\u00e0 deux jours pour que votre patch de fentanyl initial ait un impact \u00e9vident, mais les patchs suivants maintiendront cet effet. Cela signifie que vous pouvez continuer \u00e0 soulager la douleur tant que vous vous souvenez de changer de patch tous les trois jours. Changez votre patch \u00e0 la m\u00eame heure chaque jour.<\/p>\n<p><strong>Qu&#8217;est-ce que les patchs Fentanyl et comment \u00e7a marche ?<\/strong><\/p>\n<p>Les opio\u00efdes (comme les patchs de fentanyl) procurent rarement un soulagement total de la douleur. Votre m\u00e9decin, infirmi\u00e8re ou pharmacien local d\u00e9terminera la meilleure approche pour g\u00e9rer votre douleur et modifiera la dose pour vous procurer un soulagement de la douleur la plupart du temps. Ils viseront \u00e9galement \u00e0 minimiser les effets n\u00e9gatifs.<\/p>\n<p>Si ces effets ind\u00e9sirables persistent pendant plus de quelques jours, votre m\u00e9decin peut vous prescrire des m\u00e9dicaments suppl\u00e9mentaires pour vous aider, tels que des m\u00e9dicaments anti-maladie. La constipation est un effet secondaire courant qui ne dispara\u00eet pas apr\u00e8s quelques jours. Pour traiter la constipation, vous devrez peut-\u00eatre essayer un laxatif ou augmenter la quantit\u00e9 de fibres et d&#8217;eau dans votre alimentation. Patches Fentanyl \u00e0 vendre<\/p>\n<p><strong>Effets<\/strong><\/p>\n<p>Les naus\u00e9es, les vomissements, la constipation, les \u00e9tourdissements, les \u00e9tourdissements, la somnolence ou les maux de t\u00eate sont tous des effets secondaires possibles. Un l\u00e9ger inconfort, des d\u00e9mangeaisons ou des rougeurs peuvent \u00e9galement survenir au site d&#8217;application. Certains de ces effets ind\u00e9sirables peuvent dispara\u00eetre apr\u00e8s une p\u00e9riode d&#8217;utilisation de ce m\u00e9dicament. Informez votre m\u00e9decin ou votre pharmacien une fois si l&#8217;un de ces effets ind\u00e9sirables persiste ou s&#8217;aggrave.<\/p>\n<p>Vous pouvez acheter des patchs de fentanyl en ligne dans notre boutique sans ordonnance.<\/p>\n","protected":false},"excerpt":{"rendered":"<p>Le fentanyl, \u00e9galement orthographi\u00e9 fentanil, est un opio\u00efde utilis\u00e9 comme analg\u00e9sique et avec d&#8217;autres m\u00e9dicaments pour l&#8217;anesth\u00e9sie. Le fentanyl est \u00e9galement utilis\u00e9 comme drogue r\u00e9cr\u00e9ative, souvent m\u00e9lang\u00e9 \u00e0 de l&#8217;h\u00e9ro\u00efne ou de la coca\u00efne. Il a un d\u00e9but rapide et ses effets durent g\u00e9n\u00e9ralement moins de deux heures. Achetez du fentanyl en ligne, achetez des patchs de fentanyl en ligne<\/p>\n<p>&nbsp;<\/p>\n<p><strong>5 patchs par bo\u00eete<\/strong><\/p>\n","protected":false},"featured_media":1734,"comment_status":"open","ping_status":"closed","template":"","meta":{"inline_featured_image":false},"product_brand":[],"product_cat":[347],"product_tag":[297,298,97],"class_list":{"0":"post-1728","1":"product","2":"type-product","3":"status-publish","4":"has-post-thumbnail","6":"product_cat-analgsique-opiode","7":"product_tag-acheter-des-patchs-de-fentanyl","8":"product_tag-acheter-des-patchs-de-fentanyl-en-ligne","9":"product_tag-acheter-fentanyl-en-ligne","11":"first","12":"instock","13":"featured","14":"shipping-taxable","15":"purchasable","16":"product-type-variable","17":"has-default-attributes"},"yoast_head":"<!-- This site is optimized with the Yoast SEO Premium plugin v20.6 (Yoast SEO v27.3) - https:\/\/yoast.com\/product\/yoast-seo-premium-wordpress\/ -->\n<title>Patches Fentanyl \u00e0 vendre | Fournisseur de patchs de fentanyl<\/title>\n<meta name=\"description\" content=\"Patches Fentanyl \u00e0 vendre sans ordonnance. Le fentanyl est un opio\u00efde utilis\u00e9 comme analg\u00e9sique pour l&#039;anesth\u00e9sie ou la douleur chronique persistante.\" \/>\n<meta name=\"robots\" content=\"index, follow, max-snippet:-1, max-image-preview:large, max-video-preview:-1\" \/>\n<link rel=\"canonical\" href=\"https:\/\/gooddealersmeds.com\/fr\/product\/patchs-fentanyl\/\" \/>\n<meta property=\"og:locale\" content=\"en_US\" \/>\n<meta property=\"og:type\" content=\"article\" \/>\n<meta property=\"og:title\" content=\"Achetez des patchs de fentanyl en ligne\" \/>\n<meta property=\"og:description\" content=\"Patches Fentanyl \u00e0 vendre sans ordonnance. Le fentanyl est un opio\u00efde utilis\u00e9 comme analg\u00e9sique pour l&#039;anesth\u00e9sie ou la douleur chronique persistante.\" \/>\n<meta property=\"og:url\" content=\"https:\/\/gooddealersmeds.com\/fr\/product\/patchs-fentanyl\/\" \/>\n<meta property=\"og:site_name\" content=\"Good Dealers Meds\" \/>\n<meta property=\"article:modified_time\" content=\"2023-01-06T14:30:14+00:00\" \/>\n<meta property=\"og:image\" content=\"https:\/\/gooddealersmeds.com\/fr\/wp-content\/uploads\/sites\/5\/2022\/03\/Fentanyl-Patch-75mcg-e1573043473107-500x500-1.jpg\" \/>\n\t<meta property=\"og:image:width\" content=\"500\" \/>\n\t<meta property=\"og:image:height\" content=\"500\" \/>\n\t<meta property=\"og:image:type\" content=\"image\/jpeg\" \/>\n<meta name=\"twitter:card\" content=\"summary_large_image\" \/>\n<meta name=\"twitter:label1\" content=\"Est. reading time\" \/>\n\t<meta name=\"twitter:data1\" content=\"2 minutes\" \/>\n<script type=\"application\/ld+json\" class=\"yoast-schema-graph\">{\"@context\":\"https:\\\/\\\/schema.org\",\"@graph\":[{\"@type\":\"WebPage\",\"@id\":\"https:\\\/\\\/gooddealersmeds.com\\\/fr\\\/product\\\/patchs-fentanyl\\\/\",\"url\":\"https:\\\/\\\/gooddealersmeds.com\\\/fr\\\/product\\\/patchs-fentanyl\\\/\",\"name\":\"Patches Fentanyl \u00e0 vendre | Fournisseur de patchs de fentanyl\",\"isPartOf\":{\"@id\":\"https:\\\/\\\/gooddealersmeds.com\\\/fr\\\/#website\"},\"primaryImageOfPage\":{\"@id\":\"https:\\\/\\\/gooddealersmeds.com\\\/fr\\\/product\\\/patchs-fentanyl\\\/#primaryimage\"},\"image\":{\"@id\":\"https:\\\/\\\/gooddealersmeds.com\\\/fr\\\/product\\\/patchs-fentanyl\\\/#primaryimage\"},\"thumbnailUrl\":\"https:\\\/\\\/gooddealersmeds.com\\\/fr\\\/wp-content\\\/uploads\\\/sites\\\/5\\\/2022\\\/03\\\/Fentanyl-Patch-75mcg-e1573043473107-500x500-1.jpg\",\"datePublished\":\"2022-03-19T02:16:28+00:00\",\"dateModified\":\"2023-01-06T14:30:14+00:00\",\"description\":\"Patches Fentanyl \u00e0 vendre sans ordonnance. Le fentanyl est un opio\u00efde utilis\u00e9 comme analg\u00e9sique pour l'anesth\u00e9sie ou la douleur chronique persistante.\",\"breadcrumb\":{\"@id\":\"https:\\\/\\\/gooddealersmeds.com\\\/fr\\\/product\\\/patchs-fentanyl\\\/#breadcrumb\"},\"inLanguage\":\"en-US\",\"potentialAction\":[{\"@type\":\"ReadAction\",\"target\":[\"https:\\\/\\\/gooddealersmeds.com\\\/fr\\\/product\\\/patchs-fentanyl\\\/\"]}]},{\"@type\":\"ImageObject\",\"inLanguage\":\"en-US\",\"@id\":\"https:\\\/\\\/gooddealersmeds.com\\\/fr\\\/product\\\/patchs-fentanyl\\\/#primaryimage\",\"url\":\"https:\\\/\\\/gooddealersmeds.com\\\/fr\\\/wp-content\\\/uploads\\\/sites\\\/5\\\/2022\\\/03\\\/Fentanyl-Patch-75mcg-e1573043473107-500x500-1.jpg\",\"contentUrl\":\"https:\\\/\\\/gooddealersmeds.com\\\/fr\\\/wp-content\\\/uploads\\\/sites\\\/5\\\/2022\\\/03\\\/Fentanyl-Patch-75mcg-e1573043473107-500x500-1.jpg\",\"width\":500,\"height\":500,\"caption\":\"Buy Fentanyl Online\"},{\"@type\":\"BreadcrumbList\",\"@id\":\"https:\\\/\\\/gooddealersmeds.com\\\/fr\\\/product\\\/patchs-fentanyl\\\/#breadcrumb\",\"itemListElement\":[{\"@type\":\"ListItem\",\"position\":1,\"name\":\"Home\",\"item\":\"https:\\\/\\\/gooddealersmeds.com\\\/fr\\\/\"},{\"@type\":\"ListItem\",\"position\":2,\"name\":\"Des produits\",\"item\":\"https:\\\/\\\/gooddealersmeds.com\\\/fr\\\/des-produits\\\/\"},{\"@type\":\"ListItem\",\"position\":3,\"name\":\"Achetez des patchs de fentanyl en ligne\"}]},{\"@type\":\"WebSite\",\"@id\":\"https:\\\/\\\/gooddealersmeds.com\\\/fr\\\/#website\",\"url\":\"https:\\\/\\\/gooddealersmeds.com\\\/fr\\\/\",\"name\":\"Good Dealers Meds\",\"description\":\"All our best\",\"publisher\":{\"@id\":\"https:\\\/\\\/gooddealersmeds.com\\\/fr\\\/#organization\"},\"potentialAction\":[{\"@type\":\"SearchAction\",\"target\":{\"@type\":\"EntryPoint\",\"urlTemplate\":\"https:\\\/\\\/gooddealersmeds.com\\\/fr\\\/?s={search_term_string}\"},\"query-input\":{\"@type\":\"PropertyValueSpecification\",\"valueRequired\":true,\"valueName\":\"search_term_string\"}}],\"inLanguage\":\"en-US\"},{\"@type\":\"Organization\",\"@id\":\"https:\\\/\\\/gooddealersmeds.com\\\/fr\\\/#organization\",\"name\":\"Good Dealers Meds\",\"url\":\"https:\\\/\\\/gooddealersmeds.com\\\/fr\\\/\",\"logo\":{\"@type\":\"ImageObject\",\"inLanguage\":\"en-US\",\"@id\":\"https:\\\/\\\/gooddealersmeds.com\\\/fr\\\/#\\\/schema\\\/logo\\\/image\\\/\",\"url\":\"https:\\\/\\\/gooddealersmeds.com\\\/fr\\\/wp-content\\\/uploads\\\/sites\\\/5\\\/2022\\\/03\\\/gooddealersmeds__logo__20220317T222800Z.00.png\",\"contentUrl\":\"https:\\\/\\\/gooddealersmeds.com\\\/fr\\\/wp-content\\\/uploads\\\/sites\\\/5\\\/2022\\\/03\\\/gooddealersmeds__logo__20220317T222800Z.00.png\",\"width\":500,\"height\":325,\"caption\":\"Good Dealers Meds\"},\"image\":{\"@id\":\"https:\\\/\\\/gooddealersmeds.com\\\/fr\\\/#\\\/schema\\\/logo\\\/image\\\/\"}}]}<\/script>\n<!-- \/ Yoast SEO Premium plugin. -->","yoast_head_json":{"title":"Patches Fentanyl \u00e0 vendre | Fournisseur de patchs de fentanyl","description":"Patches Fentanyl \u00e0 vendre sans ordonnance. Le fentanyl est un opio\u00efde utilis\u00e9 comme analg\u00e9sique pour l'anesth\u00e9sie ou la douleur chronique persistante.","robots":{"index":"index","follow":"follow","max-snippet":"max-snippet:-1","max-image-preview":"max-image-preview:large","max-video-preview":"max-video-preview:-1"},"canonical":"https:\/\/gooddealersmeds.com\/fr\/product\/patchs-fentanyl\/","og_locale":"en_US","og_type":"article","og_title":"Achetez des patchs de fentanyl en ligne","og_description":"Patches Fentanyl \u00e0 vendre sans ordonnance. Le fentanyl est un opio\u00efde utilis\u00e9 comme analg\u00e9sique pour l'anesth\u00e9sie ou la douleur chronique persistante.","og_url":"https:\/\/gooddealersmeds.com\/fr\/product\/patchs-fentanyl\/","og_site_name":"Good Dealers Meds","article_modified_time":"2023-01-06T14:30:14+00:00","og_image":[{"width":500,"height":500,"url":"https:\/\/gooddealersmeds.com\/fr\/wp-content\/uploads\/sites\/5\/2022\/03\/Fentanyl-Patch-75mcg-e1573043473107-500x500-1.jpg","type":"image\/jpeg"}],"twitter_card":"summary_large_image","twitter_misc":{"Est. reading time":"2 minutes"},"schema":{"@context":"https:\/\/schema.org","@graph":[{"@type":"WebPage","@id":"https:\/\/gooddealersmeds.com\/fr\/product\/patchs-fentanyl\/","url":"https:\/\/gooddealersmeds.com\/fr\/product\/patchs-fentanyl\/","name":"Patches Fentanyl \u00e0 vendre | Fournisseur de patchs de fentanyl","isPartOf":{"@id":"https:\/\/gooddealersmeds.com\/fr\/#website"},"primaryImageOfPage":{"@id":"https:\/\/gooddealersmeds.com\/fr\/product\/patchs-fentanyl\/#primaryimage"},"image":{"@id":"https:\/\/gooddealersmeds.com\/fr\/product\/patchs-fentanyl\/#primaryimage"},"thumbnailUrl":"https:\/\/gooddealersmeds.com\/fr\/wp-content\/uploads\/sites\/5\/2022\/03\/Fentanyl-Patch-75mcg-e1573043473107-500x500-1.jpg","datePublished":"2022-03-19T02:16:28+00:00","dateModified":"2023-01-06T14:30:14+00:00","description":"Patches Fentanyl \u00e0 vendre sans ordonnance. Le fentanyl est un opio\u00efde utilis\u00e9 comme analg\u00e9sique pour l'anesth\u00e9sie ou la douleur chronique persistante.","breadcrumb":{"@id":"https:\/\/gooddealersmeds.com\/fr\/product\/patchs-fentanyl\/#breadcrumb"},"inLanguage":"en-US","potentialAction":[{"@type":"ReadAction","target":["https:\/\/gooddealersmeds.com\/fr\/product\/patchs-fentanyl\/"]}]},{"@type":"ImageObject","inLanguage":"en-US","@id":"https:\/\/gooddealersmeds.com\/fr\/product\/patchs-fentanyl\/#primaryimage","url":"https:\/\/gooddealersmeds.com\/fr\/wp-content\/uploads\/sites\/5\/2022\/03\/Fentanyl-Patch-75mcg-e1573043473107-500x500-1.jpg","contentUrl":"https:\/\/gooddealersmeds.com\/fr\/wp-content\/uploads\/sites\/5\/2022\/03\/Fentanyl-Patch-75mcg-e1573043473107-500x500-1.jpg","width":500,"height":500,"caption":"Buy Fentanyl Online"},{"@type":"BreadcrumbList","@id":"https:\/\/gooddealersmeds.com\/fr\/product\/patchs-fentanyl\/#breadcrumb","itemListElement":[{"@type":"ListItem","position":1,"name":"Home","item":"https:\/\/gooddealersmeds.com\/fr\/"},{"@type":"ListItem","position":2,"name":"Des produits","item":"https:\/\/gooddealersmeds.com\/fr\/des-produits\/"},{"@type":"ListItem","position":3,"name":"Achetez des patchs de fentanyl en ligne"}]},{"@type":"WebSite","@id":"https:\/\/gooddealersmeds.com\/fr\/#website","url":"https:\/\/gooddealersmeds.com\/fr\/","name":"Good Dealers Meds","description":"All our best","publisher":{"@id":"https:\/\/gooddealersmeds.com\/fr\/#organization"},"potentialAction":[{"@type":"SearchAction","target":{"@type":"EntryPoint","urlTemplate":"https:\/\/gooddealersmeds.com\/fr\/?s={search_term_string}"},"query-input":{"@type":"PropertyValueSpecification","valueRequired":true,"valueName":"search_term_string"}}],"inLanguage":"en-US"},{"@type":"Organization","@id":"https:\/\/gooddealersmeds.com\/fr\/#organization","name":"Good Dealers Meds","url":"https:\/\/gooddealersmeds.com\/fr\/","logo":{"@type":"ImageObject","inLanguage":"en-US","@id":"https:\/\/gooddealersmeds.com\/fr\/#\/schema\/logo\/image\/","url":"https:\/\/gooddealersmeds.com\/fr\/wp-content\/uploads\/sites\/5\/2022\/03\/gooddealersmeds__logo__20220317T222800Z.00.png","contentUrl":"https:\/\/gooddealersmeds.com\/fr\/wp-content\/uploads\/sites\/5\/2022\/03\/gooddealersmeds__logo__20220317T222800Z.00.png","width":500,"height":325,"caption":"Good Dealers Meds"},"image":{"@id":"https:\/\/gooddealersmeds.com\/fr\/#\/schema\/logo\/image\/"}}]}},"_links":{"self":[{"href":"https:\/\/gooddealersmeds.com\/fr\/wp-json\/wp\/v2\/product\/1728","targetHints":{"allow":["GET"]}}],"collection":[{"href":"https:\/\/gooddealersmeds.com\/fr\/wp-json\/wp\/v2\/product"}],"about":[{"href":"https:\/\/gooddealersmeds.com\/fr\/wp-json\/wp\/v2\/types\/product"}],"replies":[{"embeddable":true,"href":"https:\/\/gooddealersmeds.com\/fr\/wp-json\/wp\/v2\/comments?post=1728"}],"wp:featuredmedia":[{"embeddable":true,"href":"https:\/\/gooddealersmeds.com\/fr\/wp-json\/wp\/v2\/media\/1734"}],"wp:attachment":[{"href":"https:\/\/gooddealersmeds.com\/fr\/wp-json\/wp\/v2\/media?parent=1728"}],"wp:term":[{"taxonomy":"product_brand","embeddable":true,"href":"https:\/\/gooddealersmeds.com\/fr\/wp-json\/wp\/v2\/product_brand?post=1728"},{"taxonomy":"product_cat","embeddable":true,"href":"https:\/\/gooddealersmeds.com\/fr\/wp-json\/wp\/v2\/product_cat?post=1728"},{"taxonomy":"product_tag","embeddable":true,"href":"https:\/\/gooddealersmeds.com\/fr\/wp-json\/wp\/v2\/product_tag?post=1728"}],"curies":[{"name":"wp","href":"https:\/\/api.w.org\/{rel}","templated":true}]}}