{"id":1718,"date":"2022-03-19T01:50:33","date_gmt":"2022-03-19T01:50:33","guid":{"rendered":"https:\/\/gooddealersmeds.com\/fr\/?post_type=product&#038;p=1718"},"modified":"2023-01-06T21:27:39","modified_gmt":"2023-01-06T21:27:39","slug":"acheter-du-sulfate-de-morphine-en-ligne","status":"publish","type":"product","link":"https:\/\/gooddealersmeds.com\/fr\/product\/acheter-du-sulfate-de-morphine-en-ligne\/","title":{"rendered":"Acheter du sulfate de morphine en ligne"},"content":{"rendered":"<h2>Acheter du sulfate de morphine en ligne \u00e0 partir du meilleur<\/h2>\n<p>Acheter du sulfate de morphine. La morphine est un analg\u00e9sique puissant. Il est utilis\u00e9 pour traiter les douleurs intenses. Ce m\u00e9dicament est utilis\u00e9 pour traiter les douleurs chroniques s\u00e9v\u00e8res (telles que celles dues au cancer). La <a href=\"https:\/\/gooddealersmeds.com\/fr\/product\/acheter-du-sulfate-de-morphine-en-ligne\/\">morphine<\/a> appartient \u00e0 la classe des analg\u00e9siques opio\u00efdes. Il modifie la fa\u00e7on dont votre corps per\u00e7oit et r\u00e9agit \u00e0 la douleur en agissant sur le cerveau. Les dosages les plus \u00e9lev\u00e9s de ce m\u00e9dicament (90 et 120 milligrammes par capsule) ne doivent \u00eatre utilis\u00e9s que si vous avez pris r\u00e9guli\u00e8rement des doses mod\u00e9r\u00e9es \u00e0 \u00e9lev\u00e9es d&#8217;analg\u00e9siques opio\u00efdes.<\/p>\n<p>&#8220;Ne jamais m\u00e2cher, \u00e9craser, ou dissoudre ce m\u00e9dicament ou le contenu des g\u00e9lules. De plus, ne consommez pas d&#8217;alcool ou n&#8217;utilisez pas d&#8217;autres produits contenant de l&#8217;alcool pendant que vous prenez ce m\u00e9dicament. La prise de sulfate de morphine avec de l&#8217;alcool ou des types de morphine \u00e0 lib\u00e9ration prolong\u00e9e \u00e9cras\u00e9s, m\u00e2ch\u00e9s ou dissous pourrait entra\u00eener une surdosage mortel.&#8221;<\/p>\n<p>Avant de commencer \u00e0 utiliser la morphine, et chaque fois que vous recevez une recharge, lisez le Guide des m\u00e9dicaments d\u00e9livr\u00e9 par votre pharmacien. Consultez votre m\u00e9decin ou votre pharmacien si vous avez des questions.<\/p>\n<p><strong>Effets que vous obtenez en utilisant le sulfate de morphine<\/strong><\/p>\n<p>La morphine agit en emp\u00eachant les signaux de douleur d&#8217;atteindre le cerveau via les nerfs. Les effets ind\u00e9sirables les plus fr\u00e9quents de la morphine sont la constipation, les naus\u00e9es et la fatigue. La d\u00e9pendance \u00e0 la morphine est concevable, mais elle est rare si vous en prenez pour soulager la douleur et que votre m\u00e9decin \u00e9value fr\u00e9quemment votre m\u00e9dication.<\/p>\n<p>La morphine peut \u00eatre prise par les enfants et les adultes de tous \u00e2ges. Cependant, les b\u00e9b\u00e9s, les jeunes enfants et les personnes \u00e2g\u00e9es sont plus susceptibles d&#8217;avoir des effets secondaires. Informez votre m\u00e9decin avant de commencer le m\u00e9dicament si vous\u00a0:<\/p>\n<ul>\n<li>Avez d\u00e9j\u00e0 eu une r\u00e9action allergique \u00e0 la morphine ou \u00e0 tout autre m\u00e9dicament<\/li>\n<li>Avez des difficult\u00e9s respiratoires ou un probl\u00e8me pulmonaire<\/li>\n<li>Souffrez d&#8217;une d\u00e9pendance \u00e0 l&#8217;alcool<\/li>\n<li>Souffrez d&#8217;une maladie qui provoque des convulsions ou des convulsions<\/li>\n<li>Souffrez d&#8217;une blessure \u00e0 la t\u00eate<\/li>\n<li>Souffrez d&#8217;un faible taux de thyro\u00efde<\/li>\n<li>Avez des probl\u00e8mes de glande surr\u00e9nale<\/li>\n<li>Avez des probl\u00e8mes r\u00e9naux ou h\u00e9patiques<\/li>\n<li>Avez une hypertrophie de la prostate<\/li>\n<li>Avez une pression art\u00e9rielle basse<\/li>\n<\/ul>\n<p><strong>Ici, vous pouvez commander du sulfate de morphine, l&#8217;un des meilleurs d&#8217;entre eux pour vous lib\u00e9rer.<\/strong><\/p>\n<p>Nous mettons l&#8217;accent sur l&#8217;excellence des produits et veillons \u00e0 ce que nos m\u00e9dicaments soient \u00e0 un prix raisonnable. Lorsque vous magasinez au magasin de m\u00e9dicaments et de produits chimiques, votre vie priv\u00e9e est toujours prot\u00e9g\u00e9e. Vous pouvez facilement acheter du sulfate de morphine en ligne sur notre boutique en ligne.<\/p>\n","protected":false},"excerpt":{"rendered":"<p>La morphine est utilis\u00e9e pour aider \u00e0 soulager les douleurs intenses. Il appartient \u00e0 une classe de m\u00e9dicaments appel\u00e9s analg\u00e9siques opio\u00efdes. Il agit dans le cerveau pour modifier la fa\u00e7on dont votre corps ressent et r\u00e9agit \u00e0 la douleur.<\/p>\n","protected":false},"featured_media":1727,"comment_status":"open","ping_status":"closed","template":"","meta":{"inline_featured_image":false},"product_brand":[],"product_cat":[347],"product_tag":[],"class_list":{"0":"post-1718","1":"product","2":"type-product","3":"status-publish","4":"has-post-thumbnail","6":"product_cat-analgsique-opiode","7":"pa_milliliters-100-ml","8":"pa_milliliters-250-ml","9":"pa_milliliters-50-ml","10":"pa_milliliters-500-ml","12":"first","13":"instock","14":"featured","15":"shipping-taxable","16":"purchasable","17":"product-type-variable","18":"has-default-attributes"},"yoast_head":"<!-- This site is optimized with the Yoast SEO Premium plugin v20.6 (Yoast SEO v27.4) - https:\/\/yoast.com\/product\/yoast-seo-premium-wordpress\/ -->\n<title>Acheter du sulfate de morphine | Morphine \u00e0 vendre | Good Dealers Meds<\/title>\n<meta name=\"description\" content=\"Acheter du sulfate de morphine flacon 50mg\/Ml 20ml de Good Dealers Meds au meilleur prix. Il est utilis\u00e9 pour aider \u00e0 soulager les douleurs mod\u00e9r\u00e9es \u00e0 s\u00e9v\u00e8res.\" \/>\n<meta name=\"robots\" content=\"index, follow, max-snippet:-1, max-image-preview:large, max-video-preview:-1\" \/>\n<link rel=\"canonical\" href=\"https:\/\/gooddealersmeds.com\/fr\/product\/acheter-du-sulfate-de-morphine-en-ligne\/\" \/>\n<meta property=\"og:locale\" content=\"en_US\" \/>\n<meta property=\"og:type\" content=\"article\" \/>\n<meta property=\"og:title\" content=\"Acheter du sulfate de morphine en ligne\" \/>\n<meta property=\"og:description\" content=\"Acheter du sulfate de morphine flacon 50mg\/Ml 20ml de Good Dealers Meds au meilleur prix. Il est utilis\u00e9 pour aider \u00e0 soulager les douleurs mod\u00e9r\u00e9es \u00e0 s\u00e9v\u00e8res.\" \/>\n<meta property=\"og:url\" content=\"https:\/\/gooddealersmeds.com\/fr\/product\/acheter-du-sulfate-de-morphine-en-ligne\/\" \/>\n<meta property=\"og:site_name\" content=\"Good Dealers Meds\" \/>\n<meta property=\"article:modified_time\" content=\"2023-01-06T21:27:39+00:00\" \/>\n<meta property=\"og:image\" content=\"https:\/\/gooddealersmeds.com\/fr\/wp-content\/uploads\/sites\/5\/2022\/03\/Morphine.jpeg\" \/>\n\t<meta property=\"og:image:width\" content=\"800\" \/>\n\t<meta property=\"og:image:height\" content=\"800\" \/>\n\t<meta property=\"og:image:type\" content=\"image\/jpeg\" \/>\n<meta name=\"twitter:card\" content=\"summary_large_image\" \/>\n<meta name=\"twitter:label1\" content=\"Est. reading time\" \/>\n\t<meta name=\"twitter:data1\" content=\"2 minutes\" \/>\n<script type=\"application\/ld+json\" class=\"yoast-schema-graph\">{\"@context\":\"https:\\\/\\\/schema.org\",\"@graph\":[{\"@type\":\"WebPage\",\"@id\":\"https:\\\/\\\/gooddealersmeds.com\\\/fr\\\/product\\\/acheter-du-sulfate-de-morphine-en-ligne\\\/\",\"url\":\"https:\\\/\\\/gooddealersmeds.com\\\/fr\\\/product\\\/acheter-du-sulfate-de-morphine-en-ligne\\\/\",\"name\":\"Acheter du sulfate de morphine | Morphine \u00e0 vendre | Good Dealers Meds\",\"isPartOf\":{\"@id\":\"https:\\\/\\\/gooddealersmeds.com\\\/fr\\\/#website\"},\"primaryImageOfPage\":{\"@id\":\"https:\\\/\\\/gooddealersmeds.com\\\/fr\\\/product\\\/acheter-du-sulfate-de-morphine-en-ligne\\\/#primaryimage\"},\"image\":{\"@id\":\"https:\\\/\\\/gooddealersmeds.com\\\/fr\\\/product\\\/acheter-du-sulfate-de-morphine-en-ligne\\\/#primaryimage\"},\"thumbnailUrl\":\"https:\\\/\\\/gooddealersmeds.com\\\/fr\\\/wp-content\\\/uploads\\\/sites\\\/5\\\/2022\\\/03\\\/Morphine.jpeg\",\"datePublished\":\"2022-03-19T01:50:33+00:00\",\"dateModified\":\"2023-01-06T21:27:39+00:00\",\"description\":\"Acheter du sulfate de morphine flacon 50mg\\\/Ml 20ml de Good Dealers Meds au meilleur prix. Il est utilis\u00e9 pour aider \u00e0 soulager les douleurs mod\u00e9r\u00e9es \u00e0 s\u00e9v\u00e8res.\",\"breadcrumb\":{\"@id\":\"https:\\\/\\\/gooddealersmeds.com\\\/fr\\\/product\\\/acheter-du-sulfate-de-morphine-en-ligne\\\/#breadcrumb\"},\"inLanguage\":\"en-US\",\"potentialAction\":[{\"@type\":\"ReadAction\",\"target\":[\"https:\\\/\\\/gooddealersmeds.com\\\/fr\\\/product\\\/acheter-du-sulfate-de-morphine-en-ligne\\\/\"]}]},{\"@type\":\"ImageObject\",\"inLanguage\":\"en-US\",\"@id\":\"https:\\\/\\\/gooddealersmeds.com\\\/fr\\\/product\\\/acheter-du-sulfate-de-morphine-en-ligne\\\/#primaryimage\",\"url\":\"https:\\\/\\\/gooddealersmeds.com\\\/fr\\\/wp-content\\\/uploads\\\/sites\\\/5\\\/2022\\\/03\\\/Morphine.jpeg\",\"contentUrl\":\"https:\\\/\\\/gooddealersmeds.com\\\/fr\\\/wp-content\\\/uploads\\\/sites\\\/5\\\/2022\\\/03\\\/Morphine.jpeg\",\"width\":800,\"height\":800,\"caption\":\"Buy Morphine Sulfate Online\"},{\"@type\":\"BreadcrumbList\",\"@id\":\"https:\\\/\\\/gooddealersmeds.com\\\/fr\\\/product\\\/acheter-du-sulfate-de-morphine-en-ligne\\\/#breadcrumb\",\"itemListElement\":[{\"@type\":\"ListItem\",\"position\":1,\"name\":\"Home\",\"item\":\"https:\\\/\\\/gooddealersmeds.com\\\/fr\\\/\"},{\"@type\":\"ListItem\",\"position\":2,\"name\":\"Des produits\",\"item\":\"https:\\\/\\\/gooddealersmeds.com\\\/fr\\\/des-produits\\\/\"},{\"@type\":\"ListItem\",\"position\":3,\"name\":\"Acheter du sulfate de morphine en ligne\"}]},{\"@type\":\"WebSite\",\"@id\":\"https:\\\/\\\/gooddealersmeds.com\\\/fr\\\/#website\",\"url\":\"https:\\\/\\\/gooddealersmeds.com\\\/fr\\\/\",\"name\":\"Good Dealers Meds\",\"description\":\"All our best\",\"publisher\":{\"@id\":\"https:\\\/\\\/gooddealersmeds.com\\\/fr\\\/#organization\"},\"potentialAction\":[{\"@type\":\"SearchAction\",\"target\":{\"@type\":\"EntryPoint\",\"urlTemplate\":\"https:\\\/\\\/gooddealersmeds.com\\\/fr\\\/?s={search_term_string}\"},\"query-input\":{\"@type\":\"PropertyValueSpecification\",\"valueRequired\":true,\"valueName\":\"search_term_string\"}}],\"inLanguage\":\"en-US\"},{\"@type\":\"Organization\",\"@id\":\"https:\\\/\\\/gooddealersmeds.com\\\/fr\\\/#organization\",\"name\":\"Good Dealers Meds\",\"url\":\"https:\\\/\\\/gooddealersmeds.com\\\/fr\\\/\",\"logo\":{\"@type\":\"ImageObject\",\"inLanguage\":\"en-US\",\"@id\":\"https:\\\/\\\/gooddealersmeds.com\\\/fr\\\/#\\\/schema\\\/logo\\\/image\\\/\",\"url\":\"https:\\\/\\\/gooddealersmeds.com\\\/fr\\\/wp-content\\\/uploads\\\/sites\\\/5\\\/2022\\\/03\\\/gooddealersmeds__logo__20220317T222800Z.00.png\",\"contentUrl\":\"https:\\\/\\\/gooddealersmeds.com\\\/fr\\\/wp-content\\\/uploads\\\/sites\\\/5\\\/2022\\\/03\\\/gooddealersmeds__logo__20220317T222800Z.00.png\",\"width\":500,\"height\":325,\"caption\":\"Good Dealers Meds\"},\"image\":{\"@id\":\"https:\\\/\\\/gooddealersmeds.com\\\/fr\\\/#\\\/schema\\\/logo\\\/image\\\/\"}}]}<\/script>\n<!-- \/ Yoast SEO Premium plugin. -->","yoast_head_json":{"title":"Acheter du sulfate de morphine | Morphine \u00e0 vendre | Good Dealers Meds","description":"Acheter du sulfate de morphine flacon 50mg\/Ml 20ml de Good Dealers Meds au meilleur prix. Il est utilis\u00e9 pour aider \u00e0 soulager les douleurs mod\u00e9r\u00e9es \u00e0 s\u00e9v\u00e8res.","robots":{"index":"index","follow":"follow","max-snippet":"max-snippet:-1","max-image-preview":"max-image-preview:large","max-video-preview":"max-video-preview:-1"},"canonical":"https:\/\/gooddealersmeds.com\/fr\/product\/acheter-du-sulfate-de-morphine-en-ligne\/","og_locale":"en_US","og_type":"article","og_title":"Acheter du sulfate de morphine en ligne","og_description":"Acheter du sulfate de morphine flacon 50mg\/Ml 20ml de Good Dealers Meds au meilleur prix. Il est utilis\u00e9 pour aider \u00e0 soulager les douleurs mod\u00e9r\u00e9es \u00e0 s\u00e9v\u00e8res.","og_url":"https:\/\/gooddealersmeds.com\/fr\/product\/acheter-du-sulfate-de-morphine-en-ligne\/","og_site_name":"Good Dealers Meds","article_modified_time":"2023-01-06T21:27:39+00:00","og_image":[{"width":800,"height":800,"url":"https:\/\/gooddealersmeds.com\/fr\/wp-content\/uploads\/sites\/5\/2022\/03\/Morphine.jpeg","type":"image\/jpeg"}],"twitter_card":"summary_large_image","twitter_misc":{"Est. reading time":"2 minutes"},"schema":{"@context":"https:\/\/schema.org","@graph":[{"@type":"WebPage","@id":"https:\/\/gooddealersmeds.com\/fr\/product\/acheter-du-sulfate-de-morphine-en-ligne\/","url":"https:\/\/gooddealersmeds.com\/fr\/product\/acheter-du-sulfate-de-morphine-en-ligne\/","name":"Acheter du sulfate de morphine | Morphine \u00e0 vendre | Good Dealers Meds","isPartOf":{"@id":"https:\/\/gooddealersmeds.com\/fr\/#website"},"primaryImageOfPage":{"@id":"https:\/\/gooddealersmeds.com\/fr\/product\/acheter-du-sulfate-de-morphine-en-ligne\/#primaryimage"},"image":{"@id":"https:\/\/gooddealersmeds.com\/fr\/product\/acheter-du-sulfate-de-morphine-en-ligne\/#primaryimage"},"thumbnailUrl":"https:\/\/gooddealersmeds.com\/fr\/wp-content\/uploads\/sites\/5\/2022\/03\/Morphine.jpeg","datePublished":"2022-03-19T01:50:33+00:00","dateModified":"2023-01-06T21:27:39+00:00","description":"Acheter du sulfate de morphine flacon 50mg\/Ml 20ml de Good Dealers Meds au meilleur prix. Il est utilis\u00e9 pour aider \u00e0 soulager les douleurs mod\u00e9r\u00e9es \u00e0 s\u00e9v\u00e8res.","breadcrumb":{"@id":"https:\/\/gooddealersmeds.com\/fr\/product\/acheter-du-sulfate-de-morphine-en-ligne\/#breadcrumb"},"inLanguage":"en-US","potentialAction":[{"@type":"ReadAction","target":["https:\/\/gooddealersmeds.com\/fr\/product\/acheter-du-sulfate-de-morphine-en-ligne\/"]}]},{"@type":"ImageObject","inLanguage":"en-US","@id":"https:\/\/gooddealersmeds.com\/fr\/product\/acheter-du-sulfate-de-morphine-en-ligne\/#primaryimage","url":"https:\/\/gooddealersmeds.com\/fr\/wp-content\/uploads\/sites\/5\/2022\/03\/Morphine.jpeg","contentUrl":"https:\/\/gooddealersmeds.com\/fr\/wp-content\/uploads\/sites\/5\/2022\/03\/Morphine.jpeg","width":800,"height":800,"caption":"Buy Morphine Sulfate Online"},{"@type":"BreadcrumbList","@id":"https:\/\/gooddealersmeds.com\/fr\/product\/acheter-du-sulfate-de-morphine-en-ligne\/#breadcrumb","itemListElement":[{"@type":"ListItem","position":1,"name":"Home","item":"https:\/\/gooddealersmeds.com\/fr\/"},{"@type":"ListItem","position":2,"name":"Des produits","item":"https:\/\/gooddealersmeds.com\/fr\/des-produits\/"},{"@type":"ListItem","position":3,"name":"Acheter du sulfate de morphine en ligne"}]},{"@type":"WebSite","@id":"https:\/\/gooddealersmeds.com\/fr\/#website","url":"https:\/\/gooddealersmeds.com\/fr\/","name":"Good Dealers Meds","description":"All our best","publisher":{"@id":"https:\/\/gooddealersmeds.com\/fr\/#organization"},"potentialAction":[{"@type":"SearchAction","target":{"@type":"EntryPoint","urlTemplate":"https:\/\/gooddealersmeds.com\/fr\/?s={search_term_string}"},"query-input":{"@type":"PropertyValueSpecification","valueRequired":true,"valueName":"search_term_string"}}],"inLanguage":"en-US"},{"@type":"Organization","@id":"https:\/\/gooddealersmeds.com\/fr\/#organization","name":"Good Dealers Meds","url":"https:\/\/gooddealersmeds.com\/fr\/","logo":{"@type":"ImageObject","inLanguage":"en-US","@id":"https:\/\/gooddealersmeds.com\/fr\/#\/schema\/logo\/image\/","url":"https:\/\/gooddealersmeds.com\/fr\/wp-content\/uploads\/sites\/5\/2022\/03\/gooddealersmeds__logo__20220317T222800Z.00.png","contentUrl":"https:\/\/gooddealersmeds.com\/fr\/wp-content\/uploads\/sites\/5\/2022\/03\/gooddealersmeds__logo__20220317T222800Z.00.png","width":500,"height":325,"caption":"Good Dealers Meds"},"image":{"@id":"https:\/\/gooddealersmeds.com\/fr\/#\/schema\/logo\/image\/"}}]}},"_links":{"self":[{"href":"https:\/\/gooddealersmeds.com\/fr\/wp-json\/wp\/v2\/product\/1718","targetHints":{"allow":["GET"]}}],"collection":[{"href":"https:\/\/gooddealersmeds.com\/fr\/wp-json\/wp\/v2\/product"}],"about":[{"href":"https:\/\/gooddealersmeds.com\/fr\/wp-json\/wp\/v2\/types\/product"}],"replies":[{"embeddable":true,"href":"https:\/\/gooddealersmeds.com\/fr\/wp-json\/wp\/v2\/comments?post=1718"}],"wp:featuredmedia":[{"embeddable":true,"href":"https:\/\/gooddealersmeds.com\/fr\/wp-json\/wp\/v2\/media\/1727"}],"wp:attachment":[{"href":"https:\/\/gooddealersmeds.com\/fr\/wp-json\/wp\/v2\/media?parent=1718"}],"wp:term":[{"taxonomy":"product_brand","embeddable":true,"href":"https:\/\/gooddealersmeds.com\/fr\/wp-json\/wp\/v2\/product_brand?post=1718"},{"taxonomy":"product_cat","embeddable":true,"href":"https:\/\/gooddealersmeds.com\/fr\/wp-json\/wp\/v2\/product_cat?post=1718"},{"taxonomy":"product_tag","embeddable":true,"href":"https:\/\/gooddealersmeds.com\/fr\/wp-json\/wp\/v2\/product_tag?post=1718"}],"curies":[{"name":"wp","href":"https:\/\/api.w.org\/{rel}","templated":true}]}}