{"id":1715,"date":"2022-03-19T01:50:06","date_gmt":"2022-03-19T01:50:06","guid":{"rendered":"https:\/\/gooddealersmeds.com\/fr\/?post_type=product&#038;p=1715"},"modified":"2023-01-06T21:37:46","modified_gmt":"2023-01-06T21:37:46","slug":"acheter-fentanyl-injections-en-ligne","status":"publish","type":"product","link":"https:\/\/gooddealersmeds.com\/fr\/product\/acheter-fentanyl-injections-en-ligne\/","title":{"rendered":"Acheter des injections de fentanyl en ligne"},"content":{"rendered":"<h2>Obtenez une injection de fentanyl en ligne en commandant sur notre site Web.<\/h2>\n<p>Les injections de fentanyl sont utilis\u00e9es pour traiter la douleur extr\u00eame pendant et apr\u00e8s la chirurgie. Il peut \u00e9galement \u00eatre pris avec d&#8217;autres m\u00e9dicaments juste avant ou pendant la chirurgie pour am\u00e9liorer l&#8217;efficacit\u00e9 de l&#8217;anesth\u00e9sique (un agent anesth\u00e9siant). Acheter une injection de fentanyl<\/p>\n<p>Le fentanyl fait partie de la classe de m\u00e9dicaments connus sous le nom d&#8217;analg\u00e9siques narcotiques (m\u00e9dicaments contre la douleur). Le fentanyl est un analg\u00e9sique opio\u00efde puissant. Il agit pour r\u00e9duire la douleur en agissant sur le cerveau ou le syst\u00e8me nerveux central (SNC). Le SNC est \u00e9galement responsable de plusieurs de ses effets ind\u00e9sirables, dont la somnolence et les vertiges. injection de fentanyl \u00e0 vendre &#8211; Les avantages de l&#8217;injection de fentanyl doivent \u00eatre \u00e9valu\u00e9s par rapport aux risques au moment de d\u00e9terminer s&#8217;il faut l&#8217;utiliser. C&#8217;est quelque chose que vous et votre m\u00e9decin d\u00e9ciderez.<\/p>\n<p>Le fentanyl peut \u00eatre utilis\u00e9 pour traiter la douleur intense. Il est administr\u00e9 lorsque les autres analg\u00e9siques sont inefficaces ou intol\u00e9rables. Il fonctionne en obstruant la r\u00e9ception de la douleur par le cerveau. C&#8217;est un membre de la classe des opio\u00efdes.<\/p>\n<p><strong>Qu&#8217;est-ce que l&#8217;injection de fentanyl et comment est-elle utilis\u00e9e ?<\/strong><\/p>\n<p>Ce m\u00e9dicament peut \u00e9galement \u00eatre utilis\u00e9 pour d&#8217;autres choses. Ne prenez jamais plus de m\u00e9dicaments que ce qui est recommand\u00e9. Si vous avez des difficult\u00e9s \u00e0 respirer ou si vous vous sentez anormalement faible ou somnolent, appelez imm\u00e9diatement les secours. L&#8217;injection de fentanyl peut \u00eatre mauvaise pour vous si vous avez d\u00e9j\u00e0 eu des r\u00e9actions allergiques au fentanyl ou \u00e0 d&#8217;autres m\u00e9dicaments ou si vous avez des probl\u00e8mes respiratoires comme l&#8217;asthme ou toute autre affection pulmonaire pr\u00e9existante. Vous devez \u00e9viter le fentanyl si vous essayez de tomber enceinte ou si vous \u00eates enceinte ou si vous allaitez. Il a \u00e9t\u00e9 li\u00e9 \u00e0 plusieurs probl\u00e8mes pour votre b\u00e9b\u00e9 au d\u00e9but de la grossesse. Il est possible que si vous utilisez du fentanyl vers la fin de votre grossesse, votre enfant \u00e0 na\u00eetre d\u00e9veloppera une d\u00e9pendance au fentanyl ou pr\u00e9sentera des sympt\u00f4mes de sevrage. Cependant, il est essentiel de g\u00e9rer la douleur li\u00e9e \u00e0 la grossesse. Le fentanyl peut \u00eatre la meilleure solution pour certaines femmes enceintes qui ressentent de graves malaises. La meilleure personne pour vous guider dans le choix du meilleur choix pour vous et votre enfant \u00e0 na\u00eetre est votre m\u00e9decin.<\/p>\n<p><strong>injection de fentanyl \u00e0 vendre chez Good Dealers Meds<\/strong><\/p>\n<p>M\u00eame si vous pensez que la posologie recommand\u00e9e n&#8217;est pas suffisante pour traiter votre douleur, <a href=\"https:\/\/gooddealersmeds.com\/fr\/product\/buy-fentanyl-injections-online\/\">commander l&#8217;injection de fentanyl en ligne<\/a>, il est important de suivre les instructions \u00e0 la lettre. Si vous pensez avoir besoin d&#8217;une dose diff\u00e9rente, consultez d&#8217;abord votre m\u00e9decin. Un exc\u00e8s de fentanyl peut \u00eatre dangereux. La quantit\u00e9 qui peut provoquer une surdose diff\u00e8re d&#8217;une personne \u00e0 l&#8217;autre. Tout comme les autres opio\u00efdes, les injections de fentanyl peuvent cr\u00e9er une d\u00e9pendance si l&#8217;on n&#8217;y prend pas garde. Acheter une injection de fentanyl<\/p>\n","protected":false},"excerpt":{"rendered":"<p>Citrate de fentanyl injectable, USP est une solution aqueuse st\u00e9rile, apyrog\u00e8ne et sans agent de conservation pour injection intraveineuse ou<br \/>\nintramusculaire<\/p>\n","protected":false},"featured_media":1725,"comment_status":"open","ping_status":"closed","template":"","meta":{"inline_featured_image":false},"product_brand":[],"product_cat":[347],"product_tag":[107,285,284,294,289,97,105,295,108,104,109,288,287,291,296,293,110,286,290,106,292],"class_list":{"0":"post-1715","1":"product","2":"type-product","3":"status-publish","4":"has-post-thumbnail","6":"product_cat-analgsique-opiode","7":"product_tag-acheter","8":"product_tag-acheter-fentanyl-injections","9":"product_tag-acheter-des-injections-de-fentanyl-en-ligne-acheter-des-injections","10":"product_tag-acheter-fentanyl-injections-en-ligne-etats-unis","11":"product_tag-acheter-injections-en-ligne","12":"product_tag-acheter-fentanyl-en-ligne","13":"product_tag-canada","14":"product_tag-comment-commander-des-injections-de-fentanyl","15":"product_tag-en-ligne","16":"product_tag-etats-unis","17":"product_tag-fournisseurs","18":"product_tag-injections--vendre","19":"product_tag-injections-de-fentanyl-en-vente","20":"product_tag-injections-de-fentanyl-en-vente-aux-etats-unis","21":"product_tag-les-injections-de-fentanyl-est-il-legal-au-canada","22":"product_tag-les-injections-de-fentanyl-sont-elles-lgales-aux-etats-unis","23":"product_tag-livraison-en-toute-scurit","24":"product_tag-o-acheter-des-injections-de-fentanyl","25":"product_tag-o-acheter-des-injections-de-fentanyl-en-ligne","26":"product_tag-royaume-uni","27":"product_tag-vous-pouvez-toujours-obtenir-des-injections-de-fentanyl","28":"pa_milliliters-100-ml","29":"pa_milliliters-250-ml","30":"pa_milliliters-50-ml","31":"pa_milliliters-500-ml","33":"first","34":"instock","35":"featured","36":"shipping-taxable","37":"purchasable","38":"product-type-variable","39":"has-default-attributes"},"yoast_head":"<!-- This site is optimized with the Yoast SEO Premium plugin v20.6 (Yoast SEO v27.4) - https:\/\/yoast.com\/product\/yoast-seo-premium-wordpress\/ -->\n<title>Acheter une injection de fentanyl | commandez de l&#039;injection de fentanyl<\/title>\n<meta name=\"description\" content=\"Acheter une injection de fentanyl, USP est une solution aqueuse st\u00e9rile, apyrog\u00e8ne et sans conservateur pour injection intraveineuse ou intramusculaire\" \/>\n<meta name=\"robots\" content=\"index, follow, max-snippet:-1, max-image-preview:large, max-video-preview:-1\" \/>\n<link rel=\"canonical\" href=\"https:\/\/gooddealersmeds.com\/fr\/product\/acheter-fentanyl-injections-en-ligne\/\" \/>\n<meta property=\"og:locale\" content=\"en_US\" \/>\n<meta property=\"og:type\" content=\"article\" \/>\n<meta property=\"og:title\" content=\"Acheter des injections de fentanyl en ligne\" \/>\n<meta property=\"og:description\" content=\"Acheter une injection de fentanyl, USP est une solution aqueuse st\u00e9rile, apyrog\u00e8ne et sans conservateur pour injection intraveineuse ou intramusculaire\" \/>\n<meta property=\"og:url\" content=\"https:\/\/gooddealersmeds.com\/fr\/product\/acheter-fentanyl-injections-en-ligne\/\" \/>\n<meta property=\"og:site_name\" content=\"Good Dealers Meds\" \/>\n<meta property=\"article:modified_time\" content=\"2023-01-06T21:37:46+00:00\" \/>\n<meta property=\"og:image\" content=\"https:\/\/gooddealersmeds.com\/fr\/wp-content\/uploads\/sites\/5\/2022\/03\/buy-fentanyl-injections-online.jpg\" \/>\n\t<meta property=\"og:image:width\" content=\"600\" \/>\n\t<meta property=\"og:image:height\" content=\"600\" \/>\n\t<meta property=\"og:image:type\" content=\"image\/jpeg\" \/>\n<meta name=\"twitter:card\" content=\"summary_large_image\" \/>\n<meta name=\"twitter:label1\" content=\"Est. reading time\" \/>\n\t<meta name=\"twitter:data1\" content=\"3 minutes\" \/>\n<script type=\"application\/ld+json\" class=\"yoast-schema-graph\">{\"@context\":\"https:\\\/\\\/schema.org\",\"@graph\":[{\"@type\":\"WebPage\",\"@id\":\"https:\\\/\\\/gooddealersmeds.com\\\/fr\\\/product\\\/acheter-fentanyl-injections-en-ligne\\\/\",\"url\":\"https:\\\/\\\/gooddealersmeds.com\\\/fr\\\/product\\\/acheter-fentanyl-injections-en-ligne\\\/\",\"name\":\"Acheter une injection de fentanyl | commandez de l'injection de fentanyl\",\"isPartOf\":{\"@id\":\"https:\\\/\\\/gooddealersmeds.com\\\/fr\\\/#website\"},\"primaryImageOfPage\":{\"@id\":\"https:\\\/\\\/gooddealersmeds.com\\\/fr\\\/product\\\/acheter-fentanyl-injections-en-ligne\\\/#primaryimage\"},\"image\":{\"@id\":\"https:\\\/\\\/gooddealersmeds.com\\\/fr\\\/product\\\/acheter-fentanyl-injections-en-ligne\\\/#primaryimage\"},\"thumbnailUrl\":\"https:\\\/\\\/gooddealersmeds.com\\\/fr\\\/wp-content\\\/uploads\\\/sites\\\/5\\\/2022\\\/03\\\/buy-fentanyl-injections-online.jpg\",\"datePublished\":\"2022-03-19T01:50:06+00:00\",\"dateModified\":\"2023-01-06T21:37:46+00:00\",\"description\":\"Acheter une injection de fentanyl, USP est une solution aqueuse st\u00e9rile, apyrog\u00e8ne et sans conservateur pour injection intraveineuse ou intramusculaire\",\"breadcrumb\":{\"@id\":\"https:\\\/\\\/gooddealersmeds.com\\\/fr\\\/product\\\/acheter-fentanyl-injections-en-ligne\\\/#breadcrumb\"},\"inLanguage\":\"en-US\",\"potentialAction\":[{\"@type\":\"ReadAction\",\"target\":[\"https:\\\/\\\/gooddealersmeds.com\\\/fr\\\/product\\\/acheter-fentanyl-injections-en-ligne\\\/\"]}]},{\"@type\":\"ImageObject\",\"inLanguage\":\"en-US\",\"@id\":\"https:\\\/\\\/gooddealersmeds.com\\\/fr\\\/product\\\/acheter-fentanyl-injections-en-ligne\\\/#primaryimage\",\"url\":\"https:\\\/\\\/gooddealersmeds.com\\\/fr\\\/wp-content\\\/uploads\\\/sites\\\/5\\\/2022\\\/03\\\/buy-fentanyl-injections-online.jpg\",\"contentUrl\":\"https:\\\/\\\/gooddealersmeds.com\\\/fr\\\/wp-content\\\/uploads\\\/sites\\\/5\\\/2022\\\/03\\\/buy-fentanyl-injections-online.jpg\",\"width\":600,\"height\":600,\"caption\":\"Buy fentanyl Injections Online\"},{\"@type\":\"BreadcrumbList\",\"@id\":\"https:\\\/\\\/gooddealersmeds.com\\\/fr\\\/product\\\/acheter-fentanyl-injections-en-ligne\\\/#breadcrumb\",\"itemListElement\":[{\"@type\":\"ListItem\",\"position\":1,\"name\":\"Home\",\"item\":\"https:\\\/\\\/gooddealersmeds.com\\\/fr\\\/\"},{\"@type\":\"ListItem\",\"position\":2,\"name\":\"Des produits\",\"item\":\"https:\\\/\\\/gooddealersmeds.com\\\/fr\\\/des-produits\\\/\"},{\"@type\":\"ListItem\",\"position\":3,\"name\":\"Acheter des injections de fentanyl en ligne\"}]},{\"@type\":\"WebSite\",\"@id\":\"https:\\\/\\\/gooddealersmeds.com\\\/fr\\\/#website\",\"url\":\"https:\\\/\\\/gooddealersmeds.com\\\/fr\\\/\",\"name\":\"Good Dealers Meds\",\"description\":\"All our best\",\"publisher\":{\"@id\":\"https:\\\/\\\/gooddealersmeds.com\\\/fr\\\/#organization\"},\"potentialAction\":[{\"@type\":\"SearchAction\",\"target\":{\"@type\":\"EntryPoint\",\"urlTemplate\":\"https:\\\/\\\/gooddealersmeds.com\\\/fr\\\/?s={search_term_string}\"},\"query-input\":{\"@type\":\"PropertyValueSpecification\",\"valueRequired\":true,\"valueName\":\"search_term_string\"}}],\"inLanguage\":\"en-US\"},{\"@type\":\"Organization\",\"@id\":\"https:\\\/\\\/gooddealersmeds.com\\\/fr\\\/#organization\",\"name\":\"Good Dealers Meds\",\"url\":\"https:\\\/\\\/gooddealersmeds.com\\\/fr\\\/\",\"logo\":{\"@type\":\"ImageObject\",\"inLanguage\":\"en-US\",\"@id\":\"https:\\\/\\\/gooddealersmeds.com\\\/fr\\\/#\\\/schema\\\/logo\\\/image\\\/\",\"url\":\"https:\\\/\\\/gooddealersmeds.com\\\/fr\\\/wp-content\\\/uploads\\\/sites\\\/5\\\/2022\\\/03\\\/gooddealersmeds__logo__20220317T222800Z.00.png\",\"contentUrl\":\"https:\\\/\\\/gooddealersmeds.com\\\/fr\\\/wp-content\\\/uploads\\\/sites\\\/5\\\/2022\\\/03\\\/gooddealersmeds__logo__20220317T222800Z.00.png\",\"width\":500,\"height\":325,\"caption\":\"Good Dealers Meds\"},\"image\":{\"@id\":\"https:\\\/\\\/gooddealersmeds.com\\\/fr\\\/#\\\/schema\\\/logo\\\/image\\\/\"}}]}<\/script>\n<!-- \/ Yoast SEO Premium plugin. -->","yoast_head_json":{"title":"Acheter une injection de fentanyl | commandez de l'injection de fentanyl","description":"Acheter une injection de fentanyl, USP est une solution aqueuse st\u00e9rile, apyrog\u00e8ne et sans conservateur pour injection intraveineuse ou intramusculaire","robots":{"index":"index","follow":"follow","max-snippet":"max-snippet:-1","max-image-preview":"max-image-preview:large","max-video-preview":"max-video-preview:-1"},"canonical":"https:\/\/gooddealersmeds.com\/fr\/product\/acheter-fentanyl-injections-en-ligne\/","og_locale":"en_US","og_type":"article","og_title":"Acheter des injections de fentanyl en ligne","og_description":"Acheter une injection de fentanyl, USP est une solution aqueuse st\u00e9rile, apyrog\u00e8ne et sans conservateur pour injection intraveineuse ou intramusculaire","og_url":"https:\/\/gooddealersmeds.com\/fr\/product\/acheter-fentanyl-injections-en-ligne\/","og_site_name":"Good Dealers Meds","article_modified_time":"2023-01-06T21:37:46+00:00","og_image":[{"width":600,"height":600,"url":"https:\/\/gooddealersmeds.com\/fr\/wp-content\/uploads\/sites\/5\/2022\/03\/buy-fentanyl-injections-online.jpg","type":"image\/jpeg"}],"twitter_card":"summary_large_image","twitter_misc":{"Est. reading time":"3 minutes"},"schema":{"@context":"https:\/\/schema.org","@graph":[{"@type":"WebPage","@id":"https:\/\/gooddealersmeds.com\/fr\/product\/acheter-fentanyl-injections-en-ligne\/","url":"https:\/\/gooddealersmeds.com\/fr\/product\/acheter-fentanyl-injections-en-ligne\/","name":"Acheter une injection de fentanyl | commandez de l'injection de fentanyl","isPartOf":{"@id":"https:\/\/gooddealersmeds.com\/fr\/#website"},"primaryImageOfPage":{"@id":"https:\/\/gooddealersmeds.com\/fr\/product\/acheter-fentanyl-injections-en-ligne\/#primaryimage"},"image":{"@id":"https:\/\/gooddealersmeds.com\/fr\/product\/acheter-fentanyl-injections-en-ligne\/#primaryimage"},"thumbnailUrl":"https:\/\/gooddealersmeds.com\/fr\/wp-content\/uploads\/sites\/5\/2022\/03\/buy-fentanyl-injections-online.jpg","datePublished":"2022-03-19T01:50:06+00:00","dateModified":"2023-01-06T21:37:46+00:00","description":"Acheter une injection de fentanyl, USP est une solution aqueuse st\u00e9rile, apyrog\u00e8ne et sans conservateur pour injection intraveineuse ou intramusculaire","breadcrumb":{"@id":"https:\/\/gooddealersmeds.com\/fr\/product\/acheter-fentanyl-injections-en-ligne\/#breadcrumb"},"inLanguage":"en-US","potentialAction":[{"@type":"ReadAction","target":["https:\/\/gooddealersmeds.com\/fr\/product\/acheter-fentanyl-injections-en-ligne\/"]}]},{"@type":"ImageObject","inLanguage":"en-US","@id":"https:\/\/gooddealersmeds.com\/fr\/product\/acheter-fentanyl-injections-en-ligne\/#primaryimage","url":"https:\/\/gooddealersmeds.com\/fr\/wp-content\/uploads\/sites\/5\/2022\/03\/buy-fentanyl-injections-online.jpg","contentUrl":"https:\/\/gooddealersmeds.com\/fr\/wp-content\/uploads\/sites\/5\/2022\/03\/buy-fentanyl-injections-online.jpg","width":600,"height":600,"caption":"Buy fentanyl Injections Online"},{"@type":"BreadcrumbList","@id":"https:\/\/gooddealersmeds.com\/fr\/product\/acheter-fentanyl-injections-en-ligne\/#breadcrumb","itemListElement":[{"@type":"ListItem","position":1,"name":"Home","item":"https:\/\/gooddealersmeds.com\/fr\/"},{"@type":"ListItem","position":2,"name":"Des produits","item":"https:\/\/gooddealersmeds.com\/fr\/des-produits\/"},{"@type":"ListItem","position":3,"name":"Acheter des injections de fentanyl en ligne"}]},{"@type":"WebSite","@id":"https:\/\/gooddealersmeds.com\/fr\/#website","url":"https:\/\/gooddealersmeds.com\/fr\/","name":"Good Dealers Meds","description":"All our best","publisher":{"@id":"https:\/\/gooddealersmeds.com\/fr\/#organization"},"potentialAction":[{"@type":"SearchAction","target":{"@type":"EntryPoint","urlTemplate":"https:\/\/gooddealersmeds.com\/fr\/?s={search_term_string}"},"query-input":{"@type":"PropertyValueSpecification","valueRequired":true,"valueName":"search_term_string"}}],"inLanguage":"en-US"},{"@type":"Organization","@id":"https:\/\/gooddealersmeds.com\/fr\/#organization","name":"Good Dealers Meds","url":"https:\/\/gooddealersmeds.com\/fr\/","logo":{"@type":"ImageObject","inLanguage":"en-US","@id":"https:\/\/gooddealersmeds.com\/fr\/#\/schema\/logo\/image\/","url":"https:\/\/gooddealersmeds.com\/fr\/wp-content\/uploads\/sites\/5\/2022\/03\/gooddealersmeds__logo__20220317T222800Z.00.png","contentUrl":"https:\/\/gooddealersmeds.com\/fr\/wp-content\/uploads\/sites\/5\/2022\/03\/gooddealersmeds__logo__20220317T222800Z.00.png","width":500,"height":325,"caption":"Good Dealers Meds"},"image":{"@id":"https:\/\/gooddealersmeds.com\/fr\/#\/schema\/logo\/image\/"}}]}},"_links":{"self":[{"href":"https:\/\/gooddealersmeds.com\/fr\/wp-json\/wp\/v2\/product\/1715","targetHints":{"allow":["GET"]}}],"collection":[{"href":"https:\/\/gooddealersmeds.com\/fr\/wp-json\/wp\/v2\/product"}],"about":[{"href":"https:\/\/gooddealersmeds.com\/fr\/wp-json\/wp\/v2\/types\/product"}],"replies":[{"embeddable":true,"href":"https:\/\/gooddealersmeds.com\/fr\/wp-json\/wp\/v2\/comments?post=1715"}],"wp:featuredmedia":[{"embeddable":true,"href":"https:\/\/gooddealersmeds.com\/fr\/wp-json\/wp\/v2\/media\/1725"}],"wp:attachment":[{"href":"https:\/\/gooddealersmeds.com\/fr\/wp-json\/wp\/v2\/media?parent=1715"}],"wp:term":[{"taxonomy":"product_brand","embeddable":true,"href":"https:\/\/gooddealersmeds.com\/fr\/wp-json\/wp\/v2\/product_brand?post=1715"},{"taxonomy":"product_cat","embeddable":true,"href":"https:\/\/gooddealersmeds.com\/fr\/wp-json\/wp\/v2\/product_cat?post=1715"},{"taxonomy":"product_tag","embeddable":true,"href":"https:\/\/gooddealersmeds.com\/fr\/wp-json\/wp\/v2\/product_tag?post=1715"}],"curies":[{"name":"wp","href":"https:\/\/api.w.org\/{rel}","templated":true}]}}