{"id":1701,"date":"2022-03-19T01:31:58","date_gmt":"2022-03-19T01:31:58","guid":{"rendered":"https:\/\/gooddealersmeds.com\/fr\/?post_type=product&#038;p=1701"},"modified":"2023-01-06T21:40:42","modified_gmt":"2023-01-06T21:40:42","slug":"acheter-ketamine-liquide-en-ligne","status":"publish","type":"product","link":"https:\/\/gooddealersmeds.com\/fr\/product\/acheter-ketamine-liquide-en-ligne\/","title":{"rendered":"Acheter de la k\u00e9tamine liquide en ligne"},"content":{"rendered":"<h2>O\u00f9 obtenir de la k\u00e9tamine liquide avec un fournisseur de confiance<\/h2>\n<p>Acheter de la k\u00e9tamine liquide en ligne sans tracas et sans frais cach\u00e9s sur les produits chimiques industriels en ligne. La k\u00e9tamine est un m\u00e9dicament unique, et les gens ont paniqu\u00e9, ont \u00e9t\u00e9 bless\u00e9s, vol\u00e9s ou pelot\u00e9s parce qu&#8217;ils n&#8217;\u00e9taient pas conscients des propri\u00e9t\u00e9s &#8220;disassociatives&#8221; de la k\u00e9tamine.<\/p>\n<p>La k\u00e9tamine peut provoquer des sensations d&#8217;irr\u00e9alit\u00e9, ainsi que des troubles visuels et sensoriels. distorsions, un sens d\u00e9form\u00e9 de son propre corps, des pens\u00e9es et des croyances temporairement \u00e9tranges, et une exaltation ou un bourdonnement.<\/p>\n<p>Bien que la k\u00e9tamine ne dure que 15 \u00e0 40 minutes, elle dissocie la conscience du corps, la rendant incapable de sentir ou contr\u00f4ler votre corps avec certitude. Marcher, courir ou m\u00eame bouger du tout peut \u00eatre impossible, ce qui peut \u00eatre nocif si vous vous retrouvez soudainement dans une situation dangereuse.<\/p>\n<p>Les drogues dissociatives peuvent provoquer une distorsion de la vision, des couleurs, du son, de soi et de l&#8217;environnement. La k\u00e9tamine se pr\u00e9sente sous la forme d&#8217;un liquide clair ou d&#8217;une poudre blanc cass\u00e9 pour injection intraveineuse ou vaporisateur nasal.<\/p>\n<p>Pourquoi la k\u00e9tamine est-elle utilis\u00e9e \u00e0 des fins m\u00e9dicales\u00a0? La k\u00e9tamine peut soulager la douleur et provoquer des pertes de m\u00e9moire \u00e0 court terme (par exemple, l&#8217;amn\u00e9sie d&#8217;un acte m\u00e9dical).<\/p>\n<p><strong>Commandez du liquide de k\u00e9tamine ici et faites-le livrer \u00e0 votre porte<\/strong><\/p>\n<ul>\n<li><a href=\"https:\/\/gooddealersmeds.com\/fr\/product\/buy -ketamine-liquid-online\/\">La k\u00e9tamine<\/a>, en bloquant le site du N-m\u00e9thyl-D-aspartate (NMDA), a une action rapide pour r\u00e9duire les sympt\u00f4mes de d\u00e9pression et les id\u00e9es suicidaires aigu\u00ebs.<\/li>\n<li>En chirurgie, il est utilis\u00e9 comme agent d&#8217;induction et d&#8217;entretien pour la s\u00e9dation et pour fournir une anesth\u00e9sie g\u00e9n\u00e9rale.<\/li>\n<li>Il a \u00e9galement \u00e9t\u00e9 utilis\u00e9 pour le contr\u00f4le de la douleur dans le traitement des br\u00fblures, les blessures sur le champ de bataille et chez les enfants qui ne peuvent pas utiliser d&#8217;autres anesth\u00e9siques en raison d&#8217;effets secondaires ou d&#8217;allergies.<\/li>\n<\/ul>\n<p>Parce que des effets ind\u00e9sirables majeurs, tels que des rythmes cardiaques irr\u00e9guliers, peuvent survenir, l&#8217;amiodarone ou la droxidopa doivent \u00eatre utilis\u00e9es. Il ne s&#8217;agit pas d&#8217;une liste exhaustive de toutes les interactions possibles. Renseignez-vous aupr\u00e8s de votre m\u00e9decin si la k\u00e9tamine peut interf\u00e9rer avec d&#8217;autres m\u00e9dicaments que vous prenez. Avant de commencer ou d&#8217;arr\u00eater, consultez votre fournisseur de soins de sant\u00e9.<\/p>\n<p>Achetez de la k\u00e9tamine liquide en ligne sur <a href=\"https:\/\/gooddealersmeds.com\/fr\">gooddealersmeds.com\/fr<\/a>. Meilleures offres ! Poudre et liquide de k\u00e9tamine de haute puret\u00e9 disponibles pour injection. Aucune ordonnance requise. Emballage discret. Livraison gratuite dans le monde entier. Acheter de la k\u00e9tamine liquide en ligne<\/p>\n","protected":false},"excerpt":{"rendered":"<p>La k\u00e9tamine liquide \u00e0 vendre est un anesth\u00e9sique, la k\u00e9tamine est en fait un type sp\u00e9cial d&#8217;anesth\u00e9sie connue sous le nom d&#8217;anesth\u00e9sique dissociatif.<\/p>\n","protected":false},"featured_media":1866,"comment_status":"open","ping_status":"closed","template":"","meta":{"inline_featured_image":false},"product_brand":[],"product_cat":[347],"product_tag":[273,278,267,264,265,266,268,269,270,272,274,276,275,277,279,280,281,282,283,271],"class_list":{"0":"post-1701","1":"product","2":"type-product","3":"status-publish","4":"has-post-thumbnail","6":"product_cat-analgsique-opiode","7":"product_tag-panaeolus-ceinture","8":"product_tag-tagre-saule","9":"product_tag-gymnopilus-jaune","10":"product_tag-gymnopilus-aeruginosus","11":"product_tag-gymnopilus-luteofolius","12":"product_tag-gymnopilus-luteoviridis","13":"product_tag-gymnopilus-purpuratus","14":"product_tag-gymnopilus-viridans","15":"product_tag-inocybe-aeruginascens","16":"product_tag-mycne-cyanorrhize","17":"product_tag-panaeolus-cyanescens","18":"product_tag-pholiotina-smithii","19":"product_tag-pholiotina-cyanopus","20":"product_tag-pluteus-nigroviridis","21":"product_tag-pluteus-villosus","22":"product_tag-psilocybe-allenii","23":"product_tag-psilocybe-azurescens","24":"product_tag-psilocybe-mexicana","25":"product_tag-psilocybe-subaeruginosa","26":"product_tag-gym-du-rire","27":"pa_milliliters-100-ml","28":"pa_milliliters-250-ml","29":"pa_milliliters-50-ml","30":"pa_milliliters-500-ml","32":"first","33":"instock","34":"featured","35":"shipping-taxable","36":"purchasable","37":"product-type-variable","38":"has-default-attributes"},"yoast_head":"<!-- This site is optimized with the Yoast SEO Premium plugin v20.6 (Yoast SEO v27.3) - https:\/\/yoast.com\/product\/yoast-seo-premium-wordpress\/ -->\n<title>Acheter de la k\u00e9tamine liquide en ligne | K\u00e9tamine \u00e0 vendre<\/title>\n<meta name=\"description\" content=\"Acheter de la k\u00e9tamine liquide en ligne\u00a0; en fait un type sp\u00e9cial d&#039;anesth\u00e9sique connu sous le nom d&#039;anesth\u00e9sique dissociatif entra\u00eenant une perte partielle de sensation.\" \/>\n<meta name=\"robots\" content=\"index, follow, max-snippet:-1, max-image-preview:large, max-video-preview:-1\" \/>\n<link rel=\"canonical\" href=\"https:\/\/gooddealersmeds.com\/fr\/product\/acheter-ketamine-liquide-en-ligne\/\" \/>\n<meta property=\"og:locale\" content=\"en_US\" \/>\n<meta property=\"og:type\" content=\"article\" \/>\n<meta property=\"og:title\" content=\"Acheter de la k\u00e9tamine liquide en ligne\" \/>\n<meta property=\"og:description\" content=\"Acheter de la k\u00e9tamine liquide en ligne\u00a0; en fait un type sp\u00e9cial d&#039;anesth\u00e9sique connu sous le nom d&#039;anesth\u00e9sique dissociatif entra\u00eenant une perte partielle de sensation.\" \/>\n<meta property=\"og:url\" content=\"https:\/\/gooddealersmeds.com\/fr\/product\/acheter-ketamine-liquide-en-ligne\/\" \/>\n<meta property=\"og:site_name\" content=\"Good Dealers Meds\" \/>\n<meta property=\"article:modified_time\" content=\"2023-01-06T21:40:42+00:00\" \/>\n<meta property=\"og:image\" content=\"https:\/\/gooddealersmeds.com\/fr\/wp-content\/uploads\/sites\/5\/2022\/03\/page_1_thumb_large.jpg\" \/>\n\t<meta property=\"og:image:width\" content=\"480\" \/>\n\t<meta property=\"og:image:height\" content=\"360\" \/>\n\t<meta property=\"og:image:type\" content=\"image\/jpeg\" \/>\n<meta name=\"twitter:card\" content=\"summary_large_image\" \/>\n<meta name=\"twitter:label1\" content=\"Est. reading time\" \/>\n\t<meta name=\"twitter:data1\" content=\"2 minutes\" \/>\n<script type=\"application\/ld+json\" class=\"yoast-schema-graph\">{\"@context\":\"https:\\\/\\\/schema.org\",\"@graph\":[{\"@type\":\"WebPage\",\"@id\":\"https:\\\/\\\/gooddealersmeds.com\\\/fr\\\/product\\\/acheter-ketamine-liquide-en-ligne\\\/\",\"url\":\"https:\\\/\\\/gooddealersmeds.com\\\/fr\\\/product\\\/acheter-ketamine-liquide-en-ligne\\\/\",\"name\":\"Acheter de la k\u00e9tamine liquide en ligne | K\u00e9tamine \u00e0 vendre\",\"isPartOf\":{\"@id\":\"https:\\\/\\\/gooddealersmeds.com\\\/fr\\\/#website\"},\"primaryImageOfPage\":{\"@id\":\"https:\\\/\\\/gooddealersmeds.com\\\/fr\\\/product\\\/acheter-ketamine-liquide-en-ligne\\\/#primaryimage\"},\"image\":{\"@id\":\"https:\\\/\\\/gooddealersmeds.com\\\/fr\\\/product\\\/acheter-ketamine-liquide-en-ligne\\\/#primaryimage\"},\"thumbnailUrl\":\"https:\\\/\\\/gooddealersmeds.com\\\/fr\\\/wp-content\\\/uploads\\\/sites\\\/5\\\/2022\\\/03\\\/page_1_thumb_large.jpg\",\"datePublished\":\"2022-03-19T01:31:58+00:00\",\"dateModified\":\"2023-01-06T21:40:42+00:00\",\"description\":\"Acheter de la k\u00e9tamine liquide en ligne\u00a0; en fait un type sp\u00e9cial d'anesth\u00e9sique connu sous le nom d'anesth\u00e9sique dissociatif entra\u00eenant une perte partielle de sensation.\",\"breadcrumb\":{\"@id\":\"https:\\\/\\\/gooddealersmeds.com\\\/fr\\\/product\\\/acheter-ketamine-liquide-en-ligne\\\/#breadcrumb\"},\"inLanguage\":\"en-US\",\"potentialAction\":[{\"@type\":\"ReadAction\",\"target\":[\"https:\\\/\\\/gooddealersmeds.com\\\/fr\\\/product\\\/acheter-ketamine-liquide-en-ligne\\\/\"]}]},{\"@type\":\"ImageObject\",\"inLanguage\":\"en-US\",\"@id\":\"https:\\\/\\\/gooddealersmeds.com\\\/fr\\\/product\\\/acheter-ketamine-liquide-en-ligne\\\/#primaryimage\",\"url\":\"https:\\\/\\\/gooddealersmeds.com\\\/fr\\\/wp-content\\\/uploads\\\/sites\\\/5\\\/2022\\\/03\\\/page_1_thumb_large.jpg\",\"contentUrl\":\"https:\\\/\\\/gooddealersmeds.com\\\/fr\\\/wp-content\\\/uploads\\\/sites\\\/5\\\/2022\\\/03\\\/page_1_thumb_large.jpg\",\"width\":480,\"height\":360,\"caption\":\"Buy Ketamine Liquid Online\"},{\"@type\":\"BreadcrumbList\",\"@id\":\"https:\\\/\\\/gooddealersmeds.com\\\/fr\\\/product\\\/acheter-ketamine-liquide-en-ligne\\\/#breadcrumb\",\"itemListElement\":[{\"@type\":\"ListItem\",\"position\":1,\"name\":\"Home\",\"item\":\"https:\\\/\\\/gooddealersmeds.com\\\/fr\\\/\"},{\"@type\":\"ListItem\",\"position\":2,\"name\":\"Des produits\",\"item\":\"https:\\\/\\\/gooddealersmeds.com\\\/fr\\\/des-produits\\\/\"},{\"@type\":\"ListItem\",\"position\":3,\"name\":\"Acheter de la k\u00e9tamine liquide en ligne\"}]},{\"@type\":\"WebSite\",\"@id\":\"https:\\\/\\\/gooddealersmeds.com\\\/fr\\\/#website\",\"url\":\"https:\\\/\\\/gooddealersmeds.com\\\/fr\\\/\",\"name\":\"Good Dealers Meds\",\"description\":\"All our best\",\"publisher\":{\"@id\":\"https:\\\/\\\/gooddealersmeds.com\\\/fr\\\/#organization\"},\"potentialAction\":[{\"@type\":\"SearchAction\",\"target\":{\"@type\":\"EntryPoint\",\"urlTemplate\":\"https:\\\/\\\/gooddealersmeds.com\\\/fr\\\/?s={search_term_string}\"},\"query-input\":{\"@type\":\"PropertyValueSpecification\",\"valueRequired\":true,\"valueName\":\"search_term_string\"}}],\"inLanguage\":\"en-US\"},{\"@type\":\"Organization\",\"@id\":\"https:\\\/\\\/gooddealersmeds.com\\\/fr\\\/#organization\",\"name\":\"Good Dealers Meds\",\"url\":\"https:\\\/\\\/gooddealersmeds.com\\\/fr\\\/\",\"logo\":{\"@type\":\"ImageObject\",\"inLanguage\":\"en-US\",\"@id\":\"https:\\\/\\\/gooddealersmeds.com\\\/fr\\\/#\\\/schema\\\/logo\\\/image\\\/\",\"url\":\"https:\\\/\\\/gooddealersmeds.com\\\/fr\\\/wp-content\\\/uploads\\\/sites\\\/5\\\/2022\\\/03\\\/gooddealersmeds__logo__20220317T222800Z.00.png\",\"contentUrl\":\"https:\\\/\\\/gooddealersmeds.com\\\/fr\\\/wp-content\\\/uploads\\\/sites\\\/5\\\/2022\\\/03\\\/gooddealersmeds__logo__20220317T222800Z.00.png\",\"width\":500,\"height\":325,\"caption\":\"Good Dealers Meds\"},\"image\":{\"@id\":\"https:\\\/\\\/gooddealersmeds.com\\\/fr\\\/#\\\/schema\\\/logo\\\/image\\\/\"}}]}<\/script>\n<!-- \/ Yoast SEO Premium plugin. -->","yoast_head_json":{"title":"Acheter de la k\u00e9tamine liquide en ligne | K\u00e9tamine \u00e0 vendre","description":"Acheter de la k\u00e9tamine liquide en ligne\u00a0; en fait un type sp\u00e9cial d'anesth\u00e9sique connu sous le nom d'anesth\u00e9sique dissociatif entra\u00eenant une perte partielle de sensation.","robots":{"index":"index","follow":"follow","max-snippet":"max-snippet:-1","max-image-preview":"max-image-preview:large","max-video-preview":"max-video-preview:-1"},"canonical":"https:\/\/gooddealersmeds.com\/fr\/product\/acheter-ketamine-liquide-en-ligne\/","og_locale":"en_US","og_type":"article","og_title":"Acheter de la k\u00e9tamine liquide en ligne","og_description":"Acheter de la k\u00e9tamine liquide en ligne\u00a0; en fait un type sp\u00e9cial d'anesth\u00e9sique connu sous le nom d'anesth\u00e9sique dissociatif entra\u00eenant une perte partielle de sensation.","og_url":"https:\/\/gooddealersmeds.com\/fr\/product\/acheter-ketamine-liquide-en-ligne\/","og_site_name":"Good Dealers Meds","article_modified_time":"2023-01-06T21:40:42+00:00","og_image":[{"width":480,"height":360,"url":"https:\/\/gooddealersmeds.com\/fr\/wp-content\/uploads\/sites\/5\/2022\/03\/page_1_thumb_large.jpg","type":"image\/jpeg"}],"twitter_card":"summary_large_image","twitter_misc":{"Est. reading time":"2 minutes"},"schema":{"@context":"https:\/\/schema.org","@graph":[{"@type":"WebPage","@id":"https:\/\/gooddealersmeds.com\/fr\/product\/acheter-ketamine-liquide-en-ligne\/","url":"https:\/\/gooddealersmeds.com\/fr\/product\/acheter-ketamine-liquide-en-ligne\/","name":"Acheter de la k\u00e9tamine liquide en ligne | K\u00e9tamine \u00e0 vendre","isPartOf":{"@id":"https:\/\/gooddealersmeds.com\/fr\/#website"},"primaryImageOfPage":{"@id":"https:\/\/gooddealersmeds.com\/fr\/product\/acheter-ketamine-liquide-en-ligne\/#primaryimage"},"image":{"@id":"https:\/\/gooddealersmeds.com\/fr\/product\/acheter-ketamine-liquide-en-ligne\/#primaryimage"},"thumbnailUrl":"https:\/\/gooddealersmeds.com\/fr\/wp-content\/uploads\/sites\/5\/2022\/03\/page_1_thumb_large.jpg","datePublished":"2022-03-19T01:31:58+00:00","dateModified":"2023-01-06T21:40:42+00:00","description":"Acheter de la k\u00e9tamine liquide en ligne\u00a0; en fait un type sp\u00e9cial d'anesth\u00e9sique connu sous le nom d'anesth\u00e9sique dissociatif entra\u00eenant une perte partielle de sensation.","breadcrumb":{"@id":"https:\/\/gooddealersmeds.com\/fr\/product\/acheter-ketamine-liquide-en-ligne\/#breadcrumb"},"inLanguage":"en-US","potentialAction":[{"@type":"ReadAction","target":["https:\/\/gooddealersmeds.com\/fr\/product\/acheter-ketamine-liquide-en-ligne\/"]}]},{"@type":"ImageObject","inLanguage":"en-US","@id":"https:\/\/gooddealersmeds.com\/fr\/product\/acheter-ketamine-liquide-en-ligne\/#primaryimage","url":"https:\/\/gooddealersmeds.com\/fr\/wp-content\/uploads\/sites\/5\/2022\/03\/page_1_thumb_large.jpg","contentUrl":"https:\/\/gooddealersmeds.com\/fr\/wp-content\/uploads\/sites\/5\/2022\/03\/page_1_thumb_large.jpg","width":480,"height":360,"caption":"Buy Ketamine Liquid Online"},{"@type":"BreadcrumbList","@id":"https:\/\/gooddealersmeds.com\/fr\/product\/acheter-ketamine-liquide-en-ligne\/#breadcrumb","itemListElement":[{"@type":"ListItem","position":1,"name":"Home","item":"https:\/\/gooddealersmeds.com\/fr\/"},{"@type":"ListItem","position":2,"name":"Des produits","item":"https:\/\/gooddealersmeds.com\/fr\/des-produits\/"},{"@type":"ListItem","position":3,"name":"Acheter de la k\u00e9tamine liquide en ligne"}]},{"@type":"WebSite","@id":"https:\/\/gooddealersmeds.com\/fr\/#website","url":"https:\/\/gooddealersmeds.com\/fr\/","name":"Good Dealers Meds","description":"All our best","publisher":{"@id":"https:\/\/gooddealersmeds.com\/fr\/#organization"},"potentialAction":[{"@type":"SearchAction","target":{"@type":"EntryPoint","urlTemplate":"https:\/\/gooddealersmeds.com\/fr\/?s={search_term_string}"},"query-input":{"@type":"PropertyValueSpecification","valueRequired":true,"valueName":"search_term_string"}}],"inLanguage":"en-US"},{"@type":"Organization","@id":"https:\/\/gooddealersmeds.com\/fr\/#organization","name":"Good Dealers Meds","url":"https:\/\/gooddealersmeds.com\/fr\/","logo":{"@type":"ImageObject","inLanguage":"en-US","@id":"https:\/\/gooddealersmeds.com\/fr\/#\/schema\/logo\/image\/","url":"https:\/\/gooddealersmeds.com\/fr\/wp-content\/uploads\/sites\/5\/2022\/03\/gooddealersmeds__logo__20220317T222800Z.00.png","contentUrl":"https:\/\/gooddealersmeds.com\/fr\/wp-content\/uploads\/sites\/5\/2022\/03\/gooddealersmeds__logo__20220317T222800Z.00.png","width":500,"height":325,"caption":"Good Dealers Meds"},"image":{"@id":"https:\/\/gooddealersmeds.com\/fr\/#\/schema\/logo\/image\/"}}]}},"_links":{"self":[{"href":"https:\/\/gooddealersmeds.com\/fr\/wp-json\/wp\/v2\/product\/1701","targetHints":{"allow":["GET"]}}],"collection":[{"href":"https:\/\/gooddealersmeds.com\/fr\/wp-json\/wp\/v2\/product"}],"about":[{"href":"https:\/\/gooddealersmeds.com\/fr\/wp-json\/wp\/v2\/types\/product"}],"replies":[{"embeddable":true,"href":"https:\/\/gooddealersmeds.com\/fr\/wp-json\/wp\/v2\/comments?post=1701"}],"wp:featuredmedia":[{"embeddable":true,"href":"https:\/\/gooddealersmeds.com\/fr\/wp-json\/wp\/v2\/media\/1866"}],"wp:attachment":[{"href":"https:\/\/gooddealersmeds.com\/fr\/wp-json\/wp\/v2\/media?parent=1701"}],"wp:term":[{"taxonomy":"product_brand","embeddable":true,"href":"https:\/\/gooddealersmeds.com\/fr\/wp-json\/wp\/v2\/product_brand?post=1701"},{"taxonomy":"product_cat","embeddable":true,"href":"https:\/\/gooddealersmeds.com\/fr\/wp-json\/wp\/v2\/product_cat?post=1701"},{"taxonomy":"product_tag","embeddable":true,"href":"https:\/\/gooddealersmeds.com\/fr\/wp-json\/wp\/v2\/product_tag?post=1701"}],"curies":[{"name":"wp","href":"https:\/\/api.w.org\/{rel}","templated":true}]}}