{"id":1689,"date":"2022-03-19T01:19:42","date_gmt":"2022-03-19T01:19:42","guid":{"rendered":"https:\/\/gooddealersmeds.com\/fr\/?post_type=product&#038;p=1689"},"modified":"2023-01-06T21:49:42","modified_gmt":"2023-01-06T21:49:42","slug":"acheter-cocaine-en-ligne","status":"publish","type":"product","link":"https:\/\/gooddealersmeds.com\/fr\/product\/acheter-cocaine-en-ligne\/","title":{"rendered":"Acheter de la coca\u00efne en ligne"},"content":{"rendered":"<h2>Coca\u00efne \u00e0 vendre en ligne chez Good Dealers Meds<\/h2>\n<p>Les clients de toute l&#8217;Europe peuvent acheter de la coca\u00efne en ligne sur notre site avec ou sans ordonnance. La coca\u00efne est une poudre blanche. C&#8217;est un stimulant du syst\u00e8me nerveux central qui provoque la lib\u00e9ration de niveaux \u00e9lev\u00e9s de dopamine. Le cerveau nous \u00ab\u00a0r\u00e9compense\u00a0\u00bb pour avoir adopt\u00e9 un comportement qui am\u00e9liore la vie, en lib\u00e9rant un flot de substances neurochimiques agr\u00e9ables.<\/p>\n<p>La coca\u00efne est une poudre blanche au go\u00fbt amer et engourdissant. Il se pr\u00e9sente sous 3 formes principales : chlorhydrate de coca\u00efne, freebase et crack. Il peut \u00eatre sniff\u00e9 par le nez ou m\u00e9lang\u00e9 avec de l&#8217;eau et inject\u00e9 avec une aiguille. Il peut \u00e9galement \u00eatre inject\u00e9, frott\u00e9 dans les gencives ou ajout\u00e9 aux aliments et aux boissons. La coca\u00efne peut \u00e9galement \u00eatre transform\u00e9e en petites roches blanches, appel\u00e9es crack. Le crack est fum\u00e9 dans une petite pipe en verre.<\/p>\n<h3>Effets de la coca\u00efne &#8211; Acheter de la coca\u00efne de haute puret\u00e9 chez nous ?<\/h3>\n<p>Il acc\u00e9l\u00e8re tout votre corps. Vous pouvez vous sentir plein d&#8217;\u00e9nergie, heureux et excit\u00e9. Mais alors votre humeur peut changer. Vous pouvez devenir en col\u00e8re, nerveux et avoir peur que quelqu&#8217;un cherche \u00e0 vous avoir. La coca\u00efne augmente le rythme cardiaque, la respiration et la tension art\u00e9rielle. La phase ascendante est rapide, conduit \u00e0 l&#8217;euphorie et \u00e0 un sentiment de puissance et de puissance intellectuelle. La coca\u00efne peut imiter une vigilance accrue, entraver les sensations de fatigue et de choc physique. Vous pourriez faire des choses qui n&#8217;ont aucun sens. Une fois que le \u00ab\u00a0high\u00a0\u00bb s&#8217;estompe, vous pouvez vous \u00ab\u00a0\u00e9craser\u00a0\u00bb et vous sentir fatigu\u00e9 et triste pendant des jours. Vous ressentez \u00e9galement une forte envie de reprendre la drogue pour essayer de vous sentir mieux.<\/p>\n<p>C&#8217;est une drogue stimulante puissamment addictive fabriqu\u00e9e \u00e0 partir des feuilles de la plante de coca originaire d&#8217;Am\u00e9rique du Sud. Bien que les fournisseurs de soins de sant\u00e9 puissent l&#8217;utiliser \u00e0 des fins m\u00e9dicales valables, comme l&#8217;anesth\u00e9sie locale pour certaines chirurgies, la coca\u00efne est une drogue ill\u00e9gale. Il est facile de perdre le contr\u00f4le de son utilisation et de devenir d\u00e9pendant. Ensuite, m\u00eame si vous recevez un traitement, il peut \u00eatre difficile de rester \u00e0 l&#8217;\u00e9cart du m\u00e9dicament. Les personnes qui ont arr\u00eat\u00e9 de consommer de la coca\u00efne peuvent encore ressentir de fortes envies de drogue, parfois m\u00eame des ann\u00e9es plus tard.<\/p>\n<p>Vous pouvez acheter de la coca\u00efne en ligne sur notre <a href=\"https:\/\/gooddealersmeds.com\/fr\/products\/\">magasin<\/a> avec exp\u00e9dition s\u00e9curis\u00e9e dans toute l&#8217;Europe.<\/p>\n<p>&nbsp;<\/p>\n","protected":false},"excerpt":{"rendered":"<p>Achetez de la coca\u00efne en ligne dans notre boutique maintenant, c&#8217;est une drogue stimulante extraite des feuilles de l&#8217;Erythroxylon coca Lam, une esp\u00e8ce de la plante de coca, qui est cultiv\u00e9e dans la r\u00e9gion andine d&#8217;Am\u00e9rique du Sud. Elle peut \u00eatre consomm\u00e9e sous forme de coca\u00efne en poudre, g\u00e9n\u00e9ralement sniff\u00e9e ou inject\u00e9e. Il peut \u00e9galement \u00eatre consomm\u00e9 sous forme de crack, qui est g\u00e9n\u00e9ralement fum\u00e9, et sous forme de p\u00e2te, qui est \u00e9galement fum\u00e9e.<\/p>\n","protected":false},"featured_media":1700,"comment_status":"open","ping_status":"closed","template":"","meta":{"inline_featured_image":false},"product_brand":[],"product_cat":[343],"product_tag":[247,243,248,246,257,241,242,256,245,244,249,250,251,252,253,254,255,258,261,262,259,589,591,592,260,263,590],"class_list":{"0":"post-1689","1":"product","2":"type-product","3":"status-publish","4":"has-post-thumbnail","6":"product_cat-les-autres","7":"product_tag-acheter-mazatapec-champignon-magique","8":"product_tag-acheter-cocane-en-ligne","9":"product_tag-acheter-methamphtamine-en-ligne","10":"product_tag-acheter-malabar-champignons-magiques","11":"product_tag-acheter-transkei-champignon-magique","12":"product_tag-acheter-albinos-p-e-champignon","13":"product_tag-acheter-berry-sour-stars","14":"product_tag-acheter-chocolat-noir-au-sel-marin","15":"product_tag-acheter-acide-lysergique-diethylamide","16":"product_tag-acheter-dmt-en-ligne","17":"product_tag-acheter-panaeolus-cyanescens-en-ligne","18":"product_tag-acheter-psilocybe-azurenscens-en-ligne","19":"product_tag-acheter-psilocybe-mckennaii-en-ligne","20":"product_tag-acheter-psilocybe-mexicana-en-ligne","21":"product_tag-acheter-psilocybe-stuntzil-en-ligne","22":"product_tag-acheter-psilocybe-tempensis-en-ligne","23":"product_tag-acheter-psilocybe-weilii-en-ligne","24":"product_tag-acheter-varit-pack-en-ligne","25":"product_tag-barres-de-chocolat-noir-mastermind","26":"product_tag-pnis-envie-champignon-magique","27":"product_tag-cherry-lime-gummy-bears","28":"product_tag-cocaine-for-sale","29":"product_tag-pure-cocane-commander-en-ligne","30":"product_tag-comment-acheter-de-la-cocane-discrtement","31":"product_tag-cookies-and-cream-chocolate","32":"product_tag-top-lsd--vendre","33":"product_tag-o-acheter-de-la-cocane","34":"pa_grams-1-kg-1000-g","35":"pa_grams-10-g","36":"pa_grams-100-g","37":"pa_grams-20-g","38":"pa_grams-200-g","39":"pa_grams-35-g","40":"pa_grams-50-g","41":"pa_grams-500-g","43":"first","44":"instock","45":"featured","46":"shipping-taxable","47":"purchasable","48":"product-type-variable","49":"has-default-attributes"},"yoast_head":"<!-- This site is optimized with the Yoast SEO Premium plugin v20.6 (Yoast SEO v27.3) - https:\/\/yoast.com\/product\/yoast-seo-premium-wordpress\/ -->\n<title>Acheter de la coca\u00efne en ligne -| Coca\u00efne \u00e0 vendre | Commander coca\u00efne<\/title>\n<meta name=\"description\" content=\"Acheter de la coca\u00efne en ligne dans notre boutique maintenant, est une drogue stimulante extraite des feuilles de l&#039;Erythroxylon coca Lam, une esp\u00e8ce de la plante de coca.\" \/>\n<meta name=\"robots\" content=\"index, follow, max-snippet:-1, max-image-preview:large, max-video-preview:-1\" \/>\n<link rel=\"canonical\" href=\"https:\/\/gooddealersmeds.com\/fr\/product\/acheter-cocaine-en-ligne\/\" \/>\n<meta property=\"og:locale\" content=\"en_US\" \/>\n<meta property=\"og:type\" content=\"article\" \/>\n<meta property=\"og:title\" content=\"Acheter de la coca\u00efne en ligne\" \/>\n<meta property=\"og:description\" content=\"Acheter de la coca\u00efne en ligne dans notre boutique maintenant, est une drogue stimulante extraite des feuilles de l&#039;Erythroxylon coca Lam, une esp\u00e8ce de la plante de coca.\" \/>\n<meta property=\"og:url\" content=\"https:\/\/gooddealersmeds.com\/fr\/product\/acheter-cocaine-en-ligne\/\" \/>\n<meta property=\"og:site_name\" content=\"Good Dealers Meds\" \/>\n<meta property=\"article:modified_time\" content=\"2023-01-06T21:49:42+00:00\" \/>\n<meta property=\"og:image\" content=\"https:\/\/gooddealersmeds.com\/fr\/wp-content\/uploads\/sites\/5\/2022\/03\/8097e257-2271-4a0c-9aeb-1705fa7333e8.jpg\" \/>\n\t<meta property=\"og:image:width\" content=\"687\" \/>\n\t<meta property=\"og:image:height\" content=\"687\" \/>\n\t<meta property=\"og:image:type\" content=\"image\/jpeg\" \/>\n<meta name=\"twitter:card\" content=\"summary_large_image\" \/>\n<meta name=\"twitter:label1\" content=\"Est. reading time\" \/>\n\t<meta name=\"twitter:data1\" content=\"2 minutes\" \/>\n<script type=\"application\/ld+json\" class=\"yoast-schema-graph\">{\"@context\":\"https:\\\/\\\/schema.org\",\"@graph\":[{\"@type\":\"WebPage\",\"@id\":\"https:\\\/\\\/gooddealersmeds.com\\\/fr\\\/product\\\/acheter-cocaine-en-ligne\\\/\",\"url\":\"https:\\\/\\\/gooddealersmeds.com\\\/fr\\\/product\\\/acheter-cocaine-en-ligne\\\/\",\"name\":\"Acheter de la coca\u00efne en ligne -| Coca\u00efne \u00e0 vendre | Commander coca\u00efne\",\"isPartOf\":{\"@id\":\"https:\\\/\\\/gooddealersmeds.com\\\/fr\\\/#website\"},\"primaryImageOfPage\":{\"@id\":\"https:\\\/\\\/gooddealersmeds.com\\\/fr\\\/product\\\/acheter-cocaine-en-ligne\\\/#primaryimage\"},\"image\":{\"@id\":\"https:\\\/\\\/gooddealersmeds.com\\\/fr\\\/product\\\/acheter-cocaine-en-ligne\\\/#primaryimage\"},\"thumbnailUrl\":\"https:\\\/\\\/gooddealersmeds.com\\\/fr\\\/wp-content\\\/uploads\\\/sites\\\/5\\\/2022\\\/03\\\/8097e257-2271-4a0c-9aeb-1705fa7333e8.jpg\",\"datePublished\":\"2022-03-19T01:19:42+00:00\",\"dateModified\":\"2023-01-06T21:49:42+00:00\",\"description\":\"Acheter de la coca\u00efne en ligne dans notre boutique maintenant, est une drogue stimulante extraite des feuilles de l'Erythroxylon coca Lam, une esp\u00e8ce de la plante de coca.\",\"breadcrumb\":{\"@id\":\"https:\\\/\\\/gooddealersmeds.com\\\/fr\\\/product\\\/acheter-cocaine-en-ligne\\\/#breadcrumb\"},\"inLanguage\":\"en-US\",\"potentialAction\":[{\"@type\":\"ReadAction\",\"target\":[\"https:\\\/\\\/gooddealersmeds.com\\\/fr\\\/product\\\/acheter-cocaine-en-ligne\\\/\"]}]},{\"@type\":\"ImageObject\",\"inLanguage\":\"en-US\",\"@id\":\"https:\\\/\\\/gooddealersmeds.com\\\/fr\\\/product\\\/acheter-cocaine-en-ligne\\\/#primaryimage\",\"url\":\"https:\\\/\\\/gooddealersmeds.com\\\/fr\\\/wp-content\\\/uploads\\\/sites\\\/5\\\/2022\\\/03\\\/8097e257-2271-4a0c-9aeb-1705fa7333e8.jpg\",\"contentUrl\":\"https:\\\/\\\/gooddealersmeds.com\\\/fr\\\/wp-content\\\/uploads\\\/sites\\\/5\\\/2022\\\/03\\\/8097e257-2271-4a0c-9aeb-1705fa7333e8.jpg\",\"width\":687,\"height\":687,\"caption\":\"Buy Cocaine Online\"},{\"@type\":\"BreadcrumbList\",\"@id\":\"https:\\\/\\\/gooddealersmeds.com\\\/fr\\\/product\\\/acheter-cocaine-en-ligne\\\/#breadcrumb\",\"itemListElement\":[{\"@type\":\"ListItem\",\"position\":1,\"name\":\"Home\",\"item\":\"https:\\\/\\\/gooddealersmeds.com\\\/fr\\\/\"},{\"@type\":\"ListItem\",\"position\":2,\"name\":\"Des produits\",\"item\":\"https:\\\/\\\/gooddealersmeds.com\\\/fr\\\/des-produits\\\/\"},{\"@type\":\"ListItem\",\"position\":3,\"name\":\"Acheter de la coca\u00efne en ligne\"}]},{\"@type\":\"WebSite\",\"@id\":\"https:\\\/\\\/gooddealersmeds.com\\\/fr\\\/#website\",\"url\":\"https:\\\/\\\/gooddealersmeds.com\\\/fr\\\/\",\"name\":\"Good Dealers Meds\",\"description\":\"All our best\",\"publisher\":{\"@id\":\"https:\\\/\\\/gooddealersmeds.com\\\/fr\\\/#organization\"},\"potentialAction\":[{\"@type\":\"SearchAction\",\"target\":{\"@type\":\"EntryPoint\",\"urlTemplate\":\"https:\\\/\\\/gooddealersmeds.com\\\/fr\\\/?s={search_term_string}\"},\"query-input\":{\"@type\":\"PropertyValueSpecification\",\"valueRequired\":true,\"valueName\":\"search_term_string\"}}],\"inLanguage\":\"en-US\"},{\"@type\":\"Organization\",\"@id\":\"https:\\\/\\\/gooddealersmeds.com\\\/fr\\\/#organization\",\"name\":\"Good Dealers Meds\",\"url\":\"https:\\\/\\\/gooddealersmeds.com\\\/fr\\\/\",\"logo\":{\"@type\":\"ImageObject\",\"inLanguage\":\"en-US\",\"@id\":\"https:\\\/\\\/gooddealersmeds.com\\\/fr\\\/#\\\/schema\\\/logo\\\/image\\\/\",\"url\":\"https:\\\/\\\/gooddealersmeds.com\\\/fr\\\/wp-content\\\/uploads\\\/sites\\\/5\\\/2022\\\/03\\\/gooddealersmeds__logo__20220317T222800Z.00.png\",\"contentUrl\":\"https:\\\/\\\/gooddealersmeds.com\\\/fr\\\/wp-content\\\/uploads\\\/sites\\\/5\\\/2022\\\/03\\\/gooddealersmeds__logo__20220317T222800Z.00.png\",\"width\":500,\"height\":325,\"caption\":\"Good Dealers Meds\"},\"image\":{\"@id\":\"https:\\\/\\\/gooddealersmeds.com\\\/fr\\\/#\\\/schema\\\/logo\\\/image\\\/\"}}]}<\/script>\n<!-- \/ Yoast SEO Premium plugin. -->","yoast_head_json":{"title":"Acheter de la coca\u00efne en ligne -| Coca\u00efne \u00e0 vendre | Commander coca\u00efne","description":"Acheter de la coca\u00efne en ligne dans notre boutique maintenant, est une drogue stimulante extraite des feuilles de l'Erythroxylon coca Lam, une esp\u00e8ce de la plante de coca.","robots":{"index":"index","follow":"follow","max-snippet":"max-snippet:-1","max-image-preview":"max-image-preview:large","max-video-preview":"max-video-preview:-1"},"canonical":"https:\/\/gooddealersmeds.com\/fr\/product\/acheter-cocaine-en-ligne\/","og_locale":"en_US","og_type":"article","og_title":"Acheter de la coca\u00efne en ligne","og_description":"Acheter de la coca\u00efne en ligne dans notre boutique maintenant, est une drogue stimulante extraite des feuilles de l'Erythroxylon coca Lam, une esp\u00e8ce de la plante de coca.","og_url":"https:\/\/gooddealersmeds.com\/fr\/product\/acheter-cocaine-en-ligne\/","og_site_name":"Good Dealers Meds","article_modified_time":"2023-01-06T21:49:42+00:00","og_image":[{"width":687,"height":687,"url":"https:\/\/gooddealersmeds.com\/fr\/wp-content\/uploads\/sites\/5\/2022\/03\/8097e257-2271-4a0c-9aeb-1705fa7333e8.jpg","type":"image\/jpeg"}],"twitter_card":"summary_large_image","twitter_misc":{"Est. reading time":"2 minutes"},"schema":{"@context":"https:\/\/schema.org","@graph":[{"@type":"WebPage","@id":"https:\/\/gooddealersmeds.com\/fr\/product\/acheter-cocaine-en-ligne\/","url":"https:\/\/gooddealersmeds.com\/fr\/product\/acheter-cocaine-en-ligne\/","name":"Acheter de la coca\u00efne en ligne -| Coca\u00efne \u00e0 vendre | Commander coca\u00efne","isPartOf":{"@id":"https:\/\/gooddealersmeds.com\/fr\/#website"},"primaryImageOfPage":{"@id":"https:\/\/gooddealersmeds.com\/fr\/product\/acheter-cocaine-en-ligne\/#primaryimage"},"image":{"@id":"https:\/\/gooddealersmeds.com\/fr\/product\/acheter-cocaine-en-ligne\/#primaryimage"},"thumbnailUrl":"https:\/\/gooddealersmeds.com\/fr\/wp-content\/uploads\/sites\/5\/2022\/03\/8097e257-2271-4a0c-9aeb-1705fa7333e8.jpg","datePublished":"2022-03-19T01:19:42+00:00","dateModified":"2023-01-06T21:49:42+00:00","description":"Acheter de la coca\u00efne en ligne dans notre boutique maintenant, est une drogue stimulante extraite des feuilles de l'Erythroxylon coca Lam, une esp\u00e8ce de la plante de coca.","breadcrumb":{"@id":"https:\/\/gooddealersmeds.com\/fr\/product\/acheter-cocaine-en-ligne\/#breadcrumb"},"inLanguage":"en-US","potentialAction":[{"@type":"ReadAction","target":["https:\/\/gooddealersmeds.com\/fr\/product\/acheter-cocaine-en-ligne\/"]}]},{"@type":"ImageObject","inLanguage":"en-US","@id":"https:\/\/gooddealersmeds.com\/fr\/product\/acheter-cocaine-en-ligne\/#primaryimage","url":"https:\/\/gooddealersmeds.com\/fr\/wp-content\/uploads\/sites\/5\/2022\/03\/8097e257-2271-4a0c-9aeb-1705fa7333e8.jpg","contentUrl":"https:\/\/gooddealersmeds.com\/fr\/wp-content\/uploads\/sites\/5\/2022\/03\/8097e257-2271-4a0c-9aeb-1705fa7333e8.jpg","width":687,"height":687,"caption":"Buy Cocaine Online"},{"@type":"BreadcrumbList","@id":"https:\/\/gooddealersmeds.com\/fr\/product\/acheter-cocaine-en-ligne\/#breadcrumb","itemListElement":[{"@type":"ListItem","position":1,"name":"Home","item":"https:\/\/gooddealersmeds.com\/fr\/"},{"@type":"ListItem","position":2,"name":"Des produits","item":"https:\/\/gooddealersmeds.com\/fr\/des-produits\/"},{"@type":"ListItem","position":3,"name":"Acheter de la coca\u00efne en ligne"}]},{"@type":"WebSite","@id":"https:\/\/gooddealersmeds.com\/fr\/#website","url":"https:\/\/gooddealersmeds.com\/fr\/","name":"Good Dealers Meds","description":"All our best","publisher":{"@id":"https:\/\/gooddealersmeds.com\/fr\/#organization"},"potentialAction":[{"@type":"SearchAction","target":{"@type":"EntryPoint","urlTemplate":"https:\/\/gooddealersmeds.com\/fr\/?s={search_term_string}"},"query-input":{"@type":"PropertyValueSpecification","valueRequired":true,"valueName":"search_term_string"}}],"inLanguage":"en-US"},{"@type":"Organization","@id":"https:\/\/gooddealersmeds.com\/fr\/#organization","name":"Good Dealers Meds","url":"https:\/\/gooddealersmeds.com\/fr\/","logo":{"@type":"ImageObject","inLanguage":"en-US","@id":"https:\/\/gooddealersmeds.com\/fr\/#\/schema\/logo\/image\/","url":"https:\/\/gooddealersmeds.com\/fr\/wp-content\/uploads\/sites\/5\/2022\/03\/gooddealersmeds__logo__20220317T222800Z.00.png","contentUrl":"https:\/\/gooddealersmeds.com\/fr\/wp-content\/uploads\/sites\/5\/2022\/03\/gooddealersmeds__logo__20220317T222800Z.00.png","width":500,"height":325,"caption":"Good Dealers Meds"},"image":{"@id":"https:\/\/gooddealersmeds.com\/fr\/#\/schema\/logo\/image\/"}}]}},"_links":{"self":[{"href":"https:\/\/gooddealersmeds.com\/fr\/wp-json\/wp\/v2\/product\/1689","targetHints":{"allow":["GET"]}}],"collection":[{"href":"https:\/\/gooddealersmeds.com\/fr\/wp-json\/wp\/v2\/product"}],"about":[{"href":"https:\/\/gooddealersmeds.com\/fr\/wp-json\/wp\/v2\/types\/product"}],"replies":[{"embeddable":true,"href":"https:\/\/gooddealersmeds.com\/fr\/wp-json\/wp\/v2\/comments?post=1689"}],"wp:featuredmedia":[{"embeddable":true,"href":"https:\/\/gooddealersmeds.com\/fr\/wp-json\/wp\/v2\/media\/1700"}],"wp:attachment":[{"href":"https:\/\/gooddealersmeds.com\/fr\/wp-json\/wp\/v2\/media?parent=1689"}],"wp:term":[{"taxonomy":"product_brand","embeddable":true,"href":"https:\/\/gooddealersmeds.com\/fr\/wp-json\/wp\/v2\/product_brand?post=1689"},{"taxonomy":"product_cat","embeddable":true,"href":"https:\/\/gooddealersmeds.com\/fr\/wp-json\/wp\/v2\/product_cat?post=1689"},{"taxonomy":"product_tag","embeddable":true,"href":"https:\/\/gooddealersmeds.com\/fr\/wp-json\/wp\/v2\/product_tag?post=1689"}],"curies":[{"name":"wp","href":"https:\/\/api.w.org\/{rel}","templated":true}]}}