{"id":1678,"date":"2022-03-19T01:13:31","date_gmt":"2022-03-19T01:13:31","guid":{"rendered":"https:\/\/gooddealersmeds.com\/fr\/?post_type=product&#038;p=1678"},"modified":"2023-01-06T21:53:47","modified_gmt":"2023-01-06T21:53:47","slug":"acheter-dmt-crystal-en-ligne","status":"publish","type":"product","link":"https:\/\/gooddealersmeds.com\/fr\/product\/acheter-dmt-crystal-en-ligne\/","title":{"rendered":"Acheter du cristal DMT en ligne"},"content":{"rendered":"<h2>Cristal DMT de qualit\u00e9 \u00e0 vendre en ligne chez Good Dealers Meds<\/h2>\n<p>Acheter du cristal DMT en ligne dans notre boutique. Le DMT est un compos\u00e9 psych\u00e9d\u00e9lique et hallucinog\u00e8ne d\u00e9riv\u00e9 de la plante Ayahuasca. Le DMT est un produit chimique naturellement pr\u00e9sent dans une vari\u00e9t\u00e9 d&#8217;animaux et de plantes.<\/p>\n<p>Il a \u00e9galement \u00e9t\u00e9 d\u00e9couvert qu&#8217;il est naturellement pr\u00e9sent chez l&#8217;homme. La <a href=\"https:\/\/gooddealersmeds.com\/fr\/product\/acheter-dmt-crystal-en-ligne\/\">DMT<\/a> provient principalement d&#8217;Am\u00e9rique du Sud, plus pr\u00e9cis\u00e9ment de la for\u00eat amazonienne. Lorsqu&#8217;il est consomm\u00e9, le DMT est connu pour provoquer une gamme d&#8217;effets visuels et hallucinog\u00e8nes. Il est \u00e9galement connu pour fournir tous les avantages pour la sant\u00e9 mentale des autres substances psych\u00e9d\u00e9liques.<\/p>\n<p>Achetez des cristaux de DMT en ligne \u00e0 un tr\u00e8s bon prix. Nous n&#8217;avons que des cristaux DMT pour un usage en laboratoire car ils sont purs \u00e0 environ 98,98 %. Cela indique qu&#8217;il est extr\u00eamement fort et, s&#8217;il est consomm\u00e9, peut blesser l&#8217;individu.<\/p>\n<p>Cristaux de DMT \u00e0 vendre en Europe. Il s&#8217;agit de DMT sous forme cristalline. DMT Crystals est l&#8217;abr\u00e9viation de N, N-<a href=\"https:\/\/en.wikipedia.org\/wiki\/Changa_(drug)\">Dimethyltryptamine<\/a>. C&#8217;est une drogue psych\u00e9d\u00e9lique puissante avec des effets s\u00e9rotoninergiques sur le cerveau humain qui peut fournir une exp\u00e9rience psych\u00e9d\u00e9lique rapide et intense connue sous le nom de &#8220;trip DMT&#8221;. Les exp\u00e9riences DMT sont g\u00e9n\u00e9ralement marqu\u00e9es par des hallucinations visuelles, impliquant fr\u00e9quemment des entit\u00e9s puissantes, et sont fr\u00e9quemment associ\u00e9es \u00e0 une signification plus profonde. Cette profonde exp\u00e9rience est souvent qualifi\u00e9e de &#8220;perc\u00e9e DMT&#8221;. La DMT sous sa forme cristalline peut \u00eatre fum\u00e9e, sniff\u00e9e ou inject\u00e9e comme drogue r\u00e9cr\u00e9ative.<\/p>\n<p><strong>Commandez du cristal DMT avec nous &#8211; Savoir comment utiliser le cristal DMT<\/strong><\/p>\n<p>La DMT n&#8217;est g\u00e9n\u00e9ralement pas destin\u00e9e \u00e0 un usage oral, sauf lorsqu&#8217;elle est associ\u00e9e \u00e0 un inhibiteur de la monoamine oxydase. De multiples strat\u00e9gies d&#8217;absorption existent ; par exemple, vaporiser, infuser ou insuffler la drogue cr\u00e9erait des r\u00eaves chim\u00e9riques r\u00e9volutionnaires pendant une courte p\u00e9riode.<\/p>\n<p>La DMT peut \u00eatre consomm\u00e9e sous forme de th\u00e9 (ayahuasca), mais la fa\u00e7on la plus courante de consommer de la DMT est de fumer \/ le vaporiser. Lorsqu&#8217;il est fum\u00e9\/vaporis\u00e9, le d\u00e9but est rapide et les effets sont intenses et de courte dur\u00e9e.<\/p>\n<p>Aux fins de r\u00e9duction des m\u00e9faits, il n&#8217;est pas conseill\u00e9 de combiner des substances. Une combinaison de substances ne produira pas n\u00e9cessairement un m\u00e9lange \u00e9gal d&#8217;effets. Et est essentiellement un nouveau m\u00e9dicament \u00e0 part enti\u00e8re.<\/p>\n<p>Vous pouvez acheter du cristal DMT en ligne dans notre magasin.<\/p>\n<p>&nbsp;<\/p>\n","protected":false},"excerpt":{"rendered":"<p>La N,N-dim\u00e9thyltryptamine est une substance chimique pr\u00e9sente dans de nombreuses plantes et animaux et qui est \u00e0 la fois un d\u00e9riv\u00e9 et un analogue structurel de la tryptamine. Il peut \u00eatre consomm\u00e9 comme drogue psych\u00e9d\u00e9lique et a \u00e9t\u00e9 historiquement pr\u00e9par\u00e9 par diverses cultures \u00e0 des fins rituelles en tant qu&#8217;enth\u00e9og\u00e8ne<\/p>\n","protected":false},"featured_media":2018,"comment_status":"open","ping_status":"closed","template":"","meta":{"inline_featured_image":false},"product_brand":[],"product_cat":[345],"product_tag":[],"class_list":{"0":"post-1678","1":"product","2":"type-product","3":"status-publish","4":"has-post-thumbnail","6":"product_cat-drogues-psychdliques","7":"pa_grams-1-kg-1000-g","8":"pa_grams-10-g","9":"pa_grams-100-g","10":"pa_grams-20-g","11":"pa_grams-200-g","12":"pa_grams-35-g","13":"pa_grams-50-g","14":"pa_grams-500-g","16":"first","17":"instock","18":"featured","19":"shipping-taxable","20":"purchasable","21":"product-type-variable","22":"has-default-attributes"},"yoast_head":"<!-- This site is optimized with the Yoast SEO Premium plugin v20.6 (Yoast SEO v27.4) - https:\/\/yoast.com\/product\/yoast-seo-premium-wordpress\/ -->\n<title>Acheter du cristal DMT en ligne | Cristal DMT de la meilleure qualit\u00e9<\/title>\n<meta name=\"description\" content=\"Acheter du cristal DMT en ligne : Le DMT est une drogue hallucinog\u00e8ne et psych\u00e9d\u00e9lique qui alt\u00e8re la perception qu&#039;a l&#039;individu du monde qui l&#039;entoure.\" \/>\n<meta name=\"robots\" content=\"index, follow, max-snippet:-1, max-image-preview:large, max-video-preview:-1\" \/>\n<link rel=\"canonical\" href=\"https:\/\/gooddealersmeds.com\/fr\/product\/acheter-dmt-crystal-en-ligne\/\" \/>\n<meta property=\"og:locale\" content=\"en_US\" \/>\n<meta property=\"og:type\" content=\"article\" \/>\n<meta property=\"og:title\" content=\"Acheter du cristal DMT en ligne\" \/>\n<meta property=\"og:description\" content=\"Acheter du cristal DMT en ligne : Le DMT est une drogue hallucinog\u00e8ne et psych\u00e9d\u00e9lique qui alt\u00e8re la perception qu&#039;a l&#039;individu du monde qui l&#039;entoure.\" \/>\n<meta property=\"og:url\" content=\"https:\/\/gooddealersmeds.com\/fr\/product\/acheter-dmt-crystal-en-ligne\/\" \/>\n<meta property=\"og:site_name\" content=\"Good Dealers Meds\" \/>\n<meta property=\"article:modified_time\" content=\"2023-01-06T21:53:47+00:00\" \/>\n<meta property=\"og:image\" content=\"https:\/\/gooddealersmeds.com\/fr\/wp-content\/uploads\/sites\/5\/2022\/03\/wcafo2x8fv051-scaled.webp\" \/>\n\t<meta property=\"og:image:width\" content=\"2560\" \/>\n\t<meta property=\"og:image:height\" content=\"1920\" \/>\n\t<meta property=\"og:image:type\" content=\"image\/webp\" \/>\n<meta name=\"twitter:card\" content=\"summary_large_image\" \/>\n<meta name=\"twitter:label1\" content=\"Est. reading time\" \/>\n\t<meta name=\"twitter:data1\" content=\"2 minutes\" \/>\n<script type=\"application\/ld+json\" class=\"yoast-schema-graph\">{\"@context\":\"https:\\\/\\\/schema.org\",\"@graph\":[{\"@type\":\"WebPage\",\"@id\":\"https:\\\/\\\/gooddealersmeds.com\\\/fr\\\/product\\\/acheter-dmt-crystal-en-ligne\\\/\",\"url\":\"https:\\\/\\\/gooddealersmeds.com\\\/fr\\\/product\\\/acheter-dmt-crystal-en-ligne\\\/\",\"name\":\"Acheter du cristal DMT en ligne | Cristal DMT de la meilleure qualit\u00e9\",\"isPartOf\":{\"@id\":\"https:\\\/\\\/gooddealersmeds.com\\\/fr\\\/#website\"},\"primaryImageOfPage\":{\"@id\":\"https:\\\/\\\/gooddealersmeds.com\\\/fr\\\/product\\\/acheter-dmt-crystal-en-ligne\\\/#primaryimage\"},\"image\":{\"@id\":\"https:\\\/\\\/gooddealersmeds.com\\\/fr\\\/product\\\/acheter-dmt-crystal-en-ligne\\\/#primaryimage\"},\"thumbnailUrl\":\"https:\\\/\\\/gooddealersmeds.com\\\/fr\\\/wp-content\\\/uploads\\\/sites\\\/5\\\/2022\\\/03\\\/wcafo2x8fv051-scaled.webp\",\"datePublished\":\"2022-03-19T01:13:31+00:00\",\"dateModified\":\"2023-01-06T21:53:47+00:00\",\"description\":\"Acheter du cristal DMT en ligne : Le DMT est une drogue hallucinog\u00e8ne et psych\u00e9d\u00e9lique qui alt\u00e8re la perception qu'a l'individu du monde qui l'entoure.\",\"breadcrumb\":{\"@id\":\"https:\\\/\\\/gooddealersmeds.com\\\/fr\\\/product\\\/acheter-dmt-crystal-en-ligne\\\/#breadcrumb\"},\"inLanguage\":\"en-US\",\"potentialAction\":[{\"@type\":\"ReadAction\",\"target\":[\"https:\\\/\\\/gooddealersmeds.com\\\/fr\\\/product\\\/acheter-dmt-crystal-en-ligne\\\/\"]}]},{\"@type\":\"ImageObject\",\"inLanguage\":\"en-US\",\"@id\":\"https:\\\/\\\/gooddealersmeds.com\\\/fr\\\/product\\\/acheter-dmt-crystal-en-ligne\\\/#primaryimage\",\"url\":\"https:\\\/\\\/gooddealersmeds.com\\\/fr\\\/wp-content\\\/uploads\\\/sites\\\/5\\\/2022\\\/03\\\/wcafo2x8fv051-scaled.webp\",\"contentUrl\":\"https:\\\/\\\/gooddealersmeds.com\\\/fr\\\/wp-content\\\/uploads\\\/sites\\\/5\\\/2022\\\/03\\\/wcafo2x8fv051-scaled.webp\",\"width\":2560,\"height\":1920,\"caption\":\"Buy DMT Crystal Online\"},{\"@type\":\"BreadcrumbList\",\"@id\":\"https:\\\/\\\/gooddealersmeds.com\\\/fr\\\/product\\\/acheter-dmt-crystal-en-ligne\\\/#breadcrumb\",\"itemListElement\":[{\"@type\":\"ListItem\",\"position\":1,\"name\":\"Home\",\"item\":\"https:\\\/\\\/gooddealersmeds.com\\\/fr\\\/\"},{\"@type\":\"ListItem\",\"position\":2,\"name\":\"Des produits\",\"item\":\"https:\\\/\\\/gooddealersmeds.com\\\/fr\\\/des-produits\\\/\"},{\"@type\":\"ListItem\",\"position\":3,\"name\":\"Acheter du cristal DMT en ligne\"}]},{\"@type\":\"WebSite\",\"@id\":\"https:\\\/\\\/gooddealersmeds.com\\\/fr\\\/#website\",\"url\":\"https:\\\/\\\/gooddealersmeds.com\\\/fr\\\/\",\"name\":\"Good Dealers Meds\",\"description\":\"All our best\",\"publisher\":{\"@id\":\"https:\\\/\\\/gooddealersmeds.com\\\/fr\\\/#organization\"},\"potentialAction\":[{\"@type\":\"SearchAction\",\"target\":{\"@type\":\"EntryPoint\",\"urlTemplate\":\"https:\\\/\\\/gooddealersmeds.com\\\/fr\\\/?s={search_term_string}\"},\"query-input\":{\"@type\":\"PropertyValueSpecification\",\"valueRequired\":true,\"valueName\":\"search_term_string\"}}],\"inLanguage\":\"en-US\"},{\"@type\":\"Organization\",\"@id\":\"https:\\\/\\\/gooddealersmeds.com\\\/fr\\\/#organization\",\"name\":\"Good Dealers Meds\",\"url\":\"https:\\\/\\\/gooddealersmeds.com\\\/fr\\\/\",\"logo\":{\"@type\":\"ImageObject\",\"inLanguage\":\"en-US\",\"@id\":\"https:\\\/\\\/gooddealersmeds.com\\\/fr\\\/#\\\/schema\\\/logo\\\/image\\\/\",\"url\":\"https:\\\/\\\/gooddealersmeds.com\\\/fr\\\/wp-content\\\/uploads\\\/sites\\\/5\\\/2022\\\/03\\\/gooddealersmeds__logo__20220317T222800Z.00.png\",\"contentUrl\":\"https:\\\/\\\/gooddealersmeds.com\\\/fr\\\/wp-content\\\/uploads\\\/sites\\\/5\\\/2022\\\/03\\\/gooddealersmeds__logo__20220317T222800Z.00.png\",\"width\":500,\"height\":325,\"caption\":\"Good Dealers Meds\"},\"image\":{\"@id\":\"https:\\\/\\\/gooddealersmeds.com\\\/fr\\\/#\\\/schema\\\/logo\\\/image\\\/\"}}]}<\/script>\n<!-- \/ Yoast SEO Premium plugin. -->","yoast_head_json":{"title":"Acheter du cristal DMT en ligne | Cristal DMT de la meilleure qualit\u00e9","description":"Acheter du cristal DMT en ligne : Le DMT est une drogue hallucinog\u00e8ne et psych\u00e9d\u00e9lique qui alt\u00e8re la perception qu'a l'individu du monde qui l'entoure.","robots":{"index":"index","follow":"follow","max-snippet":"max-snippet:-1","max-image-preview":"max-image-preview:large","max-video-preview":"max-video-preview:-1"},"canonical":"https:\/\/gooddealersmeds.com\/fr\/product\/acheter-dmt-crystal-en-ligne\/","og_locale":"en_US","og_type":"article","og_title":"Acheter du cristal DMT en ligne","og_description":"Acheter du cristal DMT en ligne : Le DMT est une drogue hallucinog\u00e8ne et psych\u00e9d\u00e9lique qui alt\u00e8re la perception qu'a l'individu du monde qui l'entoure.","og_url":"https:\/\/gooddealersmeds.com\/fr\/product\/acheter-dmt-crystal-en-ligne\/","og_site_name":"Good Dealers Meds","article_modified_time":"2023-01-06T21:53:47+00:00","og_image":[{"width":2560,"height":1920,"url":"https:\/\/gooddealersmeds.com\/fr\/wp-content\/uploads\/sites\/5\/2022\/03\/wcafo2x8fv051-scaled.webp","type":"image\/webp"}],"twitter_card":"summary_large_image","twitter_misc":{"Est. reading time":"2 minutes"},"schema":{"@context":"https:\/\/schema.org","@graph":[{"@type":"WebPage","@id":"https:\/\/gooddealersmeds.com\/fr\/product\/acheter-dmt-crystal-en-ligne\/","url":"https:\/\/gooddealersmeds.com\/fr\/product\/acheter-dmt-crystal-en-ligne\/","name":"Acheter du cristal DMT en ligne | Cristal DMT de la meilleure qualit\u00e9","isPartOf":{"@id":"https:\/\/gooddealersmeds.com\/fr\/#website"},"primaryImageOfPage":{"@id":"https:\/\/gooddealersmeds.com\/fr\/product\/acheter-dmt-crystal-en-ligne\/#primaryimage"},"image":{"@id":"https:\/\/gooddealersmeds.com\/fr\/product\/acheter-dmt-crystal-en-ligne\/#primaryimage"},"thumbnailUrl":"https:\/\/gooddealersmeds.com\/fr\/wp-content\/uploads\/sites\/5\/2022\/03\/wcafo2x8fv051-scaled.webp","datePublished":"2022-03-19T01:13:31+00:00","dateModified":"2023-01-06T21:53:47+00:00","description":"Acheter du cristal DMT en ligne : Le DMT est une drogue hallucinog\u00e8ne et psych\u00e9d\u00e9lique qui alt\u00e8re la perception qu'a l'individu du monde qui l'entoure.","breadcrumb":{"@id":"https:\/\/gooddealersmeds.com\/fr\/product\/acheter-dmt-crystal-en-ligne\/#breadcrumb"},"inLanguage":"en-US","potentialAction":[{"@type":"ReadAction","target":["https:\/\/gooddealersmeds.com\/fr\/product\/acheter-dmt-crystal-en-ligne\/"]}]},{"@type":"ImageObject","inLanguage":"en-US","@id":"https:\/\/gooddealersmeds.com\/fr\/product\/acheter-dmt-crystal-en-ligne\/#primaryimage","url":"https:\/\/gooddealersmeds.com\/fr\/wp-content\/uploads\/sites\/5\/2022\/03\/wcafo2x8fv051-scaled.webp","contentUrl":"https:\/\/gooddealersmeds.com\/fr\/wp-content\/uploads\/sites\/5\/2022\/03\/wcafo2x8fv051-scaled.webp","width":2560,"height":1920,"caption":"Buy DMT Crystal Online"},{"@type":"BreadcrumbList","@id":"https:\/\/gooddealersmeds.com\/fr\/product\/acheter-dmt-crystal-en-ligne\/#breadcrumb","itemListElement":[{"@type":"ListItem","position":1,"name":"Home","item":"https:\/\/gooddealersmeds.com\/fr\/"},{"@type":"ListItem","position":2,"name":"Des produits","item":"https:\/\/gooddealersmeds.com\/fr\/des-produits\/"},{"@type":"ListItem","position":3,"name":"Acheter du cristal DMT en ligne"}]},{"@type":"WebSite","@id":"https:\/\/gooddealersmeds.com\/fr\/#website","url":"https:\/\/gooddealersmeds.com\/fr\/","name":"Good Dealers Meds","description":"All our best","publisher":{"@id":"https:\/\/gooddealersmeds.com\/fr\/#organization"},"potentialAction":[{"@type":"SearchAction","target":{"@type":"EntryPoint","urlTemplate":"https:\/\/gooddealersmeds.com\/fr\/?s={search_term_string}"},"query-input":{"@type":"PropertyValueSpecification","valueRequired":true,"valueName":"search_term_string"}}],"inLanguage":"en-US"},{"@type":"Organization","@id":"https:\/\/gooddealersmeds.com\/fr\/#organization","name":"Good Dealers Meds","url":"https:\/\/gooddealersmeds.com\/fr\/","logo":{"@type":"ImageObject","inLanguage":"en-US","@id":"https:\/\/gooddealersmeds.com\/fr\/#\/schema\/logo\/image\/","url":"https:\/\/gooddealersmeds.com\/fr\/wp-content\/uploads\/sites\/5\/2022\/03\/gooddealersmeds__logo__20220317T222800Z.00.png","contentUrl":"https:\/\/gooddealersmeds.com\/fr\/wp-content\/uploads\/sites\/5\/2022\/03\/gooddealersmeds__logo__20220317T222800Z.00.png","width":500,"height":325,"caption":"Good Dealers Meds"},"image":{"@id":"https:\/\/gooddealersmeds.com\/fr\/#\/schema\/logo\/image\/"}}]}},"_links":{"self":[{"href":"https:\/\/gooddealersmeds.com\/fr\/wp-json\/wp\/v2\/product\/1678","targetHints":{"allow":["GET"]}}],"collection":[{"href":"https:\/\/gooddealersmeds.com\/fr\/wp-json\/wp\/v2\/product"}],"about":[{"href":"https:\/\/gooddealersmeds.com\/fr\/wp-json\/wp\/v2\/types\/product"}],"replies":[{"embeddable":true,"href":"https:\/\/gooddealersmeds.com\/fr\/wp-json\/wp\/v2\/comments?post=1678"}],"wp:featuredmedia":[{"embeddable":true,"href":"https:\/\/gooddealersmeds.com\/fr\/wp-json\/wp\/v2\/media\/2018"}],"wp:attachment":[{"href":"https:\/\/gooddealersmeds.com\/fr\/wp-json\/wp\/v2\/media?parent=1678"}],"wp:term":[{"taxonomy":"product_brand","embeddable":true,"href":"https:\/\/gooddealersmeds.com\/fr\/wp-json\/wp\/v2\/product_brand?post=1678"},{"taxonomy":"product_cat","embeddable":true,"href":"https:\/\/gooddealersmeds.com\/fr\/wp-json\/wp\/v2\/product_cat?post=1678"},{"taxonomy":"product_tag","embeddable":true,"href":"https:\/\/gooddealersmeds.com\/fr\/wp-json\/wp\/v2\/product_tag?post=1678"}],"curies":[{"name":"wp","href":"https:\/\/api.w.org\/{rel}","templated":true}]}}