{"id":1667,"date":"2022-03-19T01:05:58","date_gmt":"2022-03-19T01:05:58","guid":{"rendered":"https:\/\/gooddealersmeds.com\/fr\/?post_type=product&#038;p=1667"},"modified":"2023-01-06T21:57:53","modified_gmt":"2023-01-06T21:57:53","slug":"acheter-l-heroine-blanche-100-pure-en-ligne","status":"publish","type":"product","link":"https:\/\/gooddealersmeds.com\/fr\/product\/acheter-l-heroine-blanche-100-pure-en-ligne\/","title":{"rendered":"Acheter de l&#8217;H\u00e9ro\u00efne Blanche 100% pure en ligne"},"content":{"rendered":"<h2>H\u00e9ro\u00efne blanche 100% pure \u00e0 vendre en ligne<\/h2>\n<p>Acheter de l&#8217;h\u00e9ro\u00efne blanche 100 % de fromages en ligne sur notre <a href=\"https:\/\/gooddealersmeds.com\/fr\/products\/\">boutique en ligne<\/a>. L&#8217;h\u00e9ro\u00efne est une poudre blanche ou brune ou une glu noire et collante. C&#8217;est un\u00a0<span style=\"color: #333333\"><a id=\"anch_43\" style=\"color: #333333\" href=\"https:\/\/medlineplus.gov\/opioidmisuseandaddiction.html\">m\u00e9dicament opio\u00efde<\/a> <\/span>\u00a0\u00e0 base de morphine, une substance naturelle contenue dans la graine du pavot d&#8217;Asie. Il peut \u00eatre m\u00e9lang\u00e9 avec de l&#8217;eau et inject\u00e9 avec une aiguille. L&#8217;h\u00e9ro\u00efne peut aussi \u00eatre fum\u00e9e ou sniff\u00e9e par le nez. Toutes ces fa\u00e7ons de prendre de l&#8217;h\u00e9ro\u00efne l&#8217;envoient tr\u00e8s rapidement au cerveau. Cela le rend tr\u00e8s addictif. Achetez de l&#8217;h\u00e9ro\u00efne blanche en ligne.<\/p>\n<p>Les cons\u00e9quences mentales peuvent inclure un fort sentiment d&#8217;euphorie, une excitation sexuelle, une perte de connexion \u00e0 la r\u00e9alit\u00e9 ou de la rage. Les sympt\u00f4mes physiques peuvent inclure un rythme cardiaque rapide, de la transpiration et de grands troupeaux. Achetez de la coca\u00efne en ligne.<\/p>\n<p>Nous exp\u00e9dions tous les produits directement depuis notre entrep\u00f4t via un service d&#8217;exp\u00e9dition discret. Pour des raisons de s\u00e9curit\u00e9, vous recevrez notre meilleure coca\u00efne dans des emballages ou des bocaux pour m\u00e9dicaments\/aliments. D\u00e9pend du poids et de la disponibilit\u00e9 des mat\u00e9riaux d&#8217;emballage.<\/p>\n<p>Parce que l&#8217;h\u00e9ro\u00efne en poudre blanche est facilement soluble dans l&#8217;eau, la plupart des consommateurs d&#8217;h\u00e9ro\u00efne s&#8217;injectent la drogue. Certaines personnes le reniflent. Elle n&#8217;est g\u00e9n\u00e9ralement pas fum\u00e9e car elle br\u00fble \u00e0 une temp\u00e9rature beaucoup plus \u00e9lev\u00e9e que les autres formes d&#8217;h\u00e9ro\u00efne.<\/p>\n<p>La poudre d&#8217;h\u00e9ro\u00efne blanche sent parfois le vinaigre et a un go\u00fbt amer. La fine poudre blanche peut facilement \u00eatre confondue avec de la coca\u00efne. Acheter de l&#8217;h\u00e9ro\u00efne blanche<\/p>\n<p>&nbsp;<\/p>\n<pre><strong>Acheter de l'h\u00e9ro\u00efne blanche 100\u00a0% pure en ligne - acheter de l'h\u00e9ro\u00efne blanche, acheter de l'h\u00e9ro\u00efne blanche 100\u00a0% pure, acheter H\u00e9ro\u00efne blanche 100% en ligne, O\u00f9 acheter de l'h\u00e9ro\u00efne blanche 100% pure, H\u00e9ro\u00efne blanche 100% pure \u00e0 vendre, H\u00e9ro\u00efne blanche 100% pure \u00e0 vendre, acheter de l'h\u00e9ro\u00efne blanche en ligne, o\u00f9 acheter de l'h\u00e9ro\u00efne blanche 100% pure en ligne, H\u00e9ro\u00efne blanche 100% pure \u00e0 vendre aux \u00e9tats-unis, aux \u00e9tats-unis, au canada, au royaume-uni, acheter, en ligne, fournisseurs, livraison en toute s\u00e9curit\u00e9, vous pouvez toujours obtenir de l'h\u00e9ro\u00efne blanche 100% pure, est-ce que l'h\u00e9ro\u00efne blanche 100% pure est l\u00e9gale aux \u00e9tats-unis, acheter de l'h\u00e9ro\u00efne blanche 100% pure en ligne aux \u00e9tats-unis, comment commander de l'h\u00e9ro\u00efne blanche 100\u00a0% pure, est-ce que l'h\u00e9ro\u00efne blanche 100\u00a0% pure est l\u00e9gale au Canada<\/strong><\/pre>\n","protected":false},"excerpt":{"rendered":"<p>De nos jours, acheter de l&#8217;h\u00e9ro\u00efne blanche 100\u00a0% pure en ligne est devenu tr\u00e8s difficile. Mais ici, sur Buy Heroin Online, vous pouvez trouver de nombreux types d&#8217;h\u00e9ro\u00efne disponibles \u00e0 la vente avec la livraison gratuite sur les commandes en gros.<\/p>\n","protected":false},"featured_media":1677,"comment_status":"open","ping_status":"closed","template":"","meta":{"inline_featured_image":false},"product_brand":[],"product_cat":[343],"product_tag":[107,227,226,225,235,230,105,236,108,104,109,229,232,237,234,110,228,231,106,233],"class_list":{"0":"post-1667","1":"product","2":"type-product","3":"status-publish","4":"has-post-thumbnail","6":"product_cat-les-autres","7":"product_tag-acheter","8":"product_tag-acheter-l-heroine-blanche-100-en-ligne","9":"product_tag-acheter-white-heroin-100-pure","10":"product_tag-acheter-l-hrone-blanche-100-pure-en-ligne-acheter-l-hrone-blanche","11":"product_tag-acheter-white-heroin-100-pure-online-usa","12":"product_tag-acheter-de-l-heroine-blanche-en-ligne","13":"product_tag-canada","14":"product_tag-comment-commander-l-heroine-blanche-100-pure","15":"product_tag-en-ligne","16":"product_tag-etats-unis","17":"product_tag-fournisseurs","18":"product_tag-hrone-blanche-100-pure--vendre","19":"product_tag-hrone-blanche-100-pure--vendre-aux-etats-unis","20":"product_tag-is-white-heroin-100-pure-legal-in-canada","21":"product_tag-is-white-heroin-100-pure-legal-in-usa","22":"product_tag-livraison-en-toute-scurit","23":"product_tag-o-acheter-l-hrone-blanche-100-pure","24":"product_tag-o-acheter-l-hrone-blanche-100-pure-en-ligne","25":"product_tag-royaume-uni","26":"product_tag-vous-pouvez-toujours-obtenir-lhrone-blanche-100-pure","27":"pa_grams-1-kg-1000-g","28":"pa_grams-10-g","29":"pa_grams-100-g","30":"pa_grams-20-g","31":"pa_grams-200-g","32":"pa_grams-35-g","33":"pa_grams-50-g","34":"pa_grams-500-g","36":"first","37":"instock","38":"featured","39":"shipping-taxable","40":"purchasable","41":"product-type-variable","42":"has-default-attributes"},"yoast_head":"<!-- This site is optimized with the Yoast SEO Premium plugin v20.6 (Yoast SEO v27.3) - https:\/\/yoast.com\/product\/yoast-seo-premium-wordpress\/ -->\n<title>Acheter de l&#039;h\u00e9ro\u00efne blanche (100 % pure) | H\u00e9ro\u00efne \u00e0 vendre<\/title>\n<meta name=\"description\" content=\"De nos jours, Acheter de l&#039;h\u00e9ro\u00efne blanche 100% pure en ligne est devenu tr\u00e8s difficile. Mais ici, sur Buy Heroin Online, vous pouvez trouver de nombreux types d&#039;h\u00e9ro\u00efne.\" \/>\n<meta name=\"robots\" content=\"index, follow, max-snippet:-1, max-image-preview:large, max-video-preview:-1\" \/>\n<link rel=\"canonical\" href=\"https:\/\/gooddealersmeds.com\/fr\/product\/acheter-l-heroine-blanche-100-pure-en-ligne\/\" \/>\n<meta property=\"og:locale\" content=\"en_US\" \/>\n<meta property=\"og:type\" content=\"article\" \/>\n<meta property=\"og:title\" content=\"Acheter de l&#039;H\u00e9ro\u00efne Blanche 100% pure en ligne\" \/>\n<meta property=\"og:description\" content=\"De nos jours, Acheter de l&#039;h\u00e9ro\u00efne blanche 100% pure en ligne est devenu tr\u00e8s difficile. Mais ici, sur Buy Heroin Online, vous pouvez trouver de nombreux types d&#039;h\u00e9ro\u00efne.\" \/>\n<meta property=\"og:url\" content=\"https:\/\/gooddealersmeds.com\/fr\/product\/acheter-l-heroine-blanche-100-pure-en-ligne\/\" \/>\n<meta property=\"og:site_name\" content=\"Good Dealers Meds\" \/>\n<meta property=\"article:modified_time\" content=\"2023-01-06T21:57:53+00:00\" \/>\n<meta property=\"og:image\" content=\"https:\/\/gooddealersmeds.com\/fr\/wp-content\/uploads\/sites\/5\/2022\/03\/Buy-White-Heroin-100-pure-online.jpg\" \/>\n\t<meta property=\"og:image:width\" content=\"600\" \/>\n\t<meta property=\"og:image:height\" content=\"600\" \/>\n\t<meta property=\"og:image:type\" content=\"image\/jpeg\" \/>\n<meta name=\"twitter:card\" content=\"summary_large_image\" \/>\n<meta name=\"twitter:label1\" content=\"Est. reading time\" \/>\n\t<meta name=\"twitter:data1\" content=\"2 minutes\" \/>\n<script type=\"application\/ld+json\" class=\"yoast-schema-graph\">{\"@context\":\"https:\\\/\\\/schema.org\",\"@graph\":[{\"@type\":\"WebPage\",\"@id\":\"https:\\\/\\\/gooddealersmeds.com\\\/fr\\\/product\\\/acheter-l-heroine-blanche-100-pure-en-ligne\\\/\",\"url\":\"https:\\\/\\\/gooddealersmeds.com\\\/fr\\\/product\\\/acheter-l-heroine-blanche-100-pure-en-ligne\\\/\",\"name\":\"Acheter de l'h\u00e9ro\u00efne blanche (100 % pure) | H\u00e9ro\u00efne \u00e0 vendre\",\"isPartOf\":{\"@id\":\"https:\\\/\\\/gooddealersmeds.com\\\/fr\\\/#website\"},\"primaryImageOfPage\":{\"@id\":\"https:\\\/\\\/gooddealersmeds.com\\\/fr\\\/product\\\/acheter-l-heroine-blanche-100-pure-en-ligne\\\/#primaryimage\"},\"image\":{\"@id\":\"https:\\\/\\\/gooddealersmeds.com\\\/fr\\\/product\\\/acheter-l-heroine-blanche-100-pure-en-ligne\\\/#primaryimage\"},\"thumbnailUrl\":\"https:\\\/\\\/gooddealersmeds.com\\\/fr\\\/wp-content\\\/uploads\\\/sites\\\/5\\\/2022\\\/03\\\/Buy-White-Heroin-100-pure-online.jpg\",\"datePublished\":\"2022-03-19T01:05:58+00:00\",\"dateModified\":\"2023-01-06T21:57:53+00:00\",\"description\":\"De nos jours, Acheter de l'h\u00e9ro\u00efne blanche 100% pure en ligne est devenu tr\u00e8s difficile. Mais ici, sur Buy Heroin Online, vous pouvez trouver de nombreux types d'h\u00e9ro\u00efne.\",\"breadcrumb\":{\"@id\":\"https:\\\/\\\/gooddealersmeds.com\\\/fr\\\/product\\\/acheter-l-heroine-blanche-100-pure-en-ligne\\\/#breadcrumb\"},\"inLanguage\":\"en-US\",\"potentialAction\":[{\"@type\":\"ReadAction\",\"target\":[\"https:\\\/\\\/gooddealersmeds.com\\\/fr\\\/product\\\/acheter-l-heroine-blanche-100-pure-en-ligne\\\/\"]}]},{\"@type\":\"ImageObject\",\"inLanguage\":\"en-US\",\"@id\":\"https:\\\/\\\/gooddealersmeds.com\\\/fr\\\/product\\\/acheter-l-heroine-blanche-100-pure-en-ligne\\\/#primaryimage\",\"url\":\"https:\\\/\\\/gooddealersmeds.com\\\/fr\\\/wp-content\\\/uploads\\\/sites\\\/5\\\/2022\\\/03\\\/Buy-White-Heroin-100-pure-online.jpg\",\"contentUrl\":\"https:\\\/\\\/gooddealersmeds.com\\\/fr\\\/wp-content\\\/uploads\\\/sites\\\/5\\\/2022\\\/03\\\/Buy-White-Heroin-100-pure-online.jpg\",\"width\":600,\"height\":600,\"caption\":\"Buy White Heroin Online\"},{\"@type\":\"BreadcrumbList\",\"@id\":\"https:\\\/\\\/gooddealersmeds.com\\\/fr\\\/product\\\/acheter-l-heroine-blanche-100-pure-en-ligne\\\/#breadcrumb\",\"itemListElement\":[{\"@type\":\"ListItem\",\"position\":1,\"name\":\"Home\",\"item\":\"https:\\\/\\\/gooddealersmeds.com\\\/fr\\\/\"},{\"@type\":\"ListItem\",\"position\":2,\"name\":\"Des produits\",\"item\":\"https:\\\/\\\/gooddealersmeds.com\\\/fr\\\/des-produits\\\/\"},{\"@type\":\"ListItem\",\"position\":3,\"name\":\"Acheter de l&#8217;H\u00e9ro\u00efne Blanche 100% pure en ligne\"}]},{\"@type\":\"WebSite\",\"@id\":\"https:\\\/\\\/gooddealersmeds.com\\\/fr\\\/#website\",\"url\":\"https:\\\/\\\/gooddealersmeds.com\\\/fr\\\/\",\"name\":\"Good Dealers Meds\",\"description\":\"All our best\",\"publisher\":{\"@id\":\"https:\\\/\\\/gooddealersmeds.com\\\/fr\\\/#organization\"},\"potentialAction\":[{\"@type\":\"SearchAction\",\"target\":{\"@type\":\"EntryPoint\",\"urlTemplate\":\"https:\\\/\\\/gooddealersmeds.com\\\/fr\\\/?s={search_term_string}\"},\"query-input\":{\"@type\":\"PropertyValueSpecification\",\"valueRequired\":true,\"valueName\":\"search_term_string\"}}],\"inLanguage\":\"en-US\"},{\"@type\":\"Organization\",\"@id\":\"https:\\\/\\\/gooddealersmeds.com\\\/fr\\\/#organization\",\"name\":\"Good Dealers Meds\",\"url\":\"https:\\\/\\\/gooddealersmeds.com\\\/fr\\\/\",\"logo\":{\"@type\":\"ImageObject\",\"inLanguage\":\"en-US\",\"@id\":\"https:\\\/\\\/gooddealersmeds.com\\\/fr\\\/#\\\/schema\\\/logo\\\/image\\\/\",\"url\":\"https:\\\/\\\/gooddealersmeds.com\\\/fr\\\/wp-content\\\/uploads\\\/sites\\\/5\\\/2022\\\/03\\\/gooddealersmeds__logo__20220317T222800Z.00.png\",\"contentUrl\":\"https:\\\/\\\/gooddealersmeds.com\\\/fr\\\/wp-content\\\/uploads\\\/sites\\\/5\\\/2022\\\/03\\\/gooddealersmeds__logo__20220317T222800Z.00.png\",\"width\":500,\"height\":325,\"caption\":\"Good Dealers Meds\"},\"image\":{\"@id\":\"https:\\\/\\\/gooddealersmeds.com\\\/fr\\\/#\\\/schema\\\/logo\\\/image\\\/\"}}]}<\/script>\n<!-- \/ Yoast SEO Premium plugin. -->","yoast_head_json":{"title":"Acheter de l'h\u00e9ro\u00efne blanche (100 % pure) | H\u00e9ro\u00efne \u00e0 vendre","description":"De nos jours, Acheter de l'h\u00e9ro\u00efne blanche 100% pure en ligne est devenu tr\u00e8s difficile. Mais ici, sur Buy Heroin Online, vous pouvez trouver de nombreux types d'h\u00e9ro\u00efne.","robots":{"index":"index","follow":"follow","max-snippet":"max-snippet:-1","max-image-preview":"max-image-preview:large","max-video-preview":"max-video-preview:-1"},"canonical":"https:\/\/gooddealersmeds.com\/fr\/product\/acheter-l-heroine-blanche-100-pure-en-ligne\/","og_locale":"en_US","og_type":"article","og_title":"Acheter de l'H\u00e9ro\u00efne Blanche 100% pure en ligne","og_description":"De nos jours, Acheter de l'h\u00e9ro\u00efne blanche 100% pure en ligne est devenu tr\u00e8s difficile. Mais ici, sur Buy Heroin Online, vous pouvez trouver de nombreux types d'h\u00e9ro\u00efne.","og_url":"https:\/\/gooddealersmeds.com\/fr\/product\/acheter-l-heroine-blanche-100-pure-en-ligne\/","og_site_name":"Good Dealers Meds","article_modified_time":"2023-01-06T21:57:53+00:00","og_image":[{"width":600,"height":600,"url":"https:\/\/gooddealersmeds.com\/fr\/wp-content\/uploads\/sites\/5\/2022\/03\/Buy-White-Heroin-100-pure-online.jpg","type":"image\/jpeg"}],"twitter_card":"summary_large_image","twitter_misc":{"Est. reading time":"2 minutes"},"schema":{"@context":"https:\/\/schema.org","@graph":[{"@type":"WebPage","@id":"https:\/\/gooddealersmeds.com\/fr\/product\/acheter-l-heroine-blanche-100-pure-en-ligne\/","url":"https:\/\/gooddealersmeds.com\/fr\/product\/acheter-l-heroine-blanche-100-pure-en-ligne\/","name":"Acheter de l'h\u00e9ro\u00efne blanche (100 % pure) | H\u00e9ro\u00efne \u00e0 vendre","isPartOf":{"@id":"https:\/\/gooddealersmeds.com\/fr\/#website"},"primaryImageOfPage":{"@id":"https:\/\/gooddealersmeds.com\/fr\/product\/acheter-l-heroine-blanche-100-pure-en-ligne\/#primaryimage"},"image":{"@id":"https:\/\/gooddealersmeds.com\/fr\/product\/acheter-l-heroine-blanche-100-pure-en-ligne\/#primaryimage"},"thumbnailUrl":"https:\/\/gooddealersmeds.com\/fr\/wp-content\/uploads\/sites\/5\/2022\/03\/Buy-White-Heroin-100-pure-online.jpg","datePublished":"2022-03-19T01:05:58+00:00","dateModified":"2023-01-06T21:57:53+00:00","description":"De nos jours, Acheter de l'h\u00e9ro\u00efne blanche 100% pure en ligne est devenu tr\u00e8s difficile. Mais ici, sur Buy Heroin Online, vous pouvez trouver de nombreux types d'h\u00e9ro\u00efne.","breadcrumb":{"@id":"https:\/\/gooddealersmeds.com\/fr\/product\/acheter-l-heroine-blanche-100-pure-en-ligne\/#breadcrumb"},"inLanguage":"en-US","potentialAction":[{"@type":"ReadAction","target":["https:\/\/gooddealersmeds.com\/fr\/product\/acheter-l-heroine-blanche-100-pure-en-ligne\/"]}]},{"@type":"ImageObject","inLanguage":"en-US","@id":"https:\/\/gooddealersmeds.com\/fr\/product\/acheter-l-heroine-blanche-100-pure-en-ligne\/#primaryimage","url":"https:\/\/gooddealersmeds.com\/fr\/wp-content\/uploads\/sites\/5\/2022\/03\/Buy-White-Heroin-100-pure-online.jpg","contentUrl":"https:\/\/gooddealersmeds.com\/fr\/wp-content\/uploads\/sites\/5\/2022\/03\/Buy-White-Heroin-100-pure-online.jpg","width":600,"height":600,"caption":"Buy White Heroin Online"},{"@type":"BreadcrumbList","@id":"https:\/\/gooddealersmeds.com\/fr\/product\/acheter-l-heroine-blanche-100-pure-en-ligne\/#breadcrumb","itemListElement":[{"@type":"ListItem","position":1,"name":"Home","item":"https:\/\/gooddealersmeds.com\/fr\/"},{"@type":"ListItem","position":2,"name":"Des produits","item":"https:\/\/gooddealersmeds.com\/fr\/des-produits\/"},{"@type":"ListItem","position":3,"name":"Acheter de l&#8217;H\u00e9ro\u00efne Blanche 100% pure en ligne"}]},{"@type":"WebSite","@id":"https:\/\/gooddealersmeds.com\/fr\/#website","url":"https:\/\/gooddealersmeds.com\/fr\/","name":"Good Dealers Meds","description":"All our best","publisher":{"@id":"https:\/\/gooddealersmeds.com\/fr\/#organization"},"potentialAction":[{"@type":"SearchAction","target":{"@type":"EntryPoint","urlTemplate":"https:\/\/gooddealersmeds.com\/fr\/?s={search_term_string}"},"query-input":{"@type":"PropertyValueSpecification","valueRequired":true,"valueName":"search_term_string"}}],"inLanguage":"en-US"},{"@type":"Organization","@id":"https:\/\/gooddealersmeds.com\/fr\/#organization","name":"Good Dealers Meds","url":"https:\/\/gooddealersmeds.com\/fr\/","logo":{"@type":"ImageObject","inLanguage":"en-US","@id":"https:\/\/gooddealersmeds.com\/fr\/#\/schema\/logo\/image\/","url":"https:\/\/gooddealersmeds.com\/fr\/wp-content\/uploads\/sites\/5\/2022\/03\/gooddealersmeds__logo__20220317T222800Z.00.png","contentUrl":"https:\/\/gooddealersmeds.com\/fr\/wp-content\/uploads\/sites\/5\/2022\/03\/gooddealersmeds__logo__20220317T222800Z.00.png","width":500,"height":325,"caption":"Good Dealers Meds"},"image":{"@id":"https:\/\/gooddealersmeds.com\/fr\/#\/schema\/logo\/image\/"}}]}},"_links":{"self":[{"href":"https:\/\/gooddealersmeds.com\/fr\/wp-json\/wp\/v2\/product\/1667","targetHints":{"allow":["GET"]}}],"collection":[{"href":"https:\/\/gooddealersmeds.com\/fr\/wp-json\/wp\/v2\/product"}],"about":[{"href":"https:\/\/gooddealersmeds.com\/fr\/wp-json\/wp\/v2\/types\/product"}],"replies":[{"embeddable":true,"href":"https:\/\/gooddealersmeds.com\/fr\/wp-json\/wp\/v2\/comments?post=1667"}],"wp:featuredmedia":[{"embeddable":true,"href":"https:\/\/gooddealersmeds.com\/fr\/wp-json\/wp\/v2\/media\/1677"}],"wp:attachment":[{"href":"https:\/\/gooddealersmeds.com\/fr\/wp-json\/wp\/v2\/media?parent=1667"}],"wp:term":[{"taxonomy":"product_brand","embeddable":true,"href":"https:\/\/gooddealersmeds.com\/fr\/wp-json\/wp\/v2\/product_brand?post=1667"},{"taxonomy":"product_cat","embeddable":true,"href":"https:\/\/gooddealersmeds.com\/fr\/wp-json\/wp\/v2\/product_cat?post=1667"},{"taxonomy":"product_tag","embeddable":true,"href":"https:\/\/gooddealersmeds.com\/fr\/wp-json\/wp\/v2\/product_tag?post=1667"}],"curies":[{"name":"wp","href":"https:\/\/api.w.org\/{rel}","templated":true}]}}