{"id":1657,"date":"2022-03-19T00:58:27","date_gmt":"2022-03-19T00:58:27","guid":{"rendered":"https:\/\/gooddealersmeds.com\/fr\/?post_type=product&#038;p=1657"},"modified":"2023-01-06T21:59:43","modified_gmt":"2023-01-06T21:59:43","slug":"commander-de-la-cocaine-en-poudre-en-ligne-98-8-pure","status":"publish","type":"product","link":"https:\/\/gooddealersmeds.com\/fr\/product\/commander-de-la-cocaine-en-poudre-en-ligne-98-8-pure\/","title":{"rendered":"Commandez en ligne de la coca\u00efne en poudre pure \u00e0 98,8 %"},"content":{"rendered":"<h2>Acheter de la poudre de coca\u00efne en ligne<\/h2>\n<p>Acheter de la poudre de coca\u00efne pure en ligne de la meilleure qualit\u00e9 sur notre <a href=\"https:\/\/gooddealersmeds.com\/fr\/products\/\">boutique en ligne<\/a>. La poudre de coca\u00efne est la forme la plus courante de coca\u00efne. Il est \u00e9galement connu comme une drogue de rue pour cette raison. Cette poudre est fabriqu\u00e9e \u00e0 partir des plantes de coca que l&#8217;on trouve principalement et couramment dans les pays du sud.<\/p>\n<p>C&#8217;est un puissant stimulant qui est utilis\u00e9 dans le traitement de nombreuses maladies en agissant directement sur le cerveau central. Ce stimulant am\u00e9liore les produits chimiques particuliers dans le cerveau pour effectuer certaines actions souhait\u00e9es sur le syst\u00e8me d&#8217;organes humains. En raison de ses multiples caract\u00e9ristiques, il s&#8217;agit principalement de la forme de coca\u00efne utilis\u00e9e dans le monde entier.<\/p>\n<p>Poudre de coca\u00efne par rapport \u00e0 une autre forme de coca\u00efne<\/p>\n<p><strong>M\u00e9thode d&#8217;utilisation de la poudre de coca\u00efne<\/strong><\/p>\n<p>La poudre de coca\u00efne n&#8217;est pas seulement utile pour le corps humain. Mais il est aussi moins nocif pour la sant\u00e9 humaine qui est la cl\u00e9 de son succ\u00e8s. Il est souvent utilis\u00e9 en m\u00e9lange avec d&#8217;autres pro-drogues comme le fentanyl, la poudre de talc, etc. Mais il peut \u00eatre nocif pour la sant\u00e9 humaine lorsqu&#8217;il est utilis\u00e9 en m\u00e9lange avec du fentanyl sans contr\u00f4le.<\/p>\n<p>Ainsi, il doit \u00eatre v\u00e9rifi\u00e9 lors de l&#8217;utilisation une si puissante pro-drogue. Il existe de nombreuses fa\u00e7ons d&#8217;utiliser ce reniflement en poudre, en le fumant sous forme de cigarette ou en l&#8217;injectant directement dans la veine. La mani\u00e8re dont il doit \u00eatre utilis\u00e9 d\u00e9pend de l&#8217;\u00e9tat physique et mental des \u00eatres humains.<\/p>\n<p>Certaines personnes ont \u00e9galement utilis\u00e9 cette poudre en la m\u00e9langeant avec une boisson gazeuse, mais c&#8217;est une m\u00e9thode tr\u00e8s dangereuse de la prendre.<\/p>\n<p><strong>Usage m\u00e9dical de la poudre de coca\u00efne<\/strong><\/p>\n<p>La poudre de coca\u00efne augmente \u00e9galement le syst\u00e8me r\u00e9actif du cerveau humain en augmentant la quantit\u00e9 de produits chimiques qu&#8217;il contient. Les m\u00e9decins prescrivent ce m\u00e9dicament lorsqu&#8217;ils ont affaire \u00e0 des personnes souffrant de paresse dans leurs mouvements et leurs actions. Chlorhydrate de coca\u00efne \u00e0 vendre<\/p>\n<p>En outre, il est utilis\u00e9 par les m\u00e9decins dans de nombreuses op\u00e9rations chirurgicales pour r\u00e9duire la sensation de douleur. Son utilisation \u00e0 court terme est tr\u00e8s utile pour les \u00eatres humains car elle procure \u00e0 l&#8217;esprit humain un sentiment de bonheur et d&#8217;\u00e9nergie. En raison de ces caract\u00e9ristiques, il est populaire parmi toutes sortes de personnes dans ce monde.<\/p>\n<p>La poudre de coca\u00efne est disponible et facilement accessible \u00e0 tous sur le march\u00e9 en ligne. Notre boutique en ligne s&#8217;occupe \u00e9galement de cette poudre unique \u00e0 des prix tr\u00e8s raisonnables. De plus, nous fournissons la livraison la plus rapide du produit \u00e0 votre porte.<\/p>\n<p>&nbsp;<\/p>\n<p>&nbsp;<\/p>\n<pre><strong>Commandez de la coca\u00efne en poudre en ligne pure \u00e0 98,8\u00a0% - acheter de la coca\u00efne en poudre, acheter de la coca\u00efne en poudre en ligne pure \u00e0 98,8%, acheter de la coca\u00efne en poudre en ligne, O\u00f9 acheter de la coca\u00efne en poudre en ligne pure \u00e0 98,8%, de la coca\u00efne en poudre en ligne pure \u00e0 98,8% \u00e0 vendre, de la coca\u00efne en poudre en ligne pure \u00e0 98,8% \u00e0 vendre, acheter de la coca\u00efne en poudre en ligne , o\u00f9 acheter de la coca\u00efne en poudre en ligne, de la coca\u00efne en poudre en ligne pure \u00e0 98,8 % \u00e0 vendre aux \u00c9tats-Unis, aux \u00c9tats-Unis, au Canada, au Royaume-Uni, acheter, en ligne, des fournisseurs, une livraison s\u00e9curis\u00e9e, Vous pouvez toujours obtenir de la coca\u00efne en poudre en ligne pure \u00e0 98,8 %, La coca\u00efne en poudre est-elle en ligne 98,8 % pure l\u00e9gale aux \u00c9tats-Unis, acheter de la coca\u00efne en poudre en ligne pure \u00e0 98,8 % en ligne aux \u00c9tats-Unis, comment commander de la coca\u00efne en poudre en ligne pure \u00e0 98,8 %, la coca\u00efne en poudre en ligne pure \u00e0 98,8 % est-elle l\u00e9gale au Canada<\/strong><\/pre>\n","protected":false},"excerpt":{"rendered":"<p>Achetez de la coca\u00efne en poudre en ligne. Achetez de la coca\u00efne, de la coca\u00efne, du crack. Poudre blanche pure non coup\u00e9e et coup\u00e9e disponible en stock L&#8217;emballage et l&#8217;exp\u00e9dition sont tr\u00e8s discrets et contournent toutes les mesures douani\u00e8res ou d&#8217;application de la loi. acheter de la coca\u00efne en ligne, coca\u00efne \u00e0 vendre, coca\u00efne l\u00e9gale, acheter de la coca\u00efne en ligne avec carte de cr\u00e9dit, coca\u00efne en poudre \u00e0 vendre.<\/p>\n","protected":false},"featured_media":1666,"comment_status":"open","ping_status":"closed","template":"","meta":{"inline_featured_image":false},"product_brand":[],"product_cat":[343],"product_tag":[601,604,596,598,599,594,107,214,593,595,105,597,600,602,108,109,223,220,110,217,603,605],"class_list":{"0":"post-1657","1":"product","2":"type-product","3":"status-publish","4":"has-post-thumbnail","6":"product_cat-les-autres","7":"product_tag-8-acheter-de-la-cocaine-en-poudre","8":"product_tag-8-en-ligne","9":"product_tag-596","10":"product_tag-8-a-vendre","11":"product_tag-8-a-vendre-aux-etats-unis","12":"product_tag-8-pure-en-ligne-usa","13":"product_tag-acheter","14":"product_tag-acheter-de-la-cocane-en-poudre-en-ligne","15":"product_tag-acheter-de-la-cocaine-en-poudre-en-ligne-98","16":"product_tag-acheter-de-la-cocaine-en-poudre-en-ligne-pure-a-98","17":"product_tag-canada","18":"product_tag-cocaine-en-poudre-en-ligne-pure-a-98","19":"product_tag-commander-de-la-cocaine-en-poudre-en-ligne-pure-a-98","20":"product_tag-comment-commander-de-la-cocaine-en-poudre-en-ligne-pure-a-98","21":"product_tag-en-ligne","22":"product_tag-fournisseurs","23":"product_tag-is-powdered-cocaine-online-98-8-pure-legal-in-canada","24":"product_tag-is-powdered-cocaine-online-98-8-pure-legal-in-usa","25":"product_tag-livraison-en-toute-scurit","26":"product_tag-o-acheter-de-la-cocane-en-poudre-en-ligne","27":"product_tag-ou-acheter-de-la-cocaine-en-poudre-pure-a-98","28":"product_tag-vous-pouvez-toujours-obtenir-de-la-cocaine-en-poudre-pure-a-98","29":"pa_grams-1-kg-1000-g","30":"pa_grams-10-g","31":"pa_grams-100-g","32":"pa_grams-20-g","33":"pa_grams-200-g","34":"pa_grams-35-g","35":"pa_grams-50-g","36":"pa_grams-500-g","38":"first","39":"instock","40":"featured","41":"shipping-taxable","42":"purchasable","43":"product-type-variable","44":"has-default-attributes"},"yoast_head":"<!-- This site is optimized with the Yoast SEO Premium plugin v20.6 (Yoast SEO v27.4) - https:\/\/yoast.com\/product\/yoast-seo-premium-wordpress\/ -->\n<title>Acheter de la poudre de coca\u00efne en ligne (pure \u00e0 98,8 %) | Coke<\/title>\n<meta name=\"description\" content=\"Acheter de la poudre de coca\u00efne en ligne dans la meilleure qualit\u00e9. Nous sommes le fournisseur le plus fiable et le plus discret de crack bon march\u00e9 en ligne.\" \/>\n<meta name=\"robots\" content=\"index, follow, max-snippet:-1, max-image-preview:large, max-video-preview:-1\" \/>\n<link rel=\"canonical\" href=\"https:\/\/gooddealersmeds.com\/fr\/product\/commander-de-la-cocaine-en-poudre-en-ligne-98-8-pure\/\" \/>\n<meta property=\"og:locale\" content=\"en_US\" \/>\n<meta property=\"og:type\" content=\"article\" \/>\n<meta property=\"og:title\" content=\"Commandez en ligne de la coca\u00efne en poudre pure \u00e0 98,8 %\" \/>\n<meta property=\"og:description\" content=\"Acheter de la poudre de coca\u00efne en ligne dans la meilleure qualit\u00e9. Nous sommes le fournisseur le plus fiable et le plus discret de crack bon march\u00e9 en ligne.\" \/>\n<meta property=\"og:url\" content=\"https:\/\/gooddealersmeds.com\/fr\/product\/commander-de-la-cocaine-en-poudre-en-ligne-98-8-pure\/\" \/>\n<meta property=\"og:site_name\" content=\"Good Dealers Meds\" \/>\n<meta property=\"article:modified_time\" content=\"2023-01-06T21:59:43+00:00\" \/>\n<meta property=\"og:image\" content=\"https:\/\/gooddealersmeds.com\/fr\/wp-content\/uploads\/sites\/5\/2022\/03\/coc.jpg\" \/>\n\t<meta property=\"og:image:width\" content=\"600\" \/>\n\t<meta property=\"og:image:height\" content=\"600\" \/>\n\t<meta property=\"og:image:type\" content=\"image\/jpeg\" \/>\n<meta name=\"twitter:card\" content=\"summary_large_image\" \/>\n<meta name=\"twitter:label1\" content=\"Est. reading time\" \/>\n\t<meta name=\"twitter:data1\" content=\"3 minutes\" \/>\n<script type=\"application\/ld+json\" class=\"yoast-schema-graph\">{\"@context\":\"https:\\\/\\\/schema.org\",\"@graph\":[{\"@type\":\"WebPage\",\"@id\":\"https:\\\/\\\/gooddealersmeds.com\\\/fr\\\/product\\\/commander-de-la-cocaine-en-poudre-en-ligne-98-8-pure\\\/\",\"url\":\"https:\\\/\\\/gooddealersmeds.com\\\/fr\\\/product\\\/commander-de-la-cocaine-en-poudre-en-ligne-98-8-pure\\\/\",\"name\":\"Acheter de la poudre de coca\u00efne en ligne (pure \u00e0 98,8 %) | Coke\",\"isPartOf\":{\"@id\":\"https:\\\/\\\/gooddealersmeds.com\\\/fr\\\/#website\"},\"primaryImageOfPage\":{\"@id\":\"https:\\\/\\\/gooddealersmeds.com\\\/fr\\\/product\\\/commander-de-la-cocaine-en-poudre-en-ligne-98-8-pure\\\/#primaryimage\"},\"image\":{\"@id\":\"https:\\\/\\\/gooddealersmeds.com\\\/fr\\\/product\\\/commander-de-la-cocaine-en-poudre-en-ligne-98-8-pure\\\/#primaryimage\"},\"thumbnailUrl\":\"https:\\\/\\\/gooddealersmeds.com\\\/fr\\\/wp-content\\\/uploads\\\/sites\\\/5\\\/2022\\\/03\\\/coc.jpg\",\"datePublished\":\"2022-03-19T00:58:27+00:00\",\"dateModified\":\"2023-01-06T21:59:43+00:00\",\"description\":\"Acheter de la poudre de coca\u00efne en ligne dans la meilleure qualit\u00e9. Nous sommes le fournisseur le plus fiable et le plus discret de crack bon march\u00e9 en ligne.\",\"breadcrumb\":{\"@id\":\"https:\\\/\\\/gooddealersmeds.com\\\/fr\\\/product\\\/commander-de-la-cocaine-en-poudre-en-ligne-98-8-pure\\\/#breadcrumb\"},\"inLanguage\":\"en-US\",\"potentialAction\":[{\"@type\":\"ReadAction\",\"target\":[\"https:\\\/\\\/gooddealersmeds.com\\\/fr\\\/product\\\/commander-de-la-cocaine-en-poudre-en-ligne-98-8-pure\\\/\"]}]},{\"@type\":\"ImageObject\",\"inLanguage\":\"en-US\",\"@id\":\"https:\\\/\\\/gooddealersmeds.com\\\/fr\\\/product\\\/commander-de-la-cocaine-en-poudre-en-ligne-98-8-pure\\\/#primaryimage\",\"url\":\"https:\\\/\\\/gooddealersmeds.com\\\/fr\\\/wp-content\\\/uploads\\\/sites\\\/5\\\/2022\\\/03\\\/coc.jpg\",\"contentUrl\":\"https:\\\/\\\/gooddealersmeds.com\\\/fr\\\/wp-content\\\/uploads\\\/sites\\\/5\\\/2022\\\/03\\\/coc.jpg\",\"width\":600,\"height\":600,\"caption\":\"Buy Cocaine Powder Online\"},{\"@type\":\"BreadcrumbList\",\"@id\":\"https:\\\/\\\/gooddealersmeds.com\\\/fr\\\/product\\\/commander-de-la-cocaine-en-poudre-en-ligne-98-8-pure\\\/#breadcrumb\",\"itemListElement\":[{\"@type\":\"ListItem\",\"position\":1,\"name\":\"Home\",\"item\":\"https:\\\/\\\/gooddealersmeds.com\\\/fr\\\/\"},{\"@type\":\"ListItem\",\"position\":2,\"name\":\"Des produits\",\"item\":\"https:\\\/\\\/gooddealersmeds.com\\\/fr\\\/des-produits\\\/\"},{\"@type\":\"ListItem\",\"position\":3,\"name\":\"Commandez en ligne de la coca\u00efne en poudre pure \u00e0 98,8 %\"}]},{\"@type\":\"WebSite\",\"@id\":\"https:\\\/\\\/gooddealersmeds.com\\\/fr\\\/#website\",\"url\":\"https:\\\/\\\/gooddealersmeds.com\\\/fr\\\/\",\"name\":\"Good Dealers Meds\",\"description\":\"All our best\",\"publisher\":{\"@id\":\"https:\\\/\\\/gooddealersmeds.com\\\/fr\\\/#organization\"},\"potentialAction\":[{\"@type\":\"SearchAction\",\"target\":{\"@type\":\"EntryPoint\",\"urlTemplate\":\"https:\\\/\\\/gooddealersmeds.com\\\/fr\\\/?s={search_term_string}\"},\"query-input\":{\"@type\":\"PropertyValueSpecification\",\"valueRequired\":true,\"valueName\":\"search_term_string\"}}],\"inLanguage\":\"en-US\"},{\"@type\":\"Organization\",\"@id\":\"https:\\\/\\\/gooddealersmeds.com\\\/fr\\\/#organization\",\"name\":\"Good Dealers Meds\",\"url\":\"https:\\\/\\\/gooddealersmeds.com\\\/fr\\\/\",\"logo\":{\"@type\":\"ImageObject\",\"inLanguage\":\"en-US\",\"@id\":\"https:\\\/\\\/gooddealersmeds.com\\\/fr\\\/#\\\/schema\\\/logo\\\/image\\\/\",\"url\":\"https:\\\/\\\/gooddealersmeds.com\\\/fr\\\/wp-content\\\/uploads\\\/sites\\\/5\\\/2022\\\/03\\\/gooddealersmeds__logo__20220317T222800Z.00.png\",\"contentUrl\":\"https:\\\/\\\/gooddealersmeds.com\\\/fr\\\/wp-content\\\/uploads\\\/sites\\\/5\\\/2022\\\/03\\\/gooddealersmeds__logo__20220317T222800Z.00.png\",\"width\":500,\"height\":325,\"caption\":\"Good Dealers Meds\"},\"image\":{\"@id\":\"https:\\\/\\\/gooddealersmeds.com\\\/fr\\\/#\\\/schema\\\/logo\\\/image\\\/\"}}]}<\/script>\n<!-- \/ Yoast SEO Premium plugin. -->","yoast_head_json":{"title":"Acheter de la poudre de coca\u00efne en ligne (pure \u00e0 98,8 %) | Coke","description":"Acheter de la poudre de coca\u00efne en ligne dans la meilleure qualit\u00e9. Nous sommes le fournisseur le plus fiable et le plus discret de crack bon march\u00e9 en ligne.","robots":{"index":"index","follow":"follow","max-snippet":"max-snippet:-1","max-image-preview":"max-image-preview:large","max-video-preview":"max-video-preview:-1"},"canonical":"https:\/\/gooddealersmeds.com\/fr\/product\/commander-de-la-cocaine-en-poudre-en-ligne-98-8-pure\/","og_locale":"en_US","og_type":"article","og_title":"Commandez en ligne de la coca\u00efne en poudre pure \u00e0 98,8 %","og_description":"Acheter de la poudre de coca\u00efne en ligne dans la meilleure qualit\u00e9. Nous sommes le fournisseur le plus fiable et le plus discret de crack bon march\u00e9 en ligne.","og_url":"https:\/\/gooddealersmeds.com\/fr\/product\/commander-de-la-cocaine-en-poudre-en-ligne-98-8-pure\/","og_site_name":"Good Dealers Meds","article_modified_time":"2023-01-06T21:59:43+00:00","og_image":[{"width":600,"height":600,"url":"https:\/\/gooddealersmeds.com\/fr\/wp-content\/uploads\/sites\/5\/2022\/03\/coc.jpg","type":"image\/jpeg"}],"twitter_card":"summary_large_image","twitter_misc":{"Est. reading time":"3 minutes"},"schema":{"@context":"https:\/\/schema.org","@graph":[{"@type":"WebPage","@id":"https:\/\/gooddealersmeds.com\/fr\/product\/commander-de-la-cocaine-en-poudre-en-ligne-98-8-pure\/","url":"https:\/\/gooddealersmeds.com\/fr\/product\/commander-de-la-cocaine-en-poudre-en-ligne-98-8-pure\/","name":"Acheter de la poudre de coca\u00efne en ligne (pure \u00e0 98,8 %) | Coke","isPartOf":{"@id":"https:\/\/gooddealersmeds.com\/fr\/#website"},"primaryImageOfPage":{"@id":"https:\/\/gooddealersmeds.com\/fr\/product\/commander-de-la-cocaine-en-poudre-en-ligne-98-8-pure\/#primaryimage"},"image":{"@id":"https:\/\/gooddealersmeds.com\/fr\/product\/commander-de-la-cocaine-en-poudre-en-ligne-98-8-pure\/#primaryimage"},"thumbnailUrl":"https:\/\/gooddealersmeds.com\/fr\/wp-content\/uploads\/sites\/5\/2022\/03\/coc.jpg","datePublished":"2022-03-19T00:58:27+00:00","dateModified":"2023-01-06T21:59:43+00:00","description":"Acheter de la poudre de coca\u00efne en ligne dans la meilleure qualit\u00e9. Nous sommes le fournisseur le plus fiable et le plus discret de crack bon march\u00e9 en ligne.","breadcrumb":{"@id":"https:\/\/gooddealersmeds.com\/fr\/product\/commander-de-la-cocaine-en-poudre-en-ligne-98-8-pure\/#breadcrumb"},"inLanguage":"en-US","potentialAction":[{"@type":"ReadAction","target":["https:\/\/gooddealersmeds.com\/fr\/product\/commander-de-la-cocaine-en-poudre-en-ligne-98-8-pure\/"]}]},{"@type":"ImageObject","inLanguage":"en-US","@id":"https:\/\/gooddealersmeds.com\/fr\/product\/commander-de-la-cocaine-en-poudre-en-ligne-98-8-pure\/#primaryimage","url":"https:\/\/gooddealersmeds.com\/fr\/wp-content\/uploads\/sites\/5\/2022\/03\/coc.jpg","contentUrl":"https:\/\/gooddealersmeds.com\/fr\/wp-content\/uploads\/sites\/5\/2022\/03\/coc.jpg","width":600,"height":600,"caption":"Buy Cocaine Powder Online"},{"@type":"BreadcrumbList","@id":"https:\/\/gooddealersmeds.com\/fr\/product\/commander-de-la-cocaine-en-poudre-en-ligne-98-8-pure\/#breadcrumb","itemListElement":[{"@type":"ListItem","position":1,"name":"Home","item":"https:\/\/gooddealersmeds.com\/fr\/"},{"@type":"ListItem","position":2,"name":"Des produits","item":"https:\/\/gooddealersmeds.com\/fr\/des-produits\/"},{"@type":"ListItem","position":3,"name":"Commandez en ligne de la coca\u00efne en poudre pure \u00e0 98,8 %"}]},{"@type":"WebSite","@id":"https:\/\/gooddealersmeds.com\/fr\/#website","url":"https:\/\/gooddealersmeds.com\/fr\/","name":"Good Dealers Meds","description":"All our best","publisher":{"@id":"https:\/\/gooddealersmeds.com\/fr\/#organization"},"potentialAction":[{"@type":"SearchAction","target":{"@type":"EntryPoint","urlTemplate":"https:\/\/gooddealersmeds.com\/fr\/?s={search_term_string}"},"query-input":{"@type":"PropertyValueSpecification","valueRequired":true,"valueName":"search_term_string"}}],"inLanguage":"en-US"},{"@type":"Organization","@id":"https:\/\/gooddealersmeds.com\/fr\/#organization","name":"Good Dealers Meds","url":"https:\/\/gooddealersmeds.com\/fr\/","logo":{"@type":"ImageObject","inLanguage":"en-US","@id":"https:\/\/gooddealersmeds.com\/fr\/#\/schema\/logo\/image\/","url":"https:\/\/gooddealersmeds.com\/fr\/wp-content\/uploads\/sites\/5\/2022\/03\/gooddealersmeds__logo__20220317T222800Z.00.png","contentUrl":"https:\/\/gooddealersmeds.com\/fr\/wp-content\/uploads\/sites\/5\/2022\/03\/gooddealersmeds__logo__20220317T222800Z.00.png","width":500,"height":325,"caption":"Good Dealers Meds"},"image":{"@id":"https:\/\/gooddealersmeds.com\/fr\/#\/schema\/logo\/image\/"}}]}},"_links":{"self":[{"href":"https:\/\/gooddealersmeds.com\/fr\/wp-json\/wp\/v2\/product\/1657","targetHints":{"allow":["GET"]}}],"collection":[{"href":"https:\/\/gooddealersmeds.com\/fr\/wp-json\/wp\/v2\/product"}],"about":[{"href":"https:\/\/gooddealersmeds.com\/fr\/wp-json\/wp\/v2\/types\/product"}],"replies":[{"embeddable":true,"href":"https:\/\/gooddealersmeds.com\/fr\/wp-json\/wp\/v2\/comments?post=1657"}],"wp:featuredmedia":[{"embeddable":true,"href":"https:\/\/gooddealersmeds.com\/fr\/wp-json\/wp\/v2\/media\/1666"}],"wp:attachment":[{"href":"https:\/\/gooddealersmeds.com\/fr\/wp-json\/wp\/v2\/media?parent=1657"}],"wp:term":[{"taxonomy":"product_brand","embeddable":true,"href":"https:\/\/gooddealersmeds.com\/fr\/wp-json\/wp\/v2\/product_brand?post=1657"},{"taxonomy":"product_cat","embeddable":true,"href":"https:\/\/gooddealersmeds.com\/fr\/wp-json\/wp\/v2\/product_cat?post=1657"},{"taxonomy":"product_tag","embeddable":true,"href":"https:\/\/gooddealersmeds.com\/fr\/wp-json\/wp\/v2\/product_tag?post=1657"}],"curies":[{"name":"wp","href":"https:\/\/api.w.org\/{rel}","templated":true}]}}