{"id":1639,"date":"2022-03-19T00:39:57","date_gmt":"2022-03-19T00:39:57","guid":{"rendered":"https:\/\/gooddealersmeds.com\/fr\/?post_type=product&#038;p=1639"},"modified":"2023-01-06T22:02:16","modified_gmt":"2023-01-06T22:02:16","slug":"acheter-fentanyl-poudre-en-ligne","status":"publish","type":"product","link":"https:\/\/gooddealersmeds.com\/fr\/product\/acheter-fentanyl-poudre-en-ligne\/","title":{"rendered":"Acheter de la poudre de fentanyl en ligne"},"content":{"rendered":"<h2><b>Poudre de fentanyl \u00e0 vendre en ligne avec la meilleure qualit\u00e9<\/b><\/h2>\n<p>Acheter de la poudre de fentanyl en ligne\u00a0; Le fentanyl fait partie de la famille des pro-drogues connues sous le nom d&#8217;opio\u00efdes. Cette poudre est utilis\u00e9e dans le traitement de nombreuses maladies. On le trouve \u00e0 la fois sous forme de pilules et de poudre. La poudre de fentanyl est l&#8217;analg\u00e9sique utilis\u00e9 pour soulager la douleur.<\/p>\n<p>Le fentanyl est \u00e9galement utilis\u00e9 pour r\u00e9duire ou \u00e9liminer tout type de douleur, c&#8217;est-\u00e0-dire la douleur chronique \u00e9galement. Il a \u00e9t\u00e9 synth\u00e9tis\u00e9 pour la premi\u00e8re fois dans les ann\u00e9es 1960 et est arriv\u00e9 sur le march\u00e9 en tant que m\u00e9dicament. Ensuite, il a \u00e9t\u00e9 utilis\u00e9 \u00e0 des fins mineures. Mais ces derni\u00e8res ann\u00e9es, il n&#8217;est pas seulement utilis\u00e9 comme m\u00e9dicament mais aussi comme drogue dans certains cas.<\/p>\n<p>La poudre de fentanyl est souvent compar\u00e9e \u00e0 la pro-drogue la plus c\u00e9l\u00e8bre connue sous le nom de morphine. C&#8217;est une pro-drogue \u00e0 tr\u00e8s haut potentiel qui est encore utilis\u00e9e et produite dans le domaine m\u00e9dical.<\/p>\n<p>La poudre de fentanyl est une pro-drogue presque 50 \u00e0 100 fois plus puissante que la morphine. C&#8217;est la principale raison de son succ\u00e8s et de son utilisation \u00e0 si grande \u00e9chelle.<\/p>\n<p><strong>Aper\u00e7u des effets de la poudre de fentanyl<\/strong><\/p>\n<p>La poudre de fentanyl agit directement sur le cerveau et modifie compl\u00e8tement la sensation de douleur. Il supprime d\u00e9finitivement ou partiellement la douleur du corps en fonction de l&#8217;\u00e9tat de la douleur. En raison de sa puissance \u00e9lev\u00e9e, il est couramment utilis\u00e9 pour traiter tout type de douleur allant de la douleur initiale \u00e0 la douleur chronique.<\/p>\n<p>Ce sont quelques caract\u00e9ristiques \u00e0 cause desquelles de nombreux m\u00e9decins utilisent ce pro-m\u00e9dicament dans leurs traitements. De nombreux m\u00e9dicaments utilis\u00e9s dans les op\u00e9rations chirurgicales contiennent une certaine proportion de ce pro-m\u00e9dicament pour r\u00e9duire la douleur de la chirurgie.<\/p>\n<p>La poudre de fentanyl n&#8217;est pas seulement populaire parmi les m\u00e9decins, mais \u00e9galement parmi les personnes qui fr\u00e9quentent les bars \u00e0 danser et clubs. Les gens utilisent cette pro-drogue pour se d\u00e9tendre lorsqu&#8217;ils sont fatigu\u00e9s de leur travail et veulent profiter de la vie.<\/p>\n<p>Les ingr\u00e9dients utilis\u00e9s pour fabriquer cette pro-drogue ont \u00e9galement une propri\u00e9t\u00e9 utile pour bien dormir. Pour cette raison, il est devenu tr\u00e8s populaire parmi les personnes confront\u00e9es \u00e0 des probl\u00e8mes tels que la d\u00e9pression.<\/p>\n<p>La poudre de fentanyl est facilement disponible sur le march\u00e9 en ligne. Notre <span style=\"color: #333333\"><a style=\"color: #333333\" href=\"https:\/\/gooddealersmeds.com\/fr\/\">boutique en ligne<\/a><\/span> traite \u00e9galement avec ce pro-m\u00e9dicament sous forme de pilules et de poudre. Notre magasin assure \u00e9galement la livraison du produit dans un d\u00e9lai tr\u00e8s court \u00e0 votre porte.<\/p>\n<p>&nbsp;<\/p>\n<p>&nbsp;<\/p>\n<pre><strong>Acheter de la poudre de fentanyl En ligne - acheter de la poudre, acheter de la poudre de fentanyl, acheter du fentanyl en ligne, O\u00f9 acheter de la poudre de fentanyl, de la poudre de fentanyl \u00e0 vendre, de la poudre \u00e0 vendre, acheter de la poudre en ligne, o\u00f9 acheter de la poudre de fentanyl en ligne, de la poudre de fentanyl \u00e0 vendre aux \u00c9tats-Unis, aux \u00c9tats-Unis, au Canada, Royaume-Uni, acheter, en ligne, fournisseurs, livraison en toute s\u00e9curit\u00e9, Vous pouvez toujours obtenir de la poudre de fentanyl, la poudre de fentanyl est-elle l\u00e9gale aux \u00c9tats-Unis, acheter de la poudre de fentanyl en ligne aux \u00c9tats-Unis, comment commander de la poudre de fentanyl, la poudre de fentanyl est-elle l\u00e9gale au Canada<\/strong><\/pre>\n","protected":false},"excerpt":{"rendered":"<p>Le fentanyl traite les douleurs intenses et persistantes qui ne peuvent \u00eatre contr\u00f4l\u00e9es par d&#8217;autres m\u00e9dicaments. Ce m\u00e9dicament est un analg\u00e9sique narcotique.<br \/>\nAchetez du Fentanyl de qualit\u00e9 sup\u00e9rieure en ligne d\u00e8s aujourd&#8217;hui \u00e0 des prix tr\u00e8s bas de Nous offrons une livraison discr\u00e8te et une garantie de remboursement.<\/p>\n<p>Le prix du produit est le suivant\u00a0: par gramme<\/p>\n","protected":false},"featured_media":1648,"comment_status":"open","ping_status":"closed","template":"","meta":{"inline_featured_image":false},"product_brand":[],"product_cat":[347],"product_tag":[107,199,198,208,97,203,105,209,108,104,109,210,207,110,200,204,202,201,205,106,206],"class_list":{"0":"post-1639","1":"product","2":"type-product","3":"status-publish","4":"has-post-thumbnail","6":"product_cat-analgsique-opiode","7":"product_tag-acheter","8":"product_tag-acheter-fentanyl-poudre","9":"product_tag-acheter-fentanyl-poudre-acheter-en-ligne-poudre","10":"product_tag-acheter-fentanyl-poudre-en-ligne-usa","11":"product_tag-acheter-fentanyl-en-ligne","12":"product_tag-acheter-poudre-en-ligne","13":"product_tag-canada","14":"product_tag-comment-commander-fentanyl-poudre","15":"product_tag-en-ligne","16":"product_tag-etats-unis","17":"product_tag-fournisseurs","18":"product_tag-la-poudre-de-fentanyl-est-elle-lgale-au-canada","19":"product_tag-est-le-fentanyl-en-poudre-lgal-aux-etats-unis","20":"product_tag-livraison-en-toute-scurit","21":"product_tag-o-acheter-de-la-poudre-de-fentanyl","22":"product_tag-o-acheter-fentanyl-poudre-en-ligne","23":"product_tag-poudre--vendre","24":"product_tag-fentanyl-poudre-a-vendre","25":"product_tag-fentanyl-poudre--vendre-aux-etats-unis","26":"product_tag-royaume-uni","27":"product_tag-vous-pouvez-toujours-obtenir-de-la-poudre-de-fentanyl","28":"pa_grams-1-kg-1000-g","29":"pa_grams-10-g","30":"pa_grams-100-g","31":"pa_grams-20-g","32":"pa_grams-200-g","33":"pa_grams-35-g","34":"pa_grams-50-g","35":"pa_grams-500-g","37":"first","38":"instock","39":"featured","40":"shipping-taxable","41":"purchasable","42":"product-type-variable","43":"has-default-attributes"},"yoast_head":"<!-- This site is optimized with the Yoast SEO Premium plugin v20.6 (Yoast SEO v27.3) - https:\/\/yoast.com\/product\/yoast-seo-premium-wordpress\/ -->\n<title>Acheter de la poudre de fentanyl en ligne | Fentanyl pur \u00e0 vendre<\/title>\n<meta name=\"description\" content=\"La poudre de fentanyl est largement utilis\u00e9e comme drogue extr\u00eame. Acheter de la poudre de fentanyl en ligne sans ordonnance au meilleur prix chez Good Dealers Meds.\" \/>\n<meta name=\"robots\" content=\"index, follow, max-snippet:-1, max-image-preview:large, max-video-preview:-1\" \/>\n<link rel=\"canonical\" href=\"https:\/\/gooddealersmeds.com\/fr\/product\/acheter-fentanyl-poudre-en-ligne\/\" \/>\n<meta property=\"og:locale\" content=\"en_US\" \/>\n<meta property=\"og:type\" content=\"article\" \/>\n<meta property=\"og:title\" content=\"Acheter de la poudre de fentanyl en ligne\" \/>\n<meta property=\"og:description\" content=\"La poudre de fentanyl est largement utilis\u00e9e comme drogue extr\u00eame. Acheter de la poudre de fentanyl en ligne sans ordonnance au meilleur prix chez Good Dealers Meds.\" \/>\n<meta property=\"og:url\" content=\"https:\/\/gooddealersmeds.com\/fr\/product\/acheter-fentanyl-poudre-en-ligne\/\" \/>\n<meta property=\"og:site_name\" content=\"Good Dealers Meds\" \/>\n<meta property=\"article:modified_time\" content=\"2023-01-06T22:02:16+00:00\" \/>\n<meta property=\"og:image\" content=\"https:\/\/gooddealersmeds.com\/fr\/wp-content\/uploads\/sites\/5\/2022\/03\/buy-metizolam-powder-online.jpg\" \/>\n\t<meta property=\"og:image:width\" content=\"600\" \/>\n\t<meta property=\"og:image:height\" content=\"600\" \/>\n\t<meta property=\"og:image:type\" content=\"image\/jpeg\" \/>\n<meta name=\"twitter:card\" content=\"summary_large_image\" \/>\n<meta name=\"twitter:label1\" content=\"Est. reading time\" \/>\n\t<meta name=\"twitter:data1\" content=\"3 minutes\" \/>\n<script type=\"application\/ld+json\" class=\"yoast-schema-graph\">{\"@context\":\"https:\\\/\\\/schema.org\",\"@graph\":[{\"@type\":\"WebPage\",\"@id\":\"https:\\\/\\\/gooddealersmeds.com\\\/fr\\\/product\\\/acheter-fentanyl-poudre-en-ligne\\\/\",\"url\":\"https:\\\/\\\/gooddealersmeds.com\\\/fr\\\/product\\\/acheter-fentanyl-poudre-en-ligne\\\/\",\"name\":\"Acheter de la poudre de fentanyl en ligne | Fentanyl pur \u00e0 vendre\",\"isPartOf\":{\"@id\":\"https:\\\/\\\/gooddealersmeds.com\\\/fr\\\/#website\"},\"primaryImageOfPage\":{\"@id\":\"https:\\\/\\\/gooddealersmeds.com\\\/fr\\\/product\\\/acheter-fentanyl-poudre-en-ligne\\\/#primaryimage\"},\"image\":{\"@id\":\"https:\\\/\\\/gooddealersmeds.com\\\/fr\\\/product\\\/acheter-fentanyl-poudre-en-ligne\\\/#primaryimage\"},\"thumbnailUrl\":\"https:\\\/\\\/gooddealersmeds.com\\\/fr\\\/wp-content\\\/uploads\\\/sites\\\/5\\\/2022\\\/03\\\/buy-metizolam-powder-online.jpg\",\"datePublished\":\"2022-03-19T00:39:57+00:00\",\"dateModified\":\"2023-01-06T22:02:16+00:00\",\"description\":\"La poudre de fentanyl est largement utilis\u00e9e comme drogue extr\u00eame. Acheter de la poudre de fentanyl en ligne sans ordonnance au meilleur prix chez Good Dealers Meds.\",\"breadcrumb\":{\"@id\":\"https:\\\/\\\/gooddealersmeds.com\\\/fr\\\/product\\\/acheter-fentanyl-poudre-en-ligne\\\/#breadcrumb\"},\"inLanguage\":\"en-US\",\"potentialAction\":[{\"@type\":\"ReadAction\",\"target\":[\"https:\\\/\\\/gooddealersmeds.com\\\/fr\\\/product\\\/acheter-fentanyl-poudre-en-ligne\\\/\"]}]},{\"@type\":\"ImageObject\",\"inLanguage\":\"en-US\",\"@id\":\"https:\\\/\\\/gooddealersmeds.com\\\/fr\\\/product\\\/acheter-fentanyl-poudre-en-ligne\\\/#primaryimage\",\"url\":\"https:\\\/\\\/gooddealersmeds.com\\\/fr\\\/wp-content\\\/uploads\\\/sites\\\/5\\\/2022\\\/03\\\/buy-metizolam-powder-online.jpg\",\"contentUrl\":\"https:\\\/\\\/gooddealersmeds.com\\\/fr\\\/wp-content\\\/uploads\\\/sites\\\/5\\\/2022\\\/03\\\/buy-metizolam-powder-online.jpg\",\"width\":600,\"height\":600,\"caption\":\"Buy Fentanyl Powder Online\"},{\"@type\":\"BreadcrumbList\",\"@id\":\"https:\\\/\\\/gooddealersmeds.com\\\/fr\\\/product\\\/acheter-fentanyl-poudre-en-ligne\\\/#breadcrumb\",\"itemListElement\":[{\"@type\":\"ListItem\",\"position\":1,\"name\":\"Home\",\"item\":\"https:\\\/\\\/gooddealersmeds.com\\\/fr\\\/\"},{\"@type\":\"ListItem\",\"position\":2,\"name\":\"Des produits\",\"item\":\"https:\\\/\\\/gooddealersmeds.com\\\/fr\\\/des-produits\\\/\"},{\"@type\":\"ListItem\",\"position\":3,\"name\":\"Acheter de la poudre de fentanyl en ligne\"}]},{\"@type\":\"WebSite\",\"@id\":\"https:\\\/\\\/gooddealersmeds.com\\\/fr\\\/#website\",\"url\":\"https:\\\/\\\/gooddealersmeds.com\\\/fr\\\/\",\"name\":\"Good Dealers Meds\",\"description\":\"All our best\",\"publisher\":{\"@id\":\"https:\\\/\\\/gooddealersmeds.com\\\/fr\\\/#organization\"},\"potentialAction\":[{\"@type\":\"SearchAction\",\"target\":{\"@type\":\"EntryPoint\",\"urlTemplate\":\"https:\\\/\\\/gooddealersmeds.com\\\/fr\\\/?s={search_term_string}\"},\"query-input\":{\"@type\":\"PropertyValueSpecification\",\"valueRequired\":true,\"valueName\":\"search_term_string\"}}],\"inLanguage\":\"en-US\"},{\"@type\":\"Organization\",\"@id\":\"https:\\\/\\\/gooddealersmeds.com\\\/fr\\\/#organization\",\"name\":\"Good Dealers Meds\",\"url\":\"https:\\\/\\\/gooddealersmeds.com\\\/fr\\\/\",\"logo\":{\"@type\":\"ImageObject\",\"inLanguage\":\"en-US\",\"@id\":\"https:\\\/\\\/gooddealersmeds.com\\\/fr\\\/#\\\/schema\\\/logo\\\/image\\\/\",\"url\":\"https:\\\/\\\/gooddealersmeds.com\\\/fr\\\/wp-content\\\/uploads\\\/sites\\\/5\\\/2022\\\/03\\\/gooddealersmeds__logo__20220317T222800Z.00.png\",\"contentUrl\":\"https:\\\/\\\/gooddealersmeds.com\\\/fr\\\/wp-content\\\/uploads\\\/sites\\\/5\\\/2022\\\/03\\\/gooddealersmeds__logo__20220317T222800Z.00.png\",\"width\":500,\"height\":325,\"caption\":\"Good Dealers Meds\"},\"image\":{\"@id\":\"https:\\\/\\\/gooddealersmeds.com\\\/fr\\\/#\\\/schema\\\/logo\\\/image\\\/\"}}]}<\/script>\n<!-- \/ Yoast SEO Premium plugin. -->","yoast_head_json":{"title":"Acheter de la poudre de fentanyl en ligne | Fentanyl pur \u00e0 vendre","description":"La poudre de fentanyl est largement utilis\u00e9e comme drogue extr\u00eame. Acheter de la poudre de fentanyl en ligne sans ordonnance au meilleur prix chez Good Dealers Meds.","robots":{"index":"index","follow":"follow","max-snippet":"max-snippet:-1","max-image-preview":"max-image-preview:large","max-video-preview":"max-video-preview:-1"},"canonical":"https:\/\/gooddealersmeds.com\/fr\/product\/acheter-fentanyl-poudre-en-ligne\/","og_locale":"en_US","og_type":"article","og_title":"Acheter de la poudre de fentanyl en ligne","og_description":"La poudre de fentanyl est largement utilis\u00e9e comme drogue extr\u00eame. Acheter de la poudre de fentanyl en ligne sans ordonnance au meilleur prix chez Good Dealers Meds.","og_url":"https:\/\/gooddealersmeds.com\/fr\/product\/acheter-fentanyl-poudre-en-ligne\/","og_site_name":"Good Dealers Meds","article_modified_time":"2023-01-06T22:02:16+00:00","og_image":[{"width":600,"height":600,"url":"https:\/\/gooddealersmeds.com\/fr\/wp-content\/uploads\/sites\/5\/2022\/03\/buy-metizolam-powder-online.jpg","type":"image\/jpeg"}],"twitter_card":"summary_large_image","twitter_misc":{"Est. reading time":"3 minutes"},"schema":{"@context":"https:\/\/schema.org","@graph":[{"@type":"WebPage","@id":"https:\/\/gooddealersmeds.com\/fr\/product\/acheter-fentanyl-poudre-en-ligne\/","url":"https:\/\/gooddealersmeds.com\/fr\/product\/acheter-fentanyl-poudre-en-ligne\/","name":"Acheter de la poudre de fentanyl en ligne | Fentanyl pur \u00e0 vendre","isPartOf":{"@id":"https:\/\/gooddealersmeds.com\/fr\/#website"},"primaryImageOfPage":{"@id":"https:\/\/gooddealersmeds.com\/fr\/product\/acheter-fentanyl-poudre-en-ligne\/#primaryimage"},"image":{"@id":"https:\/\/gooddealersmeds.com\/fr\/product\/acheter-fentanyl-poudre-en-ligne\/#primaryimage"},"thumbnailUrl":"https:\/\/gooddealersmeds.com\/fr\/wp-content\/uploads\/sites\/5\/2022\/03\/buy-metizolam-powder-online.jpg","datePublished":"2022-03-19T00:39:57+00:00","dateModified":"2023-01-06T22:02:16+00:00","description":"La poudre de fentanyl est largement utilis\u00e9e comme drogue extr\u00eame. Acheter de la poudre de fentanyl en ligne sans ordonnance au meilleur prix chez Good Dealers Meds.","breadcrumb":{"@id":"https:\/\/gooddealersmeds.com\/fr\/product\/acheter-fentanyl-poudre-en-ligne\/#breadcrumb"},"inLanguage":"en-US","potentialAction":[{"@type":"ReadAction","target":["https:\/\/gooddealersmeds.com\/fr\/product\/acheter-fentanyl-poudre-en-ligne\/"]}]},{"@type":"ImageObject","inLanguage":"en-US","@id":"https:\/\/gooddealersmeds.com\/fr\/product\/acheter-fentanyl-poudre-en-ligne\/#primaryimage","url":"https:\/\/gooddealersmeds.com\/fr\/wp-content\/uploads\/sites\/5\/2022\/03\/buy-metizolam-powder-online.jpg","contentUrl":"https:\/\/gooddealersmeds.com\/fr\/wp-content\/uploads\/sites\/5\/2022\/03\/buy-metizolam-powder-online.jpg","width":600,"height":600,"caption":"Buy Fentanyl Powder Online"},{"@type":"BreadcrumbList","@id":"https:\/\/gooddealersmeds.com\/fr\/product\/acheter-fentanyl-poudre-en-ligne\/#breadcrumb","itemListElement":[{"@type":"ListItem","position":1,"name":"Home","item":"https:\/\/gooddealersmeds.com\/fr\/"},{"@type":"ListItem","position":2,"name":"Des produits","item":"https:\/\/gooddealersmeds.com\/fr\/des-produits\/"},{"@type":"ListItem","position":3,"name":"Acheter de la poudre de fentanyl en ligne"}]},{"@type":"WebSite","@id":"https:\/\/gooddealersmeds.com\/fr\/#website","url":"https:\/\/gooddealersmeds.com\/fr\/","name":"Good Dealers Meds","description":"All our best","publisher":{"@id":"https:\/\/gooddealersmeds.com\/fr\/#organization"},"potentialAction":[{"@type":"SearchAction","target":{"@type":"EntryPoint","urlTemplate":"https:\/\/gooddealersmeds.com\/fr\/?s={search_term_string}"},"query-input":{"@type":"PropertyValueSpecification","valueRequired":true,"valueName":"search_term_string"}}],"inLanguage":"en-US"},{"@type":"Organization","@id":"https:\/\/gooddealersmeds.com\/fr\/#organization","name":"Good Dealers Meds","url":"https:\/\/gooddealersmeds.com\/fr\/","logo":{"@type":"ImageObject","inLanguage":"en-US","@id":"https:\/\/gooddealersmeds.com\/fr\/#\/schema\/logo\/image\/","url":"https:\/\/gooddealersmeds.com\/fr\/wp-content\/uploads\/sites\/5\/2022\/03\/gooddealersmeds__logo__20220317T222800Z.00.png","contentUrl":"https:\/\/gooddealersmeds.com\/fr\/wp-content\/uploads\/sites\/5\/2022\/03\/gooddealersmeds__logo__20220317T222800Z.00.png","width":500,"height":325,"caption":"Good Dealers Meds"},"image":{"@id":"https:\/\/gooddealersmeds.com\/fr\/#\/schema\/logo\/image\/"}}]}},"_links":{"self":[{"href":"https:\/\/gooddealersmeds.com\/fr\/wp-json\/wp\/v2\/product\/1639","targetHints":{"allow":["GET"]}}],"collection":[{"href":"https:\/\/gooddealersmeds.com\/fr\/wp-json\/wp\/v2\/product"}],"about":[{"href":"https:\/\/gooddealersmeds.com\/fr\/wp-json\/wp\/v2\/types\/product"}],"replies":[{"embeddable":true,"href":"https:\/\/gooddealersmeds.com\/fr\/wp-json\/wp\/v2\/comments?post=1639"}],"wp:featuredmedia":[{"embeddable":true,"href":"https:\/\/gooddealersmeds.com\/fr\/wp-json\/wp\/v2\/media\/1648"}],"wp:attachment":[{"href":"https:\/\/gooddealersmeds.com\/fr\/wp-json\/wp\/v2\/media?parent=1639"}],"wp:term":[{"taxonomy":"product_brand","embeddable":true,"href":"https:\/\/gooddealersmeds.com\/fr\/wp-json\/wp\/v2\/product_brand?post=1639"},{"taxonomy":"product_cat","embeddable":true,"href":"https:\/\/gooddealersmeds.com\/fr\/wp-json\/wp\/v2\/product_cat?post=1639"},{"taxonomy":"product_tag","embeddable":true,"href":"https:\/\/gooddealersmeds.com\/fr\/wp-json\/wp\/v2\/product_tag?post=1639"}],"curies":[{"name":"wp","href":"https:\/\/api.w.org\/{rel}","templated":true}]}}