{"id":1627,"date":"2022-03-19T00:28:52","date_gmt":"2022-03-19T00:28:52","guid":{"rendered":"https:\/\/gooddealersmeds.com\/fr\/?post_type=product&#038;p=1627"},"modified":"2023-01-06T22:06:31","modified_gmt":"2023-01-06T22:06:31","slug":"acheter-des-cristaux-de-mdma-purs-en-ligne","status":"publish","type":"product","link":"https:\/\/gooddealersmeds.com\/fr\/product\/acheter-des-cristaux-de-mdma-purs-en-ligne\/","title":{"rendered":"Achetez des cristaux de MDMA purs en ligne"},"content":{"rendered":"<h2>Commandez des cristaux de MDMA en ligne et des cristaux de MDMA \u00e0 vendre \u00e0 un prix abordable<\/h2>\n<p>Acheter des cristaux purs de MDMA dans notre boutique. La <a href=\"https:\/\/gooddealersmeds.com\/fr\/product\/buy-pure-mdma-crystals-online\/\">MDMA<\/a> est une drogue stimulante aux propri\u00e9t\u00e9s euphorisantes et l\u00e9g\u00e8rement hallucinog\u00e8nes. La MDMA se pr\u00e9sente sous deux formes, pilules et poudre\/cristaux et peut \u00eatre prise par voie orale ou sniff\u00e9e.<\/p>\n<p>La substance 3, 4-m\u00e9thyl\u00e8nedioxym\u00e9thamph\u00e9tamine est un d\u00e9riv\u00e9 de l&#8217;amph\u00e9tamine qui a gagn\u00e9 en popularit\u00e9 ces derni\u00e8res ann\u00e9es et est devenue la substance r\u00e9cr\u00e9ative m\u00e9dicament de choix pour de nombreux adolescents et jeunes adultes. Les personnes qui prennent de la MDMA d\u00e9crivent un sentiment d&#8217;euphorie, une perte d&#8217;inhibition, un sentiment de proximit\u00e9 et\/ou d&#8217;empathie et une sensualit\u00e9 accrue. \u00ab\u00a0<a href=\"https:\/\/fr.wikipedia.org\/wiki\/MDMA\">Molly<\/a>\u00a0\u00bb, la poudre ou la forme cristalline de la MDMA, le produit chimique utilis\u00e9 dans l&#8217;ecstasy, est une drogue populaire.<\/p>\n<p>La posologie d\u00e9pendra d&#8217;un certain nombre de facteurs, notamment la tol\u00e9rance, le sexe et la mani\u00e8re dont elle est prise (soit par voie nasale ou oralement). Il s&#8217;agit uniquement d&#8217;un guide. Acheter des cristaux purs de MDMA<\/p>\n<p>Dose recommand\u00e9e = 50\u00a0mg + votre poids corporel en kilos<\/p>\n<p><strong>Parmi les effets pouvant survenir \u00e0 la suite de l&#8217;utilisation de MDMA figurent les suivants\u00a0:<\/strong><\/p>\n<ul>\n<li>Augmentation de la vitalit\u00e9\/sensibilisation<\/li>\n<li>Euphorie<\/li>\n<li>Augmentation de l&#8217;empathie ou de la sensation d&#8217;\u00eatre &#8220;aim\u00e9&#8221;<\/li>\n<li>Augmentation de l&#8217;estime pour la musique<\/li>\n<li>Hallucinations de nature l\u00e9g\u00e8re<\/li>\n<li>Augmentation de la temp\u00e9rature<\/li>\n<li>Serrement de\u00a0la\u00a0m\u00e2choire, grincement des dents et mastication de la langue et des joues (gurning)<\/li>\n<li>Naus\u00e9es\/vomissements<\/li>\n<li>Incapacit\u00e9 d&#8217;orgasme\/dysfonction \u00e9rectile<\/li>\n<\/ul>\n<p>Notre commande est enti\u00e8rement priv\u00e9e et s\u00e9curis\u00e9e. De plus, nous traitons nos commandes avec le plus grand respect pour votre vie priv\u00e9e en tant que client. Deuxi\u00e8mement, nous travaillons dur pour garder votre livraison aussi discr\u00e8te que possible. Pour votre livraison VIP, nous utilisons une compagnie maritime r\u00e9put\u00e9e.<\/p>\n<p>De plus, nous pouvons assurer votre colis pour assurer sa s\u00e9curit\u00e9 pendant le transport du navire \u00e0 votre porte. Enfin, nous gardons toutes vos informations en s\u00e9curit\u00e9 et ne les donnerons ni ne les divulguerons jamais sans votre permission.<\/p>\n<p>Les clients du monde entier peuvent acheter des cristaux de MDMA pure en ligne avec ou sans ordonnance aupr\u00e8s de notre <a href=\"https:\/\/gooddealersmeds.com\/fr\/products\/\">boutique<\/a>.<\/p>\n","protected":false},"excerpt":{"rendered":"<p>Cristaux d&#8217;Ecstasy\/Molly \u00e0 vendre (acheter des Cristaux d&#8217;Ecstasy\/Molly en ligne). Achetez des cristaux de MDMA purs en ligne, des cristaux de m\u00e9thylone en ligne, achetez de la m\u00e9thylone en ligne, achetez des cristaux d&#8217;ecstasy en ligne, achetez des cristaux de Molly en ligne<\/p>\n","protected":false},"featured_media":1637,"comment_status":"open","ping_status":"closed","template":"","meta":{"inline_featured_image":false},"product_brand":[],"product_cat":[343],"product_tag":[107,186,185,187,191,196,190,189,193,197,195,188,192,194],"class_list":{"0":"post-1627","1":"product","2":"type-product","3":"status-publish","4":"has-post-thumbnail","6":"product_cat-les-autres","7":"product_tag-acheter","8":"product_tag-acheter-pure-mdma-crystals-usa","9":"product_tag-acheter-des-cristaux-de-mdma-purs-en-ligne-acheter-des-cristaux-de-mdma-purs","10":"product_tag-acheter-des-cristaux-de-mdma-purs-en-ligne-etats-unis","11":"product_tag-acheter-des-cristaux-de-mdma-purs-en-ligne-pres-de-moi","12":"product_tag-comment-commander-des-cristaux-de-mdma-purs","13":"product_tag-cristaux-de-mdma-pure-a-vendre-pres-de-moi","14":"product_tag-cristaux-de-mdma-purs-a-vendre","15":"product_tag-cristaux-de-mdma-purs-en-vente-aux-etats-unis","16":"product_tag-is-pure-mdma-crystals-legal-in-canada","17":"product_tag-is-pure-mdma-crystals-legal-in-usa","18":"product_tag-o-acheter-des-cristaux-de-mdma-purs","19":"product_tag-o-acheter-des-cristaux-de-mdma-purs-en-ligne","20":"product_tag-vous-pouvez-toujours-obtenir-des-cristaux-de-mdma-purs","21":"pa_grams-1-kg-1000-g","22":"pa_grams-100-g","23":"pa_grams-20-g","24":"pa_grams-200-g","25":"pa_grams-250-g","26":"pa_grams-35-g","27":"pa_grams-50-g","28":"pa_grams-500-g","30":"first","31":"instock","32":"featured","33":"shipping-taxable","34":"purchasable","35":"product-type-variable","36":"has-default-attributes"},"yoast_head":"<!-- This site is optimized with the Yoast SEO Premium plugin v20.6 (Yoast SEO v27.4) - https:\/\/yoast.com\/product\/yoast-seo-premium-wordpress\/ -->\n<title>Acheter des cristaux de MDMA purs en ligne | MDMA \u00e0 vendre<\/title>\n<meta name=\"description\" content=\"Acheter des cristaux purs de MDMA. Nous vendons Pure MDMA avec des offres moins ch\u00e8res disponibles pour acheter en gros aupr\u00e8s de Good Dealers Meds et restons anonymes.\" \/>\n<meta name=\"robots\" content=\"index, follow, max-snippet:-1, max-image-preview:large, max-video-preview:-1\" \/>\n<link rel=\"canonical\" href=\"https:\/\/gooddealersmeds.com\/fr\/product\/acheter-des-cristaux-de-mdma-purs-en-ligne\/\" \/>\n<meta property=\"og:locale\" content=\"en_US\" \/>\n<meta property=\"og:type\" content=\"article\" \/>\n<meta property=\"og:title\" content=\"Achetez des cristaux de MDMA purs en ligne\" \/>\n<meta property=\"og:description\" content=\"Acheter des cristaux purs de MDMA. Nous vendons Pure MDMA avec des offres moins ch\u00e8res disponibles pour acheter en gros aupr\u00e8s de Good Dealers Meds et restons anonymes.\" \/>\n<meta property=\"og:url\" content=\"https:\/\/gooddealersmeds.com\/fr\/product\/acheter-des-cristaux-de-mdma-purs-en-ligne\/\" \/>\n<meta property=\"og:site_name\" content=\"Good Dealers Meds\" \/>\n<meta property=\"article:modified_time\" content=\"2023-01-06T22:06:31+00:00\" \/>\n<meta property=\"og:image\" content=\"https:\/\/gooddealersmeds.com\/fr\/wp-content\/uploads\/sites\/5\/2022\/03\/Buy-pure-MDMA-Crystals-online.jpg\" \/>\n\t<meta property=\"og:image:width\" content=\"600\" \/>\n\t<meta property=\"og:image:height\" content=\"600\" \/>\n\t<meta property=\"og:image:type\" content=\"image\/jpeg\" \/>\n<meta name=\"twitter:card\" content=\"summary_large_image\" \/>\n<meta name=\"twitter:label1\" content=\"Est. reading time\" \/>\n\t<meta name=\"twitter:data1\" content=\"2 minutes\" \/>\n<script type=\"application\/ld+json\" class=\"yoast-schema-graph\">{\"@context\":\"https:\\\/\\\/schema.org\",\"@graph\":[{\"@type\":\"WebPage\",\"@id\":\"https:\\\/\\\/gooddealersmeds.com\\\/fr\\\/product\\\/acheter-des-cristaux-de-mdma-purs-en-ligne\\\/\",\"url\":\"https:\\\/\\\/gooddealersmeds.com\\\/fr\\\/product\\\/acheter-des-cristaux-de-mdma-purs-en-ligne\\\/\",\"name\":\"Acheter des cristaux de MDMA purs en ligne | MDMA \u00e0 vendre\",\"isPartOf\":{\"@id\":\"https:\\\/\\\/gooddealersmeds.com\\\/fr\\\/#website\"},\"primaryImageOfPage\":{\"@id\":\"https:\\\/\\\/gooddealersmeds.com\\\/fr\\\/product\\\/acheter-des-cristaux-de-mdma-purs-en-ligne\\\/#primaryimage\"},\"image\":{\"@id\":\"https:\\\/\\\/gooddealersmeds.com\\\/fr\\\/product\\\/acheter-des-cristaux-de-mdma-purs-en-ligne\\\/#primaryimage\"},\"thumbnailUrl\":\"https:\\\/\\\/gooddealersmeds.com\\\/fr\\\/wp-content\\\/uploads\\\/sites\\\/5\\\/2022\\\/03\\\/Buy-pure-MDMA-Crystals-online.jpg\",\"datePublished\":\"2022-03-19T00:28:52+00:00\",\"dateModified\":\"2023-01-06T22:06:31+00:00\",\"description\":\"Acheter des cristaux purs de MDMA. Nous vendons Pure MDMA avec des offres moins ch\u00e8res disponibles pour acheter en gros aupr\u00e8s de Good Dealers Meds et restons anonymes.\",\"breadcrumb\":{\"@id\":\"https:\\\/\\\/gooddealersmeds.com\\\/fr\\\/product\\\/acheter-des-cristaux-de-mdma-purs-en-ligne\\\/#breadcrumb\"},\"inLanguage\":\"en-US\",\"potentialAction\":[{\"@type\":\"ReadAction\",\"target\":[\"https:\\\/\\\/gooddealersmeds.com\\\/fr\\\/product\\\/acheter-des-cristaux-de-mdma-purs-en-ligne\\\/\"]}]},{\"@type\":\"ImageObject\",\"inLanguage\":\"en-US\",\"@id\":\"https:\\\/\\\/gooddealersmeds.com\\\/fr\\\/product\\\/acheter-des-cristaux-de-mdma-purs-en-ligne\\\/#primaryimage\",\"url\":\"https:\\\/\\\/gooddealersmeds.com\\\/fr\\\/wp-content\\\/uploads\\\/sites\\\/5\\\/2022\\\/03\\\/Buy-pure-MDMA-Crystals-online.jpg\",\"contentUrl\":\"https:\\\/\\\/gooddealersmeds.com\\\/fr\\\/wp-content\\\/uploads\\\/sites\\\/5\\\/2022\\\/03\\\/Buy-pure-MDMA-Crystals-online.jpg\",\"width\":600,\"height\":600,\"caption\":\"Buy MDMA Powder Online\"},{\"@type\":\"BreadcrumbList\",\"@id\":\"https:\\\/\\\/gooddealersmeds.com\\\/fr\\\/product\\\/acheter-des-cristaux-de-mdma-purs-en-ligne\\\/#breadcrumb\",\"itemListElement\":[{\"@type\":\"ListItem\",\"position\":1,\"name\":\"Home\",\"item\":\"https:\\\/\\\/gooddealersmeds.com\\\/fr\\\/\"},{\"@type\":\"ListItem\",\"position\":2,\"name\":\"Des produits\",\"item\":\"https:\\\/\\\/gooddealersmeds.com\\\/fr\\\/des-produits\\\/\"},{\"@type\":\"ListItem\",\"position\":3,\"name\":\"Achetez des cristaux de MDMA purs en ligne\"}]},{\"@type\":\"WebSite\",\"@id\":\"https:\\\/\\\/gooddealersmeds.com\\\/fr\\\/#website\",\"url\":\"https:\\\/\\\/gooddealersmeds.com\\\/fr\\\/\",\"name\":\"Good Dealers Meds\",\"description\":\"All our best\",\"publisher\":{\"@id\":\"https:\\\/\\\/gooddealersmeds.com\\\/fr\\\/#organization\"},\"potentialAction\":[{\"@type\":\"SearchAction\",\"target\":{\"@type\":\"EntryPoint\",\"urlTemplate\":\"https:\\\/\\\/gooddealersmeds.com\\\/fr\\\/?s={search_term_string}\"},\"query-input\":{\"@type\":\"PropertyValueSpecification\",\"valueRequired\":true,\"valueName\":\"search_term_string\"}}],\"inLanguage\":\"en-US\"},{\"@type\":\"Organization\",\"@id\":\"https:\\\/\\\/gooddealersmeds.com\\\/fr\\\/#organization\",\"name\":\"Good Dealers Meds\",\"url\":\"https:\\\/\\\/gooddealersmeds.com\\\/fr\\\/\",\"logo\":{\"@type\":\"ImageObject\",\"inLanguage\":\"en-US\",\"@id\":\"https:\\\/\\\/gooddealersmeds.com\\\/fr\\\/#\\\/schema\\\/logo\\\/image\\\/\",\"url\":\"https:\\\/\\\/gooddealersmeds.com\\\/fr\\\/wp-content\\\/uploads\\\/sites\\\/5\\\/2022\\\/03\\\/gooddealersmeds__logo__20220317T222800Z.00.png\",\"contentUrl\":\"https:\\\/\\\/gooddealersmeds.com\\\/fr\\\/wp-content\\\/uploads\\\/sites\\\/5\\\/2022\\\/03\\\/gooddealersmeds__logo__20220317T222800Z.00.png\",\"width\":500,\"height\":325,\"caption\":\"Good Dealers Meds\"},\"image\":{\"@id\":\"https:\\\/\\\/gooddealersmeds.com\\\/fr\\\/#\\\/schema\\\/logo\\\/image\\\/\"}}]}<\/script>\n<!-- \/ Yoast SEO Premium plugin. -->","yoast_head_json":{"title":"Acheter des cristaux de MDMA purs en ligne | MDMA \u00e0 vendre","description":"Acheter des cristaux purs de MDMA. Nous vendons Pure MDMA avec des offres moins ch\u00e8res disponibles pour acheter en gros aupr\u00e8s de Good Dealers Meds et restons anonymes.","robots":{"index":"index","follow":"follow","max-snippet":"max-snippet:-1","max-image-preview":"max-image-preview:large","max-video-preview":"max-video-preview:-1"},"canonical":"https:\/\/gooddealersmeds.com\/fr\/product\/acheter-des-cristaux-de-mdma-purs-en-ligne\/","og_locale":"en_US","og_type":"article","og_title":"Achetez des cristaux de MDMA purs en ligne","og_description":"Acheter des cristaux purs de MDMA. Nous vendons Pure MDMA avec des offres moins ch\u00e8res disponibles pour acheter en gros aupr\u00e8s de Good Dealers Meds et restons anonymes.","og_url":"https:\/\/gooddealersmeds.com\/fr\/product\/acheter-des-cristaux-de-mdma-purs-en-ligne\/","og_site_name":"Good Dealers Meds","article_modified_time":"2023-01-06T22:06:31+00:00","og_image":[{"width":600,"height":600,"url":"https:\/\/gooddealersmeds.com\/fr\/wp-content\/uploads\/sites\/5\/2022\/03\/Buy-pure-MDMA-Crystals-online.jpg","type":"image\/jpeg"}],"twitter_card":"summary_large_image","twitter_misc":{"Est. reading time":"2 minutes"},"schema":{"@context":"https:\/\/schema.org","@graph":[{"@type":"WebPage","@id":"https:\/\/gooddealersmeds.com\/fr\/product\/acheter-des-cristaux-de-mdma-purs-en-ligne\/","url":"https:\/\/gooddealersmeds.com\/fr\/product\/acheter-des-cristaux-de-mdma-purs-en-ligne\/","name":"Acheter des cristaux de MDMA purs en ligne | MDMA \u00e0 vendre","isPartOf":{"@id":"https:\/\/gooddealersmeds.com\/fr\/#website"},"primaryImageOfPage":{"@id":"https:\/\/gooddealersmeds.com\/fr\/product\/acheter-des-cristaux-de-mdma-purs-en-ligne\/#primaryimage"},"image":{"@id":"https:\/\/gooddealersmeds.com\/fr\/product\/acheter-des-cristaux-de-mdma-purs-en-ligne\/#primaryimage"},"thumbnailUrl":"https:\/\/gooddealersmeds.com\/fr\/wp-content\/uploads\/sites\/5\/2022\/03\/Buy-pure-MDMA-Crystals-online.jpg","datePublished":"2022-03-19T00:28:52+00:00","dateModified":"2023-01-06T22:06:31+00:00","description":"Acheter des cristaux purs de MDMA. Nous vendons Pure MDMA avec des offres moins ch\u00e8res disponibles pour acheter en gros aupr\u00e8s de Good Dealers Meds et restons anonymes.","breadcrumb":{"@id":"https:\/\/gooddealersmeds.com\/fr\/product\/acheter-des-cristaux-de-mdma-purs-en-ligne\/#breadcrumb"},"inLanguage":"en-US","potentialAction":[{"@type":"ReadAction","target":["https:\/\/gooddealersmeds.com\/fr\/product\/acheter-des-cristaux-de-mdma-purs-en-ligne\/"]}]},{"@type":"ImageObject","inLanguage":"en-US","@id":"https:\/\/gooddealersmeds.com\/fr\/product\/acheter-des-cristaux-de-mdma-purs-en-ligne\/#primaryimage","url":"https:\/\/gooddealersmeds.com\/fr\/wp-content\/uploads\/sites\/5\/2022\/03\/Buy-pure-MDMA-Crystals-online.jpg","contentUrl":"https:\/\/gooddealersmeds.com\/fr\/wp-content\/uploads\/sites\/5\/2022\/03\/Buy-pure-MDMA-Crystals-online.jpg","width":600,"height":600,"caption":"Buy MDMA Powder Online"},{"@type":"BreadcrumbList","@id":"https:\/\/gooddealersmeds.com\/fr\/product\/acheter-des-cristaux-de-mdma-purs-en-ligne\/#breadcrumb","itemListElement":[{"@type":"ListItem","position":1,"name":"Home","item":"https:\/\/gooddealersmeds.com\/fr\/"},{"@type":"ListItem","position":2,"name":"Des produits","item":"https:\/\/gooddealersmeds.com\/fr\/des-produits\/"},{"@type":"ListItem","position":3,"name":"Achetez des cristaux de MDMA purs en ligne"}]},{"@type":"WebSite","@id":"https:\/\/gooddealersmeds.com\/fr\/#website","url":"https:\/\/gooddealersmeds.com\/fr\/","name":"Good Dealers Meds","description":"All our best","publisher":{"@id":"https:\/\/gooddealersmeds.com\/fr\/#organization"},"potentialAction":[{"@type":"SearchAction","target":{"@type":"EntryPoint","urlTemplate":"https:\/\/gooddealersmeds.com\/fr\/?s={search_term_string}"},"query-input":{"@type":"PropertyValueSpecification","valueRequired":true,"valueName":"search_term_string"}}],"inLanguage":"en-US"},{"@type":"Organization","@id":"https:\/\/gooddealersmeds.com\/fr\/#organization","name":"Good Dealers Meds","url":"https:\/\/gooddealersmeds.com\/fr\/","logo":{"@type":"ImageObject","inLanguage":"en-US","@id":"https:\/\/gooddealersmeds.com\/fr\/#\/schema\/logo\/image\/","url":"https:\/\/gooddealersmeds.com\/fr\/wp-content\/uploads\/sites\/5\/2022\/03\/gooddealersmeds__logo__20220317T222800Z.00.png","contentUrl":"https:\/\/gooddealersmeds.com\/fr\/wp-content\/uploads\/sites\/5\/2022\/03\/gooddealersmeds__logo__20220317T222800Z.00.png","width":500,"height":325,"caption":"Good Dealers Meds"},"image":{"@id":"https:\/\/gooddealersmeds.com\/fr\/#\/schema\/logo\/image\/"}}]}},"_links":{"self":[{"href":"https:\/\/gooddealersmeds.com\/fr\/wp-json\/wp\/v2\/product\/1627","targetHints":{"allow":["GET"]}}],"collection":[{"href":"https:\/\/gooddealersmeds.com\/fr\/wp-json\/wp\/v2\/product"}],"about":[{"href":"https:\/\/gooddealersmeds.com\/fr\/wp-json\/wp\/v2\/types\/product"}],"replies":[{"embeddable":true,"href":"https:\/\/gooddealersmeds.com\/fr\/wp-json\/wp\/v2\/comments?post=1627"}],"wp:featuredmedia":[{"embeddable":true,"href":"https:\/\/gooddealersmeds.com\/fr\/wp-json\/wp\/v2\/media\/1637"}],"wp:attachment":[{"href":"https:\/\/gooddealersmeds.com\/fr\/wp-json\/wp\/v2\/media?parent=1627"}],"wp:term":[{"taxonomy":"product_brand","embeddable":true,"href":"https:\/\/gooddealersmeds.com\/fr\/wp-json\/wp\/v2\/product_brand?post=1627"},{"taxonomy":"product_cat","embeddable":true,"href":"https:\/\/gooddealersmeds.com\/fr\/wp-json\/wp\/v2\/product_cat?post=1627"},{"taxonomy":"product_tag","embeddable":true,"href":"https:\/\/gooddealersmeds.com\/fr\/wp-json\/wp\/v2\/product_tag?post=1627"}],"curies":[{"name":"wp","href":"https:\/\/api.w.org\/{rel}","templated":true}]}}