{"id":1615,"date":"2022-03-19T00:11:34","date_gmt":"2022-03-19T00:11:34","guid":{"rendered":"https:\/\/gooddealersmeds.com\/fr\/?post_type=product&#038;p=1615"},"modified":"2023-01-08T10:52:00","modified_gmt":"2023-01-08T10:52:00","slug":"acheter-crystal-meth-methamphetamine-en-ligne","status":"publish","type":"product","link":"https:\/\/gooddealersmeds.com\/fr\/product\/acheter-crystal-meth-methamphetamine-en-ligne\/","title":{"rendered":"Acheter du Crystal Meth (m\u00e9thamph\u00e9tamine) en ligne"},"content":{"rendered":"<h2>Acheter du Crystal Meth (m\u00e9thamph\u00e9tamine) en ligne \u00e0 partir du meilleur<\/h2>\n<p>L&#8217;Ice (crystal meth) est une m\u00e9thamph\u00e9tamine, membre de la famille des amph\u00e9tamines. C&#8217;est un puissant stimulant hautement addictif qui affecte le syst\u00e8me nerveux central. Acheter de la m\u00e9thamph\u00e9tamine en ligne est illicitement trafiqu\u00e9 et vendu en raison de leur potentiel pour un usage r\u00e9cr\u00e9atif.<\/p>\n<p>La m\u00e9thamph\u00e9tamine est un membre de la famille des ph\u00e9n\u00e9thylamines, qui comprend une gamme de substances qui peuvent \u00eatre des stimulants, des entactog\u00e8nes ou des hallucinog\u00e8nes. Le crystal meth est un stimulant du syst\u00e8me nerveux central qui provoque de l&#8217;hypertension et de la tachycardie avec des sentiments de confiance, de sociabilit\u00e9 et d&#8217;\u00e9nergie accrues. La m\u00e9thamph\u00e9tamine a une utilisation th\u00e9rapeutique occasionnelle dans le traitement de la narcolepsie et du trouble d\u00e9ficitaire de l&#8217;attention avec hyperactivit\u00e9 (TDAH).<\/p>\n<p>Aussi connue sous le nom de m\u00e9thamph\u00e9tamine, craie, glace et cristal, parmi de nombreux autres termes, elle prend la forme d&#8217;un blanc , poudre cristalline inodore au go\u00fbt amer qui se dissout facilement dans l&#8217;eau ou l&#8217;alcool. a \u00e9t\u00e9 d\u00e9velopp\u00e9 au d\u00e9but du 20e\u00a0si\u00e8cle \u00e0 partir de son produit chimique parent, l&#8217;amph\u00e9tamine, et \u00e9tait utilis\u00e9 \u00e0 l&#8217;origine dans les d\u00e9congestionnants nasaux et les inhalateurs bronchiques.<\/p>\n<p><strong>Pourquoi devriez-vous commander\u00a0Crystal Meth (m\u00e9thamph\u00e9tamine) chez nous\u00a0?<\/strong><\/p>\n<p>Cette drogue relativement courante est rest\u00e9e populaire parmi les consommateurs de drogues r\u00e9cr\u00e9atives car elle agit rapidement et produit une sensation euphorique intense. Comme il est facile \u00e0 fabriquer dans les laboratoires \u00e0 domicile, il existe un flux constant et facilement accessible du produit pour ceux qui deviennent d\u00e9pendants.<\/p>\n<p>Comme l&#8217;amph\u00e9tamine, le crystal meth provoque une activit\u00e9 et une bavardage accrus, une diminution de l&#8217;app\u00e9tit et un d\u00e9licieux sentiment de bien-\u00eatre ou euphorie. Cependant, le crystal meth diff\u00e8re de l&#8217;amph\u00e9tamine en ce sens que, \u00e0 des doses comparables, des quantit\u00e9s beaucoup plus importantes de la substance p\u00e9n\u00e8trent dans le cerveau, ce qui en fait un stimulant plus efficace. Il a \u00e9galement des effets plus durables et plus graves sur le syst\u00e8me nerveux central. Ces propri\u00e9t\u00e9s en font un m\u00e9dicament avec un potentiel important d&#8217;abus g\u00e9n\u00e9ralis\u00e9.<\/p>\n<p>Le crystal meth peut \u00eatre fum\u00e9, sniff\u00e9, aval\u00e9 ou inject\u00e9. Il est souvent utilis\u00e9 lors de f\u00eates car il augmente l&#8217;\u00e9tat d&#8217;\u00e9veil et vous permet de rester alerte plus longtemps que la normale.<\/p>\n<p>La forte ru\u00e9e que les gens ressentent en consommant de la m\u00e9thamph\u00e9tamine en fait devenir accro d\u00e8s le d\u00e9but. Lorsqu&#8217;il est utilis\u00e9, un produit chimique appel\u00e9 dopamine inonde les parties du cerveau qui r\u00e9gulent les sensations de plaisir. Les utilisateurs se sentent \u00e9galement confiants et \u00e9nergiques.<\/p>\n<p>Vous pouvez commander du Crystal Meth en ligne dans notre <a href=\"https:\/\/gooddealersmeds.com\/fr\/products\/\">magasin<\/a> avec une exp\u00e9dition en toute s\u00e9curit\u00e9 sur l&#8217;Europe. Acheter de la m\u00e9thamph\u00e9tamine en ligne<\/p>\n","protected":false},"excerpt":{"rendered":"<p>Meilleur magasin pour commander du verre. Vous pouvez acheter du <strong>crystal meth<\/strong> en ligne d\u00e8s maintenant et vous le faire livrer le lendemain. La forme la plus r\u00e9cente ou la plus r\u00e9cente de m\u00e9thamph\u00e9tamine en cristaux est presque pure \u00e0 100 %. Il est inodore et peut \u00eatre fum\u00e9 dans des pipes en verre.<\/p>\n<p>Nous fournissons des produits de haute puret\u00e9 avec un syst\u00e8me d&#8217;exp\u00e9dition tr\u00e8s bon et discret. Avec une exp\u00e9rience de 12 ans dans la livraison de produits chimiques de recherche\u00a0; nous nous concentrons sur la s\u00e9curit\u00e9.<\/p>\n<p>Nous sommes fiables, dignes de confiance, une livraison rapide et des produits de haute qualit\u00e9 uniquement \u00e0 un prix abordable.<\/p>\n","protected":false},"featured_media":1626,"comment_status":"open","ping_status":"closed","template":"","meta":{"inline_featured_image":false},"product_brand":[],"product_cat":[343],"product_tag":[179,107,168,177,172,166,167,164,165,175,178,169,176,183,108,181,182,170,174,171,173,184,180],"class_list":{"0":"post-1615","1":"product","2":"type-product","3":"status-publish","4":"has-post-thumbnail","6":"product_cat-les-autres","7":"product_tag-achat","8":"product_tag-acheter","9":"product_tag-acheter-mthamphtamine","10":"product_tag-achat-crystal-methamphetamine","11":"product_tag-acheter-des-produits-chimiques-de-recherche-en-ligne-acheter-du-crystal-meth","12":"product_tag-acheter-meth-cristal","13":"product_tag-acheter-meth-crystal-methamphetamine-en-ligne","14":"product_tag-acheter-meth-crystal-methamphetamine-en-ligne-pas-cher","15":"product_tag-acheter-meth-crystal-en-ligne","16":"product_tag-commander-de-la-mthamphtamine","17":"product_tag-commander-cristal-mthamphtamine","18":"product_tag-commander-mthamphtamine-en-ligne","19":"product_tag-commande-crystal-meth-en-ligne","20":"product_tag-crystal","21":"product_tag-en-ligne","22":"product_tag-meth","23":"product_tag-mthamphtamine","24":"product_tag-mthamphtamine--vendre","25":"product_tag-mthamphtamine--vendre-en-ligne","26":"product_tag-o-acheter-de-la-mthamphtamine","27":"product_tag-o-acheter-la-crystal-meth","28":"product_tag-poudre","29":"product_tag-sr","30":"pa_grams-1-kg-1000-g","31":"pa_grams-100-g","32":"pa_grams-20-g","33":"pa_grams-200-g","34":"pa_grams-250-g","35":"pa_grams-35-g","36":"pa_grams-50-g","37":"pa_grams-500-g","39":"first","40":"instock","41":"featured","42":"shipping-taxable","43":"purchasable","44":"product-type-variable","45":"has-default-attributes"},"yoast_head":"<!-- This site is optimized with the Yoast SEO Premium plugin v20.6 (Yoast SEO v27.3) - https:\/\/yoast.com\/product\/yoast-seo-premium-wordpress\/ -->\n<title>Acheter de la m\u00e9thamph\u00e9tamine en ligne (m\u00e9thamph\u00e9tamine)<\/title>\n<meta name=\"description\" content=\"Acheter de la m\u00e9thamph\u00e9tamine en ligne aupr\u00e8s de bons revendeurs Meds. Nous livrons des exp\u00e9ditions s\u00fbres et s\u00e9curis\u00e9es aux \u00c9tats-Unis, au Canada et dans le monde.\" \/>\n<meta name=\"robots\" content=\"index, follow, max-snippet:-1, max-image-preview:large, max-video-preview:-1\" \/>\n<link rel=\"canonical\" href=\"https:\/\/gooddealersmeds.com\/fr\/product\/acheter-crystal-meth-methamphetamine-en-ligne\/\" \/>\n<meta property=\"og:locale\" content=\"en_US\" \/>\n<meta property=\"og:type\" content=\"article\" \/>\n<meta property=\"og:title\" content=\"Acheter du Crystal Meth (m\u00e9thamph\u00e9tamine) en ligne\" \/>\n<meta property=\"og:description\" content=\"Acheter de la m\u00e9thamph\u00e9tamine en ligne aupr\u00e8s de bons revendeurs Meds. Nous livrons des exp\u00e9ditions s\u00fbres et s\u00e9curis\u00e9es aux \u00c9tats-Unis, au Canada et dans le monde.\" \/>\n<meta property=\"og:url\" content=\"https:\/\/gooddealersmeds.com\/fr\/product\/acheter-crystal-meth-methamphetamine-en-ligne\/\" \/>\n<meta property=\"og:site_name\" content=\"Good Dealers Meds\" \/>\n<meta property=\"article:modified_time\" content=\"2023-01-08T10:52:00+00:00\" \/>\n<meta property=\"og:image\" content=\"https:\/\/gooddealersmeds.com\/fr\/wp-content\/uploads\/sites\/5\/2022\/03\/Buy-Crystal-Meth-Online.jpg\" \/>\n\t<meta property=\"og:image:width\" content=\"600\" \/>\n\t<meta property=\"og:image:height\" content=\"600\" \/>\n\t<meta property=\"og:image:type\" content=\"image\/jpeg\" \/>\n<meta name=\"twitter:card\" content=\"summary_large_image\" \/>\n<meta name=\"twitter:label1\" content=\"Est. reading time\" \/>\n\t<meta name=\"twitter:data1\" content=\"3 minutes\" \/>\n<script type=\"application\/ld+json\" class=\"yoast-schema-graph\">{\"@context\":\"https:\\\/\\\/schema.org\",\"@graph\":[{\"@type\":\"WebPage\",\"@id\":\"https:\\\/\\\/gooddealersmeds.com\\\/fr\\\/product\\\/acheter-crystal-meth-methamphetamine-en-ligne\\\/\",\"url\":\"https:\\\/\\\/gooddealersmeds.com\\\/fr\\\/product\\\/acheter-crystal-meth-methamphetamine-en-ligne\\\/\",\"name\":\"Acheter de la m\u00e9thamph\u00e9tamine en ligne (m\u00e9thamph\u00e9tamine)\",\"isPartOf\":{\"@id\":\"https:\\\/\\\/gooddealersmeds.com\\\/fr\\\/#website\"},\"primaryImageOfPage\":{\"@id\":\"https:\\\/\\\/gooddealersmeds.com\\\/fr\\\/product\\\/acheter-crystal-meth-methamphetamine-en-ligne\\\/#primaryimage\"},\"image\":{\"@id\":\"https:\\\/\\\/gooddealersmeds.com\\\/fr\\\/product\\\/acheter-crystal-meth-methamphetamine-en-ligne\\\/#primaryimage\"},\"thumbnailUrl\":\"https:\\\/\\\/gooddealersmeds.com\\\/fr\\\/wp-content\\\/uploads\\\/sites\\\/5\\\/2022\\\/03\\\/Buy-Crystal-Meth-Online.jpg\",\"datePublished\":\"2022-03-19T00:11:34+00:00\",\"dateModified\":\"2023-01-08T10:52:00+00:00\",\"description\":\"Acheter de la m\u00e9thamph\u00e9tamine en ligne aupr\u00e8s de bons revendeurs Meds. Nous livrons des exp\u00e9ditions s\u00fbres et s\u00e9curis\u00e9es aux \u00c9tats-Unis, au Canada et dans le monde.\",\"breadcrumb\":{\"@id\":\"https:\\\/\\\/gooddealersmeds.com\\\/fr\\\/product\\\/acheter-crystal-meth-methamphetamine-en-ligne\\\/#breadcrumb\"},\"inLanguage\":\"en-US\",\"potentialAction\":[{\"@type\":\"ReadAction\",\"target\":[\"https:\\\/\\\/gooddealersmeds.com\\\/fr\\\/product\\\/acheter-crystal-meth-methamphetamine-en-ligne\\\/\"]}]},{\"@type\":\"ImageObject\",\"inLanguage\":\"en-US\",\"@id\":\"https:\\\/\\\/gooddealersmeds.com\\\/fr\\\/product\\\/acheter-crystal-meth-methamphetamine-en-ligne\\\/#primaryimage\",\"url\":\"https:\\\/\\\/gooddealersmeds.com\\\/fr\\\/wp-content\\\/uploads\\\/sites\\\/5\\\/2022\\\/03\\\/Buy-Crystal-Meth-Online.jpg\",\"contentUrl\":\"https:\\\/\\\/gooddealersmeds.com\\\/fr\\\/wp-content\\\/uploads\\\/sites\\\/5\\\/2022\\\/03\\\/Buy-Crystal-Meth-Online.jpg\",\"width\":600,\"height\":600,\"caption\":\"Buy Crystal Meth Online\"},{\"@type\":\"BreadcrumbList\",\"@id\":\"https:\\\/\\\/gooddealersmeds.com\\\/fr\\\/product\\\/acheter-crystal-meth-methamphetamine-en-ligne\\\/#breadcrumb\",\"itemListElement\":[{\"@type\":\"ListItem\",\"position\":1,\"name\":\"Home\",\"item\":\"https:\\\/\\\/gooddealersmeds.com\\\/fr\\\/\"},{\"@type\":\"ListItem\",\"position\":2,\"name\":\"Des produits\",\"item\":\"https:\\\/\\\/gooddealersmeds.com\\\/fr\\\/des-produits\\\/\"},{\"@type\":\"ListItem\",\"position\":3,\"name\":\"Acheter du Crystal Meth (m\u00e9thamph\u00e9tamine) en ligne\"}]},{\"@type\":\"WebSite\",\"@id\":\"https:\\\/\\\/gooddealersmeds.com\\\/fr\\\/#website\",\"url\":\"https:\\\/\\\/gooddealersmeds.com\\\/fr\\\/\",\"name\":\"Good Dealers Meds\",\"description\":\"All our best\",\"publisher\":{\"@id\":\"https:\\\/\\\/gooddealersmeds.com\\\/fr\\\/#organization\"},\"potentialAction\":[{\"@type\":\"SearchAction\",\"target\":{\"@type\":\"EntryPoint\",\"urlTemplate\":\"https:\\\/\\\/gooddealersmeds.com\\\/fr\\\/?s={search_term_string}\"},\"query-input\":{\"@type\":\"PropertyValueSpecification\",\"valueRequired\":true,\"valueName\":\"search_term_string\"}}],\"inLanguage\":\"en-US\"},{\"@type\":\"Organization\",\"@id\":\"https:\\\/\\\/gooddealersmeds.com\\\/fr\\\/#organization\",\"name\":\"Good Dealers Meds\",\"url\":\"https:\\\/\\\/gooddealersmeds.com\\\/fr\\\/\",\"logo\":{\"@type\":\"ImageObject\",\"inLanguage\":\"en-US\",\"@id\":\"https:\\\/\\\/gooddealersmeds.com\\\/fr\\\/#\\\/schema\\\/logo\\\/image\\\/\",\"url\":\"https:\\\/\\\/gooddealersmeds.com\\\/fr\\\/wp-content\\\/uploads\\\/sites\\\/5\\\/2022\\\/03\\\/gooddealersmeds__logo__20220317T222800Z.00.png\",\"contentUrl\":\"https:\\\/\\\/gooddealersmeds.com\\\/fr\\\/wp-content\\\/uploads\\\/sites\\\/5\\\/2022\\\/03\\\/gooddealersmeds__logo__20220317T222800Z.00.png\",\"width\":500,\"height\":325,\"caption\":\"Good Dealers Meds\"},\"image\":{\"@id\":\"https:\\\/\\\/gooddealersmeds.com\\\/fr\\\/#\\\/schema\\\/logo\\\/image\\\/\"}}]}<\/script>\n<!-- \/ Yoast SEO Premium plugin. -->","yoast_head_json":{"title":"Acheter de la m\u00e9thamph\u00e9tamine en ligne (m\u00e9thamph\u00e9tamine)","description":"Acheter de la m\u00e9thamph\u00e9tamine en ligne aupr\u00e8s de bons revendeurs Meds. Nous livrons des exp\u00e9ditions s\u00fbres et s\u00e9curis\u00e9es aux \u00c9tats-Unis, au Canada et dans le monde.","robots":{"index":"index","follow":"follow","max-snippet":"max-snippet:-1","max-image-preview":"max-image-preview:large","max-video-preview":"max-video-preview:-1"},"canonical":"https:\/\/gooddealersmeds.com\/fr\/product\/acheter-crystal-meth-methamphetamine-en-ligne\/","og_locale":"en_US","og_type":"article","og_title":"Acheter du Crystal Meth (m\u00e9thamph\u00e9tamine) en ligne","og_description":"Acheter de la m\u00e9thamph\u00e9tamine en ligne aupr\u00e8s de bons revendeurs Meds. Nous livrons des exp\u00e9ditions s\u00fbres et s\u00e9curis\u00e9es aux \u00c9tats-Unis, au Canada et dans le monde.","og_url":"https:\/\/gooddealersmeds.com\/fr\/product\/acheter-crystal-meth-methamphetamine-en-ligne\/","og_site_name":"Good Dealers Meds","article_modified_time":"2023-01-08T10:52:00+00:00","og_image":[{"width":600,"height":600,"url":"https:\/\/gooddealersmeds.com\/fr\/wp-content\/uploads\/sites\/5\/2022\/03\/Buy-Crystal-Meth-Online.jpg","type":"image\/jpeg"}],"twitter_card":"summary_large_image","twitter_misc":{"Est. reading time":"3 minutes"},"schema":{"@context":"https:\/\/schema.org","@graph":[{"@type":"WebPage","@id":"https:\/\/gooddealersmeds.com\/fr\/product\/acheter-crystal-meth-methamphetamine-en-ligne\/","url":"https:\/\/gooddealersmeds.com\/fr\/product\/acheter-crystal-meth-methamphetamine-en-ligne\/","name":"Acheter de la m\u00e9thamph\u00e9tamine en ligne (m\u00e9thamph\u00e9tamine)","isPartOf":{"@id":"https:\/\/gooddealersmeds.com\/fr\/#website"},"primaryImageOfPage":{"@id":"https:\/\/gooddealersmeds.com\/fr\/product\/acheter-crystal-meth-methamphetamine-en-ligne\/#primaryimage"},"image":{"@id":"https:\/\/gooddealersmeds.com\/fr\/product\/acheter-crystal-meth-methamphetamine-en-ligne\/#primaryimage"},"thumbnailUrl":"https:\/\/gooddealersmeds.com\/fr\/wp-content\/uploads\/sites\/5\/2022\/03\/Buy-Crystal-Meth-Online.jpg","datePublished":"2022-03-19T00:11:34+00:00","dateModified":"2023-01-08T10:52:00+00:00","description":"Acheter de la m\u00e9thamph\u00e9tamine en ligne aupr\u00e8s de bons revendeurs Meds. Nous livrons des exp\u00e9ditions s\u00fbres et s\u00e9curis\u00e9es aux \u00c9tats-Unis, au Canada et dans le monde.","breadcrumb":{"@id":"https:\/\/gooddealersmeds.com\/fr\/product\/acheter-crystal-meth-methamphetamine-en-ligne\/#breadcrumb"},"inLanguage":"en-US","potentialAction":[{"@type":"ReadAction","target":["https:\/\/gooddealersmeds.com\/fr\/product\/acheter-crystal-meth-methamphetamine-en-ligne\/"]}]},{"@type":"ImageObject","inLanguage":"en-US","@id":"https:\/\/gooddealersmeds.com\/fr\/product\/acheter-crystal-meth-methamphetamine-en-ligne\/#primaryimage","url":"https:\/\/gooddealersmeds.com\/fr\/wp-content\/uploads\/sites\/5\/2022\/03\/Buy-Crystal-Meth-Online.jpg","contentUrl":"https:\/\/gooddealersmeds.com\/fr\/wp-content\/uploads\/sites\/5\/2022\/03\/Buy-Crystal-Meth-Online.jpg","width":600,"height":600,"caption":"Buy Crystal Meth Online"},{"@type":"BreadcrumbList","@id":"https:\/\/gooddealersmeds.com\/fr\/product\/acheter-crystal-meth-methamphetamine-en-ligne\/#breadcrumb","itemListElement":[{"@type":"ListItem","position":1,"name":"Home","item":"https:\/\/gooddealersmeds.com\/fr\/"},{"@type":"ListItem","position":2,"name":"Des produits","item":"https:\/\/gooddealersmeds.com\/fr\/des-produits\/"},{"@type":"ListItem","position":3,"name":"Acheter du Crystal Meth (m\u00e9thamph\u00e9tamine) en ligne"}]},{"@type":"WebSite","@id":"https:\/\/gooddealersmeds.com\/fr\/#website","url":"https:\/\/gooddealersmeds.com\/fr\/","name":"Good Dealers Meds","description":"All our best","publisher":{"@id":"https:\/\/gooddealersmeds.com\/fr\/#organization"},"potentialAction":[{"@type":"SearchAction","target":{"@type":"EntryPoint","urlTemplate":"https:\/\/gooddealersmeds.com\/fr\/?s={search_term_string}"},"query-input":{"@type":"PropertyValueSpecification","valueRequired":true,"valueName":"search_term_string"}}],"inLanguage":"en-US"},{"@type":"Organization","@id":"https:\/\/gooddealersmeds.com\/fr\/#organization","name":"Good Dealers Meds","url":"https:\/\/gooddealersmeds.com\/fr\/","logo":{"@type":"ImageObject","inLanguage":"en-US","@id":"https:\/\/gooddealersmeds.com\/fr\/#\/schema\/logo\/image\/","url":"https:\/\/gooddealersmeds.com\/fr\/wp-content\/uploads\/sites\/5\/2022\/03\/gooddealersmeds__logo__20220317T222800Z.00.png","contentUrl":"https:\/\/gooddealersmeds.com\/fr\/wp-content\/uploads\/sites\/5\/2022\/03\/gooddealersmeds__logo__20220317T222800Z.00.png","width":500,"height":325,"caption":"Good Dealers Meds"},"image":{"@id":"https:\/\/gooddealersmeds.com\/fr\/#\/schema\/logo\/image\/"}}]}},"_links":{"self":[{"href":"https:\/\/gooddealersmeds.com\/fr\/wp-json\/wp\/v2\/product\/1615","targetHints":{"allow":["GET"]}}],"collection":[{"href":"https:\/\/gooddealersmeds.com\/fr\/wp-json\/wp\/v2\/product"}],"about":[{"href":"https:\/\/gooddealersmeds.com\/fr\/wp-json\/wp\/v2\/types\/product"}],"replies":[{"embeddable":true,"href":"https:\/\/gooddealersmeds.com\/fr\/wp-json\/wp\/v2\/comments?post=1615"}],"wp:featuredmedia":[{"embeddable":true,"href":"https:\/\/gooddealersmeds.com\/fr\/wp-json\/wp\/v2\/media\/1626"}],"wp:attachment":[{"href":"https:\/\/gooddealersmeds.com\/fr\/wp-json\/wp\/v2\/media?parent=1615"}],"wp:term":[{"taxonomy":"product_brand","embeddable":true,"href":"https:\/\/gooddealersmeds.com\/fr\/wp-json\/wp\/v2\/product_brand?post=1615"},{"taxonomy":"product_cat","embeddable":true,"href":"https:\/\/gooddealersmeds.com\/fr\/wp-json\/wp\/v2\/product_cat?post=1615"},{"taxonomy":"product_tag","embeddable":true,"href":"https:\/\/gooddealersmeds.com\/fr\/wp-json\/wp\/v2\/product_tag?post=1615"}],"curies":[{"name":"wp","href":"https:\/\/api.w.org\/{rel}","templated":true}]}}