{"id":1605,"date":"2022-03-19T00:01:04","date_gmt":"2022-03-19T00:01:04","guid":{"rendered":"https:\/\/gooddealersmeds.com\/fr\/?post_type=product&#038;p=1605"},"modified":"2023-01-08T11:12:21","modified_gmt":"2023-01-08T11:12:21","slug":"acheter-4mmc-mephedrone-en-ligne","status":"publish","type":"product","link":"https:\/\/gooddealersmeds.com\/fr\/product\/acheter-4mmc-mephedrone-en-ligne\/","title":{"rendered":"Acheter 4MMC ( M\u00e9ph\u00e9drone ) en ligne"},"content":{"rendered":"<h2>Qualit\u00e9 4MMC (m\u00e9ph\u00e9drone) \u00e0 vendre en ligne chez Good Dealers Meds<\/h2>\n<p>Acheter de la m\u00e9ph\u00e9drone en ligne sur notre site Web avec ou sans ordonnance. Nous fournissons des produits chimiques de recherche de haute qualit\u00e9. Nos produits chimiques sont purs \u00e0 99,5 % et ont \u00e9t\u00e9 normalis\u00e9s \u00e0 la fois pour la recherche et pour un usage personnel. Nous vendons \u00e0 des prix tr\u00e8s bas et offrons des rabais de gros. Parce que nous avons un acc\u00e8s direct \u00e0 une usine de fabrication, nos produits chimiques de recherche sont \u00e0 des prix tr\u00e8s comp\u00e9titifs.<\/p>\n<p>M\u00e9ph\u00e9drone <a href=\"https:\/\/gooddealersmeds.com\/fr\/product\/buy-4mmc-mephedrone- en ligne\/\">4MMC \u00e0 vendre<\/a> en ligne. Elle est aussi appel\u00e9e 4-m\u00e9thylm\u00e9thcathinone (4-MMC), ou 4-m\u00e9thyl\u00e9ph\u00e9drone, et ne doit pas \u00eatre confondue<br \/>\navec la m\u00e9thadone, qui est une substance totalement diff\u00e9rente. C&#8217;est un produit chimique chiral et ses deux mol\u00e9cules ont une puissance similaire \u00e0 celle des substrats de transporteur de dopamine. La R-M\u00e9ph\u00e9drone est un substrat significativement plus faible que la S-M\u00e9ph\u00e9drone. La m\u00e9ph\u00e9drone est disponible \u00e0 l&#8217;achat en ligne.<\/p>\n<p>La m\u00e9ph\u00e9drone (4-MMC) est largement utilis\u00e9e en conjonction avec de l&#8217;alcool. Une \u00e9tude sur la souris a examin\u00e9 l&#8217;interaction de ces deux m\u00e9dicaments et s&#8217;est concentr\u00e9e sur les caract\u00e9ristiques psychostimulantes et de r\u00e9compense du 4-MMC. Il a \u00e9t\u00e9 r\u00e9v\u00e9l\u00e9 que de faibles doses d&#8217;alcool (non \u00e9nergisant) am\u00e9lioraient fondamentalement les effets psychostimulants du 4-MMC. Cet effet a \u00e9t\u00e9 att\u00e9nu\u00e9 par une augmentation de la dopamine synaptique, puisque l&#8217;halop\u00e9ridol, mais pas la k\u00e9tans\u00e9rine, avait la capacit\u00e9 d&#8217;emp\u00eacher la potentialisation par la liqueur. Une portion mineure et non compensatrice de liqueur a \u00e9galement \u00e9t\u00e9 ajout\u00e9e aux propri\u00e9t\u00e9s r\u00e9mun\u00e9ratrices de la 4-MMC.<\/p>\n<p>La m\u00e9ph\u00e9drone, comme les autres ph\u00e9nyl\u00e9thylamines, fonctionne comme un substrat de transport de la dopamine (DA) et de la s\u00e9rotonine (5-HT), interrompant stockage v\u00e9siculaire et augmentant significativement les niveaux de dopamine et de s\u00e9rotonine, entra\u00eenant de puissants effets psychostimulants, \u00e9nactog\u00e8nes et hallucinog\u00e8nes.<\/p>\n<h3><strong>Acheter 4MMC ( M\u00e9ph\u00e9drone ) en ligne &#8211; Les utilisateurs de m\u00e9ph\u00e9drone disent qu&#8217;elle procure une sensation de stimulation et qu&#8217;elle renforce les fonctions suivantes :<\/strong><\/h3>\n<ul>\n<li>Vigilance<\/li>\n<li>Agitation<\/li>\n<li>Euphorie<\/li>\n<li>Excitation<\/li>\n<li>L&#8217;envie de parler<\/li>\n<li>Ouverture<\/li>\n<li>Le d\u00e9sir sexuel<\/li>\n<\/ul>\n<p>Commander de la m\u00e9ph\u00e9drone (4-MMC) en ligne est toujours une bonne d\u00e9cision car cela vous permet d&#8217;\u00e9conomiser du temps et de l&#8217;argent. Et le seul moyen fiable d&#8217;acheter de la m\u00e9ph\u00e9drone (4-MMC) en ligne est de se connecter avec une pharmacie en ligne. Vous pouvez vous attendre \u00e0 des produits de qualit\u00e9 sup\u00e9rieure et \u00e0 une livraison rapide de leur part et ne ressentez aucun fardeau d&#8217;aucune sorte.<\/p>\n<p>Vous pouvez facilement acheter de la m\u00e9ph\u00e9drone en ligne sur notre <a href=\"https:\/\/gooddealersmeds.com\/fr \/produits\/\">site Web<\/a> avec ou sans ordonnance.<\/p>\n<p>&nbsp;<\/p>\n","protected":false},"excerpt":{"rendered":"<p><strong>Nous sommes l\u00e0 pour vous aider avec tous vos besoins et exigences. Entrez en contact facilement avec notre boutique en ligne et effectuez votre achat confortablement. Vos exigences sont d\u00e9sormais \u00e0 port\u00e9e de clic. Connectez-vous avec nous imm\u00e9diatement! (Acheter Mephedrone 4MMC)<\/strong><\/p>\n<p>Nous fournissons des produits de haute puret\u00e9 avec un syst\u00e8me d&#8217;exp\u00e9dition tr\u00e8s bon et discret. Avec une exp\u00e9rience de 12 ans dans la livraison de produits chimiques de recherche\u00a0; nous nous concentrons sur la s\u00e9curit\u00e9.<\/p>\n","protected":false},"featured_media":1698,"comment_status":"open","ping_status":"closed","template":"","meta":{"inline_featured_image":false},"product_brand":[],"product_cat":[343],"product_tag":[158,161,120,121,107,116,122,126,117,129,137,156,130,155,134,144,142,135,131,133,160,132,143,139,149,105,118,147,127,108,104,109,141,128,125,110,163,157,162,138,152,146,154,119,123,150,145,136,151,148,159,106,124],"class_list":{"0":"post-1605","1":"product","2":"type-product","3":"status-publish","4":"has-post-thumbnail","6":"product_cat-les-autres","7":"product_tag-4-mmc-mphdrone","8":"product_tag-4-mthylmthcathinone-mphdrone","9":"product_tag-4mmc-mphdrone--vendre","10":"product_tag-4mmc-mphdrone--vendre-aux-etats-unis","11":"product_tag-acheter","12":"product_tag-acheter-4mmc-mphdrone-en-ligne-acheter-mphdrone","13":"product_tag-acheter-4mmc-mphdrone-en-ligne-maintenant","14":"product_tag-acheter-4mmc-mphdrone-en-ligne-usa","15":"product_tag-acheter-4mmc-mphdrone-prs-de-moi","16":"product_tag-acheter-mphdrone-4mmc-acheter-en-ligne-mphdrone","17":"product_tag-acheter-mphdrone-de-chine","18":"product_tag-acheter-mphdrone-en-gros","19":"product_tag-acheter-nourriture-pour-plantes-mephedrone","20":"product_tag-acheter-nourriture-plante-en-ligne-mephedrone","21":"product_tag-acheter-mphdrone-aliments-plantes-fournisseur-en-ligne","22":"product_tag-acheter-mphdrone-plante-nourriture-pour-plante-de-marijuana","23":"product_tag-acheter-mphdrone-poudre","24":"product_tag-acheter-mphdrone-sels-de-bain","25":"product_tag-acheter-mphdrone-en-ligne","26":"product_tag-acheter-mphdrone-en-ligne-usa","27":"product_tag-acheter-engrais-pour-plantes-mephedrone","28":"product_tag-acheter-mephedrone-republique-tcheque","29":"product_tag-acheter-mephedrone-usa-mastercard","30":"product_tag-mphdrone-plante-nourriture","31":"product_tag-best-site-to-buy-mephedrone","32":"product_tag-canada","33":"product_tag-comment-acheter-4mmc-mephedrone-en-ligne","34":"product_tag-comment-acheter-de-la-mphdrone-en-ligne","35":"product_tag-comment-commander-4mmc-mphdrone","36":"product_tag-en-ligne","37":"product_tag-etats-unis","38":"product_tag-fournisseurs","39":"product_tag-fournisseurs-aliments-vegetaux-mephedrone","40":"product_tag-is-4mmc-mephedrone-au-canada","41":"product_tag-is-4mmc-mephedrone-legal-in-usa","42":"product_tag-livraison-en-toute-scurit","43":"product_tag-mdicaments-forum-mephedrone","44":"product_tag-mphdrone-4-mmc","45":"product_tag-mphdrone-4-mthylmthcathinone","46":"product_tag-mphdrone--vendre","47":"product_tag-mphdrone-acheter-en-ligne-usa","48":"product_tag-mephedrone-to-buy","49":"product_tag-mphdrone-nourriture-plante-achat-en-ligne","50":"product_tag-o-acheter-4mmc-mphdrone","51":"product_tag-o-acheter-4mmc-mphdrone-en-ligne","52":"product_tag-o-acheter-de-la-mphdrone-aux-etats-unis","53":"product_tag-o-puis-je-acheter-de-la-mphdrone","54":"product_tag-o-puis-je-acheter-mephedrone-uk","55":"product_tag-o-puis-je-acheter-de-la-mphdrone-aux-etats-unis","56":"product_tag-o-puis-je-acheter-de-la-mphdrone-en-ligne","57":"product_tag-renifler-mphdrone","58":"product_tag-royaume-uni","59":"product_tag-vous-pouvez-toujours-obtenir-4mmc-mphdrone","60":"pa_grams-1-kg-1000-g","61":"pa_grams-100-g","62":"pa_grams-20-g","63":"pa_grams-200-g","64":"pa_grams-250-g","65":"pa_grams-35-g","66":"pa_grams-50-g","67":"pa_grams-500-g","69":"first","70":"instock","71":"featured","72":"shipping-taxable","73":"purchasable","74":"product-type-variable","75":"has-default-attributes"},"yoast_head":"<!-- This site is optimized with the Yoast SEO Premium plugin v20.6 (Yoast SEO v27.3) - https:\/\/yoast.com\/product\/yoast-seo-premium-wordpress\/ -->\n<title>Acheter de la m\u00e9ph\u00e9drone en ligne (4MMC) | M\u00e9ph\u00e9drone \u00e0 vendre<\/title>\n<meta name=\"description\" content=\"Acheter de la m\u00e9ph\u00e9drone en ligne (4MMC). M\u00e9decine de l&#039;anxi\u00e9t\u00e9 de qualit\u00e9 et produits chimiques de recherche disponibles \u00e0 l&#039;achat en ligne chez Good Dealers Meds.\" \/>\n<meta name=\"robots\" content=\"index, follow, max-snippet:-1, max-image-preview:large, max-video-preview:-1\" \/>\n<link rel=\"canonical\" href=\"https:\/\/gooddealersmeds.com\/fr\/product\/acheter-4mmc-mephedrone-en-ligne\/\" \/>\n<meta property=\"og:locale\" content=\"en_US\" \/>\n<meta property=\"og:type\" content=\"article\" \/>\n<meta property=\"og:title\" content=\"Acheter 4MMC ( M\u00e9ph\u00e9drone ) en ligne\" \/>\n<meta property=\"og:description\" content=\"Acheter de la m\u00e9ph\u00e9drone en ligne (4MMC). M\u00e9decine de l&#039;anxi\u00e9t\u00e9 de qualit\u00e9 et produits chimiques de recherche disponibles \u00e0 l&#039;achat en ligne chez Good Dealers Meds.\" \/>\n<meta property=\"og:url\" content=\"https:\/\/gooddealersmeds.com\/fr\/product\/acheter-4mmc-mephedrone-en-ligne\/\" \/>\n<meta property=\"og:site_name\" content=\"Good Dealers Meds\" \/>\n<meta property=\"article:modified_time\" content=\"2023-01-08T11:12:21+00:00\" \/>\n<meta property=\"og:image\" content=\"https:\/\/gooddealersmeds.com\/fr\/wp-content\/uploads\/sites\/5\/2022\/03\/ff.jpg\" \/>\n\t<meta property=\"og:image:width\" content=\"550\" \/>\n\t<meta property=\"og:image:height\" content=\"412\" \/>\n\t<meta property=\"og:image:type\" content=\"image\/jpeg\" \/>\n<meta name=\"twitter:card\" content=\"summary_large_image\" \/>\n<meta name=\"twitter:label1\" content=\"Est. reading time\" \/>\n\t<meta name=\"twitter:data1\" content=\"2 minutes\" \/>\n<script type=\"application\/ld+json\" class=\"yoast-schema-graph\">{\"@context\":\"https:\\\/\\\/schema.org\",\"@graph\":[{\"@type\":\"WebPage\",\"@id\":\"https:\\\/\\\/gooddealersmeds.com\\\/fr\\\/product\\\/acheter-4mmc-mephedrone-en-ligne\\\/\",\"url\":\"https:\\\/\\\/gooddealersmeds.com\\\/fr\\\/product\\\/acheter-4mmc-mephedrone-en-ligne\\\/\",\"name\":\"Acheter de la m\u00e9ph\u00e9drone en ligne (4MMC) | M\u00e9ph\u00e9drone \u00e0 vendre\",\"isPartOf\":{\"@id\":\"https:\\\/\\\/gooddealersmeds.com\\\/fr\\\/#website\"},\"primaryImageOfPage\":{\"@id\":\"https:\\\/\\\/gooddealersmeds.com\\\/fr\\\/product\\\/acheter-4mmc-mephedrone-en-ligne\\\/#primaryimage\"},\"image\":{\"@id\":\"https:\\\/\\\/gooddealersmeds.com\\\/fr\\\/product\\\/acheter-4mmc-mephedrone-en-ligne\\\/#primaryimage\"},\"thumbnailUrl\":\"https:\\\/\\\/gooddealersmeds.com\\\/fr\\\/wp-content\\\/uploads\\\/sites\\\/5\\\/2022\\\/03\\\/ff.jpg\",\"datePublished\":\"2022-03-19T00:01:04+00:00\",\"dateModified\":\"2023-01-08T11:12:21+00:00\",\"description\":\"Acheter de la m\u00e9ph\u00e9drone en ligne (4MMC). M\u00e9decine de l'anxi\u00e9t\u00e9 de qualit\u00e9 et produits chimiques de recherche disponibles \u00e0 l'achat en ligne chez Good Dealers Meds.\",\"breadcrumb\":{\"@id\":\"https:\\\/\\\/gooddealersmeds.com\\\/fr\\\/product\\\/acheter-4mmc-mephedrone-en-ligne\\\/#breadcrumb\"},\"inLanguage\":\"en-US\",\"potentialAction\":[{\"@type\":\"ReadAction\",\"target\":[\"https:\\\/\\\/gooddealersmeds.com\\\/fr\\\/product\\\/acheter-4mmc-mephedrone-en-ligne\\\/\"]}]},{\"@type\":\"ImageObject\",\"inLanguage\":\"en-US\",\"@id\":\"https:\\\/\\\/gooddealersmeds.com\\\/fr\\\/product\\\/acheter-4mmc-mephedrone-en-ligne\\\/#primaryimage\",\"url\":\"https:\\\/\\\/gooddealersmeds.com\\\/fr\\\/wp-content\\\/uploads\\\/sites\\\/5\\\/2022\\\/03\\\/ff.jpg\",\"contentUrl\":\"https:\\\/\\\/gooddealersmeds.com\\\/fr\\\/wp-content\\\/uploads\\\/sites\\\/5\\\/2022\\\/03\\\/ff.jpg\",\"width\":550,\"height\":412,\"caption\":\"Buy 4MMC Mephedrone Online\"},{\"@type\":\"BreadcrumbList\",\"@id\":\"https:\\\/\\\/gooddealersmeds.com\\\/fr\\\/product\\\/acheter-4mmc-mephedrone-en-ligne\\\/#breadcrumb\",\"itemListElement\":[{\"@type\":\"ListItem\",\"position\":1,\"name\":\"Home\",\"item\":\"https:\\\/\\\/gooddealersmeds.com\\\/fr\\\/\"},{\"@type\":\"ListItem\",\"position\":2,\"name\":\"Des produits\",\"item\":\"https:\\\/\\\/gooddealersmeds.com\\\/fr\\\/des-produits\\\/\"},{\"@type\":\"ListItem\",\"position\":3,\"name\":\"Acheter 4MMC ( M\u00e9ph\u00e9drone ) en ligne\"}]},{\"@type\":\"WebSite\",\"@id\":\"https:\\\/\\\/gooddealersmeds.com\\\/fr\\\/#website\",\"url\":\"https:\\\/\\\/gooddealersmeds.com\\\/fr\\\/\",\"name\":\"Good Dealers Meds\",\"description\":\"All our best\",\"publisher\":{\"@id\":\"https:\\\/\\\/gooddealersmeds.com\\\/fr\\\/#organization\"},\"potentialAction\":[{\"@type\":\"SearchAction\",\"target\":{\"@type\":\"EntryPoint\",\"urlTemplate\":\"https:\\\/\\\/gooddealersmeds.com\\\/fr\\\/?s={search_term_string}\"},\"query-input\":{\"@type\":\"PropertyValueSpecification\",\"valueRequired\":true,\"valueName\":\"search_term_string\"}}],\"inLanguage\":\"en-US\"},{\"@type\":\"Organization\",\"@id\":\"https:\\\/\\\/gooddealersmeds.com\\\/fr\\\/#organization\",\"name\":\"Good Dealers Meds\",\"url\":\"https:\\\/\\\/gooddealersmeds.com\\\/fr\\\/\",\"logo\":{\"@type\":\"ImageObject\",\"inLanguage\":\"en-US\",\"@id\":\"https:\\\/\\\/gooddealersmeds.com\\\/fr\\\/#\\\/schema\\\/logo\\\/image\\\/\",\"url\":\"https:\\\/\\\/gooddealersmeds.com\\\/fr\\\/wp-content\\\/uploads\\\/sites\\\/5\\\/2022\\\/03\\\/gooddealersmeds__logo__20220317T222800Z.00.png\",\"contentUrl\":\"https:\\\/\\\/gooddealersmeds.com\\\/fr\\\/wp-content\\\/uploads\\\/sites\\\/5\\\/2022\\\/03\\\/gooddealersmeds__logo__20220317T222800Z.00.png\",\"width\":500,\"height\":325,\"caption\":\"Good Dealers Meds\"},\"image\":{\"@id\":\"https:\\\/\\\/gooddealersmeds.com\\\/fr\\\/#\\\/schema\\\/logo\\\/image\\\/\"}}]}<\/script>\n<!-- \/ Yoast SEO Premium plugin. -->","yoast_head_json":{"title":"Acheter de la m\u00e9ph\u00e9drone en ligne (4MMC) | M\u00e9ph\u00e9drone \u00e0 vendre","description":"Acheter de la m\u00e9ph\u00e9drone en ligne (4MMC). M\u00e9decine de l'anxi\u00e9t\u00e9 de qualit\u00e9 et produits chimiques de recherche disponibles \u00e0 l'achat en ligne chez Good Dealers Meds.","robots":{"index":"index","follow":"follow","max-snippet":"max-snippet:-1","max-image-preview":"max-image-preview:large","max-video-preview":"max-video-preview:-1"},"canonical":"https:\/\/gooddealersmeds.com\/fr\/product\/acheter-4mmc-mephedrone-en-ligne\/","og_locale":"en_US","og_type":"article","og_title":"Acheter 4MMC ( M\u00e9ph\u00e9drone ) en ligne","og_description":"Acheter de la m\u00e9ph\u00e9drone en ligne (4MMC). M\u00e9decine de l'anxi\u00e9t\u00e9 de qualit\u00e9 et produits chimiques de recherche disponibles \u00e0 l'achat en ligne chez Good Dealers Meds.","og_url":"https:\/\/gooddealersmeds.com\/fr\/product\/acheter-4mmc-mephedrone-en-ligne\/","og_site_name":"Good Dealers Meds","article_modified_time":"2023-01-08T11:12:21+00:00","og_image":[{"width":550,"height":412,"url":"https:\/\/gooddealersmeds.com\/fr\/wp-content\/uploads\/sites\/5\/2022\/03\/ff.jpg","type":"image\/jpeg"}],"twitter_card":"summary_large_image","twitter_misc":{"Est. reading time":"2 minutes"},"schema":{"@context":"https:\/\/schema.org","@graph":[{"@type":"WebPage","@id":"https:\/\/gooddealersmeds.com\/fr\/product\/acheter-4mmc-mephedrone-en-ligne\/","url":"https:\/\/gooddealersmeds.com\/fr\/product\/acheter-4mmc-mephedrone-en-ligne\/","name":"Acheter de la m\u00e9ph\u00e9drone en ligne (4MMC) | M\u00e9ph\u00e9drone \u00e0 vendre","isPartOf":{"@id":"https:\/\/gooddealersmeds.com\/fr\/#website"},"primaryImageOfPage":{"@id":"https:\/\/gooddealersmeds.com\/fr\/product\/acheter-4mmc-mephedrone-en-ligne\/#primaryimage"},"image":{"@id":"https:\/\/gooddealersmeds.com\/fr\/product\/acheter-4mmc-mephedrone-en-ligne\/#primaryimage"},"thumbnailUrl":"https:\/\/gooddealersmeds.com\/fr\/wp-content\/uploads\/sites\/5\/2022\/03\/ff.jpg","datePublished":"2022-03-19T00:01:04+00:00","dateModified":"2023-01-08T11:12:21+00:00","description":"Acheter de la m\u00e9ph\u00e9drone en ligne (4MMC). M\u00e9decine de l'anxi\u00e9t\u00e9 de qualit\u00e9 et produits chimiques de recherche disponibles \u00e0 l'achat en ligne chez Good Dealers Meds.","breadcrumb":{"@id":"https:\/\/gooddealersmeds.com\/fr\/product\/acheter-4mmc-mephedrone-en-ligne\/#breadcrumb"},"inLanguage":"en-US","potentialAction":[{"@type":"ReadAction","target":["https:\/\/gooddealersmeds.com\/fr\/product\/acheter-4mmc-mephedrone-en-ligne\/"]}]},{"@type":"ImageObject","inLanguage":"en-US","@id":"https:\/\/gooddealersmeds.com\/fr\/product\/acheter-4mmc-mephedrone-en-ligne\/#primaryimage","url":"https:\/\/gooddealersmeds.com\/fr\/wp-content\/uploads\/sites\/5\/2022\/03\/ff.jpg","contentUrl":"https:\/\/gooddealersmeds.com\/fr\/wp-content\/uploads\/sites\/5\/2022\/03\/ff.jpg","width":550,"height":412,"caption":"Buy 4MMC Mephedrone Online"},{"@type":"BreadcrumbList","@id":"https:\/\/gooddealersmeds.com\/fr\/product\/acheter-4mmc-mephedrone-en-ligne\/#breadcrumb","itemListElement":[{"@type":"ListItem","position":1,"name":"Home","item":"https:\/\/gooddealersmeds.com\/fr\/"},{"@type":"ListItem","position":2,"name":"Des produits","item":"https:\/\/gooddealersmeds.com\/fr\/des-produits\/"},{"@type":"ListItem","position":3,"name":"Acheter 4MMC ( M\u00e9ph\u00e9drone ) en ligne"}]},{"@type":"WebSite","@id":"https:\/\/gooddealersmeds.com\/fr\/#website","url":"https:\/\/gooddealersmeds.com\/fr\/","name":"Good Dealers Meds","description":"All our best","publisher":{"@id":"https:\/\/gooddealersmeds.com\/fr\/#organization"},"potentialAction":[{"@type":"SearchAction","target":{"@type":"EntryPoint","urlTemplate":"https:\/\/gooddealersmeds.com\/fr\/?s={search_term_string}"},"query-input":{"@type":"PropertyValueSpecification","valueRequired":true,"valueName":"search_term_string"}}],"inLanguage":"en-US"},{"@type":"Organization","@id":"https:\/\/gooddealersmeds.com\/fr\/#organization","name":"Good Dealers Meds","url":"https:\/\/gooddealersmeds.com\/fr\/","logo":{"@type":"ImageObject","inLanguage":"en-US","@id":"https:\/\/gooddealersmeds.com\/fr\/#\/schema\/logo\/image\/","url":"https:\/\/gooddealersmeds.com\/fr\/wp-content\/uploads\/sites\/5\/2022\/03\/gooddealersmeds__logo__20220317T222800Z.00.png","contentUrl":"https:\/\/gooddealersmeds.com\/fr\/wp-content\/uploads\/sites\/5\/2022\/03\/gooddealersmeds__logo__20220317T222800Z.00.png","width":500,"height":325,"caption":"Good Dealers Meds"},"image":{"@id":"https:\/\/gooddealersmeds.com\/fr\/#\/schema\/logo\/image\/"}}]}},"_links":{"self":[{"href":"https:\/\/gooddealersmeds.com\/fr\/wp-json\/wp\/v2\/product\/1605","targetHints":{"allow":["GET"]}}],"collection":[{"href":"https:\/\/gooddealersmeds.com\/fr\/wp-json\/wp\/v2\/product"}],"about":[{"href":"https:\/\/gooddealersmeds.com\/fr\/wp-json\/wp\/v2\/types\/product"}],"replies":[{"embeddable":true,"href":"https:\/\/gooddealersmeds.com\/fr\/wp-json\/wp\/v2\/comments?post=1605"}],"wp:featuredmedia":[{"embeddable":true,"href":"https:\/\/gooddealersmeds.com\/fr\/wp-json\/wp\/v2\/media\/1698"}],"wp:attachment":[{"href":"https:\/\/gooddealersmeds.com\/fr\/wp-json\/wp\/v2\/media?parent=1605"}],"wp:term":[{"taxonomy":"product_brand","embeddable":true,"href":"https:\/\/gooddealersmeds.com\/fr\/wp-json\/wp\/v2\/product_brand?post=1605"},{"taxonomy":"product_cat","embeddable":true,"href":"https:\/\/gooddealersmeds.com\/fr\/wp-json\/wp\/v2\/product_cat?post=1605"},{"taxonomy":"product_tag","embeddable":true,"href":"https:\/\/gooddealersmeds.com\/fr\/wp-json\/wp\/v2\/product_tag?post=1605"}],"curies":[{"name":"wp","href":"https:\/\/api.w.org\/{rel}","templated":true}]}}