{"id":1588,"date":"2022-03-18T23:47:24","date_gmt":"2022-03-18T23:47:24","guid":{"rendered":"https:\/\/gooddealersmeds.com\/fr\/?post_type=product&#038;p=1588"},"modified":"2023-01-08T11:18:46","modified_gmt":"2023-01-08T11:18:46","slug":"acheter-comprimes-de-fentanyl-en-ligne","status":"publish","type":"product","link":"https:\/\/gooddealersmeds.com\/fr\/product\/acheter-comprimes-de-fentanyl-en-ligne\/","title":{"rendered":"Acheter des comprim\u00e9s de fentanyl en ligne"},"content":{"rendered":"<h2>Comprim\u00e9s de fentanyl \u00e0 vendre<\/h2>\n<p>Le fentanyl fait partie de la classe de m\u00e9dicaments connue sous le nom de fentanyl\u00a0; c&#8217;est un m\u00e9dicament opio\u00efde (opiac\u00e9 synth\u00e9tique) \u00e0 action rapide qui soulage la douleur sans provoquer de perte de conscience (analg\u00e9sique) &#8211; Acheter des comprim\u00e9s de fentanyl en ligne. Le fonctionnement du syst\u00e8me nerveux central (SNC) et la fonction respiratoire sont tous deux abaiss\u00e9s par le fentanyl. Il est 50 \u00e0 100 fois plus fort que la morphine mais lui est tr\u00e8s identique.<\/p>\n<p>&nbsp;<\/p>\n<p>La respiration des victimes d&#8217;une surdose de fentanyl peut devenir laborieuse ou cesser compl\u00e8tement. Un surdosage se produit lorsqu&#8217;un m\u00e9dicament produit des effets ind\u00e9sirables graves et des sympt\u00f4mes potentiellement mortels. Lorsque les gens font une overdose de fentanyl, leur respiration peut ralentir ou s&#8217;arr\u00eater. Cela peut diminuer la quantit\u00e9 d&#8217;oxyg\u00e8ne qui atteint les cellules du corps, une condition appel\u00e9e hypoxie. La puissance du fentanyl le rend addictif. Lors de l&#8217;utilisation de fentanyl sur ordonnance selon les directives d&#8217;un m\u00e9decin, une personne peut d\u00e9velopper une d\u00e9pendance, qui se caract\u00e9rise par des sympt\u00f4mes de sevrage apr\u00e8s l&#8217;arr\u00eat du m\u00e9dicament. Bien qu&#8217;une personne puisse \u00eatre d\u00e9pendante d&#8217;une substance sans en \u00eatre d\u00e9pendante, la d\u00e9pendance peut parfois suivre la d\u00e9pendance par le cerveau &#8211; Comment puis-je acheter un comprim\u00e9 de fentanyl. C&#8217;est l&#8217;analg\u00e9sique opio\u00efde le plus efficace actuellement utilis\u00e9 dans les soins m\u00e9dicaux.<\/p>\n<p>Malgr\u00e9 le fait que le fentanyl est consid\u00e9r\u00e9 comme s\u00fbr et efficace lorsqu&#8217;il est utilis\u00e9 dans un environnement m\u00e9dical contr\u00f4l\u00e9, le m\u00e9dicament a un fort potentiel d&#8217;abus. Certaines personnes fabriquent des analogues du fentanyl qui sont tr\u00e8s similaires au m\u00e9dicament d&#8217;origine. Le fentanyl se lie aux r\u00e9cepteurs du cerveau qui contr\u00f4lent la douleur et les \u00e9motions, tout comme les autres m\u00e9dicaments opio\u00efdes. Le fentanyl provoque g\u00e9n\u00e9ralement des effets ind\u00e9sirables tels que naus\u00e9es, vomissements, constipation, d\u00e9mangeaisons, somnolence, confusion et blessures par manque de coordination. La d\u00e9pression respiratoire, les hallucinations, le syndrome s\u00e9rotoninergique, l&#8217;hypotension art\u00e9rielle ou l&#8217;\u00e9mergence d&#8217;un probl\u00e8me d&#8217;utilisation d&#8217;opio\u00efdes sont des exemples d&#8217;effets n\u00e9gatifs graves. Acheter des comprim\u00e9s de fentanyl<\/p>\n<p><strong>Pourquoi devriez-vous commander des comprim\u00e9s de fentanyl chez nous\u00a0?<\/strong><\/p>\n<p>De plus, il est utilis\u00e9 pour le traitement de la douleur persistante, comme la douleur canc\u00e9reuse . Les patients qui ne peuvent pas prendre de morphine ou dont l&#8217;essoufflement est r\u00e9sistant \u00e0 la morphine peuvent \u00e9galement utiliser le fentanyl pour traiter leurs sympt\u00f4mes. Dans les contextes de soins palliatifs, o\u00f9 la douleur intense et l&#8217;essoufflement doivent \u00eatre trait\u00e9s avec des opio\u00efdes \u00e0 forte concentration, le fentanyl est particuli\u00e8rement utile pour montrer une association.<\/p>\n<p>En raison de sa dose fatale extr\u00eamement variable lorsqu&#8217;il est combin\u00e9 avec d&#8217;autres m\u00e9dicaments, le fentanyl pr\u00e9sente un risque exceptionnellement \u00e9lev\u00e9 de surdosage chez l&#8217;homme. Les surdoses ne sont que marginalement impr\u00e9visibles dans leur forme la plus pure. O\u00f9 se procurer des comprim\u00e9s de fentanyl sans ordonnance<\/p>\n<p><a href=\"https:\/\/gooddealersmeds.com\/fr\/product\/buy-fentanyl-tablets-online\/\">Pilules de fentanyl en vente<\/a> sur GoodDealersMeds, Il serait pertinent de souligner que les attributs b\u00e9n\u00e9fiques et r\u00e9cr\u00e9atifs des produits mentionn\u00e9s d\u00e9pendent d&#8217;une utilisation responsable.<\/p>\n","protected":false},"excerpt":{"rendered":"<h1>Acheter un patch pour syst\u00e8me transdermique de fentanyl<\/h1>\n<p>Le risque d&#8217;effets secondaires graves (tels qu&#8217;une respiration lente\/peu profonde, une somnolence\/vertiges s\u00e9v\u00e8res) peut \u00eatre augment\u00e9 si ce m\u00e9dicament est utilis\u00e9 avec d&#8217;autres produits pouvant \u00e9galement provoquer une somnolence ou des probl\u00e8mes respiratoires.<\/p>\n","protected":false},"featured_media":1596,"comment_status":"open","ping_status":"closed","template":"","meta":{"inline_featured_image":false},"product_brand":[],"product_cat":[347],"product_tag":[96,95,113,101,97,114,99,103,115,112,110,98,102,100,111],"class_list":{"0":"post-1588","1":"product","2":"type-product","3":"status-publish","4":"has-post-thumbnail","6":"product_cat-analgsique-opiode","7":"product_tag-acheter-comprims-de-fentanyl","8":"product_tag-acheter-des-comprims-de-fentanyl-en-ligne-acheter-des-comprims","9":"product_tag-acheter-comprims-de-fentanyl-en-ligne-etats-unis","10":"product_tag-acheter-tablettes-en-ligne","11":"product_tag-acheter-fentanyl-en-ligne","12":"product_tag-comment-commander-des-comprims-de-fentanyl","13":"product_tag-comprims-de-fentanyl-en-vente","14":"product_tag-comprims-de-fentanyl-en-vente-aux-etats-unis","15":"product_tag-les-comprims-de-fentanyl-est-il-legal-au-canada","16":"product_tag-est-le-fentanyl-comprims-lgal-aux-etats-unis","17":"product_tag-livraison-en-toute-scurit","18":"product_tag-o-acheter-des-comprims-de-fentanyl","19":"product_tag-o-acheter-des-comprims-de-fentanyl-en-ligne","20":"product_tag-tablettes-en-vente","21":"product_tag-vous-pouvez-toujours-obtenir-des-comprims-de-fentanyl","22":"pa_pills-100-pills","23":"pa_pills-1000-pills","24":"pa_pills-30-pills","25":"pa_pills-300-pills","26":"pa_pills-50-pills","27":"pa_pills-500-pills","29":"first","30":"instock","31":"featured","32":"shipping-taxable","33":"purchasable","34":"product-type-variable","35":"has-default-attributes"},"yoast_head":"<!-- This site is optimized with the Yoast SEO Premium plugin v20.6 (Yoast SEO v27.4) - https:\/\/yoast.com\/product\/yoast-seo-premium-wordpress\/ -->\n<title>Acheter des comprim\u00e9s de fentanyl en ligne sans ordonnance<\/title>\n<meta name=\"description\" content=\"Acheter des comprim\u00e9s de fentanyl sur GoodDealersMeds. Pilules de fentanyl en vente dans le monde entier. Commandez maintenant et recevez votre livraison \u00e0 votre porte.\" \/>\n<meta name=\"robots\" content=\"index, follow, max-snippet:-1, max-image-preview:large, max-video-preview:-1\" \/>\n<link rel=\"canonical\" href=\"https:\/\/gooddealersmeds.com\/fr\/product\/acheter-comprimes-de-fentanyl-en-ligne\/\" \/>\n<meta property=\"og:locale\" content=\"en_US\" \/>\n<meta property=\"og:type\" content=\"article\" \/>\n<meta property=\"og:title\" content=\"Acheter des comprim\u00e9s de fentanyl en ligne\" \/>\n<meta property=\"og:description\" content=\"Acheter des comprim\u00e9s de fentanyl sur GoodDealersMeds. Pilules de fentanyl en vente dans le monde entier. Commandez maintenant et recevez votre livraison \u00e0 votre porte.\" \/>\n<meta property=\"og:url\" content=\"https:\/\/gooddealersmeds.com\/fr\/product\/acheter-comprimes-de-fentanyl-en-ligne\/\" \/>\n<meta property=\"og:site_name\" content=\"Good Dealers Meds\" \/>\n<meta property=\"article:modified_time\" content=\"2023-01-08T11:18:46+00:00\" \/>\n<meta property=\"og:image\" content=\"https:\/\/gooddealersmeds.com\/fr\/wp-content\/uploads\/sites\/5\/2022\/03\/buy-fentanyl-tablets-online.jpg\" \/>\n\t<meta property=\"og:image:width\" content=\"600\" \/>\n\t<meta property=\"og:image:height\" content=\"600\" \/>\n\t<meta property=\"og:image:type\" content=\"image\/jpeg\" \/>\n<meta name=\"twitter:card\" content=\"summary_large_image\" \/>\n<meta name=\"twitter:label1\" content=\"Est. reading time\" \/>\n\t<meta name=\"twitter:data1\" content=\"3 minutes\" \/>\n<script type=\"application\/ld+json\" class=\"yoast-schema-graph\">{\"@context\":\"https:\\\/\\\/schema.org\",\"@graph\":[{\"@type\":\"WebPage\",\"@id\":\"https:\\\/\\\/gooddealersmeds.com\\\/fr\\\/product\\\/acheter-comprimes-de-fentanyl-en-ligne\\\/\",\"url\":\"https:\\\/\\\/gooddealersmeds.com\\\/fr\\\/product\\\/acheter-comprimes-de-fentanyl-en-ligne\\\/\",\"name\":\"Acheter des comprim\u00e9s de fentanyl en ligne sans ordonnance\",\"isPartOf\":{\"@id\":\"https:\\\/\\\/gooddealersmeds.com\\\/fr\\\/#website\"},\"primaryImageOfPage\":{\"@id\":\"https:\\\/\\\/gooddealersmeds.com\\\/fr\\\/product\\\/acheter-comprimes-de-fentanyl-en-ligne\\\/#primaryimage\"},\"image\":{\"@id\":\"https:\\\/\\\/gooddealersmeds.com\\\/fr\\\/product\\\/acheter-comprimes-de-fentanyl-en-ligne\\\/#primaryimage\"},\"thumbnailUrl\":\"https:\\\/\\\/gooddealersmeds.com\\\/fr\\\/wp-content\\\/uploads\\\/sites\\\/5\\\/2022\\\/03\\\/buy-fentanyl-tablets-online.jpg\",\"datePublished\":\"2022-03-18T23:47:24+00:00\",\"dateModified\":\"2023-01-08T11:18:46+00:00\",\"description\":\"Acheter des comprim\u00e9s de fentanyl sur GoodDealersMeds. Pilules de fentanyl en vente dans le monde entier. Commandez maintenant et recevez votre livraison \u00e0 votre porte.\",\"breadcrumb\":{\"@id\":\"https:\\\/\\\/gooddealersmeds.com\\\/fr\\\/product\\\/acheter-comprimes-de-fentanyl-en-ligne\\\/#breadcrumb\"},\"inLanguage\":\"en-US\",\"potentialAction\":[{\"@type\":\"ReadAction\",\"target\":[\"https:\\\/\\\/gooddealersmeds.com\\\/fr\\\/product\\\/acheter-comprimes-de-fentanyl-en-ligne\\\/\"]}]},{\"@type\":\"ImageObject\",\"inLanguage\":\"en-US\",\"@id\":\"https:\\\/\\\/gooddealersmeds.com\\\/fr\\\/product\\\/acheter-comprimes-de-fentanyl-en-ligne\\\/#primaryimage\",\"url\":\"https:\\\/\\\/gooddealersmeds.com\\\/fr\\\/wp-content\\\/uploads\\\/sites\\\/5\\\/2022\\\/03\\\/buy-fentanyl-tablets-online.jpg\",\"contentUrl\":\"https:\\\/\\\/gooddealersmeds.com\\\/fr\\\/wp-content\\\/uploads\\\/sites\\\/5\\\/2022\\\/03\\\/buy-fentanyl-tablets-online.jpg\",\"width\":600,\"height\":600,\"caption\":\"Buy Fentanyl Tablets Online\"},{\"@type\":\"BreadcrumbList\",\"@id\":\"https:\\\/\\\/gooddealersmeds.com\\\/fr\\\/product\\\/acheter-comprimes-de-fentanyl-en-ligne\\\/#breadcrumb\",\"itemListElement\":[{\"@type\":\"ListItem\",\"position\":1,\"name\":\"Home\",\"item\":\"https:\\\/\\\/gooddealersmeds.com\\\/fr\\\/\"},{\"@type\":\"ListItem\",\"position\":2,\"name\":\"Des produits\",\"item\":\"https:\\\/\\\/gooddealersmeds.com\\\/fr\\\/des-produits\\\/\"},{\"@type\":\"ListItem\",\"position\":3,\"name\":\"Acheter des comprim\u00e9s de fentanyl en ligne\"}]},{\"@type\":\"WebSite\",\"@id\":\"https:\\\/\\\/gooddealersmeds.com\\\/fr\\\/#website\",\"url\":\"https:\\\/\\\/gooddealersmeds.com\\\/fr\\\/\",\"name\":\"Good Dealers Meds\",\"description\":\"All our best\",\"publisher\":{\"@id\":\"https:\\\/\\\/gooddealersmeds.com\\\/fr\\\/#organization\"},\"potentialAction\":[{\"@type\":\"SearchAction\",\"target\":{\"@type\":\"EntryPoint\",\"urlTemplate\":\"https:\\\/\\\/gooddealersmeds.com\\\/fr\\\/?s={search_term_string}\"},\"query-input\":{\"@type\":\"PropertyValueSpecification\",\"valueRequired\":true,\"valueName\":\"search_term_string\"}}],\"inLanguage\":\"en-US\"},{\"@type\":\"Organization\",\"@id\":\"https:\\\/\\\/gooddealersmeds.com\\\/fr\\\/#organization\",\"name\":\"Good Dealers Meds\",\"url\":\"https:\\\/\\\/gooddealersmeds.com\\\/fr\\\/\",\"logo\":{\"@type\":\"ImageObject\",\"inLanguage\":\"en-US\",\"@id\":\"https:\\\/\\\/gooddealersmeds.com\\\/fr\\\/#\\\/schema\\\/logo\\\/image\\\/\",\"url\":\"https:\\\/\\\/gooddealersmeds.com\\\/fr\\\/wp-content\\\/uploads\\\/sites\\\/5\\\/2022\\\/03\\\/gooddealersmeds__logo__20220317T222800Z.00.png\",\"contentUrl\":\"https:\\\/\\\/gooddealersmeds.com\\\/fr\\\/wp-content\\\/uploads\\\/sites\\\/5\\\/2022\\\/03\\\/gooddealersmeds__logo__20220317T222800Z.00.png\",\"width\":500,\"height\":325,\"caption\":\"Good Dealers Meds\"},\"image\":{\"@id\":\"https:\\\/\\\/gooddealersmeds.com\\\/fr\\\/#\\\/schema\\\/logo\\\/image\\\/\"}}]}<\/script>\n<!-- \/ Yoast SEO Premium plugin. -->","yoast_head_json":{"title":"Acheter des comprim\u00e9s de fentanyl en ligne sans ordonnance","description":"Acheter des comprim\u00e9s de fentanyl sur GoodDealersMeds. Pilules de fentanyl en vente dans le monde entier. Commandez maintenant et recevez votre livraison \u00e0 votre porte.","robots":{"index":"index","follow":"follow","max-snippet":"max-snippet:-1","max-image-preview":"max-image-preview:large","max-video-preview":"max-video-preview:-1"},"canonical":"https:\/\/gooddealersmeds.com\/fr\/product\/acheter-comprimes-de-fentanyl-en-ligne\/","og_locale":"en_US","og_type":"article","og_title":"Acheter des comprim\u00e9s de fentanyl en ligne","og_description":"Acheter des comprim\u00e9s de fentanyl sur GoodDealersMeds. Pilules de fentanyl en vente dans le monde entier. Commandez maintenant et recevez votre livraison \u00e0 votre porte.","og_url":"https:\/\/gooddealersmeds.com\/fr\/product\/acheter-comprimes-de-fentanyl-en-ligne\/","og_site_name":"Good Dealers Meds","article_modified_time":"2023-01-08T11:18:46+00:00","og_image":[{"width":600,"height":600,"url":"https:\/\/gooddealersmeds.com\/fr\/wp-content\/uploads\/sites\/5\/2022\/03\/buy-fentanyl-tablets-online.jpg","type":"image\/jpeg"}],"twitter_card":"summary_large_image","twitter_misc":{"Est. reading time":"3 minutes"},"schema":{"@context":"https:\/\/schema.org","@graph":[{"@type":"WebPage","@id":"https:\/\/gooddealersmeds.com\/fr\/product\/acheter-comprimes-de-fentanyl-en-ligne\/","url":"https:\/\/gooddealersmeds.com\/fr\/product\/acheter-comprimes-de-fentanyl-en-ligne\/","name":"Acheter des comprim\u00e9s de fentanyl en ligne sans ordonnance","isPartOf":{"@id":"https:\/\/gooddealersmeds.com\/fr\/#website"},"primaryImageOfPage":{"@id":"https:\/\/gooddealersmeds.com\/fr\/product\/acheter-comprimes-de-fentanyl-en-ligne\/#primaryimage"},"image":{"@id":"https:\/\/gooddealersmeds.com\/fr\/product\/acheter-comprimes-de-fentanyl-en-ligne\/#primaryimage"},"thumbnailUrl":"https:\/\/gooddealersmeds.com\/fr\/wp-content\/uploads\/sites\/5\/2022\/03\/buy-fentanyl-tablets-online.jpg","datePublished":"2022-03-18T23:47:24+00:00","dateModified":"2023-01-08T11:18:46+00:00","description":"Acheter des comprim\u00e9s de fentanyl sur GoodDealersMeds. Pilules de fentanyl en vente dans le monde entier. Commandez maintenant et recevez votre livraison \u00e0 votre porte.","breadcrumb":{"@id":"https:\/\/gooddealersmeds.com\/fr\/product\/acheter-comprimes-de-fentanyl-en-ligne\/#breadcrumb"},"inLanguage":"en-US","potentialAction":[{"@type":"ReadAction","target":["https:\/\/gooddealersmeds.com\/fr\/product\/acheter-comprimes-de-fentanyl-en-ligne\/"]}]},{"@type":"ImageObject","inLanguage":"en-US","@id":"https:\/\/gooddealersmeds.com\/fr\/product\/acheter-comprimes-de-fentanyl-en-ligne\/#primaryimage","url":"https:\/\/gooddealersmeds.com\/fr\/wp-content\/uploads\/sites\/5\/2022\/03\/buy-fentanyl-tablets-online.jpg","contentUrl":"https:\/\/gooddealersmeds.com\/fr\/wp-content\/uploads\/sites\/5\/2022\/03\/buy-fentanyl-tablets-online.jpg","width":600,"height":600,"caption":"Buy Fentanyl Tablets Online"},{"@type":"BreadcrumbList","@id":"https:\/\/gooddealersmeds.com\/fr\/product\/acheter-comprimes-de-fentanyl-en-ligne\/#breadcrumb","itemListElement":[{"@type":"ListItem","position":1,"name":"Home","item":"https:\/\/gooddealersmeds.com\/fr\/"},{"@type":"ListItem","position":2,"name":"Des produits","item":"https:\/\/gooddealersmeds.com\/fr\/des-produits\/"},{"@type":"ListItem","position":3,"name":"Acheter des comprim\u00e9s de fentanyl en ligne"}]},{"@type":"WebSite","@id":"https:\/\/gooddealersmeds.com\/fr\/#website","url":"https:\/\/gooddealersmeds.com\/fr\/","name":"Good Dealers Meds","description":"All our best","publisher":{"@id":"https:\/\/gooddealersmeds.com\/fr\/#organization"},"potentialAction":[{"@type":"SearchAction","target":{"@type":"EntryPoint","urlTemplate":"https:\/\/gooddealersmeds.com\/fr\/?s={search_term_string}"},"query-input":{"@type":"PropertyValueSpecification","valueRequired":true,"valueName":"search_term_string"}}],"inLanguage":"en-US"},{"@type":"Organization","@id":"https:\/\/gooddealersmeds.com\/fr\/#organization","name":"Good Dealers Meds","url":"https:\/\/gooddealersmeds.com\/fr\/","logo":{"@type":"ImageObject","inLanguage":"en-US","@id":"https:\/\/gooddealersmeds.com\/fr\/#\/schema\/logo\/image\/","url":"https:\/\/gooddealersmeds.com\/fr\/wp-content\/uploads\/sites\/5\/2022\/03\/gooddealersmeds__logo__20220317T222800Z.00.png","contentUrl":"https:\/\/gooddealersmeds.com\/fr\/wp-content\/uploads\/sites\/5\/2022\/03\/gooddealersmeds__logo__20220317T222800Z.00.png","width":500,"height":325,"caption":"Good Dealers Meds"},"image":{"@id":"https:\/\/gooddealersmeds.com\/fr\/#\/schema\/logo\/image\/"}}]}},"_links":{"self":[{"href":"https:\/\/gooddealersmeds.com\/fr\/wp-json\/wp\/v2\/product\/1588","targetHints":{"allow":["GET"]}}],"collection":[{"href":"https:\/\/gooddealersmeds.com\/fr\/wp-json\/wp\/v2\/product"}],"about":[{"href":"https:\/\/gooddealersmeds.com\/fr\/wp-json\/wp\/v2\/types\/product"}],"replies":[{"embeddable":true,"href":"https:\/\/gooddealersmeds.com\/fr\/wp-json\/wp\/v2\/comments?post=1588"}],"wp:featuredmedia":[{"embeddable":true,"href":"https:\/\/gooddealersmeds.com\/fr\/wp-json\/wp\/v2\/media\/1596"}],"wp:attachment":[{"href":"https:\/\/gooddealersmeds.com\/fr\/wp-json\/wp\/v2\/media?parent=1588"}],"wp:term":[{"taxonomy":"product_brand","embeddable":true,"href":"https:\/\/gooddealersmeds.com\/fr\/wp-json\/wp\/v2\/product_brand?post=1588"},{"taxonomy":"product_cat","embeddable":true,"href":"https:\/\/gooddealersmeds.com\/fr\/wp-json\/wp\/v2\/product_cat?post=1588"},{"taxonomy":"product_tag","embeddable":true,"href":"https:\/\/gooddealersmeds.com\/fr\/wp-json\/wp\/v2\/product_tag?post=1588"}],"curies":[{"name":"wp","href":"https:\/\/api.w.org\/{rel}","templated":true}]}}