{"id":1582,"date":"2022-03-18T23:46:33","date_gmt":"2022-03-18T23:46:33","guid":{"rendered":"https:\/\/gooddealersmeds.com\/fr\/?post_type=product&#038;p=1582"},"modified":"2023-01-08T11:23:32","modified_gmt":"2023-01-08T11:23:32","slug":"capsule-damphetamine","status":"publish","type":"product","link":"https:\/\/gooddealersmeds.com\/fr\/product\/capsule-damphetamine\/","title":{"rendered":"Acheter des capsules d&#8217;amph\u00e9tamine en ligne"},"content":{"rendered":"<h2>Capsule d&#8217;amph\u00e9tamine \u00e0 vendre<\/h2>\n<p>Acheter de l&#8217;amph\u00e9tamine en ligne, <a href=\"https:\/\/fr.wikipedia.org\/wiki\/Amph%C3%A9tamine\">Amph\u00e9tamine<\/a> (contract\u00e9e \u00e0 partir d&#8217;<u>a<\/u>lpha\u2013<u>m<\/u>\u00e9thyl<u>ph<\/u>en<u>et<\/u>hyl<u>amine<\/u>) est un stimulant du syst\u00e8me nerveux central (SNC) commercialis\u00e9 entre autres sous la marque Evekeo. Premi\u00e8rement, il est utilis\u00e9 dans le traitement du TDAH, de la narcolepsie et de l&#8217;ob\u00e9sit\u00e9. De plus, les amph\u00e9tamines sont des drogues stimulantes, ce qui signifie qu&#8217;elles acc\u00e9l\u00e8rent les messages circulant entre le cerveau et le corps. Poudre d&#8217;amph\u00e9tamine. Commandez de l&#8217;amph\u00e9tamine en ligne.<\/p>\n<p>De plus, l&#8217;amph\u00e9tamine est \u00e9galement utilis\u00e9e comme am\u00e9liorateur de performance athl\u00e9tique et stimulant cognitif, et \u00e0 des fins r\u00e9cr\u00e9atives comme aphrodisiaque et euphorisant. De plus, il s&#8217;agit d&#8217;un m\u00e9dicament d\u00e9livr\u00e9 sur ordonnance dans de nombreux pays, et la possession et la distribution non autoris\u00e9es d&#8217;amph\u00e9tamine sont souvent \u00e9troitement contr\u00f4l\u00e9es en raison des risques importants pour la sant\u00e9 associ\u00e9s \u00e0 l&#8217;usage r\u00e9cr\u00e9atif. Poudre d&#8217;amph\u00e9tamine.<\/p>\n<h3>Informations suppl\u00e9mentaires<\/h3>\n<p>Certains types d&#8217;amph\u00e9tamines sont l\u00e9galement prescrits par les m\u00e9decins pour traiter des conditions telles que le TDAH et la narcolepsie (o\u00f9 une personne a une envie incontr\u00f4lable de dormir).<\/p>\n<p>De plus, l&#8217;apparence des amph\u00e9tamines varie. De plus, ils peuvent se pr\u00e9senter sous forme de poudre, de comprim\u00e9s, de cristaux et de g\u00e9lules. De plus, nous emballons dans des \u00abfeuilles\u00bb (feuille d&#8217;aluminium), des sacs en plastique ou de petits ballons lors de l&#8217;exp\u00e9dition. Commandez de l&#8217;amph\u00e9tamine en ligne.<\/p>\n<p>La poudre d&#8217;amph\u00e9tamine peut varier en couleur du blanc au brun, parfois elle peut avoir des traces de gris ou de rose. Il a une forte odeur et un go\u00fbt amer. De plus, les g\u00e9lules et les comprim\u00e9s d&#8217;amph\u00e9tamine varient consid\u00e9rablement en taille et en couleur. Amph\u00e9tamine \u00e0 vendre.<\/p>\n<p>De plus, les amph\u00e9tamines produites ill\u00e9galement peuvent \u00eatre un m\u00e9lange de drogues, de liants, de caf\u00e9ine et de sucre. Commandez de l&#8217;amph\u00e9tamine en ligne.<\/p>\n<h3>Comment utiliser<\/h3>\n<p>Les amph\u00e9tamines sont g\u00e9n\u00e9ralement aval\u00e9es, inject\u00e9es ou fum\u00e9es. Ils sont \u00e9galement sniff\u00e9s. Achetez de la poudre d&#8217;amph\u00e9tamine en ligne.<\/p>\n<h3>Effets des amph\u00e9tamines<\/h3>\n<p>Premi\u00e8rement, les amph\u00e9tamines affectent tout le monde diff\u00e9remment, en fonction de la taille, du poids et de la sant\u00e9, si la personne a l&#8217;habitude d&#8217;en prendre, si d&#8217;autres drogues sont prises \u00e0 peu pr\u00e8s au m\u00eame moment, la quantit\u00e9 prise, la force de la drogue (varie d&#8217;un lot \u00e0 l&#8217;autre avec des drogues produites ill\u00e9galement). Achetez de l&#8217;amph\u00e9tamine en ligne.<\/p>\n<p>Par cons\u00e9quent, les effets des amph\u00e9tamines peuvent \u00eatre ressentis imm\u00e9diatement (si inject\u00e9s ou fum\u00e9s) ou dans les 30 minutes (si sniff\u00e9s ou aval\u00e9s). Achetez de l&#8217;amph\u00e9tamine en ligne.<\/p>\n<p>De plus, les effets suivants peuvent \u00eatre ressentis\u00a0:<\/p>\n<ul>\n<li>Bonheur et confiance<\/li>\n<li>Parler plus et se sentir \u00e9nergique<\/li>\n<li>R\u00e9p\u00e9ter des choses simples comme des d\u00e9mangeaisons et des \u00e9gratignures<\/li>\n<li>Grandes pupilles et s\u00e9cheresse de la bouche<\/li>\n<li>Physique et respiration rapides<\/li>\n<li>Grincement des dents<\/li>\n<li>R\u00e9duit app\u00e9tit<\/li>\n<li>Transpiration excessive<\/li>\n<li>Augmentation de la libido<\/li>\n<\/ul>\n<p>De plus, l&#8217;utilisation d&#8217;un d\u00e9presseur tel que l&#8217;alcool, les benzodiaz\u00e9pines ou le cannabis pour aider \u00e0 l&#8217;app\u00e9tit les effets secondaires peuvent entra\u00eener un cycle de d\u00e9pendance aux deux types de drogues. De plus, achetez de l&#8217;amph\u00e9tamine en ligne. <a href=\"https:\/\/gooddealersmeds.com\/fr\/product\/amphetamine-capsule\/\">Amph\u00e9tamine de haute qualit\u00e9 \u00e0 vendre<\/a><\/p>\n<h3>Psychose amph\u00e9taminique<\/h3>\n<p>Et high les doses et l&#8217;utilisation intensive fr\u00e9quente peuvent \u00e9galement cr\u00e9er une \u00abpsychose amph\u00e9tamine\u00bb, caract\u00e9ris\u00e9e par des d\u00e9lires parano\u00efaques, des hallucinations et un comportement agressif ou violent hors du caract\u00e8re. De plus, ces sympt\u00f4mes disparaissent g\u00e9n\u00e9ralement quelques jours apr\u00e8s que la personne ait cess\u00e9 de consommer des amph\u00e9tamines.<\/p>\n<h3>M\u00e9lange d&#8217;amph\u00e9tamines avec d&#8217;autres drogues<\/h3>\n<p>Premi\u00e8rement, les interactions m\u00e9dicamenteuses peuvent modifier le fonctionnement de l&#8217;amph\u00e9tamine ou augmenter votre risque de maladie grave Effets secondaires. Conservez une liste de tous les produits que vous utilisez (y compris les m\u00e9dicaments sur ordonnance ou en vente libre et les produits \u00e0 base de plantes) et partagez-la avec nous\u00a0:<\/p>\n<p>En outre, les amph\u00e9tamines et certains antid\u00e9presseurs peuvent \u00e9lever la tension art\u00e9rielle, ce qui peut entra\u00eener des battements cardiaques irr\u00e9guliers , insuffisance cardiaque et accident vasculaire c\u00e9r\u00e9bral. Amph\u00e9tamine de la meilleure qualit\u00e9 en vente en ligne sur <span style=\"color: #333333\"><a style=\"color: #333333\" href=\"https:\/\/gooddealersmeds.com\/fr\/\">Good Dealers Meds<\/a> <\/span>.<\/p>\n<p>En outre, m\u00e9langer des amph\u00e9tamines avec de l&#8217;alcool, du cannabis ou Les benzodiaz\u00e9pines soumettent le corps \u00e0 un degr\u00e9 \u00e9lev\u00e9 de stress car il tente de faire face aux effets contradictoires des deux types de m\u00e9dicaments, ce qui peut entra\u00eener une surdose. Amph\u00e9tamine \u00e0 vendre. Acheter de l&#8217;amph\u00e9tamine en ligne<\/p>\n","protected":false},"excerpt":{"rendered":"<p>Achetez de l&#8217;amph\u00e9tamine en ligne aupr\u00e8s d&#8217;un fournisseur de confiance et obtenez la meilleure qualit\u00e9. Nous vous offrons la meilleure exp\u00e9rience d&#8217;exp\u00e9dition. Achetez de la m\u00e9thamph\u00e9tamine.<\/p>\n","protected":false},"featured_media":1950,"comment_status":"open","ping_status":"closed","template":"","meta":{"inline_featured_image":false},"product_brand":[],"product_cat":[346],"product_tag":[],"class_list":{"0":"post-1582","1":"product","2":"type-product","3":"status-publish","4":"has-post-thumbnail","6":"product_cat-stimulants","7":"pa_pills-100-pills","8":"pa_pills-1000-pills","9":"pa_pills-30-pills","10":"pa_pills-300-pills","11":"pa_pills-50-pills","12":"pa_pills-500-pills","14":"first","15":"instock","16":"featured","17":"shipping-taxable","18":"purchasable","19":"product-type-variable","20":"has-default-attributes"},"yoast_head":"<!-- This site is optimized with the Yoast SEO Premium plugin v20.6 (Yoast SEO v27.4) - https:\/\/yoast.com\/product\/yoast-seo-premium-wordpress\/ -->\n<title>Acheter de l&#039;amph\u00e9tamine en ligne | Amph\u00e9tamine \u00e0 vendre<\/title>\n<meta name=\"description\" content=\"Acheter de l&#039;amph\u00e9tamine en ligne \u00e0 bas prix aupr\u00e8s de Good Dealers Meds de la meilleure qualit\u00e9 pour le traitement du TDAH, de la narcolepsie et de l&#039;ob\u00e9sit\u00e9.\" \/>\n<meta name=\"robots\" content=\"index, follow, max-snippet:-1, max-image-preview:large, max-video-preview:-1\" \/>\n<link rel=\"canonical\" href=\"https:\/\/gooddealersmeds.com\/fr\/product\/capsule-damphetamine\/\" \/>\n<meta property=\"og:locale\" content=\"en_US\" \/>\n<meta property=\"og:type\" content=\"article\" \/>\n<meta property=\"og:title\" content=\"Acheter des capsules d&#039;amph\u00e9tamine en ligne\" \/>\n<meta property=\"og:description\" content=\"Acheter de l&#039;amph\u00e9tamine en ligne \u00e0 bas prix aupr\u00e8s de Good Dealers Meds de la meilleure qualit\u00e9 pour le traitement du TDAH, de la narcolepsie et de l&#039;ob\u00e9sit\u00e9.\" \/>\n<meta property=\"og:url\" content=\"https:\/\/gooddealersmeds.com\/fr\/product\/capsule-damphetamine\/\" \/>\n<meta property=\"og:site_name\" content=\"Good Dealers Meds\" \/>\n<meta property=\"article:modified_time\" content=\"2023-01-08T11:23:32+00:00\" \/>\n<meta property=\"og:image\" content=\"https:\/\/gooddealersmeds.com\/fr\/wp-content\/uploads\/sites\/5\/2022\/03\/Amphetamine-Capsule.jpg\" \/>\n\t<meta property=\"og:image:width\" content=\"400\" \/>\n\t<meta property=\"og:image:height\" content=\"533\" \/>\n\t<meta property=\"og:image:type\" content=\"image\/jpeg\" \/>\n<meta name=\"twitter:card\" content=\"summary_large_image\" \/>\n<meta name=\"twitter:label1\" content=\"Est. reading time\" \/>\n\t<meta name=\"twitter:data1\" content=\"4 minutes\" \/>\n<script type=\"application\/ld+json\" class=\"yoast-schema-graph\">{\"@context\":\"https:\\\/\\\/schema.org\",\"@graph\":[{\"@type\":\"WebPage\",\"@id\":\"https:\\\/\\\/gooddealersmeds.com\\\/fr\\\/product\\\/capsule-damphetamine\\\/\",\"url\":\"https:\\\/\\\/gooddealersmeds.com\\\/fr\\\/product\\\/capsule-damphetamine\\\/\",\"name\":\"Acheter de l'amph\u00e9tamine en ligne | Amph\u00e9tamine \u00e0 vendre\",\"isPartOf\":{\"@id\":\"https:\\\/\\\/gooddealersmeds.com\\\/fr\\\/#website\"},\"primaryImageOfPage\":{\"@id\":\"https:\\\/\\\/gooddealersmeds.com\\\/fr\\\/product\\\/capsule-damphetamine\\\/#primaryimage\"},\"image\":{\"@id\":\"https:\\\/\\\/gooddealersmeds.com\\\/fr\\\/product\\\/capsule-damphetamine\\\/#primaryimage\"},\"thumbnailUrl\":\"https:\\\/\\\/gooddealersmeds.com\\\/fr\\\/wp-content\\\/uploads\\\/sites\\\/5\\\/2022\\\/03\\\/Amphetamine-Capsule.jpg\",\"datePublished\":\"2022-03-18T23:46:33+00:00\",\"dateModified\":\"2023-01-08T11:23:32+00:00\",\"description\":\"Acheter de l'amph\u00e9tamine en ligne \u00e0 bas prix aupr\u00e8s de Good Dealers Meds de la meilleure qualit\u00e9 pour le traitement du TDAH, de la narcolepsie et de l'ob\u00e9sit\u00e9.\",\"breadcrumb\":{\"@id\":\"https:\\\/\\\/gooddealersmeds.com\\\/fr\\\/product\\\/capsule-damphetamine\\\/#breadcrumb\"},\"inLanguage\":\"en-US\",\"potentialAction\":[{\"@type\":\"ReadAction\",\"target\":[\"https:\\\/\\\/gooddealersmeds.com\\\/fr\\\/product\\\/capsule-damphetamine\\\/\"]}]},{\"@type\":\"ImageObject\",\"inLanguage\":\"en-US\",\"@id\":\"https:\\\/\\\/gooddealersmeds.com\\\/fr\\\/product\\\/capsule-damphetamine\\\/#primaryimage\",\"url\":\"https:\\\/\\\/gooddealersmeds.com\\\/fr\\\/wp-content\\\/uploads\\\/sites\\\/5\\\/2022\\\/03\\\/Amphetamine-Capsule.jpg\",\"contentUrl\":\"https:\\\/\\\/gooddealersmeds.com\\\/fr\\\/wp-content\\\/uploads\\\/sites\\\/5\\\/2022\\\/03\\\/Amphetamine-Capsule.jpg\",\"width\":400,\"height\":533,\"caption\":\"Buy Amphetamine Online\"},{\"@type\":\"BreadcrumbList\",\"@id\":\"https:\\\/\\\/gooddealersmeds.com\\\/fr\\\/product\\\/capsule-damphetamine\\\/#breadcrumb\",\"itemListElement\":[{\"@type\":\"ListItem\",\"position\":1,\"name\":\"Home\",\"item\":\"https:\\\/\\\/gooddealersmeds.com\\\/fr\\\/\"},{\"@type\":\"ListItem\",\"position\":2,\"name\":\"Des produits\",\"item\":\"https:\\\/\\\/gooddealersmeds.com\\\/fr\\\/des-produits\\\/\"},{\"@type\":\"ListItem\",\"position\":3,\"name\":\"Acheter des capsules d&#8217;amph\u00e9tamine en ligne\"}]},{\"@type\":\"WebSite\",\"@id\":\"https:\\\/\\\/gooddealersmeds.com\\\/fr\\\/#website\",\"url\":\"https:\\\/\\\/gooddealersmeds.com\\\/fr\\\/\",\"name\":\"Good Dealers Meds\",\"description\":\"All our best\",\"publisher\":{\"@id\":\"https:\\\/\\\/gooddealersmeds.com\\\/fr\\\/#organization\"},\"potentialAction\":[{\"@type\":\"SearchAction\",\"target\":{\"@type\":\"EntryPoint\",\"urlTemplate\":\"https:\\\/\\\/gooddealersmeds.com\\\/fr\\\/?s={search_term_string}\"},\"query-input\":{\"@type\":\"PropertyValueSpecification\",\"valueRequired\":true,\"valueName\":\"search_term_string\"}}],\"inLanguage\":\"en-US\"},{\"@type\":\"Organization\",\"@id\":\"https:\\\/\\\/gooddealersmeds.com\\\/fr\\\/#organization\",\"name\":\"Good Dealers Meds\",\"url\":\"https:\\\/\\\/gooddealersmeds.com\\\/fr\\\/\",\"logo\":{\"@type\":\"ImageObject\",\"inLanguage\":\"en-US\",\"@id\":\"https:\\\/\\\/gooddealersmeds.com\\\/fr\\\/#\\\/schema\\\/logo\\\/image\\\/\",\"url\":\"https:\\\/\\\/gooddealersmeds.com\\\/fr\\\/wp-content\\\/uploads\\\/sites\\\/5\\\/2022\\\/03\\\/gooddealersmeds__logo__20220317T222800Z.00.png\",\"contentUrl\":\"https:\\\/\\\/gooddealersmeds.com\\\/fr\\\/wp-content\\\/uploads\\\/sites\\\/5\\\/2022\\\/03\\\/gooddealersmeds__logo__20220317T222800Z.00.png\",\"width\":500,\"height\":325,\"caption\":\"Good Dealers Meds\"},\"image\":{\"@id\":\"https:\\\/\\\/gooddealersmeds.com\\\/fr\\\/#\\\/schema\\\/logo\\\/image\\\/\"}}]}<\/script>\n<!-- \/ Yoast SEO Premium plugin. -->","yoast_head_json":{"title":"Acheter de l'amph\u00e9tamine en ligne | Amph\u00e9tamine \u00e0 vendre","description":"Acheter de l'amph\u00e9tamine en ligne \u00e0 bas prix aupr\u00e8s de Good Dealers Meds de la meilleure qualit\u00e9 pour le traitement du TDAH, de la narcolepsie et de l'ob\u00e9sit\u00e9.","robots":{"index":"index","follow":"follow","max-snippet":"max-snippet:-1","max-image-preview":"max-image-preview:large","max-video-preview":"max-video-preview:-1"},"canonical":"https:\/\/gooddealersmeds.com\/fr\/product\/capsule-damphetamine\/","og_locale":"en_US","og_type":"article","og_title":"Acheter des capsules d'amph\u00e9tamine en ligne","og_description":"Acheter de l'amph\u00e9tamine en ligne \u00e0 bas prix aupr\u00e8s de Good Dealers Meds de la meilleure qualit\u00e9 pour le traitement du TDAH, de la narcolepsie et de l'ob\u00e9sit\u00e9.","og_url":"https:\/\/gooddealersmeds.com\/fr\/product\/capsule-damphetamine\/","og_site_name":"Good Dealers Meds","article_modified_time":"2023-01-08T11:23:32+00:00","og_image":[{"width":400,"height":533,"url":"https:\/\/gooddealersmeds.com\/fr\/wp-content\/uploads\/sites\/5\/2022\/03\/Amphetamine-Capsule.jpg","type":"image\/jpeg"}],"twitter_card":"summary_large_image","twitter_misc":{"Est. reading time":"4 minutes"},"schema":{"@context":"https:\/\/schema.org","@graph":[{"@type":"WebPage","@id":"https:\/\/gooddealersmeds.com\/fr\/product\/capsule-damphetamine\/","url":"https:\/\/gooddealersmeds.com\/fr\/product\/capsule-damphetamine\/","name":"Acheter de l'amph\u00e9tamine en ligne | Amph\u00e9tamine \u00e0 vendre","isPartOf":{"@id":"https:\/\/gooddealersmeds.com\/fr\/#website"},"primaryImageOfPage":{"@id":"https:\/\/gooddealersmeds.com\/fr\/product\/capsule-damphetamine\/#primaryimage"},"image":{"@id":"https:\/\/gooddealersmeds.com\/fr\/product\/capsule-damphetamine\/#primaryimage"},"thumbnailUrl":"https:\/\/gooddealersmeds.com\/fr\/wp-content\/uploads\/sites\/5\/2022\/03\/Amphetamine-Capsule.jpg","datePublished":"2022-03-18T23:46:33+00:00","dateModified":"2023-01-08T11:23:32+00:00","description":"Acheter de l'amph\u00e9tamine en ligne \u00e0 bas prix aupr\u00e8s de Good Dealers Meds de la meilleure qualit\u00e9 pour le traitement du TDAH, de la narcolepsie et de l'ob\u00e9sit\u00e9.","breadcrumb":{"@id":"https:\/\/gooddealersmeds.com\/fr\/product\/capsule-damphetamine\/#breadcrumb"},"inLanguage":"en-US","potentialAction":[{"@type":"ReadAction","target":["https:\/\/gooddealersmeds.com\/fr\/product\/capsule-damphetamine\/"]}]},{"@type":"ImageObject","inLanguage":"en-US","@id":"https:\/\/gooddealersmeds.com\/fr\/product\/capsule-damphetamine\/#primaryimage","url":"https:\/\/gooddealersmeds.com\/fr\/wp-content\/uploads\/sites\/5\/2022\/03\/Amphetamine-Capsule.jpg","contentUrl":"https:\/\/gooddealersmeds.com\/fr\/wp-content\/uploads\/sites\/5\/2022\/03\/Amphetamine-Capsule.jpg","width":400,"height":533,"caption":"Buy Amphetamine Online"},{"@type":"BreadcrumbList","@id":"https:\/\/gooddealersmeds.com\/fr\/product\/capsule-damphetamine\/#breadcrumb","itemListElement":[{"@type":"ListItem","position":1,"name":"Home","item":"https:\/\/gooddealersmeds.com\/fr\/"},{"@type":"ListItem","position":2,"name":"Des produits","item":"https:\/\/gooddealersmeds.com\/fr\/des-produits\/"},{"@type":"ListItem","position":3,"name":"Acheter des capsules d&#8217;amph\u00e9tamine en ligne"}]},{"@type":"WebSite","@id":"https:\/\/gooddealersmeds.com\/fr\/#website","url":"https:\/\/gooddealersmeds.com\/fr\/","name":"Good Dealers Meds","description":"All our best","publisher":{"@id":"https:\/\/gooddealersmeds.com\/fr\/#organization"},"potentialAction":[{"@type":"SearchAction","target":{"@type":"EntryPoint","urlTemplate":"https:\/\/gooddealersmeds.com\/fr\/?s={search_term_string}"},"query-input":{"@type":"PropertyValueSpecification","valueRequired":true,"valueName":"search_term_string"}}],"inLanguage":"en-US"},{"@type":"Organization","@id":"https:\/\/gooddealersmeds.com\/fr\/#organization","name":"Good Dealers Meds","url":"https:\/\/gooddealersmeds.com\/fr\/","logo":{"@type":"ImageObject","inLanguage":"en-US","@id":"https:\/\/gooddealersmeds.com\/fr\/#\/schema\/logo\/image\/","url":"https:\/\/gooddealersmeds.com\/fr\/wp-content\/uploads\/sites\/5\/2022\/03\/gooddealersmeds__logo__20220317T222800Z.00.png","contentUrl":"https:\/\/gooddealersmeds.com\/fr\/wp-content\/uploads\/sites\/5\/2022\/03\/gooddealersmeds__logo__20220317T222800Z.00.png","width":500,"height":325,"caption":"Good Dealers Meds"},"image":{"@id":"https:\/\/gooddealersmeds.com\/fr\/#\/schema\/logo\/image\/"}}]}},"_links":{"self":[{"href":"https:\/\/gooddealersmeds.com\/fr\/wp-json\/wp\/v2\/product\/1582","targetHints":{"allow":["GET"]}}],"collection":[{"href":"https:\/\/gooddealersmeds.com\/fr\/wp-json\/wp\/v2\/product"}],"about":[{"href":"https:\/\/gooddealersmeds.com\/fr\/wp-json\/wp\/v2\/types\/product"}],"replies":[{"embeddable":true,"href":"https:\/\/gooddealersmeds.com\/fr\/wp-json\/wp\/v2\/comments?post=1582"}],"wp:featuredmedia":[{"embeddable":true,"href":"https:\/\/gooddealersmeds.com\/fr\/wp-json\/wp\/v2\/media\/1950"}],"wp:attachment":[{"href":"https:\/\/gooddealersmeds.com\/fr\/wp-json\/wp\/v2\/media?parent=1582"}],"wp:term":[{"taxonomy":"product_brand","embeddable":true,"href":"https:\/\/gooddealersmeds.com\/fr\/wp-json\/wp\/v2\/product_brand?post=1582"},{"taxonomy":"product_cat","embeddable":true,"href":"https:\/\/gooddealersmeds.com\/fr\/wp-json\/wp\/v2\/product_cat?post=1582"},{"taxonomy":"product_tag","embeddable":true,"href":"https:\/\/gooddealersmeds.com\/fr\/wp-json\/wp\/v2\/product_tag?post=1582"}],"curies":[{"name":"wp","href":"https:\/\/api.w.org\/{rel}","templated":true}]}}