{"id":1572,"date":"2022-03-18T01:52:51","date_gmt":"2022-03-18T01:52:51","guid":{"rendered":"https:\/\/gooddealersmeds.com\/fr\/?post_type=product&#038;p=1572"},"modified":"2023-01-08T11:26:13","modified_gmt":"2023-01-08T11:26:13","slug":"mdma-ecstasy-ou-molly","status":"publish","type":"product","link":"https:\/\/gooddealersmeds.com\/fr\/product\/mdma-ecstasy-ou-molly\/","title":{"rendered":"MDMA (Ecstasy ou Molly)"},"content":{"rendered":"<h2><strong>Acheter de la MDMA en ligne (MOLLY\/ECSTASY)<\/strong><\/h2>\n<p>&#8220;<strong><em>Acheter de la MDMA en ligne&#8221; <\/em><\/strong>sur <span style=\"color: #333333\"><a style=\"color: #333333\" href=\"https:\/\/gooddealersmeds.com\/fr\/\">Bons concessionnaires Meds<\/a><\/span>. La MDMA ou 3,4-M\u00e9thyl\u00e8nedioxym\u00e9thamph\u00e9tamine commun\u00e9ment appel\u00e9e <a href=\"https:\/\/gooddealersmeds.com\/fr\/product\/mdma-ecstasy-or-molly\/\">ecstasy<\/a> peut \u00eatre une drogue psychotrope principalement utilis\u00e9 comme <span style=\"color: #333333\"><a style=\"color: #333333\" href=\"https:\/\/en.wikipedia.org\/wiki\/Narcotic\">stup\u00e9fiant<\/a>. Les effets souhait\u00e9s de la MDMA incluent des sensations alt\u00e9r\u00e9es et une \u00e9nergie, une empathie et un plaisir accrus.<\/span><\/p>\n<p>Le test ABON MDMA est un test immunochromatographique rapide en une \u00e9tape con\u00e7u pour la d\u00e9tection qualitative du m\u00e9tabolite de la drogue dans l&#8217;urine humaine \u00e0 un seuil concentration.<\/p>\n<p>La majorit\u00e9 des recherches ant\u00e9rieures se sont concentr\u00e9es sur les dangers li\u00e9s \u00e0 l&#8217;utilisation non clinique (&#8220;r\u00e9cr\u00e9ative&#8221;) de la MDMA. La question de savoir si les utilisateurs r\u00e9cr\u00e9atifs de MDMA pourraient ressentir des effets favorables \u00e0 long terme de l&#8217;utilisation de MDMA est soulev\u00e9e par les avantages potentiels apport\u00e9s par la psychoth\u00e9rapie assist\u00e9e par MDMA.<\/p>\n<p><strong>COMMENT LA MDMA AFFECTE-T-ELLE LE CERVEAU\u00a0?<\/strong><\/p>\n<p>La MDMA augmente les activit\u00e9s de trois substances chimiques du cerveau qui sont\u00a0:<\/p>\n<ul>\n<li>La DOPAMINE augmente l&#8217;\u00e9nergie\/l&#8217;activit\u00e9 et agit comme un syst\u00e8me pour renforcer le comportement.<\/li>\n<li>NOREPINEPHRINE- augmente le pouls et les signes vitaux, ce qui est risqu\u00e9 pour les personnes souffrant de probl\u00e8mes cardiaques et vasculaires.<\/li>\n<li>SEROTONINE- affecte l&#8217;humeur, l&#8217;app\u00e9tit, le sommeil et d&#8217;autres fonctions. Il d\u00e9clenche \u00e9galement des hormones qui peuvent affecter l&#8217;excitation sexuelle et la confiance. La lib\u00e9ration d&#8217;\u00e9normes quantit\u00e9s de s\u00e9rotonine peut probablement provoquer la proximit\u00e9 \u00e9motionnelle, l&#8217;\u00e9l\u00e9vation de l&#8217;humeur et l&#8217;empathie ressenties par ceux qui utilisent la MDMA.<\/li>\n<\/ul>\n<p><strong>AUTRES EFFETS SUR LA SANT\u00c9\u00a0:<\/strong><\/p>\n<ul>\n<li>Naus\u00e9es<\/li>\n<li>Crampes musculaires<\/li>\n<li>Serrement involontaire des dents<\/li>\n<li>Vision floue<\/li>\n<li>Frissons<\/li>\n<li>Transpiration<\/li>\n<\/ul>\n","protected":false},"excerpt":{"rendered":"<p>La MDMA ou 3,4-m\u00e9thyl\u00e8nedioxym\u00e9thamph\u00e9tamine commun\u00e9ment appel\u00e9e ecstasy peut \u00eatre une drogue psychotrope principalement utilis\u00e9e comme stup\u00e9fiant. Les effets souhait\u00e9s de la MDMA incluent des sensations alt\u00e9r\u00e9es et une \u00e9nergie, une empathie et un plaisir accrus.<\/p>\n","protected":false},"featured_media":1581,"comment_status":"open","ping_status":"closed","template":"","meta":{"inline_featured_image":false},"product_brand":[],"product_cat":[345],"product_tag":[],"class_list":{"0":"post-1572","1":"product","2":"type-product","3":"status-publish","4":"has-post-thumbnail","6":"product_cat-drogues-psychdliques","7":"pa_pills-100-pills","8":"pa_pills-1000-pills","9":"pa_pills-30-pills","10":"pa_pills-300-pills","11":"pa_pills-50-pills","12":"pa_pills-500-pills","14":"first","15":"instock","16":"featured","17":"shipping-taxable","18":"purchasable","19":"product-type-variable","20":"has-default-attributes"},"yoast_head":"<!-- This site is optimized with the Yoast SEO Premium plugin v20.6 (Yoast SEO v27.5) - https:\/\/yoast.com\/product\/yoast-seo-premium-wordpress\/ -->\n<title>Acheter de la MDMA en ligne sans ordonnance | MDMA \u00e0 vendre<\/title>\n<meta name=\"description\" content=\"Acheter de la MDMA en ligne commun\u00e9ment appel\u00e9e ecstasy peut \u00eatre une drogue psychotrope principalement utilis\u00e9e comme stup\u00e9fiant par Good Dealers Meds.\" \/>\n<meta name=\"robots\" content=\"index, follow, max-snippet:-1, max-image-preview:large, max-video-preview:-1\" \/>\n<link rel=\"canonical\" href=\"https:\/\/gooddealersmeds.com\/fr\/product\/mdma-ecstasy-ou-molly\/\" \/>\n<meta property=\"og:locale\" content=\"en_US\" \/>\n<meta property=\"og:type\" content=\"article\" \/>\n<meta property=\"og:title\" content=\"MDMA (Ecstasy ou Molly)\" \/>\n<meta property=\"og:description\" content=\"Acheter de la MDMA en ligne commun\u00e9ment appel\u00e9e ecstasy peut \u00eatre une drogue psychotrope principalement utilis\u00e9e comme stup\u00e9fiant par Good Dealers Meds.\" \/>\n<meta property=\"og:url\" content=\"https:\/\/gooddealersmeds.com\/fr\/product\/mdma-ecstasy-ou-molly\/\" \/>\n<meta property=\"og:site_name\" content=\"Good Dealers Meds\" \/>\n<meta property=\"article:modified_time\" content=\"2023-01-08T11:26:13+00:00\" \/>\n<meta property=\"og:image\" content=\"https:\/\/gooddealersmeds.com\/fr\/wp-content\/uploads\/sites\/5\/2022\/03\/MDMA-Ecstasy-or-Molly-1.jpeg\" \/>\n\t<meta property=\"og:image:width\" content=\"600\" \/>\n\t<meta property=\"og:image:height\" content=\"600\" \/>\n\t<meta property=\"og:image:type\" content=\"image\/jpeg\" \/>\n<meta name=\"twitter:card\" content=\"summary_large_image\" \/>\n<meta name=\"twitter:label1\" content=\"Est. reading time\" \/>\n\t<meta name=\"twitter:data1\" content=\"1 minute\" \/>\n<script type=\"application\/ld+json\" class=\"yoast-schema-graph\">{\"@context\":\"https:\\\/\\\/schema.org\",\"@graph\":[{\"@type\":\"WebPage\",\"@id\":\"https:\\\/\\\/gooddealersmeds.com\\\/fr\\\/product\\\/mdma-ecstasy-ou-molly\\\/\",\"url\":\"https:\\\/\\\/gooddealersmeds.com\\\/fr\\\/product\\\/mdma-ecstasy-ou-molly\\\/\",\"name\":\"Acheter de la MDMA en ligne sans ordonnance | MDMA \u00e0 vendre\",\"isPartOf\":{\"@id\":\"https:\\\/\\\/gooddealersmeds.com\\\/fr\\\/#website\"},\"primaryImageOfPage\":{\"@id\":\"https:\\\/\\\/gooddealersmeds.com\\\/fr\\\/product\\\/mdma-ecstasy-ou-molly\\\/#primaryimage\"},\"image\":{\"@id\":\"https:\\\/\\\/gooddealersmeds.com\\\/fr\\\/product\\\/mdma-ecstasy-ou-molly\\\/#primaryimage\"},\"thumbnailUrl\":\"https:\\\/\\\/gooddealersmeds.com\\\/fr\\\/wp-content\\\/uploads\\\/sites\\\/5\\\/2022\\\/03\\\/MDMA-Ecstasy-or-Molly-1.jpeg\",\"datePublished\":\"2022-03-18T01:52:51+00:00\",\"dateModified\":\"2023-01-08T11:26:13+00:00\",\"description\":\"Acheter de la MDMA en ligne commun\u00e9ment appel\u00e9e ecstasy peut \u00eatre une drogue psychotrope principalement utilis\u00e9e comme stup\u00e9fiant par Good Dealers Meds.\",\"breadcrumb\":{\"@id\":\"https:\\\/\\\/gooddealersmeds.com\\\/fr\\\/product\\\/mdma-ecstasy-ou-molly\\\/#breadcrumb\"},\"inLanguage\":\"en-US\",\"potentialAction\":[{\"@type\":\"ReadAction\",\"target\":[\"https:\\\/\\\/gooddealersmeds.com\\\/fr\\\/product\\\/mdma-ecstasy-ou-molly\\\/\"]}]},{\"@type\":\"ImageObject\",\"inLanguage\":\"en-US\",\"@id\":\"https:\\\/\\\/gooddealersmeds.com\\\/fr\\\/product\\\/mdma-ecstasy-ou-molly\\\/#primaryimage\",\"url\":\"https:\\\/\\\/gooddealersmeds.com\\\/fr\\\/wp-content\\\/uploads\\\/sites\\\/5\\\/2022\\\/03\\\/MDMA-Ecstasy-or-Molly-1.jpeg\",\"contentUrl\":\"https:\\\/\\\/gooddealersmeds.com\\\/fr\\\/wp-content\\\/uploads\\\/sites\\\/5\\\/2022\\\/03\\\/MDMA-Ecstasy-or-Molly-1.jpeg\",\"width\":600,\"height\":600,\"caption\":\"Buy MDMA Online\"},{\"@type\":\"BreadcrumbList\",\"@id\":\"https:\\\/\\\/gooddealersmeds.com\\\/fr\\\/product\\\/mdma-ecstasy-ou-molly\\\/#breadcrumb\",\"itemListElement\":[{\"@type\":\"ListItem\",\"position\":1,\"name\":\"Home\",\"item\":\"https:\\\/\\\/gooddealersmeds.com\\\/fr\\\/\"},{\"@type\":\"ListItem\",\"position\":2,\"name\":\"Des produits\",\"item\":\"https:\\\/\\\/gooddealersmeds.com\\\/fr\\\/des-produits\\\/\"},{\"@type\":\"ListItem\",\"position\":3,\"name\":\"MDMA (Ecstasy ou Molly)\"}]},{\"@type\":\"WebSite\",\"@id\":\"https:\\\/\\\/gooddealersmeds.com\\\/fr\\\/#website\",\"url\":\"https:\\\/\\\/gooddealersmeds.com\\\/fr\\\/\",\"name\":\"Good Dealers Meds\",\"description\":\"All our best\",\"publisher\":{\"@id\":\"https:\\\/\\\/gooddealersmeds.com\\\/fr\\\/#organization\"},\"potentialAction\":[{\"@type\":\"SearchAction\",\"target\":{\"@type\":\"EntryPoint\",\"urlTemplate\":\"https:\\\/\\\/gooddealersmeds.com\\\/fr\\\/?s={search_term_string}\"},\"query-input\":{\"@type\":\"PropertyValueSpecification\",\"valueRequired\":true,\"valueName\":\"search_term_string\"}}],\"inLanguage\":\"en-US\"},{\"@type\":\"Organization\",\"@id\":\"https:\\\/\\\/gooddealersmeds.com\\\/fr\\\/#organization\",\"name\":\"Good Dealers Meds\",\"url\":\"https:\\\/\\\/gooddealersmeds.com\\\/fr\\\/\",\"logo\":{\"@type\":\"ImageObject\",\"inLanguage\":\"en-US\",\"@id\":\"https:\\\/\\\/gooddealersmeds.com\\\/fr\\\/#\\\/schema\\\/logo\\\/image\\\/\",\"url\":\"https:\\\/\\\/gooddealersmeds.com\\\/fr\\\/wp-content\\\/uploads\\\/sites\\\/5\\\/2022\\\/03\\\/gooddealersmeds__logo__20220317T222800Z.00.png\",\"contentUrl\":\"https:\\\/\\\/gooddealersmeds.com\\\/fr\\\/wp-content\\\/uploads\\\/sites\\\/5\\\/2022\\\/03\\\/gooddealersmeds__logo__20220317T222800Z.00.png\",\"width\":500,\"height\":325,\"caption\":\"Good Dealers Meds\"},\"image\":{\"@id\":\"https:\\\/\\\/gooddealersmeds.com\\\/fr\\\/#\\\/schema\\\/logo\\\/image\\\/\"}}]}<\/script>\n<!-- \/ Yoast SEO Premium plugin. -->","yoast_head_json":{"title":"Acheter de la MDMA en ligne sans ordonnance | MDMA \u00e0 vendre","description":"Acheter de la MDMA en ligne commun\u00e9ment appel\u00e9e ecstasy peut \u00eatre une drogue psychotrope principalement utilis\u00e9e comme stup\u00e9fiant par Good Dealers Meds.","robots":{"index":"index","follow":"follow","max-snippet":"max-snippet:-1","max-image-preview":"max-image-preview:large","max-video-preview":"max-video-preview:-1"},"canonical":"https:\/\/gooddealersmeds.com\/fr\/product\/mdma-ecstasy-ou-molly\/","og_locale":"en_US","og_type":"article","og_title":"MDMA (Ecstasy ou Molly)","og_description":"Acheter de la MDMA en ligne commun\u00e9ment appel\u00e9e ecstasy peut \u00eatre une drogue psychotrope principalement utilis\u00e9e comme stup\u00e9fiant par Good Dealers Meds.","og_url":"https:\/\/gooddealersmeds.com\/fr\/product\/mdma-ecstasy-ou-molly\/","og_site_name":"Good Dealers Meds","article_modified_time":"2023-01-08T11:26:13+00:00","og_image":[{"width":600,"height":600,"url":"https:\/\/gooddealersmeds.com\/fr\/wp-content\/uploads\/sites\/5\/2022\/03\/MDMA-Ecstasy-or-Molly-1.jpeg","type":"image\/jpeg"}],"twitter_card":"summary_large_image","twitter_misc":{"Est. reading time":"1 minute"},"schema":{"@context":"https:\/\/schema.org","@graph":[{"@type":"WebPage","@id":"https:\/\/gooddealersmeds.com\/fr\/product\/mdma-ecstasy-ou-molly\/","url":"https:\/\/gooddealersmeds.com\/fr\/product\/mdma-ecstasy-ou-molly\/","name":"Acheter de la MDMA en ligne sans ordonnance | MDMA \u00e0 vendre","isPartOf":{"@id":"https:\/\/gooddealersmeds.com\/fr\/#website"},"primaryImageOfPage":{"@id":"https:\/\/gooddealersmeds.com\/fr\/product\/mdma-ecstasy-ou-molly\/#primaryimage"},"image":{"@id":"https:\/\/gooddealersmeds.com\/fr\/product\/mdma-ecstasy-ou-molly\/#primaryimage"},"thumbnailUrl":"https:\/\/gooddealersmeds.com\/fr\/wp-content\/uploads\/sites\/5\/2022\/03\/MDMA-Ecstasy-or-Molly-1.jpeg","datePublished":"2022-03-18T01:52:51+00:00","dateModified":"2023-01-08T11:26:13+00:00","description":"Acheter de la MDMA en ligne commun\u00e9ment appel\u00e9e ecstasy peut \u00eatre une drogue psychotrope principalement utilis\u00e9e comme stup\u00e9fiant par Good Dealers Meds.","breadcrumb":{"@id":"https:\/\/gooddealersmeds.com\/fr\/product\/mdma-ecstasy-ou-molly\/#breadcrumb"},"inLanguage":"en-US","potentialAction":[{"@type":"ReadAction","target":["https:\/\/gooddealersmeds.com\/fr\/product\/mdma-ecstasy-ou-molly\/"]}]},{"@type":"ImageObject","inLanguage":"en-US","@id":"https:\/\/gooddealersmeds.com\/fr\/product\/mdma-ecstasy-ou-molly\/#primaryimage","url":"https:\/\/gooddealersmeds.com\/fr\/wp-content\/uploads\/sites\/5\/2022\/03\/MDMA-Ecstasy-or-Molly-1.jpeg","contentUrl":"https:\/\/gooddealersmeds.com\/fr\/wp-content\/uploads\/sites\/5\/2022\/03\/MDMA-Ecstasy-or-Molly-1.jpeg","width":600,"height":600,"caption":"Buy MDMA Online"},{"@type":"BreadcrumbList","@id":"https:\/\/gooddealersmeds.com\/fr\/product\/mdma-ecstasy-ou-molly\/#breadcrumb","itemListElement":[{"@type":"ListItem","position":1,"name":"Home","item":"https:\/\/gooddealersmeds.com\/fr\/"},{"@type":"ListItem","position":2,"name":"Des produits","item":"https:\/\/gooddealersmeds.com\/fr\/des-produits\/"},{"@type":"ListItem","position":3,"name":"MDMA (Ecstasy ou Molly)"}]},{"@type":"WebSite","@id":"https:\/\/gooddealersmeds.com\/fr\/#website","url":"https:\/\/gooddealersmeds.com\/fr\/","name":"Good Dealers Meds","description":"All our best","publisher":{"@id":"https:\/\/gooddealersmeds.com\/fr\/#organization"},"potentialAction":[{"@type":"SearchAction","target":{"@type":"EntryPoint","urlTemplate":"https:\/\/gooddealersmeds.com\/fr\/?s={search_term_string}"},"query-input":{"@type":"PropertyValueSpecification","valueRequired":true,"valueName":"search_term_string"}}],"inLanguage":"en-US"},{"@type":"Organization","@id":"https:\/\/gooddealersmeds.com\/fr\/#organization","name":"Good Dealers Meds","url":"https:\/\/gooddealersmeds.com\/fr\/","logo":{"@type":"ImageObject","inLanguage":"en-US","@id":"https:\/\/gooddealersmeds.com\/fr\/#\/schema\/logo\/image\/","url":"https:\/\/gooddealersmeds.com\/fr\/wp-content\/uploads\/sites\/5\/2022\/03\/gooddealersmeds__logo__20220317T222800Z.00.png","contentUrl":"https:\/\/gooddealersmeds.com\/fr\/wp-content\/uploads\/sites\/5\/2022\/03\/gooddealersmeds__logo__20220317T222800Z.00.png","width":500,"height":325,"caption":"Good Dealers Meds"},"image":{"@id":"https:\/\/gooddealersmeds.com\/fr\/#\/schema\/logo\/image\/"}}]}},"_links":{"self":[{"href":"https:\/\/gooddealersmeds.com\/fr\/wp-json\/wp\/v2\/product\/1572","targetHints":{"allow":["GET"]}}],"collection":[{"href":"https:\/\/gooddealersmeds.com\/fr\/wp-json\/wp\/v2\/product"}],"about":[{"href":"https:\/\/gooddealersmeds.com\/fr\/wp-json\/wp\/v2\/types\/product"}],"replies":[{"embeddable":true,"href":"https:\/\/gooddealersmeds.com\/fr\/wp-json\/wp\/v2\/comments?post=1572"}],"wp:featuredmedia":[{"embeddable":true,"href":"https:\/\/gooddealersmeds.com\/fr\/wp-json\/wp\/v2\/media\/1581"}],"wp:attachment":[{"href":"https:\/\/gooddealersmeds.com\/fr\/wp-json\/wp\/v2\/media?parent=1572"}],"wp:term":[{"taxonomy":"product_brand","embeddable":true,"href":"https:\/\/gooddealersmeds.com\/fr\/wp-json\/wp\/v2\/product_brand?post=1572"},{"taxonomy":"product_cat","embeddable":true,"href":"https:\/\/gooddealersmeds.com\/fr\/wp-json\/wp\/v2\/product_cat?post=1572"},{"taxonomy":"product_tag","embeddable":true,"href":"https:\/\/gooddealersmeds.com\/fr\/wp-json\/wp\/v2\/product_tag?post=1572"}],"curies":[{"name":"wp","href":"https:\/\/api.w.org\/{rel}","templated":true}]}}