{"id":1563,"date":"2022-03-18T01:19:50","date_gmt":"2022-03-18T01:19:50","guid":{"rendered":"https:\/\/gooddealersmeds.com\/fr\/?post_type=product&#038;p=1563"},"modified":"2023-01-08T11:35:00","modified_gmt":"2023-01-08T11:35:00","slug":"acheter-amphetamine-poudre-en-ligne","status":"publish","type":"product","link":"https:\/\/gooddealersmeds.com\/fr\/product\/acheter-amphetamine-poudre-en-ligne\/","title":{"rendered":"Acheter de la poudre d&#8217;amph\u00e9tamine en ligne"},"content":{"rendered":"<h2>Poudre d&#8217;amph\u00e9tamine \u00e0 vendre parmi les meilleurs<\/h2>\n<p>Acheter de la poudre d&#8217;amph\u00e9tamine. Les amph\u00e9tamines sont des m\u00e9dicaments stimulants qui stimulent l&#8217;activit\u00e9 de certains produits chimiques du cerveau. Ces m\u00e9dicaments contiennent de l&#8217;amph\u00e9tamine, un stimulant du syst\u00e8me nerveux central utilis\u00e9 pour traiter le trouble d\u00e9ficitaire de l&#8217;attention avec hyperactivit\u00e9, la narcolepsie et l&#8217;ob\u00e9sit\u00e9. Dans la plupart des cas, deux produits chimiques s&#8217;unissent pour le former. Il en existe deux : la l\u00e9voamph\u00e9tamine et la dextroamph\u00e9tamine. Le v\u00e9ritable m\u00e9dicament utilis\u00e9 pour traiter le TDAH est la dextroamph\u00e9tamine. La l\u00e9voamph\u00e9tamine, quant \u00e0 elle, est un psychostimulant qui favorise la vigilance et la concentration.<\/p>\n<p>La dexamph\u00e9tamine, le sulfate et la m\u00e9thamph\u00e9tamine, une version plus puissante de l&#8217;amph\u00e9tamine, en sont d&#8217;autres exemples. Cependant, les m\u00e9dicaments contenant de l&#8217;amph\u00e9tamine sont vendus sous diverses marques en Europe. <a href=\"https:\/\/gooddealersmeds.com\/fr\/product\/buy-amphetamine-powder-online\/\">La poudre d&#8217;amph\u00e9tamine \u00e0 vendre<\/a> est utilis\u00e9e pour traiter le trouble d&#8217;hyperactivit\u00e9 avec d\u00e9ficit de l&#8217;attention par voie m\u00e9dicale par des m\u00e9decins avec recommandation .<\/p>\n<p>La poudre est aval\u00e9e ou renifl\u00e9e. Le sulfate d&#8217;amph\u00e9tamine n&#8217;est pas suffisamment volatil pour \u00eatre fum\u00e9 Contrairement au sel chlorhydrate de m\u00e9thamph\u00e9tamine.<\/p>\n<p><strong>Effets<\/strong><\/p>\n<p>Premi\u00e8rement, il affecte tout le monde diff\u00e9remment, selon la taille, le poids, et la sant\u00e9, si l&#8217;individu a l&#8217;habitude d&#8217;en prendre, si d&#8217;autres drogues sont prises en m\u00eame temps, la quantit\u00e9 consomm\u00e9e et la force de la drogue (varie d&#8217;un lot \u00e0 l&#8217;autre avec des drogues produites ill\u00e9galement).<\/p>\n<p>Comme en cons\u00e9quence, ses effets peuvent \u00eatre ressentis imm\u00e9diatement (si inject\u00e9 ou fum\u00e9) ou dans les 30 minutes (si sniff\u00e9 ou aval\u00e9).<\/p>\n<p>Les effets suivants peuvent \u00eatre ressentis\u00a0:<\/p>\n<ul>\n<li>Bonheur et confiance<\/li>\n<li>Parler plus et se sentir \u00e9nergique<\/li>\n<li>R\u00e9p\u00e9ter des choses simples comme des d\u00e9mangeaisons et se gratter<\/li>\n<li>Pupilles larges et bouche s\u00e8che<\/li>\n<li>Battements de c\u0153ur rapides et respiration<\/li>\n<li>Grincement des dents<\/li>\n<li>R\u00e9duction de l&#8217;app\u00e9tit<\/li>\n<li>Transpiration excessive<\/li>\n<li>Augmentation de la libido<\/li>\n<\/ul>\n<h3>Acheter de la poudre d&#8217;amph\u00e9tamine &#8211; Comment fonctionne la poudre d&#8217;amph\u00e9tamine ?<\/h3>\n<p>T il doit \u00eatre pris selon les instructions du m\u00e9decin pour les besoins m\u00e9dicaux. Commencez par la plus petite quantit\u00e9 possible \u00e0 des fins r\u00e9cr\u00e9atives pour vous assurer que la substance n&#8217;a pas d&#8217;influence n\u00e9gative. La dose l\u00e9g\u00e8re est de 5 \u00e0 20 mg, tandis que tout ce qui est au-dessus est consid\u00e9r\u00e9 comme une dose forte (40 \u00e0 70 mg).<\/p>\n<p><strong>Effets secondaires<\/strong><\/p>\n<p>Battement de coeur irr\u00e9gulier, hypertension art\u00e9rielle et temp\u00e9rature \u00e9lev\u00e9e. Il existe \u00e9galement des risques d&#8217;\u00e9clatement des vaisseaux sanguins, de crise cardiaque ou d&#8217;accident vasculaire c\u00e9r\u00e9bral. M\u00eame la mort peut survenir.<\/p>\n<p>Vous pouvez acheter de la poudre d&#8217;amph\u00e9tamine en ligne dans notre <a href=\"https:\/\/gooddealersmeds.com\/fr\/products\/\">magasin<\/a> avec une livraison s\u00e9curis\u00e9e dans toute l&#8217;Europe .<\/p>\n","protected":false},"excerpt":{"rendered":"<p>Achetez de la poudre d&#8217;amph\u00e9tamine en ligne aupr\u00e8s d&#8217;un fournisseur de confiance et obtenez la meilleure qualit\u00e9. Nous vous offrons la meilleure exp\u00e9rience d&#8217;exp\u00e9dition. Achetez de la m\u00e9thamph\u00e9tamine.<\/p>\n","protected":false},"featured_media":1571,"comment_status":"open","ping_status":"closed","template":"","meta":{"inline_featured_image":false},"product_brand":[],"product_cat":[343],"product_tag":[],"class_list":{"0":"post-1563","1":"product","2":"type-product","3":"status-publish","4":"has-post-thumbnail","6":"product_cat-les-autres","7":"pa_grams-1-kg-1000-g","8":"pa_grams-100-g","9":"pa_grams-20-g","10":"pa_grams-200-g","11":"pa_grams-250-g","12":"pa_grams-35-g","13":"pa_grams-50-g","14":"pa_grams-500-g","16":"first","17":"instock","18":"featured","19":"shipping-taxable","20":"purchasable","21":"product-type-variable","22":"has-default-attributes"},"yoast_head":"<!-- This site is optimized with the Yoast SEO Premium plugin v20.6 (Yoast SEO v27.4) - https:\/\/yoast.com\/product\/yoast-seo-premium-wordpress\/ -->\n<title>Acheter de la poudre d&#039;amph\u00e9tamine | poudre d&#039;amph\u00e9tamine \u00e0 vendre<\/title>\n<meta name=\"description\" content=\"Acheter de la poudre d&#039;amph\u00e9tamine aupr\u00e8s d&#039;un fournisseur de confiance et obtenez la meilleure qualit\u00e9. Nous vous offrons la meilleure exp\u00e9rience d&#039;exp\u00e9dition.\" \/>\n<meta name=\"robots\" content=\"index, follow, max-snippet:-1, max-image-preview:large, max-video-preview:-1\" \/>\n<link rel=\"canonical\" href=\"https:\/\/gooddealersmeds.com\/fr\/product\/acheter-amphetamine-poudre-en-ligne\/\" \/>\n<meta property=\"og:locale\" content=\"en_US\" \/>\n<meta property=\"og:type\" content=\"article\" \/>\n<meta property=\"og:title\" content=\"Acheter de la poudre d&#039;amph\u00e9tamine en ligne\" \/>\n<meta property=\"og:description\" content=\"Acheter de la poudre d&#039;amph\u00e9tamine aupr\u00e8s d&#039;un fournisseur de confiance et obtenez la meilleure qualit\u00e9. Nous vous offrons la meilleure exp\u00e9rience d&#039;exp\u00e9dition.\" \/>\n<meta property=\"og:url\" content=\"https:\/\/gooddealersmeds.com\/fr\/product\/acheter-amphetamine-poudre-en-ligne\/\" \/>\n<meta property=\"og:site_name\" content=\"Good Dealers Meds\" \/>\n<meta property=\"article:modified_time\" content=\"2023-01-08T11:35:00+00:00\" \/>\n<meta property=\"og:image\" content=\"https:\/\/gooddealersmeds.com\/fr\/wp-content\/uploads\/sites\/5\/2022\/03\/AMPHETAMINE-POWDER.jpg\" \/>\n\t<meta property=\"og:image:width\" content=\"480\" \/>\n\t<meta property=\"og:image:height\" content=\"480\" \/>\n\t<meta property=\"og:image:type\" content=\"image\/jpeg\" \/>\n<meta name=\"twitter:card\" content=\"summary_large_image\" \/>\n<meta name=\"twitter:label1\" content=\"Est. reading time\" \/>\n\t<meta name=\"twitter:data1\" content=\"2 minutes\" \/>\n<script type=\"application\/ld+json\" class=\"yoast-schema-graph\">{\"@context\":\"https:\\\/\\\/schema.org\",\"@graph\":[{\"@type\":\"WebPage\",\"@id\":\"https:\\\/\\\/gooddealersmeds.com\\\/fr\\\/product\\\/acheter-amphetamine-poudre-en-ligne\\\/\",\"url\":\"https:\\\/\\\/gooddealersmeds.com\\\/fr\\\/product\\\/acheter-amphetamine-poudre-en-ligne\\\/\",\"name\":\"Acheter de la poudre d'amph\u00e9tamine | poudre d'amph\u00e9tamine \u00e0 vendre\",\"isPartOf\":{\"@id\":\"https:\\\/\\\/gooddealersmeds.com\\\/fr\\\/#website\"},\"primaryImageOfPage\":{\"@id\":\"https:\\\/\\\/gooddealersmeds.com\\\/fr\\\/product\\\/acheter-amphetamine-poudre-en-ligne\\\/#primaryimage\"},\"image\":{\"@id\":\"https:\\\/\\\/gooddealersmeds.com\\\/fr\\\/product\\\/acheter-amphetamine-poudre-en-ligne\\\/#primaryimage\"},\"thumbnailUrl\":\"https:\\\/\\\/gooddealersmeds.com\\\/fr\\\/wp-content\\\/uploads\\\/sites\\\/5\\\/2022\\\/03\\\/AMPHETAMINE-POWDER.jpg\",\"datePublished\":\"2022-03-18T01:19:50+00:00\",\"dateModified\":\"2023-01-08T11:35:00+00:00\",\"description\":\"Acheter de la poudre d'amph\u00e9tamine aupr\u00e8s d'un fournisseur de confiance et obtenez la meilleure qualit\u00e9. Nous vous offrons la meilleure exp\u00e9rience d'exp\u00e9dition.\",\"breadcrumb\":{\"@id\":\"https:\\\/\\\/gooddealersmeds.com\\\/fr\\\/product\\\/acheter-amphetamine-poudre-en-ligne\\\/#breadcrumb\"},\"inLanguage\":\"en-US\",\"potentialAction\":[{\"@type\":\"ReadAction\",\"target\":[\"https:\\\/\\\/gooddealersmeds.com\\\/fr\\\/product\\\/acheter-amphetamine-poudre-en-ligne\\\/\"]}]},{\"@type\":\"ImageObject\",\"inLanguage\":\"en-US\",\"@id\":\"https:\\\/\\\/gooddealersmeds.com\\\/fr\\\/product\\\/acheter-amphetamine-poudre-en-ligne\\\/#primaryimage\",\"url\":\"https:\\\/\\\/gooddealersmeds.com\\\/fr\\\/wp-content\\\/uploads\\\/sites\\\/5\\\/2022\\\/03\\\/AMPHETAMINE-POWDER.jpg\",\"contentUrl\":\"https:\\\/\\\/gooddealersmeds.com\\\/fr\\\/wp-content\\\/uploads\\\/sites\\\/5\\\/2022\\\/03\\\/AMPHETAMINE-POWDER.jpg\",\"width\":480,\"height\":480,\"caption\":\"Buy Amphetamine Powder Online\"},{\"@type\":\"BreadcrumbList\",\"@id\":\"https:\\\/\\\/gooddealersmeds.com\\\/fr\\\/product\\\/acheter-amphetamine-poudre-en-ligne\\\/#breadcrumb\",\"itemListElement\":[{\"@type\":\"ListItem\",\"position\":1,\"name\":\"Home\",\"item\":\"https:\\\/\\\/gooddealersmeds.com\\\/fr\\\/\"},{\"@type\":\"ListItem\",\"position\":2,\"name\":\"Des produits\",\"item\":\"https:\\\/\\\/gooddealersmeds.com\\\/fr\\\/des-produits\\\/\"},{\"@type\":\"ListItem\",\"position\":3,\"name\":\"Acheter de la poudre d&#8217;amph\u00e9tamine en ligne\"}]},{\"@type\":\"WebSite\",\"@id\":\"https:\\\/\\\/gooddealersmeds.com\\\/fr\\\/#website\",\"url\":\"https:\\\/\\\/gooddealersmeds.com\\\/fr\\\/\",\"name\":\"Good Dealers Meds\",\"description\":\"All our best\",\"publisher\":{\"@id\":\"https:\\\/\\\/gooddealersmeds.com\\\/fr\\\/#organization\"},\"potentialAction\":[{\"@type\":\"SearchAction\",\"target\":{\"@type\":\"EntryPoint\",\"urlTemplate\":\"https:\\\/\\\/gooddealersmeds.com\\\/fr\\\/?s={search_term_string}\"},\"query-input\":{\"@type\":\"PropertyValueSpecification\",\"valueRequired\":true,\"valueName\":\"search_term_string\"}}],\"inLanguage\":\"en-US\"},{\"@type\":\"Organization\",\"@id\":\"https:\\\/\\\/gooddealersmeds.com\\\/fr\\\/#organization\",\"name\":\"Good Dealers Meds\",\"url\":\"https:\\\/\\\/gooddealersmeds.com\\\/fr\\\/\",\"logo\":{\"@type\":\"ImageObject\",\"inLanguage\":\"en-US\",\"@id\":\"https:\\\/\\\/gooddealersmeds.com\\\/fr\\\/#\\\/schema\\\/logo\\\/image\\\/\",\"url\":\"https:\\\/\\\/gooddealersmeds.com\\\/fr\\\/wp-content\\\/uploads\\\/sites\\\/5\\\/2022\\\/03\\\/gooddealersmeds__logo__20220317T222800Z.00.png\",\"contentUrl\":\"https:\\\/\\\/gooddealersmeds.com\\\/fr\\\/wp-content\\\/uploads\\\/sites\\\/5\\\/2022\\\/03\\\/gooddealersmeds__logo__20220317T222800Z.00.png\",\"width\":500,\"height\":325,\"caption\":\"Good Dealers Meds\"},\"image\":{\"@id\":\"https:\\\/\\\/gooddealersmeds.com\\\/fr\\\/#\\\/schema\\\/logo\\\/image\\\/\"}}]}<\/script>\n<!-- \/ Yoast SEO Premium plugin. -->","yoast_head_json":{"title":"Acheter de la poudre d'amph\u00e9tamine | poudre d'amph\u00e9tamine \u00e0 vendre","description":"Acheter de la poudre d'amph\u00e9tamine aupr\u00e8s d'un fournisseur de confiance et obtenez la meilleure qualit\u00e9. Nous vous offrons la meilleure exp\u00e9rience d'exp\u00e9dition.","robots":{"index":"index","follow":"follow","max-snippet":"max-snippet:-1","max-image-preview":"max-image-preview:large","max-video-preview":"max-video-preview:-1"},"canonical":"https:\/\/gooddealersmeds.com\/fr\/product\/acheter-amphetamine-poudre-en-ligne\/","og_locale":"en_US","og_type":"article","og_title":"Acheter de la poudre d'amph\u00e9tamine en ligne","og_description":"Acheter de la poudre d'amph\u00e9tamine aupr\u00e8s d'un fournisseur de confiance et obtenez la meilleure qualit\u00e9. Nous vous offrons la meilleure exp\u00e9rience d'exp\u00e9dition.","og_url":"https:\/\/gooddealersmeds.com\/fr\/product\/acheter-amphetamine-poudre-en-ligne\/","og_site_name":"Good Dealers Meds","article_modified_time":"2023-01-08T11:35:00+00:00","og_image":[{"width":480,"height":480,"url":"https:\/\/gooddealersmeds.com\/fr\/wp-content\/uploads\/sites\/5\/2022\/03\/AMPHETAMINE-POWDER.jpg","type":"image\/jpeg"}],"twitter_card":"summary_large_image","twitter_misc":{"Est. reading time":"2 minutes"},"schema":{"@context":"https:\/\/schema.org","@graph":[{"@type":"WebPage","@id":"https:\/\/gooddealersmeds.com\/fr\/product\/acheter-amphetamine-poudre-en-ligne\/","url":"https:\/\/gooddealersmeds.com\/fr\/product\/acheter-amphetamine-poudre-en-ligne\/","name":"Acheter de la poudre d'amph\u00e9tamine | poudre d'amph\u00e9tamine \u00e0 vendre","isPartOf":{"@id":"https:\/\/gooddealersmeds.com\/fr\/#website"},"primaryImageOfPage":{"@id":"https:\/\/gooddealersmeds.com\/fr\/product\/acheter-amphetamine-poudre-en-ligne\/#primaryimage"},"image":{"@id":"https:\/\/gooddealersmeds.com\/fr\/product\/acheter-amphetamine-poudre-en-ligne\/#primaryimage"},"thumbnailUrl":"https:\/\/gooddealersmeds.com\/fr\/wp-content\/uploads\/sites\/5\/2022\/03\/AMPHETAMINE-POWDER.jpg","datePublished":"2022-03-18T01:19:50+00:00","dateModified":"2023-01-08T11:35:00+00:00","description":"Acheter de la poudre d'amph\u00e9tamine aupr\u00e8s d'un fournisseur de confiance et obtenez la meilleure qualit\u00e9. Nous vous offrons la meilleure exp\u00e9rience d'exp\u00e9dition.","breadcrumb":{"@id":"https:\/\/gooddealersmeds.com\/fr\/product\/acheter-amphetamine-poudre-en-ligne\/#breadcrumb"},"inLanguage":"en-US","potentialAction":[{"@type":"ReadAction","target":["https:\/\/gooddealersmeds.com\/fr\/product\/acheter-amphetamine-poudre-en-ligne\/"]}]},{"@type":"ImageObject","inLanguage":"en-US","@id":"https:\/\/gooddealersmeds.com\/fr\/product\/acheter-amphetamine-poudre-en-ligne\/#primaryimage","url":"https:\/\/gooddealersmeds.com\/fr\/wp-content\/uploads\/sites\/5\/2022\/03\/AMPHETAMINE-POWDER.jpg","contentUrl":"https:\/\/gooddealersmeds.com\/fr\/wp-content\/uploads\/sites\/5\/2022\/03\/AMPHETAMINE-POWDER.jpg","width":480,"height":480,"caption":"Buy Amphetamine Powder Online"},{"@type":"BreadcrumbList","@id":"https:\/\/gooddealersmeds.com\/fr\/product\/acheter-amphetamine-poudre-en-ligne\/#breadcrumb","itemListElement":[{"@type":"ListItem","position":1,"name":"Home","item":"https:\/\/gooddealersmeds.com\/fr\/"},{"@type":"ListItem","position":2,"name":"Des produits","item":"https:\/\/gooddealersmeds.com\/fr\/des-produits\/"},{"@type":"ListItem","position":3,"name":"Acheter de la poudre d&#8217;amph\u00e9tamine en ligne"}]},{"@type":"WebSite","@id":"https:\/\/gooddealersmeds.com\/fr\/#website","url":"https:\/\/gooddealersmeds.com\/fr\/","name":"Good Dealers Meds","description":"All our best","publisher":{"@id":"https:\/\/gooddealersmeds.com\/fr\/#organization"},"potentialAction":[{"@type":"SearchAction","target":{"@type":"EntryPoint","urlTemplate":"https:\/\/gooddealersmeds.com\/fr\/?s={search_term_string}"},"query-input":{"@type":"PropertyValueSpecification","valueRequired":true,"valueName":"search_term_string"}}],"inLanguage":"en-US"},{"@type":"Organization","@id":"https:\/\/gooddealersmeds.com\/fr\/#organization","name":"Good Dealers Meds","url":"https:\/\/gooddealersmeds.com\/fr\/","logo":{"@type":"ImageObject","inLanguage":"en-US","@id":"https:\/\/gooddealersmeds.com\/fr\/#\/schema\/logo\/image\/","url":"https:\/\/gooddealersmeds.com\/fr\/wp-content\/uploads\/sites\/5\/2022\/03\/gooddealersmeds__logo__20220317T222800Z.00.png","contentUrl":"https:\/\/gooddealersmeds.com\/fr\/wp-content\/uploads\/sites\/5\/2022\/03\/gooddealersmeds__logo__20220317T222800Z.00.png","width":500,"height":325,"caption":"Good Dealers Meds"},"image":{"@id":"https:\/\/gooddealersmeds.com\/fr\/#\/schema\/logo\/image\/"}}]}},"_links":{"self":[{"href":"https:\/\/gooddealersmeds.com\/fr\/wp-json\/wp\/v2\/product\/1563","targetHints":{"allow":["GET"]}}],"collection":[{"href":"https:\/\/gooddealersmeds.com\/fr\/wp-json\/wp\/v2\/product"}],"about":[{"href":"https:\/\/gooddealersmeds.com\/fr\/wp-json\/wp\/v2\/types\/product"}],"replies":[{"embeddable":true,"href":"https:\/\/gooddealersmeds.com\/fr\/wp-json\/wp\/v2\/comments?post=1563"}],"wp:featuredmedia":[{"embeddable":true,"href":"https:\/\/gooddealersmeds.com\/fr\/wp-json\/wp\/v2\/media\/1571"}],"wp:attachment":[{"href":"https:\/\/gooddealersmeds.com\/fr\/wp-json\/wp\/v2\/media?parent=1563"}],"wp:term":[{"taxonomy":"product_brand","embeddable":true,"href":"https:\/\/gooddealersmeds.com\/fr\/wp-json\/wp\/v2\/product_brand?post=1563"},{"taxonomy":"product_cat","embeddable":true,"href":"https:\/\/gooddealersmeds.com\/fr\/wp-json\/wp\/v2\/product_cat?post=1563"},{"taxonomy":"product_tag","embeddable":true,"href":"https:\/\/gooddealersmeds.com\/fr\/wp-json\/wp\/v2\/product_tag?post=1563"}],"curies":[{"name":"wp","href":"https:\/\/api.w.org\/{rel}","templated":true}]}}