{"id":1554,"date":"2022-03-18T00:49:43","date_gmt":"2022-03-18T00:49:43","guid":{"rendered":"https:\/\/gooddealersmeds.com\/fr\/?post_type=product&#038;p=1554"},"modified":"2023-01-08T11:45:42","modified_gmt":"2023-01-08T11:45:42","slug":"ephedrine-hcl","status":"publish","type":"product","link":"https:\/\/gooddealersmeds.com\/fr\/product\/ephedrine-hcl\/","title":{"rendered":"Acheter de l&#8217;\u00e9ph\u00e9drine HCL en ligne"},"content":{"rendered":"<h2>Achetez de l&#8217;\u00e9ph\u00e9drine en ligne sans ordonnance \u00e0 un prix abordable<\/h2>\n<p>L&#8217;\u00e9ph\u00e9drine est un m\u00e9dicament et un stimulant. Il est souvent utilis\u00e9 pour pr\u00e9venir l&#8217;hypotension art\u00e9rielle pendant la rachianesth\u00e9sie. Acheter de l&#8217;\u00e9ph\u00e9drine en ligne,\u00a0 Il a \u00e9galement \u00e9t\u00e9 utilis\u00e9 pour <a href=\"https:\/\/www.cdc.gov\/asthma\/faqs.htm\" target=\"_blank\"><span style=\"color: #333333\">l&#8217;asthme<\/span><\/a>, la narcolepsie et l&#8217;ob\u00e9sit\u00e9, mais n&#8217;est pas le traitement de choix. Il est d&#8217;un avantage incertain dans la congestion nasale. Il peut \u00eatre pris par voie orale ou par injection dans un muscle, une veine ou juste sous la peau. achetez ce produit avec nous, le d\u00e9but avec une utilisation intraveineuse est rapide, tandis que l&#8217;injection dans un muscle peut prendre 20 minutes et par voie orale peut prendre une heure pour effet. Lorsqu&#8217;il est administr\u00e9 par injection, il dure environ une heure et lorsqu&#8217;il est pris par voie orale, il peut durer jusqu&#8217;\u00e0 quatre heures. <a href=\"https:\/\/gooddealersmeds.com\/fr\/product\/ephedrine-hcl\/\">ephedrine en vente<\/a> en ligne chez <span style=\"color: #333333\"><a style=\"color: #333333\" href=\"https:\/\/gooddealersmeds.com\/fr\/\" target=\"_blank\">Bons revendeurs de m\u00e9dicaments<\/a><\/span>.<\/p>\n<p>Bien que probablement sans danger pendant la grossesse, son utilisation dans cette population est peu \u00e9tudi\u00e9e. L&#8217;utilisation pendant l&#8217;allaitement n&#8217;est pas recommand\u00e9e. L&#8217;\u00e9ph\u00e9drine agit en augmentant l&#8217;activit\u00e9 des r\u00e9cepteurs adr\u00e9nergiques \u03b1 et \u03b2.<\/p>\n<p>L&#8217;\u00e9ph\u00e9drine est utilis\u00e9e pour le soulagement temporaire de l&#8217;essoufflement, de l&#8217;oppression thoracique et de la respiration sifflante due \u00e0 l&#8217;asthme bronchique. L&#8217;\u00e9ph\u00e9drine peut \u00e9galement \u00eatre utilis\u00e9e pour d&#8217;autres conditions d\u00e9termin\u00e9es par votre m\u00e9decin. Acheter de l&#8217;\u00e9ph\u00e9drine en ligne<\/p>\n<p>L&#8217;\u00e9ph\u00e9drine est un d\u00e9congestionnant et un bronchodilatateur. Il agit en r\u00e9duisant l&#8217;enflure et la constriction des vaisseaux sanguins dans les voies nasales et en \u00e9largissant les voies respiratoires pulmonaires, ce qui vous permet de respirer plus facilement.<\/p>\n<p>gr\u00e2ce \u00e0 l&#8217;exp\u00e9rience et \u00e0 la nature authentique de nos m\u00e9dicaments, nous avons aid\u00e9 de nombreux patients pour obtenir une bonne sant\u00e9. Notre \u00e9quipe efficace de pharmaciens et de techniciens s&#8217;efforce de fournir un service rapide et amical. La qualit\u00e9 et la pr\u00e9cision sont des valeurs que nous refusons de transiger. acheter de l&#8217;\u00e9ph\u00e9drine en ligne<\/p>\n","protected":false},"excerpt":{"rendered":"<p>L&#8217;\u00e9ph\u00e9drine est utilis\u00e9e pour le soulagement temporaire de l&#8217;essoufflement, de l&#8217;oppression thoracique et de la respiration sifflante due \u00e0 l&#8217;asthme bronchique.<\/p>\n","protected":false},"featured_media":1562,"comment_status":"open","ping_status":"closed","template":"","meta":{"inline_featured_image":false},"product_brand":[],"product_cat":[346],"product_tag":[],"class_list":{"0":"post-1554","1":"product","2":"type-product","3":"status-publish","4":"has-post-thumbnail","6":"product_cat-stimulants","7":"pa_pills-100-pills","8":"pa_pills-1000-pills","9":"pa_pills-30-pills","10":"pa_pills-300-pills","11":"pa_pills-50-pills","12":"pa_pills-500-pills","14":"first","15":"instock","16":"featured","17":"shipping-taxable","18":"purchasable","19":"product-type-variable","20":"has-default-attributes"},"yoast_head":"<!-- This site is optimized with the Yoast SEO Premium plugin v20.6 (Yoast SEO v27.3) - https:\/\/yoast.com\/product\/yoast-seo-premium-wordpress\/ -->\n<title>Acheter de l&#039;\u00e9ph\u00e9drine en ligne sans ordonnance | \u00c9ph\u00e9drine \u00e0 vendre<\/title>\n<meta name=\"description\" content=\"Acheter de l&#039;\u00e9ph\u00e9drine en ligne dans la meilleure qualit\u00e9 aupr\u00e8s de bons revendeurs M\u00e9dicaments utilis\u00e9s pour le soulagement temporaire de l&#039;essoufflement, de l&#039;oppression thoracique et de la respiration sifflante.\" \/>\n<meta name=\"robots\" content=\"index, follow, max-snippet:-1, max-image-preview:large, max-video-preview:-1\" \/>\n<link rel=\"canonical\" href=\"https:\/\/gooddealersmeds.com\/fr\/product\/ephedrine-hcl\/\" \/>\n<meta property=\"og:locale\" content=\"en_US\" \/>\n<meta property=\"og:type\" content=\"article\" \/>\n<meta property=\"og:title\" content=\"Acheter de l&#039;\u00e9ph\u00e9drine HCL en ligne\" \/>\n<meta property=\"og:description\" content=\"Acheter de l&#039;\u00e9ph\u00e9drine en ligne dans la meilleure qualit\u00e9 aupr\u00e8s de bons revendeurs M\u00e9dicaments utilis\u00e9s pour le soulagement temporaire de l&#039;essoufflement, de l&#039;oppression thoracique et de la respiration sifflante.\" \/>\n<meta property=\"og:url\" content=\"https:\/\/gooddealersmeds.com\/fr\/product\/ephedrine-hcl\/\" \/>\n<meta property=\"og:site_name\" content=\"Good Dealers Meds\" \/>\n<meta property=\"article:modified_time\" content=\"2023-01-08T11:45:42+00:00\" \/>\n<meta property=\"og:image\" content=\"https:\/\/gooddealersmeds.com\/fr\/wp-content\/uploads\/sites\/5\/2022\/03\/buy-ephedrine-online.jpg\" \/>\n\t<meta property=\"og:image:width\" content=\"900\" \/>\n\t<meta property=\"og:image:height\" content=\"800\" \/>\n\t<meta property=\"og:image:type\" content=\"image\/jpeg\" \/>\n<meta name=\"twitter:card\" content=\"summary_large_image\" \/>\n<meta name=\"twitter:label1\" content=\"Est. reading time\" \/>\n\t<meta name=\"twitter:data1\" content=\"2 minutes\" \/>\n<script type=\"application\/ld+json\" class=\"yoast-schema-graph\">{\"@context\":\"https:\\\/\\\/schema.org\",\"@graph\":[{\"@type\":\"WebPage\",\"@id\":\"https:\\\/\\\/gooddealersmeds.com\\\/fr\\\/product\\\/ephedrine-hcl\\\/\",\"url\":\"https:\\\/\\\/gooddealersmeds.com\\\/fr\\\/product\\\/ephedrine-hcl\\\/\",\"name\":\"Acheter de l'\u00e9ph\u00e9drine en ligne sans ordonnance | \u00c9ph\u00e9drine \u00e0 vendre\",\"isPartOf\":{\"@id\":\"https:\\\/\\\/gooddealersmeds.com\\\/fr\\\/#website\"},\"primaryImageOfPage\":{\"@id\":\"https:\\\/\\\/gooddealersmeds.com\\\/fr\\\/product\\\/ephedrine-hcl\\\/#primaryimage\"},\"image\":{\"@id\":\"https:\\\/\\\/gooddealersmeds.com\\\/fr\\\/product\\\/ephedrine-hcl\\\/#primaryimage\"},\"thumbnailUrl\":\"https:\\\/\\\/gooddealersmeds.com\\\/fr\\\/wp-content\\\/uploads\\\/sites\\\/5\\\/2022\\\/03\\\/buy-ephedrine-online.jpg\",\"datePublished\":\"2022-03-18T00:49:43+00:00\",\"dateModified\":\"2023-01-08T11:45:42+00:00\",\"description\":\"Acheter de l'\u00e9ph\u00e9drine en ligne dans la meilleure qualit\u00e9 aupr\u00e8s de bons revendeurs M\u00e9dicaments utilis\u00e9s pour le soulagement temporaire de l'essoufflement, de l'oppression thoracique et de la respiration sifflante.\",\"breadcrumb\":{\"@id\":\"https:\\\/\\\/gooddealersmeds.com\\\/fr\\\/product\\\/ephedrine-hcl\\\/#breadcrumb\"},\"inLanguage\":\"en-US\",\"potentialAction\":[{\"@type\":\"ReadAction\",\"target\":[\"https:\\\/\\\/gooddealersmeds.com\\\/fr\\\/product\\\/ephedrine-hcl\\\/\"]}]},{\"@type\":\"ImageObject\",\"inLanguage\":\"en-US\",\"@id\":\"https:\\\/\\\/gooddealersmeds.com\\\/fr\\\/product\\\/ephedrine-hcl\\\/#primaryimage\",\"url\":\"https:\\\/\\\/gooddealersmeds.com\\\/fr\\\/wp-content\\\/uploads\\\/sites\\\/5\\\/2022\\\/03\\\/buy-ephedrine-online.jpg\",\"contentUrl\":\"https:\\\/\\\/gooddealersmeds.com\\\/fr\\\/wp-content\\\/uploads\\\/sites\\\/5\\\/2022\\\/03\\\/buy-ephedrine-online.jpg\",\"width\":900,\"height\":800,\"caption\":\"Buy Ephedrine Online\"},{\"@type\":\"BreadcrumbList\",\"@id\":\"https:\\\/\\\/gooddealersmeds.com\\\/fr\\\/product\\\/ephedrine-hcl\\\/#breadcrumb\",\"itemListElement\":[{\"@type\":\"ListItem\",\"position\":1,\"name\":\"Home\",\"item\":\"https:\\\/\\\/gooddealersmeds.com\\\/fr\\\/\"},{\"@type\":\"ListItem\",\"position\":2,\"name\":\"Des produits\",\"item\":\"https:\\\/\\\/gooddealersmeds.com\\\/fr\\\/des-produits\\\/\"},{\"@type\":\"ListItem\",\"position\":3,\"name\":\"Acheter de l&#8217;\u00e9ph\u00e9drine HCL en ligne\"}]},{\"@type\":\"WebSite\",\"@id\":\"https:\\\/\\\/gooddealersmeds.com\\\/fr\\\/#website\",\"url\":\"https:\\\/\\\/gooddealersmeds.com\\\/fr\\\/\",\"name\":\"Good Dealers Meds\",\"description\":\"All our best\",\"publisher\":{\"@id\":\"https:\\\/\\\/gooddealersmeds.com\\\/fr\\\/#organization\"},\"potentialAction\":[{\"@type\":\"SearchAction\",\"target\":{\"@type\":\"EntryPoint\",\"urlTemplate\":\"https:\\\/\\\/gooddealersmeds.com\\\/fr\\\/?s={search_term_string}\"},\"query-input\":{\"@type\":\"PropertyValueSpecification\",\"valueRequired\":true,\"valueName\":\"search_term_string\"}}],\"inLanguage\":\"en-US\"},{\"@type\":\"Organization\",\"@id\":\"https:\\\/\\\/gooddealersmeds.com\\\/fr\\\/#organization\",\"name\":\"Good Dealers Meds\",\"url\":\"https:\\\/\\\/gooddealersmeds.com\\\/fr\\\/\",\"logo\":{\"@type\":\"ImageObject\",\"inLanguage\":\"en-US\",\"@id\":\"https:\\\/\\\/gooddealersmeds.com\\\/fr\\\/#\\\/schema\\\/logo\\\/image\\\/\",\"url\":\"https:\\\/\\\/gooddealersmeds.com\\\/fr\\\/wp-content\\\/uploads\\\/sites\\\/5\\\/2022\\\/03\\\/gooddealersmeds__logo__20220317T222800Z.00.png\",\"contentUrl\":\"https:\\\/\\\/gooddealersmeds.com\\\/fr\\\/wp-content\\\/uploads\\\/sites\\\/5\\\/2022\\\/03\\\/gooddealersmeds__logo__20220317T222800Z.00.png\",\"width\":500,\"height\":325,\"caption\":\"Good Dealers Meds\"},\"image\":{\"@id\":\"https:\\\/\\\/gooddealersmeds.com\\\/fr\\\/#\\\/schema\\\/logo\\\/image\\\/\"}}]}<\/script>\n<!-- \/ Yoast SEO Premium plugin. -->","yoast_head_json":{"title":"Acheter de l'\u00e9ph\u00e9drine en ligne sans ordonnance | \u00c9ph\u00e9drine \u00e0 vendre","description":"Acheter de l'\u00e9ph\u00e9drine en ligne dans la meilleure qualit\u00e9 aupr\u00e8s de bons revendeurs M\u00e9dicaments utilis\u00e9s pour le soulagement temporaire de l'essoufflement, de l'oppression thoracique et de la respiration sifflante.","robots":{"index":"index","follow":"follow","max-snippet":"max-snippet:-1","max-image-preview":"max-image-preview:large","max-video-preview":"max-video-preview:-1"},"canonical":"https:\/\/gooddealersmeds.com\/fr\/product\/ephedrine-hcl\/","og_locale":"en_US","og_type":"article","og_title":"Acheter de l'\u00e9ph\u00e9drine HCL en ligne","og_description":"Acheter de l'\u00e9ph\u00e9drine en ligne dans la meilleure qualit\u00e9 aupr\u00e8s de bons revendeurs M\u00e9dicaments utilis\u00e9s pour le soulagement temporaire de l'essoufflement, de l'oppression thoracique et de la respiration sifflante.","og_url":"https:\/\/gooddealersmeds.com\/fr\/product\/ephedrine-hcl\/","og_site_name":"Good Dealers Meds","article_modified_time":"2023-01-08T11:45:42+00:00","og_image":[{"width":900,"height":800,"url":"https:\/\/gooddealersmeds.com\/fr\/wp-content\/uploads\/sites\/5\/2022\/03\/buy-ephedrine-online.jpg","type":"image\/jpeg"}],"twitter_card":"summary_large_image","twitter_misc":{"Est. reading time":"2 minutes"},"schema":{"@context":"https:\/\/schema.org","@graph":[{"@type":"WebPage","@id":"https:\/\/gooddealersmeds.com\/fr\/product\/ephedrine-hcl\/","url":"https:\/\/gooddealersmeds.com\/fr\/product\/ephedrine-hcl\/","name":"Acheter de l'\u00e9ph\u00e9drine en ligne sans ordonnance | \u00c9ph\u00e9drine \u00e0 vendre","isPartOf":{"@id":"https:\/\/gooddealersmeds.com\/fr\/#website"},"primaryImageOfPage":{"@id":"https:\/\/gooddealersmeds.com\/fr\/product\/ephedrine-hcl\/#primaryimage"},"image":{"@id":"https:\/\/gooddealersmeds.com\/fr\/product\/ephedrine-hcl\/#primaryimage"},"thumbnailUrl":"https:\/\/gooddealersmeds.com\/fr\/wp-content\/uploads\/sites\/5\/2022\/03\/buy-ephedrine-online.jpg","datePublished":"2022-03-18T00:49:43+00:00","dateModified":"2023-01-08T11:45:42+00:00","description":"Acheter de l'\u00e9ph\u00e9drine en ligne dans la meilleure qualit\u00e9 aupr\u00e8s de bons revendeurs M\u00e9dicaments utilis\u00e9s pour le soulagement temporaire de l'essoufflement, de l'oppression thoracique et de la respiration sifflante.","breadcrumb":{"@id":"https:\/\/gooddealersmeds.com\/fr\/product\/ephedrine-hcl\/#breadcrumb"},"inLanguage":"en-US","potentialAction":[{"@type":"ReadAction","target":["https:\/\/gooddealersmeds.com\/fr\/product\/ephedrine-hcl\/"]}]},{"@type":"ImageObject","inLanguage":"en-US","@id":"https:\/\/gooddealersmeds.com\/fr\/product\/ephedrine-hcl\/#primaryimage","url":"https:\/\/gooddealersmeds.com\/fr\/wp-content\/uploads\/sites\/5\/2022\/03\/buy-ephedrine-online.jpg","contentUrl":"https:\/\/gooddealersmeds.com\/fr\/wp-content\/uploads\/sites\/5\/2022\/03\/buy-ephedrine-online.jpg","width":900,"height":800,"caption":"Buy Ephedrine Online"},{"@type":"BreadcrumbList","@id":"https:\/\/gooddealersmeds.com\/fr\/product\/ephedrine-hcl\/#breadcrumb","itemListElement":[{"@type":"ListItem","position":1,"name":"Home","item":"https:\/\/gooddealersmeds.com\/fr\/"},{"@type":"ListItem","position":2,"name":"Des produits","item":"https:\/\/gooddealersmeds.com\/fr\/des-produits\/"},{"@type":"ListItem","position":3,"name":"Acheter de l&#8217;\u00e9ph\u00e9drine HCL en ligne"}]},{"@type":"WebSite","@id":"https:\/\/gooddealersmeds.com\/fr\/#website","url":"https:\/\/gooddealersmeds.com\/fr\/","name":"Good Dealers Meds","description":"All our best","publisher":{"@id":"https:\/\/gooddealersmeds.com\/fr\/#organization"},"potentialAction":[{"@type":"SearchAction","target":{"@type":"EntryPoint","urlTemplate":"https:\/\/gooddealersmeds.com\/fr\/?s={search_term_string}"},"query-input":{"@type":"PropertyValueSpecification","valueRequired":true,"valueName":"search_term_string"}}],"inLanguage":"en-US"},{"@type":"Organization","@id":"https:\/\/gooddealersmeds.com\/fr\/#organization","name":"Good Dealers Meds","url":"https:\/\/gooddealersmeds.com\/fr\/","logo":{"@type":"ImageObject","inLanguage":"en-US","@id":"https:\/\/gooddealersmeds.com\/fr\/#\/schema\/logo\/image\/","url":"https:\/\/gooddealersmeds.com\/fr\/wp-content\/uploads\/sites\/5\/2022\/03\/gooddealersmeds__logo__20220317T222800Z.00.png","contentUrl":"https:\/\/gooddealersmeds.com\/fr\/wp-content\/uploads\/sites\/5\/2022\/03\/gooddealersmeds__logo__20220317T222800Z.00.png","width":500,"height":325,"caption":"Good Dealers Meds"},"image":{"@id":"https:\/\/gooddealersmeds.com\/fr\/#\/schema\/logo\/image\/"}}]}},"_links":{"self":[{"href":"https:\/\/gooddealersmeds.com\/fr\/wp-json\/wp\/v2\/product\/1554","targetHints":{"allow":["GET"]}}],"collection":[{"href":"https:\/\/gooddealersmeds.com\/fr\/wp-json\/wp\/v2\/product"}],"about":[{"href":"https:\/\/gooddealersmeds.com\/fr\/wp-json\/wp\/v2\/types\/product"}],"replies":[{"embeddable":true,"href":"https:\/\/gooddealersmeds.com\/fr\/wp-json\/wp\/v2\/comments?post=1554"}],"wp:featuredmedia":[{"embeddable":true,"href":"https:\/\/gooddealersmeds.com\/fr\/wp-json\/wp\/v2\/media\/1562"}],"wp:attachment":[{"href":"https:\/\/gooddealersmeds.com\/fr\/wp-json\/wp\/v2\/media?parent=1554"}],"wp:term":[{"taxonomy":"product_brand","embeddable":true,"href":"https:\/\/gooddealersmeds.com\/fr\/wp-json\/wp\/v2\/product_brand?post=1554"},{"taxonomy":"product_cat","embeddable":true,"href":"https:\/\/gooddealersmeds.com\/fr\/wp-json\/wp\/v2\/product_cat?post=1554"},{"taxonomy":"product_tag","embeddable":true,"href":"https:\/\/gooddealersmeds.com\/fr\/wp-json\/wp\/v2\/product_tag?post=1554"}],"curies":[{"name":"wp","href":"https:\/\/api.w.org\/{rel}","templated":true}]}}