{"id":1544,"date":"2022-03-18T00:24:33","date_gmt":"2022-03-18T00:24:33","guid":{"rendered":"https:\/\/gooddealersmeds.com\/fr\/?post_type=product&#038;p=1544"},"modified":"2023-01-08T11:50:38","modified_gmt":"2023-01-08T11:50:38","slug":"oxycontin","status":"publish","type":"product","link":"https:\/\/gooddealersmeds.com\/fr\/product\/oxycontin\/","title":{"rendered":"Oxycontin \u00e0 vendre"},"content":{"rendered":"<h2>Oxycontin \u00e0 vendre en ligne<\/h2>\n<p class=\"p1\"><em><strong>Acheter Oxycontin en ligne<\/strong><\/em>, Ce m\u00e9dicament est utilis\u00e9 pour aider \u00e0 soulager les douleurs intenses persistantes (telles que comme due au cancer). L&#8217;oxycodone appartient \u00e0 une classe de m\u00e9dicaments appel\u00e9s analg\u00e9siques opio\u00efdes. Il agit dans le cerveau pour modifier la fa\u00e7on dont votre corps ressent et r\u00e9agit \u00e0 la douleur. <a href=\"https:\/\/gooddealersmeds.com\/fr\/product\/oxycontin\/\">Acheter Oxycontin<\/a> en ligne, acheter oxy en ligne sans ordonnance<\/p>\n<p class=\"p1\">Les points forts de ce m\u00e9dicament (plus de 40 milligrammes par comprim\u00e9) ne doit \u00eatre utilis\u00e9 que si vous avez pris r\u00e9guli\u00e8rement des quantit\u00e9s mod\u00e9r\u00e9es \u00e0 importantes d&#8217;analg\u00e9siques opio\u00efdes. Ces dosages peuvent entra\u00eener une surdose (voire la mort) s&#8217;ils sont pris par une personne qui ne prend pas r\u00e9guli\u00e8rement d&#8217;opio\u00efdes.<\/p>\n<p class=\"p1\">N&#8217;utilisez pas la forme \u00e0 lib\u00e9ration prolong\u00e9e d&#8217;oxycodone pour soulager une douleur l\u00e9g\u00e8re ou qui dispara\u00eetra dans quelques jours. Ce m\u00e9dicament n&#8217;est pas destin\u00e9 \u00e0 un usage occasionnel (&#8220;au besoin&#8221;).<\/p>\n<p class=\"p1\">Ce m\u00e9dicament est utilis\u00e9 pour aider \u00e0 soulager la douleur persistante intense (comme celle due au cancer). L&#8217;oxycodone appartient \u00e0 une classe de m\u00e9dicaments appel\u00e9s analg\u00e9siques opio\u00efdes. Il agit dans le cerveau pour modifier la fa\u00e7on dont votre corps ressent et r\u00e9agit \u00e0 la douleur.<\/p>\n<p class=\"p1\">N&#8217;utilisez pas la forme \u00e0 lib\u00e9ration prolong\u00e9e d&#8217;oxycodone pour soulager une douleur l\u00e9g\u00e8re ou qui dispara\u00eetra dans quelques jours. Ce m\u00e9dicament n&#8217;est pas destin\u00e9 \u00e0 une utilisation occasionnelle (&#8220;au besoin&#8221;).<\/p>\n<h3 class=\"p1\">Mauvais usage, abus et d\u00e9tournement d&#8217;opio\u00efdes<\/h3>\n<p class=\" p1\">L&#8217;oxycodone est un agoniste opio\u00efde de type morphinique. Ces drogues sont recherch\u00e9es par les toxicomanes et les personnes souffrant de troubles de l&#8217;addiction et font l&#8217;objet de d\u00e9tournements criminels. <span style=\"color: #000000\"><a style=\"color: #000000\" href=\"https:\/\/gooddealersmeds.com\/fr\/products\/\">Oxycodone<\/a><\/span> peut \u00eatre abus\u00e9 d&#8217;une mani\u00e8re similaire \u00e0 d&#8217;autres agonistes opio\u00efdes, l\u00e9gaux ou illicites. Cela devrait \u00eatre pris en compte lors de la prescription ou de la distribution d&#8217;OxyContin dans des situations o\u00f9 le m\u00e9decin ou le pharmacien s&#8217;inqui\u00e8te d&#8217;un risque accru de m\u00e9susage, d&#8217;abus ou de d\u00e9tournement. OxyContin a \u00e9t\u00e9 signal\u00e9 comme \u00e9tant abus\u00e9 par \u00e9crasement, mastication, reniflement ou injection du produit dissous.<\/p>\n<h3 class=\"p1\">PR\u00c9CAUTIONS<\/h3>\n<p class=\"p1 \">Les analg\u00e9siques opio\u00efdes ont un index th\u00e9rapeutique \u00e9troit dans certaines populations de patients, en particulier lorsqu&#8217;ils sont associ\u00e9s \u00e0 des d\u00e9presseurs du SNC, et doivent \u00eatre r\u00e9serv\u00e9s aux cas o\u00f9 les avantages de l&#8217;analg\u00e9sie opio\u00efde l&#8217;emportent sur les risques connus de d\u00e9pression respiratoire, d&#8217;alt\u00e9ration de l&#8217;\u00e9tat mental et d&#8217;hypotension posturale. L&#8217;utilisation d&#8217;Oxycontin est associ\u00e9e \u00e0 des risques potentiels accrus et ne doit \u00eatre utilis\u00e9e qu&#8217;avec prudence dans les conditions suivantes : alcoolisme aigu ; insuffisance corticosurr\u00e9nalienne (par exemple, maladie d&#8217;Addison); D\u00e9pression ou coma du SNC\u00a0; d\u00e9lire tremens; patients affaiblis; cyphoscoliose associ\u00e9e \u00e0 une d\u00e9pression respiratoire ; myxoed\u00e8me ou hypothyro\u00efdie\u00a0; hypertrophie prostatique ou r\u00e9tr\u00e9cissement ur\u00e9tral; insuffisance grave de la fonction h\u00e9patique, pulmonaire ou r\u00e9nale; et psychose toxique. L&#8217;administration d&#8217;oxycodone peut obscurcir le diagnostic ou l&#8217;\u00e9volution clinique chez les patients atteints de <span style=\"color: #333333\"><a style=\"color: #333333\" href=\"https:\/\/www.mountsinai.org\/health -library\/symptoms\/abdominal-pain\">conditions abdominales<\/a><\/span>. L&#8217;oxycodone peut aggraver les convulsions chez les patients souffrant de troubles convulsifs, et tous les opio\u00efdes peuvent induire ou aggraver les crises dans certains contextes cliniques.<\/p>\n","protected":false},"excerpt":{"rendered":"<p>Oxycontin 40mg est un analg\u00e9sique. Il est utilis\u00e9 pour traiter la douleur constante qui dure plus de quelques jours. Il est utilis\u00e9 par les personnes qui ont pris un analg\u00e9sique opio\u00efde ou narcotique<\/p>\n","protected":false},"featured_media":1553,"comment_status":"open","ping_status":"closed","template":"","meta":{"inline_featured_image":false},"product_brand":[],"product_cat":[347],"product_tag":[86,89,87,85,88,92,90,91],"class_list":{"0":"post-1544","1":"product","2":"type-product","3":"status-publish","4":"has-post-thumbnail","6":"product_cat-analgsique-opiode","7":"product_tag-acheter-en-ligne-oxycontin","8":"product_tag-acheter-oxycontin-en-ligne-france","9":"product_tag-acheter-oxycontin-en-ligne-sans-ordonnance","10":"product_tag-acheter-legal-oxycontin-en-ligne","11":"product_tag-acheter-oxycontin-pharmacie-en-ligne","12":"product_tag-comprims-oxycontin-en-vente","13":"product_tag-oxycontin-a-vendre-australie","14":"product_tag-pilules-oxycontin-a-vendre","15":"pa_pills-100-pills","16":"pa_pills-1000-pills","17":"pa_pills-30-pills","18":"pa_pills-300-pills","19":"pa_pills-50-pills","20":"pa_pills-500-pills","22":"first","23":"instock","24":"featured","25":"shipping-taxable","26":"purchasable","27":"product-type-variable","28":"has-default-attributes"},"yoast_head":"<!-- This site is optimized with the Yoast SEO Premium plugin v20.6 (Yoast SEO v27.3) - https:\/\/yoast.com\/product\/yoast-seo-premium-wordpress\/ -->\n<title>Acheter Oxycontin en ligne | Acheter Oxy en ligne sans ordonnance<\/title>\n<meta name=\"description\" content=\"Oxycontin est utilis\u00e9 pour aider \u00e0 soulager les douleurs intenses. Il influence le cerveau pour permettre au corps de r\u00e9sister \u00e0 la douleur. acheter Oxycontin en ligne, acheter oxy en ligne.\" \/>\n<meta name=\"robots\" content=\"index, follow, max-snippet:-1, max-image-preview:large, max-video-preview:-1\" \/>\n<link rel=\"canonical\" href=\"https:\/\/gooddealersmeds.com\/fr\/product\/oxycontin\/\" \/>\n<meta property=\"og:locale\" content=\"en_US\" \/>\n<meta property=\"og:type\" content=\"article\" \/>\n<meta property=\"og:title\" content=\"Oxycontin \u00e0 vendre\" \/>\n<meta property=\"og:description\" content=\"Oxycontin est utilis\u00e9 pour aider \u00e0 soulager les douleurs intenses. Il influence le cerveau pour permettre au corps de r\u00e9sister \u00e0 la douleur. acheter Oxycontin en ligne, acheter oxy en ligne.\" \/>\n<meta property=\"og:url\" content=\"https:\/\/gooddealersmeds.com\/fr\/product\/oxycontin\/\" \/>\n<meta property=\"og:site_name\" content=\"Good Dealers Meds\" \/>\n<meta property=\"article:modified_time\" content=\"2023-01-08T11:50:38+00:00\" \/>\n<meta property=\"og:image\" content=\"https:\/\/gooddealersmeds.com\/fr\/wp-content\/uploads\/sites\/5\/2022\/03\/Buy-Oxycontin-online-one.jpg\" \/>\n\t<meta property=\"og:image:width\" content=\"600\" \/>\n\t<meta property=\"og:image:height\" content=\"450\" \/>\n\t<meta property=\"og:image:type\" content=\"image\/jpeg\" \/>\n<meta name=\"twitter:card\" content=\"summary_large_image\" \/>\n<meta name=\"twitter:label1\" content=\"Est. reading time\" \/>\n\t<meta name=\"twitter:data1\" content=\"3 minutes\" \/>\n<script type=\"application\/ld+json\" class=\"yoast-schema-graph\">{\"@context\":\"https:\\\/\\\/schema.org\",\"@graph\":[{\"@type\":\"WebPage\",\"@id\":\"https:\\\/\\\/gooddealersmeds.com\\\/fr\\\/product\\\/oxycontin\\\/\",\"url\":\"https:\\\/\\\/gooddealersmeds.com\\\/fr\\\/product\\\/oxycontin\\\/\",\"name\":\"Acheter Oxycontin en ligne | Acheter Oxy en ligne sans ordonnance\",\"isPartOf\":{\"@id\":\"https:\\\/\\\/gooddealersmeds.com\\\/fr\\\/#website\"},\"primaryImageOfPage\":{\"@id\":\"https:\\\/\\\/gooddealersmeds.com\\\/fr\\\/product\\\/oxycontin\\\/#primaryimage\"},\"image\":{\"@id\":\"https:\\\/\\\/gooddealersmeds.com\\\/fr\\\/product\\\/oxycontin\\\/#primaryimage\"},\"thumbnailUrl\":\"https:\\\/\\\/gooddealersmeds.com\\\/fr\\\/wp-content\\\/uploads\\\/sites\\\/5\\\/2022\\\/03\\\/Buy-Oxycontin-online-one.jpg\",\"datePublished\":\"2022-03-18T00:24:33+00:00\",\"dateModified\":\"2023-01-08T11:50:38+00:00\",\"description\":\"Oxycontin est utilis\u00e9 pour aider \u00e0 soulager les douleurs intenses. Il influence le cerveau pour permettre au corps de r\u00e9sister \u00e0 la douleur. acheter Oxycontin en ligne, acheter oxy en ligne.\",\"breadcrumb\":{\"@id\":\"https:\\\/\\\/gooddealersmeds.com\\\/fr\\\/product\\\/oxycontin\\\/#breadcrumb\"},\"inLanguage\":\"en-US\",\"potentialAction\":[{\"@type\":\"ReadAction\",\"target\":[\"https:\\\/\\\/gooddealersmeds.com\\\/fr\\\/product\\\/oxycontin\\\/\"]}]},{\"@type\":\"ImageObject\",\"inLanguage\":\"en-US\",\"@id\":\"https:\\\/\\\/gooddealersmeds.com\\\/fr\\\/product\\\/oxycontin\\\/#primaryimage\",\"url\":\"https:\\\/\\\/gooddealersmeds.com\\\/fr\\\/wp-content\\\/uploads\\\/sites\\\/5\\\/2022\\\/03\\\/Buy-Oxycontin-online-one.jpg\",\"contentUrl\":\"https:\\\/\\\/gooddealersmeds.com\\\/fr\\\/wp-content\\\/uploads\\\/sites\\\/5\\\/2022\\\/03\\\/Buy-Oxycontin-online-one.jpg\",\"width\":600,\"height\":450,\"caption\":\"Buy Oxycontin Online\"},{\"@type\":\"BreadcrumbList\",\"@id\":\"https:\\\/\\\/gooddealersmeds.com\\\/fr\\\/product\\\/oxycontin\\\/#breadcrumb\",\"itemListElement\":[{\"@type\":\"ListItem\",\"position\":1,\"name\":\"Home\",\"item\":\"https:\\\/\\\/gooddealersmeds.com\\\/fr\\\/\"},{\"@type\":\"ListItem\",\"position\":2,\"name\":\"Des produits\",\"item\":\"https:\\\/\\\/gooddealersmeds.com\\\/fr\\\/des-produits\\\/\"},{\"@type\":\"ListItem\",\"position\":3,\"name\":\"Oxycontin \u00e0 vendre\"}]},{\"@type\":\"WebSite\",\"@id\":\"https:\\\/\\\/gooddealersmeds.com\\\/fr\\\/#website\",\"url\":\"https:\\\/\\\/gooddealersmeds.com\\\/fr\\\/\",\"name\":\"Good Dealers Meds\",\"description\":\"All our best\",\"publisher\":{\"@id\":\"https:\\\/\\\/gooddealersmeds.com\\\/fr\\\/#organization\"},\"potentialAction\":[{\"@type\":\"SearchAction\",\"target\":{\"@type\":\"EntryPoint\",\"urlTemplate\":\"https:\\\/\\\/gooddealersmeds.com\\\/fr\\\/?s={search_term_string}\"},\"query-input\":{\"@type\":\"PropertyValueSpecification\",\"valueRequired\":true,\"valueName\":\"search_term_string\"}}],\"inLanguage\":\"en-US\"},{\"@type\":\"Organization\",\"@id\":\"https:\\\/\\\/gooddealersmeds.com\\\/fr\\\/#organization\",\"name\":\"Good Dealers Meds\",\"url\":\"https:\\\/\\\/gooddealersmeds.com\\\/fr\\\/\",\"logo\":{\"@type\":\"ImageObject\",\"inLanguage\":\"en-US\",\"@id\":\"https:\\\/\\\/gooddealersmeds.com\\\/fr\\\/#\\\/schema\\\/logo\\\/image\\\/\",\"url\":\"https:\\\/\\\/gooddealersmeds.com\\\/fr\\\/wp-content\\\/uploads\\\/sites\\\/5\\\/2022\\\/03\\\/gooddealersmeds__logo__20220317T222800Z.00.png\",\"contentUrl\":\"https:\\\/\\\/gooddealersmeds.com\\\/fr\\\/wp-content\\\/uploads\\\/sites\\\/5\\\/2022\\\/03\\\/gooddealersmeds__logo__20220317T222800Z.00.png\",\"width\":500,\"height\":325,\"caption\":\"Good Dealers Meds\"},\"image\":{\"@id\":\"https:\\\/\\\/gooddealersmeds.com\\\/fr\\\/#\\\/schema\\\/logo\\\/image\\\/\"}}]}<\/script>\n<!-- \/ Yoast SEO Premium plugin. -->","yoast_head_json":{"title":"Acheter Oxycontin en ligne | Acheter Oxy en ligne sans ordonnance","description":"Oxycontin est utilis\u00e9 pour aider \u00e0 soulager les douleurs intenses. Il influence le cerveau pour permettre au corps de r\u00e9sister \u00e0 la douleur. acheter Oxycontin en ligne, acheter oxy en ligne.","robots":{"index":"index","follow":"follow","max-snippet":"max-snippet:-1","max-image-preview":"max-image-preview:large","max-video-preview":"max-video-preview:-1"},"canonical":"https:\/\/gooddealersmeds.com\/fr\/product\/oxycontin\/","og_locale":"en_US","og_type":"article","og_title":"Oxycontin \u00e0 vendre","og_description":"Oxycontin est utilis\u00e9 pour aider \u00e0 soulager les douleurs intenses. Il influence le cerveau pour permettre au corps de r\u00e9sister \u00e0 la douleur. acheter Oxycontin en ligne, acheter oxy en ligne.","og_url":"https:\/\/gooddealersmeds.com\/fr\/product\/oxycontin\/","og_site_name":"Good Dealers Meds","article_modified_time":"2023-01-08T11:50:38+00:00","og_image":[{"width":600,"height":450,"url":"https:\/\/gooddealersmeds.com\/fr\/wp-content\/uploads\/sites\/5\/2022\/03\/Buy-Oxycontin-online-one.jpg","type":"image\/jpeg"}],"twitter_card":"summary_large_image","twitter_misc":{"Est. reading time":"3 minutes"},"schema":{"@context":"https:\/\/schema.org","@graph":[{"@type":"WebPage","@id":"https:\/\/gooddealersmeds.com\/fr\/product\/oxycontin\/","url":"https:\/\/gooddealersmeds.com\/fr\/product\/oxycontin\/","name":"Acheter Oxycontin en ligne | Acheter Oxy en ligne sans ordonnance","isPartOf":{"@id":"https:\/\/gooddealersmeds.com\/fr\/#website"},"primaryImageOfPage":{"@id":"https:\/\/gooddealersmeds.com\/fr\/product\/oxycontin\/#primaryimage"},"image":{"@id":"https:\/\/gooddealersmeds.com\/fr\/product\/oxycontin\/#primaryimage"},"thumbnailUrl":"https:\/\/gooddealersmeds.com\/fr\/wp-content\/uploads\/sites\/5\/2022\/03\/Buy-Oxycontin-online-one.jpg","datePublished":"2022-03-18T00:24:33+00:00","dateModified":"2023-01-08T11:50:38+00:00","description":"Oxycontin est utilis\u00e9 pour aider \u00e0 soulager les douleurs intenses. Il influence le cerveau pour permettre au corps de r\u00e9sister \u00e0 la douleur. acheter Oxycontin en ligne, acheter oxy en ligne.","breadcrumb":{"@id":"https:\/\/gooddealersmeds.com\/fr\/product\/oxycontin\/#breadcrumb"},"inLanguage":"en-US","potentialAction":[{"@type":"ReadAction","target":["https:\/\/gooddealersmeds.com\/fr\/product\/oxycontin\/"]}]},{"@type":"ImageObject","inLanguage":"en-US","@id":"https:\/\/gooddealersmeds.com\/fr\/product\/oxycontin\/#primaryimage","url":"https:\/\/gooddealersmeds.com\/fr\/wp-content\/uploads\/sites\/5\/2022\/03\/Buy-Oxycontin-online-one.jpg","contentUrl":"https:\/\/gooddealersmeds.com\/fr\/wp-content\/uploads\/sites\/5\/2022\/03\/Buy-Oxycontin-online-one.jpg","width":600,"height":450,"caption":"Buy Oxycontin Online"},{"@type":"BreadcrumbList","@id":"https:\/\/gooddealersmeds.com\/fr\/product\/oxycontin\/#breadcrumb","itemListElement":[{"@type":"ListItem","position":1,"name":"Home","item":"https:\/\/gooddealersmeds.com\/fr\/"},{"@type":"ListItem","position":2,"name":"Des produits","item":"https:\/\/gooddealersmeds.com\/fr\/des-produits\/"},{"@type":"ListItem","position":3,"name":"Oxycontin \u00e0 vendre"}]},{"@type":"WebSite","@id":"https:\/\/gooddealersmeds.com\/fr\/#website","url":"https:\/\/gooddealersmeds.com\/fr\/","name":"Good Dealers Meds","description":"All our best","publisher":{"@id":"https:\/\/gooddealersmeds.com\/fr\/#organization"},"potentialAction":[{"@type":"SearchAction","target":{"@type":"EntryPoint","urlTemplate":"https:\/\/gooddealersmeds.com\/fr\/?s={search_term_string}"},"query-input":{"@type":"PropertyValueSpecification","valueRequired":true,"valueName":"search_term_string"}}],"inLanguage":"en-US"},{"@type":"Organization","@id":"https:\/\/gooddealersmeds.com\/fr\/#organization","name":"Good Dealers Meds","url":"https:\/\/gooddealersmeds.com\/fr\/","logo":{"@type":"ImageObject","inLanguage":"en-US","@id":"https:\/\/gooddealersmeds.com\/fr\/#\/schema\/logo\/image\/","url":"https:\/\/gooddealersmeds.com\/fr\/wp-content\/uploads\/sites\/5\/2022\/03\/gooddealersmeds__logo__20220317T222800Z.00.png","contentUrl":"https:\/\/gooddealersmeds.com\/fr\/wp-content\/uploads\/sites\/5\/2022\/03\/gooddealersmeds__logo__20220317T222800Z.00.png","width":500,"height":325,"caption":"Good Dealers Meds"},"image":{"@id":"https:\/\/gooddealersmeds.com\/fr\/#\/schema\/logo\/image\/"}}]}},"_links":{"self":[{"href":"https:\/\/gooddealersmeds.com\/fr\/wp-json\/wp\/v2\/product\/1544","targetHints":{"allow":["GET"]}}],"collection":[{"href":"https:\/\/gooddealersmeds.com\/fr\/wp-json\/wp\/v2\/product"}],"about":[{"href":"https:\/\/gooddealersmeds.com\/fr\/wp-json\/wp\/v2\/types\/product"}],"replies":[{"embeddable":true,"href":"https:\/\/gooddealersmeds.com\/fr\/wp-json\/wp\/v2\/comments?post=1544"}],"wp:featuredmedia":[{"embeddable":true,"href":"https:\/\/gooddealersmeds.com\/fr\/wp-json\/wp\/v2\/media\/1553"}],"wp:attachment":[{"href":"https:\/\/gooddealersmeds.com\/fr\/wp-json\/wp\/v2\/media?parent=1544"}],"wp:term":[{"taxonomy":"product_brand","embeddable":true,"href":"https:\/\/gooddealersmeds.com\/fr\/wp-json\/wp\/v2\/product_brand?post=1544"},{"taxonomy":"product_cat","embeddable":true,"href":"https:\/\/gooddealersmeds.com\/fr\/wp-json\/wp\/v2\/product_cat?post=1544"},{"taxonomy":"product_tag","embeddable":true,"href":"https:\/\/gooddealersmeds.com\/fr\/wp-json\/wp\/v2\/product_tag?post=1544"}],"curies":[{"name":"wp","href":"https:\/\/api.w.org\/{rel}","templated":true}]}}