{"id":1524,"date":"2022-03-17T23:13:27","date_gmt":"2022-03-17T23:13:27","guid":{"rendered":"https:\/\/gooddealersmeds.com\/fr\/?post_type=product&#038;p=1524"},"modified":"2023-01-08T11:56:53","modified_gmt":"2023-01-08T11:56:53","slug":"acheter-adderall-en-ligne","status":"publish","type":"product","link":"https:\/\/gooddealersmeds.com\/fr\/product\/acheter-adderall-en-ligne\/","title":{"rendered":"Acheter Adderall en ligne"},"content":{"rendered":"<h2>Acheter Adderall en ligne \u00e0 partir du meilleur<\/h2>\n<p>La plupart des clients \u00e0 la recherche d&#8217;un approvisionnement de 30\u00a0jours d&#8217;Adderall g\u00e9n\u00e9rique pr\u00e9f\u00e8rent acqu\u00e9rir et renouveler leur ordonnance aupr\u00e8s d&#8217;une source fiable. Notre objectif est de fournir un endroit o\u00f9 les patients peuvent obtenir leurs ordonnances, peu importe leur couverture d&#8217;assurance ou leur situation financi\u00e8re. Avec notre aide, vous pouvez facilement acheter Adderall en ligne et g\u00e9rer vos ordonnances\u00a0!<\/p>\n<p>L&#8217;Adderall g\u00e9n\u00e9rique (dextroamph\u00e9tamine\/amph\u00e9tamine) est un m\u00e9lange de deux stimulants du syst\u00e8me nerveux central utilis\u00e9s pour traiter le trouble d\u00e9ficitaire de l&#8217;attention avec hyperactivit\u00e9 &#8211; TDAH. Il agit en augmentant la nor\u00e9pin\u00e9phrine et la dopamine, deux produits chimiques naturels dans le cerveau qui stimulent l&#8217;activit\u00e9 c\u00e9r\u00e9brale et peuvent vous aider \u00e0 rester attentif, \u00e0 rester concentr\u00e9 sur une t\u00e2che et \u00e0 contr\u00f4ler les probl\u00e8mes de comportement. Il agit en modifiant les quantit\u00e9s de certaines mol\u00e9cules chimiques dans le cerveau.<\/p>\n<p>L&#8217;amph\u00e9tamine\/dextramph\u00e9tamine appartient \u00e0 la classe des stimulants. Cela peut \u00e9galement aider \u00e0 l&#8217;organisation du travail et au d\u00e9veloppement des capacit\u00e9s d&#8217;\u00e9coute. Ce m\u00e9dicament est \u00e9galement utilis\u00e9 pour traiter un trouble du sommeil sp\u00e9cifique connu sous le nom de narcolepsie afin de vous aider \u00e0 rester \u00e9veill\u00e9 pendant la journ\u00e9e. Il ne doit pas \u00eatre utilis\u00e9 pour traiter la fatigue ou pour retarder le coucher chez ceux qui n&#8217;ont pas de probl\u00e8me de sommeil.<\/p>\n<p><strong>Pourquoi devriez-vous commander Adderall chez nous ?<\/strong><\/p>\n<p>La posologie est bas\u00e9e sur votre \u00e9tat de sant\u00e9 et votre r\u00e9ponse au traitement. Pour tirer le meilleur parti de ce m\u00e9dicament, prenez-le fr\u00e9quemment. Prenez-le \u00e0 la m\u00eame heure chaque jour pour aider \u00e0 la m\u00e9moire. Les produits chimiques inactifs contenus dans ce produit peuvent provoquer des r\u00e9actions allergiques ou d&#8217;autres complications.<\/p>\n<p>Avec la bonne pharmacie en ligne, vous pouvez trouver des recharges pour votre <a href=\"https:\/\/gooddealersmeds.com\/fr\/product\/buy -adderall-online\/\">Adderall<\/a> prescription \u00e0 des prix raisonnables. Nous voulons faire tomber les barri\u00e8res entre les patients et les m\u00e9dicaments dont ils ont besoin pour vivre leur vie avec un minimum d&#8217;effets secondaires. En obtenant un approvisionnement en Adderall g\u00e9n\u00e9rique avec nous, vous avez acc\u00e8s au moyen le plus abordable d&#8217;obtenir vos m\u00e9dicaments pour le TDAH.<\/p>\n<p>Vous pouvez acheter Adderall en ligne sur notre <a href=\"https:\/\/gooddealersmeds.com \/fr\/products\/\">magasin<\/a> avec envoi s\u00e9curis\u00e9 toute notre Europe.<\/p>\n","protected":false},"excerpt":{"rendered":"<p>Le TDAH et la narcolepsie sont deux troubles principaux qui pourraient d\u00e9vaster la vie quotidienne des gens partout dans le monde. Le TDAH en g\u00e9n\u00e9ral est un trouble d&#8217;hypersensibilit\u00e9 avec d\u00e9ficit de l&#8217;attention, o\u00f9 la plupart des gens peuvent ne pas \u00eatre en mesure de pr\u00eater attention ou de se concentrer sur certaines t\u00e2ches et choses de la vie. Cela est d\u00fb au d\u00e9s\u00e9quilibre dans les substances chimiques du cerveau qui conduit \u00e0 l&#8217;inattention. On peut utiliser des m\u00e9dicaments Adderall pour traiter le probl\u00e8me de l&#8217;inattention, de la narcolepsie et de l&#8217;hyperactivit\u00e9. La sensation de distraction est tr\u00e8s fr\u00e9quente avec les troubles du TDAH et avec la narcolepsie ; les gens ont tendance \u00e0 dormir m\u00eame pendant les heures impaires du temps. Cela \u00e9tant dit, Adderall peut devenir une habitude s&#8217;il est mal utilis\u00e9 sans la consultation appropri\u00e9e d&#8217;un m\u00e9decin. Assurez-vous \u00e9galement de ne pas fournir Adderall 30 mg \u00e0 des inconnus ou \u00e0 des amis ayant des ant\u00e9c\u00e9dents de toxicomanie et d&#8217;abus.<\/p>\n","protected":false},"featured_media":1532,"comment_status":"open","ping_status":"closed","template":"","meta":{"inline_featured_image":false},"product_brand":[],"product_cat":[346],"product_tag":[],"class_list":{"0":"post-1524","1":"product","2":"type-product","3":"status-publish","4":"has-post-thumbnail","6":"product_cat-stimulants","7":"pa_pills-100-pills","8":"pa_pills-1000-pills","9":"pa_pills-30-pills","10":"pa_pills-300-pills","11":"pa_pills-50-pills","12":"pa_pills-500-pills","14":"first","15":"instock","16":"featured","17":"shipping-taxable","18":"purchasable","19":"product-type-variable","20":"has-default-attributes"},"yoast_head":"<!-- This site is optimized with the Yoast SEO Premium plugin v20.6 (Yoast SEO v27.4) - https:\/\/yoast.com\/product\/yoast-seo-premium-wordpress\/ -->\n<title>Acheter Adderall en ligne | Adderall pas cher \u00e0 vendre 30mg<\/title>\n<meta name=\"description\" content=\"Acheter Adderall en ligne 30 mg sans ordonnance \u00e0 bas prix aupr\u00e8s de Good Dealers Meds pour le traitement du TDAH et de la narcolepsie.\" \/>\n<meta name=\"robots\" content=\"index, follow, max-snippet:-1, max-image-preview:large, max-video-preview:-1\" \/>\n<link rel=\"canonical\" href=\"https:\/\/gooddealersmeds.com\/fr\/product\/acheter-adderall-en-ligne\/\" \/>\n<meta property=\"og:locale\" content=\"en_US\" \/>\n<meta property=\"og:type\" content=\"article\" \/>\n<meta property=\"og:title\" content=\"Acheter Adderall en ligne\" \/>\n<meta property=\"og:description\" content=\"Acheter Adderall en ligne 30 mg sans ordonnance \u00e0 bas prix aupr\u00e8s de Good Dealers Meds pour le traitement du TDAH et de la narcolepsie.\" \/>\n<meta property=\"og:url\" content=\"https:\/\/gooddealersmeds.com\/fr\/product\/acheter-adderall-en-ligne\/\" \/>\n<meta property=\"og:site_name\" content=\"Good Dealers Meds\" \/>\n<meta property=\"article:modified_time\" content=\"2023-01-08T11:56:53+00:00\" \/>\n<meta property=\"og:image\" content=\"https:\/\/gooddealersmeds.com\/fr\/wp-content\/uploads\/sites\/5\/2022\/03\/buy-adderall-online1.jpg\" \/>\n\t<meta property=\"og:image:width\" content=\"300\" \/>\n\t<meta property=\"og:image:height\" content=\"300\" \/>\n\t<meta property=\"og:image:type\" content=\"image\/jpeg\" \/>\n<meta name=\"twitter:card\" content=\"summary_large_image\" \/>\n<meta name=\"twitter:label1\" content=\"Est. reading time\" \/>\n\t<meta name=\"twitter:data1\" content=\"2 minutes\" \/>\n<script type=\"application\/ld+json\" class=\"yoast-schema-graph\">{\"@context\":\"https:\\\/\\\/schema.org\",\"@graph\":[{\"@type\":\"WebPage\",\"@id\":\"https:\\\/\\\/gooddealersmeds.com\\\/fr\\\/product\\\/acheter-adderall-en-ligne\\\/\",\"url\":\"https:\\\/\\\/gooddealersmeds.com\\\/fr\\\/product\\\/acheter-adderall-en-ligne\\\/\",\"name\":\"Acheter Adderall en ligne | Adderall pas cher \u00e0 vendre 30mg\",\"isPartOf\":{\"@id\":\"https:\\\/\\\/gooddealersmeds.com\\\/fr\\\/#website\"},\"primaryImageOfPage\":{\"@id\":\"https:\\\/\\\/gooddealersmeds.com\\\/fr\\\/product\\\/acheter-adderall-en-ligne\\\/#primaryimage\"},\"image\":{\"@id\":\"https:\\\/\\\/gooddealersmeds.com\\\/fr\\\/product\\\/acheter-adderall-en-ligne\\\/#primaryimage\"},\"thumbnailUrl\":\"https:\\\/\\\/gooddealersmeds.com\\\/fr\\\/wp-content\\\/uploads\\\/sites\\\/5\\\/2022\\\/03\\\/buy-adderall-online1.jpg\",\"datePublished\":\"2022-03-17T23:13:27+00:00\",\"dateModified\":\"2023-01-08T11:56:53+00:00\",\"description\":\"Acheter Adderall en ligne 30 mg sans ordonnance \u00e0 bas prix aupr\u00e8s de Good Dealers Meds pour le traitement du TDAH et de la narcolepsie.\",\"breadcrumb\":{\"@id\":\"https:\\\/\\\/gooddealersmeds.com\\\/fr\\\/product\\\/acheter-adderall-en-ligne\\\/#breadcrumb\"},\"inLanguage\":\"en-US\",\"potentialAction\":[{\"@type\":\"ReadAction\",\"target\":[\"https:\\\/\\\/gooddealersmeds.com\\\/fr\\\/product\\\/acheter-adderall-en-ligne\\\/\"]}]},{\"@type\":\"ImageObject\",\"inLanguage\":\"en-US\",\"@id\":\"https:\\\/\\\/gooddealersmeds.com\\\/fr\\\/product\\\/acheter-adderall-en-ligne\\\/#primaryimage\",\"url\":\"https:\\\/\\\/gooddealersmeds.com\\\/fr\\\/wp-content\\\/uploads\\\/sites\\\/5\\\/2022\\\/03\\\/buy-adderall-online1.jpg\",\"contentUrl\":\"https:\\\/\\\/gooddealersmeds.com\\\/fr\\\/wp-content\\\/uploads\\\/sites\\\/5\\\/2022\\\/03\\\/buy-adderall-online1.jpg\",\"width\":300,\"height\":300,\"caption\":\"Buy Adderall Online\"},{\"@type\":\"BreadcrumbList\",\"@id\":\"https:\\\/\\\/gooddealersmeds.com\\\/fr\\\/product\\\/acheter-adderall-en-ligne\\\/#breadcrumb\",\"itemListElement\":[{\"@type\":\"ListItem\",\"position\":1,\"name\":\"Home\",\"item\":\"https:\\\/\\\/gooddealersmeds.com\\\/fr\\\/\"},{\"@type\":\"ListItem\",\"position\":2,\"name\":\"Des produits\",\"item\":\"https:\\\/\\\/gooddealersmeds.com\\\/fr\\\/des-produits\\\/\"},{\"@type\":\"ListItem\",\"position\":3,\"name\":\"Acheter Adderall en ligne\"}]},{\"@type\":\"WebSite\",\"@id\":\"https:\\\/\\\/gooddealersmeds.com\\\/fr\\\/#website\",\"url\":\"https:\\\/\\\/gooddealersmeds.com\\\/fr\\\/\",\"name\":\"Good Dealers Meds\",\"description\":\"All our best\",\"publisher\":{\"@id\":\"https:\\\/\\\/gooddealersmeds.com\\\/fr\\\/#organization\"},\"potentialAction\":[{\"@type\":\"SearchAction\",\"target\":{\"@type\":\"EntryPoint\",\"urlTemplate\":\"https:\\\/\\\/gooddealersmeds.com\\\/fr\\\/?s={search_term_string}\"},\"query-input\":{\"@type\":\"PropertyValueSpecification\",\"valueRequired\":true,\"valueName\":\"search_term_string\"}}],\"inLanguage\":\"en-US\"},{\"@type\":\"Organization\",\"@id\":\"https:\\\/\\\/gooddealersmeds.com\\\/fr\\\/#organization\",\"name\":\"Good Dealers Meds\",\"url\":\"https:\\\/\\\/gooddealersmeds.com\\\/fr\\\/\",\"logo\":{\"@type\":\"ImageObject\",\"inLanguage\":\"en-US\",\"@id\":\"https:\\\/\\\/gooddealersmeds.com\\\/fr\\\/#\\\/schema\\\/logo\\\/image\\\/\",\"url\":\"https:\\\/\\\/gooddealersmeds.com\\\/fr\\\/wp-content\\\/uploads\\\/sites\\\/5\\\/2022\\\/03\\\/gooddealersmeds__logo__20220317T222800Z.00.png\",\"contentUrl\":\"https:\\\/\\\/gooddealersmeds.com\\\/fr\\\/wp-content\\\/uploads\\\/sites\\\/5\\\/2022\\\/03\\\/gooddealersmeds__logo__20220317T222800Z.00.png\",\"width\":500,\"height\":325,\"caption\":\"Good Dealers Meds\"},\"image\":{\"@id\":\"https:\\\/\\\/gooddealersmeds.com\\\/fr\\\/#\\\/schema\\\/logo\\\/image\\\/\"}}]}<\/script>\n<!-- \/ Yoast SEO Premium plugin. -->","yoast_head_json":{"title":"Acheter Adderall en ligne | Adderall pas cher \u00e0 vendre 30mg","description":"Acheter Adderall en ligne 30 mg sans ordonnance \u00e0 bas prix aupr\u00e8s de Good Dealers Meds pour le traitement du TDAH et de la narcolepsie.","robots":{"index":"index","follow":"follow","max-snippet":"max-snippet:-1","max-image-preview":"max-image-preview:large","max-video-preview":"max-video-preview:-1"},"canonical":"https:\/\/gooddealersmeds.com\/fr\/product\/acheter-adderall-en-ligne\/","og_locale":"en_US","og_type":"article","og_title":"Acheter Adderall en ligne","og_description":"Acheter Adderall en ligne 30 mg sans ordonnance \u00e0 bas prix aupr\u00e8s de Good Dealers Meds pour le traitement du TDAH et de la narcolepsie.","og_url":"https:\/\/gooddealersmeds.com\/fr\/product\/acheter-adderall-en-ligne\/","og_site_name":"Good Dealers Meds","article_modified_time":"2023-01-08T11:56:53+00:00","og_image":[{"width":300,"height":300,"url":"https:\/\/gooddealersmeds.com\/fr\/wp-content\/uploads\/sites\/5\/2022\/03\/buy-adderall-online1.jpg","type":"image\/jpeg"}],"twitter_card":"summary_large_image","twitter_misc":{"Est. reading time":"2 minutes"},"schema":{"@context":"https:\/\/schema.org","@graph":[{"@type":"WebPage","@id":"https:\/\/gooddealersmeds.com\/fr\/product\/acheter-adderall-en-ligne\/","url":"https:\/\/gooddealersmeds.com\/fr\/product\/acheter-adderall-en-ligne\/","name":"Acheter Adderall en ligne | Adderall pas cher \u00e0 vendre 30mg","isPartOf":{"@id":"https:\/\/gooddealersmeds.com\/fr\/#website"},"primaryImageOfPage":{"@id":"https:\/\/gooddealersmeds.com\/fr\/product\/acheter-adderall-en-ligne\/#primaryimage"},"image":{"@id":"https:\/\/gooddealersmeds.com\/fr\/product\/acheter-adderall-en-ligne\/#primaryimage"},"thumbnailUrl":"https:\/\/gooddealersmeds.com\/fr\/wp-content\/uploads\/sites\/5\/2022\/03\/buy-adderall-online1.jpg","datePublished":"2022-03-17T23:13:27+00:00","dateModified":"2023-01-08T11:56:53+00:00","description":"Acheter Adderall en ligne 30 mg sans ordonnance \u00e0 bas prix aupr\u00e8s de Good Dealers Meds pour le traitement du TDAH et de la narcolepsie.","breadcrumb":{"@id":"https:\/\/gooddealersmeds.com\/fr\/product\/acheter-adderall-en-ligne\/#breadcrumb"},"inLanguage":"en-US","potentialAction":[{"@type":"ReadAction","target":["https:\/\/gooddealersmeds.com\/fr\/product\/acheter-adderall-en-ligne\/"]}]},{"@type":"ImageObject","inLanguage":"en-US","@id":"https:\/\/gooddealersmeds.com\/fr\/product\/acheter-adderall-en-ligne\/#primaryimage","url":"https:\/\/gooddealersmeds.com\/fr\/wp-content\/uploads\/sites\/5\/2022\/03\/buy-adderall-online1.jpg","contentUrl":"https:\/\/gooddealersmeds.com\/fr\/wp-content\/uploads\/sites\/5\/2022\/03\/buy-adderall-online1.jpg","width":300,"height":300,"caption":"Buy Adderall Online"},{"@type":"BreadcrumbList","@id":"https:\/\/gooddealersmeds.com\/fr\/product\/acheter-adderall-en-ligne\/#breadcrumb","itemListElement":[{"@type":"ListItem","position":1,"name":"Home","item":"https:\/\/gooddealersmeds.com\/fr\/"},{"@type":"ListItem","position":2,"name":"Des produits","item":"https:\/\/gooddealersmeds.com\/fr\/des-produits\/"},{"@type":"ListItem","position":3,"name":"Acheter Adderall en ligne"}]},{"@type":"WebSite","@id":"https:\/\/gooddealersmeds.com\/fr\/#website","url":"https:\/\/gooddealersmeds.com\/fr\/","name":"Good Dealers Meds","description":"All our best","publisher":{"@id":"https:\/\/gooddealersmeds.com\/fr\/#organization"},"potentialAction":[{"@type":"SearchAction","target":{"@type":"EntryPoint","urlTemplate":"https:\/\/gooddealersmeds.com\/fr\/?s={search_term_string}"},"query-input":{"@type":"PropertyValueSpecification","valueRequired":true,"valueName":"search_term_string"}}],"inLanguage":"en-US"},{"@type":"Organization","@id":"https:\/\/gooddealersmeds.com\/fr\/#organization","name":"Good Dealers Meds","url":"https:\/\/gooddealersmeds.com\/fr\/","logo":{"@type":"ImageObject","inLanguage":"en-US","@id":"https:\/\/gooddealersmeds.com\/fr\/#\/schema\/logo\/image\/","url":"https:\/\/gooddealersmeds.com\/fr\/wp-content\/uploads\/sites\/5\/2022\/03\/gooddealersmeds__logo__20220317T222800Z.00.png","contentUrl":"https:\/\/gooddealersmeds.com\/fr\/wp-content\/uploads\/sites\/5\/2022\/03\/gooddealersmeds__logo__20220317T222800Z.00.png","width":500,"height":325,"caption":"Good Dealers Meds"},"image":{"@id":"https:\/\/gooddealersmeds.com\/fr\/#\/schema\/logo\/image\/"}}]}},"_links":{"self":[{"href":"https:\/\/gooddealersmeds.com\/fr\/wp-json\/wp\/v2\/product\/1524","targetHints":{"allow":["GET"]}}],"collection":[{"href":"https:\/\/gooddealersmeds.com\/fr\/wp-json\/wp\/v2\/product"}],"about":[{"href":"https:\/\/gooddealersmeds.com\/fr\/wp-json\/wp\/v2\/types\/product"}],"replies":[{"embeddable":true,"href":"https:\/\/gooddealersmeds.com\/fr\/wp-json\/wp\/v2\/comments?post=1524"}],"wp:featuredmedia":[{"embeddable":true,"href":"https:\/\/gooddealersmeds.com\/fr\/wp-json\/wp\/v2\/media\/1532"}],"wp:attachment":[{"href":"https:\/\/gooddealersmeds.com\/fr\/wp-json\/wp\/v2\/media?parent=1524"}],"wp:term":[{"taxonomy":"product_brand","embeddable":true,"href":"https:\/\/gooddealersmeds.com\/fr\/wp-json\/wp\/v2\/product_brand?post=1524"},{"taxonomy":"product_cat","embeddable":true,"href":"https:\/\/gooddealersmeds.com\/fr\/wp-json\/wp\/v2\/product_cat?post=1524"},{"taxonomy":"product_tag","embeddable":true,"href":"https:\/\/gooddealersmeds.com\/fr\/wp-json\/wp\/v2\/product_tag?post=1524"}],"curies":[{"name":"wp","href":"https:\/\/api.w.org\/{rel}","templated":true}]}}