{"id":2220,"date":"2023-01-08T19:04:15","date_gmt":"2023-01-08T19:04:15","guid":{"rendered":"https:\/\/gooddealersmeds.com\/fi\/?post_type=product&#038;p=2220"},"modified":"2025-01-09T11:39:14","modified_gmt":"2025-01-09T11:39:14","slug":"osta-kaliumsyanidia","status":"publish","type":"product","link":"https:\/\/gooddealersmeds.com\/fi\/product\/osta-kaliumsyanidia\/","title":{"rendered":"Osta kaliumsyanidia"},"content":{"rendered":"<h2><strong>Osta kaliumsyanidia verkosta<br \/>\n<\/strong><\/h2>\n<p><a href=\"https:\/\/gooddealersmeds.com\/fi\/product\/osta-kaliumsyanidia\/\">Kaliumsyanidi<\/a> on eritt\u00e4in myrkyllinen ep\u00e4orgaanisen syanidin suola, jota ihmiset voivat k\u00e4ytt\u00e4\u00e4 suositumman natriumsyanidin korvikkeena. Osta kaliumsyanidia verkosta =\u00a0 Sen kemiallinen kaava on KCN. Ihmiset ottavat kaliumsyanidia p\u00e4\u00e4asiassa tabletin tai jauheen muodossa. Jos l\u00e4het\u00e4t meilt\u00e4, saatavilla oleva annos on 300 mg:n oraalinen pilleri ja minimitilaus 100 gramman jauhemuodossa, osta laillista kaliumsyanidia, osta kaliumsyanidia Kanadasta, osta kaliumsyanidia USA:sta, osta kaliumsyanidia Australiasta, osta kaliumsyanidia, osta kaliumia syanidi Yhdistyneess\u00e4 kuningaskunnassa, osta kaliumsyanidia l\u00e4hell\u00e4ni, osta myrkky\u00e4 kaliumsyanidia, osta kaliumsyanidia, osta kaliumsyanidia, osta kaliumsyanidia Australiassa, osta kaliumsyanidia irtotavarana, mist\u00e4 voin ostaa kaliumsyanidia koko Lontoossa, osta kaliumsyanidia kokonaisuudessaan, osta kaliumsyanidia ostaa kaliumsyanidia maailmanlaajuisesti, ostaa kaliumsyanidia verkosta.<\/p>\n<p>&nbsp;<\/p>\n<p>Laboratoriomme valmistaa ja jakelee parasta kaliumia, joka on v\u00e4rit\u00f6nt\u00e4 kiteist\u00e4 yhdistett\u00e4. Korukauppiaat tuntevat kaliumsyanidimme \u00e4\u00e4rimm\u00e4isist\u00e4 ja poikkeuksellisen korkealaatuisista kemiallisista kultaus- ja kiillotusominaisuuksistaan. Kullankaivostamme. orgaaninen synteesi. ja galvanointiasiakkaat eiv\u00e4t ole koskaan katsoneet minnek\u00e4\u00e4n sen j\u00e4lkeen, kun he testasivat kaliumsyanidiamme. Kaliumsyanidia tarjotaan jauheena tai lieri\u00f6m\u00e4isen\u00e4 tablettina, jokainen tabletti painaa 100 grammaa. Se on ep\u00e4orgaaninen yhdiste, jonka kaava on KCN. T\u00e4m\u00e4 v\u00e4rit\u00f6n kiteinen yhdiste. ulkon\u00e4\u00f6lt\u00e4\u00e4n samanlainen kuin sokeri. liukenee hyvin veteen. Suurin osa KCN:st\u00e4 k\u00e4ytet\u00e4\u00e4n kullan louhinnassa. orgaaninen synteesi. itsemurhan tekeminen ja s\u00e4hk\u00f6pinnoitus. Tilaa kaliumsyanidia verkosta, kaliumsyanidia myyt\u00e4v\u00e4n\u00e4, Suuri altistuminen voi aiheuttaa p\u00e4\u00e4ns\u00e4rky\u00e4, sekavuutta, huimausta, ahdistusta, syd\u00e4men hakkaamista ja jopa tajuttomuutta ja kuolemaa. * Altistuminen kaliumsyanidille voi aiheuttaa nen\u00e4verenvuotoa ja haavaumia nen\u00e4ss\u00e4 sek\u00e4 muutoksia verisolujen m\u00e4\u00e4r\u00e4ss\u00e4.<\/p>\n","protected":false},"excerpt":{"rendered":"<p>Osta Potassium-Cyanide verkosta edulliseen hintaan ja saat sen toimitettuna kotiovellesi. Toimitamme maailmanlaajuisesti. Myyd\u00e4\u00e4n kalium-syanidi<\/p>\n","protected":false},"featured_media":2250,"comment_status":"open","ping_status":"closed","template":"","meta":{"inline_featured_image":false},"product_brand":[],"product_cat":[343],"product_tag":[],"class_list":{"0":"post-2220","1":"product","2":"type-product","3":"status-publish","4":"has-post-thumbnail","6":"product_cat-muut","8":"first","9":"instock","10":"shipping-taxable","11":"purchasable","12":"product-type-variable","13":"has-default-attributes"},"yoast_head":"<!-- This site is optimized with the Yoast SEO Premium plugin v20.6 (Yoast SEO v27.3) - https:\/\/yoast.com\/product\/yoast-seo-premium-wordpress\/ -->\n<title>Osta kaliumsyanidia verkosta | Kalium-syanidi myyt\u00e4v\u00e4n\u00e4 hyv\u00e4ll\u00e4 hinnalla<\/title>\n<meta name=\"description\" content=\"Osta kaliumsyanidia verkosta edulliseen hintaan ja saat sen toimitettuna kotiovellesi. Toimitamme maailmanlaajuisesti. Myyd\u00e4\u00e4n kalium-syanidi\" \/>\n<meta name=\"robots\" content=\"index, follow, max-snippet:-1, max-image-preview:large, max-video-preview:-1\" \/>\n<link rel=\"canonical\" href=\"https:\/\/gooddealersmeds.com\/fi\/product\/osta-kaliumsyanidia\/\" \/>\n<meta property=\"og:locale\" content=\"en_US\" \/>\n<meta property=\"og:type\" content=\"article\" \/>\n<meta property=\"og:title\" content=\"Osta kaliumsyanidia\" \/>\n<meta property=\"og:description\" content=\"Osta kaliumsyanidia verkosta edulliseen hintaan ja saat sen toimitettuna kotiovellesi. Toimitamme maailmanlaajuisesti. Myyd\u00e4\u00e4n kalium-syanidi\" \/>\n<meta property=\"og:url\" content=\"https:\/\/gooddealersmeds.com\/fi\/product\/osta-kaliumsyanidia\/\" \/>\n<meta property=\"og:site_name\" content=\"Good Dealers Meds\" \/>\n<meta property=\"article:modified_time\" content=\"2025-01-09T11:39:14+00:00\" \/>\n<meta property=\"og:image\" content=\"https:\/\/gooddealersmeds.com\/fi\/wp-content\/uploads\/sites\/6\/2023\/01\/potassium-cyanide.jpg\" \/>\n\t<meta property=\"og:image:width\" content=\"503\" \/>\n\t<meta property=\"og:image:height\" content=\"505\" \/>\n\t<meta property=\"og:image:type\" content=\"image\/jpeg\" \/>\n<meta name=\"twitter:card\" content=\"summary_large_image\" \/>\n<meta name=\"twitter:label1\" content=\"Est. reading time\" \/>\n\t<meta name=\"twitter:data1\" content=\"1 minute\" \/>\n<script type=\"application\/ld+json\" class=\"yoast-schema-graph\">{\"@context\":\"https:\\\/\\\/schema.org\",\"@graph\":[{\"@type\":\"WebPage\",\"@id\":\"https:\\\/\\\/gooddealersmeds.com\\\/fi\\\/product\\\/osta-kaliumsyanidia\\\/\",\"url\":\"https:\\\/\\\/gooddealersmeds.com\\\/fi\\\/product\\\/osta-kaliumsyanidia\\\/\",\"name\":\"Osta kaliumsyanidia verkosta | Kalium-syanidi myyt\u00e4v\u00e4n\u00e4 hyv\u00e4ll\u00e4 hinnalla\",\"isPartOf\":{\"@id\":\"https:\\\/\\\/gooddealersmeds.com\\\/fi\\\/#website\"},\"primaryImageOfPage\":{\"@id\":\"https:\\\/\\\/gooddealersmeds.com\\\/fi\\\/product\\\/osta-kaliumsyanidia\\\/#primaryimage\"},\"image\":{\"@id\":\"https:\\\/\\\/gooddealersmeds.com\\\/fi\\\/product\\\/osta-kaliumsyanidia\\\/#primaryimage\"},\"thumbnailUrl\":\"https:\\\/\\\/gooddealersmeds.com\\\/fi\\\/wp-content\\\/uploads\\\/sites\\\/6\\\/2023\\\/01\\\/potassium-cyanide.jpg\",\"datePublished\":\"2023-01-08T19:04:15+00:00\",\"dateModified\":\"2025-01-09T11:39:14+00:00\",\"description\":\"Osta kaliumsyanidia verkosta edulliseen hintaan ja saat sen toimitettuna kotiovellesi. Toimitamme maailmanlaajuisesti. Myyd\u00e4\u00e4n kalium-syanidi\",\"breadcrumb\":{\"@id\":\"https:\\\/\\\/gooddealersmeds.com\\\/fi\\\/product\\\/osta-kaliumsyanidia\\\/#breadcrumb\"},\"inLanguage\":\"en-US\",\"potentialAction\":[{\"@type\":\"ReadAction\",\"target\":[\"https:\\\/\\\/gooddealersmeds.com\\\/fi\\\/product\\\/osta-kaliumsyanidia\\\/\"]}]},{\"@type\":\"ImageObject\",\"inLanguage\":\"en-US\",\"@id\":\"https:\\\/\\\/gooddealersmeds.com\\\/fi\\\/product\\\/osta-kaliumsyanidia\\\/#primaryimage\",\"url\":\"https:\\\/\\\/gooddealersmeds.com\\\/fi\\\/wp-content\\\/uploads\\\/sites\\\/6\\\/2023\\\/01\\\/potassium-cyanide.jpg\",\"contentUrl\":\"https:\\\/\\\/gooddealersmeds.com\\\/fi\\\/wp-content\\\/uploads\\\/sites\\\/6\\\/2023\\\/01\\\/potassium-cyanide.jpg\",\"width\":503,\"height\":505},{\"@type\":\"BreadcrumbList\",\"@id\":\"https:\\\/\\\/gooddealersmeds.com\\\/fi\\\/product\\\/osta-kaliumsyanidia\\\/#breadcrumb\",\"itemListElement\":[{\"@type\":\"ListItem\",\"position\":1,\"name\":\"Home\",\"item\":\"https:\\\/\\\/gooddealersmeds.com\\\/fi\\\/\"},{\"@type\":\"ListItem\",\"position\":2,\"name\":\"Tuotteet\",\"item\":\"https:\\\/\\\/gooddealersmeds.com\\\/fi\\\/tuotteet\\\/\"},{\"@type\":\"ListItem\",\"position\":3,\"name\":\"Osta kaliumsyanidia\"}]},{\"@type\":\"WebSite\",\"@id\":\"https:\\\/\\\/gooddealersmeds.com\\\/fi\\\/#website\",\"url\":\"https:\\\/\\\/gooddealersmeds.com\\\/fi\\\/\",\"name\":\"Good Dealers Meds\",\"description\":\"All our best\",\"publisher\":{\"@id\":\"https:\\\/\\\/gooddealersmeds.com\\\/fi\\\/#organization\"},\"potentialAction\":[{\"@type\":\"SearchAction\",\"target\":{\"@type\":\"EntryPoint\",\"urlTemplate\":\"https:\\\/\\\/gooddealersmeds.com\\\/fi\\\/?s={search_term_string}\"},\"query-input\":{\"@type\":\"PropertyValueSpecification\",\"valueRequired\":true,\"valueName\":\"search_term_string\"}}],\"inLanguage\":\"en-US\"},{\"@type\":\"Organization\",\"@id\":\"https:\\\/\\\/gooddealersmeds.com\\\/fi\\\/#organization\",\"name\":\"Good Dealers Meds\",\"url\":\"https:\\\/\\\/gooddealersmeds.com\\\/fi\\\/\",\"logo\":{\"@type\":\"ImageObject\",\"inLanguage\":\"en-US\",\"@id\":\"https:\\\/\\\/gooddealersmeds.com\\\/fi\\\/#\\\/schema\\\/logo\\\/image\\\/\",\"url\":\"https:\\\/\\\/gooddealersmeds.com\\\/fi\\\/wp-content\\\/uploads\\\/sites\\\/6\\\/2022\\\/03\\\/gooddealersmeds__logo__20220317T222800Z.00.png\",\"contentUrl\":\"https:\\\/\\\/gooddealersmeds.com\\\/fi\\\/wp-content\\\/uploads\\\/sites\\\/6\\\/2022\\\/03\\\/gooddealersmeds__logo__20220317T222800Z.00.png\",\"width\":500,\"height\":325,\"caption\":\"Good Dealers Meds\"},\"image\":{\"@id\":\"https:\\\/\\\/gooddealersmeds.com\\\/fi\\\/#\\\/schema\\\/logo\\\/image\\\/\"}}]}<\/script>\n<!-- \/ Yoast SEO Premium plugin. -->","yoast_head_json":{"title":"Osta kaliumsyanidia verkosta | Kalium-syanidi myyt\u00e4v\u00e4n\u00e4 hyv\u00e4ll\u00e4 hinnalla","description":"Osta kaliumsyanidia verkosta edulliseen hintaan ja saat sen toimitettuna kotiovellesi. Toimitamme maailmanlaajuisesti. Myyd\u00e4\u00e4n kalium-syanidi","robots":{"index":"index","follow":"follow","max-snippet":"max-snippet:-1","max-image-preview":"max-image-preview:large","max-video-preview":"max-video-preview:-1"},"canonical":"https:\/\/gooddealersmeds.com\/fi\/product\/osta-kaliumsyanidia\/","og_locale":"en_US","og_type":"article","og_title":"Osta kaliumsyanidia","og_description":"Osta kaliumsyanidia verkosta edulliseen hintaan ja saat sen toimitettuna kotiovellesi. Toimitamme maailmanlaajuisesti. Myyd\u00e4\u00e4n kalium-syanidi","og_url":"https:\/\/gooddealersmeds.com\/fi\/product\/osta-kaliumsyanidia\/","og_site_name":"Good Dealers Meds","article_modified_time":"2025-01-09T11:39:14+00:00","og_image":[{"width":503,"height":505,"url":"https:\/\/gooddealersmeds.com\/fi\/wp-content\/uploads\/sites\/6\/2023\/01\/potassium-cyanide.jpg","type":"image\/jpeg"}],"twitter_card":"summary_large_image","twitter_misc":{"Est. reading time":"1 minute"},"schema":{"@context":"https:\/\/schema.org","@graph":[{"@type":"WebPage","@id":"https:\/\/gooddealersmeds.com\/fi\/product\/osta-kaliumsyanidia\/","url":"https:\/\/gooddealersmeds.com\/fi\/product\/osta-kaliumsyanidia\/","name":"Osta kaliumsyanidia verkosta | Kalium-syanidi myyt\u00e4v\u00e4n\u00e4 hyv\u00e4ll\u00e4 hinnalla","isPartOf":{"@id":"https:\/\/gooddealersmeds.com\/fi\/#website"},"primaryImageOfPage":{"@id":"https:\/\/gooddealersmeds.com\/fi\/product\/osta-kaliumsyanidia\/#primaryimage"},"image":{"@id":"https:\/\/gooddealersmeds.com\/fi\/product\/osta-kaliumsyanidia\/#primaryimage"},"thumbnailUrl":"https:\/\/gooddealersmeds.com\/fi\/wp-content\/uploads\/sites\/6\/2023\/01\/potassium-cyanide.jpg","datePublished":"2023-01-08T19:04:15+00:00","dateModified":"2025-01-09T11:39:14+00:00","description":"Osta kaliumsyanidia verkosta edulliseen hintaan ja saat sen toimitettuna kotiovellesi. Toimitamme maailmanlaajuisesti. Myyd\u00e4\u00e4n kalium-syanidi","breadcrumb":{"@id":"https:\/\/gooddealersmeds.com\/fi\/product\/osta-kaliumsyanidia\/#breadcrumb"},"inLanguage":"en-US","potentialAction":[{"@type":"ReadAction","target":["https:\/\/gooddealersmeds.com\/fi\/product\/osta-kaliumsyanidia\/"]}]},{"@type":"ImageObject","inLanguage":"en-US","@id":"https:\/\/gooddealersmeds.com\/fi\/product\/osta-kaliumsyanidia\/#primaryimage","url":"https:\/\/gooddealersmeds.com\/fi\/wp-content\/uploads\/sites\/6\/2023\/01\/potassium-cyanide.jpg","contentUrl":"https:\/\/gooddealersmeds.com\/fi\/wp-content\/uploads\/sites\/6\/2023\/01\/potassium-cyanide.jpg","width":503,"height":505},{"@type":"BreadcrumbList","@id":"https:\/\/gooddealersmeds.com\/fi\/product\/osta-kaliumsyanidia\/#breadcrumb","itemListElement":[{"@type":"ListItem","position":1,"name":"Home","item":"https:\/\/gooddealersmeds.com\/fi\/"},{"@type":"ListItem","position":2,"name":"Tuotteet","item":"https:\/\/gooddealersmeds.com\/fi\/tuotteet\/"},{"@type":"ListItem","position":3,"name":"Osta kaliumsyanidia"}]},{"@type":"WebSite","@id":"https:\/\/gooddealersmeds.com\/fi\/#website","url":"https:\/\/gooddealersmeds.com\/fi\/","name":"Good Dealers Meds","description":"All our best","publisher":{"@id":"https:\/\/gooddealersmeds.com\/fi\/#organization"},"potentialAction":[{"@type":"SearchAction","target":{"@type":"EntryPoint","urlTemplate":"https:\/\/gooddealersmeds.com\/fi\/?s={search_term_string}"},"query-input":{"@type":"PropertyValueSpecification","valueRequired":true,"valueName":"search_term_string"}}],"inLanguage":"en-US"},{"@type":"Organization","@id":"https:\/\/gooddealersmeds.com\/fi\/#organization","name":"Good Dealers Meds","url":"https:\/\/gooddealersmeds.com\/fi\/","logo":{"@type":"ImageObject","inLanguage":"en-US","@id":"https:\/\/gooddealersmeds.com\/fi\/#\/schema\/logo\/image\/","url":"https:\/\/gooddealersmeds.com\/fi\/wp-content\/uploads\/sites\/6\/2022\/03\/gooddealersmeds__logo__20220317T222800Z.00.png","contentUrl":"https:\/\/gooddealersmeds.com\/fi\/wp-content\/uploads\/sites\/6\/2022\/03\/gooddealersmeds__logo__20220317T222800Z.00.png","width":500,"height":325,"caption":"Good Dealers Meds"},"image":{"@id":"https:\/\/gooddealersmeds.com\/fi\/#\/schema\/logo\/image\/"}}]}},"_links":{"self":[{"href":"https:\/\/gooddealersmeds.com\/fi\/wp-json\/wp\/v2\/product\/2220","targetHints":{"allow":["GET"]}}],"collection":[{"href":"https:\/\/gooddealersmeds.com\/fi\/wp-json\/wp\/v2\/product"}],"about":[{"href":"https:\/\/gooddealersmeds.com\/fi\/wp-json\/wp\/v2\/types\/product"}],"replies":[{"embeddable":true,"href":"https:\/\/gooddealersmeds.com\/fi\/wp-json\/wp\/v2\/comments?post=2220"}],"wp:featuredmedia":[{"embeddable":true,"href":"https:\/\/gooddealersmeds.com\/fi\/wp-json\/wp\/v2\/media\/2250"}],"wp:attachment":[{"href":"https:\/\/gooddealersmeds.com\/fi\/wp-json\/wp\/v2\/media?parent=2220"}],"wp:term":[{"taxonomy":"product_brand","embeddable":true,"href":"https:\/\/gooddealersmeds.com\/fi\/wp-json\/wp\/v2\/product_brand?post=2220"},{"taxonomy":"product_cat","embeddable":true,"href":"https:\/\/gooddealersmeds.com\/fi\/wp-json\/wp\/v2\/product_cat?post=2220"},{"taxonomy":"product_tag","embeddable":true,"href":"https:\/\/gooddealersmeds.com\/fi\/wp-json\/wp\/v2\/product_tag?post=2220"}],"curies":[{"name":"wp","href":"https:\/\/api.w.org\/{rel}","templated":true}]}}