{"id":2219,"date":"2023-01-08T19:04:15","date_gmt":"2023-01-08T19:04:15","guid":{"rendered":"https:\/\/gooddealersmeds.com\/fi\/?post_type=product&#038;p=2219"},"modified":"2023-03-12T23:18:02","modified_gmt":"2023-03-12T23:18:02","slug":"gamma-butyrolaktoni-gbl-neste","status":"publish","type":"product","link":"https:\/\/gooddealersmeds.com\/fi\/product\/gamma-butyrolaktoni-gbl-neste\/","title":{"rendered":"Gamma-butyrolaktoni (Gbl) neste"},"content":{"rendered":"<h2>Mist\u00e4 ostaa GBL:t\u00e4, ostaa gammabutyrolaktonia verkosta<\/h2>\n<p>Osta gamma-butyrolaktonia verkosta. Mist\u00e4 ostaa GBL:t\u00e4, gamma-butyrolaktonia on l\u00f6ydetty v\u00e4\u00e4rent\u00e4m\u00e4tt\u00f6mien viinien n\u00e4ytteist\u00e4. T\u00e4m\u00e4 havainto osoittaa, ett\u00e4\u00a0<a href=\"https:\/\/www.hiv-drogen.de\/\">GBL<\/a>\u00a0on luonnossa esiintyv\u00e4 ainesosa joissakin viineiss\u00e4 ja sit\u00e4 saattaa esiinty\u00e4 vastaavissa tuotteissa. Havaittu pitoisuus oli noin 5 ug\/ml, ja se havaittiin helposti k\u00e4ytt\u00e4m\u00e4ll\u00e4 yksinkertaista uuttotekniikkaa, jota seurasi GC\/MS-analyysi. GBL:\u00e4\u00e4 l\u00f6ytyy juustomausteista, mutta tyypillisesti sen GBL-pitoisuus lopullisessa elintarvikkeessa on 0,0002 %.<\/p>\n<p>Gammabutyrolaktoni on kemikaali. Ihmiset k\u00e4ytt\u00e4v\u00e4t sit\u00e4 l\u00e4\u00e4kkeen\u00e4. Varo sekoittamasta gammabutyrolaktonia (<a href=\"https:\/\/gooddealersmeds.com\/fi\/product\/gamma-butyrolaktoni-gbl-neste\/\">GBL<\/a>) gammahydroksibutyraattiin (GHB). Vakavista turvallisuusongelmista ja laittomuudesta huolimatta ihmiset k\u00e4ytt\u00e4v\u00e4t gammabutyrolaktonia urheilullisen suorituskyvyn, unen sek\u00e4 seksuaalisen suorituskyvyn ja nautinnon parantamiseksi. Osta gammabutyrolaktonia verkosta, tutki kemian aineita verkossa Euroopassa<\/p>\n<p>Meid\u00e4n etumme. Mist\u00e4 tilata gamma-butyrolaktonia<\/p>\n<p>\u2013 Myymme korkealaatuisia tuotteita parhailta tuottajilta,<\/p>\n<p>-tarjotut tavarat ovat saatavilla varastossa,<\/p>\n<p>-l\u00e4hetykset ovat eritt\u00e4in hyvin pakattu,<\/p>\n<p>&#8211; L\u00e4hetys tapahtuu aina pikavauhdilla,<\/p>\n<p>-Olemme laillisesti toimiva yritys.<\/p>\n<p>-Saat aina kuitin tai laskun ostamistasi tuotteista.<\/p>\n<p>GoodDealChem tarjoaa parhaan gamma-butyrolaktonin, Myymme laadukkaita tuotteita Mist\u00e4 ostaa gamma-butyrolaktonia<\/p>\n<p>tilaa gamma-butyrolaktoni Yhdysvalloissa, tilaa gamma-butyrolaktoni amazonista, tilaa gamma-butyrolaktoni verkosta usa, gamma-butyrolaktonipuhdistusaine osta usa, mist\u00e4 tilata gamma-butyrolaktonit, gamma-butyrolaktonipuhdistusaine, gamma-butyrolaktonipuhdistusaine online-ostos, gamma-butyrolaktoni usa, gamma-butyrolaktoni , tilaa gamma-butyrolaktoni verkossa australia, gamma-butyrolaktoni verkossa myyt\u00e4v\u00e4n\u00e4, maaginen puhdistusaine gamma-butyrolaktoni, tilaa gamma-butyrolaktoni verkosta Intia, gamma-butyrolaktonin toimittajat, gamma-butyrolaktonipuhdistusaine amazon, paras paikka tilata gamma-butyrolaktonia, gamma-butyrolaktoni myyt\u00e4v\u00e4n\u00e4, gamma-butyrolaktoni ebay, paras tilauspaikka gamma-butyrolaktoni, gamma-butyrolaktonituotteet, gamma-butyrolaktonin toimittajat Intiassa, gamma-butyrolaktonin hinta, puhdas gamma-butyrolaktoni myyt\u00e4v\u00e4n\u00e4, gamma-butyrolaktoni mutta ebay-toimittajat.<b><\/b><\/p>\n<p>Kuvaus<br \/>\nV\u00e4rit\u00f6n neste (ostettu pieniss\u00e4 pulloissa), v\u00e4rilliset kapselit.<br \/>\nTerapeuttinen k\u00e4ytt\u00f6<br \/>\nRauhoittava anestesia. GHB:t\u00e4 on k\u00e4ytetty leikkauksen esil\u00e4\u00e4kityksen\u00e4 ja viime aikoina sit\u00e4 on k\u00e4ytetty unih\u00e4iri\u00f6iden hoidossa.<br \/>\nVieroitus aiheuttaa levottomuutta, kuten muidenkin rauhoittavien l\u00e4\u00e4kkeiden kohdalla<\/p>\n","protected":false},"excerpt":{"rendered":"<p>Toimitamme eritt\u00e4in puhdasta GBL:\u00e4\u00e4 maailmanlaajuisesti, Mist\u00e4 ostaa GBL:\u00e4\u00e4, Laatumme on parasta mit\u00e4 voit l\u00f6yt\u00e4\u00e4, tilaa GBL t\u00e4\u00e4lt\u00e4 pikatoimituksella.<\/p>\n","protected":false},"featured_media":2249,"comment_status":"open","ping_status":"closed","template":"","meta":{"inline_featured_image":false},"product_brand":[],"product_cat":[344],"product_tag":[],"class_list":{"0":"post-2219","1":"product","2":"type-product","3":"status-publish","4":"has-post-thumbnail","6":"product_cat-tutkimuskemikaalit","8":"first","9":"instock","10":"shipping-taxable","11":"purchasable","12":"product-type-variable","13":"has-default-attributes"},"yoast_head":"<!-- This site is optimized with the Yoast SEO Premium plugin v20.6 (Yoast SEO v27.3) - https:\/\/yoast.com\/product\/yoast-seo-premium-wordpress\/ -->\n<title>Mist\u00e4 ostaa GBL | GBL myyt\u00e4v\u00e4n\u00e4 | Tilaa GBL verkossa | Osta GBL.<\/title>\n<meta name=\"description\" content=\"Toimitamme eritt\u00e4in puhdasta GBL:\u00e4\u00e4 maailmanlaajuisesti, Mist\u00e4 ostaa GBL:\u00e4\u00e4, Laatumme on parasta mit\u00e4 voit l\u00f6yt\u00e4\u00e4, tilaa GBL t\u00e4\u00e4lt\u00e4 pikatoimituksella.\" \/>\n<meta name=\"robots\" content=\"index, follow, max-snippet:-1, max-image-preview:large, max-video-preview:-1\" \/>\n<link rel=\"canonical\" href=\"https:\/\/gooddealersmeds.com\/fi\/product\/gamma-butyrolaktoni-gbl-neste\/\" \/>\n<meta property=\"og:locale\" content=\"en_US\" \/>\n<meta property=\"og:type\" content=\"article\" \/>\n<meta property=\"og:title\" content=\"Gamma-butyrolaktoni (Gbl) neste\" \/>\n<meta property=\"og:description\" content=\"Toimitamme eritt\u00e4in puhdasta GBL:\u00e4\u00e4 maailmanlaajuisesti, Mist\u00e4 ostaa GBL:\u00e4\u00e4, Laatumme on parasta mit\u00e4 voit l\u00f6yt\u00e4\u00e4, tilaa GBL t\u00e4\u00e4lt\u00e4 pikatoimituksella.\" \/>\n<meta property=\"og:url\" content=\"https:\/\/gooddealersmeds.com\/fi\/product\/gamma-butyrolaktoni-gbl-neste\/\" \/>\n<meta property=\"og:site_name\" content=\"Good Dealers Meds\" \/>\n<meta property=\"article:modified_time\" content=\"2023-03-12T23:18:02+00:00\" \/>\n<meta property=\"og:image\" content=\"https:\/\/gooddealersmeds.com\/fi\/wp-content\/uploads\/sites\/6\/2023\/01\/ht.jpg\" \/>\n\t<meta property=\"og:image:width\" content=\"600\" \/>\n\t<meta property=\"og:image:height\" content=\"600\" \/>\n\t<meta property=\"og:image:type\" content=\"image\/jpeg\" \/>\n<meta name=\"twitter:card\" content=\"summary_large_image\" \/>\n<meta name=\"twitter:label1\" content=\"Est. reading time\" \/>\n\t<meta name=\"twitter:data1\" content=\"1 minute\" \/>\n<script type=\"application\/ld+json\" class=\"yoast-schema-graph\">{\"@context\":\"https:\\\/\\\/schema.org\",\"@graph\":[{\"@type\":\"WebPage\",\"@id\":\"https:\\\/\\\/gooddealersmeds.com\\\/fi\\\/product\\\/gamma-butyrolaktoni-gbl-neste\\\/\",\"url\":\"https:\\\/\\\/gooddealersmeds.com\\\/fi\\\/product\\\/gamma-butyrolaktoni-gbl-neste\\\/\",\"name\":\"Mist\u00e4 ostaa GBL | GBL myyt\u00e4v\u00e4n\u00e4 | Tilaa GBL verkossa | Osta GBL.\",\"isPartOf\":{\"@id\":\"https:\\\/\\\/gooddealersmeds.com\\\/fi\\\/#website\"},\"primaryImageOfPage\":{\"@id\":\"https:\\\/\\\/gooddealersmeds.com\\\/fi\\\/product\\\/gamma-butyrolaktoni-gbl-neste\\\/#primaryimage\"},\"image\":{\"@id\":\"https:\\\/\\\/gooddealersmeds.com\\\/fi\\\/product\\\/gamma-butyrolaktoni-gbl-neste\\\/#primaryimage\"},\"thumbnailUrl\":\"https:\\\/\\\/gooddealersmeds.com\\\/fi\\\/wp-content\\\/uploads\\\/sites\\\/6\\\/2023\\\/01\\\/ht.jpg\",\"datePublished\":\"2023-01-08T19:04:15+00:00\",\"dateModified\":\"2023-03-12T23:18:02+00:00\",\"description\":\"Toimitamme eritt\u00e4in puhdasta GBL:\u00e4\u00e4 maailmanlaajuisesti, Mist\u00e4 ostaa GBL:\u00e4\u00e4, Laatumme on parasta mit\u00e4 voit l\u00f6yt\u00e4\u00e4, tilaa GBL t\u00e4\u00e4lt\u00e4 pikatoimituksella.\",\"breadcrumb\":{\"@id\":\"https:\\\/\\\/gooddealersmeds.com\\\/fi\\\/product\\\/gamma-butyrolaktoni-gbl-neste\\\/#breadcrumb\"},\"inLanguage\":\"en-US\",\"potentialAction\":[{\"@type\":\"ReadAction\",\"target\":[\"https:\\\/\\\/gooddealersmeds.com\\\/fi\\\/product\\\/gamma-butyrolaktoni-gbl-neste\\\/\"]}]},{\"@type\":\"ImageObject\",\"inLanguage\":\"en-US\",\"@id\":\"https:\\\/\\\/gooddealersmeds.com\\\/fi\\\/product\\\/gamma-butyrolaktoni-gbl-neste\\\/#primaryimage\",\"url\":\"https:\\\/\\\/gooddealersmeds.com\\\/fi\\\/wp-content\\\/uploads\\\/sites\\\/6\\\/2023\\\/01\\\/ht.jpg\",\"contentUrl\":\"https:\\\/\\\/gooddealersmeds.com\\\/fi\\\/wp-content\\\/uploads\\\/sites\\\/6\\\/2023\\\/01\\\/ht.jpg\",\"width\":600,\"height\":600},{\"@type\":\"BreadcrumbList\",\"@id\":\"https:\\\/\\\/gooddealersmeds.com\\\/fi\\\/product\\\/gamma-butyrolaktoni-gbl-neste\\\/#breadcrumb\",\"itemListElement\":[{\"@type\":\"ListItem\",\"position\":1,\"name\":\"Home\",\"item\":\"https:\\\/\\\/gooddealersmeds.com\\\/fi\\\/\"},{\"@type\":\"ListItem\",\"position\":2,\"name\":\"Tuotteet\",\"item\":\"https:\\\/\\\/gooddealersmeds.com\\\/fi\\\/tuotteet\\\/\"},{\"@type\":\"ListItem\",\"position\":3,\"name\":\"Gamma-butyrolaktoni (Gbl) neste\"}]},{\"@type\":\"WebSite\",\"@id\":\"https:\\\/\\\/gooddealersmeds.com\\\/fi\\\/#website\",\"url\":\"https:\\\/\\\/gooddealersmeds.com\\\/fi\\\/\",\"name\":\"Good Dealers Meds\",\"description\":\"All our best\",\"publisher\":{\"@id\":\"https:\\\/\\\/gooddealersmeds.com\\\/fi\\\/#organization\"},\"potentialAction\":[{\"@type\":\"SearchAction\",\"target\":{\"@type\":\"EntryPoint\",\"urlTemplate\":\"https:\\\/\\\/gooddealersmeds.com\\\/fi\\\/?s={search_term_string}\"},\"query-input\":{\"@type\":\"PropertyValueSpecification\",\"valueRequired\":true,\"valueName\":\"search_term_string\"}}],\"inLanguage\":\"en-US\"},{\"@type\":\"Organization\",\"@id\":\"https:\\\/\\\/gooddealersmeds.com\\\/fi\\\/#organization\",\"name\":\"Good Dealers Meds\",\"url\":\"https:\\\/\\\/gooddealersmeds.com\\\/fi\\\/\",\"logo\":{\"@type\":\"ImageObject\",\"inLanguage\":\"en-US\",\"@id\":\"https:\\\/\\\/gooddealersmeds.com\\\/fi\\\/#\\\/schema\\\/logo\\\/image\\\/\",\"url\":\"https:\\\/\\\/gooddealersmeds.com\\\/fi\\\/wp-content\\\/uploads\\\/sites\\\/6\\\/2022\\\/03\\\/gooddealersmeds__logo__20220317T222800Z.00.png\",\"contentUrl\":\"https:\\\/\\\/gooddealersmeds.com\\\/fi\\\/wp-content\\\/uploads\\\/sites\\\/6\\\/2022\\\/03\\\/gooddealersmeds__logo__20220317T222800Z.00.png\",\"width\":500,\"height\":325,\"caption\":\"Good Dealers Meds\"},\"image\":{\"@id\":\"https:\\\/\\\/gooddealersmeds.com\\\/fi\\\/#\\\/schema\\\/logo\\\/image\\\/\"}}]}<\/script>\n<!-- \/ Yoast SEO Premium plugin. -->","yoast_head_json":{"title":"Mist\u00e4 ostaa GBL | GBL myyt\u00e4v\u00e4n\u00e4 | Tilaa GBL verkossa | Osta GBL.","description":"Toimitamme eritt\u00e4in puhdasta GBL:\u00e4\u00e4 maailmanlaajuisesti, Mist\u00e4 ostaa GBL:\u00e4\u00e4, Laatumme on parasta mit\u00e4 voit l\u00f6yt\u00e4\u00e4, tilaa GBL t\u00e4\u00e4lt\u00e4 pikatoimituksella.","robots":{"index":"index","follow":"follow","max-snippet":"max-snippet:-1","max-image-preview":"max-image-preview:large","max-video-preview":"max-video-preview:-1"},"canonical":"https:\/\/gooddealersmeds.com\/fi\/product\/gamma-butyrolaktoni-gbl-neste\/","og_locale":"en_US","og_type":"article","og_title":"Gamma-butyrolaktoni (Gbl) neste","og_description":"Toimitamme eritt\u00e4in puhdasta GBL:\u00e4\u00e4 maailmanlaajuisesti, Mist\u00e4 ostaa GBL:\u00e4\u00e4, Laatumme on parasta mit\u00e4 voit l\u00f6yt\u00e4\u00e4, tilaa GBL t\u00e4\u00e4lt\u00e4 pikatoimituksella.","og_url":"https:\/\/gooddealersmeds.com\/fi\/product\/gamma-butyrolaktoni-gbl-neste\/","og_site_name":"Good Dealers Meds","article_modified_time":"2023-03-12T23:18:02+00:00","og_image":[{"width":600,"height":600,"url":"https:\/\/gooddealersmeds.com\/fi\/wp-content\/uploads\/sites\/6\/2023\/01\/ht.jpg","type":"image\/jpeg"}],"twitter_card":"summary_large_image","twitter_misc":{"Est. reading time":"1 minute"},"schema":{"@context":"https:\/\/schema.org","@graph":[{"@type":"WebPage","@id":"https:\/\/gooddealersmeds.com\/fi\/product\/gamma-butyrolaktoni-gbl-neste\/","url":"https:\/\/gooddealersmeds.com\/fi\/product\/gamma-butyrolaktoni-gbl-neste\/","name":"Mist\u00e4 ostaa GBL | GBL myyt\u00e4v\u00e4n\u00e4 | Tilaa GBL verkossa | Osta GBL.","isPartOf":{"@id":"https:\/\/gooddealersmeds.com\/fi\/#website"},"primaryImageOfPage":{"@id":"https:\/\/gooddealersmeds.com\/fi\/product\/gamma-butyrolaktoni-gbl-neste\/#primaryimage"},"image":{"@id":"https:\/\/gooddealersmeds.com\/fi\/product\/gamma-butyrolaktoni-gbl-neste\/#primaryimage"},"thumbnailUrl":"https:\/\/gooddealersmeds.com\/fi\/wp-content\/uploads\/sites\/6\/2023\/01\/ht.jpg","datePublished":"2023-01-08T19:04:15+00:00","dateModified":"2023-03-12T23:18:02+00:00","description":"Toimitamme eritt\u00e4in puhdasta GBL:\u00e4\u00e4 maailmanlaajuisesti, Mist\u00e4 ostaa GBL:\u00e4\u00e4, Laatumme on parasta mit\u00e4 voit l\u00f6yt\u00e4\u00e4, tilaa GBL t\u00e4\u00e4lt\u00e4 pikatoimituksella.","breadcrumb":{"@id":"https:\/\/gooddealersmeds.com\/fi\/product\/gamma-butyrolaktoni-gbl-neste\/#breadcrumb"},"inLanguage":"en-US","potentialAction":[{"@type":"ReadAction","target":["https:\/\/gooddealersmeds.com\/fi\/product\/gamma-butyrolaktoni-gbl-neste\/"]}]},{"@type":"ImageObject","inLanguage":"en-US","@id":"https:\/\/gooddealersmeds.com\/fi\/product\/gamma-butyrolaktoni-gbl-neste\/#primaryimage","url":"https:\/\/gooddealersmeds.com\/fi\/wp-content\/uploads\/sites\/6\/2023\/01\/ht.jpg","contentUrl":"https:\/\/gooddealersmeds.com\/fi\/wp-content\/uploads\/sites\/6\/2023\/01\/ht.jpg","width":600,"height":600},{"@type":"BreadcrumbList","@id":"https:\/\/gooddealersmeds.com\/fi\/product\/gamma-butyrolaktoni-gbl-neste\/#breadcrumb","itemListElement":[{"@type":"ListItem","position":1,"name":"Home","item":"https:\/\/gooddealersmeds.com\/fi\/"},{"@type":"ListItem","position":2,"name":"Tuotteet","item":"https:\/\/gooddealersmeds.com\/fi\/tuotteet\/"},{"@type":"ListItem","position":3,"name":"Gamma-butyrolaktoni (Gbl) neste"}]},{"@type":"WebSite","@id":"https:\/\/gooddealersmeds.com\/fi\/#website","url":"https:\/\/gooddealersmeds.com\/fi\/","name":"Good Dealers Meds","description":"All our best","publisher":{"@id":"https:\/\/gooddealersmeds.com\/fi\/#organization"},"potentialAction":[{"@type":"SearchAction","target":{"@type":"EntryPoint","urlTemplate":"https:\/\/gooddealersmeds.com\/fi\/?s={search_term_string}"},"query-input":{"@type":"PropertyValueSpecification","valueRequired":true,"valueName":"search_term_string"}}],"inLanguage":"en-US"},{"@type":"Organization","@id":"https:\/\/gooddealersmeds.com\/fi\/#organization","name":"Good Dealers Meds","url":"https:\/\/gooddealersmeds.com\/fi\/","logo":{"@type":"ImageObject","inLanguage":"en-US","@id":"https:\/\/gooddealersmeds.com\/fi\/#\/schema\/logo\/image\/","url":"https:\/\/gooddealersmeds.com\/fi\/wp-content\/uploads\/sites\/6\/2022\/03\/gooddealersmeds__logo__20220317T222800Z.00.png","contentUrl":"https:\/\/gooddealersmeds.com\/fi\/wp-content\/uploads\/sites\/6\/2022\/03\/gooddealersmeds__logo__20220317T222800Z.00.png","width":500,"height":325,"caption":"Good Dealers Meds"},"image":{"@id":"https:\/\/gooddealersmeds.com\/fi\/#\/schema\/logo\/image\/"}}]}},"_links":{"self":[{"href":"https:\/\/gooddealersmeds.com\/fi\/wp-json\/wp\/v2\/product\/2219","targetHints":{"allow":["GET"]}}],"collection":[{"href":"https:\/\/gooddealersmeds.com\/fi\/wp-json\/wp\/v2\/product"}],"about":[{"href":"https:\/\/gooddealersmeds.com\/fi\/wp-json\/wp\/v2\/types\/product"}],"replies":[{"embeddable":true,"href":"https:\/\/gooddealersmeds.com\/fi\/wp-json\/wp\/v2\/comments?post=2219"}],"wp:featuredmedia":[{"embeddable":true,"href":"https:\/\/gooddealersmeds.com\/fi\/wp-json\/wp\/v2\/media\/2249"}],"wp:attachment":[{"href":"https:\/\/gooddealersmeds.com\/fi\/wp-json\/wp\/v2\/media?parent=2219"}],"wp:term":[{"taxonomy":"product_brand","embeddable":true,"href":"https:\/\/gooddealersmeds.com\/fi\/wp-json\/wp\/v2\/product_brand?post=2219"},{"taxonomy":"product_cat","embeddable":true,"href":"https:\/\/gooddealersmeds.com\/fi\/wp-json\/wp\/v2\/product_cat?post=2219"},{"taxonomy":"product_tag","embeddable":true,"href":"https:\/\/gooddealersmeds.com\/fi\/wp-json\/wp\/v2\/product_tag?post=2219"}],"curies":[{"name":"wp","href":"https:\/\/api.w.org\/{rel}","templated":true}]}}