{"id":2218,"date":"2023-01-08T19:04:15","date_gmt":"2023-01-08T19:04:15","guid":{"rendered":"https:\/\/gooddealersmeds.com\/fi\/?post_type=product&#038;p=2218"},"modified":"2023-03-12T23:19:20","modified_gmt":"2023-03-12T23:19:20","slug":"tilaa-apaan-alfa-fenyyliasetoasetonitriili-verkosta","status":"publish","type":"product","link":"https:\/\/gooddealersmeds.com\/fi\/product\/tilaa-apaan-alfa-fenyyliasetoasetonitriili-verkosta\/","title":{"rendered":"Tilaa APAAN (alfa-fenyyliasetoasetonitriili) verkosta"},"content":{"rendered":"<h2>Osta APAAN (alfa-fenyyliasetoasetonitriili) verkosta \u2013 tilaa APAAN verkosta<\/h2>\n<p>Tilaa APAAN verkosta. APAAN (kutsutaan my\u00f6s: apane) tai alfa-Fenyyliasetoasetonitriili (englanniksi: alfa-Phenylacetoacetonitrile) on orgaaninen yhdiste, jota k\u00e4ytet\u00e4\u00e4n useiden l\u00e4\u00e4kkeiden valmistuksessa. APAAN sis\u00e4lt\u00e4\u00e4 nitriiliryhm\u00e4n ja bentseenirenkaan (fenyyliryhm\u00e4n).<\/p>\n<p>Aine toimii huumeprekursorina fenyyliasetonin (tunnetaan my\u00f6s nimell\u00e4 BMK = bentsyylimetyyliketoni) valmistuksessa ja sit\u00e4 k\u00e4ytet\u00e4\u00e4n stimulantin metamfetamiinin ja amfetamiinin valmistukseen. On muitakin tapoja valmistaa metamfetamiinia. Erityisesti Yhdysvaltain ulkoministeri\u00f6 mainitsee Alankomaiden APAANin k\u00e4ytt\u00f6paikkana. [1] Euroopan huumausaineiden ja niiden v\u00e4\u00e4rink\u00e4yt\u00f6n seurantakeskus (EMCDDA) mainitsee erityisesti Puolan. Osta APAAN (<a href=\"https:\/\/nl.wikipedia.org\/wiki\/APAAN\">alfa-fenyyliasetoasetonitriili<\/a>) verkosta<\/p>\n<p>&nbsp;<\/p>\n<p>Yleens\u00e4 ostettavan tuotteen l\u00f6yt\u00e4minen ei ole koskaan vaikeaa. Ongelma tulee tuon tuotteen ostamisesta. Mit\u00e4 tulee APAANiin, siell\u00e4 on niin monia myyji\u00e4, jotka lupaavat myyd\u00e4 tuotteen sinulle eritt\u00e4in edulliseen hintaan. Huomaa kuitenkin, ett\u00e4 APAAN on valvottu aine useimmissa maissa, eik\u00e4 se ole mitenk\u00e4\u00e4n niin helposti saatavilla. APAANin myyntiin liittyy liian monia riskej\u00e4, ja n\u00e4m\u00e4 voivat olla huijareita, jotka yritt\u00e4v\u00e4t huijata sinulta kovalla ty\u00f6ll\u00e4 ansaittua rahaa.<\/p>\n<h3>Joten mist\u00e4 saat APAANin myyntiin?<\/h3>\n<p>Yksi helppo tapa hankkia APAAN on tehd\u00e4 se verkkokaupasta. Verkkoliiketoiminnan kasvun jatkuessa jopa valvottujen aineiden saaminen helpottuu. Sinun tarvitsee vain l\u00f6yt\u00e4\u00e4 hyv\u00e4 verkkoyritys, joka toimittaa tuotteesi huomaamattomasti. Olemme yksi t\u00e4llainen yritys.<\/p>\n<p>Olemme myyneet APAANia ja muita siihen liittyvi\u00e4 aineita eritt\u00e4in edulliseen hintaan. Kun olemme olleet toiminnassa pitk\u00e4\u00e4n, tied\u00e4mme tarkalleen, mit\u00e4 kaikki asiakkaamme haluavat ja ansaitsevat. Olemme kaikki laadukkaista palveluista ja tuotteista. Joka kerta kun ostat meilt\u00e4, saat parhaan.<\/p>\n<p>Toimituksissa varmistamme, ett\u00e4 ne ovat huomaamattomia ja mahdollisimman nopeita. Pakettisi l\u00e4hetet\u00e4\u00e4n 24 tunnin kuluessa maksun vastaanottamisesta ja l\u00e4het\u00e4mme sen nopean toimituskuriirin kautta, jotta saat pakettisi alle viidess\u00e4 p\u00e4iv\u00e4ss\u00e4 l\u00e4hett\u00e4m\u00e4mme j\u00e4lkeen. Saat my\u00f6s s\u00e4hk\u00f6postiisi pakettisi seurantanumeron. Hyvit\u00e4mme my\u00f6s matkan varrella kadonneita tai rikkoutuneita paketteja. Voimme kuitenkin taata, ett\u00e4 n\u00e4it\u00e4 tapauksia on hyvin v\u00e4h\u00e4n, koska pyrimme joka p\u00e4iv\u00e4 tarjoamaan sinulle juuri ansaitsemasi laadukkaat palvelut. Mit\u00e4 tulee toimituskuluihin, ne sis\u00e4lt\u00e4v\u00e4t pakkaus- ja k\u00e4sittelykulut sek\u00e4 postikulut. Huomaa, ett\u00e4 toimitusmaksusi riippuu tilauksestasi ja pakettisi m\u00e4\u00e4r\u00e4np\u00e4\u00e4st\u00e4.<\/p>\n<p>Varmistamme my\u00f6s, ett\u00e4 turvallisuutesi huomioidaan. Toimitamme huomaamattomasti ja suoraan varmistaaksemme, ett\u00e4 pakettisi ei joudu kosketuksiin kenenk\u00e4\u00e4n kanssa. Olemme my\u00f6s investoineet uusimpaan salaustekniikkaan suojataksemme henkil\u00f6kohtaisia ja taloudellisia tietojasi kaikilta hakkereilta.<\/p>\n","protected":false},"excerpt":{"rendered":"<p>Tilaa APAAN verkosta, olemme luotettava ja luotettava APAAN-toimittaja, nopealla toimituksella 100% taattu &amp; amp; luotettu. Osta halvalla APAAN verkosta.<\/p>\n","protected":false},"featured_media":2248,"comment_status":"open","ping_status":"closed","template":"","meta":{"inline_featured_image":false},"product_brand":[],"product_cat":[344],"product_tag":[642,644,643,647,645,646],"class_list":{"0":"post-2218","1":"product","2":"type-product","3":"status-publish","4":"has-post-thumbnail","6":"product_cat-tutkimuskemikaalit","7":"product_tag-alfa-fenyyliasetoasetonitriili-bulkkihinta","8":"product_tag-apaan-tukkumyynti-verkossa","9":"product_tag-apaan-valmistajat-verkossa","10":"product_tag-mista-ostaa-apaan-verkossa","11":"product_tag-osta-apaan-verkosta","12":"product_tag-tilaa-apaan-hyvilla-hinnoilla","14":"first","15":"instock","16":"shipping-taxable","17":"purchasable","18":"product-type-variable","19":"has-default-attributes"},"yoast_head":"<!-- This site is optimized with the Yoast SEO Premium plugin v20.6 (Yoast SEO v27.4) - https:\/\/yoast.com\/product\/yoast-seo-premium-wordpress\/ -->\n<title>Tilaa APAAN verkosta | APAAN myyt\u00e4v\u00e4n\u00e4 | Osta halvalla APAAN<\/title>\n<meta name=\"description\" content=\"Tilaa APAAN verkosta, olemme luotettava ja luotettava APAAN-toimittaja, nopealla toimituksella 100% taattu ja luotettava. Osta halvalla APAAN verkosta.\" \/>\n<meta name=\"robots\" content=\"index, follow, max-snippet:-1, max-image-preview:large, max-video-preview:-1\" \/>\n<link rel=\"canonical\" href=\"https:\/\/gooddealersmeds.com\/fi\/product\/tilaa-apaan-alfa-fenyyliasetoasetonitriili-verkosta\/\" \/>\n<meta property=\"og:locale\" content=\"en_US\" \/>\n<meta property=\"og:type\" content=\"article\" \/>\n<meta property=\"og:title\" content=\"Tilaa APAAN (alfa-fenyyliasetoasetonitriili) verkosta\" \/>\n<meta property=\"og:description\" content=\"Tilaa APAAN verkosta, olemme luotettava ja luotettava APAAN-toimittaja, nopealla toimituksella 100% taattu ja luotettava. Osta halvalla APAAN verkosta.\" \/>\n<meta property=\"og:url\" content=\"https:\/\/gooddealersmeds.com\/fi\/product\/tilaa-apaan-alfa-fenyyliasetoasetonitriili-verkosta\/\" \/>\n<meta property=\"og:site_name\" content=\"Good Dealers Meds\" \/>\n<meta property=\"article:modified_time\" content=\"2023-03-12T23:19:20+00:00\" \/>\n<meta property=\"og:image\" content=\"https:\/\/gooddealersmeds.com\/fi\/wp-content\/uploads\/sites\/6\/2023\/01\/apaan.jpg\" \/>\n\t<meta property=\"og:image:width\" content=\"600\" \/>\n\t<meta property=\"og:image:height\" content=\"600\" \/>\n\t<meta property=\"og:image:type\" content=\"image\/jpeg\" \/>\n<meta name=\"twitter:card\" content=\"summary_large_image\" \/>\n<meta name=\"twitter:label1\" content=\"Est. reading time\" \/>\n\t<meta name=\"twitter:data1\" content=\"2 minutes\" \/>\n<script type=\"application\/ld+json\" class=\"yoast-schema-graph\">{\"@context\":\"https:\\\/\\\/schema.org\",\"@graph\":[{\"@type\":\"WebPage\",\"@id\":\"https:\\\/\\\/gooddealersmeds.com\\\/fi\\\/product\\\/tilaa-apaan-alfa-fenyyliasetoasetonitriili-verkosta\\\/\",\"url\":\"https:\\\/\\\/gooddealersmeds.com\\\/fi\\\/product\\\/tilaa-apaan-alfa-fenyyliasetoasetonitriili-verkosta\\\/\",\"name\":\"Tilaa APAAN verkosta | APAAN myyt\u00e4v\u00e4n\u00e4 | Osta halvalla APAAN\",\"isPartOf\":{\"@id\":\"https:\\\/\\\/gooddealersmeds.com\\\/fi\\\/#website\"},\"primaryImageOfPage\":{\"@id\":\"https:\\\/\\\/gooddealersmeds.com\\\/fi\\\/product\\\/tilaa-apaan-alfa-fenyyliasetoasetonitriili-verkosta\\\/#primaryimage\"},\"image\":{\"@id\":\"https:\\\/\\\/gooddealersmeds.com\\\/fi\\\/product\\\/tilaa-apaan-alfa-fenyyliasetoasetonitriili-verkosta\\\/#primaryimage\"},\"thumbnailUrl\":\"https:\\\/\\\/gooddealersmeds.com\\\/fi\\\/wp-content\\\/uploads\\\/sites\\\/6\\\/2023\\\/01\\\/apaan.jpg\",\"datePublished\":\"2023-01-08T19:04:15+00:00\",\"dateModified\":\"2023-03-12T23:19:20+00:00\",\"description\":\"Tilaa APAAN verkosta, olemme luotettava ja luotettava APAAN-toimittaja, nopealla toimituksella 100% taattu ja luotettava. Osta halvalla APAAN verkosta.\",\"breadcrumb\":{\"@id\":\"https:\\\/\\\/gooddealersmeds.com\\\/fi\\\/product\\\/tilaa-apaan-alfa-fenyyliasetoasetonitriili-verkosta\\\/#breadcrumb\"},\"inLanguage\":\"en-US\",\"potentialAction\":[{\"@type\":\"ReadAction\",\"target\":[\"https:\\\/\\\/gooddealersmeds.com\\\/fi\\\/product\\\/tilaa-apaan-alfa-fenyyliasetoasetonitriili-verkosta\\\/\"]}]},{\"@type\":\"ImageObject\",\"inLanguage\":\"en-US\",\"@id\":\"https:\\\/\\\/gooddealersmeds.com\\\/fi\\\/product\\\/tilaa-apaan-alfa-fenyyliasetoasetonitriili-verkosta\\\/#primaryimage\",\"url\":\"https:\\\/\\\/gooddealersmeds.com\\\/fi\\\/wp-content\\\/uploads\\\/sites\\\/6\\\/2023\\\/01\\\/apaan.jpg\",\"contentUrl\":\"https:\\\/\\\/gooddealersmeds.com\\\/fi\\\/wp-content\\\/uploads\\\/sites\\\/6\\\/2023\\\/01\\\/apaan.jpg\",\"width\":600,\"height\":600},{\"@type\":\"BreadcrumbList\",\"@id\":\"https:\\\/\\\/gooddealersmeds.com\\\/fi\\\/product\\\/tilaa-apaan-alfa-fenyyliasetoasetonitriili-verkosta\\\/#breadcrumb\",\"itemListElement\":[{\"@type\":\"ListItem\",\"position\":1,\"name\":\"Home\",\"item\":\"https:\\\/\\\/gooddealersmeds.com\\\/fi\\\/\"},{\"@type\":\"ListItem\",\"position\":2,\"name\":\"Tuotteet\",\"item\":\"https:\\\/\\\/gooddealersmeds.com\\\/fi\\\/tuotteet\\\/\"},{\"@type\":\"ListItem\",\"position\":3,\"name\":\"Tilaa APAAN (alfa-fenyyliasetoasetonitriili) verkosta\"}]},{\"@type\":\"WebSite\",\"@id\":\"https:\\\/\\\/gooddealersmeds.com\\\/fi\\\/#website\",\"url\":\"https:\\\/\\\/gooddealersmeds.com\\\/fi\\\/\",\"name\":\"Good Dealers Meds\",\"description\":\"All our best\",\"publisher\":{\"@id\":\"https:\\\/\\\/gooddealersmeds.com\\\/fi\\\/#organization\"},\"potentialAction\":[{\"@type\":\"SearchAction\",\"target\":{\"@type\":\"EntryPoint\",\"urlTemplate\":\"https:\\\/\\\/gooddealersmeds.com\\\/fi\\\/?s={search_term_string}\"},\"query-input\":{\"@type\":\"PropertyValueSpecification\",\"valueRequired\":true,\"valueName\":\"search_term_string\"}}],\"inLanguage\":\"en-US\"},{\"@type\":\"Organization\",\"@id\":\"https:\\\/\\\/gooddealersmeds.com\\\/fi\\\/#organization\",\"name\":\"Good Dealers Meds\",\"url\":\"https:\\\/\\\/gooddealersmeds.com\\\/fi\\\/\",\"logo\":{\"@type\":\"ImageObject\",\"inLanguage\":\"en-US\",\"@id\":\"https:\\\/\\\/gooddealersmeds.com\\\/fi\\\/#\\\/schema\\\/logo\\\/image\\\/\",\"url\":\"https:\\\/\\\/gooddealersmeds.com\\\/fi\\\/wp-content\\\/uploads\\\/sites\\\/6\\\/2022\\\/03\\\/gooddealersmeds__logo__20220317T222800Z.00.png\",\"contentUrl\":\"https:\\\/\\\/gooddealersmeds.com\\\/fi\\\/wp-content\\\/uploads\\\/sites\\\/6\\\/2022\\\/03\\\/gooddealersmeds__logo__20220317T222800Z.00.png\",\"width\":500,\"height\":325,\"caption\":\"Good Dealers Meds\"},\"image\":{\"@id\":\"https:\\\/\\\/gooddealersmeds.com\\\/fi\\\/#\\\/schema\\\/logo\\\/image\\\/\"}}]}<\/script>\n<!-- \/ Yoast SEO Premium plugin. -->","yoast_head_json":{"title":"Tilaa APAAN verkosta | APAAN myyt\u00e4v\u00e4n\u00e4 | Osta halvalla APAAN","description":"Tilaa APAAN verkosta, olemme luotettava ja luotettava APAAN-toimittaja, nopealla toimituksella 100% taattu ja luotettava. Osta halvalla APAAN verkosta.","robots":{"index":"index","follow":"follow","max-snippet":"max-snippet:-1","max-image-preview":"max-image-preview:large","max-video-preview":"max-video-preview:-1"},"canonical":"https:\/\/gooddealersmeds.com\/fi\/product\/tilaa-apaan-alfa-fenyyliasetoasetonitriili-verkosta\/","og_locale":"en_US","og_type":"article","og_title":"Tilaa APAAN (alfa-fenyyliasetoasetonitriili) verkosta","og_description":"Tilaa APAAN verkosta, olemme luotettava ja luotettava APAAN-toimittaja, nopealla toimituksella 100% taattu ja luotettava. Osta halvalla APAAN verkosta.","og_url":"https:\/\/gooddealersmeds.com\/fi\/product\/tilaa-apaan-alfa-fenyyliasetoasetonitriili-verkosta\/","og_site_name":"Good Dealers Meds","article_modified_time":"2023-03-12T23:19:20+00:00","og_image":[{"width":600,"height":600,"url":"https:\/\/gooddealersmeds.com\/fi\/wp-content\/uploads\/sites\/6\/2023\/01\/apaan.jpg","type":"image\/jpeg"}],"twitter_card":"summary_large_image","twitter_misc":{"Est. reading time":"2 minutes"},"schema":{"@context":"https:\/\/schema.org","@graph":[{"@type":"WebPage","@id":"https:\/\/gooddealersmeds.com\/fi\/product\/tilaa-apaan-alfa-fenyyliasetoasetonitriili-verkosta\/","url":"https:\/\/gooddealersmeds.com\/fi\/product\/tilaa-apaan-alfa-fenyyliasetoasetonitriili-verkosta\/","name":"Tilaa APAAN verkosta | APAAN myyt\u00e4v\u00e4n\u00e4 | Osta halvalla APAAN","isPartOf":{"@id":"https:\/\/gooddealersmeds.com\/fi\/#website"},"primaryImageOfPage":{"@id":"https:\/\/gooddealersmeds.com\/fi\/product\/tilaa-apaan-alfa-fenyyliasetoasetonitriili-verkosta\/#primaryimage"},"image":{"@id":"https:\/\/gooddealersmeds.com\/fi\/product\/tilaa-apaan-alfa-fenyyliasetoasetonitriili-verkosta\/#primaryimage"},"thumbnailUrl":"https:\/\/gooddealersmeds.com\/fi\/wp-content\/uploads\/sites\/6\/2023\/01\/apaan.jpg","datePublished":"2023-01-08T19:04:15+00:00","dateModified":"2023-03-12T23:19:20+00:00","description":"Tilaa APAAN verkosta, olemme luotettava ja luotettava APAAN-toimittaja, nopealla toimituksella 100% taattu ja luotettava. Osta halvalla APAAN verkosta.","breadcrumb":{"@id":"https:\/\/gooddealersmeds.com\/fi\/product\/tilaa-apaan-alfa-fenyyliasetoasetonitriili-verkosta\/#breadcrumb"},"inLanguage":"en-US","potentialAction":[{"@type":"ReadAction","target":["https:\/\/gooddealersmeds.com\/fi\/product\/tilaa-apaan-alfa-fenyyliasetoasetonitriili-verkosta\/"]}]},{"@type":"ImageObject","inLanguage":"en-US","@id":"https:\/\/gooddealersmeds.com\/fi\/product\/tilaa-apaan-alfa-fenyyliasetoasetonitriili-verkosta\/#primaryimage","url":"https:\/\/gooddealersmeds.com\/fi\/wp-content\/uploads\/sites\/6\/2023\/01\/apaan.jpg","contentUrl":"https:\/\/gooddealersmeds.com\/fi\/wp-content\/uploads\/sites\/6\/2023\/01\/apaan.jpg","width":600,"height":600},{"@type":"BreadcrumbList","@id":"https:\/\/gooddealersmeds.com\/fi\/product\/tilaa-apaan-alfa-fenyyliasetoasetonitriili-verkosta\/#breadcrumb","itemListElement":[{"@type":"ListItem","position":1,"name":"Home","item":"https:\/\/gooddealersmeds.com\/fi\/"},{"@type":"ListItem","position":2,"name":"Tuotteet","item":"https:\/\/gooddealersmeds.com\/fi\/tuotteet\/"},{"@type":"ListItem","position":3,"name":"Tilaa APAAN (alfa-fenyyliasetoasetonitriili) verkosta"}]},{"@type":"WebSite","@id":"https:\/\/gooddealersmeds.com\/fi\/#website","url":"https:\/\/gooddealersmeds.com\/fi\/","name":"Good Dealers Meds","description":"All our best","publisher":{"@id":"https:\/\/gooddealersmeds.com\/fi\/#organization"},"potentialAction":[{"@type":"SearchAction","target":{"@type":"EntryPoint","urlTemplate":"https:\/\/gooddealersmeds.com\/fi\/?s={search_term_string}"},"query-input":{"@type":"PropertyValueSpecification","valueRequired":true,"valueName":"search_term_string"}}],"inLanguage":"en-US"},{"@type":"Organization","@id":"https:\/\/gooddealersmeds.com\/fi\/#organization","name":"Good Dealers Meds","url":"https:\/\/gooddealersmeds.com\/fi\/","logo":{"@type":"ImageObject","inLanguage":"en-US","@id":"https:\/\/gooddealersmeds.com\/fi\/#\/schema\/logo\/image\/","url":"https:\/\/gooddealersmeds.com\/fi\/wp-content\/uploads\/sites\/6\/2022\/03\/gooddealersmeds__logo__20220317T222800Z.00.png","contentUrl":"https:\/\/gooddealersmeds.com\/fi\/wp-content\/uploads\/sites\/6\/2022\/03\/gooddealersmeds__logo__20220317T222800Z.00.png","width":500,"height":325,"caption":"Good Dealers Meds"},"image":{"@id":"https:\/\/gooddealersmeds.com\/fi\/#\/schema\/logo\/image\/"}}]}},"_links":{"self":[{"href":"https:\/\/gooddealersmeds.com\/fi\/wp-json\/wp\/v2\/product\/2218","targetHints":{"allow":["GET"]}}],"collection":[{"href":"https:\/\/gooddealersmeds.com\/fi\/wp-json\/wp\/v2\/product"}],"about":[{"href":"https:\/\/gooddealersmeds.com\/fi\/wp-json\/wp\/v2\/types\/product"}],"replies":[{"embeddable":true,"href":"https:\/\/gooddealersmeds.com\/fi\/wp-json\/wp\/v2\/comments?post=2218"}],"wp:featuredmedia":[{"embeddable":true,"href":"https:\/\/gooddealersmeds.com\/fi\/wp-json\/wp\/v2\/media\/2248"}],"wp:attachment":[{"href":"https:\/\/gooddealersmeds.com\/fi\/wp-json\/wp\/v2\/media?parent=2218"}],"wp:term":[{"taxonomy":"product_brand","embeddable":true,"href":"https:\/\/gooddealersmeds.com\/fi\/wp-json\/wp\/v2\/product_brand?post=2218"},{"taxonomy":"product_cat","embeddable":true,"href":"https:\/\/gooddealersmeds.com\/fi\/wp-json\/wp\/v2\/product_cat?post=2218"},{"taxonomy":"product_tag","embeddable":true,"href":"https:\/\/gooddealersmeds.com\/fi\/wp-json\/wp\/v2\/product_tag?post=2218"}],"curies":[{"name":"wp","href":"https:\/\/api.w.org\/{rel}","templated":true}]}}