{"id":2217,"date":"2023-01-08T19:04:14","date_gmt":"2023-01-08T19:04:14","guid":{"rendered":"https:\/\/gooddealersmeds.com\/fi\/?post_type=product&#038;p=2217"},"modified":"2023-03-13T00:04:12","modified_gmt":"2023-03-13T00:04:12","slug":"fenyyliasetoni-nestetta-myytavana","status":"publish","type":"product","link":"https:\/\/gooddealersmeds.com\/fi\/product\/fenyyliasetoni-nestetta-myytavana\/","title":{"rendered":"Fenyyliasetoni nestett\u00e4 myyt\u00e4v\u00e4n\u00e4"},"content":{"rendered":"<h2>Osta fenyyliasetonia verkosta \u2013 Fenyyliasetoni nestett\u00e4 myyt\u00e4v\u00e4n\u00e4<\/h2>\n<p>Bentsyylimetyyliketoni (<a href=\"https:\/\/gooddealersmeds.com\/fi\/product\/fenyyliasetoni-nestetta-myytavana\/\">fenyyliasetoni<\/a>) on orgaaninen yhdiste, jonka kemiallinen kaava on C6H5CH2COCH3. Fenyyliasetoni nestett\u00e4 myyt\u00e4v\u00e4n\u00e4, se on my\u00f6s v\u00e4rit\u00f6n \u00f6ljy, joka liukenee orgaanisiin liuottimiin. Lis\u00e4ksi t\u00e4t\u00e4 ainetta k\u00e4ytet\u00e4\u00e4n metamfetamiinin ja amfetamiinin valmistuksessa, jossa se tunnetaan yleisesti nimell\u00e4 <a href=\"https:\/\/en.wikipedia.org\/wiki\/Phenylacetone\">P2P<\/a>. My\u00f6s amfetamiinin ja metamfetamiinin suosituin esiaste on fenyyli-2-propanoni tai fenyyliasetoni. My\u00f6s t\u00e4h\u00e4n yhdisteeseen on olemassa h\u00e4mm\u00e4stytt\u00e4v\u00e4 valikoima synteettisi\u00e4 reittej\u00e4, sek\u00e4 yhdisteen suhteellisen yksinkertaisen rakenteen ett\u00e4 my\u00f6s sen suosion vuoksi. Lopuksi monia synteesej\u00e4 voidaan my\u00f6s s\u00e4\u00e4t\u00e4\u00e4 substituoitujen fenyyli-2-propanonien, kuten yh\u00e4 suositun MDMA-prekursorin MDP2P:n (3,4-metyleenidioksifenyyli-2-propanoni) tuottamiseksi, k\u00e4ytt\u00e4m\u00e4ll\u00e4 l\u00e4ht\u00f6aineita, joissa on toivottuja aromaattisia substituentteja.<\/p>\n<p>Fenyyliasetoni tilaus<br \/>\nMist\u00e4 voin ostaa fenyyliasetonia<br \/>\nFenyyliasetonia myyt\u00e4v\u00e4n\u00e4<br \/>\nFenyyliasetoni<br \/>\nOsta fenyyliasetonia verkosta<br \/>\nOsta fenyyliasetonia t\u00e4\u00e4lt\u00e4<br \/>\ntilaa fenyyliasetonia verkosta<br \/>\nEdullinen fenyyliasetoni myyt\u00e4v\u00e4n\u00e4<br \/>\nFenyyliasetoni t\u00e4\u00e4ll\u00e4<br \/>\nFenyyliasetoni l\u00e4hell\u00e4ni<br \/>\nFenyyliasetoni mist\u00e4 tilata<br \/>\nFenyyliasetonin jakelija<br \/>\nFenyyliasetonin tilaaminen verkosta<br \/>\nFenyyliasetonin ostaminen verkosta<br \/>\non fenyyliasetoni laillista<br \/>\nLaillinen fenyyliasetonin toimittaja<\/p>\n<p>&nbsp;<\/p>\n<p>Olemme avainasemassa tarjoamaan arvokkaille asiakkaillemme laadukasta fenyyliasetonia, joka on saatavana seuraavilla eritelmill\u00e4: &#8211;<br \/>\nCAS:103-79-7<br \/>\nMolekyylikaava: C9H10O<br \/>\nKaavapaino: 134,18<\/p>\n<p>Kun 2-nitro-1-fenyylipropaania k\u00e4siteltiin kanin maksan mikrosomeilla, havaittiin, ett\u00e4 fenyyliasetoni oli p\u00e4\u00e4asiallinen tuotettu metaboliitti. Mikrosomaalisen proteiinin sis\u00e4lt\u00e4v\u00e4n tuotteen lis\u00e4\u00e4ntyminen ja riippuvuus NADPH:sta ja hapesta toimi todisteena siit\u00e4, ett\u00e4 prosessi oli entsymaattinen. Lis\u00e4ksi fenobarbitaali-induktio lis\u00e4si merkitt\u00e4v\u00e4sti fenyyliasetonin tuotantoa. Prosessi esti hiilimonoksidilla, mik\u00e4 osoitti metalloentsyymin l\u00e4sn\u00e4olon. H2(18)O-kokeet osoittivat, ett\u00e4 karbonyylihappi tuli vedest\u00e4. Oletetaan, ett\u00e4 entsymaattinen prosessi edelt\u00e4\u00e4 v\u00e4lituotteen, luultavasti sekundaarisen nitronihapon kemiallista hydrolyysi\u00e4 2-nitro-1-fenyylipropaanin mikrosomaalisessa metaboliassa.<\/p>\n","protected":false},"excerpt":{"rendered":"<p>Olemme parhaat fenyyliasetonin toimittajat edulliseen hintaan ja takaamme toimituksen. Tilaa parasta laatua, fenyyliasetoninestett\u00e4 myyt\u00e4v\u00e4n\u00e4.<\/p>\n","protected":false},"featured_media":2247,"comment_status":"open","ping_status":"closed","template":"","meta":{"inline_featured_image":false},"product_brand":[],"product_cat":[344],"product_tag":[655,658,656,664,657,662,663,661,653,665,666,667,651,652,648,649,650,621,659,654,660],"class_list":{"0":"post-2217","1":"product","2":"type-product","3":"status-publish","4":"has-post-thumbnail","6":"product_cat-tutkimuskemikaalit","7":"product_tag-fenyyliasetoni-ja-metyyliamiini","8":"product_tag-fenyyliasetoni-myytavana","9":"product_tag-fenyyliasetoni-osta","10":"product_tag-fenyyliasetonia-metiin","11":"product_tag-fenyyliasetonikide","12":"product_tag-fenyyliasetonin-hinta","13":"product_tag-fenyyliasetonin-toimittajat","14":"product_tag-fenyyliasetonineste-myytavana","15":"product_tag-kuinka-valmistaa-fenyyliasetonia","16":"product_tag-mika-on-fenyyliasetoni","17":"product_tag-mista-voin-ostaa-fenyyliasetonia","18":"product_tag-mista-voin-tilata-fenyyliasetonia","19":"product_tag-miten-saada-fenyyliasetonia","20":"product_tag-miten-valmistaa-fenyyliasetonia","21":"product_tag-osta-fenyyliasetoni","22":"product_tag-osta-fenyyliasetonikide","23":"product_tag-osta-fenyyliasetonineste","24":"product_tag-p2p","25":"product_tag-phenyyliasetoni","26":"product_tag-tilaa-fenyyliasetonia-verkosta","27":"product_tag-toimittaja-fenyyliasetonineste","29":"first","30":"instock","31":"shipping-taxable","32":"purchasable","33":"product-type-variable","34":"has-default-attributes"},"yoast_head":"<!-- This site is optimized with the Yoast SEO Premium plugin v20.6 (Yoast SEO v27.4) - https:\/\/yoast.com\/product\/yoast-seo-premium-wordpress\/ -->\n<title>Fenyyliasetoni nestett\u00e4 myyt\u00e4v\u00e4n\u00e4 | Osta fenyyliasetonia t\u00e4\u00e4lt\u00e4<\/title>\n<meta name=\"description\" content=\"Olemme parhaat fenyyliasetonin toimittajat edulliseen hintaan ja takaamme toimituksen. Tilaa parasta laatua, Fenyyliasetoni nestett\u00e4 myyt\u00e4v\u00e4n\u00e4.\" \/>\n<meta name=\"robots\" content=\"index, follow, max-snippet:-1, max-image-preview:large, max-video-preview:-1\" \/>\n<link rel=\"canonical\" href=\"https:\/\/gooddealersmeds.com\/fi\/product\/fenyyliasetoni-nestetta-myytavana\/\" \/>\n<meta property=\"og:locale\" content=\"en_US\" \/>\n<meta property=\"og:type\" content=\"article\" \/>\n<meta property=\"og:title\" content=\"Fenyyliasetoni nestett\u00e4 myyt\u00e4v\u00e4n\u00e4\" \/>\n<meta property=\"og:description\" content=\"Olemme parhaat fenyyliasetonin toimittajat edulliseen hintaan ja takaamme toimituksen. Tilaa parasta laatua, Fenyyliasetoni nestett\u00e4 myyt\u00e4v\u00e4n\u00e4.\" \/>\n<meta property=\"og:url\" content=\"https:\/\/gooddealersmeds.com\/fi\/product\/fenyyliasetoni-nestetta-myytavana\/\" \/>\n<meta property=\"og:site_name\" content=\"Good Dealers Meds\" \/>\n<meta property=\"article:modified_time\" content=\"2023-03-13T00:04:12+00:00\" \/>\n<meta property=\"og:image\" content=\"https:\/\/gooddealersmeds.com\/fi\/wp-content\/uploads\/sites\/6\/2023\/01\/Phenylacetone-Liquid.jpg\" \/>\n\t<meta property=\"og:image:width\" content=\"600\" \/>\n\t<meta property=\"og:image:height\" content=\"600\" \/>\n\t<meta property=\"og:image:type\" content=\"image\/jpeg\" \/>\n<meta name=\"twitter:card\" content=\"summary_large_image\" \/>\n<meta name=\"twitter:label1\" content=\"Est. reading time\" \/>\n\t<meta name=\"twitter:data1\" content=\"1 minute\" \/>\n<script type=\"application\/ld+json\" class=\"yoast-schema-graph\">{\"@context\":\"https:\\\/\\\/schema.org\",\"@graph\":[{\"@type\":\"WebPage\",\"@id\":\"https:\\\/\\\/gooddealersmeds.com\\\/fi\\\/product\\\/fenyyliasetoni-nestetta-myytavana\\\/\",\"url\":\"https:\\\/\\\/gooddealersmeds.com\\\/fi\\\/product\\\/fenyyliasetoni-nestetta-myytavana\\\/\",\"name\":\"Fenyyliasetoni nestett\u00e4 myyt\u00e4v\u00e4n\u00e4 | Osta fenyyliasetonia t\u00e4\u00e4lt\u00e4\",\"isPartOf\":{\"@id\":\"https:\\\/\\\/gooddealersmeds.com\\\/fi\\\/#website\"},\"primaryImageOfPage\":{\"@id\":\"https:\\\/\\\/gooddealersmeds.com\\\/fi\\\/product\\\/fenyyliasetoni-nestetta-myytavana\\\/#primaryimage\"},\"image\":{\"@id\":\"https:\\\/\\\/gooddealersmeds.com\\\/fi\\\/product\\\/fenyyliasetoni-nestetta-myytavana\\\/#primaryimage\"},\"thumbnailUrl\":\"https:\\\/\\\/gooddealersmeds.com\\\/fi\\\/wp-content\\\/uploads\\\/sites\\\/6\\\/2023\\\/01\\\/Phenylacetone-Liquid.jpg\",\"datePublished\":\"2023-01-08T19:04:14+00:00\",\"dateModified\":\"2023-03-13T00:04:12+00:00\",\"description\":\"Olemme parhaat fenyyliasetonin toimittajat edulliseen hintaan ja takaamme toimituksen. Tilaa parasta laatua, Fenyyliasetoni nestett\u00e4 myyt\u00e4v\u00e4n\u00e4.\",\"breadcrumb\":{\"@id\":\"https:\\\/\\\/gooddealersmeds.com\\\/fi\\\/product\\\/fenyyliasetoni-nestetta-myytavana\\\/#breadcrumb\"},\"inLanguage\":\"en-US\",\"potentialAction\":[{\"@type\":\"ReadAction\",\"target\":[\"https:\\\/\\\/gooddealersmeds.com\\\/fi\\\/product\\\/fenyyliasetoni-nestetta-myytavana\\\/\"]}]},{\"@type\":\"ImageObject\",\"inLanguage\":\"en-US\",\"@id\":\"https:\\\/\\\/gooddealersmeds.com\\\/fi\\\/product\\\/fenyyliasetoni-nestetta-myytavana\\\/#primaryimage\",\"url\":\"https:\\\/\\\/gooddealersmeds.com\\\/fi\\\/wp-content\\\/uploads\\\/sites\\\/6\\\/2023\\\/01\\\/Phenylacetone-Liquid.jpg\",\"contentUrl\":\"https:\\\/\\\/gooddealersmeds.com\\\/fi\\\/wp-content\\\/uploads\\\/sites\\\/6\\\/2023\\\/01\\\/Phenylacetone-Liquid.jpg\",\"width\":600,\"height\":600},{\"@type\":\"BreadcrumbList\",\"@id\":\"https:\\\/\\\/gooddealersmeds.com\\\/fi\\\/product\\\/fenyyliasetoni-nestetta-myytavana\\\/#breadcrumb\",\"itemListElement\":[{\"@type\":\"ListItem\",\"position\":1,\"name\":\"Home\",\"item\":\"https:\\\/\\\/gooddealersmeds.com\\\/fi\\\/\"},{\"@type\":\"ListItem\",\"position\":2,\"name\":\"Tuotteet\",\"item\":\"https:\\\/\\\/gooddealersmeds.com\\\/fi\\\/tuotteet\\\/\"},{\"@type\":\"ListItem\",\"position\":3,\"name\":\"Fenyyliasetoni nestett\u00e4 myyt\u00e4v\u00e4n\u00e4\"}]},{\"@type\":\"WebSite\",\"@id\":\"https:\\\/\\\/gooddealersmeds.com\\\/fi\\\/#website\",\"url\":\"https:\\\/\\\/gooddealersmeds.com\\\/fi\\\/\",\"name\":\"Good Dealers Meds\",\"description\":\"All our best\",\"publisher\":{\"@id\":\"https:\\\/\\\/gooddealersmeds.com\\\/fi\\\/#organization\"},\"potentialAction\":[{\"@type\":\"SearchAction\",\"target\":{\"@type\":\"EntryPoint\",\"urlTemplate\":\"https:\\\/\\\/gooddealersmeds.com\\\/fi\\\/?s={search_term_string}\"},\"query-input\":{\"@type\":\"PropertyValueSpecification\",\"valueRequired\":true,\"valueName\":\"search_term_string\"}}],\"inLanguage\":\"en-US\"},{\"@type\":\"Organization\",\"@id\":\"https:\\\/\\\/gooddealersmeds.com\\\/fi\\\/#organization\",\"name\":\"Good Dealers Meds\",\"url\":\"https:\\\/\\\/gooddealersmeds.com\\\/fi\\\/\",\"logo\":{\"@type\":\"ImageObject\",\"inLanguage\":\"en-US\",\"@id\":\"https:\\\/\\\/gooddealersmeds.com\\\/fi\\\/#\\\/schema\\\/logo\\\/image\\\/\",\"url\":\"https:\\\/\\\/gooddealersmeds.com\\\/fi\\\/wp-content\\\/uploads\\\/sites\\\/6\\\/2022\\\/03\\\/gooddealersmeds__logo__20220317T222800Z.00.png\",\"contentUrl\":\"https:\\\/\\\/gooddealersmeds.com\\\/fi\\\/wp-content\\\/uploads\\\/sites\\\/6\\\/2022\\\/03\\\/gooddealersmeds__logo__20220317T222800Z.00.png\",\"width\":500,\"height\":325,\"caption\":\"Good Dealers Meds\"},\"image\":{\"@id\":\"https:\\\/\\\/gooddealersmeds.com\\\/fi\\\/#\\\/schema\\\/logo\\\/image\\\/\"}}]}<\/script>\n<!-- \/ Yoast SEO Premium plugin. -->","yoast_head_json":{"title":"Fenyyliasetoni nestett\u00e4 myyt\u00e4v\u00e4n\u00e4 | Osta fenyyliasetonia t\u00e4\u00e4lt\u00e4","description":"Olemme parhaat fenyyliasetonin toimittajat edulliseen hintaan ja takaamme toimituksen. Tilaa parasta laatua, Fenyyliasetoni nestett\u00e4 myyt\u00e4v\u00e4n\u00e4.","robots":{"index":"index","follow":"follow","max-snippet":"max-snippet:-1","max-image-preview":"max-image-preview:large","max-video-preview":"max-video-preview:-1"},"canonical":"https:\/\/gooddealersmeds.com\/fi\/product\/fenyyliasetoni-nestetta-myytavana\/","og_locale":"en_US","og_type":"article","og_title":"Fenyyliasetoni nestett\u00e4 myyt\u00e4v\u00e4n\u00e4","og_description":"Olemme parhaat fenyyliasetonin toimittajat edulliseen hintaan ja takaamme toimituksen. Tilaa parasta laatua, Fenyyliasetoni nestett\u00e4 myyt\u00e4v\u00e4n\u00e4.","og_url":"https:\/\/gooddealersmeds.com\/fi\/product\/fenyyliasetoni-nestetta-myytavana\/","og_site_name":"Good Dealers Meds","article_modified_time":"2023-03-13T00:04:12+00:00","og_image":[{"width":600,"height":600,"url":"https:\/\/gooddealersmeds.com\/fi\/wp-content\/uploads\/sites\/6\/2023\/01\/Phenylacetone-Liquid.jpg","type":"image\/jpeg"}],"twitter_card":"summary_large_image","twitter_misc":{"Est. reading time":"1 minute"},"schema":{"@context":"https:\/\/schema.org","@graph":[{"@type":"WebPage","@id":"https:\/\/gooddealersmeds.com\/fi\/product\/fenyyliasetoni-nestetta-myytavana\/","url":"https:\/\/gooddealersmeds.com\/fi\/product\/fenyyliasetoni-nestetta-myytavana\/","name":"Fenyyliasetoni nestett\u00e4 myyt\u00e4v\u00e4n\u00e4 | Osta fenyyliasetonia t\u00e4\u00e4lt\u00e4","isPartOf":{"@id":"https:\/\/gooddealersmeds.com\/fi\/#website"},"primaryImageOfPage":{"@id":"https:\/\/gooddealersmeds.com\/fi\/product\/fenyyliasetoni-nestetta-myytavana\/#primaryimage"},"image":{"@id":"https:\/\/gooddealersmeds.com\/fi\/product\/fenyyliasetoni-nestetta-myytavana\/#primaryimage"},"thumbnailUrl":"https:\/\/gooddealersmeds.com\/fi\/wp-content\/uploads\/sites\/6\/2023\/01\/Phenylacetone-Liquid.jpg","datePublished":"2023-01-08T19:04:14+00:00","dateModified":"2023-03-13T00:04:12+00:00","description":"Olemme parhaat fenyyliasetonin toimittajat edulliseen hintaan ja takaamme toimituksen. Tilaa parasta laatua, Fenyyliasetoni nestett\u00e4 myyt\u00e4v\u00e4n\u00e4.","breadcrumb":{"@id":"https:\/\/gooddealersmeds.com\/fi\/product\/fenyyliasetoni-nestetta-myytavana\/#breadcrumb"},"inLanguage":"en-US","potentialAction":[{"@type":"ReadAction","target":["https:\/\/gooddealersmeds.com\/fi\/product\/fenyyliasetoni-nestetta-myytavana\/"]}]},{"@type":"ImageObject","inLanguage":"en-US","@id":"https:\/\/gooddealersmeds.com\/fi\/product\/fenyyliasetoni-nestetta-myytavana\/#primaryimage","url":"https:\/\/gooddealersmeds.com\/fi\/wp-content\/uploads\/sites\/6\/2023\/01\/Phenylacetone-Liquid.jpg","contentUrl":"https:\/\/gooddealersmeds.com\/fi\/wp-content\/uploads\/sites\/6\/2023\/01\/Phenylacetone-Liquid.jpg","width":600,"height":600},{"@type":"BreadcrumbList","@id":"https:\/\/gooddealersmeds.com\/fi\/product\/fenyyliasetoni-nestetta-myytavana\/#breadcrumb","itemListElement":[{"@type":"ListItem","position":1,"name":"Home","item":"https:\/\/gooddealersmeds.com\/fi\/"},{"@type":"ListItem","position":2,"name":"Tuotteet","item":"https:\/\/gooddealersmeds.com\/fi\/tuotteet\/"},{"@type":"ListItem","position":3,"name":"Fenyyliasetoni nestett\u00e4 myyt\u00e4v\u00e4n\u00e4"}]},{"@type":"WebSite","@id":"https:\/\/gooddealersmeds.com\/fi\/#website","url":"https:\/\/gooddealersmeds.com\/fi\/","name":"Good Dealers Meds","description":"All our best","publisher":{"@id":"https:\/\/gooddealersmeds.com\/fi\/#organization"},"potentialAction":[{"@type":"SearchAction","target":{"@type":"EntryPoint","urlTemplate":"https:\/\/gooddealersmeds.com\/fi\/?s={search_term_string}"},"query-input":{"@type":"PropertyValueSpecification","valueRequired":true,"valueName":"search_term_string"}}],"inLanguage":"en-US"},{"@type":"Organization","@id":"https:\/\/gooddealersmeds.com\/fi\/#organization","name":"Good Dealers Meds","url":"https:\/\/gooddealersmeds.com\/fi\/","logo":{"@type":"ImageObject","inLanguage":"en-US","@id":"https:\/\/gooddealersmeds.com\/fi\/#\/schema\/logo\/image\/","url":"https:\/\/gooddealersmeds.com\/fi\/wp-content\/uploads\/sites\/6\/2022\/03\/gooddealersmeds__logo__20220317T222800Z.00.png","contentUrl":"https:\/\/gooddealersmeds.com\/fi\/wp-content\/uploads\/sites\/6\/2022\/03\/gooddealersmeds__logo__20220317T222800Z.00.png","width":500,"height":325,"caption":"Good Dealers Meds"},"image":{"@id":"https:\/\/gooddealersmeds.com\/fi\/#\/schema\/logo\/image\/"}}]}},"_links":{"self":[{"href":"https:\/\/gooddealersmeds.com\/fi\/wp-json\/wp\/v2\/product\/2217","targetHints":{"allow":["GET"]}}],"collection":[{"href":"https:\/\/gooddealersmeds.com\/fi\/wp-json\/wp\/v2\/product"}],"about":[{"href":"https:\/\/gooddealersmeds.com\/fi\/wp-json\/wp\/v2\/types\/product"}],"replies":[{"embeddable":true,"href":"https:\/\/gooddealersmeds.com\/fi\/wp-json\/wp\/v2\/comments?post=2217"}],"wp:featuredmedia":[{"embeddable":true,"href":"https:\/\/gooddealersmeds.com\/fi\/wp-json\/wp\/v2\/media\/2247"}],"wp:attachment":[{"href":"https:\/\/gooddealersmeds.com\/fi\/wp-json\/wp\/v2\/media?parent=2217"}],"wp:term":[{"taxonomy":"product_brand","embeddable":true,"href":"https:\/\/gooddealersmeds.com\/fi\/wp-json\/wp\/v2\/product_brand?post=2217"},{"taxonomy":"product_cat","embeddable":true,"href":"https:\/\/gooddealersmeds.com\/fi\/wp-json\/wp\/v2\/product_cat?post=2217"},{"taxonomy":"product_tag","embeddable":true,"href":"https:\/\/gooddealersmeds.com\/fi\/wp-json\/wp\/v2\/product_tag?post=2217"}],"curies":[{"name":"wp","href":"https:\/\/api.w.org\/{rel}","templated":true}]}}